{"id":9273,"date":"2025-05-20T17:46:27","date_gmt":"2025-05-20T17:46:27","guid":{"rendered":"https:\/\/electricstore.eu\/p\/uncategorized\/fossibot-f1200-portable-power-station-fossibot-sp200-foldable-solar-panel-1024wh-capacity-1200w-rated-power-7-output-ports\/"},"modified":"2025-05-20T17:47:25","modified_gmt":"2025-05-20T17:47:25","slug":"fossibot-f1200-portable-power-station-fossibot-sp200-foldable-solar-panel-1024wh-capacity-1200w-rated-power-7-output-ports","status":"publish","type":"product","link":"https:\/\/electricstore.eu\/pl\/p\/batteries\/foldable-solar-panels\/fossibot-f1200-portable-power-station-fossibot-sp200-foldable-solar-panel-1024wh-capacity-1200w-rated-power-7-output-ports\/","title":{"rendered":"Przeno\u015bna elektrownia FOSSiBOT F1200 + sk\u0142adany panel s\u0142oneczny FOSSiBOT SP200, pojemno\u015b\u0107 1024 Wh, moc znamionowa 1200 W, 7 port\u00f3w wyj\u015bciowych"},"content":{"rendered":"<div class=\"product-specs-list-container\">\n<ul class=\"product-specs-list util-clearfix\">\n<li class=\"product-prop line-limit-length\"><span\n                                        class=\"property-title\">Ekran wy\u015bwietlacza:&nbsp;<\/span><span\n                                        class=\"property-desc line-limit-length\">Tak<\/span>\n                            <\/li>\n<li class=\"product-prop line-limit-length\"><span\n                                        class=\"property-title\">Pojemno\u015b\u0107 nominalna:&nbsp;<\/span><span\n                                        class=\"property-desc line-limit-length\">&gt;3500mAh<\/span>\n                            <\/li>\n<li class=\"product-prop line-limit-length\"><span\n                                        class=\"property-title\">Numer modelu:&nbsp;<\/span><span\n                                        class=\"property-desc line-limit-length\">F1200<\/span>\n                            <\/li>\n<li class=\"product-prop line-limit-length\"><span\n                                        class=\"property-title\">Typ:&nbsp;<\/span><span\n                                        class=\"property-desc line-limit-length\">LiFePO4<\/span>\n                            <\/li>\n<li class=\"product-prop line-limit-length\"><span\n                                        class=\"property-title\">Sk\u0142ada\u0107 czcionki do druku:&nbsp;<\/span><span\n                                        class=\"property-desc line-limit-length\">Zestawy \u0142aduj\u0105ce<\/span>\n                            <\/li>\n<\/ul><\/div>\n<div class=\"detailmodule_dynamic\"><kse:widget data-widget-type=\"customText\" id=\"1005000009406803\" type=\"relation\"><\/kse:widget><\/div>\n<div class=\"detailmodule_html\">\n<div class=\"detail-desc-decorate-richtext\">\n<p><\/p>\n<div style=\"background-color:rgb(240, 234, 255);margin:20px 0px 10px;margin-bottom:10px;margin-top:20px;margin-left:0px;margin-right:0px;width:100%;height:34px\"><span style=\"background-color:rgb(55, 139, 238);color:rgb(255, 255, 255);font-size:24px;font-family:Verdana, Arial\">Przegl\u0105d najwa\u017cniejszych wydarze\u0144<\/span><\/div>\n<div class=\"detailmodule_text\">\n<div><span style=\"font-size:16px;font-family:arial, helvetica, sans-serif\">1, 1024Wh Capacity &amp; 1200W Rated Power;<\/span><\/div>\n<div><span style=\"font-size:16px;font-family:arial, helvetica, sans-serif\">2, High-capacity LiFePO4 Battery;<\/span><\/div>\n<div><span style=\"font-size:16px;font-family:arial, helvetica, sans-serif\">3, BMS Protection;<\/span><\/div>\n<div><span style=\"font-size:16px;font-family:arial, helvetica, sans-serif\">4, &lt;10ms Switchover Time;<\/span><\/div>\n<div><span style=\"font-size:16px;font-family:arial, helvetica, sans-serif\">5, 5 Gears of Charging Speed Adjustment;<\/span><\/div>\n<div><span style=\"font-size:16px;font-family:arial, helvetica, sans-serif\">6, Pure Sine Wave;<\/span><\/div>\n<div><span style=\"font-size:16px;font-family:arial, helvetica, sans-serif\">7, Portable &amp; Easy to Carry.<\/span><\/div>\n<\/div>\n<div style=\"background-color:rgb(240, 234, 255);margin:20px 0px 10px;margin-bottom:10px;margin-top:20px;margin-left:0px;margin-right:0px;width:100%;height:34px\"><span style=\"background-color:rgb(55, 139, 238);color:rgb(255, 255, 255);font-size:24px;font-family:Verdana, Arial\">Szczeg\u00f3\u0142y produktu<\/span><\/div>\n<p><img decoding=\"async\" src=\"https:\/\/ae01.alicdn.com\/kf\/Sedb02c14545045b7b00029428a483f34P.jpg\" slate-data-type=\"image\"\/><img decoding=\"async\" src=\"https:\/\/ae01.alicdn.com\/kf\/S6a668d5322e349c08df88e37de59fd13R.gif\" slate-data-type=\"image\"\/><img decoding=\"async\" src=\"https:\/\/ae01.alicdn.com\/kf\/S807422bbfc1a482ea86b484c88753833g.jpg\" slate-data-type=\"image\"\/><img decoding=\"async\" src=\"https:\/\/ae01.alicdn.com\/kf\/S00467daa8af449518ec4640482bea3d2x.jpg\" slate-data-type=\"image\"\/><img decoding=\"async\" src=\"https:\/\/ae01.alicdn.com\/kf\/Safbac4926eba46879279ad36be62f6739.jpg\" slate-data-type=\"image\"\/><img decoding=\"async\" src=\"https:\/\/ae01.alicdn.com\/kf\/S39add70ac8b54f3d9f25a553e0d5d823f.jpg\" slate-data-type=\"image\"\/><img decoding=\"async\" src=\"https:\/\/ae01.alicdn.com\/kf\/Sa78ee15732534a048719666295c67664b.jpg\" slate-data-type=\"image\"\/><img decoding=\"async\" src=\"https:\/\/ae01.alicdn.com\/kf\/S49d1f06e994e4564adbf12897f188767p.jpg\" slate-data-type=\"image\"\/><img decoding=\"async\" src=\"https:\/\/ae01.alicdn.com\/kf\/Scce8b9c2cadb48efbcf3f155f3e13418k.jpg\" slate-data-type=\"image\"\/><img decoding=\"async\" src=\"https:\/\/ae01.alicdn.com\/kf\/Sf352c460d06f4e9aa1176c8158dfb3eee.jpg\" slate-data-type=\"image\"\/><img decoding=\"async\" src=\"https:\/\/ae01.alicdn.com\/kf\/Se8bc6cbf7db8446b9ad34947826323cac.jpg\" slate-data-type=\"image\"\/><img decoding=\"async\" src=\"https:\/\/ae01.alicdn.com\/kf\/S3566469bc17c41af8a9cf151581f10acX.jpg\" slate-data-type=\"image\"\/><img decoding=\"async\" src=\"https:\/\/ae01.alicdn.com\/kf\/S78fda35256f14043a82e915e77d4069dk.jpg\" slate-data-type=\"image\"\/><img decoding=\"async\" src=\"https:\/\/ae01.alicdn.com\/kf\/Sa5976b4902d8459c8d4c604e4bfae1ceJ.jpg\" slate-data-type=\"image\"\/><img decoding=\"async\" src=\"https:\/\/ae01.alicdn.com\/kf\/S9ecc9408426241d6bdf7783cca3918b8Y.jpg\" slate-data-type=\"image\"\/><img decoding=\"async\" src=\"https:\/\/ae01.alicdn.com\/kf\/Sb928b8d63ad54c4990a42ab514038c497.jpg\" slate-data-type=\"image\"\/><img decoding=\"async\" src=\"https:\/\/ae01.alicdn.com\/kf\/S54a5fb0d916746d2b70d276258812855r.jpg\" slate-data-type=\"image\"\/><img decoding=\"async\" src=\"https:\/\/ae01.alicdn.com\/kf\/S548a723b784b421395079915f60324dc7.jpg\" slate-data-type=\"image\"\/><img decoding=\"async\" src=\"https:\/\/ae01.alicdn.com\/kf\/Se06564bad96649f0a7e1cad6173eef19I.jpg\" slate-data-type=\"image\"\/><img decoding=\"async\" src=\"https:\/\/ae01.alicdn.com\/kf\/Sb02e0d35e042497f83a579affcfd4ae9U.jpg\" slate-data-type=\"image\"\/><img decoding=\"async\" src=\"https:\/\/ae01.alicdn.com\/kf\/S315914edf7a04637991c959f97a792a3V.jpg\" slate-data-type=\"image\"\/><img decoding=\"async\" src=\"https:\/\/ae01.alicdn.com\/kf\/S3ad1bb3ec6a745e08bdde37a5bb51060c.jpg\" slate-data-type=\"image\"\/><img decoding=\"async\" src=\"https:\/\/ae01.alicdn.com\/kf\/S9f759e70373c4a96aa7faa5ae4d611219.jpg\" slate-data-type=\"image\"\/><\/p>\n<div style=\"background-color:rgb(240, 234, 255);margin:20px 0px 10px;margin-bottom:10px;margin-top:20px;margin-left:0px;margin-right:0px;width:100%;height:34px\"><span style=\"background-color:rgb(55, 139, 238);color:rgb(255, 255, 255);font-size:24px;font-family:Verdana, Arial\">Specyfikacja<\/span><\/div>\n<table style=\"border-collapse:collapse;font-family:&quot;Microsoft YaHei&quot;;width:1000px\" class=\"jbEidtTable\" border=\"1\" cellpadding=\"5\" cellspacing=\"0\">\n<tbody>\n<tr>\n<td style=\"text-align:left;height:89px\" align=\"left\">\n<p><span style=\"font-size:16px;font-family:arial, helvetica, sans-serif\"><strong>Og\u00f3lny<\/strong><\/span><\/p>\n<\/td>\n<td style=\"text-align:left;height:89px\" align=\"left\">\n<p><span style=\"font-size:16px;font-family:arial, helvetica, sans-serif\">Brand: FOSSiBOT<br \/>Type: Portable Power Station<br \/>Model: F1200<br \/>Kolor: czarny<\/span><\/p>\n<\/td>\n<\/tr>\n<tr>\n<td style=\"text-align:left;height:89px\" align=\"left\">\n<p><span style=\"font-size:16px;font-family:arial, helvetica, sans-serif\"><strong>Specyfikacja<\/strong><\/span><\/p>\n<\/td>\n<td style=\"text-align:left;height:89px\" align=\"left\">\n<p><span style=\"font-size:16px;font-family:arial, helvetica, sans-serif\">Battery Capacity: 1024Wh\u00a0<br \/>Rated Power: 1200W\u00a0<br \/>Output: 1xCigar Lighter(12V\/10A), 2xUSB-A(18W), 2xUSB-C(100W 20W), 2xAC Output(1000W)<br \/>LED Light Mode: Light Mode, SOS Mode, Strobe<\/span><\/p>\n<\/td>\n<\/tr>\n<tr>\n<td style=\"text-align:left;height:75px\" align=\"left\">\n<p><span style=\"font-size:16px;font-family:arial, helvetica, sans-serif\"><strong>Waga i rozmiar<\/strong><\/span><\/p>\n<\/td>\n<td style=\"text-align:left;height:75px\" align=\"left\">\n<p><span style=\"font-size:16px;font-family:arial, helvetica, sans-serif\">Product Weight: 11kg<br \/>Package Weight: 14kg<br \/>Package Size(L x W x H): 29x23x25cm<\/span><\/p>\n<\/td>\n<\/tr>\n<tr>\n<td style=\"text-align:left;height:76px\" align=\"left\">\n<p><span style=\"font-size:16px;font-family:arial, helvetica, sans-serif\"><strong>Zawarto\u015b\u0107 opakowania<\/strong><\/span><\/p>\n<\/td>\n<td style=\"text-align:left;height:76px\" align=\"left\">\n<p><span style=\"font-size:16px;font-family:arial, helvetica, sans-serif\">1 x Portable Power Station<br \/>1 x AC Charging Cable<br \/>1 x Car Charging Cable<br \/>1 x Solar Charging Cable<br \/>1 x Accessories Bag<br \/>1 x Instrukcja obs\u0142ugi<\/span><\/p>\n<\/td>\n<\/tr>\n<\/tbody>\n<\/table>\n<p><\/p>\n<\/div>\n<\/div>\n<p><\/p>","protected":false},"excerpt":{"rendered":"<p>Display screen:&nbsp;Yes Nominal Capacity:&nbsp;&gt;3500mAh Model Number:&nbsp;F1200 Type:&nbsp;LiFePO4 Set Type:&nbsp;Charger Sets Highlights 1, 1024Wh Capacity &amp; 1200W Rated Power; 2, High-capacity LiFePO4 Battery; 3, BMS Protection; 4, &lt;10ms Switchover Time; 5,<\/p>","protected":false},"featured_media":9274,"comment_status":"open","ping_status":"closed","template":"","meta":{"_acf_changed":false},"product_brand":[],"product_cat":[531],"product_tag":[],"class_list":{"0":"post-9273","1":"product","2":"type-product","3":"status-publish","4":"has-post-thumbnail","6":"product_cat-foldable-solar-panels","8":"first","9":"instock","10":"shipping-taxable","11":"purchasable","12":"product-type-variable"},"acf":[],"_links":{"self":[{"href":"https:\/\/electricstore.eu\/pl\/wp-json\/wp\/v2\/product\/9273","targetHints":{"allow":["GET"]}}],"collection":[{"href":"https:\/\/electricstore.eu\/pl\/wp-json\/wp\/v2\/product"}],"about":[{"href":"https:\/\/electricstore.eu\/pl\/wp-json\/wp\/v2\/types\/product"}],"replies":[{"embeddable":true,"href":"https:\/\/electricstore.eu\/pl\/wp-json\/wp\/v2\/comments?post=9273"}],"wp:featuredmedia":[{"embeddable":true,"href":"https:\/\/electricstore.eu\/pl\/wp-json\/wp\/v2\/media\/9274"}],"wp:attachment":[{"href":"https:\/\/electricstore.eu\/pl\/wp-json\/wp\/v2\/media?parent=9273"}],"wp:term":[{"taxonomy":"product_brand","embeddable":true,"href":"https:\/\/electricstore.eu\/pl\/wp-json\/wp\/v2\/product_brand?post=9273"},{"taxonomy":"product_cat","embeddable":true,"href":"https:\/\/electricstore.eu\/pl\/wp-json\/wp\/v2\/product_cat?post=9273"},{"taxonomy":"product_tag","embeddable":true,"href":"https:\/\/electricstore.eu\/pl\/wp-json\/wp\/v2\/product_tag?post=9273"}],"curies":[{"name":"wp","href":"https:\/\/api.w.org\/{rel}","templated":true}]}}