{"id":9256,"date":"2025-05-20T17:46:17","date_gmt":"2025-05-20T17:46:17","guid":{"rendered":"https:\/\/electricstore.eu\/p\/uncategorized\/cloudenergy-cl48-150a-48v-150ah-cabinet-type-lithium-lifepo4-deep-cycle-battery-pack-7680wh-energy-6000-life-cycles-80-dod\/"},"modified":"2025-05-20T17:46:55","modified_gmt":"2025-05-20T17:46:55","slug":"cloudenergy-cl48-150a-48v-150ah-cabinet-type-lithium-lifepo4-deep-cycle-battery-pack-7680wh-energy-6000-life-cycles-80-dod","status":"publish","type":"product","link":"https:\/\/electricstore.eu\/pl\/p\/batteries\/portable-power-stations\/cloudenergy-cl48-150a-48v-150ah-cabinet-type-lithium-lifepo4-deep-cycle-battery-pack-7680wh-energy-6000-life-cycles-80-dod\/","title":{"rendered":"Akumulator litowo-\u017celazowo-fosforanowy Cloudenergy CL48-150A 48 V 150 Ah, typu szafkowego, o g\u0142\u0119bokim cyklu roz\u0142adowania, 7680 Wh energii, ponad 6000 cykli \u017cycia i 80% DOD"},"content":{"rendered":"<div class=\"detailmodule_dynamic\"><kse:widget data-widget-type=\"customText\" id=\"1005000009406803\" type=\"relation\"><\/kse:widget><\/div>\n<div class=\"detailmodule_html\">\n<div class=\"detail-desc-decorate-richtext\">\n<p><\/p>\n<div style=\"background-color:rgb(240, 234, 255);margin:20px 0px 10px;margin-bottom:10px;margin-top:20px;margin-left:0px;margin-right:0px;width:100%;height:34px\"><span style=\"background-color:rgb(55, 139, 238);color:rgb(255, 255, 255);font-size:24px;font-family:Verdana, Arial\">Przegl\u0105d najwa\u017cniejszych wydarze\u0144<\/span><\/div>\n<div class=\"detailmodule_text\">\n<p><strong><span style=\"font-size:16px;font-family:arial, helvetica, sans-serif\">Satisfy Home Energy Need<\/span><\/strong><\/p>\n<p style=\"font-family:&quot;Microsoft YaHei&quot;;font-size:medium;font-weight:400;letter-spacing:normal;text-align:start;white-space:normal;color:rgb(0, 0, 0)\" align=\"start\"><span style=\"font-size:16px;font-family:arial, helvetica, sans-serif\">Cloudenergy 48V 150Ah LiFePO4 Deep Cycle Battery Pack is perfect for residential energy storage battery systems and solar energy storage. It can satisfy most household and office loads, including refrigerators, lamps, televisions, fans, air conditioning, and other loads.<\/span><\/p>\n<div><\/div>\n<p style=\"font-family:&quot;Microsoft YaHei&quot;;letter-spacing:normal;text-align:start;white-space:normal;color:rgb(0, 0, 0)\" align=\"start\"><strong><span style=\"font-size:16px;font-family:arial, helvetica, sans-serif\">6000+ Deep Cycles &amp; 80% DOD<\/span><\/strong><\/p>\n<p style=\"font-family:&quot;Microsoft YaHei&quot;;font-size:medium;font-weight:400;letter-spacing:normal;text-align:start;white-space:normal;color:rgb(0, 0, 0)\" align=\"start\"><span style=\"font-size:16px;font-family:arial, helvetica, sans-serif\">This LiFePO4 battery provides more than 6000 deep cycles compared to traditional lead-acid batteries only about 300-600 cycles, which extends the battery lifespan more than 10 times. 6000+ deep cycles using life and 80% depth of discharge are also better than many LiFePO4 batteries of other brands.<\/span><\/p>\n<div><\/div>\n<p style=\"font-family:&quot;Microsoft YaHei&quot;;letter-spacing:normal;text-align:start;white-space:normal;color:rgb(0, 0, 0)\" align=\"start\"><strong><span style=\"font-size:16px;font-family:arial, helvetica, sans-serif\">Wbudowany 100A BMS<\/span><\/strong><\/p>\n<p style=\"font-family:&quot;Microsoft YaHei&quot;;font-size:medium;font-weight:400;letter-spacing:normal;text-align:start;white-space:normal;color:rgb(0, 0, 0)\" align=\"start\"><span style=\"font-size:16px;font-family:arial, helvetica, sans-serif\">Cloudenergy LiFePO4 battery has a built-in BMS, which has a high-temperature resistance of 75 Celsius. The built-in high-temperature cut-off function prevents charging at temperatures above 75 Celsius and can prevent short circuits, overcharge, over-discharge, and over-current.<\/span><\/p>\n<div><\/div>\n<p style=\"font-family:&quot;Microsoft YaHei&quot;;letter-spacing:normal;text-align:start;white-space:normal;color:rgb(0, 0, 0)\" align=\"start\"><strong><span style=\"font-size:16px;font-family:arial, helvetica, sans-serif\">More Advantages<\/span><\/strong><\/p>\n<p style=\"font-family:&quot;Microsoft YaHei&quot;;font-size:medium;font-weight:400;letter-spacing:normal;text-align:start;white-space:normal;color:rgb(0, 0, 0)\" align=\"start\"><span style=\"font-size:16px;font-family:arial, helvetica, sans-serif\">The 48V 150Ah batteries support recharging by solar power, wall outlet, and generator. It can maximize the use of solar energy to save your electricity costs, get power immediately during a power outage and reduce your carbon footprint.<\/span><\/p>\n<\/div>\n<div style=\"background-color:rgb(240, 234, 255);margin:20px 0px 10px;margin-bottom:10px;margin-top:20px;margin-left:0px;margin-right:0px;width:100%;height:34px\"><span style=\"background-color:rgb(55, 139, 238);color:rgb(255, 255, 255);font-size:24px;font-family:Verdana, Arial\">Szczeg\u00f3\u0142y produktu<\/span><\/div>\n<p><img decoding=\"async\" src=\"https:\/\/ae01.alicdn.com\/kf\/S90aafbbe2a3d4349829f28c6df36d306g.jpg\" slate-data-type=\"image\"\/><img decoding=\"async\" src=\"https:\/\/ae01.alicdn.com\/kf\/Sbb2584604627454a9af21f3af33331cbo.jpg\" slate-data-type=\"image\"\/><img decoding=\"async\" src=\"https:\/\/ae01.alicdn.com\/kf\/S0b90f799bb6340489b0e541152922a18x.jpg\" slate-data-type=\"image\"\/><img decoding=\"async\" src=\"https:\/\/ae01.alicdn.com\/kf\/Sfb3ec2a1305144e085319f432cf90efbf.jpg\" slate-data-type=\"image\"\/><img decoding=\"async\" src=\"https:\/\/ae01.alicdn.com\/kf\/S814a16ddce724a33a33238981895ecdap.jpg\" slate-data-type=\"image\"\/><img decoding=\"async\" src=\"https:\/\/ae01.alicdn.com\/kf\/S241e64dc395f42dca9f70e268129c5e5K.jpg\" slate-data-type=\"image\"\/><\/p>\n<div style=\"background-color:rgb(240, 234, 255);margin:20px 0px 10px;margin-bottom:10px;margin-top:20px;margin-left:0px;margin-right:0px;width:100%;height:34px\"><span style=\"background-color:rgb(55, 139, 238);color:rgb(255, 255, 255);font-size:24px;font-family:Verdana, Arial\">Specyfikacja<\/span><\/div>\n<div>\u00a0<\/div>\n<table style=\"border-collapse:collapse;font-family:&quot;Microsoft YaHei&quot;;width:1000px\" class=\"jbEidtTable\" border=\"1\" cellpadding=\"5\" cellspacing=\"0\">\n<tbody>\n<tr>\n<td style=\"text-align:left\" align=\"left\">\n<p><span style=\"font-size:16px;font-family:arial, helvetica, sans-serif\">Og\u00f3lny<\/span><\/p>\n<\/td>\n<td style=\"text-align:left\" align=\"left\">\n<p><span style=\"font-size:16px;font-family:arial, helvetica, sans-serif\">Marka: Cloudenergy<br \/>Type: Deep Cycle Battery Module<br \/>Model: CL48-150A<br \/>Color: Orange<\/span><\/p>\n<\/td>\n<\/tr>\n<tr>\n<td style=\"text-align:left\" align=\"left\">\n<p><span style=\"font-size:16px;font-family:arial, helvetica, sans-serif\">Specyfikacja<\/span><\/p>\n<\/td>\n<td style=\"text-align:left\" align=\"left\">\n<p><span style=\"font-size:16px;font-family:arial, helvetica, sans-serif\">Nominal Voltage: 51.2V<br \/>Nominal Capacity: 150Ah<br \/>Energy: 7680Wh \u00a0 \u00a0<br \/>Charge Voltage: 58.4\u00b10.75V<br \/>Recommended Charge Current: 45A (0.3C)<br \/>Battery Management System Board: 100A<br \/>Max Continuous Charge \/ Discharge Current: 110A<br \/>Max Discharge Current 5 Seconds: 120A<br \/>Max. Load Power: 5120W<br \/>Internal Impedance: \u226440m\u03a9<br \/>Battery Pack Case: steel plate cold common<br \/>Temperature Range:\u00a0<br \/>Charge: 0 &#8211; 50 Celsius \/ 32 &#8211; 122 Fahrenheit;\u00a0<br \/>Discharge: -20 &#8211; 60 Celsius \/ -4 &#8211; 140 Fahrenheit;<br \/>Storage: -10 &#8211; 50 Celsius \/ 14 &#8211; 122 Fahrenheit<\/span><\/p>\n<\/td>\n<\/tr>\n<tr>\n<td style=\"text-align:left\" align=\"left\">\n<p><span style=\"font-size:16px;font-family:arial, helvetica, sans-serif\">Waga i rozmiar<\/span><\/p>\n<\/td>\n<td style=\"text-align:left\" align=\"left\">\n<p><span style=\"font-size:16px;font-family:arial, helvetica, sans-serif\">Product Weight: 57kg<br \/>Package Weight: 62kg<br \/>Product Size(L x W x H): 49&#215;51.5x16cm<br \/>Package Size(L x W x H): 64x66x31cm<\/span><\/p>\n<\/td>\n<\/tr>\n<tr>\n<td style=\"text-align:left\" align=\"left\">\n<p><span style=\"font-size:16px;font-family:arial, helvetica, sans-serif\">Zawarto\u015b\u0107 opakowania<\/span><\/p>\n<\/td>\n<td style=\"text-align:left\" align=\"left\">\n<p><span style=\"font-size:16px;font-family:arial, helvetica, sans-serif\">1 x Deep Cycle Battery Module<br \/>1 x Instrukcja obs\u0142ugi<\/span><\/p>\n<\/td>\n<\/tr>\n<\/tbody>\n<\/table>\n<\/div>\n<\/div>\n<p><\/p>","protected":false},"excerpt":{"rendered":"<p>Highlights Satisfy Home Energy Need Cloudenergy 48V 150Ah LiFePO4 Deep Cycle Battery Pack is perfect for residential energy storage battery systems and solar energy storage. It can satisfy most household<\/p>","protected":false},"featured_media":9257,"comment_status":"open","ping_status":"closed","template":"","meta":{"_acf_changed":false},"product_brand":[],"product_cat":[515],"product_tag":[],"class_list":{"0":"post-9256","1":"product","2":"type-product","3":"status-publish","4":"has-post-thumbnail","6":"product_cat-portable-power-stations","8":"first","9":"instock","10":"shipping-taxable","11":"purchasable","12":"product-type-simple"},"acf":[],"_links":{"self":[{"href":"https:\/\/electricstore.eu\/pl\/wp-json\/wp\/v2\/product\/9256","targetHints":{"allow":["GET"]}}],"collection":[{"href":"https:\/\/electricstore.eu\/pl\/wp-json\/wp\/v2\/product"}],"about":[{"href":"https:\/\/electricstore.eu\/pl\/wp-json\/wp\/v2\/types\/product"}],"replies":[{"embeddable":true,"href":"https:\/\/electricstore.eu\/pl\/wp-json\/wp\/v2\/comments?post=9256"}],"wp:featuredmedia":[{"embeddable":true,"href":"https:\/\/electricstore.eu\/pl\/wp-json\/wp\/v2\/media\/9257"}],"wp:attachment":[{"href":"https:\/\/electricstore.eu\/pl\/wp-json\/wp\/v2\/media?parent=9256"}],"wp:term":[{"taxonomy":"product_brand","embeddable":true,"href":"https:\/\/electricstore.eu\/pl\/wp-json\/wp\/v2\/product_brand?post=9256"},{"taxonomy":"product_cat","embeddable":true,"href":"https:\/\/electricstore.eu\/pl\/wp-json\/wp\/v2\/product_cat?post=9256"},{"taxonomy":"product_tag","embeddable":true,"href":"https:\/\/electricstore.eu\/pl\/wp-json\/wp\/v2\/product_tag?post=9256"}],"curies":[{"name":"wp","href":"https:\/\/api.w.org\/{rel}","templated":true}]}}