{"id":9233,"date":"2025-05-20T17:46:05","date_gmt":"2025-05-20T17:46:05","guid":{"rendered":"https:\/\/electricstore.eu\/p\/uncategorized\/bigblue-powafree-h1-wall-solar-power-storage-balcony-2560wh-battery-storage-3-mppt-tracers-800w-solar-input-smart-app-control\/"},"modified":"2025-05-20T17:46:40","modified_gmt":"2025-05-20T17:46:40","slug":"bigblue-powafree-h1-wall-solar-power-storage-balcony-2560wh-battery-storage-3-mppt-tracers-800w-solar-input-smart-app-control","status":"publish","type":"product","link":"https:\/\/electricstore.eu\/pl\/p\/batteries\/portable-power-stations\/bigblue-powafree-h1-wall-solar-power-storage-balcony-2560wh-battery-storage-3-mppt-tracers-800w-solar-input-smart-app-control\/","title":{"rendered":"BigBlue POWAFREE H1 \u015acienny magazyn energii s\u0142onecznej na balkonie, akumulator 2560 Wh, 3 znaczniki MPPT, moc 800 W, inteligentne sterowanie aplikacj\u0105"},"content":{"rendered":"<div class=\"product-specs-list-container\">\n<ul class=\"product-specs-list util-clearfix\">\n<li class=\"product-prop line-limit-length\"><span\n                                        class=\"property-title\">Aplikacja:&nbsp;<\/span><span\n                                        class=\"property-desc line-limit-length\">HOME<\/span>\n                            <\/li>\n<li class=\"product-prop line-limit-length\"><span\n                                        class=\"property-title\">Numer modelu:&nbsp;<\/span><span\n                                        class=\"property-desc line-limit-length\">H1<\/span>\n                            <\/li>\n<\/ul><\/div>\n<div class=\"detailmodule_dynamic\"><kse:widget data-widget-type=\"customText\" id=\"1005000009406803\" type=\"relation\"><\/kse:widget><\/div>\n<div class=\"detailmodule_html\">\n<div class=\"detail-desc-decorate-richtext\">\n<p><\/p>\n<div style=\"background-color:rgb(240, 234, 255);margin:20px 0px 10px;margin-bottom:10px;margin-top:20px;margin-left:0px;margin-right:0px;width:100%;height:34px\"><span style=\"background-color:rgb(55, 139, 238);color:rgb(255, 255, 255);font-size:24px;font-family:Verdana, Arial\">Przegl\u0105d najwa\u017cniejszych wydarze\u0144<\/span><\/div>\n<div class=\"detailmodule_text\">\n<div class=\"detailmodule_html\">\n<div class=\"detail-desc-decorate-richtext\">\n<div class=\"detailmodule_text\">\n<p style=\"font-family:&quot;Microsoft YaHei&quot;;letter-spacing:normal;text-align:start;white-space:normal;color:rgb(0, 0, 0)\" align=\"start\"><strong><span style=\"font-size:16px;font-family:arial, helvetica, sans-serif\">Trio-integrated MPPT And 2560Wh LiFePO4 Memory<\/span><\/strong><\/p>\n<p style=\"font-family:&quot;Microsoft YaHei&quot;;font-size:medium;font-weight:400;letter-spacing:normal;text-align:start;white-space:normal;color:rgb(0, 0, 0)\" align=\"start\"><span style=\"font-size:16px;font-family:arial, helvetica, sans-serif\">2 modules with solar power up to 800Wp can be connected. The storage capacity is perfectly chosen for a central balcony with two solar panels, which makes the ideal complement to the 600\/800 W microwave ovens.<\/span><\/p>\n<p><\/p>\n<p style=\"font-family:&quot;Microsoft YaHei&quot;;letter-spacing:normal;text-align:start;white-space:normal;color:rgb(0, 0, 0)\" align=\"start\"><strong><span style=\"font-size:16px;font-family:arial, helvetica, sans-serif\">Easy Connection To the Energy Memory<\/span><\/strong><\/p>\n<p style=\"font-family:&quot;Microsoft YaHei&quot;;font-size:medium;font-weight:400;letter-spacing:normal;text-align:start;white-space:normal;color:rgb(0, 0, 0)\" align=\"start\"><span style=\"font-size:16px;font-family:arial, helvetica, sans-serif\">Easy Plug &amp; Play photovoltaic system with battery storage for charging, so you have your own electricity produced in a few minutes. No professional is necessary for installation.<\/span><\/p>\n<p><\/p>\n<p style=\"font-family:&quot;Microsoft YaHei&quot;;letter-spacing:normal;text-align:start;white-space:normal;color:rgb(0, 0, 0)\" align=\"start\"><strong><span style=\"font-size:16px;font-family:arial, helvetica, sans-serif\">Charge At Low Temperatures To Zero<\/span><\/strong><\/p>\n<p style=\"font-family:&quot;Microsoft YaHei&quot;;font-size:medium;font-weight:400;letter-spacing:normal;text-align:start;white-space:normal;color:rgb(0, 0, 0)\" align=\"start\"><span style=\"font-size:16px;font-family:arial, helvetica, sans-serif\">Makes some of the first batteries in the world work even at negative temperatures. Down to -20 \u00b0C, the winter sun can cool down. BigBlue POWAFREE is a completely solid storage solution. The protection of the PV controller is IP67 and the battery cell is IP65; it is resistant to the elements and dust, so you can also use it without any problems on the balcony or in the garden.<\/span><\/p>\n<p><\/p>\n<p style=\"font-family:&quot;Microsoft YaHei&quot;;letter-spacing:normal;text-align:start;white-space:normal;color:rgb(0, 0, 0)\" align=\"start\"><strong><span style=\"font-size:16px;font-family:arial, helvetica, sans-serif\">Easy Control Via Wi-Fi And Application<\/span><\/strong><\/p>\n<p style=\"font-family:&quot;Microsoft YaHei&quot;;font-size:medium;font-weight:400;letter-spacing:normal;text-align:start;white-space:normal;color:rgb(0, 0, 0)\" align=\"start\"><span style=\"font-size:16px;font-family:arial, helvetica, sans-serif\">Advanced functions, commands and information on the BigBlue device, such as panel productivity, storage capacity and generated value, can be consulted in real time via the BigBlue customized application.<\/span><\/p>\n<p><\/p>\n<p style=\"font-family:&quot;Microsoft YaHei&quot;;letter-spacing:normal;text-align:start;white-space:normal;color:rgb(0, 0, 0)\" align=\"start\"><strong><span style=\"font-size:16px;font-family:arial, helvetica, sans-serif\">Universal Compatibility<\/span><\/strong><\/p>\n<p style=\"font-family:&quot;Microsoft YaHei&quot;;font-size:medium;font-weight:400;letter-spacing:normal;text-align:start;white-space:normal;color:rgb(0, 0, 0)\" align=\"start\"><span style=\"font-size:16px;font-family:arial, helvetica, sans-serif\">BigBlue POWAFREE integrates perfectly into all current microwave ovens and also guarantees compatibility with your existing solar equipment. For example: APsystems, Envertech, Deye, Enphase and Tsun.<\/span><\/p>\n<\/div>\n<\/div>\n<\/div>\n<\/div>\n<div style=\"background-color:rgb(240, 234, 255);margin:20px 0px 10px;margin-bottom:10px;margin-top:20px;margin-left:0px;margin-right:0px;width:100%;height:34px\"><span style=\"background-color:rgb(55, 139, 238);color:rgb(255, 255, 255);font-size:24px;font-family:Verdana, Arial\">Szczeg\u00f3\u0142y produktu<\/span><\/div>\n<p><img decoding=\"async\" src=\"https:\/\/ae01.alicdn.com\/kf\/S33f261e5856a488f8a412a336851c319p.jpg\" slate-data-type=\"image\"\/><img decoding=\"async\" src=\"https:\/\/ae01.alicdn.com\/kf\/S14a4eaa6d0c04a698f8476094cb710e6X.jpg\" slate-data-type=\"image\"\/><img decoding=\"async\" src=\"https:\/\/ae01.alicdn.com\/kf\/Se4853aad5b8b42b3b7124c38e525dcf65.jpg\" slate-data-type=\"image\"\/><img decoding=\"async\" src=\"https:\/\/ae01.alicdn.com\/kf\/Sb4739df4da3a4e75acf8f5d2964adce2p.jpg\" slate-data-type=\"image\"\/><img decoding=\"async\" src=\"https:\/\/ae01.alicdn.com\/kf\/S0f4dcb6404ff433eb39cd2a16983cb455.jpg\" slate-data-type=\"image\"\/><img decoding=\"async\" src=\"https:\/\/ae01.alicdn.com\/kf\/S22ff4854feb949a28b820ae57797f642i.jpg\" slate-data-type=\"image\"\/><img decoding=\"async\" src=\"https:\/\/ae01.alicdn.com\/kf\/S0a66a926598f4eaf886bcb6af2af4b84e.jpg\" slate-data-type=\"image\"\/><img decoding=\"async\" src=\"https:\/\/ae01.alicdn.com\/kf\/S4f97340065404392a6e4016327b46b97R.jpg\" slate-data-type=\"image\"\/><img decoding=\"async\" src=\"https:\/\/ae01.alicdn.com\/kf\/S8a543e6338264fdbbf332bd0f895f4a3v.jpg\" slate-data-type=\"image\"\/><img decoding=\"async\" src=\"https:\/\/ae01.alicdn.com\/kf\/S1f8f4126535e47f9bef2391ea71a4356R.jpg\" slate-data-type=\"image\"\/><img decoding=\"async\" src=\"https:\/\/ae01.alicdn.com\/kf\/Sf5cccff992ae43b1b7f9863cac3ca225z.jpg\" slate-data-type=\"image\"\/><img decoding=\"async\" src=\"https:\/\/ae01.alicdn.com\/kf\/Sb19ea178879d44e6921fc154b1c2cd03p.jpg\" slate-data-type=\"image\"\/><img decoding=\"async\" src=\"https:\/\/ae01.alicdn.com\/kf\/Sa2373578764942f889a56efa292812225.jpg\" slate-data-type=\"image\"\/><img decoding=\"async\" src=\"https:\/\/ae01.alicdn.com\/kf\/Sddcb120e884d4b958794cd1ededb1d35L.jpg\" slate-data-type=\"image\"\/><\/p>\n<div style=\"background-color:rgb(240, 234, 255);margin:20px 0px 10px;margin-bottom:10px;margin-top:20px;margin-left:0px;margin-right:0px;width:100%;height:34px\"><span style=\"background-color:rgb(55, 139, 238);color:rgb(255, 255, 255);font-size:24px;font-family:Verdana, Arial\">Specyfikacja<\/span><\/div>\n<p style=\"font-family:&quot;Microsoft YaHei&quot;;font-size:medium;font-weight:400;letter-spacing:normal;text-align:left;white-space:normal;color:rgb(0, 0, 0)\" align=\"left\"><span style=\"font-size:16px;font-family:arial, helvetica, sans-serif\">PV Route: R800<br \/>Protection Level: IP67<br \/>Performance Warranty: 10 years<br \/>Rated PV Input Power: 100 &#8211; 400W per channel (total two channels)<br \/>PV Input DC Voltage: 12 &#8211; 65V<br \/>MPPT Voltage: 60V<br \/>Maximum PV Input Current: 15A<br \/>Number of MPPT: 3 (2 @input, 1 @output)<br \/>Connector: MC4<br \/>Wireless Type: Bluetooth 5.0 &amp; Wi-Fi 2.4GHz<br \/>To Micro inverter Output Power: 800W (max)<br \/>To Micro inverter Maximum Output Voltage: 55V<br \/>To Micro inverter Maximum Output Current: 18A<br \/>To Micro inverter Connector: MC4<\/span><\/p>\n<p style=\"font-family:&quot;Microsoft YaHei&quot;;font-size:medium;font-weight:400;letter-spacing:normal;text-align:left;white-space:normal;color:rgb(0, 0, 0)\" align=\"left\"><span style=\"font-size:16px;font-family:arial, helvetica, sans-serif\">Storage Battery System: Cell Pack 2500<br \/>Capacity: 2560Wh<br \/>Battery Type: LiFePO4<br \/>Housing Material: Zinc alloy<br \/>Input Power: 800W<br \/>Input Current: 20A<br \/>Voltage Range: 44V &#8211; 58.4V<br \/>Output Power: 800W<br \/>Output Current: 20A<br \/>Nominal Voltage: 44V &#8211; 58.4V<\/span><\/p>\n<\/div>\n<\/div>","protected":false},"excerpt":{"rendered":"<p>Application:&nbsp;HOME Model Number:&nbsp;H1 Highlights Trio-integrated MPPT And 2560Wh LiFePO4 Memory 2 modules with solar power up to 800Wp can be connected. The storage capacity is perfectly chosen for a central<\/p>","protected":false},"featured_media":9235,"comment_status":"open","ping_status":"closed","template":"","meta":{"_acf_changed":false},"product_brand":[],"product_cat":[515],"product_tag":[],"class_list":{"0":"post-9233","1":"product","2":"type-product","3":"status-publish","4":"has-post-thumbnail","6":"product_cat-portable-power-stations","8":"first","9":"instock","10":"shipping-taxable","11":"purchasable","12":"product-type-simple"},"acf":[],"_links":{"self":[{"href":"https:\/\/electricstore.eu\/pl\/wp-json\/wp\/v2\/product\/9233","targetHints":{"allow":["GET"]}}],"collection":[{"href":"https:\/\/electricstore.eu\/pl\/wp-json\/wp\/v2\/product"}],"about":[{"href":"https:\/\/electricstore.eu\/pl\/wp-json\/wp\/v2\/types\/product"}],"replies":[{"embeddable":true,"href":"https:\/\/electricstore.eu\/pl\/wp-json\/wp\/v2\/comments?post=9233"}],"wp:featuredmedia":[{"embeddable":true,"href":"https:\/\/electricstore.eu\/pl\/wp-json\/wp\/v2\/media\/9235"}],"wp:attachment":[{"href":"https:\/\/electricstore.eu\/pl\/wp-json\/wp\/v2\/media?parent=9233"}],"wp:term":[{"taxonomy":"product_brand","embeddable":true,"href":"https:\/\/electricstore.eu\/pl\/wp-json\/wp\/v2\/product_brand?post=9233"},{"taxonomy":"product_cat","embeddable":true,"href":"https:\/\/electricstore.eu\/pl\/wp-json\/wp\/v2\/product_cat?post=9233"},{"taxonomy":"product_tag","embeddable":true,"href":"https:\/\/electricstore.eu\/pl\/wp-json\/wp\/v2\/product_tag?post=9233"}],"curies":[{"name":"wp","href":"https:\/\/api.w.org\/{rel}","templated":true}]}}