{"id":9168,"date":"2025-05-20T17:45:30","date_gmt":"2025-05-20T17:45:30","guid":{"rendered":"https:\/\/electricstore.eu\/p\/uncategorized\/gooloo-gp4000-pro-jump-starter-26800mah-power-bank-4000a-peak-15v-10a-dc-output-1w-white-led-10l-diesel-15w5v-3a\/"},"modified":"2025-05-20T17:45:53","modified_gmt":"2025-05-20T17:45:53","slug":"gooloo-gp4000-pro-jump-starter-26800mah-power-bank-4000a-peak-15v-10a-dc-output-1w-white-led-10l-diesel-15w5v-3a","status":"publish","type":"product","link":"https:\/\/electricstore.eu\/pl\/p\/batteries\/jump-starter-compressor-power-banks\/gooloo-gp4000-pro-jump-starter-26800mah-power-bank-4000a-peak-15v-10a-dc-output-1w-white-led-10l-diesel-15w5v-3a\/","title":{"rendered":"Rozrusznik GOOLOO GP4000 PRO, powerbank 26800 mAh, szczytowy pr\u0105d 4000 A, wyj\u015bcie 15 V 10 A DC, bia\u0142a dioda LED 1 W, 10 l oleju nap\u0119dowego, 15 W (5 V\/3 A)"},"content":{"rendered":"<div class=\"product-specs-list-container\">\n<ul class=\"product-specs-list util-clearfix\">\n<li class=\"product-prop line-limit-length\"><span\n                                        class=\"property-title\">Nazwa marki:&nbsp;<\/span><span\n                                        class=\"property-desc line-limit-length\">GOOLOO<\/span>\n                            <\/li>\n<\/ul><\/div>\n<div class=\"detailmodule_dynamic\"><kse:widget data-widget-type=\"customText\" id=\"1005000009406803\" type=\"relation\"><\/kse:widget><\/div>\n<div class=\"detailmodule_html\">\n<div class=\"detail-desc-decorate-richtext\">\n<p><\/p>\n<div style=\"background-color:rgb(240, 234, 255);margin:20px 0px 10px;margin-bottom:10px;margin-top:20px;margin-left:0px;margin-right:0px;width:100%;height:34px\"><span style=\"background-color:rgb(55, 139, 238);color:rgb(255, 255, 255);font-size:24px;font-family:Verdana, Arial\">Przegl\u0105d najwa\u017cniejszych wydarze\u0144<\/span><\/div>\n<div class=\"detailmodule_text\">\n<div class=\"detailmodule_html\">\n<div class=\"detail-desc-decorate-richtext\">\n<div class=\"detailmodule_text-image\">\n<div class=\"detailmodule_text-image\">\n<div class=\"detailmodule_html\">\n<div class=\"detail-desc-decorate-richtext\">\n<div class=\"detailmodule_text-image\">\n<div class=\"detailmodule_html\">\n<div class=\"detail-desc-decorate-richtext\">\n<div style=\"font-family:&quot;Open Sans&quot;, Arial, Helvetica, sans-serif, Heiti;font-size:14px;color:rgb(0, 0, 0);box-sizing:content-box\" class=\"detailmodule_html\">\n<div style=\"box-sizing:content-box\" class=\"detail-desc-decorate-richtext\">\n<div style=\"width:944px;height:auto;box-sizing:content-box\">\n<div style=\"box-sizing:content-box\">\n<div class=\"detailmodule_html\">\n<div class=\"detail-desc-decorate-richtext\">\n<div style=\"font-family:&quot;Open Sans&quot;, Arial, Helvetica, sans-serif, Heiti;font-size:14px;color:rgb(0, 0, 0);box-sizing:content-box\" class=\"detailmodule_html\">\n<div style=\"box-sizing:content-box\" class=\"detail-desc-decorate-richtext\">\n<div style=\"width:944px;height:auto;box-sizing:content-box\">\n<div style=\"box-sizing:content-box\">\n<p><span style=\"font-size:16px;font-family:arial, helvetica, sans-serif\">1, 4000A Powerful Car Jump Starter;<\/span><\/p>\n<p><span style=\"font-size:16px;font-family:arial, helvetica, sans-serif\">2, High Capacity Portable Charger;<\/span><\/p>\n<p><span style=\"font-size:16px;font-family:arial, helvetica, sans-serif\">3, Emergency Life Saver ;<\/span><\/p>\n<p><span style=\"font-size:16px;font-family:arial, helvetica, sans-serif\">4, Safety &amp; Quality Metal Clamps;<\/span><\/p>\n<p><span style=\"font-size:16px;font-family:arial, helvetica, sans-serif\">5, Rugged 12V Car Jump Starter;<\/span><\/p>\n<p><span style=\"font-size:16px;font-family:arial, helvetica, sans-serif\">6, Reliable in Extreme Cold Weather.<\/span><\/p>\n<\/div>\n<\/div>\n<\/div>\n<\/div>\n<\/div>\n<\/div>\n<\/div>\n<\/div>\n<\/div>\n<\/div>\n<\/div>\n<\/div>\n<\/div>\n<\/div>\n<\/div>\n<\/div>\n<\/div>\n<\/div>\n<\/div>\n<\/div>\n<div style=\"background-color:rgb(240, 234, 255);margin:20px 0px 10px;margin-bottom:10px;margin-top:20px;margin-left:0px;margin-right:0px;width:100%;height:34px\"><span style=\"background-color:rgb(55, 139, 238);color:rgb(255, 255, 255);font-size:24px;font-family:Verdana, Arial\">Szczeg\u00f3\u0142y produktu<\/span><\/div>\n<p><img decoding=\"async\" src=\"https:\/\/ae01.alicdn.com\/kf\/Sdb75bb4510a849008c063ec8908eafabU.jpg\" slate-data-type=\"image\"\/><img decoding=\"async\" src=\"https:\/\/ae01.alicdn.com\/kf\/S0f3febffe8f0492a9f4d97b50a620cb3t.jpg\" slate-data-type=\"image\"\/><img decoding=\"async\" src=\"https:\/\/ae01.alicdn.com\/kf\/S29ec6a8f885f4998ac36c957e966c730A.jpg\" slate-data-type=\"image\"\/><img decoding=\"async\" src=\"https:\/\/ae01.alicdn.com\/kf\/S7915292e95c54d9da2bf4baa55027cb6a.jpg\" slate-data-type=\"image\"\/><img decoding=\"async\" src=\"https:\/\/ae01.alicdn.com\/kf\/Sb49fdd0c9b504590babd9e5c45a9fc5em.jpg\" slate-data-type=\"image\"\/><img decoding=\"async\" src=\"https:\/\/ae01.alicdn.com\/kf\/S779c95b4f1f14bdabf45e9af2fb16f4bp.jpg\" slate-data-type=\"image\"\/><img decoding=\"async\" src=\"https:\/\/ae01.alicdn.com\/kf\/S9c49d94cd4474da2a50b9341c2989643I.jpg\" slate-data-type=\"image\"\/><img decoding=\"async\" src=\"https:\/\/ae01.alicdn.com\/kf\/S51c06823e4b447888c1b7c701b677848t.jpg\" slate-data-type=\"image\"\/><img decoding=\"async\" src=\"https:\/\/ae01.alicdn.com\/kf\/Sa847b181103f43e19dea30641bfc8a39v.jpg\" slate-data-type=\"image\"\/><img decoding=\"async\" src=\"https:\/\/ae01.alicdn.com\/kf\/S38461ba1dbff4e53a59e99970b8b3e2cb.jpg\" slate-data-type=\"image\"\/><img decoding=\"async\" src=\"https:\/\/ae01.alicdn.com\/kf\/S27800712eb7d406385690f810de85ff8y.jpg\" slate-data-type=\"image\"\/><img decoding=\"async\" src=\"https:\/\/ae01.alicdn.com\/kf\/Sf5ff1b2d547846b4a9e5bd2e95f3c39ae.jpg\" slate-data-type=\"image\"\/><img decoding=\"async\" src=\"https:\/\/ae01.alicdn.com\/kf\/S6fa5e75100f34f9b85c36444ec2058b4Z.jpg\" slate-data-type=\"image\"\/><img decoding=\"async\" src=\"https:\/\/ae01.alicdn.com\/kf\/S546681ecad41474dac9b91c09b593dd3v.jpg\" slate-data-type=\"image\"\/><\/p>\n<div style=\"background-color:rgb(240, 234, 255);margin:20px 0px 10px;margin-bottom:10px;margin-top:20px;margin-left:0px;margin-right:0px;width:100%;height:34px\"><span style=\"background-color:rgb(55, 139, 238);color:rgb(255, 255, 255);font-size:24px;font-family:Verdana, Arial\">Specyfikacja <\/span><\/div>\n<div><\/div>\n<table style=\"border-collapse:collapse;font-family:&quot;Microsoft YaHei&quot;;width:1000px\" class=\"jbEidtTable\" border=\"1\" cellpadding=\"5\" cellspacing=\"0\">\n<tbody>\n<tr>\n<td style=\"text-align:left\" align=\"left\">\n<p><span style=\"font-size:16px;font-family:arial, helvetica, sans-serif\"><strong>Og\u00f3lny<\/strong><\/span><\/p>\n<\/td>\n<td style=\"text-align:left\" align=\"left\">\n<p><span style=\"font-size:16px;font-family:arial, helvetica, sans-serif\">Brand: GOOLOO<br \/>Type: Jump Starter<br \/>Model: GP4000 PRO<br \/>Color: Yellow<\/span><\/p>\n<\/td>\n<\/tr>\n<tr>\n<td style=\"text-align:left\" align=\"left\">\n<p><span style=\"font-size:16px;font-family:arial, helvetica, sans-serif\"><strong>Specyfikacja<\/strong><\/span><\/p>\n<\/td>\n<td style=\"text-align:left\" align=\"left\">\n<p><span style=\"font-size:16px;font-family:arial, helvetica, sans-serif\">Battery Capacity: 26800mAh\u00a0<br \/>Peak Current: 4000A\u00a0<br \/>Car Jump Start Output: 15V\u00a0<br \/>Type-C Input: 15W(5V\/3A)\u00a0<br \/>USB2 Output: 5V\/2.1A,15V\/10A\u00a0<br \/>Diesel Engine Rating: Up to 10L\u00a0<br \/>LED Light Power: White: 1W<\/span><\/p>\n<\/td>\n<\/tr>\n<tr>\n<td style=\"text-align:left\" align=\"left\">\n<p><span style=\"font-size:16px;font-family:arial, helvetica, sans-serif\"><strong>Waga i rozmiar<\/strong><\/span><\/p>\n<\/td>\n<td style=\"text-align:left\" align=\"left\">\n<p><span style=\"font-size:16px;font-family:arial, helvetica, sans-serif\">Product Weight: 0.82kg<br \/>Package Weight: 1.77kg<br \/>Package Size(L x W x H): 23x10x3.8cm<\/span><\/p>\n<\/td>\n<\/tr>\n<tr>\n<td style=\"text-align:left\" align=\"left\">\n<p><span style=\"font-size:16px;font-family:arial, helvetica, sans-serif\"><strong>Zawarto\u015b\u0107 opakowania<\/strong><\/span><\/p>\n<\/td>\n<td style=\"text-align:left\" align=\"left\">\n<p><span style=\"font-size:16px;font-family:arial, helvetica, sans-serif\">1 x Jump Starter<br \/>1 x Smart Jumper Cable<br \/>1 x USB to Type-C Cable<br \/>1 x EVA Storage Case<br \/>1 x Instrukcja obs\u0142ugi<\/span><\/p>\n<\/td>\n<\/tr>\n<\/tbody>\n<\/table>\n<\/div>\n<\/div>\n<p><\/p>","protected":false},"excerpt":{"rendered":"<p>Brand Name:&nbsp;GOOLOO Highlights 1, 4000A Powerful Car Jump Starter; 2, High Capacity Portable Charger; 3, Emergency Life Saver ; 4, Safety &amp; Quality Metal Clamps; 5, Rugged 12V Car Jump<\/p>","protected":false},"featured_media":9169,"comment_status":"open","ping_status":"closed","template":"","meta":{"_acf_changed":false},"product_brand":[],"product_cat":[527],"product_tag":[],"class_list":{"0":"post-9168","1":"product","2":"type-product","3":"status-publish","4":"has-post-thumbnail","6":"product_cat-jump-starter-compressor-power-banks","8":"first","9":"instock","10":"shipping-taxable","11":"purchasable","12":"product-type-simple"},"acf":[],"_links":{"self":[{"href":"https:\/\/electricstore.eu\/pl\/wp-json\/wp\/v2\/product\/9168","targetHints":{"allow":["GET"]}}],"collection":[{"href":"https:\/\/electricstore.eu\/pl\/wp-json\/wp\/v2\/product"}],"about":[{"href":"https:\/\/electricstore.eu\/pl\/wp-json\/wp\/v2\/types\/product"}],"replies":[{"embeddable":true,"href":"https:\/\/electricstore.eu\/pl\/wp-json\/wp\/v2\/comments?post=9168"}],"wp:featuredmedia":[{"embeddable":true,"href":"https:\/\/electricstore.eu\/pl\/wp-json\/wp\/v2\/media\/9169"}],"wp:attachment":[{"href":"https:\/\/electricstore.eu\/pl\/wp-json\/wp\/v2\/media?parent=9168"}],"wp:term":[{"taxonomy":"product_brand","embeddable":true,"href":"https:\/\/electricstore.eu\/pl\/wp-json\/wp\/v2\/product_brand?post=9168"},{"taxonomy":"product_cat","embeddable":true,"href":"https:\/\/electricstore.eu\/pl\/wp-json\/wp\/v2\/product_cat?post=9168"},{"taxonomy":"product_tag","embeddable":true,"href":"https:\/\/electricstore.eu\/pl\/wp-json\/wp\/v2\/product_tag?post=9168"}],"curies":[{"name":"wp","href":"https:\/\/api.w.org\/{rel}","templated":true}]}}