{"id":8544,"date":"2025-05-19T20:31:56","date_gmt":"2025-05-19T20:31:56","guid":{"rendered":"https:\/\/electricstore.eu\/product\/uncategorized\/folding-electric-scooter-two-seater-adult-mobility\/"},"modified":"2025-05-21T05:41:25","modified_gmt":"2025-05-21T05:41:25","slug":"folding-electric-scooter-two-seater-adult-mobility","status":"publish","type":"product","link":"https:\/\/electricstore.eu\/pl\/p\/electric-mobility-scooters\/folding-electric-scooter-two-seater-adult-mobility\/","title":{"rendered":"Electrib DH0305 500W 36V 15,6Ah 18 km\/h 40 km 10\u2033 skuter elektryczny czteroko\u0142owy"},"content":{"rendered":"<div class=\"product-specs-list-container\">\n<ul class=\"product-specs-list util-clearfix\">\n<li class=\"product-prop line-limit-length\"><span\n                                        class=\"property-title\">Rozmiar opony:&nbsp;<\/span><span\n                                        class=\"property-desc line-limit-length\">10 cali<\/span>\n                            <\/li>\n<li class=\"product-prop line-limit-length\"><span\n                                        class=\"property-title\">Numer modelu:&nbsp;<\/span><span\n                                        class=\"property-desc line-limit-length\">DH0305<\/span>\n                            <\/li>\n<li class=\"product-prop line-limit-length\"><span\n                                        class=\"property-title\">Kategoria:&nbsp;<\/span><span\n                                        class=\"property-desc line-limit-length\">Skuter czteroko\u0142owy<\/span>\n                            <\/li>\n<li class=\"product-prop line-limit-length\"><span\n                                        class=\"property-title\">Osoby, kt\u00f3rych to dotyczy:&nbsp;<\/span><span\n                                        class=\"property-desc line-limit-length\">Dla obu p\u0142ci<\/span>\n                            <\/li>\n<li class=\"product-prop line-limit-length\"><span\n                                        class=\"property-title\">Zasi\u0119g na jednym \u0142adowaniu:&nbsp;<\/span><span\n                                        class=\"property-desc line-limit-length\">40 km<\/span>\n                            <\/li>\n<li class=\"product-prop line-limit-length\"><span\n                                        class=\"property-title\">Czas \u0142adowania:&nbsp;<\/span><span\n                                        class=\"property-desc line-limit-length\">6-8 godzin<\/span>\n                            <\/li>\n<li class=\"product-prop line-limit-length\"><span\n                                        class=\"property-title\">Wolta\u017c:&nbsp;<\/span><span\n                                        class=\"property-desc line-limit-length\">36 V<\/span>\n                            <\/li>\n<li class=\"product-prop line-limit-length\"><span\n                                        class=\"property-title\">Fa\u0142dowy:&nbsp;<\/span><span\n                                        class=\"property-desc line-limit-length\">TAK<\/span>\n                            <\/li>\n<li class=\"product-prop line-limit-length\"><span\n                                        class=\"property-title\">Pochodzenie:&nbsp;<\/span><span\n                                        class=\"property-desc line-limit-length\">Chiny kontynentalne<\/span>\n                            <\/li>\n<li class=\"product-prop line-limit-length\"><span\n                                        class=\"property-title\">Moc (W):&nbsp;<\/span><span\n                                        class=\"property-desc line-limit-length\">201-500 W<\/span>\n                            <\/li>\n<li class=\"product-prop line-limit-length\"><span\n                                        class=\"property-title\">Nazwa:&nbsp;<\/span><span\n                                        class=\"property-desc line-limit-length\">Sk\u0142adany skuter elektryczny<\/span>\n                            <\/li>\n<li class=\"product-prop line-limit-length\"><span\n                                        class=\"property-title\">Pr\u0119dko\u015b\u0107:&nbsp;<\/span><span\n                                        class=\"property-desc line-limit-length\">6-12-18 km\/h<\/span>\n                            <\/li>\n<li class=\"product-prop line-limit-length\"><span\n                                        class=\"property-title\">Maksymalne obci\u0105\u017cenie:&nbsp;<\/span><span\n                                        class=\"property-desc line-limit-length\">120kg<\/span>\n                            <\/li>\n<li class=\"product-prop line-limit-length\"><span\n                                        class=\"property-title\">Silnik:&nbsp;<\/span><span\n                                        class=\"property-desc line-limit-length\">Podw\u00f3jny silnik 250 W<\/span>\n                            <\/li>\n<li class=\"product-prop line-limit-length\"><span\n                                        class=\"property-title\">Bateria:&nbsp;<\/span><span\n                                        class=\"property-desc line-limit-length\">Akumulator litowy 36V15.6AH<\/span>\n                            <\/li>\n<li class=\"product-prop line-limit-length\"><span\n                                        class=\"property-title\">Tworzywo:&nbsp;<\/span><span\n                                        class=\"property-desc line-limit-length\">Stal<\/span>\n                            <\/li>\n<li class=\"product-prop line-limit-length\"><span\n                                        class=\"property-title\">Fakultatywny:&nbsp;<\/span><span\n                                        class=\"property-desc line-limit-length\">Kosz prz\u00f3d\/ty\u0142 i oparcie<\/span>\n                            <\/li>\n<li class=\"product-prop line-limit-length\"><span\n                                        class=\"property-title\">Certyfikat:&nbsp;<\/span><span\n                                        class=\"property-desc line-limit-length\"><\/span>\n                            <\/li>\n<\/ul><\/div>\n<div class=\"detailmodule_html\">\n<div class=\"detail-desc-decorate-richtext\">\n<div>\n<p style=\"font-family:OpenSans;font-size:20px;font-weight:900;line-height:28px;white-space:pre-wrap;color:rgb(0, 0, 0);margin-bottom:12px\" class=\"detail-desc-decorate-title\">Informacje o produkcie<\/p>\n<p style=\"font-family:OpenSans;font-size:14px;font-weight:300;line-height:20px;white-space:pre-wrap;color:rgb(0, 0, 0);margin-bottom:12px\" class=\"detail-desc-decorate-content\">Silnik: 250W x 2 Bezszczotkowy silnik tylny<br \/>Akumulator: bateria litowa 36 V 15,6 Ah<br \/>Wy\u015bwietlacz: wy\u015bwietlacz LED<br \/>\u015awiat\u0142o przednie: \u015bwiat\u0142o LED<br \/>\u015awiat\u0142o tylne: \u015bwiat\u0142o LED<br \/>Rama: Wysokiej jako\u015bci stal w\u0119glowa<br \/>Zawieszenie tylne: zawieszenie spr\u0119\u017cynowe<br \/>Opony prz\u00f3d\/ty\u0142: opony 10\/8 cala<br \/>Maksymalna pr\u0119dko\u015b\u0107: 18 km\/h<br \/>Odleg\u0142o\u015b\u0107 do przejechania: 40 km<br \/>Czas \u0142adowania: 6-8 godzin<br \/>Maksymalne obci\u0105\u017cenie: 120 kg<\/p>\n<\/div>\n<div>\n<p style=\"font-family:OpenSans;font-size:20px;font-weight:900;line-height:28px;white-space:pre-wrap;color:rgb(0, 0, 0);margin-bottom:12px\" class=\"detail-desc-decorate-title\">Opis produktu<\/p>\n<div><img decoding=\"async\" class=\"detail-desc-decorate-image\" src=\"https:\/\/ae01.alicdn.com\/kf\/S65346f3ff9684171bdb54084884cf8b4u.jpg?width=1007&amp;height=997&amp;hash=2004\" slate-data-type=\"image\"\/><\/div>\n<\/div>\n<div>\n<p style=\"font-family:OpenSans;font-size:20px;font-weight:900;line-height:28px;white-space:pre-wrap;color:rgb(0, 0, 0);margin-bottom:12px\" class=\"detail-desc-decorate-title\">Zdj\u0119cia produktu<\/p>\n<\/div>\n<div><img decoding=\"async\" style=\"margin-bottom:10px\" class=\"detail-desc-decorate-image\" src=\"https:\/\/ae01.alicdn.com\/kf\/Se1e040235e9846b8bb063af2468f694c2.jpg?width=631&amp;height=631&amp;hash=1262\" slate-data-type=\"image\"\/> <img decoding=\"async\" style=\"margin-bottom:10px\" class=\"detail-desc-decorate-image\" src=\"https:\/\/ae01.alicdn.com\/kf\/S83038089d7754648a1ad5da0f52d9250d.jpg?width=1000&amp;height=1000&amp;hash=2000\" slate-data-type=\"image\"\/> <img decoding=\"async\" style=\"margin-bottom:10px\" class=\"detail-desc-decorate-image\" src=\"https:\/\/ae01.alicdn.com\/kf\/Sd693c35bab9244c99387d997345e8628Z.jpg?width=1080&amp;height=1080&amp;hash=2160\" slate-data-type=\"image\"\/> <img decoding=\"async\" style=\"margin-bottom:10px\" class=\"detail-desc-decorate-image\" src=\"https:\/\/ae01.alicdn.com\/kf\/Sa1e201577d0c41738afe597fda3e75e6v.jpg?width=1000&amp;height=973&amp;hash=1973\" slate-data-type=\"image\"\/> <img decoding=\"async\" style=\"margin-bottom:10px\" class=\"detail-desc-decorate-image\" src=\"https:\/\/ae01.alicdn.com\/kf\/Sc0b35cd613cb4e05972c8103d46975393.jpg?width=950&amp;height=686&amp;hash=1636\" slate-data-type=\"image\"\/> <img decoding=\"async\" style=\"margin-bottom:10px\" class=\"detail-desc-decorate-image\" src=\"https:\/\/ae01.alicdn.com\/kf\/S21fa0acbf32a4c21a2e938ab0fc9cdadA.jpg?width=750&amp;height=750&amp;hash=1500\" slate-data-type=\"image\"\/> <img decoding=\"async\" style=\"margin-bottom:10px\" class=\"detail-desc-decorate-image\" src=\"https:\/\/ae01.alicdn.com\/kf\/S1287910cbe074b9d9345f0e3588c3ea0Z.jpg?width=750&amp;height=750&amp;hash=1500\" slate-data-type=\"image\"\/> <img decoding=\"async\" style=\"margin-bottom:10px\" class=\"detail-desc-decorate-image\" src=\"https:\/\/ae01.alicdn.com\/kf\/Sfcd8cac80d4d488694e89b7c6a675aa3H.jpg?width=1000&amp;height=869&amp;hash=1869\" slate-data-type=\"image\"\/> <img decoding=\"async\" style=\"margin-bottom:10px\" class=\"detail-desc-decorate-image\" src=\"https:\/\/ae01.alicdn.com\/kf\/S39b065c6f1d74e399d9cf2b611ab0de1G.jpg?width=1000&amp;height=863&amp;hash=1863\" slate-data-type=\"image\"\/> <img decoding=\"async\" style=\"margin-bottom:10px\" class=\"detail-desc-decorate-image\" src=\"https:\/\/ae01.alicdn.com\/kf\/S4049d841e93a480e9abff8422df4f25dX.jpg?width=1000&amp;height=742&amp;hash=1742\" slate-data-type=\"image\"\/> <img decoding=\"async\" style=\"margin-bottom:10px\" class=\"detail-desc-decorate-image\" src=\"https:\/\/ae01.alicdn.com\/kf\/S1d377bf8801e49b68cb4bba4103a3de1P.jpg?width=1000&amp;height=664&amp;hash=1664\" slate-data-type=\"image\"\/><\/div>\n<div>\n<p style=\"font-family:OpenSans;font-size:20px;font-weight:900;line-height:28px;white-space:pre-wrap;color:rgb(0, 0, 0);margin-bottom:12px\" class=\"detail-desc-decorate-title\">Wi\u0119cej szczeg\u00f3\u0142\u00f3w<\/p>\n<\/div>\n<div><img decoding=\"async\" style=\"margin-bottom:10px\" class=\"detail-desc-decorate-image\" src=\"https:\/\/ae01.alicdn.com\/kf\/Sd1d88d90c8814370b9a5a1f4a0b62b36y.jpg?width=958&amp;height=674&amp;hash=1632\" slate-data-type=\"image\"\/> <img decoding=\"async\" style=\"margin-bottom:10px\" class=\"detail-desc-decorate-image\" src=\"https:\/\/ae01.alicdn.com\/kf\/See3fc9536b0b4c9087d1533c9bf98269O.jpg?width=1000&amp;height=667&amp;hash=1667\" slate-data-type=\"image\"\/> <img decoding=\"async\" style=\"margin-bottom:10px\" class=\"detail-desc-decorate-image\" src=\"https:\/\/ae01.alicdn.com\/kf\/Sa8ce11385d124fa79ca40f97a485785at.jpg?width=731&amp;height=497&amp;hash=1228\" slate-data-type=\"image\"\/> <img decoding=\"async\" style=\"margin-bottom:10px\" class=\"detail-desc-decorate-image\" src=\"https:\/\/ae01.alicdn.com\/kf\/S5261d6d32a7947d4b2e65aca6e2f6fa9j.jpg?width=738&amp;height=303&amp;hash=1041\" slate-data-type=\"image\"\/> <img decoding=\"async\" style=\"margin-bottom:10px\" class=\"detail-desc-decorate-image\" src=\"https:\/\/ae01.alicdn.com\/kf\/Sde2c4ac3d2604856b3f490e715495deb9.jpg?width=985&amp;height=424&amp;hash=1409\" slate-data-type=\"image\"\/> <img decoding=\"async\" style=\"margin-bottom:10px\" class=\"detail-desc-decorate-image\" src=\"https:\/\/ae01.alicdn.com\/kf\/Seb314ec11829493b812ae54fe3a9b401u.jpg?width=780&amp;height=537&amp;hash=1317\" slate-data-type=\"image\"\/> <img decoding=\"async\" style=\"margin-bottom:10px\" class=\"detail-desc-decorate-image\" src=\"https:\/\/ae01.alicdn.com\/kf\/S3c59e6961b6247fab676516ec374720eI.jpg?width=872&amp;height=594&amp;hash=1466\" slate-data-type=\"image\"\/> <img decoding=\"async\" style=\"margin-bottom:10px\" class=\"detail-desc-decorate-image\" src=\"https:\/\/ae01.alicdn.com\/kf\/S35bc711fd5774d93a3bed0eb5d6d7b1fB.jpg?width=689&amp;height=447&amp;hash=1136\" slate-data-type=\"image\"\/> <img decoding=\"async\" style=\"margin-bottom:10px\" class=\"detail-desc-decorate-image\" src=\"https:\/\/ae01.alicdn.com\/kf\/Se0252fa02ad6456496993114fb6da7b9Z.jpg?width=526&amp;height=488&amp;hash=1014\" slate-data-type=\"image\"\/> <img decoding=\"async\" style=\"margin-bottom:10px\" class=\"detail-desc-decorate-image\" src=\"https:\/\/ae01.alicdn.com\/kf\/S20c89c4b38d34cfc98d269d65d297a5bB.jpg?width=670&amp;height=550&amp;hash=1220\" slate-data-type=\"image\"\/><\/div>\n<div>\n<p style=\"font-family:OpenSans;font-size:20px;font-weight:900;line-height:28px;white-space:pre-wrap;color:rgb(0, 0, 0);margin-bottom:12px\" class=\"detail-desc-decorate-title\">Nasza fabryka<\/p>\n<\/div>\n<div><img decoding=\"async\" style=\"margin-bottom:10px\" class=\"detail-desc-decorate-image\" src=\"https:\/\/ae01.alicdn.com\/kf\/Sd170a460f94d4e4bb3b45cfeda76be39B.jpg?width=1000&amp;height=750&amp;hash=1750\" slate-data-type=\"image\"\/> <img decoding=\"async\" class=\"detail-desc-decorate-image\" src=\"https:\/\/ae01.alicdn.com\/kf\/S8eebd2859e0148cf8bdf8038a9a73969Y.jpg?width=1440&amp;height=1080&amp;hash=2520\" slate-data-type=\"image\"\/> <img decoding=\"async\" style=\"margin-bottom:10px\" class=\"detail-desc-decorate-image\" src=\"https:\/\/ae01.alicdn.com\/kf\/S132d19d4769a42468225cccfa38f40a4L.jpg?width=1000&amp;height=750&amp;hash=1750\" slate-data-type=\"image\"\/> <img decoding=\"async\" style=\"margin-bottom:10px\" class=\"detail-desc-decorate-image\" src=\"https:\/\/ae01.alicdn.com\/kf\/Sf67f349779354345aadbadb7ddcb403fU.jpg?width=750&amp;height=750&amp;hash=1500\" slate-data-type=\"image\"\/> <img decoding=\"async\" style=\"margin-bottom:10px\" class=\"detail-desc-decorate-image\" src=\"https:\/\/ae01.alicdn.com\/kf\/S304f32d83d334ec4b72d6f6e883edbf9d.jpg?width=2448&amp;height=3264&amp;hash=5712\" slate-data-type=\"image\"\/><\/div>\n<div>\n<p style=\"font-family:OpenSans;font-size:20px;font-weight:900;line-height:28px;white-space:pre-wrap;color:rgb(0, 0, 0);margin-bottom:12px\" class=\"detail-desc-decorate-title\">\u015arodki ostro\u017cno\u015bci przed zakupem.<\/p>\n<p style=\"font-family:OpenSans;font-size:14px;font-weight:300;line-height:20px;white-space:pre-wrap;color:rgb(0, 0, 0);margin-bottom:12px\" class=\"detail-desc-decorate-content\">1. Hulajnogi elektryczne z akumulatorem litowym s\u0105 towarami zakazanymi w transporcie mi\u0119dzynarodowym. Musimy je dostarczy\u0107 w specjalny spos\u00f3b. Zazwyczaj nie ma mo\u017cliwo\u015bci ich transportu, dlatego najpierw wysy\u0142amy je do Shenzhen, nast\u0119pnie do Hongkongu, a nast\u0119pnie do Europy\/Rosji\/USA\/Australii\/Kanady itd. Zazwyczaj wysy\u0142amy je poci\u0105giem do Europy\/Rosji, drog\u0105 morsk\u0105 do USA. Nast\u0119pnie dostarczamy je za po\u015brednictwem UPS\/FedEX i innych firm kurierskich. Je\u015bli chcesz, aby\u015bmy wys\u0142ali je drog\u0105 lotnicz\u0105, musisz ponie\u015b\u0107 znacznie wy\u017csze op\u0142aty dodatkowe.<\/p>\n<p>2. Numeru \u015bledzenia nie mo\u017cna \u015bledzi\u0107 przed zako\u0144czeniem odprawy celnej. Je\u015bli tak, oznacza to, \u017ce skuter zostanie dostarczony kilka dni p\u00f3\u017aniej. Wcze\u015bniej prosimy o cierpliwo\u015b\u0107. Zazwyczaj trwa to oko\u0142o 35-40 dni. Informacje o \u015bledzeniu zostan\u0105 zaktualizowane. Przesy\u0142ka zazwyczaj zostanie wys\u0142ana do domu w ci\u0105gu oko\u0142o 40-60 dni.<\/p>\n<p>3. Powy\u017cszy czas dostawy jest przybli\u017cony, oparty na naszym do\u015bwiadczeniu. Do\u0142o\u017cymy wszelkich stara\u0144, aby zapewni\u0107 niezawodn\u0105 obs\u0142ug\u0119 wysy\u0142kow\u0105 i mamy nadziej\u0119, \u017ce przesy\u0142ka dotrze na czas. Dostawa mo\u017ce jednak ulec op\u00f3\u017anieniu z powodu odprawy celnej, \u015bwi\u0105t pa\u0144stwowych, z\u0142ej pogody, strajku linii lotniczych, huraganu Sandyand itp. Dzi\u0119kujemy za zrozumienie!<\/p>\n<\/div>\n<div><\/div>\n<\/div>\n<\/div>\n<p><\/p>","protected":false},"excerpt":{"rendered":"<p>Tire Size:&nbsp;10 inch Model Number:&nbsp;DH0305 Category:&nbsp;Four-wheel Scooter Applicable People:&nbsp;Unisex Range Per Charge:&nbsp;40km Charging Time:&nbsp;6-8h Voltage:&nbsp;36v Folded:&nbsp;YES Origin:&nbsp;Mainland China Power (W):&nbsp;201-500W Name:&nbsp;Folding electric scooter Speed:&nbsp;6-12-18km\/h Max loading:&nbsp;120kg Motor:&nbsp;250w double motor Battery:&nbsp;36V15.6AH<\/p>","protected":false},"featured_media":8546,"comment_status":"open","ping_status":"closed","template":"","meta":{"_acf_changed":false},"product_brand":[],"product_cat":[301],"product_tag":[],"class_list":{"0":"post-8544","1":"product","2":"type-product","3":"status-publish","4":"has-post-thumbnail","6":"product_cat-electric-mobility-scooters","8":"first","9":"instock","10":"shipping-taxable","11":"purchasable","12":"product-type-variable"},"acf":[],"_links":{"self":[{"href":"https:\/\/electricstore.eu\/pl\/wp-json\/wp\/v2\/product\/8544","targetHints":{"allow":["GET"]}}],"collection":[{"href":"https:\/\/electricstore.eu\/pl\/wp-json\/wp\/v2\/product"}],"about":[{"href":"https:\/\/electricstore.eu\/pl\/wp-json\/wp\/v2\/types\/product"}],"replies":[{"embeddable":true,"href":"https:\/\/electricstore.eu\/pl\/wp-json\/wp\/v2\/comments?post=8544"}],"wp:featuredmedia":[{"embeddable":true,"href":"https:\/\/electricstore.eu\/pl\/wp-json\/wp\/v2\/media\/8546"}],"wp:attachment":[{"href":"https:\/\/electricstore.eu\/pl\/wp-json\/wp\/v2\/media?parent=8544"}],"wp:term":[{"taxonomy":"product_brand","embeddable":true,"href":"https:\/\/electricstore.eu\/pl\/wp-json\/wp\/v2\/product_brand?post=8544"},{"taxonomy":"product_cat","embeddable":true,"href":"https:\/\/electricstore.eu\/pl\/wp-json\/wp\/v2\/product_cat?post=8544"},{"taxonomy":"product_tag","embeddable":true,"href":"https:\/\/electricstore.eu\/pl\/wp-json\/wp\/v2\/product_tag?post=8544"}],"curies":[{"name":"wp","href":"https:\/\/api.w.org\/{rel}","templated":true}]}}