{"id":8462,"date":"2025-05-19T20:31:13","date_gmt":"2025-05-19T20:31:13","guid":{"rendered":"https:\/\/electricstore.eu\/product\/uncategorized\/hx-x8-folding-electric-scooter-350w-45km\/"},"modified":"2025-05-21T05:41:27","modified_gmt":"2025-05-21T05:41:27","slug":"hx-x8-folding-electric-scooter-350w-45km","status":"publish","type":"product","link":"https:\/\/electricstore.eu\/pl\/p\/scooters\/electric-city-scooters\/hx-x8-folding-electric-scooter-350w-45km\/","title":{"rendered":"Kixin X8 350W 36V 10Ah 32km\/h 40-60km 10\u2033 sk\u0142adana hulajnoga elektryczna"},"content":{"rendered":"<div class=\"product-specs-list-container\">\n<ul class=\"product-specs-list util-clearfix\">\n<li class=\"product-prop line-limit-length\"><span\n                                        class=\"property-title\">Numer modelu:&nbsp;<\/span><span\n                                        class=\"property-desc line-limit-length\">x8<\/span>\n                            <\/li>\n<li class=\"product-prop line-limit-length\"><span\n                                        class=\"property-title\">Kategoria:&nbsp;<\/span><span\n                                        class=\"property-desc line-limit-length\">Hulajnoga dwuko\u0142owa<\/span>\n                            <\/li>\n<li class=\"product-prop line-limit-length\"><span\n                                        class=\"property-title\">Osoby, kt\u00f3rych to dotyczy:&nbsp;<\/span><span\n                                        class=\"property-desc line-limit-length\">WOMEN<\/span>\n                            <\/li>\n<li class=\"product-prop line-limit-length\"><span\n                                        class=\"property-title\">Zasi\u0119g na jednym \u0142adowaniu:&nbsp;<\/span><span\n                                        class=\"property-desc line-limit-length\">40-60km<\/span>\n                            <\/li>\n<li class=\"product-prop line-limit-length\"><span\n                                        class=\"property-title\">Czas \u0142adowania:&nbsp;<\/span><span\n                                        class=\"property-desc line-limit-length\">6-8 godzin<\/span>\n                            <\/li>\n<li class=\"product-prop line-limit-length\"><span\n                                        class=\"property-title\">Wolta\u017c:&nbsp;<\/span><span\n                                        class=\"property-desc line-limit-length\">36 V<\/span>\n                            <\/li>\n<li class=\"product-prop line-limit-length\"><span\n                                        class=\"property-title\">Fa\u0142dowy:&nbsp;<\/span><span\n                                        class=\"property-desc line-limit-length\">TAK<\/span>\n                            <\/li>\n<li class=\"product-prop line-limit-length\"><span\n                                        class=\"property-title\">Pochodzenie:&nbsp;<\/span><span\n                                        class=\"property-desc line-limit-length\">Chiny kontynentalne<\/span>\n                            <\/li>\n<li class=\"product-prop line-limit-length\"><span\n                                        class=\"property-title\">Moc (W):&nbsp;<\/span><span\n                                        class=\"property-desc line-limit-length\">201-500 W<\/span>\n                            <\/li>\n<li class=\"product-prop line-limit-length\"><span\n                                        class=\"property-title\">Miejsce pochodzenia:&nbsp;<\/span><span\n                                        class=\"property-desc line-limit-length\">Guangdong, Chiny<\/span>\n                            <\/li>\n<li class=\"product-prop line-limit-length\"><span\n                                        class=\"property-title\">Marka:&nbsp;<\/span><span\n                                        class=\"property-desc line-limit-length\">Kixin<\/span>\n                            <\/li>\n<li class=\"product-prop line-limit-length\"><span\n                                        class=\"property-title\">Numer modelu:&nbsp;<\/span><span\n                                        class=\"property-desc line-limit-length\">X8<\/span>\n                            <\/li>\n<li class=\"product-prop line-limit-length\"><span\n                                        class=\"property-title\">Czas \u0142adowania:&nbsp;<\/span><span\n                                        class=\"property-desc line-limit-length\">5-6 godzin<\/span>\n                            <\/li>\n<li class=\"product-prop line-limit-length\"><span\n                                        class=\"property-title\">Sk\u0142adany:&nbsp;<\/span><span\n                                        class=\"property-desc line-limit-length\">Tak<\/span>\n                            <\/li>\n<li class=\"product-prop line-limit-length\"><span\n                                        class=\"property-title\">Zasi\u0119g na jednym \u0142adowaniu:&nbsp;<\/span><span\n                                        class=\"property-desc line-limit-length\">40-60km<\/span>\n                            <\/li>\n<li class=\"product-prop line-limit-length\"><span\n                                        class=\"property-title\">Maksymalna pr\u0119dko\u015b\u0107:&nbsp;<\/span><span\n                                        class=\"property-desc line-limit-length\">31-40 km\/h<\/span>\n                            <\/li>\n<li class=\"product-prop line-limit-length\"><span\n                                        class=\"property-title\">Kategoria:&nbsp;<\/span><span\n                                        class=\"property-desc line-limit-length\">Hulajnoga dwuko\u0142owa<\/span>\n                            <\/li>\n<li class=\"product-prop line-limit-length\"><span\n                                        class=\"property-title\">Dotyczy t\u0142umu:&nbsp;<\/span><span\n                                        class=\"property-desc line-limit-length\">Dla obu p\u0142ci<\/span>\n                            <\/li>\n<li class=\"product-prop line-limit-length\"><span\n                                        class=\"property-title\">Inteligentny typ:&nbsp;<\/span><span\n                                        class=\"property-desc line-limit-length\">Electronic, Digital<\/span>\n                            <\/li>\n<li class=\"product-prop line-limit-length\"><span\n                                        class=\"property-title\">Pojemno\u015b\u0107 baterii:&nbsp;<\/span><span\n                                        class=\"property-desc line-limit-length\">10ah<\/span>\n                            <\/li>\n<li class=\"product-prop line-limit-length\"><span\n                                        class=\"property-title\">Produkt opatentowany:&nbsp;<\/span><span\n                                        class=\"property-desc line-limit-length\">NIE<\/span>\n                            <\/li>\n<li class=\"product-prop line-limit-length\"><span\n                                        class=\"property-title\">Nazwa produktu:&nbsp;<\/span><span\n                                        class=\"property-desc line-limit-length\">Kixin X8 folding Electric Scooter for Adult<\/span>\n                            <\/li>\n<li class=\"product-prop line-limit-length\"><span\n                                        class=\"property-title\">Top Speed:&nbsp;<\/span><span\n                                        class=\"property-desc line-limit-length\">32 km\/h<\/span>\n                            <\/li>\n<li class=\"product-prop line-limit-length\"><span\n                                        class=\"property-title\">Bateria:&nbsp;<\/span><span\n                                        class=\"property-desc line-limit-length\">36V 10Ah<\/span>\n                            <\/li>\n<li class=\"product-prop line-limit-length\"><span\n                                        class=\"property-title\">Zakres:&nbsp;<\/span><span\n                                        class=\"property-desc line-limit-length\">35-45 km<\/span>\n                            <\/li>\n<li class=\"product-prop line-limit-length\"><span\n                                        class=\"property-title\">Moc silnika:&nbsp;<\/span><span\n                                        class=\"property-desc line-limit-length\">Silnik 350 W<\/span>\n                            <\/li>\n<li class=\"product-prop line-limit-length\"><span\n                                        class=\"property-title\">Maksymalne obci\u0105\u017cenie:&nbsp;<\/span><span\n                                        class=\"property-desc line-limit-length\">100kg<\/span>\n                            <\/li>\n<li class=\"product-prop line-limit-length\"><span\n                                        class=\"property-title\">Opony:&nbsp;<\/span><span\n                                        class=\"property-desc line-limit-length\">10&#039;&#039;  wheels<\/span>\n                            <\/li>\n<li class=\"product-prop line-limit-length\"><span\n                                        class=\"property-title\">Orzecznictwo:&nbsp;<\/span><span\n                                        class=\"property-desc line-limit-length\">CE<\/span>\n                            <\/li>\n<li class=\"product-prop line-limit-length\"><span\n                                        class=\"property-title\">Uk\u0142ad hamulcowy:&nbsp;<\/span><span\n                                        class=\"property-desc line-limit-length\">Front and Rear Disc brakes<\/span>\n                            <\/li>\n<li class=\"product-prop line-limit-length\"><span\n                                        class=\"property-title\">Hill Climbing:&nbsp;<\/span><span\n                                        class=\"property-desc line-limit-length\">15\u00b0<\/span>\n                            <\/li>\n<li class=\"product-prop line-limit-length\"><span\n                                        class=\"property-title\">Certyfikat:&nbsp;<\/span><span\n                                        class=\"property-desc line-limit-length\"><\/span>\n                            <\/li>\n<\/ul><\/div>\n<div class=\"detailmodule_html\">\n<div class=\"detail-desc-decorate-richtext\">\n<div id=\"detail_decorate_root\">\n<div>\u00a0<\/div>\n<div>\n<div id=\"ali-anchor-AliMagic-guogje\">Specyfikacja<\/div>\n<\/div>\n<div>\n<div>\n<table style=\"border-collapse:collapse\" class=\"has-title all magic-1\">\n<tbody>\n<tr>\n<td rowspan=\"1\" colspan=\"1\">\n<div>Model No<\/div>\n<\/td>\n<td rowspan=\"1\" colspan=\"1\">\n<div>X8<\/div>\n<\/td>\n<\/tr>\n<tr>\n<td rowspan=\"1\" colspan=\"1\">\n<div>Roted Voltage<\/div>\n<\/td>\n<td rowspan=\"1\" colspan=\"1\">\n<div>DC36V<\/div>\n<\/td>\n<\/tr>\n<tr>\n<td rowspan=\"1\" colspan=\"1\">\n<div>Rated Power<\/div>\n<\/td>\n<td rowspan=\"1\" colspan=\"1\">\n<div>350 W<\/div>\n<\/td>\n<\/tr>\n<tr>\n<td rowspan=\"1\" colspan=\"1\">\n<div>Tworzywo<\/div>\n<\/td>\n<td rowspan=\"1\" colspan=\"1\">\n<div>Stop aluminium<\/div>\n<\/td>\n<\/tr>\n<tr>\n<td rowspan=\"1\" colspan=\"1\">\n<div>Brake system<\/div>\n<\/td>\n<td rowspan=\"1\" colspan=\"1\">\n<div>Disc brake\/manual brake\/electric brake<\/div>\n<\/td>\n<\/tr>\n<tr>\n<td rowspan=\"1\" colspan=\"1\">\n<div>Maksymalna pr\u0119dko\u015b\u0107<\/div>\n<\/td>\n<td rowspan=\"1\" colspan=\"1\">\n<div>32 KM\/h(Can adjustable)<\/div>\n<\/td>\n<\/tr>\n<tr>\n<td rowspan=\"1\" colspan=\"1\">\n<div>Driving Mileage<\/div>\n<\/td>\n<td rowspan=\"1\" colspan=\"1\">\n<div>35-45Km<\/div>\n<\/td>\n<\/tr>\n<tr>\n<td rowspan=\"1\" colspan=\"1\">\n<div>Max load<\/div>\n<\/td>\n<td rowspan=\"1\" colspan=\"1\">\n<div>100 KG<\/div>\n<\/td>\n<\/tr>\n<tr>\n<td rowspan=\"1\" colspan=\"1\">\n<div>Inteligentny typ<\/div>\n<\/td>\n<td rowspan=\"1\" colspan=\"1\">\n<div>Elektroniczny<\/div>\n<\/td>\n<\/tr>\n<tr>\n<td rowspan=\"1\" colspan=\"1\">\n<div>Pojemno\u015b\u0107 baterii<\/div>\n<\/td>\n<td rowspan=\"1\" colspan=\"1\">\n<div>10Ah<\/div>\n<\/td>\n<\/tr>\n<tr>\n<td rowspan=\"1\" colspan=\"1\">\n<div>Waterproof grade<\/div>\n<\/td>\n<td rowspan=\"1\" colspan=\"1\">\n<div>IP54<\/div>\n<\/td>\n<\/tr>\n<\/tbody>\n<\/table>\n<\/div>\n<\/div>\n<div>\n<div id=\"ali-anchor-AliMagic-28cakk\">Opis produktu<\/div>\n<\/div>\n<div>\n<div>\n<div><img decoding=\"async\" class=\"magic-6\" src=\"https:\/\/ae01.alicdn.com\/kf\/Sb0b4bc708bb04f6897cf61c101f0ddedx.jpg?width=750&amp;height=1032&amp;hash=1782\" slate-data-type=\"image\"\/><\/div>\n<div><img decoding=\"async\" class=\"magic-6\" src=\"https:\/\/ae01.alicdn.com\/kf\/S20905f88e38d4f9bbccc9f88897cd65eL.jpg?width=750&amp;height=465&amp;hash=1215\" slate-data-type=\"image\"\/><\/div>\n<div><img decoding=\"async\" class=\"magic-6\" src=\"https:\/\/ae01.alicdn.com\/kf\/S4dbe36da43d24d83a7b358c768809be0w.jpg?width=750&amp;height=574&amp;hash=1324\" slate-data-type=\"image\"\/><\/div>\n<div><img decoding=\"async\" class=\"magic-6\" src=\"https:\/\/ae01.alicdn.com\/kf\/S0159ae8be9f442a984a47c8ea6894f6at.jpg?width=750&amp;height=400&amp;hash=1150\" slate-data-type=\"image\"\/><\/div>\n<div><img decoding=\"async\" class=\"magic-6\" src=\"https:\/\/ae01.alicdn.com\/kf\/S29a9755407f743d5ac741e2ecf89b53dZ.jpg?width=750&amp;height=400&amp;hash=1150\" slate-data-type=\"image\"\/><\/div>\n<div><img decoding=\"async\" class=\"magic-6\" src=\"https:\/\/ae01.alicdn.com\/kf\/S33f7f4f4169f460786e15ac3c6fde469R.jpg?width=750&amp;height=400&amp;hash=1150\" slate-data-type=\"image\"\/><\/div>\n<div><img decoding=\"async\" class=\"magic-6\" src=\"https:\/\/ae01.alicdn.com\/kf\/S55ecbf0dac4848fa90ec72579652c267o.jpg?width=750&amp;height=482&amp;hash=1232\" slate-data-type=\"image\"\/><\/div>\n<div><img decoding=\"async\" class=\"magic-6\" src=\"https:\/\/ae01.alicdn.com\/kf\/Sdec1a74b02bc490fbf8dd6e63a6fd8b3h.jpg?width=750&amp;height=482&amp;hash=1232\" slate-data-type=\"image\"\/><\/div>\n<div><img decoding=\"async\" class=\"magic-6\" src=\"https:\/\/ae01.alicdn.com\/kf\/Sa389f04557984de1a04f21293d3709a58.jpg?width=750&amp;height=400&amp;hash=1150\" slate-data-type=\"image\"\/><\/div>\n<div><img decoding=\"async\" class=\"magic-6\" src=\"https:\/\/ae01.alicdn.com\/kf\/Sb19c1e79d8ae460bb789c5091d205e77M.jpg?width=750&amp;height=400&amp;hash=1150\" slate-data-type=\"image\"\/><\/div>\n<\/div>\n<\/div>\n<div>\n<div>\n<div>\n<div>\n<div>\n<div><img decoding=\"async\" class=\"magic-9\" src=\"https:\/\/ae01.alicdn.com\/kf\/S9c7394fe3e904dfbbc4b2216e28f81c3H.jpg?width=750&amp;height=400&amp;hash=1150\" slate-data-type=\"image\"\/><\/div>\n<\/div>\n<\/div>\n<\/div>\n<\/div>\n<\/div>\n<div>\n<div>\n<div>\n<div>\n<div>\n<div><img decoding=\"async\" class=\"magic-11\" src=\"https:\/\/ae01.alicdn.com\/kf\/Sbdd70ca081ab4c71843e0b9505eb18fbs.jpg?width=1000&amp;height=600&amp;hash=1600\" slate-data-type=\"image\"\/><\/div>\n<\/div>\n<\/div>\n<\/div>\n<\/div>\n<\/div>\n<div>\n<div>\n<div>\n<div>\n<div>\n<div><img decoding=\"async\" class=\"magic-13\" src=\"https:\/\/ae01.alicdn.com\/kf\/S8d7af63b2dd547ac85acc44a32987dce6.jpg?width=750&amp;height=1000&amp;hash=1750\" slate-data-type=\"image\"\/><\/div>\n<\/div>\n<\/div>\n<\/div>\n<\/div>\n<\/div>\n<div>\n<div>\n<div>\n<div>\n<div>\n<div><img decoding=\"async\" class=\"magic-15\" src=\"https:\/\/ae01.alicdn.com\/kf\/Sd8939330a1cc4a4cb5f8c069c7af668bH.jpg?width=800&amp;height=800&amp;hash=1600\" slate-data-type=\"image\"\/><\/div>\n<\/div>\n<\/div>\n<\/div>\n<\/div>\n<\/div>\n<div>\n<div>\n<div>\n<div>\n<div>\n<div><img decoding=\"async\" class=\"magic-17\" src=\"https:\/\/ae01.alicdn.com\/kf\/See6dd473052c43b5a9ebcb2f862c269bO.jpg?width=367&amp;height=440&amp;hash=807\" slate-data-type=\"image\"\/><\/div>\n<div><img decoding=\"async\" class=\"magic-19\" src=\"https:\/\/ae01.alicdn.com\/kf\/Sb68fa86a5a5b4e41a904ac1b12085a9dO.jpg?width=800&amp;height=821&amp;hash=1621\" slate-data-type=\"image\"\/><\/div>\n<\/div>\n<\/div>\n<\/div>\n<\/div>\n<\/div>\n<div>\n<div>\n<div>\n<div>\n<div>\n<div><img decoding=\"async\" class=\"magic-21\" src=\"https:\/\/ae01.alicdn.com\/kf\/Sda9961bdf7ed4e369d1a0dfc85d45994I.jpg?width=1400&amp;height=1596&amp;hash=2996\" slate-data-type=\"image\"\/><\/div>\n<\/div>\n<\/div>\n<\/div>\n<\/div>\n<\/div>\n<div>\n<div id=\"ali-anchor-AliMagic-8z4j3s\">Profil firmy<\/div>\n<\/div>\n<div>\n<div>\u00a0<\/div>\n<div>\n<div>\n<div>\u00a0<\/div>\n<div>E-ONE to przedsi\u0119biorstwo zajmuj\u0105ce si\u0119 g\u0142\u00f3wnie eksportem nowych produkt\u00f3w energetycznych. Firma znajduje si\u0119 w stolicy prowincji Anhui, Hefei, E-ONE <strong>zosta\u0142 oficjalnie autoryzowany <\/strong>za po\u015brednictwem takich znanych marek bran\u017cowych jak: <strong>Segway-Ninebot, Intex, DYU, HIMO, Kugoo<\/strong> i kilka innych znanych. Zasadniczo nasza kompletna seria zr\u00f3wnowa\u017conych, zielonych i czystych produkt\u00f3w obejmuje <strong>hulajnogi elektryczne, hulajnogi elektryczne samobalansuj\u0105ce, monocykle elektryczne,<\/strong> <span><strong>gokarty elektryczne<\/strong><\/span> <strong>, rowery elektryczne, motocykle elektryczne<\/strong>. Ze wszystkimi dost\u0119pnymi certyfikatami, co zdecydowanie pozwala nam sprzedawa\u0107 nasze produkty zorientowane na jako\u015b\u0107 na ca\u0142ym \u015bwiecie.<\/div>\n<\/div>\n<\/div>\n<\/div>\n<div>\n<div>\u00a0<\/div>\n<div>\n<div><img decoding=\"async\" class=\"magic-30\" src=\"https:\/\/ae01.alicdn.com\/kf\/Sd01d98a5d2e34d649f49394465343dbe4.jpg?width=693&amp;height=978&amp;hash=1671\" slate-data-type=\"image\"\/><\/div>\n<div><img decoding=\"async\" class=\"magic-32\" src=\"https:\/\/ae01.alicdn.com\/kf\/S3674a5ba838d4dd18bd1e5064ce9acd0Y.jpg?width=696&amp;height=980&amp;hash=1676\" slate-data-type=\"image\"\/><\/div>\n<\/div>\n<\/div>\n<div>\n<div id=\"ali-anchor-AliMagic-2wqzal\">Wystawa<\/div>\n<\/div>\n<div>\n<div>\n<div>\n<div>\n<div>\n<div><img decoding=\"async\" class=\"magic-34\" src=\"https:\/\/ae01.alicdn.com\/kf\/Scc76444e41d347fbad43d728c374f28cx.jpg?width=940&amp;height=562&amp;hash=1502\" slate-data-type=\"image\"\/><\/div>\n<\/div>\n<\/div>\n<\/div>\n<\/div>\n<\/div>\n<div>\n<div id=\"ali-anchor-AliMagic-x6mm58\">Opakowanie produktu<\/div>\n<\/div>\n<div>\n<div>\n<div>\n<div>\n<div>\n<div><img decoding=\"async\" class=\"magic-37\" src=\"https:\/\/ae01.alicdn.com\/kf\/S603c352f31ec4ee7928249922cde2535G.jpg?width=1280&amp;height=960&amp;hash=2240\" slate-data-type=\"image\"\/><\/div>\n<div><img decoding=\"async\" class=\"magic-39\" src=\"https:\/\/ae01.alicdn.com\/kf\/S95bfd1d7a07f4f3d9b400cf282483639t.jpg?width=800&amp;height=800&amp;hash=1600\" slate-data-type=\"image\"\/><\/div>\n<\/div>\n<div><img decoding=\"async\" class=\"magic-41\" src=\"https:\/\/ae01.alicdn.com\/kf\/Sf819f886e9ee42da834170d7fbd1b7ach.jpg?width=600&amp;height=800&amp;hash=1400\" slate-data-type=\"image\"\/><\/div>\n<\/div>\n<\/div>\n<\/div>\n<\/div>\n<div>\n<div>\n<div>\n<div>\n<div>\n<div><img decoding=\"async\" class=\"magic-43\" src=\"https:\/\/ae01.alicdn.com\/kf\/S84939f2b10d24bd89ebbf28984b35e9cV.jpg?width=600&amp;height=800&amp;hash=1400\" slate-data-type=\"image\"\/><\/div>\n<\/div>\n<div>\n<div>\n<div>\n<div>\u00a0<\/div>\n<div>\u00a0<\/div>\n<div>\u00a0<\/div>\n<div>\u00a0<\/div>\n<div><span><strong>Aby zapewni\u0107 bezpiecze\u0144stwo Twoich towar\u00f3w, oferujemy profesjonalne, przyjazne dla \u015brodowiska, wygodne i wydajne us\u0142ugi pakowania<br \/>zostanie zapewnione.<\/strong><\/span><\/div>\n<\/div>\n<\/div>\n<\/div>\n<\/div>\n<\/div>\n<\/div>\n<\/div>\n<div>\n<div id=\"ali-anchor-AliMagic-ekf6x0\">Cz\u0119sto zadawane pytania<\/div>\n<\/div>\n<div>\n<div>\n<div>\n<h3 class=\"magic-45\"><\/h3>\n<div>\n<div>\n<div><strong>Q<\/strong>: Czy jeste\u015b producentem? <strong>A<\/strong>: Tak, jeste\u015bmy producentami. Mo\u017cemy \u015bwiadczy\u0107 us\u0142ugi OEM\/ODM dostosowane do r\u00f3\u017cnych zastosowa\u0144 i wymaga\u0144 naszych klient\u00f3w. Wszystkie nasze produkty s\u0105 w pe\u0142ni opatentowane, a ich konstrukcja, osprz\u0119t i oprogramowanie, forma i monta\u017c s\u0105 wykonywane przez nasz w\u0142asny zesp\u00f3\u0142. <strong>Q<\/strong>:Jaka jest minimalna wielko\u015b\u0107 zam\u00f3wienia (MOQ)? <strong>A<\/strong>: Akceptujemy jedn\u0105 jednostk\u0119 dla standardowych produkt\u00f3w. Mo\u017cemy nawet dostosowa\u0107 je do Twojego logo, je\u015bli jest to potrzebne. Je\u015bli potrzebujesz OEM, zobaczymy szczeg\u00f3\u0142owe wymagania i potwierdzimy Ci MOQ z naszego dzia\u0142u sprzeda\u017cy. <strong>Q<\/strong>: Czy mo\u017cemy otrzyma\u0107 darmow\u0105 pr\u00f3bk\u0119? <strong>A<\/strong>: Przepraszamy, zazwyczaj nie dostarczamy bezp\u0142atnych pr\u00f3bek. Je\u015bli klient potwierdzi specyfikacj\u0119 i cen\u0119, mo\u017ce najpierw zam\u00f3wi\u0107 pr\u00f3bk\u0119 do test\u00f3w i oceny. <strong>Q<\/strong>:Jak zam\u00f3wi\u0107 i zap\u0142aci\u0107? <strong>A<\/strong>: Akceptujemy T\/T (przelew bankowy), Alibaba online, Western Union 1 Trade Assurance <strong>Q<\/strong>:Jaka jest gwarancja na Wasze produkty? <strong>A<\/strong>:Oferujemy 24-miesi\u0119czn\u0105 gwarancj\u0119 po wys\u0142aniu przesy\u0142ki. <strong>Q<\/strong>:Jak d\u0142ugo b\u0119dzie trwa\u0142a dostawa? <strong>A<\/strong>: W przypadku czasu realizacji produkcji oko\u0142o 3-10 dni, w zale\u017cno\u015bci od wymaga\u0144, i czasu wysy\u0142ki przez DHL\/UPS\/FEDEX\/TNT, czas dostawy wyniesie oko\u0142o 3-7 dni roboczych. W przypadku niekt\u00f3rych odleg\u0142ych miejsc czas dostawy mo\u017ce by\u0107 nieco d\u0142u\u017cszy. <strong>Q<\/strong> :Jak naprawi\u0107 urz\u0105dzenie w przypadku wyst\u0105pienia problemu? <strong>A<\/strong>:Zapewniamy wsparcie techniczne online w celu rozwi\u0105zania problemu. Je\u015bli chodzi o problem ze sprz\u0119tem, mo\u017cemy wys\u0142a\u0107 cz\u0119\u015bci lub komponenty i nauczy\u0107 klienta, jak je zamontowa\u0107, je\u015bli ma technika, lub mo\u017ce r\u00f3wnie\u017c odes\u0142a\u0107 je do nas w celu rozwi\u0105zania problemu. <strong>Q<\/strong>: Czy mo\u017cecie dostosowa\u0107 i rozpowszechni\u0107 nasz produkt? <strong>A<\/strong>:Jeste\u015bmy profesjonalnym producentem rower\u00f3w elektrycznych z 8-letnim do\u015bwiadczeniem w produkcji. Oferujemy wsparcie w zakresie personalizacji, dystrybucji i sprzeda\u017cy hurtowej naszych produkt\u00f3w.<\/div>\n<\/div>\n<\/div>\n<\/div>\n<\/div>\n<\/div>\n<\/div>\n<\/div>\n<\/div>\n<p><\/p>","protected":false},"excerpt":{"rendered":"<p>Model Number:&nbsp;x8 Category:&nbsp;Two-wheel Scooter Applicable People:&nbsp;WOMEN Range Per Charge:&nbsp;40-60km Charging Time:&nbsp;6-8h Voltage:&nbsp;36v Folded:&nbsp;YES Origin:&nbsp;Mainland China Power (W):&nbsp;201-500W Place of Origin:&nbsp;Guangdong, China Brand:&nbsp;Kixin Model Number:&nbsp;X8 Charging Time:&nbsp;5-6h Foldable:&nbsp;Yes Range Per Charge:&nbsp;40-60km<\/p>","protected":false},"featured_media":8464,"comment_status":"open","ping_status":"closed","template":"","meta":{"_acf_changed":false},"product_brand":[],"product_cat":[469],"product_tag":[],"class_list":{"0":"post-8462","1":"product","2":"type-product","3":"status-publish","4":"has-post-thumbnail","6":"product_cat-electric-city-scooters","8":"first","9":"instock","10":"shipping-taxable","11":"purchasable","12":"product-type-variable"},"acf":[],"_links":{"self":[{"href":"https:\/\/electricstore.eu\/pl\/wp-json\/wp\/v2\/product\/8462","targetHints":{"allow":["GET"]}}],"collection":[{"href":"https:\/\/electricstore.eu\/pl\/wp-json\/wp\/v2\/product"}],"about":[{"href":"https:\/\/electricstore.eu\/pl\/wp-json\/wp\/v2\/types\/product"}],"replies":[{"embeddable":true,"href":"https:\/\/electricstore.eu\/pl\/wp-json\/wp\/v2\/comments?post=8462"}],"wp:featuredmedia":[{"embeddable":true,"href":"https:\/\/electricstore.eu\/pl\/wp-json\/wp\/v2\/media\/8464"}],"wp:attachment":[{"href":"https:\/\/electricstore.eu\/pl\/wp-json\/wp\/v2\/media?parent=8462"}],"wp:term":[{"taxonomy":"product_brand","embeddable":true,"href":"https:\/\/electricstore.eu\/pl\/wp-json\/wp\/v2\/product_brand?post=8462"},{"taxonomy":"product_cat","embeddable":true,"href":"https:\/\/electricstore.eu\/pl\/wp-json\/wp\/v2\/product_cat?post=8462"},{"taxonomy":"product_tag","embeddable":true,"href":"https:\/\/electricstore.eu\/pl\/wp-json\/wp\/v2\/product_tag?post=8462"}],"curies":[{"name":"wp","href":"https:\/\/api.w.org\/{rel}","templated":true}]}}