{"id":7803,"date":"2025-05-15T19:58:15","date_gmt":"2025-05-15T19:58:15","guid":{"rendered":"https:\/\/electricstore.eu\/product\/evercross-tech-ev13m-150w-8-16-km-h-12km-12-children-electric-motorbike\/"},"modified":"2025-05-21T06:07:41","modified_gmt":"2025-05-21T06:07:41","slug":"evercross-tech-ev13m-150w-8-16-km-h-12km-12-children-electric-motorbike","status":"publish","type":"product","link":"https:\/\/electricstore.eu\/pl\/p\/motorbikes\/electric-children-motorbikes\/evercross-tech-ev13m-150w-8-16-km-h-12km-12-children-electric-motorbike\/","title":{"rendered":"EVERCROSS TECH EV13M 150W 14V 5,2Ah 16km\/h 12km 12\u2033 elektryczny motocykl dzieci\u0119cy"},"content":{"rendered":"<div class=\"product-specs-list-container\">\n<ul class=\"product-specs-list util-clearfix\">\n<li class=\"product-prop line-limit-length\"><span\n                                        class=\"property-title\">Numer modelu:&nbsp;<\/span><span\n                                        class=\"property-desc line-limit-length\">EV13M<\/span>\n                            <\/li>\n<li class=\"product-prop line-limit-length\"><span\n                                        class=\"property-title\">Nominalna pojemno\u015b\u0107 pasa\u017cerska:&nbsp;<\/span><span\n                                        class=\"property-desc line-limit-length\">Jedno miejsce<\/span>\n                            <\/li>\n<li class=\"product-prop line-limit-length\"><span\n                                        class=\"property-title\">Styl:&nbsp;<\/span><span\n                                        class=\"property-desc line-limit-length\">Typ standardowy<\/span>\n                            <\/li>\n<li class=\"product-prop line-limit-length\"><span\n                                        class=\"property-title\">Maksymalna pr\u0119dko\u015b\u0107:&nbsp;<\/span><span\n                                        class=\"property-desc line-limit-length\">&lt;25 km\/h<\/span>\n                            <\/li>\n<li class=\"product-prop line-limit-length\"><span\n                                        class=\"property-title\">Zasi\u0119g na moc:&nbsp;<\/span><span\n                                        class=\"property-desc line-limit-length\">10 \u2013 30 kilometr\u00f3w<\/span>\n                            <\/li>\n<li class=\"product-prop line-limit-length\"><span\n                                        class=\"property-title\">Moc:&nbsp;<\/span><span\n                                        class=\"property-desc line-limit-length\">&lt; 200 W<\/span>\n                            <\/li>\n<li class=\"product-prop line-limit-length\"><span\n                                        class=\"property-title\">Zasilanie:&nbsp;<\/span><span\n                                        class=\"property-desc line-limit-length\">bateria litowa<\/span>\n                            <\/li>\n<li class=\"product-prop line-limit-length\"><span\n                                        class=\"property-title\">Wolta\u017c:&nbsp;<\/span><span\n                                        class=\"property-desc line-limit-length\">14<\/span>\n                            <\/li>\n<li class=\"product-prop line-limit-length\"><span\n                                        class=\"property-title\">Nazwa marki:&nbsp;<\/span><span\n                                        class=\"property-desc line-limit-length\">TECHNOLOGIA EVERCROSS<\/span>\n                            <\/li>\n<li class=\"product-prop line-limit-length\"><span\n                                        class=\"property-title\">\u0179r\u00f3d\u0142o zasilania:&nbsp;<\/span><span\n                                        class=\"property-desc line-limit-length\">bateria litowa<\/span>\n                            <\/li>\n<li class=\"product-prop line-limit-length\"><span\n                                        class=\"property-title\">Silnik:&nbsp;<\/span><span\n                                        class=\"property-desc line-limit-length\">Bezszczotkowy<\/span>\n                            <\/li>\n<li class=\"product-prop line-limit-length\"><span\n                                        class=\"property-title\">Pochodzenie:&nbsp;<\/span><span\n                                        class=\"property-desc line-limit-length\">Chiny kontynentalne<\/span>\n                            <\/li>\n<li class=\"product-prop line-limit-length\"><span\n                                        class=\"property-title\">Fa\u0142dowy:&nbsp;<\/span><span\n                                        class=\"property-desc line-limit-length\">NIE<\/span>\n                            <\/li>\n<li class=\"product-prop line-limit-length\"><span\n                                        class=\"property-title\">Rozmiar ko\u0142a:&nbsp;<\/span><span\n                                        class=\"property-desc line-limit-length\">12 cali<\/span>\n                            <\/li>\n<li class=\"product-prop line-limit-length\"><span\n                                        class=\"property-title\">Materia\u0142 ramy:&nbsp;<\/span><span\n                                        class=\"property-desc line-limit-length\">Stop aluminium<\/span>\n                            <\/li>\n<\/ul><\/div>\n<div class=\"detailmodule_html\">\n<div class=\"detail-desc-decorate-richtext\">\n<p style=\"font-family:DeepSeek-CJK-patch, Inter, system-ui, -apple-system, BlinkMacSystemFont, &quot;Segoe UI&quot;, Roboto, &quot;Noto Sans&quot;, Ubuntu, Cantarell, &quot;Helvetica Neue&quot;, Oxygen, &quot;Open Sans&quot;, sans-serif;font-size:16.002px;font-weight:400;letter-spacing:normal;line-height:var(--ds-md-line-height);text-align:start;white-space:normal;color:rgb(64, 64, 64);margin:calc(var(--ds-md-zoom)*12px)0\" align=\"start\"><strong>Mocny silnik o mocy 150 W i hamulce tarczowe<\/strong><\/p>\n<p style=\"font-family:DeepSeek-CJK-patch, Inter, system-ui, -apple-system, BlinkMacSystemFont, &quot;Segoe UI&quot;, Roboto, &quot;Noto Sans&quot;, Ubuntu, Cantarell, &quot;Helvetica Neue&quot;, Oxygen, &quot;Open Sans&quot;, sans-serif;font-size:16.002px;font-weight:400;letter-spacing:normal;line-height:var(--ds-md-line-height);text-align:start;white-space:normal;color:rgb(64, 64, 64);margin:calc(var(--ds-md-zoom)*12px)0\" align=\"start\">Odkryj nasz solidny silnik o mocy 150 W, p\u0142ynnie i niezawodnie pracuj\u0105cy, w po\u0142\u0105czeniu z hamulcami tarczowymi dla optymalnego bezpiecze\u0144stwa. Twoje dziecko doceni precyzj\u0119 i kontrol\u0119 prowadzenia, nawet przy du\u017cej pr\u0119dko\u015bci.<\/p>\n<p><\/p>\n<p style=\"font-family:DeepSeek-CJK-patch, Inter, system-ui, -apple-system, BlinkMacSystemFont, &quot;Segoe UI&quot;, Roboto, &quot;Noto Sans&quot;, Ubuntu, Cantarell, &quot;Helvetica Neue&quot;, Oxygen, &quot;Open Sans&quot;, sans-serif;font-size:16.002px;font-weight:400;letter-spacing:normal;line-height:var(--ds-md-line-height);text-align:start;white-space:normal;color:rgb(64, 64, 64);margin:calc(var(--ds-md-zoom)*12px)0\" align=\"start\"><strong>2 skalowalne tryby pr\u0119dko\u015bci<\/strong><br \/>Dzi\u0119ki dw\u00f3m regulowanym pr\u0119dko\u015bciom (8 km\/h i 16 km\/h) ten pojazd pozwala m\u0142odym pilotom rozwija\u0107 si\u0119 we w\u0142asnym tempie. Idealny do zdobywania pewno\u015bci siebie, a jednocze\u015bnie zapewniaj\u0105cy ekscytuj\u0105ce i bezpieczne wra\u017cenia z jazdy.<\/p>\n<p><\/p>\n<p style=\"font-family:DeepSeek-CJK-patch, Inter, system-ui, -apple-system, BlinkMacSystemFont, &quot;Segoe UI&quot;, Roboto, &quot;Noto Sans&quot;, Ubuntu, Cantarell, &quot;Helvetica Neue&quot;, Oxygen, &quot;Open Sans&quot;, sans-serif;font-size:16.002px;font-weight:400;letter-spacing:normal;line-height:var(--ds-md-line-height);text-align:start;white-space:normal;color:rgb(64, 64, 64);margin:calc(var(--ds-md-zoom)*12px)0\" align=\"start\"><strong>D\u0142ugoterminowa autonomia<\/strong><br \/>Wyposa\u017cony w akumulator o du\u017cej pojemno\u015bci 14,4 V\/5,2 Ah (74,88 Wh), EV13M oferuje zasi\u0119g do 12 km. Wi\u0119cej zabawy, mniej przerw na ma\u0142e przygody!<\/p>\n<p><\/p>\n<p style=\"font-family:DeepSeek-CJK-patch, Inter, system-ui, -apple-system, BlinkMacSystemFont, &quot;Segoe UI&quot;, Roboto, &quot;Noto Sans&quot;, Ubuntu, Cantarell, &quot;Helvetica Neue&quot;, Oxygen, &quot;Open Sans&quot;, sans-serif;font-size:16.002px;font-weight:400;letter-spacing:normal;line-height:var(--ds-md-line-height);text-align:start;white-space:normal;color:rgb(64, 64, 64);margin:calc(var(--ds-md-zoom)*12px)0\" align=\"start\"><strong>Idealny rozmiar dla dzieci w wieku 3-12 lat<\/strong><br \/>Zaprojektowany specjalnie dla dzieci: kompaktowe wymiary (92,5 \u00d7 54 \u00d7 64,5 cm) i niewielka waga (11,5 kg). Ud\u017awig do 40 kg, idealny dla dzieci w wieku 3-12 lat.<\/p>\n<p><\/p>\n<p style=\"font-family:DeepSeek-CJK-patch, Inter, system-ui, -apple-system, BlinkMacSystemFont, &quot;Segoe UI&quot;, Roboto, &quot;Noto Sans&quot;, Ubuntu, Cantarell, &quot;Helvetica Neue&quot;, Oxygen, &quot;Open Sans&quot;, sans-serif;font-size:16.002px;font-weight:400;letter-spacing:normal;line-height:var(--ds-md-line-height);text-align:start;white-space:normal;color:rgb(64, 64, 64);margin:calc(var(--ds-md-zoom)*12px)0\" align=\"start\"><strong>12-calowe opony terenowe<\/strong><br \/>Dzi\u0119ki wytrzyma\u0142ym 12-calowym oponom pojazd ten doskonale radzi sobie w terenie: na trawie, chodnikach i drogach o dobrej nawierzchni. Idealny sprzymierzeniec na stabilne i przyjemne przygody na \u015bwie\u017cym powietrzu.<\/p>\n<\/div>\n<\/div>","protected":false},"excerpt":{"rendered":"<p>Model Number:&nbsp;EV13M Rated Passenger Capacity:&nbsp;One Seat Style:&nbsp;Standard Type Max Speed:&nbsp;&lt;25km\/h Range per Power:&nbsp;10 &#8211; 30 km Wattage:&nbsp;&lt; 200W Power Supply:&nbsp;lithium battery Voltage:&nbsp;14 Brand Name:&nbsp;EVERCROSS TECH Power Source:&nbsp;lithium battery Motor:&nbsp;Brushless Origin:&nbsp;Mainland<\/p>","protected":false},"featured_media":7804,"comment_status":"open","ping_status":"closed","template":"","meta":{"_acf_changed":false},"product_brand":[],"product_cat":[313],"product_tag":[327],"class_list":{"0":"post-7803","1":"product","2":"type-product","3":"status-publish","4":"has-post-thumbnail","6":"product_cat-electric-children-motorbikes","7":"product_tag-evercross","9":"first","10":"instock","11":"shipping-taxable","12":"purchasable","13":"product-type-variable"},"acf":[],"_links":{"self":[{"href":"https:\/\/electricstore.eu\/pl\/wp-json\/wp\/v2\/product\/7803","targetHints":{"allow":["GET"]}}],"collection":[{"href":"https:\/\/electricstore.eu\/pl\/wp-json\/wp\/v2\/product"}],"about":[{"href":"https:\/\/electricstore.eu\/pl\/wp-json\/wp\/v2\/types\/product"}],"replies":[{"embeddable":true,"href":"https:\/\/electricstore.eu\/pl\/wp-json\/wp\/v2\/comments?post=7803"}],"wp:featuredmedia":[{"embeddable":true,"href":"https:\/\/electricstore.eu\/pl\/wp-json\/wp\/v2\/media\/7804"}],"wp:attachment":[{"href":"https:\/\/electricstore.eu\/pl\/wp-json\/wp\/v2\/media?parent=7803"}],"wp:term":[{"taxonomy":"product_brand","embeddable":true,"href":"https:\/\/electricstore.eu\/pl\/wp-json\/wp\/v2\/product_brand?post=7803"},{"taxonomy":"product_cat","embeddable":true,"href":"https:\/\/electricstore.eu\/pl\/wp-json\/wp\/v2\/product_cat?post=7803"},{"taxonomy":"product_tag","embeddable":true,"href":"https:\/\/electricstore.eu\/pl\/wp-json\/wp\/v2\/product_tag?post=7803"}],"curies":[{"name":"wp","href":"https:\/\/api.w.org\/{rel}","templated":true}]}}