{"id":7781,"date":"2025-05-15T19:56:30","date_gmt":"2025-05-15T19:56:30","guid":{"rendered":"https:\/\/electricstore.eu\/product\/evercross-tech-ev-07m-20-km-h-10-km-11-children-electric-motorbike\/"},"modified":"2025-05-21T05:40:08","modified_gmt":"2025-05-21T05:40:08","slug":"evercross-tech-ev-07m-20-km-h-10-km-11-children-electric-motorbike","status":"publish","type":"product","link":"https:\/\/electricstore.eu\/pl\/p\/motorbikes\/electric-children-motorbikes\/evercross-tech-ev-07m-20-km-h-10-km-11-children-electric-motorbike\/","title":{"rendered":"EVERCROSS TECH EV07M 300W 24V 4Ah 20 km\/h 10-30 km 11\u2033 elektryczny motocykl dzieci\u0119cy"},"content":{"rendered":"<div class=\"product-specs-list-container\">\n<ul class=\"product-specs-list util-clearfix\">\n<li class=\"product-prop line-limit-length\"><span\n                                        class=\"property-title\">Numer modelu:&nbsp;<\/span><span\n                                        class=\"property-desc line-limit-length\">EV07M<\/span>\n                            <\/li>\n<li class=\"product-prop line-limit-length\"><span\n                                        class=\"property-title\">Nominalna pojemno\u015b\u0107 pasa\u017cerska:&nbsp;<\/span><span\n                                        class=\"property-desc line-limit-length\">Jedno miejsce<\/span>\n                            <\/li>\n<li class=\"product-prop line-limit-length\"><span\n                                        class=\"property-title\">Styl:&nbsp;<\/span><span\n                                        class=\"property-desc line-limit-length\">Typ standardowy<\/span>\n                            <\/li>\n<li class=\"product-prop line-limit-length\"><span\n                                        class=\"property-title\">Maksymalna pr\u0119dko\u015b\u0107:&nbsp;<\/span><span\n                                        class=\"property-desc line-limit-length\">&lt;25 km\/h<\/span>\n                            <\/li>\n<li class=\"product-prop line-limit-length\"><span\n                                        class=\"property-title\">Zasi\u0119g na moc:&nbsp;<\/span><span\n                                        class=\"property-desc line-limit-length\">10 \u2013 30 kilometr\u00f3w<\/span>\n                            <\/li>\n<li class=\"product-prop line-limit-length\"><span\n                                        class=\"property-title\">Moc:&nbsp;<\/span><span\n                                        class=\"property-desc line-limit-length\">251 \u2013 350 W<\/span>\n                            <\/li>\n<li class=\"product-prop line-limit-length\"><span\n                                        class=\"property-title\">Zasilanie:&nbsp;<\/span><span\n                                        class=\"property-desc line-limit-length\">bateria litowa<\/span>\n                            <\/li>\n<li class=\"product-prop line-limit-length\"><span\n                                        class=\"property-title\">Wolta\u017c:&nbsp;<\/span><span\n                                        class=\"property-desc line-limit-length\">24V<\/span>\n                            <\/li>\n<li class=\"product-prop line-limit-length\"><span\n                                        class=\"property-title\">Nazwa marki:&nbsp;<\/span><span\n                                        class=\"property-desc line-limit-length\">TECHNOLOGIA EVERCROSS<\/span>\n                            <\/li>\n<li class=\"product-prop line-limit-length\"><span\n                                        class=\"property-title\">\u0179r\u00f3d\u0142o zasilania:&nbsp;<\/span><span\n                                        class=\"property-desc line-limit-length\">bateria litowa<\/span>\n                            <\/li>\n<li class=\"product-prop line-limit-length\"><span\n                                        class=\"property-title\">Pochodzenie:&nbsp;<\/span><span\n                                        class=\"property-desc line-limit-length\">Chiny kontynentalne<\/span>\n                            <\/li>\n<li class=\"product-prop line-limit-length\"><span\n                                        class=\"property-title\">Fa\u0142dowy:&nbsp;<\/span><span\n                                        class=\"property-desc line-limit-length\">NIE<\/span>\n                            <\/li>\n<li class=\"product-prop line-limit-length\"><span\n                                        class=\"property-title\">Rozmiar ko\u0142a:&nbsp;<\/span><span\n                                        class=\"property-desc line-limit-length\">12 cali<\/span>\n                            <\/li>\n<\/ul><\/div>\n<div class=\"detailmodule_html\">\n<div class=\"detail-desc-decorate-richtext\">\n<p><strong><span style=\"font-size:10.5pt;font-family:Calibri\">MODULACJA MOCY DLA BEZPIECZNEJ I PRZYJEMNEJ JAZDY<\/span><\/strong><\/p>\n<p class=\"MsoNormal\"><span style=\"font-size:10.5pt;font-family:Calibri\">Motocykl elektryczny<\/span><span style=\"font-size:10.5pt;font-family:\u5b8b\u4f53\">TECHNIKA EVERROSS<\/span><span style=\"font-size:10.5pt;font-family:Calibri\">EV07M osi\u0105ga pr\u0119dko\u015b\u0107 maksymaln\u0105 20 km\/h, co jest idealne, aby zapewni\u0107 dzieciom w wieku od 3 do 12 lat ekscytuj\u0105ce wra\u017cenia z jazdy, zapewniaj\u0105c jednocze\u015bnie bezpiecze\u0144stwo. Pr\u0119dko\u015b\u0107 zosta\u0142a starannie dobrana, aby zapewni\u0107 rodzicom idealn\u0105 r\u00f3wnowag\u0119 mi\u0119dzy przyjemno\u015bci\u0105 a spokojem ducha.<\/span><\/p>\n<p><\/p>\n<p class=\"MsoNormal\"><strong><span style=\"font-size:10.5pt;font-family:Calibri\">SOLIDNA KONSTRUKCJA I DOSTOSOWANIE DO DZIECI<\/span><\/strong><\/p>\n<p class=\"MsoNormal\"><span style=\"font-size:10.5pt;font-family:Calibri\">Wyposa\u017cony w solidn\u0105 ram\u0119 i 11-calowe ko\u0142a, ten motocykl ud\u017awignie do 60 kg, dzi\u0119ki czemu jest odpowiedni dla dzieci o r\u00f3\u017cnych rozmiarach. Jego nowoczesny design i jaskrawe kolory przypadn\u0105 do gustu zar\u00f3wno ch\u0142opcom, jak i dziewczynkom, oferuj\u0105c styl, kt\u00f3ry dzieci uwielbiaj\u0105.<\/span><\/p>\n<p><\/p>\n<p class=\"MsoNormal\"><strong><span style=\"font-size:10.5pt;font-family:Calibri\">D\u0141UGA AUTONOMIA DLA WI\u0118KSZEJ PRZYJEMNO\u015aCI<\/span><\/strong><\/p>\n<p class=\"MsoNormal\"><span style=\"font-size:10.5pt;font-family:Calibri\">Dzi\u0119ki akumulatorowi 25,2 V 4 Ah (100,8 Wh) motocykl elektryczny oferuje zasi\u0119g do 10 km na jednym \u0142adowaniu, idealny do przyg\u00f3d na \u015bwie\u017cym powietrzu. Czas \u0142adowania wynosi zaledwie 4-6 godzin, dzi\u0119ki czemu dzieci mog\u0105 szybko wr\u00f3ci\u0107 do aktywno\u015bci po przerwie.<\/span><\/p>\n<p><\/p>\n<p class=\"MsoNormal\"><strong><span style=\"font-size:10.5pt;font-family:Calibri\">WZMOCNIONE BEZPIECZE\u0143STWO CARACT\u00c9RISTIQUES<\/span><\/strong><\/p>\n<p class=\"MsoNormal\"><span style=\"font-size:10.5pt;font-family:Calibri\">Model EV07M jest wyposa\u017cony w wydajny uk\u0142ad hamulc\u00f3w tarczowych i nisko po\u0142o\u017cony \u015brodek ci\u0119\u017cko\u015bci, co zapewnia lepsz\u0105 stabilno\u015b\u0107 i optymaln\u0105 kontrol\u0119. Te cechy gwarantuj\u0105 bezpieczn\u0105 jazd\u0119 nawet m\u0142odym, pocz\u0105tkuj\u0105cym kierowcom.<\/span><\/p>\n<p><\/p>\n<p class=\"MsoNormal\"><strong><span style=\"font-size:10.5pt;font-family:Calibri\">BRAK SILNIKA DLA R\u00d3\u017bNYCH TEREN\u00d3W<\/span><\/strong><\/p>\n<p class=\"MsoNormal\"><span style=\"font-size:10.5pt;font-family:Calibri\">Dzi\u0119ki silnikowi o mocy 300 W ten motocykl elektryczny pokonuje wzniesienia o nachyleniu do 8\u00b0, co czyni go idealnym wyborem na zr\u00f3\u017cnicowany teren. Zar\u00f3wno na p\u0142askich nawierzchniach, jak i na \u0142agodnych wzniesieniach, EV07M zapewnia p\u0142ynn\u0105 i niezawodn\u0105 jazd\u0119. To idealny prezent, kt\u00f3ry zach\u0119ci dzieci do odkrywania i rozwijania umiej\u0119tno\u015bci jazdy.<\/span><\/p>\n<\/div>\n<\/div>","protected":false},"excerpt":{"rendered":"<p>Model Number:&nbsp;EV07M Rated Passenger Capacity:&nbsp;One Seat Style:&nbsp;Standard Type Max Speed:&nbsp;&lt;25km\/h Range per Power:&nbsp;10 &#8211; 30 km Wattage:&nbsp;251 &#8211; 350w Power Supply:&nbsp;lithium battery Voltage:&nbsp;24V Brand Name:&nbsp;EVERCROSS TECH Power Source:&nbsp;lithium battery Origin:&nbsp;Mainland<\/p>","protected":false},"featured_media":7782,"comment_status":"open","ping_status":"closed","template":"","meta":{"_acf_changed":false},"product_brand":[],"product_cat":[313],"product_tag":[327],"class_list":{"0":"post-7781","1":"product","2":"type-product","3":"status-publish","4":"has-post-thumbnail","6":"product_cat-electric-children-motorbikes","7":"product_tag-evercross","9":"first","10":"instock","11":"shipping-taxable","12":"purchasable","13":"product-type-variable"},"acf":[],"_links":{"self":[{"href":"https:\/\/electricstore.eu\/pl\/wp-json\/wp\/v2\/product\/7781","targetHints":{"allow":["GET"]}}],"collection":[{"href":"https:\/\/electricstore.eu\/pl\/wp-json\/wp\/v2\/product"}],"about":[{"href":"https:\/\/electricstore.eu\/pl\/wp-json\/wp\/v2\/types\/product"}],"replies":[{"embeddable":true,"href":"https:\/\/electricstore.eu\/pl\/wp-json\/wp\/v2\/comments?post=7781"}],"wp:featuredmedia":[{"embeddable":true,"href":"https:\/\/electricstore.eu\/pl\/wp-json\/wp\/v2\/media\/7782"}],"wp:attachment":[{"href":"https:\/\/electricstore.eu\/pl\/wp-json\/wp\/v2\/media?parent=7781"}],"wp:term":[{"taxonomy":"product_brand","embeddable":true,"href":"https:\/\/electricstore.eu\/pl\/wp-json\/wp\/v2\/product_brand?post=7781"},{"taxonomy":"product_cat","embeddable":true,"href":"https:\/\/electricstore.eu\/pl\/wp-json\/wp\/v2\/product_cat?post=7781"},{"taxonomy":"product_tag","embeddable":true,"href":"https:\/\/electricstore.eu\/pl\/wp-json\/wp\/v2\/product_tag?post=7781"}],"curies":[{"name":"wp","href":"https:\/\/api.w.org\/{rel}","templated":true}]}}