{"id":7574,"date":"2025-05-15T19:32:53","date_gmt":"2025-05-15T19:32:53","guid":{"rendered":"https:\/\/electricstore.eu\/product\/usamr-500ah-12v-lifepo4-battery\/"},"modified":"2025-05-20T13:42:13","modified_gmt":"2025-05-20T13:42:13","slug":"usamr-500ah-12v-lifepo4-battery","status":"publish","type":"product","link":"https:\/\/electricstore.eu\/pl\/p\/batteries\/lifepo4-batteries\/200ah-lifepo4-batteries\/usamr-500ah-12v-lifepo4-battery\/","title":{"rendered":"Akumulator USAMR 500Ah 12V LiFePO4"},"content":{"rendered":"<div class=\"product-specs-list-container\">\n<ul class=\"product-specs-list util-clearfix\">\n<li class=\"product-prop line-limit-length\"><span class=\"property-title\">Pojemno\u015b\u0107 nominalna:\u00a0<\/span><span class=\"property-desc line-limit-length\">500AH<\/span><\/li>\n<li class=\"product-prop line-limit-length\"><span class=\"property-title\">Waga:\u00a0<\/span><span class=\"property-desc line-limit-length\">Oko\u0142o 39,3 kg<\/span><\/li>\n<li class=\"product-prop line-limit-length\"><span class=\"property-title\">Wolta\u017c:\u00a0<\/span><span class=\"property-desc line-limit-length\">12V<\/span><\/li>\n<li class=\"product-prop line-limit-length\"><span class=\"property-title\">Rozmiar:\u00a0<\/span><span class=\"property-desc line-limit-length\">430x240x270mm<\/span><\/li>\n<li class=\"product-prop line-limit-length\"><span class=\"property-title\">Numer modelu:\u00a0<\/span><span class=\"property-desc line-limit-length\">Akumulator Liferpo4 12 V<\/span><\/li>\n<li class=\"product-prop line-limit-length\"><span class=\"property-title\">Typ:\u00a0<\/span><span class=\"property-desc line-limit-length\">LiFePO4<\/span><\/li>\n<li class=\"product-prop line-limit-length\"><span class=\"property-title\">Nazwa marki:\u00a0<\/span><span class=\"property-desc line-limit-length\">Lubi\u0107<\/span><\/li>\n<li class=\"product-prop line-limit-length\"><span class=\"property-title\">Pochodzenie:\u00a0<\/span><span class=\"property-desc line-limit-length\">Chiny kontynentalne<\/span><\/li>\n<\/ul>\n<\/div>\n<div class=\"detailmodule_html\">\n<div class=\"detail-desc-decorate-richtext\">\n<p style=\"text-align: left; color: #ff0000; font-size: 20px; font-weight: bold;\">Transport na terenie Unii Europejskiej, Wielkiej Brytanii, Stan\u00f3w Zjednoczonych, Kanady i Azji jest WOLNY OD PODATKU.<\/p>\n<p style=\"text-align: left; color: #434649; font-size: 13px;\">Magazyn UE (magazyn w Polsce) dotar\u0142. Przyjaciele, kt\u00f3rzy go potrzebuj\u0105, mog\u0105 z\u0142o\u017cy\u0107 zam\u00f3wienie ju\u017c teraz. Najpierw z\u0142\u00f3\u017c zam\u00f3wienie i zorganizuj przesy\u0142k\u0119. Towar mo\u017cesz otrzyma\u0107 w ci\u0105gu 3-7 dni od wysy\u0142ki.<br \/>Typ baterii:<br \/>Pojemno\u015b\u0107 akumulatora: 500ah<br \/>Rozmiar baterii: 430*240*270mm (+\/-10mm)<br \/>Waga: 39,3 kg (+\/-0,5 kg)<br \/>Wbudowany: Akumulator LiFePO4 3,2 V<br \/>Napi\u0119cie znamionowe: 12,8 V<br \/>Maksymalny pr\u0105d \u0142adowania: 50A<br \/>Pr\u0105d roz\u0142adowania natychmiastowego: 200A<br \/>Ci\u0105g\u0142y pr\u0105d roz\u0142adowania: 100A<br \/>\u017bycie: 6000 cykli lub wi\u0119cej<br \/>Materia\u0142 obudowy: Matel<br \/>Temperatura \u0142adowania: 0~45\u00b0C<br \/>Temperatura roz\u0142adowania: -20~60\u00b0C<br \/>Temperatura przechowywania: -20~65 \u00b0C<br \/>Zakres napi\u0119cia roboczego: 8,0 V-14,6 V<br \/>Napi\u0119cie zabezpieczenia przeci\u0105\u017ceniowego: 14,6 V \u00b1 0,05 V<br \/>Zabezpieczenie napi\u0119ciowe przed przepi\u0119ciami: 8,0 V \u00b1 0,05 V<br \/>Chro\u0144 temperatur\u0119 akumulatora: 60\u00b0C plus 5\u00b0C<br \/>Wyj\u015bcie i parametry: kolumna po\u0142\u0105cze\u0144 wysokopr\u0105dowych dodatnich\/ujemnych (czerwony dodatni, czarny ujemny)<\/p>\n<p><img fetchpriority=\"high\" decoding=\"async\" style=\"width: 100%; height: auto; vertical-align: middle;\" src=\"https:\/\/ae01.alicdn.com\/kf\/Sd877e7644c8f4d3196748c53f5a8741dn.jpg\" width=\"1000\" height=\"1000\" \/><img decoding=\"async\" style=\"width: 100%; height: auto; vertical-align: middle;\" src=\"https:\/\/ae01.alicdn.com\/kf\/S9058fa1bec344b5f8240fb6ca48808f5w.jpg\" width=\"1000\" height=\"1000\" \/><img decoding=\"async\" style=\"width: 100%; height: auto; vertical-align: middle;\" src=\"https:\/\/ae01.alicdn.com\/kf\/S8545d111efbb41beba9ccb647eb2e0bbP.jpg\" width=\"1000\" height=\"1000\" \/><img loading=\"lazy\" decoding=\"async\" style=\"width: 100%; height: auto; vertical-align: middle;\" src=\"https:\/\/ae01.alicdn.com\/kf\/S1c9bd8397329465d9023bf1d760e5aadC.jpg?width=1000&amp;height=1000&amp;hash=2000\" width=\"1000\" height=\"1000\" \/><img loading=\"lazy\" decoding=\"async\" style=\"width: 100%; height: auto; vertical-align: middle;\" src=\"https:\/\/ae01.alicdn.com\/kf\/S489c689a043243cbac59ce467d13df0dv.jpg?width=1000&amp;height=1000&amp;hash=2000\" width=\"1000\" height=\"1000\" \/><img loading=\"lazy\" decoding=\"async\" style=\"width: 100%; height: auto; vertical-align: middle;\" src=\"https:\/\/ae01.alicdn.com\/kf\/Sad30417a2ed1492fb8f6200b937e0895L.jpg?width=1000&amp;height=1000&amp;hash=2000\" width=\"1000\" height=\"1000\" \/><img loading=\"lazy\" decoding=\"async\" style=\"width: 100%; height: auto; vertical-align: middle;\" src=\"https:\/\/ae01.alicdn.com\/kf\/S37076c5d5a274f3a9518a80bfa2013ad8.jpg?width=1000&amp;height=1000&amp;hash=2000\" width=\"1000\" height=\"1000\" \/><img loading=\"lazy\" decoding=\"async\" style=\"width: 100%; height: auto; vertical-align: middle;\" src=\"https:\/\/ae01.alicdn.com\/kf\/Sad01bdea2fc94119be5345b9d347c59e1.jpg?width=1000&amp;height=1000&amp;hash=2000\" width=\"1000\" height=\"1000\" \/><img loading=\"lazy\" decoding=\"async\" style=\"width: 100%; height: auto; vertical-align: middle;\" src=\"https:\/\/ae01.alicdn.com\/kf\/S5eecd84a030b4a388a6911fdf21988b5u.jpg?width=1000&amp;height=1000&amp;hash=2000\" width=\"1000\" height=\"1000\" \/><\/p>\n<p style=\"text-align: left; color: #434649; font-size: 13px;\">Zastosowanie energii elektrycznej<\/p>\n<p style=\"text-align: left; color: #434649; font-size: 13px;\">\u25cfUruchom silnik akumulatora<\/p>\n<p style=\"text-align: left; color: #434649; font-size: 13px;\">\u25cf Autobusy komercyjne i busy:<\/p>\n<p style=\"text-align: left; color: #434649; font-size: 13px;\">Samochody elektryczne, autobusy elektryczne, w\u00f3zki golfowe\/rowery elektryczne, skutery, pojazdy kempingowe, pojazdy AGV, marynarze, autokary, przyczepy kempingowe, w\u00f3zki inwalidzkie,<\/p>\n<p style=\"text-align: left; color: #434649; font-size: 13px;\">Elektryczne w\u00f3zki wid\u0142owe, elektryczne zamiatarki, urz\u0105dzenia do mycia pod\u0142\u00f3g, elektroniczne chodziki itp.<\/p>\n<p style=\"text-align: left; color: #434649; font-size: 13px;\">\u25cf Inteligentny robot<\/p>\n<p style=\"text-align: left; color: #434649; font-size: 13px;\">\u25cf Narz\u0119dzia elektryczne: wiertarki elektryczne, zabawki<\/p>\n<p style=\"text-align: left; color: #434649; font-size: 13px;\">Magazynowanie energii<\/p>\n<p style=\"text-align: left; color: #434649; font-size: 13px;\">\u25cf System zasilania energi\u0105 s\u0142oneczn\u0105 z wiatru<\/p>\n<p style=\"text-align: left; color: #434649; font-size: 13px;\">\u25cf Siatka miejska (w\u0142.\/wy\u0142.)<\/p>\n<p style=\"text-align: left; color: #434649; font-size: 13px;\">System kopii zapasowych i UPS<\/p>\n<p style=\"text-align: left; color: #434649; font-size: 13px;\">\u25cf Baza telekomunikacyjna, system telewizji kablowej, centrum serwerowe, sprz\u0119t medyczny, sprz\u0119t wojskowy<\/p>\n<p style=\"text-align: left; color: #434649; font-size: 13px;\">inne aplikacje<\/p>\n<p style=\"text-align: left; color: #434649; font-size: 13px;\">\u25cf Bezpiecze\u0144stwo i elektronika, mobilny punkt sprzeda\u017cy, o\u015bwietlenie g\u00f3rnicze \/ latarki \/ \u015bwiat\u0142a LED \/ \u015bwiat\u0142a awaryjne<\/p>\n<p style=\"text-align: left; color: #434649; font-size: 13px;\">Zalety produktu:<\/p>\n<p style=\"text-align: left; color: #434649; font-size: 13px;\">\u0141atwy do przenoszenia, o du\u017cej pojemno\u015bci, z platform\u0105 o du\u017cej pojemno\u015bci, d\u0142ugimi godzinami pracy, d\u0142ug\u0105 \u017cywotno\u015bci\u0105, bezpiecze\u0144stwem i ochron\u0105 \u015brodowiska<\/p>\n<p><img loading=\"lazy\" decoding=\"async\" style=\"width: 100%; height: auto; vertical-align: middle;\" src=\"https:\/\/ae01.alicdn.com\/kf\/S27b23c2fe70a4c37899b54c92940cb610.jpg\" width=\"1000\" height=\"1000\" \/><\/p>\n<\/div>\n<\/div>","protected":false},"excerpt":{"rendered":"<p>Nominal Capacity:\u00a0500AH Weight:\u00a0About 39.3kg Voltage:\u00a012V Size:\u00a0430x240x270mm Model Number:\u00a012V Liferpo4 Battery Type:\u00a0LiFePO4 Brand Name:\u00a0Likctt Origin:\u00a0Mainland China Transportation in the European Union, United Kingdom,the United States, Canada, and Asian TAX FREE. The<\/p>","protected":false},"featured_media":7575,"comment_status":"open","ping_status":"closed","template":"","meta":{"_acf_changed":false},"product_brand":[],"product_cat":[238],"product_tag":[243],"class_list":{"0":"post-7574","1":"product","2":"type-product","3":"status-publish","4":"has-post-thumbnail","6":"product_cat-200ah-lifepo4-batteries","7":"product_tag-usamr","9":"first","10":"instock","11":"shipping-taxable","12":"purchasable","13":"product-type-simple"},"acf":[],"_links":{"self":[{"href":"https:\/\/electricstore.eu\/pl\/wp-json\/wp\/v2\/product\/7574","targetHints":{"allow":["GET"]}}],"collection":[{"href":"https:\/\/electricstore.eu\/pl\/wp-json\/wp\/v2\/product"}],"about":[{"href":"https:\/\/electricstore.eu\/pl\/wp-json\/wp\/v2\/types\/product"}],"replies":[{"embeddable":true,"href":"https:\/\/electricstore.eu\/pl\/wp-json\/wp\/v2\/comments?post=7574"}],"wp:featuredmedia":[{"embeddable":true,"href":"https:\/\/electricstore.eu\/pl\/wp-json\/wp\/v2\/media\/7575"}],"wp:attachment":[{"href":"https:\/\/electricstore.eu\/pl\/wp-json\/wp\/v2\/media?parent=7574"}],"wp:term":[{"taxonomy":"product_brand","embeddable":true,"href":"https:\/\/electricstore.eu\/pl\/wp-json\/wp\/v2\/product_brand?post=7574"},{"taxonomy":"product_cat","embeddable":true,"href":"https:\/\/electricstore.eu\/pl\/wp-json\/wp\/v2\/product_cat?post=7574"},{"taxonomy":"product_tag","embeddable":true,"href":"https:\/\/electricstore.eu\/pl\/wp-json\/wp\/v2\/product_tag?post=7574"}],"curies":[{"name":"wp","href":"https:\/\/api.w.org\/{rel}","templated":true}]}}