{"id":7573,"date":"2025-05-15T19:32:50","date_gmt":"2025-05-15T19:32:50","guid":{"rendered":"https:\/\/electricstore.eu\/product\/usamr-100ah-12v-lifepo4-battery-4\/"},"modified":"2025-05-20T13:40:13","modified_gmt":"2025-05-20T13:40:13","slug":"usamr-100ah-12v-lifepo4-battery-4","status":"publish","type":"product","link":"https:\/\/electricstore.eu\/pl\/p\/batteries\/lifepo4-batteries\/100-200ah-lifepo4-batteries\/usamr-100ah-12v-lifepo4-battery-4\/","title":{"rendered":"Akumulator USAMR 100Ah 12V LiFePO4"},"content":{"rendered":"<div class=\"product-specs-list-container\">\n<ul class=\"product-specs-list util-clearfix\">\n<li class=\"product-prop line-limit-length\"><span\n                                        class=\"property-title\">Pojemno\u015b\u0107 nominalna:&nbsp;<\/span><span\n                                        class=\"property-desc line-limit-length\">100AH<\/span>\n                            <\/li>\n<li class=\"product-prop line-limit-length\"><span\n                                        class=\"property-title\">Waga:&nbsp;<\/span><span\n                                        class=\"property-desc line-limit-length\">About 9.5kg<\/span>\n                            <\/li>\n<li class=\"product-prop line-limit-length\"><span\n                                        class=\"property-title\">Rozmiar:&nbsp;<\/span><span\n                                        class=\"property-desc line-limit-length\">310*172*193mm<\/span>\n                            <\/li>\n<li class=\"product-prop line-limit-length\"><span\n                                        class=\"property-title\">Numer modelu:&nbsp;<\/span><span\n                                        class=\"property-desc line-limit-length\">Akumulator Liferpo4 12 V<\/span>\n                            <\/li>\n<li class=\"product-prop line-limit-length\"><span\n                                        class=\"property-title\">Typ:&nbsp;<\/span><span\n                                        class=\"property-desc line-limit-length\">LiFePO4<\/span>\n                            <\/li>\n<li class=\"product-prop line-limit-length\"><span\n                                        class=\"property-title\">Nazwa marki:&nbsp;<\/span><span\n                                        class=\"property-desc line-limit-length\">Lubi\u0107<\/span>\n                            <\/li>\n<li class=\"product-prop line-limit-length\"><span\n                                        class=\"property-title\">Pochodzenie:&nbsp;<\/span><span\n                                        class=\"property-desc line-limit-length\">Chiny kontynentalne<\/span>\n                            <\/li>\n<\/ul><\/div>\n<div class=\"detailmodule_html\">\n<div class=\"detail-desc-decorate-richtext\">\n<p style=\"text-align:left;color:#ff0000;font-size:13px;\">Transport na terenie Unii Europejskiej, Wielkiej Brytanii, Stan\u00f3w Zjednoczonych, Kanady i Azji jest WOLNY OD PODATKU.<\/p>\n<p style=\"text-align:left;color:#434649;font-size:13px;\">Magazyn UE (magazyn w Polsce) dotar\u0142. Przyjaciele, kt\u00f3rzy go potrzebuj\u0105, mog\u0105 z\u0142o\u017cy\u0107 zam\u00f3wienie ju\u017c teraz. Najpierw z\u0142\u00f3\u017c zam\u00f3wienie i zorganizuj przesy\u0142k\u0119. Towar mo\u017cesz otrzyma\u0107 w ci\u0105gu 3-7 dni od wysy\u0142ki.<\/p>\n<p style=\"text-align:left;color:#434649;font-size:13px;\">Typ baterii:<\/p>\n<p style=\"text-align:left;color:#434649;font-size:13px;\">Battery capacity:100ah<\/p>\n<p style=\"text-align:left;color:#434649;font-size:13px;\">Battery size:310*172*193mm (+\/-10mm)<\/p>\n<p style=\"text-align:left;color:#434649;font-size:13px;\">Weight:9.5kg(+\/-0.5kg)<\/p>\n<p style=\"text-align:left;color:#434649;font-size:13px;\">Wbudowany: Akumulator LiFePO4 3,2 V<\/p>\n<p style=\"text-align:left;color:#434649;font-size:13px;\">Napi\u0119cie znamionowe: 12,8 V<\/p>\n<p style=\"text-align:left;color:#434649;font-size:13px;\">Maksymalny pr\u0105d \u0142adowania: 50A<\/p>\n<p style=\"text-align:left;color:#434649;font-size:13px;\">Pr\u0105d roz\u0142adowania natychmiastowego: 200A<\/p>\n<p style=\"text-align:left;color:#434649;font-size:13px;\">Ci\u0105g\u0142y pr\u0105d roz\u0142adowania: 100A<\/p>\n<p style=\"text-align:left;color:#434649;font-size:13px;\">\u017bycie: 6000 cykli lub wi\u0119cej<\/p>\n<p style=\"text-align:left;color:#434649;font-size:13px;\">Temperatura \u0142adowania: 0~45\u00b0C<\/p>\n<p style=\"text-align:left;color:#434649;font-size:13px;\">Temperatura roz\u0142adowania: -20~60\u00b0C<\/p>\n<p style=\"text-align:left;color:#434649;font-size:13px;\">Temperatura przechowywania: -20~65 \u00b0C<\/p>\n<p style=\"text-align:left;color:#434649;font-size:13px;\">Zakres napi\u0119cia roboczego: 8,0 V-14,6 V<\/p>\n<p style=\"text-align:left;color:#434649;font-size:13px;\">Napi\u0119cie zabezpieczenia przeci\u0105\u017ceniowego: 14,6 V \u00b1 0,05 V<\/p>\n<p style=\"text-align:left;color:#434649;font-size:13px;\">Zabezpieczenie napi\u0119ciowe przed przepi\u0119ciami: 8,0 V \u00b1 0,05 V<\/p>\n<p style=\"text-align:left;color:#434649;font-size:13px;\">Chro\u0144 temperatur\u0119 akumulatora: 60\u00b0C plus 5\u00b0C<\/p>\n<p style=\"text-align:left;color:#434649;font-size:13px;\">Wyj\u015bcie i parametry: kolumna po\u0142\u0105cze\u0144 wysokopr\u0105dowych dodatnich\/ujemnych (czerwony dodatni, czarny ujemny)<\/p>\n<p><img fetchpriority=\"high\" decoding=\"async\" height=\"1000\" referrerpolicy=\"no-referrer\" src=\"https:\/\/ae01.alicdn.com\/kf\/S067d40bf5d6a470fbb897ae4517eb01aU.jpg\" style=\"width: 100%; height: auto; vertical-align: middle;\" width=\"1000\"><img decoding=\"async\" height=\"1000\" referrerpolicy=\"no-referrer\" src=\"https:\/\/ae01.alicdn.com\/kf\/Sc8e20982c0c24990b982ff1098ee7fe4O.jpg\" style=\"width: 100%; height: auto; vertical-align: middle;\" width=\"1000\"><img decoding=\"async\" height=\"1000\" referrerpolicy=\"no-referrer\" src=\"https:\/\/ae01.alicdn.com\/kf\/S21204818ccfe476f8cdb57ed2eff54488.jpg\" style=\"width: 100%; height: auto; vertical-align: middle;\" width=\"1000\"><img loading=\"lazy\" decoding=\"async\" height=\"1000\" referrerpolicy=\"no-referrer\" src=\"https:\/\/ae01.alicdn.com\/kf\/Sdd5f793a9e82469d8861fce6f2237116H.jpg?width=1000&amp;height=1000&amp;hash=2000\" style=\"width: 100%; height: auto; vertical-align: middle;\" width=\"1000\"><img loading=\"lazy\" decoding=\"async\" height=\"1000\" referrerpolicy=\"no-referrer\" src=\"https:\/\/ae01.alicdn.com\/kf\/Sa87aedfb711a498baf53cb5f0918ec25W.jpg?width=1000&amp;height=1000&amp;hash=2000\" style=\"width: 100%; height: auto; vertical-align: middle;\" width=\"1000\"><img loading=\"lazy\" decoding=\"async\" height=\"1000\" referrerpolicy=\"no-referrer\" src=\"https:\/\/ae01.alicdn.com\/kf\/S8256b9357bec45938b3bdcc5cbe4e14dU.jpg?width=1000&amp;height=1000&amp;hash=2000\" style=\"width: 100%; height: auto; vertical-align: middle;\" width=\"1000\"><img loading=\"lazy\" decoding=\"async\" height=\"1000\" referrerpolicy=\"no-referrer\" src=\"https:\/\/ae01.alicdn.com\/kf\/S25812d371a1b481bad8252ec39c6f779Z.jpg?width=1000&amp;height=1000&amp;hash=2000\" style=\"width: 100%; height: auto; vertical-align: middle;\" width=\"1000\"><img loading=\"lazy\" decoding=\"async\" height=\"1000\" referrerpolicy=\"no-referrer\" src=\"https:\/\/ae01.alicdn.com\/kf\/Sdf8c449031774211a956931b433543a0q.jpg?width=1000&amp;height=1000&amp;hash=2000\" style=\"width: 100%; height: auto; vertical-align: middle;\" width=\"1000\"><img loading=\"lazy\" decoding=\"async\" height=\"1000\" referrerpolicy=\"no-referrer\" src=\"https:\/\/ae01.alicdn.com\/kf\/Se4f0309c932a4b0b8c55f27669797293m.jpg?width=1000&amp;height=1000&amp;hash=2000\" style=\"width: 100%; height: auto; vertical-align: middle;\" width=\"1000\"><\/p>\n<p style=\"text-align:left;color:#434649;font-size:13px;\">Zastosowanie energii elektrycznej<\/p>\n<p style=\"text-align:left;color:#434649;font-size:13px;\">\u25cfUruchom silnik akumulatora<\/p>\n<p style=\"text-align:left;color:#434649;font-size:13px;\">\u25cf Autobusy komercyjne i busy:<\/p>\n<p style=\"text-align:left;color:#434649;font-size:13px;\">Samochody elektryczne, autobusy elektryczne, w\u00f3zki golfowe\/rowery elektryczne, skutery, pojazdy kempingowe, pojazdy AGV, marynarze, autokary, przyczepy kempingowe, w\u00f3zki inwalidzkie,<\/p>\n<p style=\"text-align:left;color:#434649;font-size:13px;\">Elektryczne w\u00f3zki wid\u0142owe, elektryczne zamiatarki, urz\u0105dzenia do mycia pod\u0142\u00f3g, elektroniczne chodziki itp.<\/p>\n<p style=\"text-align:left;color:#434649;font-size:13px;\">\u25cf Inteligentny robot<\/p>\n<p style=\"text-align:left;color:#434649;font-size:13px;\">\u25cf Narz\u0119dzia elektryczne: wiertarki elektryczne, zabawki<\/p>\n<p style=\"text-align:left;color:#434649;font-size:13px;\">Magazynowanie energii<\/p>\n<p style=\"text-align:left;color:#434649;font-size:13px;\">\u25cf System zasilania energi\u0105 s\u0142oneczn\u0105 z wiatru<\/p>\n<p style=\"text-align:left;color:#434649;font-size:13px;\">\u25cf Siatka miejska (w\u0142.\/wy\u0142.)<\/p>\n<p style=\"text-align:left;color:#434649;font-size:13px;\">System kopii zapasowych i UPS<\/p>\n<p style=\"text-align:left;color:#434649;font-size:13px;\">\u25cf Baza telekomunikacyjna, system telewizji kablowej, centrum serwerowe, sprz\u0119t medyczny, sprz\u0119t wojskowy<\/p>\n<p style=\"text-align:left;color:#434649;font-size:13px;\">inne aplikacje<\/p>\n<p style=\"text-align:left;color:#434649;font-size:13px;\">\u25cf Bezpiecze\u0144stwo i elektronika, mobilny punkt sprzeda\u017cy, o\u015bwietlenie g\u00f3rnicze \/ latarki \/ \u015bwiat\u0142a LED \/ \u015bwiat\u0142a awaryjne<\/p>\n<p style=\"text-align:left;color:#434649;font-size:13px;\">Zalety produktu:<\/p>\n<p style=\"text-align:left;color:#434649;font-size:13px;\">\u0141atwy do przenoszenia, o du\u017cej pojemno\u015bci, z platform\u0105 o du\u017cej pojemno\u015bci, d\u0142ugimi godzinami pracy, d\u0142ug\u0105 \u017cywotno\u015bci\u0105, bezpiecze\u0144stwem i ochron\u0105 \u015brodowiska<\/p>\n<p><img loading=\"lazy\" decoding=\"async\" height=\"1000\" referrerpolicy=\"no-referrer\" src=\"https:\/\/ae01.alicdn.com\/kf\/S27b23c2fe70a4c37899b54c92940cb610.jpg\" style=\"width: 100%; height: auto; vertical-align: middle;\" width=\"1000\"><\/div>\n<\/div>","protected":false},"excerpt":{"rendered":"<p>Nominal Capacity:&nbsp;100AH Weight:&nbsp;About 9.5kg Size:&nbsp;310*172*193mm Model Number:&nbsp;12V Liferpo4 Battery Type:&nbsp;LiFePO4 Brand Name:&nbsp;Likctt Origin:&nbsp;Mainland China Transportation in the European Union, United Kingdom,the United States, Canada, and Asian TAX FREE. The EU<\/p>","protected":false},"featured_media":7557,"comment_status":"open","ping_status":"closed","template":"","meta":{"_acf_changed":false},"product_brand":[],"product_cat":[237],"product_tag":[243],"class_list":{"0":"post-7573","1":"product","2":"type-product","3":"status-publish","4":"has-post-thumbnail","6":"product_cat-100-200ah-lifepo4-batteries","7":"product_tag-usamr","9":"first","10":"instock","11":"shipping-taxable","12":"purchasable","13":"product-type-simple"},"acf":[],"_links":{"self":[{"href":"https:\/\/electricstore.eu\/pl\/wp-json\/wp\/v2\/product\/7573","targetHints":{"allow":["GET"]}}],"collection":[{"href":"https:\/\/electricstore.eu\/pl\/wp-json\/wp\/v2\/product"}],"about":[{"href":"https:\/\/electricstore.eu\/pl\/wp-json\/wp\/v2\/types\/product"}],"replies":[{"embeddable":true,"href":"https:\/\/electricstore.eu\/pl\/wp-json\/wp\/v2\/comments?post=7573"}],"wp:featuredmedia":[{"embeddable":true,"href":"https:\/\/electricstore.eu\/pl\/wp-json\/wp\/v2\/media\/7557"}],"wp:attachment":[{"href":"https:\/\/electricstore.eu\/pl\/wp-json\/wp\/v2\/media?parent=7573"}],"wp:term":[{"taxonomy":"product_brand","embeddable":true,"href":"https:\/\/electricstore.eu\/pl\/wp-json\/wp\/v2\/product_brand?post=7573"},{"taxonomy":"product_cat","embeddable":true,"href":"https:\/\/electricstore.eu\/pl\/wp-json\/wp\/v2\/product_cat?post=7573"},{"taxonomy":"product_tag","embeddable":true,"href":"https:\/\/electricstore.eu\/pl\/wp-json\/wp\/v2\/product_tag?post=7573"}],"curies":[{"name":"wp","href":"https:\/\/api.w.org\/{rel}","templated":true}]}}