{"id":7525,"date":"2025-05-15T19:32:16","date_gmt":"2025-05-15T19:32:16","guid":{"rendered":"https:\/\/electricstore.eu\/product\/usamr-3-2v-320ah-lifepo4-battery-cells\/"},"modified":"2025-05-21T05:40:16","modified_gmt":"2025-05-21T05:40:16","slug":"usamr-3-2v-320ah-lifepo4-battery-cells","status":"publish","type":"product","link":"https:\/\/electricstore.eu\/pl\/p\/batteries\/lifepo4-batteries\/lifepo4-battery-cells\/usamr-3-2v-320ah-lifepo4-battery-cells\/","title":{"rendered":"Ogniwa baterii Likctt 320Ah 3,2 V LiFePO4"},"content":{"rendered":"<div class=\"product-specs-list-container\">\n<ul class=\"product-specs-list util-clearfix\">\n<li class=\"product-prop line-limit-length\"><span\n                                        class=\"property-title\">Pojemno\u015b\u0107 nominalna:&nbsp;<\/span><span\n                                        class=\"property-desc line-limit-length\">320AH<\/span>\n                            <\/li>\n<li class=\"product-prop line-limit-length\"><span\n                                        class=\"property-title\">Waga:&nbsp;<\/span><span\n                                        class=\"property-desc line-limit-length\">About 5.5KG<\/span>\n                            <\/li>\n<li class=\"product-prop line-limit-length\"><span\n                                        class=\"property-title\">Rozmiar:&nbsp;<\/span><span\n                                        class=\"property-desc line-limit-length\">174*72*207 mm<\/span>\n                            <\/li>\n<li class=\"product-prop line-limit-length\"><span\n                                        class=\"property-title\">Aplikacja:&nbsp;<\/span><span\n                                        class=\"property-desc line-limit-length\">Pojazdy elektryczne, kampery, \u0142odzie morskie, silniki zaburtowe, energia domowa, magazynowanie energii s\u0142onecznej, systemy zasilania s\u0142onecznego poza sieci\u0105, inne<\/span>\n                            <\/li>\n<li class=\"product-prop line-limit-length\"><span\n                                        class=\"property-title\">Numer modelu:&nbsp;<\/span><span\n                                        class=\"property-desc line-limit-length\">Akumulator Liferpo4 3,2 V<\/span>\n                            <\/li>\n<li class=\"product-prop line-limit-length\"><span\n                                        class=\"property-title\">Typ:&nbsp;<\/span><span\n                                        class=\"property-desc line-limit-length\">LiFePO4<\/span>\n                            <\/li>\n<li class=\"product-prop line-limit-length\"><span\n                                        class=\"property-title\">Nazwa marki:&nbsp;<\/span><span\n                                        class=\"property-desc line-limit-length\">Lubi\u0107<\/span>\n                            <\/li>\n<li class=\"product-prop line-limit-length\"><span\n                                        class=\"property-title\">Pochodzenie:&nbsp;<\/span><span\n                                        class=\"property-desc line-limit-length\">Chiny kontynentalne<\/span>\n                            <\/li>\n<\/ul><\/div>\n<div class=\"detailmodule_html\">\n<div class=\"detail-desc-decorate-richtext\">\n<p class=\"word-break white-space mt-10\" style=\"text-align:left;color:#ff0000;font-size:16px;font-weight:bold;\">Note: This battery has two styles, we will ship them randomly, if you mind, please contact us, thank you<\/p>\n<p><img fetchpriority=\"high\" decoding=\"async\" height=\"1000\" referrerpolicy=\"no-referrer\" src=\"https:\/\/ae01.alicdn.com\/kf\/Sf583fc62b6c04f8994a48d26fe5868beZ.jpg\" style=\"width: 100%; height: auto; vertical-align: middle;\" width=\"1000\"><\/p>\n<p class=\"word-break white-space mt-10\" style=\"text-align:left;color:#434649;font-size:16px;font-weight:bold;\">The EU warehouse(German warehouse)has arrived (320AH) 200pcs. Friends who need it can place an order now. First place the order and arrange the shipment first. You can receive the goods within 3-7 days after the shipment.<\/p>\n<p class=\"word-break white-space mt-10\" style=\"text-align:left;color:#434649;font-size:13px;font-weight:normal;\">Specyfikacja produktu<br \/>\nNazwa produktu: \u017belazo fosforanowo-litowe<br \/>\nOcena: Ocena A<br \/>\nJako\u015b\u0107: nowy<br \/>\nMateria\u0142: aluminium<br \/>\nRated capacity: 320Ah<br \/>\nMinimum capacity: 320Ah<br \/>\nImpedancja wewn\u0119trzna: 0,1~0,5 m\u03a9<br \/>\nNapi\u0119cie znamionowe: 3,2 V<br \/>\nWymiary (d\u0142. * szer. * wys.): 174*72*207 mm (+\/-10 mm)<br \/>\nBattery weight: About 5.5KG<br \/>\nRecommended current constant: 320A (1C)<br \/>\nNapi\u0119cie ko\u0144cowe roz\u0142adowania: 2,5 V<br \/>\nRecommended constant current: 320A (1C)<br \/>\nNapi\u0119cie \u0142adowania: 3,65 V<br \/>\nMaximum continuous discharge current: 320A (1C)<br \/>\nCykl \u017cycia (90% DOD): 6000<br \/>\nTemperatura \u0142adowania: -5~60\u00b0C<br \/>\nTemperatura roz\u0142adowania: -30~60\u00b0C<br \/>\nO DIY: Poniewa\u017c DIY wykorzystuje laser do spawania dodatnich i ujemnych biegun\u00f3w akumulatora, w niekt\u00f3rych punktach spawania wyst\u0119puj\u0105 \u015blady spawania, kt\u00f3re nie wp\u0142ywaj\u0105 na u\u017cytkowanie akumulatora. Prosimy o zapoznanie si\u0119 z nimi.<br \/>\nObszary zastosowa\u0144: akumulatory rozruchowe silnik\u00f3w, rowery elektryczne, motocykle, skutery, w\u00f3zki golfowe, elektronarz\u0119dzia, systemy energii s\u0142onecznej i wiatrowej, kampery, przyczepy kempingowe, systemy zasilania awaryjnego i UPS.<br \/>\nUwaga: Do ka\u017cdej baterii do\u0142\u0105czony jest 1 metalowy \u0142\u0105cznik + 2 metalowe nakr\u0119tki + 2 p\u0142askie podk\u0142adki gratis<\/p>\n<p><img decoding=\"async\" height=\"1000\" referrerpolicy=\"no-referrer\" src=\"https:\/\/ae01.alicdn.com\/kf\/Sa579968b17094380b0702b41e137e09cz.jpg\" style=\"width: 100%; height: auto; vertical-align: middle;\" width=\"1000\"><img decoding=\"async\" height=\"1000\" referrerpolicy=\"no-referrer\" src=\"https:\/\/ae01.alicdn.com\/kf\/S40fc54a38afe448db36da05908967f4ay.jpg\" style=\"width: 100%; height: auto; vertical-align: middle;\" width=\"1000\"><img loading=\"lazy\" decoding=\"async\" height=\"1000\" referrerpolicy=\"no-referrer\" src=\"https:\/\/ae01.alicdn.com\/kf\/Sb1564486067942fbb7c0cb76d1c5bec7a.jpg\" style=\"width: 100%; height: auto; vertical-align: middle;\" width=\"1000\"><img loading=\"lazy\" decoding=\"async\" height=\"1000\" referrerpolicy=\"no-referrer\" src=\"https:\/\/ae01.alicdn.com\/kf\/S13f9643d37524d8597b1a08fca750c54e.jpg\" style=\"width: 100%; height: auto; vertical-align: middle;\" width=\"1000\"><img loading=\"lazy\" decoding=\"async\" height=\"1000\" referrerpolicy=\"no-referrer\" src=\"https:\/\/ae01.alicdn.com\/kf\/S4a735b32a23749ee9ec1305516f08915I.jpg\" style=\"width: 100%; height: auto; vertical-align: middle;\" width=\"1000\"><img loading=\"lazy\" decoding=\"async\" height=\"1000\" referrerpolicy=\"no-referrer\" src=\"https:\/\/ae01.alicdn.com\/kf\/Sd6a7eaf9ca264368bcd0d53d3117f931F.jpg\" style=\"width: 100%; height: auto; vertical-align: middle;\" width=\"1000\"><img loading=\"lazy\" decoding=\"async\" height=\"1000\" referrerpolicy=\"no-referrer\" src=\"https:\/\/ae01.alicdn.com\/kf\/Se41027738ecc4f1c8352c36e6da525940.jpg\" style=\"width: 100%; height: auto; vertical-align: middle;\" width=\"1000\"><img loading=\"lazy\" decoding=\"async\" height=\"1000\" referrerpolicy=\"no-referrer\" src=\"https:\/\/ae01.alicdn.com\/kf\/S0221f3593c3f4ad4916e99e02182e8b8e.jpg\" style=\"width: 100%; height: auto; vertical-align: middle;\" width=\"1000\"><img loading=\"lazy\" decoding=\"async\" height=\"1000\" referrerpolicy=\"no-referrer\" src=\"https:\/\/ae01.alicdn.com\/kf\/Scf8f9ea17a284df5a1e180603fd7337bh.jpg\" style=\"width: 100%; height: auto; vertical-align: middle;\" width=\"1000\"><img loading=\"lazy\" decoding=\"async\" height=\"1000\" referrerpolicy=\"no-referrer\" src=\"https:\/\/ae01.alicdn.com\/kf\/Sc23d822cf837475c93208c8d5a3bf8c7N.jpg\" style=\"width: 100%; height: auto; vertical-align: middle;\" width=\"1000\"><img loading=\"lazy\" decoding=\"async\" height=\"1000\" referrerpolicy=\"no-referrer\" src=\"https:\/\/ae01.alicdn.com\/kf\/Sd42558d4bf844282becdb25c00d53620a.jpg\" style=\"width: 100%; height: auto; vertical-align: middle;\" width=\"1000\"><img loading=\"lazy\" decoding=\"async\" height=\"1000\" referrerpolicy=\"no-referrer\" src=\"https:\/\/ae01.alicdn.com\/kf\/Sa1c91d12a6cd442bb27532d300ec322e7.jpg\" style=\"width: 100%; height: auto; vertical-align: middle;\" width=\"1000\"><img loading=\"lazy\" decoding=\"async\" height=\"1000\" referrerpolicy=\"no-referrer\" src=\"https:\/\/ae01.alicdn.com\/kf\/Sf1bd0f1069b3461a9cfa5fc74c72aa73L.jpg\" style=\"width: 100%; height: auto; vertical-align: middle;\" width=\"1000\"><\/div>\n<\/div>","protected":false},"excerpt":{"rendered":"<p>Nominal Capacity:&nbsp;320AH Weight:&nbsp;About 5.5KG Size:&nbsp;174*72*207mm Application:&nbsp;EV,RV,Marine Boat,Trolling Motor,Home Energy,Solar Power Storage,Off-Grid Solar Power System,Others Model Number:&nbsp;3.2V Liferpo4 Battery Type:&nbsp;LiFePO4 Brand Name:&nbsp;Likctt Origin:&nbsp;Mainland China Note: This battery has two styles, we<\/p>","protected":false},"featured_media":7526,"comment_status":"open","ping_status":"closed","template":"","meta":{"_acf_changed":false},"product_brand":[],"product_cat":[235],"product_tag":[243],"class_list":{"0":"post-7525","1":"product","2":"type-product","3":"status-publish","4":"has-post-thumbnail","6":"product_cat-lifepo4-battery-cells","7":"product_tag-usamr","9":"first","10":"instock","11":"shipping-taxable","12":"purchasable","13":"product-type-variable"},"acf":[],"_links":{"self":[{"href":"https:\/\/electricstore.eu\/pl\/wp-json\/wp\/v2\/product\/7525","targetHints":{"allow":["GET"]}}],"collection":[{"href":"https:\/\/electricstore.eu\/pl\/wp-json\/wp\/v2\/product"}],"about":[{"href":"https:\/\/electricstore.eu\/pl\/wp-json\/wp\/v2\/types\/product"}],"replies":[{"embeddable":true,"href":"https:\/\/electricstore.eu\/pl\/wp-json\/wp\/v2\/comments?post=7525"}],"wp:featuredmedia":[{"embeddable":true,"href":"https:\/\/electricstore.eu\/pl\/wp-json\/wp\/v2\/media\/7526"}],"wp:attachment":[{"href":"https:\/\/electricstore.eu\/pl\/wp-json\/wp\/v2\/media?parent=7525"}],"wp:term":[{"taxonomy":"product_brand","embeddable":true,"href":"https:\/\/electricstore.eu\/pl\/wp-json\/wp\/v2\/product_brand?post=7525"},{"taxonomy":"product_cat","embeddable":true,"href":"https:\/\/electricstore.eu\/pl\/wp-json\/wp\/v2\/product_cat?post=7525"},{"taxonomy":"product_tag","embeddable":true,"href":"https:\/\/electricstore.eu\/pl\/wp-json\/wp\/v2\/product_tag?post=7525"}],"curies":[{"name":"wp","href":"https:\/\/api.w.org\/{rel}","templated":true}]}}