{"id":7519,"date":"2025-05-15T19:32:13","date_gmt":"2025-05-15T19:32:13","guid":{"rendered":"https:\/\/electricstore.eu\/product\/usamr-120ah-12v-lifepo4-battery-2\/"},"modified":"2025-05-21T05:40:16","modified_gmt":"2025-05-21T05:40:16","slug":"usamr-120ah-12v-lifepo4-battery-2","status":"publish","type":"product","link":"https:\/\/electricstore.eu\/pl\/p\/batteries\/lifepo4-batteries\/100-200ah-lifepo4-batteries\/usamr-120ah-12v-lifepo4-battery-2\/","title":{"rendered":"Akumulator USAMR 120Ah 12V LiFePO4"},"content":{"rendered":"<div class=\"product-specs-list-container\">\n<ul class=\"product-specs-list util-clearfix\">\n<li class=\"product-prop line-limit-length\"><span\n                                        class=\"property-title\">Pojemno\u015b\u0107 nominalna:&nbsp;<\/span><span\n                                        class=\"property-desc line-limit-length\">120AH<\/span>\n                            <\/li>\n<li class=\"product-prop line-limit-length\"><span\n                                        class=\"property-title\">Waga:&nbsp;<\/span><span\n                                        class=\"property-desc line-limit-length\">About 12.8kg<\/span>\n                            <\/li>\n<li class=\"product-prop line-limit-length\"><span\n                                        class=\"property-title\">Rozmiar:&nbsp;<\/span><span\n                                        class=\"property-desc line-limit-length\">300*210*170mm<\/span>\n                            <\/li>\n<li class=\"product-prop line-limit-length\"><span\n                                        class=\"property-title\">Aplikacja:&nbsp;<\/span><span\n                                        class=\"property-desc line-limit-length\">Pojazdy elektryczne, kampery, \u0142odzie morskie, silniki zaburtowe, energia domowa, magazynowanie energii s\u0142onecznej, systemy zasilania s\u0142onecznego poza sieci\u0105, inne<\/span>\n                            <\/li>\n<li class=\"product-prop line-limit-length\"><span\n                                        class=\"property-title\">Numer modelu:&nbsp;<\/span><span\n                                        class=\"property-desc line-limit-length\">Akumulator Liferpo4 12 V<\/span>\n                            <\/li>\n<li class=\"product-prop line-limit-length\"><span\n                                        class=\"property-title\">Typ:&nbsp;<\/span><span\n                                        class=\"property-desc line-limit-length\">LiFePO4<\/span>\n                            <\/li>\n<li class=\"product-prop line-limit-length\"><span\n                                        class=\"property-title\">Nazwa marki:&nbsp;<\/span><span\n                                        class=\"property-desc line-limit-length\">Lubi\u0107<\/span>\n                            <\/li>\n<li class=\"product-prop line-limit-length\"><span\n                                        class=\"property-title\">Pochodzenie:&nbsp;<\/span><span\n                                        class=\"property-desc line-limit-length\">Chiny kontynentalne<\/span>\n                            <\/li>\n<\/ul><\/div>\n<div class=\"detailmodule_html\">\n<div class=\"detail-desc-decorate-richtext\">\n<p class=\"word-break white-space mt-10\" style=\"color:rgb(255, 0, 0);\">Transport na terenie Unii Europejskiej, Wielkiej Brytanii, Stan\u00f3w Zjednoczonych, Kanady i Azji jest WOLNY OD PODATKU.<\/p>\n<p class=\"word-break white-space mt-10\" style=\"color:rgb(67, 70, 73);\">Magazyn UE (magazyn w Polsce) dotar\u0142. Przyjaciele, kt\u00f3rzy go potrzebuj\u0105, mog\u0105 z\u0142o\u017cy\u0107 zam\u00f3wienie ju\u017c teraz. Najpierw z\u0142\u00f3\u017c zam\u00f3wienie i zorganizuj przesy\u0142k\u0119. Towar mo\u017cesz otrzyma\u0107 w ci\u0105gu 3-7 dni od wysy\u0142ki.<\/p>\n<p class=\"word-break white-space mt-10\" style=\"color:rgb(67, 70, 73);\">Typ baterii:<\/p>\n<p class=\"word-break white-space mt-10\" style=\"color:rgb(67, 70, 73);\">Battery capacity:120ah<\/p>\n<p class=\"word-break white-space mt-10\" style=\"color:rgb(67, 70, 73);\">Battery size:330*230*170mm (+\/-10mm)<\/p>\n<p class=\"word-break white-space mt-10\" style=\"color:rgb(67, 70, 73);\">Weight:10.5kg(+\/-0.5kg)<\/p>\n<p class=\"word-break white-space mt-10\" style=\"color:rgb(67, 70, 73);\">Wbudowany: Akumulator LiFePO4 3,2 V<\/p>\n<p class=\"word-break white-space mt-10\" style=\"color:rgb(67, 70, 73);\">Napi\u0119cie znamionowe: 12,8 V<\/p>\n<p class=\"word-break white-space mt-10\" style=\"color:rgb(67, 70, 73);\">Maksymalny pr\u0105d \u0142adowania: 50A<\/p>\n<p class=\"word-break white-space mt-10\" style=\"color:rgb(67, 70, 73);\">Pr\u0105d roz\u0142adowania natychmiastowego: 200A<\/p>\n<p class=\"word-break white-space mt-10\" style=\"color:rgb(67, 70, 73);\">Ci\u0105g\u0142y pr\u0105d roz\u0142adowania: 100A<\/p>\n<p class=\"word-break white-space mt-10\" style=\"color:rgb(67, 70, 73);\">\u017bycie: 6000 cykli lub wi\u0119cej<\/p>\n<p class=\"word-break white-space mt-10\" style=\"color:rgb(67, 70, 73);\">Temperatura \u0142adowania: 0~45\u00b0C<\/p>\n<p class=\"word-break white-space mt-10\" style=\"color:rgb(67, 70, 73);\">Temperatura roz\u0142adowania: -20~60\u00b0C<\/p>\n<p class=\"word-break white-space mt-10\" style=\"color:rgb(67, 70, 73);\">Temperatura przechowywania: -20~65 \u00b0C<\/p>\n<p class=\"word-break white-space mt-10\" style=\"color:rgb(67, 70, 73);\">Zakres napi\u0119cia roboczego: 8,0 V-14,6 V<\/p>\n<p class=\"word-break white-space mt-10\" style=\"color:rgb(67, 70, 73);\">Napi\u0119cie zabezpieczenia przeci\u0105\u017ceniowego: 14,6 V \u00b1 0,05 V<\/p>\n<p class=\"word-break white-space mt-10\" style=\"color:rgb(67, 70, 73);\">Zabezpieczenie napi\u0119ciowe przed przepi\u0119ciami: 8,0 V \u00b1 0,05 V<\/p>\n<p class=\"word-break white-space mt-10\" style=\"color:rgb(67, 70, 73);\">Chro\u0144 temperatur\u0119 akumulatora: 60\u00b0C plus 5\u00b0C<\/p>\n<p class=\"word-break white-space mt-10\" style=\"color:rgb(67, 70, 73);\">Wyj\u015bcie i parametry: kolumna po\u0142\u0105cze\u0144 wysokopr\u0105dowych dodatnich\/ujemnych (czerwony dodatni, czarny ujemny)<\/p>\n<p><img fetchpriority=\"high\" decoding=\"async\" height=\"1000\" referrerpolicy=\"no-referrer\" src=\"https:\/\/ae01.alicdn.com\/kf\/S58e1749255c54da89732b0ff480bdc293.jpg\" style=\"width: 100%; height: auto; vertical-align: middle;\" width=\"1000\"><img decoding=\"async\" height=\"1000\" referrerpolicy=\"no-referrer\" src=\"https:\/\/ae01.alicdn.com\/kf\/S549ef97bb27e4969a47f7f1136bb182bO.jpg\" style=\"width: 100%; height: auto; vertical-align: middle;\" width=\"1000\"><img decoding=\"async\" height=\"1000\" referrerpolicy=\"no-referrer\" src=\"https:\/\/ae01.alicdn.com\/kf\/S7b23b963222b43a2babb10d3f0b5442e6.jpg\" style=\"width: 100%; height: auto; vertical-align: middle;\" width=\"1000\"><\/p>\n<p class=\"word-break white-space mt-10\" style=\"text-align:left;color:#434649;font-size:13px;font-weight:normal;\">Typ baterii:<br \/>\nBattery capacity:100ah<br \/>\nBattery size:230*230*180mm (+\/-10mm)<br \/>\nWeight:10.8kg(+\/-0.5kg)<br \/>\nWbudowany: Akumulator LiFePO4 3,2 V<br \/>\nNapi\u0119cie znamionowe: 12,8 V<br \/>\nMaksymalny pr\u0105d \u0142adowania: 50A<br \/>\nPr\u0105d roz\u0142adowania natychmiastowego: 200A<br \/>\nCi\u0105g\u0142y pr\u0105d roz\u0142adowania: 100A<br \/>\n\u017bycie: 6000 cykli lub wi\u0119cej<br \/>\nMateria\u0142 obudowy: Matel<br \/>\nTemperatura \u0142adowania: 0~45\u00b0C<br \/>\nTemperatura roz\u0142adowania: -20~60\u00b0C<br \/>\nTemperatura przechowywania: -20~65 \u00b0C<br \/>\nZakres napi\u0119cia roboczego: 8,0 V-14,6 V<br \/>\nNapi\u0119cie zabezpieczenia przeci\u0105\u017ceniowego: 14,6 V \u00b1 0,05 V<br \/>\nZabezpieczenie napi\u0119ciowe przed przepi\u0119ciami: 8,0 V \u00b1 0,05 V<br \/>\nChro\u0144 temperatur\u0119 akumulatora: 60\u00b0C plus 5\u00b0C<br \/>\nWyj\u015bcie i parametry: kolumna po\u0142\u0105cze\u0144 wysokopr\u0105dowych dodatnich\/ujemnych (czerwony dodatni, czarny ujemny)<\/p>\n<p><img loading=\"lazy\" decoding=\"async\" height=\"1000\" referrerpolicy=\"no-referrer\" src=\"https:\/\/ae01.alicdn.com\/kf\/Sb5c8989b88024f3ab8bb5925541be49d0.jpg?width=1000&#038;height=1000&#038;hash=2000\" style=\"width: 100%; height: auto; vertical-align: middle;\" width=\"1000\"><img loading=\"lazy\" decoding=\"async\" height=\"1000\" referrerpolicy=\"no-referrer\" src=\"https:\/\/ae01.alicdn.com\/kf\/Sc0db1c83ad5b4c7ba22efb77ff13ea71S.jpg\" style=\"width: 100%; height: auto; vertical-align: middle;\" width=\"1000\"><img loading=\"lazy\" decoding=\"async\" height=\"1000\" referrerpolicy=\"no-referrer\" src=\"https:\/\/ae01.alicdn.com\/kf\/S1e25678d179944c5872e7d160ebab46c3.jpg?width=1000&#038;height=1000&#038;hash=2000\" style=\"width: 100%; height: auto; vertical-align: middle;\" width=\"1000\"><\/p>\n<p class=\"word-break white-space mt-10\" style=\"color:rgb(67, 70, 73);\">Zastosowanie energii elektrycznej<\/p>\n<p class=\"word-break white-space mt-10\" style=\"color:rgb(67, 70, 73);\">\u25cfUruchom silnik akumulatora<\/p>\n<p class=\"word-break white-space mt-10\" style=\"color:rgb(67, 70, 73);\">\u25cf Autobusy komercyjne i busy:<\/p>\n<p class=\"word-break white-space mt-10\" style=\"color:rgb(67, 70, 73);\">Samochody elektryczne, autobusy elektryczne, w\u00f3zki golfowe\/rowery elektryczne, skutery, pojazdy kempingowe, pojazdy AGV, marynarze, autokary, przyczepy kempingowe, w\u00f3zki inwalidzkie,<\/p>\n<p class=\"word-break white-space mt-10\" style=\"color:rgb(67, 70, 73);\">Elektryczne w\u00f3zki wid\u0142owe, elektryczne zamiatarki, urz\u0105dzenia do mycia pod\u0142\u00f3g, elektroniczne chodziki itp.<\/p>\n<p class=\"word-break white-space mt-10\" style=\"color:rgb(67, 70, 73);\">\u25cf Inteligentny robot<\/p>\n<p class=\"word-break white-space mt-10\" style=\"color:rgb(67, 70, 73);\">\u25cf Narz\u0119dzia elektryczne: wiertarki elektryczne, zabawki<\/p>\n<p class=\"word-break white-space mt-10\" style=\"color:rgb(67, 70, 73);\">Magazynowanie energii<\/p>\n<p class=\"word-break white-space mt-10\" style=\"color:rgb(67, 70, 73);\">\u25cf System zasilania energi\u0105 s\u0142oneczn\u0105 z wiatru<\/p>\n<p class=\"word-break white-space mt-10\" style=\"color:rgb(67, 70, 73);\">\u25cf Siatka miejska (w\u0142.\/wy\u0142.)<\/p>\n<p class=\"word-break white-space mt-10\" style=\"color:rgb(67, 70, 73);\">System kopii zapasowych i UPS<\/p>\n<p class=\"word-break white-space mt-10\" style=\"color:rgb(67, 70, 73);\">\u25cf Baza telekomunikacyjna, system telewizji kablowej, centrum serwerowe, sprz\u0119t medyczny, sprz\u0119t wojskowy<\/p>\n<p class=\"word-break white-space mt-10\" style=\"color:rgb(67, 70, 73);\">\u25cf Bezpiecze\u0144stwo i elektronika, mobilny punkt sprzeda\u017cy, o\u015bwietlenie g\u00f3rnicze \/ latarki \/ \u015bwiat\u0142a LED \/ \u015bwiat\u0142a awaryjne<\/p>\n<p class=\"word-break white-space mt-10\" style=\"color:rgb(67, 70, 73);\">Zalety produktu:<\/p>\n<p class=\"word-break white-space mt-10\" style=\"color:rgb(67, 70, 73);\">\u0141atwy do przenoszenia, o du\u017cej pojemno\u015bci, z platform\u0105 o du\u017cej pojemno\u015bci, d\u0142ugimi godzinami pracy, d\u0142ug\u0105 \u017cywotno\u015bci\u0105, bezpiecze\u0144stwem i ochron\u0105 \u015brodowiska<\/p>\n<p><img loading=\"lazy\" decoding=\"async\" height=\"1000\" referrerpolicy=\"no-referrer\" src=\"https:\/\/ae01.alicdn.com\/kf\/S27b23c2fe70a4c37899b54c92940cb610.jpg\" style=\"width: 100%; height: auto; vertical-align: middle;\" width=\"1000\"><\/div>\n<\/div>","protected":false},"excerpt":{"rendered":"<p>Nominal Capacity:&nbsp;120AH Weight:&nbsp;About 12.8kg Size:&nbsp;300*210*170mm Application:&nbsp;EV,RV,Marine Boat,Trolling Motor,Home Energy,Solar Power Storage,Off-Grid Solar Power System,Others Model Number:&nbsp;12V Liferpo4 Battery Type:&nbsp;LiFePO4 Brand Name:&nbsp;Likctt Origin:&nbsp;Mainland China Transportation in the European Union, United Kingdom,the<\/p>","protected":false},"featured_media":7474,"comment_status":"open","ping_status":"closed","template":"","meta":{"_acf_changed":false},"product_brand":[],"product_cat":[237],"product_tag":[243],"class_list":{"0":"post-7519","1":"product","2":"type-product","3":"status-publish","4":"has-post-thumbnail","6":"product_cat-100-200ah-lifepo4-batteries","7":"product_tag-usamr","9":"first","10":"instock","11":"shipping-taxable","12":"purchasable","13":"product-type-variable"},"acf":[],"_links":{"self":[{"href":"https:\/\/electricstore.eu\/pl\/wp-json\/wp\/v2\/product\/7519","targetHints":{"allow":["GET"]}}],"collection":[{"href":"https:\/\/electricstore.eu\/pl\/wp-json\/wp\/v2\/product"}],"about":[{"href":"https:\/\/electricstore.eu\/pl\/wp-json\/wp\/v2\/types\/product"}],"replies":[{"embeddable":true,"href":"https:\/\/electricstore.eu\/pl\/wp-json\/wp\/v2\/comments?post=7519"}],"wp:featuredmedia":[{"embeddable":true,"href":"https:\/\/electricstore.eu\/pl\/wp-json\/wp\/v2\/media\/7474"}],"wp:attachment":[{"href":"https:\/\/electricstore.eu\/pl\/wp-json\/wp\/v2\/media?parent=7519"}],"wp:term":[{"taxonomy":"product_brand","embeddable":true,"href":"https:\/\/electricstore.eu\/pl\/wp-json\/wp\/v2\/product_brand?post=7519"},{"taxonomy":"product_cat","embeddable":true,"href":"https:\/\/electricstore.eu\/pl\/wp-json\/wp\/v2\/product_cat?post=7519"},{"taxonomy":"product_tag","embeddable":true,"href":"https:\/\/electricstore.eu\/pl\/wp-json\/wp\/v2\/product_tag?post=7519"}],"curies":[{"name":"wp","href":"https:\/\/api.w.org\/{rel}","templated":true}]}}