{"id":7488,"date":"2025-05-15T19:31:53","date_gmt":"2025-05-15T19:31:53","guid":{"rendered":"https:\/\/electricstore.eu\/product\/usamr-600ah-12v-lifepo4-battery\/"},"modified":"2025-05-20T13:43:19","modified_gmt":"2025-05-20T13:43:19","slug":"usamr-600ah-12v-lifepo4-battery","status":"publish","type":"product","link":"https:\/\/electricstore.eu\/pl\/p\/batteries\/lifepo4-batteries\/200ah-lifepo4-batteries\/usamr-600ah-12v-lifepo4-battery\/","title":{"rendered":"Akumulator USAMR 600Ah 12V LiFePO4"},"content":{"rendered":"<div class=\"product-specs-list-container\">\n<ul class=\"product-specs-list util-clearfix\">\n<li class=\"product-prop line-limit-length\"><span\n                                        class=\"property-title\">Pojemno\u015b\u0107 nominalna:&nbsp;<\/span><span\n                                        class=\"property-desc line-limit-length\">600AH<\/span>\n                            <\/li>\n<li class=\"product-prop line-limit-length\"><span\n                                        class=\"property-title\">Waga:&nbsp;<\/span><span\n                                        class=\"property-desc line-limit-length\">Oko\u0142o 50,4 kg<\/span>\n                            <\/li>\n<li class=\"product-prop line-limit-length\"><span\n                                        class=\"property-title\">Rozmiar:&nbsp;<\/span><span\n                                        class=\"property-desc line-limit-length\">615x245x220mm<\/span>\n                            <\/li>\n<li class=\"product-prop line-limit-length\"><span\n                                        class=\"property-title\">Numer modelu:&nbsp;<\/span><span\n                                        class=\"property-desc line-limit-length\">Akumulator Liferpo4 12 V<\/span>\n                            <\/li>\n<li class=\"product-prop line-limit-length\"><span\n                                        class=\"property-title\">Typ:&nbsp;<\/span><span\n                                        class=\"property-desc line-limit-length\">LiFePO4<\/span>\n                            <\/li>\n<li class=\"product-prop line-limit-length\"><span\n                                        class=\"property-title\">Nazwa marki:&nbsp;<\/span><span\n                                        class=\"property-desc line-limit-length\">Lubi\u0107<\/span>\n                            <\/li>\n<li class=\"product-prop line-limit-length\"><span\n                                        class=\"property-title\">Pochodzenie:&nbsp;<\/span><span\n                                        class=\"property-desc line-limit-length\">Chiny kontynentalne<\/span>\n                            <\/li>\n<\/ul><\/div>\n<div class=\"detailmodule_html\">\n<div class=\"detail-desc-decorate-richtext\">\n<p style=\"font-size:13px;text-align:left;color:rgb(255, 0, 0)\" align=\"left\">Transport na terenie Unii Europejskiej, Wielkiej Brytanii, Stan\u00f3w Zjednoczonych, Kanady i Azji jest WOLNY OD PODATKU.<\/p>\n<p style=\"font-size:13px;text-align:left;color:rgb(67, 70, 73)\" align=\"left\">Magazyn UE (magazyn w Polsce) dotar\u0142. Przyjaciele, kt\u00f3rzy go potrzebuj\u0105, mog\u0105 z\u0142o\u017cy\u0107 zam\u00f3wienie ju\u017c teraz. Najpierw z\u0142\u00f3\u017c zam\u00f3wienie i zorganizuj przesy\u0142k\u0119. Towar mo\u017cesz otrzyma\u0107 w ci\u0105gu 3-7 dni od wysy\u0142ki.<\/p>\n<p style=\"font-size:13px;text-align:left;color:rgb(67, 70, 73)\" align=\"left\">Typ baterii:<\/p>\n<p style=\"font-size:13px;text-align:left;color:rgb(67, 70, 73)\" align=\"left\">Pojemno\u015b\u0107 akumulatora: 600ah<\/p>\n<p style=\"font-size:13px;text-align:left;color:rgb(67, 70, 73)\" align=\"left\">Battery size:615*245*220mm (+\/-10mm)<\/p>\n<p style=\"font-size:13px;text-align:left;color:rgb(67, 70, 73)\" align=\"left\">Waga: 50,4 kg (+\/-0,5 kg)<\/p>\n<p style=\"font-size:13px;text-align:left;color:rgb(67, 70, 73)\" align=\"left\">Wbudowany: Akumulator LiFePO4 3,2 V<\/p>\n<p style=\"font-size:13px;text-align:left;color:rgb(67, 70, 73)\" align=\"left\">Napi\u0119cie znamionowe: 12,8 V<\/p>\n<p style=\"font-size:13px;text-align:left;color:rgb(67, 70, 73)\" align=\"left\">Maksymalny pr\u0105d \u0142adowania: 50A<\/p>\n<p style=\"font-size:13px;text-align:left;color:rgb(67, 70, 73)\" align=\"left\">Pr\u0105d roz\u0142adowania natychmiastowego: 200A<\/p>\n<p style=\"font-size:13px;text-align:left;color:rgb(67, 70, 73)\" align=\"left\">Ci\u0105g\u0142y pr\u0105d roz\u0142adowania: 100A<\/p>\n<p style=\"font-size:13px;text-align:left;color:rgb(67, 70, 73)\" align=\"left\">\u017bycie: 6000 cykli lub wi\u0119cej<\/p>\n<p style=\"font-size:13px;text-align:left;color:rgb(67, 70, 73)\" align=\"left\">Temperatura \u0142adowania: 0~45\u00b0C<\/p>\n<p style=\"font-size:13px;text-align:left;color:rgb(67, 70, 73)\" align=\"left\">Temperatura roz\u0142adowania: -20~60\u00b0C<\/p>\n<p style=\"font-size:13px;text-align:left;color:rgb(67, 70, 73)\" align=\"left\">Temperatura przechowywania: -20~65 \u00b0C<\/p>\n<p style=\"font-size:13px;text-align:left;color:rgb(67, 70, 73)\" align=\"left\">Zakres napi\u0119cia roboczego: 8,0 V-14,6 V<\/p>\n<p style=\"font-size:13px;text-align:left;color:rgb(67, 70, 73)\" align=\"left\">Napi\u0119cie zabezpieczenia przeci\u0105\u017ceniowego: 14,6 V \u00b1 0,05 V<\/p>\n<p style=\"font-size:13px;text-align:left;color:rgb(67, 70, 73)\" align=\"left\">Zabezpieczenie napi\u0119ciowe przed przepi\u0119ciami: 8,0 V \u00b1 0,05 V<\/p>\n<p style=\"font-size:13px;text-align:left;color:rgb(67, 70, 73)\" align=\"left\">Chro\u0144 temperatur\u0119 akumulatora: 60\u00b0C plus 5\u00b0C<\/p>\n<p style=\"font-size:13px;text-align:left;color:rgb(67, 70, 73)\" align=\"left\">Wyj\u015bcie i parametry: kolumna po\u0142\u0105cze\u0144 wysokopr\u0105dowych dodatnich\/ujemnych (czerwony dodatni, czarny ujemny)<\/p>\n<div><img decoding=\"async\" style=\"width:100%;height:auto\" width=\"100%\" height=\"auto\" src=\"https:\/\/ae01.alicdn.com\/kf\/S5a74bced89324136a7b7a70583900b63U.jpg\" slate-data-type=\"image\"\/><img decoding=\"async\" style=\"width:100%;height:auto\" width=\"100%\" height=\"auto\" src=\"https:\/\/ae01.alicdn.com\/kf\/S02bb624988e94274ae47067c3b7ebaa0n.jpg\" slate-data-type=\"image\"\/><img decoding=\"async\" style=\"width:100%;height:auto\" width=\"100%\" height=\"auto\" src=\"https:\/\/ae01.alicdn.com\/kf\/S7e2ecfaebb89478c999a215e407018fdv.jpg?width=1000&amp;height=1000&amp;hash=2000\" slate-data-type=\"image\"\/><img decoding=\"async\" style=\"width:100%;height:auto\" width=\"100%\" height=\"auto\" src=\"https:\/\/ae01.alicdn.com\/kf\/S13ca26386bd14fe19f904cf2debae6eev.jpg?width=1000&amp;height=1000&amp;hash=2000\" slate-data-type=\"image\"\/><img decoding=\"async\" style=\"width:100%;height:auto\" width=\"100%\" height=\"auto\" src=\"https:\/\/ae01.alicdn.com\/kf\/S8c236631c0074bbaa1b11b49d38d519fb.jpg?width=1000&amp;height=1000&amp;hash=2000\" slate-data-type=\"image\"\/><img decoding=\"async\" style=\"width:100%;height:auto\" width=\"100%\" height=\"auto\" src=\"https:\/\/ae01.alicdn.com\/kf\/S0b864e6cc9304f488d3239583040af0aU.jpg?width=1000&amp;height=1000&amp;hash=2000\" slate-data-type=\"image\"\/><img decoding=\"async\" style=\"width:100%;height:auto\" width=\"100%\" height=\"auto\" src=\"https:\/\/ae01.alicdn.com\/kf\/Sf98e8c247a2846618b473aa2009e67a7H.jpg?width=1000&amp;height=1000&amp;hash=2000\" slate-data-type=\"image\"\/><img decoding=\"async\" style=\"width:100%;height:auto\" width=\"100%\" height=\"auto\" src=\"https:\/\/ae01.alicdn.com\/kf\/Sb16879ee72a741f8b8c37d4cd220f6972.jpg?width=1000&amp;height=1000&amp;hash=2000\" slate-data-type=\"image\"\/><img decoding=\"async\" style=\"width:100%;height:auto\" width=\"100%\" height=\"auto\" src=\"https:\/\/ae01.alicdn.com\/kf\/S25616461d29742ea875ae98f4178a6b0y.jpg?width=1000&amp;height=1000&amp;hash=2000\" slate-data-type=\"image\"\/><\/div>\n<p style=\"font-size:13px;text-align:left;color:rgb(67, 70, 73)\" align=\"left\">Zastosowanie energii elektrycznej<\/p>\n<p style=\"font-size:13px;text-align:left;color:rgb(67, 70, 73)\" align=\"left\">\u25cfUruchom silnik akumulatora<\/p>\n<p style=\"font-size:13px;text-align:left;color:rgb(67, 70, 73)\" align=\"left\">\u25cf Autobusy komercyjne i busy:<\/p>\n<p style=\"font-size:13px;text-align:left;color:rgb(67, 70, 73)\" align=\"left\">Samochody elektryczne, autobusy elektryczne, w\u00f3zki golfowe\/rowery elektryczne, skutery, pojazdy kempingowe, pojazdy AGV, marynarze, autokary, przyczepy kempingowe, w\u00f3zki inwalidzkie,<\/p>\n<p style=\"font-size:13px;text-align:left;color:rgb(67, 70, 73)\" align=\"left\">Elektryczne w\u00f3zki wid\u0142owe, elektryczne zamiatarki, urz\u0105dzenia do mycia pod\u0142\u00f3g, elektroniczne chodziki itp.<\/p>\n<p style=\"font-size:13px;text-align:left;color:rgb(67, 70, 73)\" align=\"left\">\u25cf Inteligentny robot<\/p>\n<p style=\"font-size:13px;text-align:left;color:rgb(67, 70, 73)\" align=\"left\">\u25cf Narz\u0119dzia elektryczne: wiertarki elektryczne, zabawki<\/p>\n<p style=\"font-size:13px;text-align:left;color:rgb(67, 70, 73)\" align=\"left\">Magazynowanie energii<\/p>\n<p style=\"font-size:13px;text-align:left;color:rgb(67, 70, 73)\" align=\"left\">\u25cf System zasilania energi\u0105 s\u0142oneczn\u0105 z wiatru<\/p>\n<p style=\"font-size:13px;text-align:left;color:rgb(67, 70, 73)\" align=\"left\">\u25cf Siatka miejska (w\u0142.\/wy\u0142.)<\/p>\n<p style=\"font-size:13px;text-align:left;color:rgb(67, 70, 73)\" align=\"left\">System kopii zapasowych i UPS<\/p>\n<p style=\"font-size:13px;text-align:left;color:rgb(67, 70, 73)\" align=\"left\">\u25cf Baza telekomunikacyjna, system telewizji kablowej, centrum serwerowe, sprz\u0119t medyczny, sprz\u0119t wojskowy<\/p>\n<p style=\"font-size:13px;text-align:left;color:rgb(67, 70, 73)\" align=\"left\">inne aplikacje<\/p>\n<p style=\"font-size:13px;text-align:left;color:rgb(67, 70, 73)\" align=\"left\">\u25cf Bezpiecze\u0144stwo i elektronika, mobilny punkt sprzeda\u017cy, o\u015bwietlenie g\u00f3rnicze \/ latarki \/ \u015bwiat\u0142a LED \/ \u015bwiat\u0142a awaryjne<\/p>\n<p style=\"font-size:13px;text-align:left;color:rgb(67, 70, 73)\" align=\"left\">Zalety produktu:<\/p>\n<p style=\"font-size:13px;text-align:left;color:rgb(67, 70, 73)\" align=\"left\">\u0141atwy do przenoszenia, o du\u017cej pojemno\u015bci, z platform\u0105 o du\u017cej pojemno\u015bci, d\u0142ugimi godzinami pracy, d\u0142ug\u0105 \u017cywotno\u015bci\u0105, bezpiecze\u0144stwem i ochron\u0105 \u015brodowiska<\/p>\n<div><img decoding=\"async\" style=\"width:100%;height:auto\" width=\"100%\" height=\"auto\" src=\"https:\/\/ae01.alicdn.com\/kf\/S27b23c2fe70a4c37899b54c92940cb610.jpg\" slate-data-type=\"image\"\/><\/div>\n<\/div>\n<\/div>\n<p><\/p>","protected":false},"excerpt":{"rendered":"<p>Nominal Capacity:&nbsp;600AH Weight:&nbsp;About 50.4kg Size:&nbsp;615x245x220mm Model Number:&nbsp;12V Liferpo4 Battery Type:&nbsp;LiFePO4 Brand Name:&nbsp;Likctt Origin:&nbsp;Mainland China Transportation in the European Union, United Kingdom,the United States, Canada, and Asian TAX FREE. The EU<\/p>","protected":false},"featured_media":7489,"comment_status":"open","ping_status":"closed","template":"","meta":{"_acf_changed":false},"product_brand":[],"product_cat":[238],"product_tag":[243],"class_list":{"0":"post-7488","1":"product","2":"type-product","3":"status-publish","4":"has-post-thumbnail","6":"product_cat-200ah-lifepo4-batteries","7":"product_tag-usamr","9":"first","10":"instock","11":"shipping-taxable","12":"purchasable","13":"product-type-simple"},"acf":[],"_links":{"self":[{"href":"https:\/\/electricstore.eu\/pl\/wp-json\/wp\/v2\/product\/7488","targetHints":{"allow":["GET"]}}],"collection":[{"href":"https:\/\/electricstore.eu\/pl\/wp-json\/wp\/v2\/product"}],"about":[{"href":"https:\/\/electricstore.eu\/pl\/wp-json\/wp\/v2\/types\/product"}],"replies":[{"embeddable":true,"href":"https:\/\/electricstore.eu\/pl\/wp-json\/wp\/v2\/comments?post=7488"}],"wp:featuredmedia":[{"embeddable":true,"href":"https:\/\/electricstore.eu\/pl\/wp-json\/wp\/v2\/media\/7489"}],"wp:attachment":[{"href":"https:\/\/electricstore.eu\/pl\/wp-json\/wp\/v2\/media?parent=7488"}],"wp:term":[{"taxonomy":"product_brand","embeddable":true,"href":"https:\/\/electricstore.eu\/pl\/wp-json\/wp\/v2\/product_brand?post=7488"},{"taxonomy":"product_cat","embeddable":true,"href":"https:\/\/electricstore.eu\/pl\/wp-json\/wp\/v2\/product_cat?post=7488"},{"taxonomy":"product_tag","embeddable":true,"href":"https:\/\/electricstore.eu\/pl\/wp-json\/wp\/v2\/product_tag?post=7488"}],"curies":[{"name":"wp","href":"https:\/\/api.w.org\/{rel}","templated":true}]}}