{"id":25939,"date":"2025-05-20T19:04:38","date_gmt":"2025-05-20T19:04:38","guid":{"rendered":"https:\/\/electricstore.eu\/p\/uncategorized\/kukirin-g2-max-adult-electric-scooter-48v20-8ah-battery-peak-1200w-motor-55km-h-speed-80km-max-range-10tires-foldable-e-scooter\/"},"modified":"2025-05-20T19:08:05","modified_gmt":"2025-05-20T19:08:05","slug":"kukirin-g2-max-adult-electric-scooter-48v20-8ah-battery-peak-1200w-motor-55km-h-speed-80km-max-range-10tires-foldable-e-scooter","status":"publish","type":"product","link":"https:\/\/electricstore.eu\/pl\/p\/scooters\/kukirin-g2-max-adult-electric-scooter-48v20-8ah-battery-peak-1200w-motor-55km-h-speed-80km-max-range-10tires-foldable-e-scooter\/","title":{"rendered":"KuKirin G2 MAX Hulajnoga elektryczna dla doros\u0142ych 48V20.8Ah Akumulator szczytowy 1200W Silnik 55KM\/H Pr\u0119dko\u015b\u0107 80KM Maksymalny zasi\u0119g 10\u2033 Opony Sk\u0142adana hulajnoga elektryczna"},"content":{"rendered":"<div class=\"product-specs-list-container\">\n<ul class=\"product-specs-list util-clearfix\">\n<li class=\"product-prop line-limit-length\"><span\n                                        class=\"property-title\">Rozmiar opony:&nbsp;<\/span><span\n                                        class=\"property-desc line-limit-length\">10 cali<\/span>\n                            <\/li>\n<li class=\"product-prop line-limit-length\"><span\n                                        class=\"property-title\">Numer modelu:&nbsp;<\/span><span\n                                        class=\"property-desc line-limit-length\">KuKirin G2 MAX<\/span>\n                            <\/li>\n<li class=\"product-prop line-limit-length\"><span\n                                        class=\"property-title\">Kategoria:&nbsp;<\/span><span\n                                        class=\"property-desc line-limit-length\">Hulajnoga dwuko\u0142owa<\/span>\n                            <\/li>\n<li class=\"product-prop line-limit-length\"><span\n                                        class=\"property-title\">Osoby, kt\u00f3rych to dotyczy:&nbsp;<\/span><span\n                                        class=\"property-desc line-limit-length\">Dla obu p\u0142ci<\/span>\n                            <\/li>\n<li class=\"product-prop line-limit-length\"><span\n                                        class=\"property-title\">Zasi\u0119g na jednym \u0142adowaniu:&nbsp;<\/span><span\n                                        class=\"property-desc line-limit-length\">60-80km<\/span>\n                            <\/li>\n<li class=\"product-prop line-limit-length\"><span\n                                        class=\"property-title\">Czas \u0142adowania:&nbsp;<\/span><span\n                                        class=\"property-desc line-limit-length\">6-8 godzin<\/span>\n                            <\/li>\n<li class=\"product-prop line-limit-length\"><span\n                                        class=\"property-title\">Wolta\u017c:&nbsp;<\/span><span\n                                        class=\"property-desc line-limit-length\">48V<\/span>\n                            <\/li>\n<li class=\"product-prop line-limit-length\"><span\n                                        class=\"property-title\">Moc:&nbsp;<\/span><span\n                                        class=\"property-desc line-limit-length\">1001-2000 W<\/span>\n                            <\/li>\n<li class=\"product-prop line-limit-length\"><span\n                                        class=\"property-title\">Fa\u0142dowy:&nbsp;<\/span><span\n                                        class=\"property-desc line-limit-length\">TAK<\/span>\n                            <\/li>\n<li class=\"product-prop line-limit-length\"><span\n                                        class=\"property-title\">Pochodzenie:&nbsp;<\/span><span\n                                        class=\"property-desc line-limit-length\">Chiny kontynentalne<\/span>\n                            <\/li>\n<li class=\"product-prop line-limit-length\"><span\n                                        class=\"property-title\">maksymalny silnik:&nbsp;<\/span><span\n                                        class=\"property-desc line-limit-length\">1200 W<\/span>\n                            <\/li>\n<li class=\"product-prop line-limit-length\"><span\n                                        class=\"property-title\">maksymalny zasi\u0119g:&nbsp;<\/span><span\n                                        class=\"property-desc line-limit-length\">70 km<\/span>\n                            <\/li>\n<li class=\"product-prop line-limit-length\"><span\n                                        class=\"property-title\">maksymalna pr\u0119dko\u015b\u0107:&nbsp;<\/span><span\n                                        class=\"property-desc line-limit-length\">60 kilometr\u00f3w na godzin\u0119<\/span>\n                            <\/li>\n<li class=\"product-prop line-limit-length\"><span\n                                        class=\"property-title\">maksymalne obci\u0105\u017cenie:&nbsp;<\/span><span\n                                        class=\"property-desc line-limit-length\">120kg<\/span>\n                            <\/li>\n<li class=\"product-prop line-limit-length\"><span\n                                        class=\"property-title\">1., 2., 3. (bieg ja\u0142owy):&nbsp;<\/span><span\n                                        class=\"property-desc line-limit-length\">15 km\/h, 40 km\/h, 60 km\/h<\/span>\n                            <\/li>\n<li class=\"product-prop line-limit-length\"><span\n                                        class=\"property-title\">Zdolno\u015b\u0107 wspinaczkowa:&nbsp;<\/span><span\n                                        class=\"property-desc line-limit-length\">Nachylenie \u2264222\u00b0<\/span>\n                            <\/li>\n<li class=\"product-prop line-limit-length\"><span\n                                        class=\"property-title\">Uk\u0142ad hamulcowy:&nbsp;<\/span><span\n                                        class=\"property-desc line-limit-length\">Przedni i tylny hamulec tarczowy oraz hamulec r\u0119czny<\/span>\n                            <\/li>\n<li class=\"product-prop line-limit-length\"><span\n                                        class=\"property-title\">Bateria:&nbsp;<\/span><span\n                                        class=\"property-desc line-limit-length\">48V 20,8Ah<\/span>\n                            <\/li>\n<li class=\"product-prop line-limit-length\"><span\n                                        class=\"property-title\">Amortyzator przedni:&nbsp;<\/span><span\n                                        class=\"property-desc line-limit-length\">Adsorpcja szokowa spr\u0119\u017cynowa<\/span>\n                            <\/li>\n<li class=\"product-prop line-limit-length\"><span\n                                        class=\"property-title\">Amortyzator tylny:&nbsp;<\/span><span\n                                        class=\"property-desc line-limit-length\">Adsorpcja szokowa spr\u0119\u017cynowa<\/span>\n                            <\/li>\n<li class=\"product-prop line-limit-length\"><span\n                                        class=\"property-title\">Certyfikat:&nbsp;<\/span><span\n                                        class=\"property-desc line-limit-length\"><\/span>\n                            <\/li>\n<\/ul><\/div>\n<h1 style=\"text-align:center\" align=\"center\"><strong>Hulajnoga elektryczna dla doros\u0142ych KuKirin G2 MAX, akumulator 48 V, 20,8 Ah, moc szczytowa 1200 W, pr\u0119dko\u015b\u0107 55 km\/h, zasi\u0119g maksymalny 80 km, opony 10 cali, sk\u0142adana hulajnoga elektryczna<\/strong><\/h1>\n<p><strong><span style=\"color:rgb(25, 25, 25);font-size:24px;font-family:&quot;TT Norms Pro&quot;, &quot;Open Sans&quot;, Roboto, Arial, Helvetica, sans-serif, SimSun\">Opis:<\/span><\/strong><\/p>\n<p><span style=\"background-color:rgb(255, 255, 255);color:rgb(0, 0, 0);font-size:14px;font-family:OpenSans\">Model: Hulajnoga elektryczna terenowa KuKirin G2Max<\/span><br \/><span style=\"background-color:rgb(255, 255, 255);color:rgb(0, 0, 0);font-size:14px;font-family:OpenSans\">Maksymalna pr\u0119dko\u015b\u0107: 55 km\/h<\/span><br \/><span style=\"background-color:rgb(255, 255, 255);color:rgb(0, 0, 0);font-size:14px;font-family:OpenSans\">Moc silnika: 1000 W<\/span><br \/><span style=\"background-color:rgb(255, 255, 255);color:rgb(0, 0, 0);font-size:14px;font-family:OpenSans\">Akumulator: 48V20AH<\/span><br \/><span style=\"background-color:rgb(255, 255, 255);color:rgb(0, 0, 0);font-size:14px;font-family:OpenSans\">Rozmiar opony: 10 cali<\/span><br \/><span style=\"background-color:rgb(255, 255, 255);color:rgb(0, 0, 0);font-size:14px;font-family:OpenSans\">Zasi\u0119g: 80 km (w zale\u017cno\u015bci od takich czynnik\u00f3w, jak obci\u0105\u017cenie, temperatura, pr\u0119dko\u015b\u0107 wiatru i faktyczna eksploatacja)<\/span><br \/><span style=\"background-color:rgb(255, 255, 255);color:rgb(0, 0, 0);font-size:14px;font-family:OpenSans\">Maksymalna waga \u0142adunku: 120 kg<\/span><br \/><span style=\"background-color:rgb(255, 255, 255);color:rgb(0, 0, 0);font-size:14px;font-family:OpenSans\">Wodoodporno\u015b\u0107: IP54<\/span><br \/><span style=\"background-color:rgb(255, 255, 255);color:rgb(0, 0, 0);font-size:14px;font-family:OpenSans\">Czas \u0142adowania: 10-11 godz.<\/span><br \/><span style=\"background-color:rgb(255, 255, 255);color:rgb(0, 0, 0);font-size:14px;font-family:OpenSans\">Zdolno\u015b\u0107 pokonywania wzniesie\u0144: 30\u00b0<\/span><br \/><span style=\"background-color:rgb(255, 255, 255);color:rgb(0, 0, 0);font-size:14px;font-family:OpenSans\">Uk\u0142ad hamulcowy: hamulce tarczowe prz\u00f3d + ty\u0142<\/span><br \/><span style=\"background-color:rgb(255, 255, 255);color:rgb(0, 0, 0);font-size:14px;font-family:OpenSans\">Masa ca\u0142kowita: 36 kg<\/span><br \/><span style=\"background-color:rgb(255, 255, 255);color:rgb(0, 0, 0);font-size:14px;font-family:OpenSans\">Rozmiar po z\u0142o\u017ceniu: 1260*605*580 mm<\/span><br \/><span style=\"background-color:rgb(255, 255, 255);color:rgb(0, 0, 0);font-size:14px;font-family:OpenSans\">Rozmiar opakowania: 1275*270*620MM<\/span><\/p>\n<p><\/p>\n<p><span style=\"background-color:rgb(255, 255, 255);color:rgb(0, 0, 0);font-size:14px;font-family:OpenSans\"><\/span><img decoding=\"async\" src=\"https:\/\/ae01.alicdn.com\/kf\/S5a117dded4744fbd81326d2aa9c98df84.jpg\" slate-data-type=\"image\"\/><span style=\"background-color:rgb(255, 255, 255);color:rgb(0, 0, 0);font-size:14px;font-family:OpenSans\"><\/span><img decoding=\"async\" src=\"https:\/\/ae01.alicdn.com\/kf\/Sc878d231486148e8a9480111f5cef267A.jpg\" slate-data-type=\"image\"\/><span style=\"background-color:rgb(255, 255, 255);color:rgb(0, 0, 0);font-size:14px;font-family:OpenSans\"><\/span><img decoding=\"async\" src=\"https:\/\/ae01.alicdn.com\/kf\/Se3e0cf21abb74cf3859b93641712ae10f.jpg\" slate-data-type=\"image\"\/><span style=\"background-color:rgb(255, 255, 255);color:rgb(0, 0, 0);font-size:14px;font-family:OpenSans\"><\/span><img decoding=\"async\" src=\"https:\/\/ae01.alicdn.com\/kf\/S204bd840260b4cbea9ee756a385e163bi.jpg\" slate-data-type=\"image\"\/><span style=\"background-color:rgb(255, 255, 255);color:rgb(0, 0, 0);font-size:14px;font-family:OpenSans\"><\/span><img decoding=\"async\" src=\"https:\/\/ae01.alicdn.com\/kf\/Safb49c9093434974b75c9fb6198a9c77d.jpg\" slate-data-type=\"image\"\/><span style=\"background-color:rgb(255, 255, 255);color:rgb(0, 0, 0);font-size:14px;font-family:OpenSans\"><\/span><img decoding=\"async\" src=\"https:\/\/ae01.alicdn.com\/kf\/S9e97265bf9274019b0655b4c37b5053fw.jpg\" slate-data-type=\"image\"\/><span style=\"background-color:rgb(255, 255, 255);color:rgb(0, 0, 0);font-size:14px;font-family:OpenSans\"><\/span><img decoding=\"async\" src=\"https:\/\/ae01.alicdn.com\/kf\/S582c9604429a46edb583b0b666796722K.jpg\" slate-data-type=\"image\"\/><span style=\"background-color:rgb(255, 255, 255);color:rgb(0, 0, 0);font-size:14px;font-family:OpenSans\"><\/span><img decoding=\"async\" src=\"https:\/\/ae01.alicdn.com\/kf\/S5465818a0af4463da7b100046b47cc05K.jpg\" slate-data-type=\"image\"\/><span style=\"background-color:rgb(255, 255, 255);color:rgb(0, 0, 0);font-size:14px;font-family:OpenSans\"><\/span><img decoding=\"async\" src=\"https:\/\/ae01.alicdn.com\/kf\/S1d57feb5808048dab757dbed2bb16127E.jpg\" slate-data-type=\"image\"\/><span style=\"background-color:rgb(255, 255, 255);color:rgb(0, 0, 0);font-size:14px;font-family:OpenSans\"><\/span><img decoding=\"async\" src=\"https:\/\/ae01.alicdn.com\/kf\/S08152ad3ad6f432cac7cea9aa19a9271B.jpg\" slate-data-type=\"image\"\/><span style=\"background-color:rgb(255, 255, 255);color:rgb(0, 0, 0);font-size:14px;font-family:OpenSans\"><\/span><img decoding=\"async\" src=\"https:\/\/ae01.alicdn.com\/kf\/S3ae70d309f56450e902af967696161c7x.jpg\" slate-data-type=\"image\"\/><span style=\"background-color:rgb(255, 255, 255);color:rgb(0, 0, 0);font-size:14px;font-family:OpenSans\"><\/span><img decoding=\"async\" src=\"https:\/\/ae01.alicdn.com\/kf\/S22cd7377d9f24eb5a415d60ee72ff8b6b.jpg\" slate-data-type=\"image\"\/><span style=\"background-color:rgb(255, 255, 255);color:rgb(0, 0, 0);font-size:14px;font-family:OpenSans\"><\/span><img decoding=\"async\" src=\"https:\/\/ae01.alicdn.com\/kf\/Sb85fde587ece499c83e15d3502e50521N.jpg\" slate-data-type=\"image\"\/><span style=\"background-color:rgb(255, 255, 255);color:rgb(0, 0, 0);font-size:14px;font-family:OpenSans\"><\/span><img decoding=\"async\" src=\"https:\/\/ae01.alicdn.com\/kf\/Sf07c3fd2ed8047a682a8c8bc9e9419c6u.jpg\" slate-data-type=\"image\"\/><span style=\"background-color:rgb(255, 255, 255);color:rgb(0, 0, 0);font-size:14px;font-family:OpenSans\"><\/span><img decoding=\"async\" src=\"https:\/\/ae01.alicdn.com\/kf\/S00f982c6e50f402f8d4f76fa8c5e982aq.jpg\" slate-data-type=\"image\"\/><span style=\"background-color:rgb(255, 255, 255);color:rgb(0, 0, 0);font-size:14px;font-family:OpenSans\"><\/span><img decoding=\"async\" src=\"https:\/\/ae01.alicdn.com\/kf\/Se12162d9ab794652b9bec088074b3a16M.jpg\" slate-data-type=\"image\"\/><span style=\"background-color:rgb(255, 255, 255);color:rgb(0, 0, 0);font-size:14px;font-family:OpenSans\"><\/span><img decoding=\"async\" src=\"https:\/\/ae01.alicdn.com\/kf\/S5abbc84e13dc4fc9acc559fb67fa842aI.jpg\" slate-data-type=\"image\"\/><span style=\"background-color:rgb(255, 255, 255);color:rgb(0, 0, 0);font-size:14px;font-family:OpenSans\"><\/span><\/p>","protected":false},"excerpt":{"rendered":"<p>Tire Size:&nbsp;10 inch Model Number:&nbsp;KuKirin G2 MAX Category:&nbsp;Two-wheel Scooter Applicable People:&nbsp;Unisex Range Per Charge:&nbsp;60-80km Charging Time:&nbsp;6-8h Voltage:&nbsp;48v Power:&nbsp;1001-2000w Folded:&nbsp;YES Origin:&nbsp;Mainland China max motor:&nbsp;1200W max range:&nbsp;70 KM max speed:&nbsp;60 km\/h max<\/p>","protected":false},"featured_media":25940,"comment_status":"open","ping_status":"closed","template":"","meta":{"_acf_changed":false},"product_brand":[],"product_cat":[297],"product_tag":[],"class_list":{"0":"post-25939","1":"product","2":"type-product","3":"status-publish","4":"has-post-thumbnail","6":"product_cat-scooters","8":"first","9":"instock","10":"shipping-taxable","11":"purchasable","12":"product-type-simple"},"acf":[],"_links":{"self":[{"href":"https:\/\/electricstore.eu\/pl\/wp-json\/wp\/v2\/product\/25939","targetHints":{"allow":["GET"]}}],"collection":[{"href":"https:\/\/electricstore.eu\/pl\/wp-json\/wp\/v2\/product"}],"about":[{"href":"https:\/\/electricstore.eu\/pl\/wp-json\/wp\/v2\/types\/product"}],"replies":[{"embeddable":true,"href":"https:\/\/electricstore.eu\/pl\/wp-json\/wp\/v2\/comments?post=25939"}],"wp:featuredmedia":[{"embeddable":true,"href":"https:\/\/electricstore.eu\/pl\/wp-json\/wp\/v2\/media\/25940"}],"wp:attachment":[{"href":"https:\/\/electricstore.eu\/pl\/wp-json\/wp\/v2\/media?parent=25939"}],"wp:term":[{"taxonomy":"product_brand","embeddable":true,"href":"https:\/\/electricstore.eu\/pl\/wp-json\/wp\/v2\/product_brand?post=25939"},{"taxonomy":"product_cat","embeddable":true,"href":"https:\/\/electricstore.eu\/pl\/wp-json\/wp\/v2\/product_cat?post=25939"},{"taxonomy":"product_tag","embeddable":true,"href":"https:\/\/electricstore.eu\/pl\/wp-json\/wp\/v2\/product_tag?post=25939"}],"curies":[{"name":"wp","href":"https:\/\/api.w.org\/{rel}","templated":true}]}}