{"id":25729,"date":"2025-05-20T19:00:53","date_gmt":"2025-05-20T19:00:53","guid":{"rendered":"https:\/\/electricstore.eu\/p\/uncategorized\/wltoys-c8805-114-rc-car-4wd-brushless-electric-70km-h-high-speed-off-road-2-4g-remote-control-cars-drift-monster-truck-for-kids\/"},"modified":"2025-05-20T19:06:33","modified_gmt":"2025-05-20T19:06:33","slug":"wltoys-c8805-114-rc-car-4wd-brushless-electric-70km-h-high-speed-off-road-2-4g-remote-control-cars-drift-monster-truck-for-kids","status":"publish","type":"product","link":"https:\/\/www.electricstore.eu\/pl\/p\/rc\/rc-cars\/wltoys-c8805-114-rc-car-4wd-brushless-electric-70km-h-high-speed-off-road-2-4g-remote-control-cars-drift-monster-truck-for-kids\/","title":{"rendered":"Wltoys C8805 1:14 RC Car 4WD bezszczotkowy elektryczny 70 km\/h szybki terenowy 2.4G zdalnie sterowane samochody driftowe monster truck dla dzieci"},"content":{"rendered":"<div class=\"product-specs-list-container\">\n<ul class=\"product-specs-list util-clearfix\">\n<li class=\"product-prop line-limit-length\"><span\n                                        class=\"property-title\">Substancja chemiczna budz\u0105ca du\u017ce obawy:&nbsp;<\/span><span\n                                        class=\"property-desc line-limit-length\">Nic<\/span>\n                            <\/li>\n<li class=\"product-prop line-limit-length\"><span\n                                        class=\"property-title\">CE:&nbsp;<\/span><span\n                                        class=\"property-desc line-limit-length\">Certyfikat<\/span>\n                            <\/li>\n<li class=\"product-prop line-limit-length\"><span\n                                        class=\"property-title\">Czy jest elektryczny:&nbsp;<\/span><span\n                                        class=\"property-desc line-limit-length\">bateria litowa<\/span>\n                            <\/li>\n<li class=\"product-prop line-limit-length\"><span\n                                        class=\"property-title\">Kod kreskowy:&nbsp;<\/span><span\n                                        class=\"property-desc line-limit-length\">NIE<\/span>\n                            <\/li>\n<li class=\"product-prop line-limit-length\"><span\n                                        class=\"property-title\">Serwo przepustnicy:&nbsp;<\/span><span\n                                        class=\"property-desc line-limit-length\">Silnik bezszczotkowy 2847 (warto\u015b\u0107 4000 kV)<\/span>\n                            <\/li>\n<li class=\"product-prop line-limit-length\"><span\n                                        class=\"property-title\">Serwomechanizm steruj\u0105cy:&nbsp;<\/span><span\n                                        class=\"property-desc line-limit-length\">Cyfrowy serwo 17G z trzema przewodami<\/span>\n                            <\/li>\n<li class=\"product-prop line-limit-length\"><span\n                                        class=\"property-title\">Moc:&nbsp;<\/span><span\n                                        class=\"property-desc line-limit-length\">70 km\/h<\/span>\n                            <\/li>\n<li class=\"product-prop line-limit-length\"><span\n                                        class=\"property-title\">Stan Zgromadzenia:&nbsp;<\/span><span\n                                        class=\"property-desc line-limit-length\">Gotowy do u\u017cycia<\/span>\n                            <\/li>\n<li class=\"product-prop line-limit-length\"><span\n                                        class=\"property-title\">Czas lotu:&nbsp;<\/span><span\n                                        class=\"property-desc line-limit-length\">15-18 minut (bieg ci\u0105g\u0142y z pe\u0142n\u0105 pr\u0119dko\u015bci\u0105)<\/span>\n                            <\/li>\n<li class=\"product-prop line-limit-length\"><span\n                                        class=\"property-title\">Odleg\u0142o\u015b\u0107 zdalna:&nbsp;<\/span><span\n                                        class=\"property-desc line-limit-length\">\u2265120m<\/span>\n                            <\/li>\n<li class=\"product-prop line-limit-length\"><span\n                                        class=\"property-title\">Skala:&nbsp;<\/span><span\n                                        class=\"property-desc line-limit-length\">1:14<\/span>\n                            <\/li>\n<li class=\"product-prop line-limit-length\"><span\n                                        class=\"property-title\">Wymiary:&nbsp;<\/span><span\n                                        class=\"property-desc line-limit-length\">34,5*20,5*14,8 cm<\/span>\n                            <\/li>\n<li class=\"product-prop line-limit-length\"><span\n                                        class=\"property-title\">Numer modelu:&nbsp;<\/span><span\n                                        class=\"property-desc line-limit-length\">C8805;MJX 140209\/14210<\/span>\n                            <\/li>\n<li class=\"product-prop line-limit-length\"><span\n                                        class=\"property-title\">Zawarto\u015b\u0107 pakietu:&nbsp;<\/span><span\n                                        class=\"property-desc line-limit-length\">Oryginalne pude\u0142ko, baterie, instrukcja obs\u0142ugi, \u0142adowarka, pilot zdalnego sterowania, kabel USB<\/span>\n                            <\/li>\n<li class=\"product-prop line-limit-length\"><span\n                                        class=\"property-title\">Kana\u0142y sterowania:&nbsp;<\/span><span\n                                        class=\"property-desc line-limit-length\">4 kana\u0142y<\/span>\n                            <\/li>\n<li class=\"product-prop line-limit-length\"><span\n                                        class=\"property-title\">Tryb kontrolera:&nbsp;<\/span><span\n                                        class=\"property-desc line-limit-length\">TRYB 2<\/span>\n                            <\/li>\n<li class=\"product-prop line-limit-length\"><span\n                                        class=\"property-title\">Zdalne sterowanie:&nbsp;<\/span><span\n                                        class=\"property-desc line-limit-length\">Tak<\/span>\n                            <\/li>\n<li class=\"product-prop line-limit-length\"><span\n                                        class=\"property-title\">Tworzywo:&nbsp;<\/span><span\n                                        class=\"property-desc line-limit-length\">Metal, Plastik, Guma<\/span>\n                            <\/li>\n<li class=\"product-prop line-limit-length\"><span\n                                        class=\"property-title\">Nazwa marki:&nbsp;<\/span><span\n                                        class=\"property-desc line-limit-length\">WDSZKMYF<\/span>\n                            <\/li>\n<li class=\"product-prop line-limit-length\"><span\n                                        class=\"property-title\">Zalecany wiek:&nbsp;<\/span><span\n                                        class=\"property-desc line-limit-length\">14+ lat<\/span>\n                            <\/li>\n<li class=\"product-prop line-limit-length\"><span\n                                        class=\"property-title\">Pochodzenie:&nbsp;<\/span><span\n                                        class=\"property-desc line-limit-length\">Chiny kontynentalne<\/span>\n                            <\/li>\n<li class=\"product-prop line-limit-length\"><span\n                                        class=\"property-title\">Projekt:&nbsp;<\/span><span\n                                        class=\"property-desc line-limit-length\">Motocykl terenowy<\/span>\n                            <\/li>\n<li class=\"product-prop line-limit-length\"><span\n                                        class=\"property-title\">Typ:&nbsp;<\/span><span\n                                        class=\"property-desc line-limit-length\">Samoch\u00f3d<\/span>\n                            <\/li>\n<li class=\"product-prop line-limit-length\"><span\n                                        class=\"property-title\">Cechy:&nbsp;<\/span><span\n                                        class=\"property-desc line-limit-length\">ZDALNE STEROWANIE<\/span>\n                            <\/li>\n<\/ul><\/div>\n<p><span style=\"color:rgba(244,78,59,255);font-size:18px\"><strong>sprawy wymagaj\u0105ce uwagi:<\/strong><\/span><\/p>\n<p><span style=\"color:rgba(244,78,59,255)\">1: Zabezpieczenie \u0142adowania: Zbalansowane \u0142adowanie sta\u0142ym pr\u0105dem i sta\u0142ym napi\u0119ciem zapewnia ochron\u0119 przed prze\u0142adowaniem i przet\u0119\u017ceniem akumulatora.<\/span><\/p>\n<p><span style=\"color:rgba(244,78,59,255)\">2: Zabezpieczenie silnika przed zablokowaniem: W przypadku przeci\u0105\u017cenia silnik przestaje pracowa\u0107.<\/span><\/p>\n<p><span style=\"color:rgba(244,78,59,255)\">3: Zabezpieczenie przed wysok\u0105 temperatur\u0105: Gdy temperatura robocza jest wy\u017csza od ustawionej warto\u015bci, uk\u0142ad sterowania nap\u0119dem przestaje dzia\u0142a\u0107 i wznawia prac\u0119, gdy temperatura spadnie do bezpiecznej warto\u015bci.<\/span><\/p>\n<p><span style=\"color:rgba(244,78,59,255)\">4: Funkcja redukcji napi\u0119cia i automatycznego odci\u0119cia zasilania wy\u0142\u0105cza si\u0119, gdy napi\u0119cie akumulatora spadnie poni\u017cej 6,3\u20136,4 V, zapobiegaj\u0105c w ten spos\u00f3b uszkodzeniom spowodowanym nadmiernym roz\u0142adowaniem.<\/span><\/p>\n<p><\/p>\n<p><span style=\"color:rgb(244, 78, 59);font-size:20px\"><strong>JJRC C8805 1:16 RC Car 4WD Thunder High Speed pojazd terenowy Bezszczotkowy nap\u0119d na cztery ko\u0142a Thunder pojazd terenowy RC Toy<\/strong><\/span><\/p>\n<p><span style=\"color:rgb(0, 0, 0);font-size:14px;font-family:OpenSans\">Pr\u0119dko\u015b\u0107 maksymalna: 70 km\/h<\/span><br \/><span style=\"color:rgb(0, 0, 0);font-size:14px;font-family:OpenSans\">Czas u\u017cytkowania: ok. 15-18 minut<\/span><br \/><span style=\"color:rgb(0, 0, 0);font-size:14px;font-family:OpenSans\">Czas \u0142adowania: oko\u0142o 1,5 godziny<\/span><br \/><span style=\"color:rgb(0, 0, 0);font-size:14px;font-family:OpenSans\">Tryb zdalnego sterowania: zdalne sterowanie 2.4G<\/span><br \/><span style=\"color:rgb(0, 0, 0);font-size:14px;font-family:OpenSans\">Odleg\u0142o\u015b\u0107 zdalnego sterowania: \u2265120m<\/span><br \/><span style=\"color:rgb(0, 0, 0);font-size:14px;font-family:OpenSans\">Silnik nap\u0119dowy: silnik bezszczotkowy 2847 (warto\u015b\u0107 4000 kV)<\/span><br \/><span style=\"color:rgb(0, 0, 0);font-size:14px;font-family:OpenSans\">Akumulator: 7,4 V 1500 mAh 15 C<\/span><br \/><span style=\"color:rgb(0, 0, 0);font-size:14px;font-family:OpenSans\">Baterie do pilota: baterie \u201eAA\u201d *3 (brak w zestawie)<\/span><br \/><span style=\"color:rgb(0, 0, 0);font-size:14px;font-family:OpenSans\">Rozstaw osi: 188 mm<\/span><br \/><span style=\"color:rgb(0, 0, 0);font-size:14px;font-family:OpenSans\">\u015arednica ko\u0142a: 85 mm<\/span><br \/><span style=\"color:rgb(0, 0, 0);font-size:14px;font-family:OpenSans\">Wymiary cia\u0142a: 34,5*20,5*14,8 cm<\/span><\/p>\n<p><\/p>\n<p><strong>Funkcjonowa\u0107<\/strong>:<\/p>\n<p>1. Zastosowano konstrukcj\u0119 symuluj\u0105c\u0105, dzi\u0119ki czemu uzyskano rzeczywiste wra\u017cenia z prowadzenia samochodu, osi\u0105gaj\u0105c w pe\u0142ni proporcjonaln\u0105, bezstopniow\u0105 skrzyni\u0119 bieg\u00f3w, mo\u017cliwo\u015b\u0107 jazdy z du\u017c\u0105 pr\u0119dko\u015bci\u0105, b\u0142yskawiczne przyspieszanie, zwalnianie, hamowanie, cofanie, skr\u0119t w lewo i w prawo;<\/p>\n<p>2. Miejsca zastosowania: tereny p\u0142askie, piaszczyste, b\u0142otniste, trawiaste.<\/p>\n<p>3. Nap\u0119d na cztery ko\u0142a: przednie i tylne amortyzatory spr\u0119\u017cynowe, niezale\u017cne zawieszenie na podw\u00f3jnych wahaczach;<\/p>\n<p>4. 2.4G Pe\u0142nowymiarowy synchroniczny system zdalnego sterowania W pe\u0142ni proporcjonalna przepustnica\/kierownica;<\/p>\n<p>5. 2.4G bryzgoszczelny, zintegrowany, czterokierunkowy, 30A, elektryczny uk\u0142ad sterowania\/odbiornik;<\/p>\n<p>6. Uniwersalny wa\u0142 nap\u0119dowy z przegubem kulowym ko\u0142a przedniego, dzielony wa\u0142 nap\u0119dowy z przegubem kulowym ko\u0142a tylnego;<\/p>\n<p>7. Silnik serwo 17G trzyprzewodowy;<\/p>\n<p>8. Bardzo mocna bateria: 7,4 V, 18650-1500 mAh akumulator litowo-jonowy (wtyczka T), szybko\u015b\u0107 roz\u0142adowania 10\u00b0C;<\/p>\n<p>9. Ca\u0142y samoch\u00f3d posiada 16 \u0142o\u017cysk kulkowych;<\/p>\n<p>10. P\u0142yta metalowa drugiego pi\u0119tra, metalowy kod przedniego i tylnego ramienia, metalowy \u015brodkowy wa\u0142 nap\u0119dowy;<\/p>\n<p>11. Nadwozie samochodu wykonane jest z wytrzyma\u0142ego i odpornego na wybuchy tworzywa PVC;<\/p>\n<p>12. Wyposa\u017cony w reflektory LED, \u015bwiat\u0142a dachowe LED i tylne \u015bwiat\u0142a LED na karoserii samochodu; (trzy tryby: \u015bwiat\u0142o sta\u0142e, wolne miganie, miganie);<\/p>\n<p>13. Opony symuluj\u0105ce jazd\u0119 terenow\u0105 z du\u017c\u0105 przyczepno\u015bci\u0105; 14. Nadwozie samochodu ma ca\u0142kowicie zamkni\u0119t\u0105 konstrukcj\u0119, kt\u00f3ra zapewnia lepsz\u0105 amortyzacj\u0119 w przypadku uderzenia z przodu, zapobiegaj\u0105c uszkodzeniom element\u00f3w k\u00f3\u0142 spowodowanym przez silne si\u0142y uderzenia.<\/p>\n<p>15. Kierownica zdalnie sterowana wyposa\u017cona jest w prze\u0142\u0105cznik umo\u017cliwiaj\u0105cy sterowanie jedn\u0105 r\u0119k\u0105, ca\u0142kowicie eliminuj\u0105c ograniczenia sterowania r\u0119cznego.<\/p>\n<p>16. Wyposa\u017cony w 3,2-calowe ko\u0142a terenowe i podwy\u017cszone podwozie pojazd ma ulepszon\u0105 charakterystyk\u0119 prowadzenia, co pozwala mu pokonywa\u0107 bardziej zr\u00f3\u017cnicowane warunki drogowe.<\/p>\n<p>17. Panel zdalnego sterowania jest wyposa\u017cony w pokr\u0119t\u0142o do precyzyjnej regulacji kierownicy i pokr\u0119t\u0142o do precyzyjnej regulacji ograniczenia pr\u0119dko\u015bci, co zapewnia bardziej precyzyjn\u0105 i delikatn\u0105 regulacj\u0119.<\/p>\n<p>18. K\u0105t skr\u0119tu jest wi\u0119kszy, co sprawia, \u017ce samoch\u00f3d jest bardziej elastyczny w pokonywaniu zakr\u0119t\u00f3w i zapewnia lepsze wyczucie miejsca uderzenia.<\/p>\n<p>19. Wtyczka do pod\u0142\u0105czenia regulatora\/akumulatora ma kszta\u0142t litery T, co zapewnia wi\u0119ksz\u0105 stabilno\u015b\u0107 pr\u0105du wyj\u015bciowego.<\/p>\n<p><\/p>\n<p><strong>szczeg\u00f3\u0142owa lista:<\/strong><\/p>\n<p>1) Ca\u0142y pojazd; 2) Pilot zdalnego sterowania; 3) Instrukcje w j\u0119zyku chi\u0144skim i angielskim; 4) Baterie litowe; 5) Zbalansowane \u0142adowanie przez USB; 6) Skrzyd\u0142o tylne; 7) Kierownica; 8) Pier\u015bcie\u0144 klamry do regulacji amortyzacji; 9) Metalowy sworze\u0144; 10) Gniazdo sze\u015bciok\u0105tne; 11) Wk\u0142adka prowadz\u0105ca<\/p>\n<p><\/p>\n<p><img decoding=\"async\" src=\"https:\/\/ae01.alicdn.com\/kf\/Sc71dfb64a76a46a19018596500a83a0fV.jpg\" slate-data-type=\"image\"\/><img decoding=\"async\" src=\"https:\/\/ae01.alicdn.com\/kf\/S88beb12314a841d396bf94e10f36ad05z.jpg\" slate-data-type=\"image\"\/><img decoding=\"async\" src=\"https:\/\/ae01.alicdn.com\/kf\/Sb87684194a074c389e5cedb2d37cdb3aH.jpg\" slate-data-type=\"image\"\/><img decoding=\"async\" src=\"https:\/\/ae01.alicdn.com\/kf\/Sdcfacccc86574ccda4f79bf7af7a47d4S.jpg\" slate-data-type=\"image\"\/><img decoding=\"async\" src=\"https:\/\/ae01.alicdn.com\/kf\/Sf16c8c8650db4f73ab2423c185ccc338b.jpg\" slate-data-type=\"image\"\/><img decoding=\"async\" src=\"https:\/\/ae01.alicdn.com\/kf\/S1a0e070fdce545b3b9437d6836b6c1b1g.jpg\" slate-data-type=\"image\"\/><img decoding=\"async\" src=\"https:\/\/ae01.alicdn.com\/kf\/S6012b61ef46a4acbaf97a6bf0007175cY.jpg\" slate-data-type=\"image\"\/><img decoding=\"async\" src=\"https:\/\/ae01.alicdn.com\/kf\/S24a8a52693bb40bd93be9abdbc20382br.jpg\" slate-data-type=\"image\"\/><img decoding=\"async\" src=\"https:\/\/ae01.alicdn.com\/kf\/S2be97ade9015493985ba27745309130d8.jpg\" slate-data-type=\"image\"\/><img decoding=\"async\" src=\"https:\/\/ae01.alicdn.com\/kf\/S3fb7280a9b6e429db582306ebb2ccef52.jpg\" slate-data-type=\"image\"\/><img decoding=\"async\" src=\"https:\/\/ae01.alicdn.com\/kf\/S4dc0d4a040024f2ca8813e87b693c093q.jpg\" slate-data-type=\"image\"\/><img decoding=\"async\" src=\"https:\/\/ae01.alicdn.com\/kf\/Sf1951f138a3c4cc79b27f371d883feefa.jpg\" slate-data-type=\"image\"\/><img decoding=\"async\" src=\"https:\/\/ae01.alicdn.com\/kf\/Sb4b4601642444883a6a5d4fe32508187x.jpg\" slate-data-type=\"image\"\/><img decoding=\"async\" src=\"https:\/\/ae01.alicdn.com\/kf\/S2772c61e4b1f4192804a41f464ce92d2R.jpg\" slate-data-type=\"image\"\/><img decoding=\"async\" src=\"https:\/\/ae01.alicdn.com\/kf\/S87a5498d2efb45adb52a39d6875fee0bf.jpg\" slate-data-type=\"image\"\/><img decoding=\"async\" src=\"https:\/\/ae01.alicdn.com\/kf\/S155407d4d5d0402a94811b78984f69e3B.jpg\" slate-data-type=\"image\"\/><\/p>\n<p><\/p>\n<p><\/p>","protected":false},"excerpt":{"rendered":"<p>Hign-concerned Chemical:&nbsp;None CE:&nbsp;Certificate Is Electric:&nbsp;lithium battery Barcode:&nbsp;No Throttle servo:&nbsp;2847 brushless motor (4000 KV value) Steering servo:&nbsp;Three wire 17G digital servo Power:&nbsp;70km\/h State of Assembly:&nbsp;Ready-to-Go Flight Time:&nbsp;15-18 minutes (continuous full speed<\/p>","protected":false},"featured_media":25731,"comment_status":"open","ping_status":"closed","template":"","meta":{"_acf_changed":false},"product_brand":[],"product_cat":[519],"product_tag":[],"class_list":{"0":"post-25729","1":"product","2":"type-product","3":"status-publish","4":"has-post-thumbnail","6":"product_cat-rc-cars","8":"first","9":"instock","10":"shipping-taxable","11":"purchasable","12":"product-type-variable"},"acf":[],"_links":{"self":[{"href":"https:\/\/www.electricstore.eu\/pl\/wp-json\/wp\/v2\/product\/25729","targetHints":{"allow":["GET"]}}],"collection":[{"href":"https:\/\/www.electricstore.eu\/pl\/wp-json\/wp\/v2\/product"}],"about":[{"href":"https:\/\/www.electricstore.eu\/pl\/wp-json\/wp\/v2\/types\/product"}],"replies":[{"embeddable":true,"href":"https:\/\/www.electricstore.eu\/pl\/wp-json\/wp\/v2\/comments?post=25729"}],"wp:featuredmedia":[{"embeddable":true,"href":"https:\/\/www.electricstore.eu\/pl\/wp-json\/wp\/v2\/media\/25731"}],"wp:attachment":[{"href":"https:\/\/www.electricstore.eu\/pl\/wp-json\/wp\/v2\/media?parent=25729"}],"wp:term":[{"taxonomy":"product_brand","embeddable":true,"href":"https:\/\/www.electricstore.eu\/pl\/wp-json\/wp\/v2\/product_brand?post=25729"},{"taxonomy":"product_cat","embeddable":true,"href":"https:\/\/www.electricstore.eu\/pl\/wp-json\/wp\/v2\/product_cat?post=25729"},{"taxonomy":"product_tag","embeddable":true,"href":"https:\/\/www.electricstore.eu\/pl\/wp-json\/wp\/v2\/product_tag?post=25729"}],"curies":[{"name":"wp","href":"https:\/\/api.w.org\/{rel}","templated":true}]}}