{"id":25714,"date":"2025-05-20T19:00:43","date_gmt":"2025-05-20T19:00:43","guid":{"rendered":"https:\/\/electricstore.eu\/p\/uncategorized\/hyper-go-mjx-genuine-license-16208-16210-1-16-4wd-rc-car-55km-h-brushless-rc-racing-car-remote-control-cars-off-road-truck-toys\/"},"modified":"2025-05-20T19:06:11","modified_gmt":"2025-05-20T19:06:11","slug":"hyper-go-mjx-genuine-license-16208-16210-1-16-4wd-rc-car-55km-h-brushless-rc-racing-car-remote-control-cars-off-road-truck-toys","status":"publish","type":"product","link":"https:\/\/electricstore.eu\/pl\/p\/rc\/rc-cars\/hyper-go-mjx-genuine-license-16208-16210-1-16-4wd-rc-car-55km-h-brushless-rc-racing-car-remote-control-cars-off-road-truck-toys\/","title":{"rendered":"Hyper Go MJX Oryginalna licencja 16208 16210 1\/16 4WD RC Car 55 KM\/H Bezszczotkowy RC Racing Car Samochody zdalnie sterowane Samochody terenowe Zabawki"},"content":{"rendered":"<div class=\"product-specs-list-container\">\n<ul class=\"product-specs-list util-clearfix\">\n<li class=\"product-prop line-limit-length\"><span\n                                        class=\"property-title\">Substancja chemiczna budz\u0105ca du\u017ce obawy:&nbsp;<\/span><span\n                                        class=\"property-desc line-limit-length\">Nic<\/span>\n                            <\/li>\n<li class=\"product-prop line-limit-length\"><span\n                                        class=\"property-title\">CE:&nbsp;<\/span><span\n                                        class=\"property-desc line-limit-length\">Certyfikat<\/span>\n                            <\/li>\n<li class=\"product-prop line-limit-length\"><span\n                                        class=\"property-title\">Czy jest elektryczny:&nbsp;<\/span><span\n                                        class=\"property-desc line-limit-length\">bateria litowa<\/span>\n                            <\/li>\n<li class=\"product-prop line-limit-length\"><span\n                                        class=\"property-title\">Kod kreskowy:&nbsp;<\/span><span\n                                        class=\"property-desc line-limit-length\">NIE<\/span>\n                            <\/li>\n<li class=\"product-prop line-limit-length\"><span\n                                        class=\"property-title\">Serwo przepustnicy:&nbsp;<\/span><span\n                                        class=\"property-desc line-limit-length\">Serwo cyfrowe 17g<\/span>\n                            <\/li>\n<li class=\"product-prop line-limit-length\"><span\n                                        class=\"property-title\">Serwomechanizm steruj\u0105cy:&nbsp;<\/span><span\n                                        class=\"property-desc line-limit-length\">Serwo cyfrowe 17g<\/span>\n                            <\/li>\n<li class=\"product-prop line-limit-length\"><span\n                                        class=\"property-title\">Stan Zgromadzenia:&nbsp;<\/span><span\n                                        class=\"property-desc line-limit-length\">Gotowy do u\u017cycia<\/span>\n                            <\/li>\n<li class=\"product-prop line-limit-length\"><span\n                                        class=\"property-title\">Czas lotu:&nbsp;<\/span><span\n                                        class=\"property-desc line-limit-length\">12,5 minuty<\/span>\n                            <\/li>\n<li class=\"product-prop line-limit-length\"><span\n                                        class=\"property-title\">\u015alad opon:&nbsp;<\/span><span\n                                        class=\"property-desc line-limit-length\">182 mm<\/span>\n                            <\/li>\n<li class=\"product-prop line-limit-length\"><span\n                                        class=\"property-title\">Rozstaw osi:&nbsp;<\/span><span\n                                        class=\"property-desc line-limit-length\">175 mm<\/span>\n                            <\/li>\n<li class=\"product-prop line-limit-length\"><span\n                                        class=\"property-title\">Odleg\u0142o\u015b\u0107 zdalna:&nbsp;<\/span><span\n                                        class=\"property-desc line-limit-length\">60-80m<\/span>\n                            <\/li>\n<li class=\"product-prop line-limit-length\"><span\n                                        class=\"property-title\">Gwarancja:&nbsp;<\/span><span\n                                        class=\"property-desc line-limit-length\">Nic<\/span>\n                            <\/li>\n<li class=\"product-prop line-limit-length\"><span\n                                        class=\"property-title\">Skala:&nbsp;<\/span><span\n                                        class=\"property-desc line-limit-length\">1:16<\/span>\n                            <\/li>\n<li class=\"product-prop line-limit-length\"><span\n                                        class=\"property-title\">Wymiary:&nbsp;<\/span><span\n                                        class=\"property-desc line-limit-length\">25,2*20,5*10 cm<\/span>\n                            <\/li>\n<li class=\"product-prop line-limit-length\"><span\n                                        class=\"property-title\">Moment obrotowy:&nbsp;<\/span><span\n                                        class=\"property-desc line-limit-length\">Jak pokazano<\/span>\n                            <\/li>\n<li class=\"product-prop line-limit-length\"><span\n                                        class=\"property-title\">Numer modelu:&nbsp;<\/span><span\n                                        class=\"property-desc line-limit-length\">MJX Hyper Go 16207 16208 16210 16210<\/span>\n                            <\/li>\n<li class=\"product-prop line-limit-length\"><span\n                                        class=\"property-title\">Zawarto\u015b\u0107 pakietu:&nbsp;<\/span><span\n                                        class=\"property-desc line-limit-length\">Oryginalne pude\u0142ko, baterie, instrukcja obs\u0142ugi, \u0142adowarka, pilot zdalnego sterowania, kabel USB<\/span>\n                            <\/li>\n<li class=\"product-prop line-limit-length\"><span\n                                        class=\"property-title\">Kana\u0142y sterowania:&nbsp;<\/span><span\n                                        class=\"property-desc line-limit-length\">4 kana\u0142y<\/span>\n                            <\/li>\n<li class=\"product-prop line-limit-length\"><span\n                                        class=\"property-title\">Tryb kontrolera:&nbsp;<\/span><span\n                                        class=\"property-desc line-limit-length\">TRYB 2<\/span>\n                            <\/li>\n<li class=\"product-prop line-limit-length\"><span\n                                        class=\"property-title\">Napi\u0119cie \u0142adowania:&nbsp;<\/span><span\n                                        class=\"property-desc line-limit-length\">11,1 V 1050 mAh<\/span>\n                            <\/li>\n<li class=\"product-prop line-limit-length\"><span\n                                        class=\"property-title\">Zdalne sterowanie:&nbsp;<\/span><span\n                                        class=\"property-desc line-limit-length\">Tak<\/span>\n                            <\/li>\n<li class=\"product-prop line-limit-length\"><span\n                                        class=\"property-title\">Tworzywo:&nbsp;<\/span><span\n                                        class=\"property-desc line-limit-length\">Metal, Plastik, Guma<\/span>\n                            <\/li>\n<li class=\"product-prop line-limit-length\"><span\n                                        class=\"property-title\">Nazwa marki:&nbsp;<\/span><span\n                                        class=\"property-desc line-limit-length\">WDSZKMYF<\/span>\n                            <\/li>\n<li class=\"product-prop line-limit-length\"><span\n                                        class=\"property-title\">Zalecany wiek:&nbsp;<\/span><span\n                                        class=\"property-desc line-limit-length\">14+ lat<\/span>\n                            <\/li>\n<li class=\"product-prop line-limit-length\"><span\n                                        class=\"property-title\">Pochodzenie:&nbsp;<\/span><span\n                                        class=\"property-desc line-limit-length\">Chiny kontynentalne<\/span>\n                            <\/li>\n<li class=\"product-prop line-limit-length\"><span\n                                        class=\"property-title\">Projekt:&nbsp;<\/span><span\n                                        class=\"property-desc line-limit-length\">Motocykl terenowy<\/span>\n                            <\/li>\n<li class=\"product-prop line-limit-length\"><span\n                                        class=\"property-title\">Typ:&nbsp;<\/span><span\n                                        class=\"property-desc line-limit-length\">Samoch\u00f3d<\/span>\n                            <\/li>\n<li class=\"product-prop line-limit-length\"><span\n                                        class=\"property-title\">Cechy:&nbsp;<\/span><span\n                                        class=\"property-desc line-limit-length\">ZDALNE STEROWANIE<\/span>\n                            <\/li>\n<\/ul><\/div>\n<p><\/p>\n<div class=\"detailmodule_html\">\n<div class=\"detail-desc-decorate-richtext\">\n<p><span style=\"color:rgb(244, 78, 59);font-size:16px\"><strong>Notatka:<\/strong><\/span><\/p>\n<p><span style=\"color:rgb(244, 78, 59);font-size:16px\">1. Pr\u0119dko\u015b\u0107 70 km\/h samochodu-zabawki to pr\u0119dko\u015b\u0107 biegu ja\u0142owego w idealnym stanie, a na rzeczywist\u0105 pr\u0119dko\u015b\u0107 samochodu wp\u0142ywaj\u0105 inne czynniki, takie jak miejsce zdarzenia.<\/span><\/p>\n<p><span style=\"color:rgb(244, 78, 59);font-size:16px\">2. Modele 16207 mog\u0105 u\u017cywa\u0107 tylko baterii 3S, modele 16208 i 16210 mog\u0105 u\u017cywa\u0107 baterii 2S i 3S.<\/span><\/p>\n<p><span style=\"color:rgb(244, 78, 59);font-size:16px\">3.16208,16209,16210 Po wymianie akumulatora 3S, maksymalna pr\u0119dko\u015b\u0107 si\u0119ga 70 km\/h, a zasi\u0119g przekracza 20 minut. Ten akumulator 3S jest zmodyfikowanym akumulatorem, a czas \u0142adowania wynosi oko\u0142o 4 godzin.<\/span><\/p>\n<p><span style=\"color:rgb(244, 78, 59);font-size:16px\"><\/span><\/p>\n<div class=\"detailmodule_media\">\n<div class=\"video-container-5000210508095\">\n<div class=\"detail-video\" id=\"5000210508095\" data-previewurl=\"https:\/\/ae01.alicdn.com\/kf\/Sdb446eb188794ab7a48383720b5b791aP.jpg\"><\/div>\n<\/div>\n<\/div>\n<p><span style=\"color:rgb(244, 78, 59);font-size:16px\"><\/span><\/p>\n<div>\n<div><span style=\"font-size:20px\"><strong>Hyper Go MJX Oryginalna licencja 16208 16210 1\/16 4WD RC Car 55 KM\/H Bezszczotkowy RC Racing Car Samochody zdalnie sterowane Samochody terenowe Zabawki<\/strong><\/span><\/div>\n<\/div>\n<p><strong><span style=\"color:rgb(0, 0, 0);font-size:16px\">Podczas korzystania z baterii nale\u017cy pami\u0119ta\u0107, \u017ce:<\/span><\/strong><\/p>\n<p><span style=\"color:rgb(0, 0, 0);font-size:16px\">1. Gdy akumulator jest roz\u0142adowany, nale\u017cy go na\u0142adowa\u0107 w odpowiednim czasie, aby zapewni\u0107 mu nadmiar energii. Je\u015bli akumulator jest ca\u0142kowicie roz\u0142adowany, nie b\u0119dzie mo\u017cna go na\u0142adowa\u0107.<\/span><\/p>\n<p><span style=\"color:rgb(0, 0, 0);font-size:16px\">2. Podczas \u0142adowania akumulatora od\u0142\u0105cz z\u0142\u0105cze od samochodu zdalnie sterowanego. Pami\u0119taj o wyj\u0119ciu akumulatora, aby na\u0142adowa\u0107 go osobno.<\/span><\/p>\n<p><span style=\"color:rgb(0, 0, 0);font-size:16px\">3. Je\u015bli nie u\u017cywasz zdalnie sterowanego samochodu, od\u0142\u0105cz akumulator od przewodu zdalnie sterowanego samochodu, absolutnie go nie pod\u0142\u0105czaj i ca\u0142kowicie na\u0142aduj akumulator, w przeciwnym razie mo\u017ce doj\u015b\u0107 do jego uszkodzenia.<\/span><\/p>\n<p><strong><span style=\"color:rgb(0, 0, 0);font-size:16px\">MJX 16207 16208 16210 70 km\/h bezszczotkowy samoch\u00f3d zdalnie sterowany 4WD elektryczny, szybki, terenowy, zdalnie sterowany, driftowy monster truck dla dzieci<\/span><\/strong><\/p>\n<p><span style=\"color:rgb(0, 0, 0);font-size:16px\">Uwaga: Prosimy o rozr\u00f3\u017cnienie modelu przed z\u0142o\u017ceniem zam\u00f3wienia. Parametry modelu s\u0105 nast\u0119puj\u0105ce:<\/span><\/p>\n<p><span style=\"color:rgb(0, 0, 0);font-size:16px\">1.<\/span><\/p>\n<p><span style=\"color:rgb(0, 0, 0);font-size:16px\">Nazwa produktu: 16207<\/span><\/p>\n<p><span style=\"color:rgb(0, 0, 0);font-size:16px\">Rozmiar: 25,2*20,5*10 cm<\/span><\/p>\n<p><span style=\"color:rgb(0, 0, 0);font-size:16px\">Maksymalna pr\u0119dko\u015b\u0107: 70 km\/h<\/span><\/p>\n<p><span style=\"color:rgb(0, 0, 0);font-size:16px\">Akumulator: 3S 11,1 V 1050 mAh<\/span><\/p>\n<p><span style=\"color:rgb(0, 0, 0);font-size:16px\">Silnik nap\u0119dowy: silnik bezszczotkowy czterobiegunowy 2845<\/span><\/p>\n<p><span style=\"color:rgb(0, 0, 0);font-size:16px\">Waga: 1030g<\/span><\/p>\n<p><span style=\"color:rgb(0, 0, 0);font-size:16px\">Czas pracy: 12,5 minuty<\/span><\/p>\n<p><span style=\"color:rgb(0, 0, 0);font-size:16px\">2.<\/span><\/p>\n<p><span style=\"color:rgb(0, 0, 0);font-size:16px\">Nazwa produktu: 16708<\/span><\/p>\n<p><span style=\"color:rgb(0, 0, 0);font-size:16px\">Rozmiar: 31*22,2*13 cm<\/span><\/p>\n<p><span style=\"color:rgb(0, 0, 0);font-size:16px\">Maksymalna pr\u0119dko\u015b\u0107: 55 km\/h<\/span><\/p>\n<p><span style=\"color:rgb(0, 0, 0);font-size:16px\">Akumulator: 2S 7,4V 1050mAh<\/span><\/p>\n<p><span style=\"color:rgb(0, 0, 0);font-size:16px\">Silnik nap\u0119dowy: silnik bezszczotkowy czterobiegunowy 2845<\/span><\/p>\n<p><span style=\"color:rgb(0, 0, 0);font-size:16px\">Waga: 1070g<\/span><\/p>\n<p><span style=\"color:rgb(0, 0, 0);font-size:16px\">Czas pracy: 10 minut<\/span><\/p>\n<p><span style=\"color:rgb(0, 0, 0);font-size:16px\">3.<\/span><\/p>\n<p><span style=\"color:rgb(0, 0, 0);font-size:16px\">Nazwa produktu: 16210<\/span><\/p>\n<p><span style=\"color:rgb(0, 0, 0);font-size:16px\">Rozmiar: 31*22,2*11 cm<\/span><\/p>\n<p><span style=\"color:rgb(0, 0, 0);font-size:16px\">Maksymalna pr\u0119dko\u015b\u0107: 55 km\/h<\/span><\/p>\n<p><span style=\"color:rgb(0, 0, 0);font-size:16px\">Akumulator: 2S 7,4V 1050mAh<\/span><\/p>\n<p><span style=\"color:rgb(0, 0, 0);font-size:16px\">Silnik nap\u0119dowy: silnik bezszczotkowy czterobiegunowy 2845<\/span><\/p>\n<p><span style=\"color:rgb(0, 0, 0);font-size:16px\">Waga: 1030g<\/span><\/p>\n<p><span style=\"color:rgb(0, 0, 0);font-size:16px\">Czas pracy: 10 minut<\/span><\/p>\n<p><strong><span style=\"color:rgb(0, 0, 0);font-size:16px\">Cechy<\/span><\/strong><\/p>\n<p><span style=\"color:rgb(0, 0, 0);font-size:16px\">1. Amortyzator hydrauliczny ca\u0142kowicie metalowy;<\/span><\/p>\n<p><span style=\"color:rgb(0, 0, 0);font-size:16px\">2. Standardowa bateria 3S 65 km\/h<\/span><\/p>\n<p><span style=\"color:rgb(0, 0, 0);font-size:16px\">3. 45A niezale\u017cny bezszczotkowy regulator obrot\u00f3w + 2845 czterobiegunowy bezszczotkowy silnik;<\/span><\/p>\n<p><span style=\"color:rgb(0, 0, 0);font-size:16px\">4. Metalowa g\u0142owica antykolizyjna;<\/span><\/p>\n<p><span style=\"color:rgb(0, 0, 0);font-size:16px\">5. Ca\u0142kowicie metalowy uk\u0142ad przeniesienia nap\u0119du (metalowy mechanizm r\u00f3\u017cnicowy);<\/span><\/p>\n<p><span style=\"color:rgb(0, 0, 0);font-size:16px\">6. Standardowy, niezale\u017cny odbiornik, \u0142atwy do modyfikacji.<\/span><\/p>\n<p><img decoding=\"async\" src=\"https:\/\/ae01.alicdn.com\/kf\/S9873c018f78e447aa5ff885e1955d332y.jpg\" slate-data-type=\"image\"\/><img decoding=\"async\" src=\"https:\/\/ae01.alicdn.com\/kf\/S7acc5a7aa71d4704a6056ffc85c520c02.jpg\" slate-data-type=\"image\"\/><img decoding=\"async\" src=\"https:\/\/ae01.alicdn.com\/kf\/Sd9273ce101384bbca7e6b58d757da007b.jpg\" slate-data-type=\"image\"\/><img decoding=\"async\" src=\"https:\/\/ae01.alicdn.com\/kf\/Se054621738da4d049d194d1f391227b7H.jpg\" slate-data-type=\"image\"\/><img decoding=\"async\" src=\"https:\/\/ae01.alicdn.com\/kf\/S033dbd62692d46d0a50a52ca9affdef9o.jpg\" slate-data-type=\"image\"\/><img decoding=\"async\" src=\"https:\/\/ae01.alicdn.com\/kf\/Scb37f1d083e44e73bca9fda8d9670d3f7.jpg\" slate-data-type=\"image\"\/><\/p>\n<div>\n<\/div>\n<\/div>\n<\/div>\n<p><\/p>","protected":false},"excerpt":{"rendered":"<p>Hign-concerned Chemical:&nbsp;None CE:&nbsp;Certificate Is Electric:&nbsp;lithium battery Barcode:&nbsp;No Throttle servo:&nbsp;17g digital servo Steering servo:&nbsp;17g digital servo State of Assembly:&nbsp;Ready-to-Go Flight Time:&nbsp;12.5min Tire Track:&nbsp;182mm Wheelbase:&nbsp;175mm Remote Distance:&nbsp;60-80m Warranty:&nbsp;None Scale:&nbsp;1:16 Dimensions:&nbsp;25.2*20.5*10cm Torque:&nbsp;As Show<\/p>","protected":false},"featured_media":25715,"comment_status":"open","ping_status":"closed","template":"","meta":{"_acf_changed":false},"product_brand":[],"product_cat":[519],"product_tag":[],"class_list":{"0":"post-25714","1":"product","2":"type-product","3":"status-publish","4":"has-post-thumbnail","6":"product_cat-rc-cars","8":"first","9":"instock","10":"shipping-taxable","11":"purchasable","12":"product-type-variable"},"acf":[],"_links":{"self":[{"href":"https:\/\/electricstore.eu\/pl\/wp-json\/wp\/v2\/product\/25714","targetHints":{"allow":["GET"]}}],"collection":[{"href":"https:\/\/electricstore.eu\/pl\/wp-json\/wp\/v2\/product"}],"about":[{"href":"https:\/\/electricstore.eu\/pl\/wp-json\/wp\/v2\/types\/product"}],"replies":[{"embeddable":true,"href":"https:\/\/electricstore.eu\/pl\/wp-json\/wp\/v2\/comments?post=25714"}],"wp:featuredmedia":[{"embeddable":true,"href":"https:\/\/electricstore.eu\/pl\/wp-json\/wp\/v2\/media\/25715"}],"wp:attachment":[{"href":"https:\/\/electricstore.eu\/pl\/wp-json\/wp\/v2\/media?parent=25714"}],"wp:term":[{"taxonomy":"product_brand","embeddable":true,"href":"https:\/\/electricstore.eu\/pl\/wp-json\/wp\/v2\/product_brand?post=25714"},{"taxonomy":"product_cat","embeddable":true,"href":"https:\/\/electricstore.eu\/pl\/wp-json\/wp\/v2\/product_cat?post=25714"},{"taxonomy":"product_tag","embeddable":true,"href":"https:\/\/electricstore.eu\/pl\/wp-json\/wp\/v2\/product_tag?post=25714"}],"curies":[{"name":"wp","href":"https:\/\/api.w.org\/{rel}","templated":true}]}}