{"id":25696,"date":"2025-05-20T19:00:35","date_gmt":"2025-05-20T19:00:35","guid":{"rendered":"https:\/\/electricstore.eu\/p\/uncategorized\/q130-114-70km-h-4wd-rc-car-with-light-brushless-motor-remote-control-cars-high-speed-drift-monster-truck-toys-for-adults-kids\/"},"modified":"2025-05-20T19:05:50","modified_gmt":"2025-05-20T19:05:50","slug":"q130-114-70km-h-4wd-rc-car-with-light-brushless-motor-remote-control-cars-high-speed-drift-monster-truck-toys-for-adults-kids","status":"publish","type":"product","link":"https:\/\/electricstore.eu\/pl\/p\/rc\/rc-cars\/q130-114-70km-h-4wd-rc-car-with-light-brushless-motor-remote-control-cars-high-speed-drift-monster-truck-toys-for-adults-kids\/","title":{"rendered":"Q130 1:14 70 km\/h 4WD RC samoch\u00f3d z lekkim silnikiem bezszczotkowym samochody zdalnie sterowane szybki drift monster truck zabawki dla doros\u0142ych dzieci"},"content":{"rendered":"<div class=\"product-specs-list-container\">\n<ul class=\"product-specs-list util-clearfix\">\n<li class=\"product-prop line-limit-length\"><span\n                                        class=\"property-title\">Numer certyfikatu:&nbsp;<\/span><span\n                                        class=\"property-desc line-limit-length\">Jak pokazano<\/span>\n                            <\/li>\n<li class=\"product-prop line-limit-length\"><span\n                                        class=\"property-title\">CE:&nbsp;<\/span><span\n                                        class=\"property-desc line-limit-length\">Certyfikat<\/span>\n                            <\/li>\n<li class=\"product-prop line-limit-length\"><span\n                                        class=\"property-title\">Czy jest elektryczny:&nbsp;<\/span><span\n                                        class=\"property-desc line-limit-length\">bateria litowa<\/span>\n                            <\/li>\n<li class=\"product-prop line-limit-length\"><span\n                                        class=\"property-title\">Kod kreskowy:&nbsp;<\/span><span\n                                        class=\"property-desc line-limit-length\">NIE<\/span>\n                            <\/li>\n<li class=\"product-prop line-limit-length\"><span\n                                        class=\"property-title\">Serwo przepustnicy:&nbsp;<\/span><span\n                                        class=\"property-desc line-limit-length\">Silnik bezszczotkowy 2847\/silnik magnetyczny z silnymi szczotkami w\u0119glowymi 390<\/span>\n                            <\/li>\n<li class=\"product-prop line-limit-length\"><span\n                                        class=\"property-title\">Serwomechanizm steruj\u0105cy:&nbsp;<\/span><span\n                                        class=\"property-desc line-limit-length\">Szczotkowy: pi\u0119cioprzewodowy serwo kierownicze 17G \/ Bezszczotkowy: tr\u00f3jprzewodowy serwo kierownicze 17G digi<\/span>\n                            <\/li>\n<li class=\"product-prop line-limit-length\"><span\n                                        class=\"property-title\">Moc:&nbsp;<\/span><span\n                                        class=\"property-desc line-limit-length\">70 km\/h lub 50 km\/h<\/span>\n                            <\/li>\n<li class=\"product-prop line-limit-length\"><span\n                                        class=\"property-title\">Stan Zgromadzenia:&nbsp;<\/span><span\n                                        class=\"property-desc line-limit-length\">Gotowy do u\u017cycia<\/span>\n                            <\/li>\n<li class=\"product-prop line-limit-length\"><span\n                                        class=\"property-title\">Czas lotu:&nbsp;<\/span><span\n                                        class=\"property-desc line-limit-length\">15-18 minut (bieg ci\u0105g\u0142y z pe\u0142n\u0105 pr\u0119dko\u015bci\u0105)<\/span>\n                            <\/li>\n<li class=\"product-prop line-limit-length\"><span\n                                        class=\"property-title\">\u015alad opon:&nbsp;<\/span><span\n                                        class=\"property-desc line-limit-length\">188 mm<\/span>\n                            <\/li>\n<li class=\"product-prop line-limit-length\"><span\n                                        class=\"property-title\">Rozstaw osi:&nbsp;<\/span><span\n                                        class=\"property-desc line-limit-length\">185 mm<\/span>\n                            <\/li>\n<li class=\"product-prop line-limit-length\"><span\n                                        class=\"property-title\">Ostrze\u017cenie:&nbsp;<\/span><span\n                                        class=\"property-desc line-limit-length\">Ogie\u0144 z dala<\/span>\n                            <\/li>\n<li class=\"product-prop line-limit-length\"><span\n                                        class=\"property-title\">Odleg\u0142o\u015b\u0107 zdalna:&nbsp;<\/span><span\n                                        class=\"property-desc line-limit-length\">120m<\/span>\n                            <\/li>\n<li class=\"product-prop line-limit-length\"><span\n                                        class=\"property-title\">Gwarancja:&nbsp;<\/span><span\n                                        class=\"property-desc line-limit-length\">Nic<\/span>\n                            <\/li>\n<li class=\"product-prop line-limit-length\"><span\n                                        class=\"property-title\">Skala:&nbsp;<\/span><span\n                                        class=\"property-desc line-limit-length\">1:14<\/span>\n                            <\/li>\n<li class=\"product-prop line-limit-length\"><span\n                                        class=\"property-title\">Wymiary:&nbsp;<\/span><span\n                                        class=\"property-desc line-limit-length\">34,5*20,5*14,8 cm<\/span>\n                            <\/li>\n<li class=\"product-prop line-limit-length\"><span\n                                        class=\"property-title\">Moment obrotowy:&nbsp;<\/span><span\n                                        class=\"property-desc line-limit-length\">Jak pokazano<\/span>\n                            <\/li>\n<li class=\"product-prop line-limit-length\"><span\n                                        class=\"property-title\">Numer modelu:&nbsp;<\/span><span\n                                        class=\"property-desc line-limit-length\">S344<\/span>\n                            <\/li>\n<li class=\"product-prop line-limit-length\"><span\n                                        class=\"property-title\">Projekt:&nbsp;<\/span><span\n                                        class=\"property-desc line-limit-length\">Motocykl terenowy<\/span>\n                            <\/li>\n<li class=\"product-prop line-limit-length\"><span\n                                        class=\"property-title\">Zawarto\u015b\u0107 pakietu:&nbsp;<\/span><span\n                                        class=\"property-desc line-limit-length\">Baterie, Instrukcja obs\u0142ugi, Pilot zdalnego sterowania, KABEL USB<\/span>\n                            <\/li>\n<li class=\"product-prop line-limit-length\"><span\n                                        class=\"property-title\">Kana\u0142y sterowania:&nbsp;<\/span><span\n                                        class=\"property-desc line-limit-length\">4 kana\u0142y<\/span>\n                            <\/li>\n<li class=\"product-prop line-limit-length\"><span\n                                        class=\"property-title\">Tryb kontrolera:&nbsp;<\/span><span\n                                        class=\"property-desc line-limit-length\">TRYB 2<\/span>\n                            <\/li>\n<li class=\"product-prop line-limit-length\"><span\n                                        class=\"property-title\">Napi\u0119cie \u0142adowania:&nbsp;<\/span><span\n                                        class=\"property-desc line-limit-length\">5V<\/span>\n                            <\/li>\n<li class=\"product-prop line-limit-length\"><span\n                                        class=\"property-title\">Zdalne sterowanie:&nbsp;<\/span><span\n                                        class=\"property-desc line-limit-length\">Tak<\/span>\n                            <\/li>\n<li class=\"product-prop line-limit-length\"><span\n                                        class=\"property-title\">Tworzywo:&nbsp;<\/span><span\n                                        class=\"property-desc line-limit-length\">Metal, Plastik<\/span>\n                            <\/li>\n<li class=\"product-prop line-limit-length\"><span\n                                        class=\"property-title\">Nazwa marki:&nbsp;<\/span><span\n                                        class=\"property-desc line-limit-length\">WDSZKMYF<\/span>\n                            <\/li>\n<li class=\"product-prop line-limit-length\"><span\n                                        class=\"property-title\">Zalecany wiek:&nbsp;<\/span><span\n                                        class=\"property-desc line-limit-length\">14+ lat<\/span>\n                            <\/li>\n<li class=\"product-prop line-limit-length\"><span\n                                        class=\"property-title\">Pochodzenie:&nbsp;<\/span><span\n                                        class=\"property-desc line-limit-length\">Chiny kontynentalne<\/span>\n                            <\/li>\n<li class=\"product-prop line-limit-length\"><span\n                                        class=\"property-title\">Typ:&nbsp;<\/span><span\n                                        class=\"property-desc line-limit-length\">Samoch\u00f3d<\/span>\n                            <\/li>\n<li class=\"product-prop line-limit-length\"><span\n                                        class=\"property-title\">Cechy:&nbsp;<\/span><span\n                                        class=\"property-desc line-limit-length\">ZDALNE STEROWANIE<\/span>\n                            <\/li>\n<\/ul><\/div>\n<div class=\"detailmodule_html\">\n<div class=\"detail-desc-decorate-richtext\">\n<p><\/p>\n<div>\u00a0<\/div>\n<p><span style=\"background-color:rgb(252, 220, 0);color:rgb(244, 78, 59);font-size:18px\"><strong>NOTATKA :<\/strong><\/span><\/p>\n<p><span style=\"color:rgb(244, 78, 59);font-size:18px\">1. Nie jest to zwyk\u0142y zdalnie sterowany samoch\u00f3d-zabawka, poniewa\u017c jest on zbyt szybki, dlatego zaleca si\u0119 u\u017cywanie go na otwartej przestrzeni, aby unikn\u0105\u0107 zderzenia z przeszkodami.<\/span><\/p>\n<p><span style=\"color:rgb(244, 78, 59);font-size:18px\">2. Opakowanie detaliczne wykonane jest z pude\u0142ek piankowych, co pozwala ograniczy\u0107 uszkodzenia produktu podczas transportu. Oryginalne pude\u0142ka nie s\u0105 do\u0142\u0105czone.<\/span><\/p>\n<p><\/p>\n<p><\/p>\n<p><strong><span style=\"font-size:18px\">Prosz\u0119 zwr\u00f3ci\u0107 uwag\u0119 na u\u017cywanie baterii: (baterie sprzedawane s\u0105 oddzielnie, w razie potrzeby prosz\u0119 o kontakt)<\/span><\/strong><\/p>\n<p><span style=\"font-size:18px\">1. Gdy akumulator jest roz\u0142adowany, nale\u017cy go na\u0142adowa\u0107 w odpowiednim czasie, aby zapewni\u0107 mu nadmiar energii. Je\u015bli akumulator jest ca\u0142kowicie roz\u0142adowany, nie b\u0119dzie mo\u017cna go na\u0142adowa\u0107.<\/span><\/p>\n<p><span style=\"font-size:18px\">2. Podczas \u0142adowania akumulatora od\u0142\u0105cz z\u0142\u0105cze od samochodu zdalnie sterowanego. Pami\u0119taj o wyj\u0119ciu akumulatora, aby na\u0142adowa\u0107 go osobno.<\/span><\/p>\n<p><span style=\"font-size:18px\">3. Je\u015bli nie u\u017cywasz zdalnie sterowanego samochodu, od\u0142\u0105cz akumulator od przewodu zdalnie sterowanego samochodu, absolutnie go nie pod\u0142\u0105czaj i ca\u0142kowicie na\u0142aduj akumulator, w przeciwnym razie mo\u017ce doj\u015b\u0107 do jego uszkodzenia.<\/span><\/p>\n<p><\/p>\n<p><\/p>\n<p><strong><span style=\"font-size:18px\">1:14 70 km\/h 4WD RC samoch\u00f3d z o\u015bwietleniem LED samochody zdalnie sterowane szybki drift monster truck dla dzieci<\/span><\/strong><\/p>\n<p><\/p>\n<p><\/p>\n<p><span style=\"font-size:18px\">Uwaga: Prosimy o rozr\u00f3\u017cnienie modelu przed z\u0142o\u017ceniem zam\u00f3wienia. Parametry modelu s\u0105 nast\u0119puj\u0105ce:<\/span><\/p>\n<p><\/p>\n<p><\/p>\n<p><span style=\"font-size:18px\">Konfiguracja produktu: Elektryczny pojazd terenowy z nap\u0119dem na cztery ko\u0142a (UDR)<\/span><\/p>\n<p><span style=\"font-size:18px\">Materia\u0142 produktu: sprz\u0119t, elektronika, plastik<\/span><\/p>\n<p><span style=\"font-size:18px\">Wymiary produktu: 34,5*20,5*14,8 cm<\/span><\/p>\n<p><span style=\"font-size:18px\">Kolor: niebieski \/ czerwony (z p\u0119dzelkiem), pomara\u0144czowy (bez p\u0119dzelka)<\/span><\/p>\n<p><span style=\"font-size:18px\">Akumulator korpusu: szczotkowy: akumulator litowo-jonowy 7,4 V 1300 mAh 15C (wtyk T) Bezszczotkowy: akumulator litowo-jonowy 7,4 V 1500 mAh 15C (wtyk T)<\/span><\/p>\n<p><span style=\"font-size:18px\">Czas pracy: 15-18 minut (ci\u0105g\u0142a praca na pe\u0142nych obrotach)<\/span><\/p>\n<p><span style=\"font-size:18px\">Bateria do pilota: 3 baterie &quot;AA&quot; (brak w zestawie)<\/span><\/p>\n<p><span style=\"font-size:18px\">Czas \u0142adowania: 3-3,5 godziny (\u0142adowanie przez USB)<\/span><\/p>\n<p><span style=\"font-size:18px\">Cz\u0119stotliwo\u015b\u0107: 2,4 GHz (obs\u0142uga wielu samochod\u00f3w na tym samym polu)<\/span><\/p>\n<p><span style=\"font-size:18px\">Kategoria zdalnego sterowania: pe\u0142noskalowy system sterowania synchronicznego (sterowanie broni\u0105)<\/span><\/p>\n<p><span style=\"font-size:18px\">ESC\/Odbiornik: zintegrowane sterowanie ESC\/Odbiornik 35A (odporne na zachlapanie)<\/span><\/p>\n<p><span style=\"font-size:18px\">Pr\u0119dko\u015b\u0107: Szczotkowy: 50 km\/h (pr\u0119dko\u015b\u0107 maksymalna) Bezszczotkowy: 70 km\/h<\/span><\/p>\n<p><span style=\"font-size:18px\">Konfiguracja o\u015bwietlenia: reflektor LED, \u015bwiat\u0142o kopu\u0142owe LED, \u015bwiat\u0142o kopu\u0142owe LED<\/span><\/p>\n<p><span style=\"font-size:18px\">Odleg\u0142o\u015b\u0107 zdalnego sterowania (m): \u2265120 m<\/span><\/p>\n<p><span style=\"font-size:18px\">Silnik: szczotkowy: RC390, wysokoobrotowy, w\u0119glowy, silnie magnetyczny (zabezpieczenie magnetyczne + radiator), bezszczotkowy: silnik bezszczotkowy 2847 (warto\u015b\u0107 4000 kV)<\/span><\/p>\n<p><span style=\"font-size:18px\">Serwo: szczotkowe: pi\u0119cioprzewodowe serwo steruj\u0105ce 17G, bezszczotkowe: tr\u00f3jprzewodowe serwo cyfrowe 17G<\/span><\/p>\n<p><span style=\"font-size:18px\">Parametry rozstawu osi: rozstaw osi: 185 mm; rozstaw osi: 188 mm; \u015brednica ko\u0142a: 85 mm<\/span><\/p>\n<p><span style=\"font-size:18px\">Struktura mechanizmu r\u00f3\u017cnicowego: mechanizm r\u00f3\u017cnicowy przek\u0142adni planetarnej<\/span><\/p>\n<p><\/p>\n<p><span style=\"font-size:18px\">Funkcja ochrony: 1. \u0142adowanie; 2. zak\u0142\u00f3cenie; 3. wysoka temperatura; 4. niskie ci\u015bnienie<\/span><\/p>\n<p><\/p>\n<p><\/p>\n<p><strong><span style=\"font-size:18px\">Funkcjonowa\u0107:<\/span><\/strong><\/p>\n<p><\/p>\n<p><span style=\"font-size:18px\">1. Wykorzystanie symulowanej struktury, z odczuciem rzeczywistego sterowania samochodem, w celu osi\u0105gni\u0119cia pe\u0142nej proporcjonalnej, bezstopniowej pr\u0119dko\u015bci, jazdy z du\u017c\u0105 pr\u0119dko\u015bci\u0105, b\u0142yskawicznego przyspieszania, zwalniania, hamowania, cofania, skr\u0119tu w lewo i skr\u0119tu w prawo.<\/span><\/p>\n<p><span style=\"font-size:18px\">2. Miejsca zastosowania: p\u0142askie, piaszczyste, b\u0142otniste, trawiaste.<\/span><\/p>\n<p><span style=\"font-size:18px\">3. Nap\u0119d 4WD: przednie i tylne zawieszenie spr\u0119\u017cynowe, niezale\u017cne zawieszenie na podw\u00f3jnych wahaczach.<\/span><\/p>\n<p><span style=\"font-size:18px\">4. 2.4G, w pe\u0142ni proporcjonalny, zsynchronizowany system zdalnego sterowania. W pe\u0142ni proporcjonalny uk\u0142ad przepustnicy\/uk\u0142adu kierowniczego.<\/span><\/p>\n<p><span style=\"font-size:18px\">5. Zintegrowany regulator\/odbiornik 2.4G z czterema wej\u015bciami i wyj\u015bciami 30A, odporny na zachlapanie.<\/span><\/p>\n<p><span style=\"font-size:18px\">6. Wa\u0142 nap\u0119dowy przedniego ko\u0142a z przegubem kulowym, wa\u0142 nap\u0119dowy tylnego ko\u0142a z dzielonym przegubem kulowym.<\/span><\/p>\n<p><span style=\"font-size:18px\">7. Serwomechanizm 17G pi\u0119cioprzewodowy.<\/span><\/p>\n<p><span style=\"font-size:18px\">8. Super moc akumulatora: akumulator litowo-jonowy 7,4 V, 18650-1500\/1300 mAh (wtyczka T), szybko\u015b\u0107 roz\u0142adowania 10\u00b0C.<\/span><\/p>\n<p><span style=\"font-size:18px\">9. Ca\u0142y samoch\u00f3d posiada 16 \u0142o\u017cysk kulkowych.<\/span><\/p>\n<p><span style=\"font-size:18px\">10.Metalowa p\u0142yta pod\u0142ogowa, metalowy kod przedniego i tylnego wahacza, metalowy \u015brodkowy wa\u0142 nap\u0119dowy.<\/span><\/p>\n<p><span style=\"font-size:18px\">11. Pow\u0142oka wykonana jest z wytrzyma\u0142ego i odpornego na wybuchy tworzywa PVC.<\/span><\/p>\n<p><span style=\"font-size:18px\">12. Obudowa wyposa\u017cona jest w reflektory LED, \u015bwiat\u0142o kopu\u0142owe LED i tylne \u015bwiat\u0142o kopu\u0142owe LED (trzy tryby: \u015bwiat\u0142o sta\u0142e, wolne miganie, szybkie miganie).<\/span><\/p>\n<p><span style=\"font-size:18px\">13. Symulacja opon terenowych, mocna przyczepno\u015b\u0107.<\/span><\/p>\n<p><\/p>\n<p><\/p>\n<p><span style=\"font-size:18px\">Akcesoria: 1) ca\u0142y samoch\u00f3d; 2) pilot zdalnego sterowania; 3) instrukcja w j\u0119zyku chi\u0144skim i angielskim; 4) bateria litowa; 5) \u0142adowarka USB; 6) ogon; 7) kierownica przezierna; 8) klamra do regulacji amortyzatora; 9) metalowe ko\u0142ki; 10) tuleja sze\u015bciok\u0105tna; 11) wersja instrukcji obs\u0142ugi bezszczotkowej<\/span><\/p>\n<p><\/p>\n<p><\/p>\n<p><strong><span style=\"font-size:18px\">Uwaga:<\/span><\/strong><\/p>\n<p><span style=\"font-size:18px\">1: Zabezpieczenie \u0142adowania: \u0142adowanie sta\u0142ym pr\u0105dem i zr\u00f3wnowa\u017conym napi\u0119ciem, funkcja ochrony przed prze\u0142adowaniem akumulatora i nadmiernym pr\u0105dem.<\/span><\/p>\n<p><span style=\"font-size:18px\">2: Zabezpieczenie silnika przed zatarciem: silnik przestaje pracowa\u0107 w przypadku przeci\u0105\u017cenia<\/span><\/p>\n<p><span style=\"font-size:18px\">3: Zabezpieczenie przed wysok\u0105 temperatur\u0105: gdy temperatura robocza jest wy\u017csza od ustawionej warto\u015bci, obw\u00f3d sterowania nap\u0119dem zatrzymuje prac\u0119, a nast\u0119pnie wznawia prac\u0119, gdy temperatura spadnie do bezpiecznej warto\u015bci.<\/span><\/p>\n<p><span style=\"font-size:18px\">4: Funkcja wy\u0142\u0105czania zasilania ESC przy niskim napi\u0119ciu, akumulator poni\u017cej 6,3-6,4 V lub wi\u0119cej, automatyczne wy\u0142\u0105czenie w celu zapobie\u017cenia uszkodzeniu akumulatora na skutek roz\u0142adowania. <\/span><\/p>\n<p><img decoding=\"async\" src=\"https:\/\/ae01.alicdn.com\/kf\/Se567db099fec4a92bd20ebfba3621e3bl.jpg?width=1000&amp;height=563&amp;hash=1563\" slate-data-type=\"image\"\/><img decoding=\"async\" src=\"https:\/\/ae01.alicdn.com\/kf\/S53c3d7c524304dd79a1886aa2584f3efC.jpg?width=1920&amp;height=1080&amp;hash=3000\" slate-data-type=\"image\"\/><img decoding=\"async\" src=\"https:\/\/ae01.alicdn.com\/kf\/S9510f83b39cc44f0bbdf6cedf30b7c3c9.jpg?width=1000&amp;height=563&amp;hash=1563\" slate-data-type=\"image\"\/><img decoding=\"async\" src=\"https:\/\/ae01.alicdn.com\/kf\/S9ef33f0694c14d4a9f811426034ff526f.jpg?width=1000&amp;height=1441&amp;hash=2441\" slate-data-type=\"image\"\/><img decoding=\"async\" src=\"https:\/\/ae01.alicdn.com\/kf\/S61f050d298fe420195142a9333e3f435u.jpg?width=1000&amp;height=1400&amp;hash=2400\" slate-data-type=\"image\"\/><img decoding=\"async\" src=\"https:\/\/ae01.alicdn.com\/kf\/S3c618fa993be4c0fb97db5009d3fde1fN.jpg?width=1000&amp;height=1405&amp;hash=2405\" slate-data-type=\"image\"\/><img decoding=\"async\" src=\"https:\/\/ae01.alicdn.com\/kf\/S4c644255151e434392918fb12bcefd9f1.jpg?width=1000&amp;height=1399&amp;hash=2399\" slate-data-type=\"image\"\/><img decoding=\"async\" src=\"https:\/\/ae01.alicdn.com\/kf\/Sa9ab599225c14e41a1e95825a3ebbf8de.jpg?width=1000&amp;height=1397&amp;hash=2397\" slate-data-type=\"image\"\/><img decoding=\"async\" src=\"https:\/\/ae01.alicdn.com\/kf\/Secd4dda439db4628abbe77ce4db4a9ebN.jpg?width=1000&amp;height=1404&amp;hash=2404\" slate-data-type=\"image\"\/><img decoding=\"async\" src=\"https:\/\/ae01.alicdn.com\/kf\/S47a9cbcfd5e54669bda823cf0ac5a039V.jpg?width=1000&amp;height=1397&amp;hash=2397\" slate-data-type=\"image\"\/><img decoding=\"async\" src=\"https:\/\/ae01.alicdn.com\/kf\/Sa76f77c19e0b47f4af0c3be2e78d05bfL.jpg?width=1000&amp;height=1397&amp;hash=2397\" slate-data-type=\"image\"\/><img decoding=\"async\" src=\"https:\/\/ae01.alicdn.com\/kf\/S77000bbb2bf94ed59306cab7def97382g.jpg?width=1000&amp;height=1397&amp;hash=2397\" slate-data-type=\"image\"\/><img decoding=\"async\" src=\"https:\/\/ae01.alicdn.com\/kf\/Scf3666ab514040df8464cccd282a6da95.jpg?width=1000&amp;height=1385&amp;hash=2385\" slate-data-type=\"image\"\/><img decoding=\"async\" src=\"https:\/\/ae01.alicdn.com\/kf\/S9e2e5d55c3424102a3f6b3137de8a594M.jpg?width=1000&amp;height=1449&amp;hash=2449\" slate-data-type=\"image\"\/><img decoding=\"async\" src=\"https:\/\/ae01.alicdn.com\/kf\/S4dfcff3ac53e4d67a744f11cc0708bd8C.jpg?width=1000&amp;height=1761&amp;hash=2761\" slate-data-type=\"image\"\/><img decoding=\"async\" src=\"https:\/\/ae01.alicdn.com\/kf\/S19fc1169693c44a399265a91c9455a2dz.jpg?width=1000&amp;height=1928&amp;hash=2928\" slate-data-type=\"image\"\/><img decoding=\"async\" src=\"https:\/\/ae01.alicdn.com\/kf\/S0ba84fbb3176483396415be9ef4133b3N.jpg?width=1000&amp;height=1080&amp;hash=2080\" slate-data-type=\"image\"\/><img decoding=\"async\" src=\"https:\/\/ae01.alicdn.com\/kf\/S2b682f577c8b494c92ac54f1aec56d32z.jpg?width=1000&amp;height=1639&amp;hash=2639\" slate-data-type=\"image\"\/><img decoding=\"async\" src=\"https:\/\/ae01.alicdn.com\/kf\/S6be2c491d0754d85b25534db2dce6db5E.jpg?width=1000&amp;height=1820&amp;hash=2820\" slate-data-type=\"image\"\/><img decoding=\"async\" src=\"https:\/\/ae01.alicdn.com\/kf\/Saa56d418672947e2bcbafa0cfc1120a1A.jpg?width=1000&amp;height=2258&amp;hash=3258\" slate-data-type=\"image\"\/><img decoding=\"async\" src=\"https:\/\/ae01.alicdn.com\/kf\/S66c5f994236b46929dbcfd1289e1eb141.jpg?width=1000&amp;height=1963&amp;hash=2963\" slate-data-type=\"image\"\/><img decoding=\"async\" src=\"https:\/\/ae01.alicdn.com\/kf\/S9299c24b12654ad5b0a25aec88462a69Y.jpg?width=1000&amp;height=2037&amp;hash=3037\" slate-data-type=\"image\"\/><img decoding=\"async\" src=\"https:\/\/ae01.alicdn.com\/kf\/S8ac5907d9f30484da270822a42d2822cR.jpg?width=1000&amp;height=2072&amp;hash=3072\" slate-data-type=\"image\"\/><img decoding=\"async\" src=\"https:\/\/ae01.alicdn.com\/kf\/Sd5f7a02f4e14434ba3f7335c9a267524K.jpg?width=1000&amp;height=1456&amp;hash=2456\" slate-data-type=\"image\"\/><img decoding=\"async\" src=\"https:\/\/ae01.alicdn.com\/kf\/S81362050aba64a44953c2ec135c0f34bu.jpg?width=1000&amp;height=2296&amp;hash=3296\" slate-data-type=\"image\"\/><img decoding=\"async\" src=\"https:\/\/ae01.alicdn.com\/kf\/S7e943d06e7304a77a66facc4ee541992N.jpg?width=1000&amp;height=1632&amp;hash=2632\" slate-data-type=\"image\"\/><img decoding=\"async\" src=\"https:\/\/ae01.alicdn.com\/kf\/S2c1f060449dc44078676b395f1db3487a.jpg?width=1000&amp;height=1120&amp;hash=2120\" slate-data-type=\"image\"\/><img decoding=\"async\" src=\"https:\/\/ae01.alicdn.com\/kf\/S96c2af7ccf384397a23d085c99f9152b2.jpg?width=1000&amp;height=1099&amp;hash=2099\" slate-data-type=\"image\"\/><img decoding=\"async\" src=\"https:\/\/ae01.alicdn.com\/kf\/S1a23ecc43dfa45f2b167e0d57a62586e3.jpg?width=1000&amp;height=1163&amp;hash=2163\" slate-data-type=\"image\"\/><img decoding=\"async\" src=\"https:\/\/ae01.alicdn.com\/kf\/Sc407db5976c144ccb639172761b2b061O.jpg?width=1000&amp;height=1203&amp;hash=2203\" slate-data-type=\"image\"\/><img decoding=\"async\" src=\"https:\/\/ae01.alicdn.com\/kf\/Sf1a233edfa63481685584aae710cd82fd.jpg?width=1000&amp;height=1495&amp;hash=2495\" slate-data-type=\"image\"\/><\/p>\n<p><\/div>\n<\/div>\n<p><\/p>","protected":false},"excerpt":{"rendered":"<p>Certificate Number:&nbsp;As Show CE:&nbsp;Certificate Is Electric:&nbsp;lithium battery Barcode:&nbsp;No Throttle servo:&nbsp;2847 brushless motor\/390 carbon brush strong magnetic motor Steering servo:&nbsp;Brushed: five-wire 17G steering servo \/ Brushless: three-wire 17G digi Power:&nbsp;70KM\/H or<\/p>","protected":false},"featured_media":25697,"comment_status":"open","ping_status":"closed","template":"","meta":{"_acf_changed":false},"product_brand":[],"product_cat":[519],"product_tag":[],"class_list":{"0":"post-25696","1":"product","2":"type-product","3":"status-publish","4":"has-post-thumbnail","6":"product_cat-rc-cars","8":"first","9":"instock","10":"shipping-taxable","11":"purchasable","12":"product-type-variable"},"acf":[],"_links":{"self":[{"href":"https:\/\/electricstore.eu\/pl\/wp-json\/wp\/v2\/product\/25696","targetHints":{"allow":["GET"]}}],"collection":[{"href":"https:\/\/electricstore.eu\/pl\/wp-json\/wp\/v2\/product"}],"about":[{"href":"https:\/\/electricstore.eu\/pl\/wp-json\/wp\/v2\/types\/product"}],"replies":[{"embeddable":true,"href":"https:\/\/electricstore.eu\/pl\/wp-json\/wp\/v2\/comments?post=25696"}],"wp:featuredmedia":[{"embeddable":true,"href":"https:\/\/electricstore.eu\/pl\/wp-json\/wp\/v2\/media\/25697"}],"wp:attachment":[{"href":"https:\/\/electricstore.eu\/pl\/wp-json\/wp\/v2\/media?parent=25696"}],"wp:term":[{"taxonomy":"product_brand","embeddable":true,"href":"https:\/\/electricstore.eu\/pl\/wp-json\/wp\/v2\/product_brand?post=25696"},{"taxonomy":"product_cat","embeddable":true,"href":"https:\/\/electricstore.eu\/pl\/wp-json\/wp\/v2\/product_cat?post=25696"},{"taxonomy":"product_tag","embeddable":true,"href":"https:\/\/electricstore.eu\/pl\/wp-json\/wp\/v2\/product_tag?post=25696"}],"curies":[{"name":"wp","href":"https:\/\/api.w.org\/{rel}","templated":true}]}}