{"id":25444,"date":"2025-05-20T18:59:23","date_gmt":"2025-05-20T18:59:23","guid":{"rendered":"https:\/\/electricstore.eu\/p\/uncategorized\/vevor-su27-rc-plane-2-4g-remote-control-flying-model-glider-airplane-with-2-batteries-aircraft-foam-toys-for-children-gifts\/"},"modified":"2025-05-20T19:02:35","modified_gmt":"2025-05-20T19:02:35","slug":"vevor-su27-rc-plane-2-4g-remote-control-flying-model-glider-airplane-with-2-batteries-aircraft-foam-toys-for-children-gifts","status":"publish","type":"product","link":"https:\/\/electricstore.eu\/pl\/p\/rc\/rc-cars\/vevor-su27-rc-plane-2-4g-remote-control-flying-model-glider-airplane-with-2-batteries-aircraft-foam-toys-for-children-gifts\/","title":{"rendered":"VEVOR SU27 RC Samolot 2.4G Zdalnie Sterowany Model Szybowca Samolot z 2 Bateriami Samolot Piankowe Zabawki dla Dzieci Prezenty"},"content":{"rendered":"<div class=\"product-specs-list-container\">\n<ul class=\"product-specs-list util-clearfix\">\n<li class=\"product-prop line-limit-length\"><span\n                                        class=\"property-title\">Substancja chemiczna budz\u0105ca du\u017ce obawy:&nbsp;<\/span><span\n                                        class=\"property-desc line-limit-length\">Nic<\/span>\n                            <\/li>\n<li class=\"product-prop line-limit-length\"><span\n                                        class=\"property-title\">Czy jest elektryczny:&nbsp;<\/span><span\n                                        class=\"property-desc line-limit-length\">Brak baterii<\/span>\n                            <\/li>\n<li class=\"product-prop line-limit-length\"><span\n                                        class=\"property-title\">Zdolno\u015b\u0107 do ochrony przed wiatrem:&nbsp;<\/span><span\n                                        class=\"property-desc line-limit-length\">Tak<\/span>\n                            <\/li>\n<li class=\"product-prop line-limit-length\"><span\n                                        class=\"property-title\">Waga drona:&nbsp;<\/span><span\n                                        class=\"property-desc line-limit-length\">\/<\/span>\n                            <\/li>\n<li class=\"product-prop line-limit-length\"><span\n                                        class=\"property-title\">Masa startowa:&nbsp;<\/span><span\n                                        class=\"property-desc line-limit-length\">\/<\/span>\n                            <\/li>\n<li class=\"product-prop line-limit-length\"><span\n                                        class=\"property-title\">Czas tranzytu (dni):&nbsp;<\/span><span\n                                        class=\"property-desc line-limit-length\">\/<\/span>\n                            <\/li>\n<li class=\"product-prop line-limit-length\"><span\n                                        class=\"property-title\">Rozdzielczo\u015b\u0107 przechwytywania wideo:&nbsp;<\/span><span\n                                        class=\"property-desc line-limit-length\">Inny<\/span>\n                            <\/li>\n<li class=\"product-prop line-limit-length\"><span\n                                        class=\"property-title\">Poziom umiej\u0119tno\u015bci operatora:&nbsp;<\/span><span\n                                        class=\"property-desc line-limit-length\">Pocz\u0105tkuj\u0105cy<\/span>\n                            <\/li>\n<li class=\"product-prop line-limit-length\"><span\n                                        class=\"property-title\">Zastosowanie wewn\u0105trz\/na zewn\u0105trz:&nbsp;<\/span><span\n                                        class=\"property-desc line-limit-length\">Plenerowy<\/span>\n                            <\/li>\n<li class=\"product-prop line-limit-length\"><span\n                                        class=\"property-title\">Typ mocowania kamery:&nbsp;<\/span><span\n                                        class=\"property-desc line-limit-length\">Inny<\/span>\n                            <\/li>\n<li class=\"product-prop line-limit-length\"><span\n                                        class=\"property-title\">Numer modelu:&nbsp;<\/span><span\n                                        class=\"property-desc line-limit-length\">A100<\/span>\n                            <\/li>\n<li class=\"product-prop line-limit-length\"><span\n                                        class=\"property-title\">Tryb kontrolera:&nbsp;<\/span><span\n                                        class=\"property-desc line-limit-length\">TRYB1<\/span>\n                            <\/li>\n<li class=\"product-prop line-limit-length\"><span\n                                        class=\"property-title\">Czas lotu:&nbsp;<\/span><span\n                                        class=\"property-desc line-limit-length\">5~10<\/span>\n                            <\/li>\n<li class=\"product-prop line-limit-length\"><span\n                                        class=\"property-title\">Kana\u0142y sterowania:&nbsp;<\/span><span\n                                        class=\"property-desc line-limit-length\">4 kana\u0142y<\/span>\n                            <\/li>\n<li class=\"product-prop line-limit-length\"><span\n                                        class=\"property-title\">Bateria kontrolera:&nbsp;<\/span><span\n                                        class=\"property-desc line-limit-length\">4*AA (NIE DO\u0141\u0104CZONE)<\/span>\n                            <\/li>\n<li class=\"product-prop line-limit-length\"><span\n                                        class=\"property-title\">Odleg\u0142o\u015b\u0107 zdalna:&nbsp;<\/span><span\n                                        class=\"property-desc line-limit-length\">200m<\/span>\n                            <\/li>\n<li class=\"product-prop line-limit-length\"><span\n                                        class=\"property-title\">Czas \u0142adowania:&nbsp;<\/span><span\n                                        class=\"property-desc line-limit-length\">45 minut<\/span>\n                            <\/li>\n<li class=\"product-prop line-limit-length\"><span\n                                        class=\"property-title\">Napi\u0119cie \u0142adowania:&nbsp;<\/span><span\n                                        class=\"property-desc line-limit-length\">5V<\/span>\n                            <\/li>\n<li class=\"product-prop line-limit-length\"><span\n                                        class=\"property-title\">\u0179r\u00f3d\u0142o zasilania:&nbsp;<\/span><span\n                                        class=\"property-desc line-limit-length\">Elektryczny<\/span>\n                            <\/li>\n<li class=\"product-prop line-limit-length\"><span\n                                        class=\"property-title\">Zdalne sterowanie:&nbsp;<\/span><span\n                                        class=\"property-desc line-limit-length\">Tak<\/span>\n                            <\/li>\n<li class=\"product-prop line-limit-length\"><span\n                                        class=\"property-title\">Zawarto\u015b\u0107 pakietu:&nbsp;<\/span><span\n                                        class=\"property-desc line-limit-length\">Pilot zdalnego sterowania<\/span>\n                            <\/li>\n<li class=\"product-prop line-limit-length\"><span\n                                        class=\"property-title\">Tworzywo:&nbsp;<\/span><span\n                                        class=\"property-desc line-limit-length\">Plastikowy<\/span>\n                            <\/li>\n<li class=\"product-prop line-limit-length\"><span\n                                        class=\"property-title\">Cechy:&nbsp;<\/span><span\n                                        class=\"property-desc line-limit-length\">Inny<\/span>\n                            <\/li>\n<li class=\"product-prop line-limit-length\"><span\n                                        class=\"property-title\">Zalecany wiek:&nbsp;<\/span><span\n                                        class=\"property-desc line-limit-length\">14+ lat<\/span>\n                            <\/li>\n<li class=\"product-prop line-limit-length\"><span\n                                        class=\"property-title\">Pochodzenie:&nbsp;<\/span><span\n                                        class=\"property-desc line-limit-length\">Chiny kontynentalne<\/span>\n                            <\/li>\n<li class=\"product-prop line-limit-length\"><span\n                                        class=\"property-title\">Fotografia lotnicza:&nbsp;<\/span><span\n                                        class=\"property-desc line-limit-length\">NIE<\/span>\n                            <\/li>\n<li class=\"product-prop line-limit-length\"><span\n                                        class=\"property-title\">Typ:&nbsp;<\/span><span\n                                        class=\"property-desc line-limit-length\">Samolot<\/span>\n                            <\/li>\n<\/ul><\/div>\n<div class=\"detailmodule_html\">\n<div class=\"detail-desc-decorate-richtext\">\n<div style=\"font-family:&quot;Open sans&quot;, Arial, Helvetica, sans-serif\">\n<div><img decoding=\"async\" style=\"width:100%\" width=\"100%\" src=\"https:\/\/d2qc09rl1gfuof.cloudfront.net\/vevor\/boutique-banner\/pc\/banner-en.jpg\" slate-data-type=\"image\"\/><\/div>\n<div>\n<div style=\"font-size:16px;font-weight:bold;text-align:center;color:rgb(34, 34, 34);margin:24px 0px;margin-bottom:24px;margin-top:24px;margin-left:0px;margin-right:0px\" align=\"center\">Samolot RC VEVOR \u2013 Zdominuj niebo zabaw\u0105<\/div>\n<div><img decoding=\"async\" style=\"width:100%\" width=\"100%\" src=\"https:\/\/d2qc09rl1gfuof.cloudfront.net\/product\/YKFJFJSTD253EW8E8\/rc-airplane-a100-1.4-pt.jpg\" slate-data-type=\"image\"\/><\/div>\n<div style=\"font-size:14px;text-align:center;color:rgb(34, 34, 34);margin:16px 0px 24px;margin-bottom:24px;margin-top:16px;margin-left:0px;margin-right:0px\" align=\"center\">Przedstawiamy samolot zdalnie sterowany zaprojektowany z my\u015bl\u0105 o interaktywnej zabawie doros\u0142ych i dzieci. Jest niezwykle \u0142atwy w pilota\u017cu \u2013 dzieci b\u0119d\u0105 nim pewnie lata\u0107 ju\u017c po kilku godzinach \u0107wicze\u0144. Realistyczny design dodaje lataj\u0105cym przygodom dodatkowego elementu zabawy.<\/div>\n<\/div>\n<div>\n<div style=\"margin:8px 0px;margin-bottom:8px;margin-top:8px;margin-left:0px;margin-right:0px\"><img decoding=\"async\" style=\"width:100%\" width=\"100%\" src=\"https:\/\/d2qc09rl1gfuof.cloudfront.net\/product\/YKFJFJSTD253EW8E8\/rc-airplane-a100-2.2-pt.jpg\" slate-data-type=\"image\"\/><\/div>\n<div style=\"font-size:14px;text-align:center;color:rgb(34, 34, 34);margin:16px 0px 24px;margin-bottom:24px;margin-top:16px;margin-left:0px;margin-right:0px\" align=\"center\">Ten zdalnie sterowany samolot oferuje wiele mo\u017cliwo\u015bci akrobacji dzi\u0119ki 4-kana\u0142owej konfiguracji i trybom 3D\/6G. Ciesz si\u0119 wykonywaniem beczek, lot\u00f3w w odwrotnej pozycji i wielu innych, dzi\u0119ki prostemu sterowaniu jednym dotkni\u0119ciem, kt\u00f3re z \u0142atwo\u015bci\u0105 opanujesz Ty i Twoje dzieci.<\/div>\n<\/div>\n<div>\n<div style=\"margin:8px 0px;margin-bottom:8px;margin-top:8px;margin-left:0px;margin-right:0px\"><img decoding=\"async\" style=\"width:100%\" width=\"100%\" src=\"https:\/\/d2qc09rl1gfuof.cloudfront.net\/product\/YKFJFJSTD253EW8E8\/rc-airplane-a100-2.3-pt.jpg\" slate-data-type=\"image\"\/><\/div>\n<div style=\"font-size:14px;text-align:center;color:rgb(34, 34, 34);margin:16px 0px 24px;margin-bottom:24px;margin-top:16px;margin-left:0px;margin-right:0px\" align=\"center\">Wyposa\u017cony w 6-osiowy \u017cyroskop, ten zdalnie sterowany samolot zapewnia stabilny lot podczas akrobacji. Ostrzega o niskim poziomie na\u0142adowania baterii i warunkach poza zasi\u0119giem, zapewniaj\u0105c bezpieczny i kontrolowany lot za ka\u017cdym razem.<\/div>\n<\/div>\n<div>\n<div style=\"margin:8px 0px;margin-bottom:8px;margin-top:8px;margin-left:0px;margin-right:0px\"><img decoding=\"async\" style=\"width:100%\" width=\"100%\" src=\"https:\/\/d2qc09rl1gfuof.cloudfront.net\/product\/YKFJFJSTD253EW8E8\/rc-airplane-a100-2.4-pt.jpg\" slate-data-type=\"image\"\/><\/div>\n<div style=\"font-size:14px;text-align:center;color:rgb(34, 34, 34);margin:16px 0px 24px;margin-bottom:24px;margin-top:16px;margin-left:0px;margin-right:0px\" align=\"center\">Opanuj starty z \u0142atwo\u015bci\u0105. Wystarczy chwyci\u0107 pilota jedn\u0105 r\u0119k\u0105, doda\u0107 gazu i wystrzeli\u0107 zdalnie sterowany samolot prosto przed siebie. Mo\u017cna te\u017c po\u0142o\u017cy\u0107 go na g\u0142adkiej powierzchni, doda\u0107 gazu, aby szybowa\u0142 na 10 metr\u00f3w i obserwowa\u0107, jak szybuje.<\/div>\n<\/div>\n<div>\n<div style=\"margin:8px 0px;margin-bottom:8px;margin-top:8px;margin-left:0px;margin-right:0px\"><img decoding=\"async\" style=\"width:100%\" width=\"100%\" src=\"https:\/\/d2qc09rl1gfuof.cloudfront.net\/product\/YKFJFJSTD253EW8E8\/rc-airplane-a100-2.5-pt.jpg\" slate-data-type=\"image\"\/><\/div>\n<div style=\"font-size:14px;text-align:center;color:rgb(34, 34, 34);margin:16px 0px 24px;margin-bottom:24px;margin-top:16px;margin-left:0px;margin-right:0px\" align=\"center\">Ten model RC dla pocz\u0105tkuj\u0105cych zawiera zapasowe baterie i \u015bmig\u0142a, co zapewnia nieprzerwan\u0105 zabaw\u0119. Zgubi\u0142e\u015b cz\u0119\u015b\u0107? Bez obaw \u2013 wymie\u0144 j\u0105 od razu, bez \u017cadnych problem\u00f3w.<\/div>\n<\/div>\n<div style=\"margin:16px 0px 24px;margin-bottom:24px;margin-top:16px;margin-left:0px;margin-right:0px\"><\/div>\n<div style=\"margin:24px 0px;margin-bottom:24px;margin-top:24px;margin-left:0px;margin-right:0px\">\n<div style=\"font-size:16px;font-weight:bold;color:rgb(34, 34, 34);margin:24px 0px 16px;margin-bottom:16px;margin-top:24px;margin-left:0px;margin-right:0px\">Funkcje i szczeg\u00f3\u0142y<\/div>\n<ul style=\"margin:16px 0px 24px;margin-bottom:24px;margin-top:16px;margin-left:0px;margin-right:0px\">\n<li style=\"font-size:14px;color:rgb(34, 34, 34)\">\n<p>Wszechstronna zabawa akrobacyjna: Ten samolot RC charakteryzuje si\u0119 4-kana\u0142ow\u0105 konstrukcj\u0105 z trybami 3D\/6G, co pozwala na wykonywanie ekscytuj\u0105cych beczek, salt, p\u0119tli i lot\u00f3w w pozycji odwr\u00f3conej. Wyposa\u017cony jest w sterowanie jednym przyciskiem, co zapewnia przyjemne wra\u017cenia z lotu, odpowiednie zar\u00f3wno dla pocz\u0105tkuj\u0105cych, jak i do\u015bwiadczonych pilot\u00f3w, kt\u00f3rzy chc\u0105 opanowa\u0107 perfekcyjne manewry i rozkoszowa\u0107 si\u0119 ekscytuj\u0105cymi lotami zdalnie sterowanymi.<\/p>\n<\/li>\n<li style=\"font-size:14px;color:rgb(34, 34, 34)\">\n<p>Lekki i wytrzyma\u0142y: Wykonany z wysokiej jako\u015bci materia\u0142u EPP, nasz samolot RC jest lekki, a jednocze\u015bnie wystarczaj\u0105co wytrzyma\u0142y, aby poradzi\u0107 sobie z uderzeniami i zderzeniami. Jego solidna konstrukcja zwi\u0119ksza trwa\u0142o\u015b\u0107, gwarantuj\u0105c, \u017ce wytrzyma warunki zewn\u0119trzne bez konieczno\u015bci ci\u0105g\u0142ych napraw.<\/p>\n<\/li>\n<li style=\"font-size:14px;color:rgb(34, 34, 34)\">\n<p>Bezprzewodowy system sterowania 2,4 GHz: Opr\u00f3cz podstawowych funkcji sterowania lotem, kontroler upraszcza akrobacje, takie jak beczki i loty odwr\u00f3cone, za pomoc\u0105 jednego przycisku. Cz\u0119stotliwo\u015b\u0107 2,4 GHz zapewnia niezawodne po\u0142\u0105czenie, umo\u017cliwiaj\u0105c bezproblemowe latanie wielu zdalnie sterowanych samolot\u00f3w \u2013 idealne rozwi\u0105zanie na towarzyskie zawody!<\/p>\n<\/li>\n<li style=\"font-size:14px;color:rgb(34, 34, 34)\">\n<p>Wyd\u0142u\u017cony zasi\u0119g lotu: Dzi\u0119ki maksymalnemu zasi\u0119gowi sterowania wynosz\u0105cemu 200 m (656&#039;), ten zdalnie sterowany samolot ostrzega o przekroczeniu tego zasi\u0119gu i informuje o niskim poziomie na\u0142adowania baterii, zapewniaj\u0105c bezpieczny powr\u00f3t. Dwa akumulatory o pojemno\u015bci 300 mAh zapewniaj\u0105 do 15 minut lotu, gwarantuj\u0105c nieprzerwan\u0105 przyjemno\u015b\u0107 bez cz\u0119stego \u0142adowania i op\u00f3\u017anie\u0144.<\/p>\n<\/li>\n<li style=\"font-size:14px;color:rgb(34, 34, 34)\">\n<p>\u0141atwa zabawa w lataniu: Zaprojektowany z my\u015bl\u0105 o interaktywnej zabawie dzieci i doros\u0142ych, nasz zdalnie sterowany samolot jest niezwykle \u0142atwy w pilota\u017cu. Posiada wbudowany 6-osiowy \u017cyroskop zapewniaj\u0105cy stabilno\u015b\u0107 lotu. Dzieci b\u0119d\u0105 pewnie lata\u0107 ju\u017c po kilku sesjach treningowych. Jest idealny dla doros\u0142ych, dzieci, pocz\u0105tkuj\u0105cych i ka\u017cdego, kto uwielbia zabaw\u0119 z lotnictwem. Cz\u0119\u015bci zamienne, takie jak baterie i \u015bmig\u0142a, zapewniaj\u0105 nieprzerwan\u0105 zabaw\u0119.<\/p>\n<\/li>\n<\/ul>\n<\/div>\n<div>\n<div>\n<div style=\"margin:16px 0px 24px;margin-bottom:24px;margin-top:16px;margin-left:0px;margin-right:0px\"><img decoding=\"async\" style=\"width:100%\" width=\"100%\" src=\"https:\/\/d2qc09rl1gfuof.cloudfront.net\/product\/YKFJFJSTD253EW8E8\/rc-airplane-a100-1.11-pt.jpg\" slate-data-type=\"image\"\/><\/div>\n<\/div>\n<\/div>\n<\/div>\n<div><\/div>\n<\/div>\n<\/div>\n<p><\/p>","protected":false},"excerpt":{"rendered":"<p>Hign-concerned Chemical:&nbsp;None Is Electric:&nbsp;No battery Anti-wind Ability:&nbsp;Yes Drone Weight:&nbsp;\/ Takeoff Weight:&nbsp;\/ Transit Time (Days):&nbsp;\/ Video Capture Resolution:&nbsp;other Operator Skill Level:&nbsp;Beginner Indoor\/Outdoor Use:&nbsp;Outdoor Camera Mount Type:&nbsp;other Model Number:&nbsp;A100 Controller Mode:&nbsp;MODE1 Flight<\/p>","protected":false},"featured_media":25445,"comment_status":"open","ping_status":"closed","template":"","meta":{"_acf_changed":false},"product_brand":[],"product_cat":[519],"product_tag":[],"class_list":{"0":"post-25444","1":"product","2":"type-product","3":"status-publish","4":"has-post-thumbnail","6":"product_cat-rc-cars","8":"first","9":"instock","10":"shipping-taxable","11":"purchasable","12":"product-type-variable"},"acf":[],"_links":{"self":[{"href":"https:\/\/electricstore.eu\/pl\/wp-json\/wp\/v2\/product\/25444","targetHints":{"allow":["GET"]}}],"collection":[{"href":"https:\/\/electricstore.eu\/pl\/wp-json\/wp\/v2\/product"}],"about":[{"href":"https:\/\/electricstore.eu\/pl\/wp-json\/wp\/v2\/types\/product"}],"replies":[{"embeddable":true,"href":"https:\/\/electricstore.eu\/pl\/wp-json\/wp\/v2\/comments?post=25444"}],"wp:featuredmedia":[{"embeddable":true,"href":"https:\/\/electricstore.eu\/pl\/wp-json\/wp\/v2\/media\/25445"}],"wp:attachment":[{"href":"https:\/\/electricstore.eu\/pl\/wp-json\/wp\/v2\/media?parent=25444"}],"wp:term":[{"taxonomy":"product_brand","embeddable":true,"href":"https:\/\/electricstore.eu\/pl\/wp-json\/wp\/v2\/product_brand?post=25444"},{"taxonomy":"product_cat","embeddable":true,"href":"https:\/\/electricstore.eu\/pl\/wp-json\/wp\/v2\/product_cat?post=25444"},{"taxonomy":"product_tag","embeddable":true,"href":"https:\/\/electricstore.eu\/pl\/wp-json\/wp\/v2\/product_tag?post=25444"}],"curies":[{"name":"wp","href":"https:\/\/api.w.org\/{rel}","templated":true}]}}