{"id":25391,"date":"2025-05-20T18:59:01","date_gmt":"2025-05-20T18:59:01","guid":{"rendered":"https:\/\/electricstore.eu\/p\/uncategorized\/vevor-500lbs-beach-fishing-cart-marine-cart-with-four-13-big-wheels-6-rod-holders-aluminum-pier-wagon-trolley-for-sand-picnic\/"},"modified":"2025-05-20T19:00:58","modified_gmt":"2025-05-20T19:00:58","slug":"vevor-500lbs-beach-fishing-cart-marine-cart-with-four-13-big-wheels-6-rod-holders-aluminum-pier-wagon-trolley-for-sand-picnic","status":"publish","type":"product","link":"https:\/\/electricstore.eu\/pl\/p\/o\/bike-trailers-and-wagons\/vevor-500lbs-beach-fishing-cart-marine-cart-with-four-13-big-wheels-6-rod-holders-aluminum-pier-wagon-trolley-for-sand-picnic\/","title":{"rendered":"W\u00f3zek w\u0119dkarski VEVOR 500lbs Beach Fishing Cart z czterema du\u017cymi ko\u0142ami 13\u2033, 6 uchwytami na w\u0119dki, aluminiowy w\u00f3zek na molo na piknik na piasku"},"content":{"rendered":"<div class=\"product-specs-list-container\">\n<ul class=\"product-specs-list util-clearfix\">\n<li class=\"product-prop line-limit-length\"><span\n                                        class=\"property-title\">Substancja chemiczna budz\u0105ca du\u017ce obawy:&nbsp;<\/span><span\n                                        class=\"property-desc line-limit-length\">Nic<\/span>\n                            <\/li>\n<li class=\"product-prop line-limit-length\"><span\n                                        class=\"property-title\">Pochodzenie:&nbsp;<\/span><span\n                                        class=\"property-desc line-limit-length\">Chiny kontynentalne<\/span>\n                            <\/li>\n<li class=\"product-prop line-limit-length\"><span\n                                        class=\"property-title\">Numer modelu:&nbsp;<\/span><span\n                                        class=\"property-desc line-limit-length\">YK-500<\/span>\n                            <\/li>\n<li class=\"product-prop line-limit-length\"><span\n                                        class=\"property-title\">No\u015bno\u015b\u0107:&nbsp;<\/span><span\n                                        class=\"property-desc line-limit-length\">500 funt\u00f3w\/226,79 kg<\/span>\n                            <\/li>\n<li class=\"product-prop line-limit-length\"><span\n                                        class=\"property-title\">Nazwa marki:&nbsp;<\/span><span\n                                        class=\"property-desc line-limit-length\">WI\u0118ZI\u0106<\/span>\n                            <\/li>\n<li class=\"product-prop line-limit-length\"><span\n                                        class=\"property-title\">Marka:&nbsp;<\/span><span\n                                        class=\"property-desc line-limit-length\">WI\u0118ZI\u0106<\/span>\n                            <\/li>\n<li class=\"product-prop line-limit-length\"><span\n                                        class=\"property-title\">Waga przedmiotu:&nbsp;<\/span><span\n                                        class=\"property-desc line-limit-length\">44,53 funta\/20,2 kg<\/span>\n                            <\/li>\n<li class=\"product-prop line-limit-length\"><span\n                                        class=\"property-title\">Maksymalna no\u015bno\u015b\u0107:&nbsp;<\/span><span\n                                        class=\"property-desc line-limit-length\">500 funt\u00f3w\/226,79 kg<\/span>\n                            <\/li>\n<li class=\"product-prop line-limit-length\"><span\n                                        class=\"property-title\">Rozmiar ko\u0142a:&nbsp;<\/span><span\n                                        class=\"property-desc line-limit-length\">12 cali\/305 mm (13 cali\/330 mm po napompowaniu)<\/span>\n                            <\/li>\n<li class=\"product-prop line-limit-length\"><span\n                                        class=\"property-title\">Rozmiar ramy wewn\u0119trznej:&nbsp;<\/span><span\n                                        class=\"property-desc line-limit-length\">45,9 x 27 x 7,9 cala\/1165 x 685 x 200 mm<\/span>\n                            <\/li>\n<li class=\"product-prop line-limit-length\"><span\n                                        class=\"property-title\">Rozmiar produktu:&nbsp;<\/span><span\n                                        class=\"property-desc line-limit-length\">53,14 x 31,1 x 38,58 cala\/1350 x 790 x 980 mm<\/span>\n                            <\/li>\n<li class=\"product-prop line-limit-length\"><span\n                                        class=\"property-title\">Typ:&nbsp;<\/span><span\n                                        class=\"property-desc line-limit-length\">W\u00f3zek w\u0119dkarski pla\u017cowy<\/span>\n                            <\/li>\n<\/ul><\/div>\n<div class=\"detailmodule_dynamic\"><kse:widget data-widget-type=\"customText\" id=\"1005000000821364\" type=\"relation\"><\/kse:widget><\/div>\n<div class=\"detailmodule_html\">\n<div class=\"detail-desc-decorate-richtext\">\n<div style=\"font-family:&quot;Open sans&quot;, Arial, Helvetica, sans-serif\">\n<div><img decoding=\"async\" style=\"width:100%\" width=\"100%\" src=\"https:\/\/d2qc09rl1gfuof.cloudfront.net\/vevor\/boutique-banner\/pc\/banner-en.jpg\" slate-data-type=\"image\"\/><\/div>\n<div>\n<div style=\"font-size:16px;font-weight:bold;text-align:center;color:rgb(34, 34, 34);margin:24px 0px;margin-bottom:24px;margin-top:24px;margin-left:0px;margin-right:0px\" align=\"center\">W\u00f3zek w\u0119dkarski VEVOR Beach Fishing: Tw\u00f3j niezawodny towarzysz na \u015bwie\u017cym powietrzu<\/div>\n<div><img decoding=\"async\" style=\"width:100%\" width=\"100%\" src=\"https:\/\/d2qc09rl1gfuof.cloudfront.net\/product\/SLKYJCBKZD00X0T74\/fishing-cart-a100-1.4.jpg\" slate-data-type=\"image\"\/><\/div>\n<div style=\"font-size:14px;text-align:center;color:rgb(34, 34, 34);margin:16px 0px 24px;margin-bottom:24px;margin-top:16px;margin-left:0px;margin-right:0px\" align=\"center\">Wyobra\u017a sobie: w\u00f3zek w\u0119dkarski z solidn\u0105 aluminiow\u0105 ram\u0105, p\u0142ynnie tocz\u0105cy si\u0119 na 13-calowych, pompowanych ko\u0142ach poliuretanowych. O wymiarach 114 x 69 x 19 cm i z 6 uchwytami na w\u0119dki, gotowy do ud\u017awigni\u0119cia do 227 kg, to idealny towarzysz w\u0119dkarskich przyg\u00f3d.<\/div>\n<\/div>\n<div>\n<div style=\"margin:8px 0px;margin-bottom:8px;margin-top:8px;margin-left:0px;margin-right:0px\"><img decoding=\"async\" style=\"width:100%\" width=\"100%\" src=\"https:\/\/d2qc09rl1gfuof.cloudfront.net\/product\/SLKYJCBKZD00X0T74\/fishing-cart-a100-2.2.jpg\" slate-data-type=\"image\"\/><\/div>\n<div style=\"font-size:14px;text-align:center;color:rgb(34, 34, 34);margin:16px 0px 24px;margin-bottom:24px;margin-top:16px;margin-left:0px;margin-right:0px\" align=\"center\">Nasz w\u00f3zek w\u0119dkarski na pla\u017c\u0119 wyposa\u017cony jest w ko\u0142a, kt\u00f3re lubi\u0105 wyzwania \u2013 niezale\u017cnie od tego, czy s\u0105 to piaszczyste pla\u017ce, kamieniste \u015bcie\u017cki czy trawiaste pola, dzi\u0119ki nim ka\u017cda podr\u00f3\u017c b\u0119dzie p\u0142ynna i bezproblemowa.<\/div>\n<\/div>\n<div>\n<div style=\"margin:8px 0px;margin-bottom:8px;margin-top:8px;margin-left:0px;margin-right:0px\"><img decoding=\"async\" style=\"width:100%\" width=\"100%\" src=\"https:\/\/d2qc09rl1gfuof.cloudfront.net\/product\/SLKYJCBKZD00X0T74\/fishing-cart-a100-2.3.jpg\" slate-data-type=\"image\"\/><\/div>\n<div style=\"font-size:14px;text-align:center;color:rgb(34, 34, 34);margin:16px 0px 24px;margin-bottom:24px;margin-top:16px;margin-left:0px;margin-right:0px\" align=\"center\">Zastosowali\u015bmy \u015bruby ze stali nierdzewnej, kt\u00f3re s\u0105 odporne na luzowanie, rdz\u0119 i zu\u017cycie, zapewniaj\u0105c solidny i niezawodny w\u00f3zek w\u0119dkarski, kt\u00f3ry zachowuje sw\u00f3j kszta\u0142t po d\u0142ugim okresie u\u017cytkowania.<\/div>\n<\/div>\n<div>\n<div style=\"margin:8px 0px;margin-bottom:8px;margin-top:8px;margin-left:0px;margin-right:0px\"><img decoding=\"async\" style=\"width:100%\" width=\"100%\" src=\"https:\/\/d2qc09rl1gfuof.cloudfront.net\/product\/SLKYJCBKZD00X0T74\/fishing-cart-a100-2.4.jpg\" slate-data-type=\"image\"\/><\/div>\n<div style=\"font-size:14px;text-align:center;color:rgb(34, 34, 34);margin:16px 0px 24px;margin-bottom:24px;margin-top:16px;margin-left:0px;margin-right:0px\" align=\"center\">Po\u017cegnaj si\u0119 z uci\u0105\u017cliwym monta\u017cem k\u00f3\u0142. Nasz w\u00f3zek z ko\u0142kiem posiada prosty mechanizm trzpieniowy, kt\u00f3ry umo\u017cliwia szybki i \u0142atwy monta\u017c i demonta\u017c k\u00f3\u0142, a tak\u017ce ko\u0142ek z pier\u015bcieniem uszczelniaj\u0105cym dla wi\u0119kszego bezpiecze\u0144stwa.<\/div>\n<\/div>\n<div>\n<div style=\"margin:8px 0px;margin-bottom:8px;margin-top:8px;margin-left:0px;margin-right:0px\"><img decoding=\"async\" style=\"width:100%\" width=\"100%\" src=\"https:\/\/d2qc09rl1gfuof.cloudfront.net\/product\/SLKYJCBKZD00X0T74\/fishing-cart-a100-2.5.jpg\" slate-data-type=\"image\"\/><\/div>\n<div style=\"font-size:14px;text-align:center;color:rgb(34, 34, 34);margin:16px 0px 24px;margin-bottom:24px;margin-top:16px;margin-left:0px;margin-right:0px\" align=\"center\">Co\u015b wi\u0119cej ni\u017c tylko towarzysz w\u0119dkarski! Niezale\u017cnie od tego, czy fotografujesz na \u015bwie\u017cym powietrzu, wybierasz si\u0119 na piknik, czy biwakujesz, ten w\u00f3zek w\u0119dkarski z \u0142atwo\u015bci\u0105 pomie\u015bci ca\u0142y Tw\u00f3j sprz\u0119t, oszcz\u0119dzaj\u0105c Ci d\u0142ugich podr\u00f3\u017cy.<\/div>\n<\/div>\n<div style=\"margin:16px 0px 24px;margin-bottom:24px;margin-top:16px;margin-left:0px;margin-right:0px\"><\/div>\n<div style=\"margin:24px 0px;margin-bottom:24px;margin-top:24px;margin-left:0px;margin-right:0px\">\n<div style=\"font-size:16px;font-weight:bold;color:rgb(34, 34, 34);margin:24px 0px 16px;margin-bottom:16px;margin-top:24px;margin-left:0px;margin-right:0px\">Funkcje i szczeg\u00f3\u0142y<\/div>\n<ul style=\"margin:16px 0px 24px;margin-bottom:24px;margin-top:16px;margin-left:0px;margin-right:0px\">\n<li style=\"font-size:14px;color:rgb(34, 34, 34)\">\n<p>Wytrzyma\u0142a rama: Poznaj w\u00f3zek w\u0119dkarski VEVOR, wykonany z wysokiej jako\u015bci aluminium, kt\u00f3re zapewnia nie tylko wytrzyma\u0142\u0105, ale i odporn\u0105 na rdz\u0119 ram\u0119. To jak niezawodny towarzysz w\u0119dkarski, kt\u00f3ry nigdy Ci\u0119 nie zawiedzie. Dodatkowo jest lekki \u2013 dzi\u0119ki czemu mo\u017cesz skupi\u0107 si\u0119 na zdobyczy, a nie na jej noszeniu!<\/p>\n<\/li>\n<li style=\"font-size:14px;color:rgb(34, 34, 34)\">\n<p>Praktyczne ko\u0142a poliuretanowe: Ten w\u00f3zek w\u0119dkarski na pla\u017c\u0119 jest wyposa\u017cony w 13-calowe pompowane ko\u0142a poliuretanowe, kt\u00f3re p\u0142ynnie sun\u0105 po piasku, b\u0142ocie, \u017cwirze i trawie. Ko\u0142a te nie tylko unosz\u0105 \u0142adunek, ale tak\u017ce sprawiaj\u0105, \u017ce podr\u00f3\u017c do idealnego miejsca po\u0142owu jest p\u0142ynna niczym Twoja ulubiona \u017cy\u0142ka.<\/p>\n<\/li>\n<li style=\"font-size:14px;color:rgb(34, 34, 34)\">\n<p>Du\u017co miejsca do przechowywania: Dzi\u0119ki ramie o d\u0142ugo\u015bci 45,9 cala, szeroko\u015bci 27 cali i wysoko\u015bci 7,9 cala oraz solidnym ko\u0142om o \u015brednicy 13 cali, ten w\u00f3zek w\u0119dkarski ud\u017awignie do 500 funt\u00f3w. Sprz\u0119t surfingowy, niezb\u0119dne rzeczy na pla\u017c\u0119, cokolwiek zechcesz \u2013 spakuj si\u0119 i ruszaj w drog\u0119 bez obaw!<\/p>\n<\/li>\n<li style=\"font-size:14px;color:rgb(34, 34, 34)\">\n<p>Szczelna konstrukcja: Po\u017cegnaj si\u0119 z k\u0142opotami z zagubionymi rzeczami! Nasz w\u00f3zek w\u0119dkarski na molo ma przemy\u015blanie zaprojektowane, szczelne dno, dzi\u0119ki czemu wszystko, od drobnego sprz\u0119tu po wi\u0119kszy sprz\u0119t, jest bezpiecznie na swoim miejscu. To gwarancja schludnego i zorganizowanego wypoczynku za ka\u017cdym razem.<\/p>\n<\/li>\n<li style=\"font-size:14px;color:rgb(34, 34, 34)\">\n<p>Wielofunkcyjny i przeno\u015bny: Wyposa\u017cony w 6 uchwyt\u00f3w na w\u0119dki i przeno\u015bn\u0105 konstrukcj\u0119 do ich wk\u0142adania, ten w\u00f3zek w\u0119dkarski to prawdziwy prze\u0142om dla w\u0119dkarzy. Uchwyty o \u015brednicy 5 cm pomieszcz\u0105 r\u00f3\u017cne w\u0119dki. Wygoda przede wszystkim: chwy\u0107 w\u0119dk\u0119, zarzu\u0107 j\u0105 i \u0142owisz w mgnieniu oka.<\/p>\n<\/li>\n<\/ul>\n<\/div>\n<div>\n<div>\n<div style=\"margin:16px 0px 24px;margin-bottom:24px;margin-top:16px;margin-left:0px;margin-right:0px\"><img decoding=\"async\" style=\"width:100%\" width=\"100%\" src=\"https:\/\/d2qc09rl1gfuof.cloudfront.net\/product\/SLKYJCBKZD00X0T74\/fishing-cart-a100-1.11.jpg\" slate-data-type=\"image\"\/><\/div>\n<\/div>\n<\/div>\n<\/div>\n<\/div>\n<\/div>\n<div class=\"detailmodule_dynamic\"><kse:widget data-widget-type=\"customText\" id=\"1005000000397265\" type=\"custom\"><\/kse:widget><\/div>\n<p><\/p>","protected":false},"excerpt":{"rendered":"<p>Hign-concerned Chemical:&nbsp;None Origin:&nbsp;Mainland China Model Number:&nbsp;YK-500 Load Capacity:&nbsp;500 lbs\/226.79 kg Brand Name:&nbsp;VEVOR Brand:&nbsp;VEVOR Item Weight:&nbsp;44.53 lbs\/20.2 kg Maximum Weight Capacity:&nbsp;500 lbs\/226.79 kg Wheel Size:&nbsp;12 in\/305 mm (13 in\/330 mm after<\/p>","protected":false},"featured_media":25393,"comment_status":"open","ping_status":"closed","template":"","meta":{"_acf_changed":false},"product_brand":[],"product_cat":[523],"product_tag":[],"class_list":{"0":"post-25391","1":"product","2":"type-product","3":"status-publish","4":"has-post-thumbnail","6":"product_cat-bike-trailers-and-wagons","8":"first","9":"instock","10":"shipping-taxable","11":"purchasable","12":"product-type-simple"},"acf":[],"_links":{"self":[{"href":"https:\/\/electricstore.eu\/pl\/wp-json\/wp\/v2\/product\/25391","targetHints":{"allow":["GET"]}}],"collection":[{"href":"https:\/\/electricstore.eu\/pl\/wp-json\/wp\/v2\/product"}],"about":[{"href":"https:\/\/electricstore.eu\/pl\/wp-json\/wp\/v2\/types\/product"}],"replies":[{"embeddable":true,"href":"https:\/\/electricstore.eu\/pl\/wp-json\/wp\/v2\/comments?post=25391"}],"wp:featuredmedia":[{"embeddable":true,"href":"https:\/\/electricstore.eu\/pl\/wp-json\/wp\/v2\/media\/25393"}],"wp:attachment":[{"href":"https:\/\/electricstore.eu\/pl\/wp-json\/wp\/v2\/media?parent=25391"}],"wp:term":[{"taxonomy":"product_brand","embeddable":true,"href":"https:\/\/electricstore.eu\/pl\/wp-json\/wp\/v2\/product_brand?post=25391"},{"taxonomy":"product_cat","embeddable":true,"href":"https:\/\/electricstore.eu\/pl\/wp-json\/wp\/v2\/product_cat?post=25391"},{"taxonomy":"product_tag","embeddable":true,"href":"https:\/\/electricstore.eu\/pl\/wp-json\/wp\/v2\/product_tag?post=25391"}],"curies":[{"name":"wp","href":"https:\/\/api.w.org\/{rel}","templated":true}]}}