{"id":25336,"date":"2025-05-20T18:58:42","date_gmt":"2025-05-20T18:58:42","guid":{"rendered":"https:\/\/electricstore.eu\/p\/uncategorized\/vevor-440lbs-wireless-electric-lifting-hoist-with-40ft-single-20ft-double-slings-lifting-height-lift-hoist-for-garage-warehouse\/"},"modified":"2025-05-20T19:00:04","modified_gmt":"2025-05-20T19:00:04","slug":"vevor-440lbs-wireless-electric-lifting-hoist-with-40ft-single-20ft-double-slings-lifting-height-lift-hoist-for-garage-warehouse","status":"publish","type":"product","link":"https:\/\/electricstore.eu\/pl\/p\/o\/electric-lifting-hoists\/vevor-440lbs-wireless-electric-lifting-hoist-with-40ft-single-20ft-double-slings-lifting-height-lift-hoist-for-garage-warehouse\/","title":{"rendered":"VEVOR 440lbs Bezprzewodowy elektryczny podno\u015bnik z 40-stopowymi pojedynczymi\/20-stopowymi podw\u00f3jnymi zawiesiami, podno\u015bnik o wysoko\u015bci podnoszenia do gara\u017cu i magazynu"},"content":{"rendered":"<div class=\"product-specs-list-container\">\n<ul class=\"product-specs-list util-clearfix\">\n<li class=\"product-prop line-limit-length\"><span\n                                        class=\"property-title\">Substancja chemiczna budz\u0105ca du\u017ce obawy:&nbsp;<\/span><span\n                                        class=\"property-desc line-limit-length\">Nic<\/span>\n                            <\/li>\n<li class=\"product-prop line-limit-length\"><span\n                                        class=\"property-title\">Numer modelu:&nbsp;<\/span><span\n                                        class=\"property-desc line-limit-length\">PA200<\/span>\n                            <\/li>\n<li class=\"product-prop line-limit-length\"><span\n                                        class=\"property-title\">Pochodzenie:&nbsp;<\/span><span\n                                        class=\"property-desc line-limit-length\">Chiny kontynentalne<\/span>\n                            <\/li>\n<li class=\"product-prop line-limit-length\"><span\n                                        class=\"property-title\">Nazwa marki:&nbsp;<\/span><span\n                                        class=\"property-desc line-limit-length\">WI\u0118ZI\u0106<\/span>\n                            <\/li>\n<\/ul><\/div>\n<div class=\"detailmodule_html\">\n<div class=\"detail-desc-decorate-richtext\">\n<div style=\"font-family:&quot;Open sans&quot;, Arial, Helvetica, sans-serif\">\n<div><img decoding=\"async\" style=\"width:100%\" width=\"100%\" src=\"https:\/\/d2qc09rl1gfuof.cloudfront.net\/vevor\/boutique-banner\/pc\/banner-en.jpg\" slate-data-type=\"image\"\/><\/div>\n<div>\n<div style=\"font-size:16px;font-weight:bold;text-align:center;color:rgb(34, 34, 34);margin:24px 0px;margin-bottom:24px;margin-top:24px;margin-left:0px;margin-right:0px\" align=\"center\">Wci\u0105gnik elektryczny VEVOR \u2013 podnie\u015b sw\u00f3j \u0142adunek bez wysi\u0142ku<\/div>\n<div><img decoding=\"async\" style=\"width:100%\" width=\"100%\" src=\"https:\/\/d2qc09rl1gfuof.cloudfront.net\/product\/DDGSSHLYXWXSZ60OH\/electric-hoist-a100-1.4-pt.jpg\" slate-data-type=\"image\"\/><\/div>\n<div style=\"font-size:14px;text-align:center;color:rgb(34, 34, 34);margin:16px 0px 24px;margin-bottom:24px;margin-top:16px;margin-left:0px;margin-right:0px\" align=\"center\">Wyposa\u017cony w niezawodny, ch\u0142odzony powietrzem, miedziany silnik, ten elektryczny wci\u0105gnik zapewnia \u0142atwe i stabilne podnoszenie. System ch\u0142odzenia i wentylator zapobiegaj\u0105 przegrzaniu, dzi\u0119ki czemu mo\u017cesz pracowa\u0107 d\u0142u\u017cej bez przeszk\u00f3d.<\/div>\n<\/div>\n<div>\n<div style=\"margin:8px 0px;margin-bottom:8px;margin-top:8px;margin-left:0px;margin-right:0px\"><img decoding=\"async\" style=\"width:100%\" width=\"100%\" src=\"https:\/\/d2qc09rl1gfuof.cloudfront.net\/product\/DDGSSHLYXWXSZ60OH\/electric-hoist-a100-2.2-pt.jpg\" slate-data-type=\"image\"\/><\/div>\n<div style=\"font-size:14px;text-align:center;color:rgb(34, 34, 34);margin:16px 0px 24px;margin-bottom:24px;margin-top:16px;margin-left:0px;margin-right:0px\" align=\"center\">Potrzebujesz pr\u0119dko\u015bci lub si\u0142y? Prze\u0142\u0105czaj si\u0119 mi\u0119dzy trybem pojedynczego kabla, aby szybciej podnosi\u0107 l\u017cejsze \u0142adunki, a trybem podw\u00f3jnego kabla, aby wykonywa\u0107 ci\u0119\u017csze prace. Nasza elektryczna wci\u0105garka jest zbudowana tak, aby poradzi\u0107 sobie z tym, co na ni\u0105 rzucisz.<\/div>\n<\/div>\n<div>\n<div style=\"margin:8px 0px;margin-bottom:8px;margin-top:8px;margin-left:0px;margin-right:0px\"><img decoding=\"async\" style=\"width:100%\" width=\"100%\" src=\"https:\/\/d2qc09rl1gfuof.cloudfront.net\/product\/DDGSSHLYXWXSZ60OH\/electric-hoist-a100-2.3-pt.jpg\" slate-data-type=\"image\"\/><\/div>\n<div style=\"font-size:14px;text-align:center;color:rgb(34, 34, 34);margin:16px 0px 24px;margin-bottom:24px;margin-top:16px;margin-left:0px;margin-right:0px\" align=\"center\">Niezale\u017cnie od tego, czy jeste\u015b blisko, czy daleko, ten podno\u015bnik sufitowy oferuje sterowanie przewodowe i bezprzewodowe. Dzi\u0119ki zasi\u0119gowi bezprzewodowemu do 100 m (328 st\u00f3p) i wy\u0142\u0105cznikowi awaryjnemu masz pewno\u015b\u0107 i elastyczno\u015b\u0107, aby wykona\u0107 zadanie prawid\u0142owo.<\/div>\n<\/div>\n<div>\n<div style=\"margin:8px 0px;margin-bottom:8px;margin-top:8px;margin-left:0px;margin-right:0px\"><img decoding=\"async\" style=\"width:100%\" width=\"100%\" src=\"https:\/\/d2qc09rl1gfuof.cloudfront.net\/product\/DDGSSHLYXWXSZ60OH\/electric-hoist-a100-2.4-pt.jpg\" slate-data-type=\"image\"\/><\/div>\n<div style=\"font-size:14px;text-align:center;color:rgb(34, 34, 34);margin:16px 0px 24px;margin-bottom:24px;margin-top:16px;margin-left:0px;margin-right:0px\" align=\"center\">Wykonany z wytrzyma\u0142ej stali stopowej i powlekanej stalowej liny, nasz podno\u015bnik gara\u017cowy to kwintesencja stabilno\u015bci. Gruba lina i konstrukcja zabezpieczaj\u0105ca przed przewr\u00f3ceniem sprawiaj\u0105, \u017ce podno\u015bnik mo\u017ce bezpiecznie podnosi\u0107 ci\u0119\u017ckie \u0142adunki, a zabezpieczenie przed przegrzaniem zapewnia p\u0142ynn\u0105 prac\u0119.<\/div>\n<\/div>\n<div>\n<div style=\"margin:8px 0px;margin-bottom:8px;margin-top:8px;margin-left:0px;margin-right:0px\"><img decoding=\"async\" style=\"width:100%\" width=\"100%\" src=\"https:\/\/d2qc09rl1gfuof.cloudfront.net\/product\/DDGSSHLYXWXSZ60OH\/electric-hoist-a100-2.5-pt.jpg\" slate-data-type=\"image\"\/><\/div>\n<div style=\"font-size:14px;text-align:center;color:rgb(34, 34, 34);margin:16px 0px 24px;margin-bottom:24px;margin-top:16px;margin-left:0px;margin-right:0px\" align=\"center\">Niezale\u017cnie od tego, czy pracujesz w gara\u017cu, magazynie czy warsztacie, ta elektryczna wci\u0105garka linowa przystosowuje si\u0119 do wielu zada\u0144, dzi\u0119ki czemu jest idealnym narz\u0119dziem do ka\u017cdego projektu.<\/div>\n<\/div>\n<div style=\"margin:16px 0px 24px;margin-bottom:24px;margin-top:16px;margin-left:0px;margin-right:0px\"><\/div>\n<div style=\"margin:24px 0px;margin-bottom:24px;margin-top:24px;margin-left:0px;margin-right:0px\">\n<div style=\"font-size:16px;font-weight:bold;color:rgb(34, 34, 34);margin:24px 0px 16px;margin-bottom:16px;margin-top:24px;margin-left:0px;margin-right:0px\">Funkcje i szczeg\u00f3\u0142y<\/div>\n<ul style=\"margin:16px 0px 24px;margin-bottom:24px;margin-top:16px;margin-left:0px;margin-right:0px\">\n<li style=\"font-size:14px;color:rgb(34, 34, 34)\">\n<p>Ud\u017awig 440 funt\u00f3w: Ten wci\u0105gnik elektryczny z \u0142atwo\u015bci\u0105 podnosi ma\u0142e silniki, skrzynie bieg\u00f3w, du\u017ce narz\u0119dzia warsztatowe lub materia\u0142y budowlane. Ud\u017awig: 220 funt\u00f3w\/100 kg (pojedyncza lina), 440 funt\u00f3w\/200 kg (podw\u00f3jna lina).<\/p>\n<\/li>\n<li style=\"font-size:14px;color:rgb(34, 34, 34)\">\n<p>Mocny silnik: Wysokiej jako\u015bci silnik miedziany zapewnia moc, kt\u00f3ra mo\u017ce wytrzyma\u0107 du\u017ce si\u0142y bez powodowania deformacji wyci\u0105garki elektrycznej. Ponadto du\u017cy wentylator ch\u0142odz\u0105cy mo\u017ce szybko sch\u0142odzi\u0107 maszyn\u0119, aby unikn\u0105\u0107 przegrzania. Dlatego ten mocny silnik zapewnia wydajn\u0105 prac\u0119 i oszcz\u0119dza wi\u0119cej czasu i energii.<\/p>\n<\/li>\n<li style=\"font-size:14px;color:rgb(34, 34, 34)\">\n<p>Wygodny monta\u017c: Nasz podno\u015bnik gara\u017cowy mo\u017cna zawiesi\u0107 bezpo\u015brednio na suficie za pomoc\u0105 metalowych lub solidnych drewnianych pas\u00f3w. Ponadto jest wyposa\u017cony w wy\u0142\u0105cznik awaryjny i elektromagnetyczny system hamowania, aby unikn\u0105\u0107 nienormalnego po\u015blizgu.<\/p>\n<\/li>\n<li style=\"font-size:14px;color:rgb(34, 34, 34)\">\n<p>Podw\u00f3jne opcje sterowania: Dzi\u0119ki pilotom przewodowym i bezprzewodowym ten podno\u015bnik sufitowy zapewnia pe\u0142n\u0105 kontrol\u0119. Pilot przewodowy ma zasi\u0119g 4,2 m (14 st\u00f3p), a bezprzewodowy pozwala na prac\u0119 z odleg\u0142o\u015bci do 100 m (328 st\u00f3p). Zapewnia on doskona\u0142\u0105 funkcj\u0119 prze\u0142\u0105czania, kt\u00f3ra umo\u017cliwia obs\u0142ug\u0119 jedn\u0105 r\u0119k\u0105 w celu podnoszenia, opuszczania i ustawiania sprz\u0119tu.<\/p>\n<\/li>\n<li style=\"font-size:14px;color:rgb(34, 34, 34)\">\n<p>Wiele zastosowa\u0144: Ten elektryczny podno\u015bnik kablowy jest szeroko stosowany w gara\u017cach, fabrykach, magazynach i rodzinach, a tak\u017ce przez profesjonalist\u00f3w i amator\u00f3w. Nadaje si\u0119 do naprawy statk\u00f3w, samochod\u00f3w, kosiarek do trawy, w\u00f3zk\u00f3w golfowych, dekoracji domowych, silnik\u00f3w, g\u0142az\u00f3w, drzew itp.<\/p>\n<\/li>\n<\/ul>\n<\/div>\n<div>\n<div>\n<div style=\"margin:16px 0px 24px;margin-bottom:24px;margin-top:16px;margin-left:0px;margin-right:0px\"><img decoding=\"async\" style=\"width:100%\" width=\"100%\" src=\"https:\/\/d2qc09rl1gfuof.cloudfront.net\/product\/DDGSSHLYXWXSZ60OH\/electric-hoist-a100-1.11-pt.jpg\" slate-data-type=\"image\"\/><\/div>\n<\/div>\n<\/div>\n<\/div>\n<div><\/div>\n<\/div>\n<\/div>\n<p><\/p>","protected":false},"excerpt":{"rendered":"<p>Hign-concerned Chemical:&nbsp;None Model Number:&nbsp;PA200 Origin:&nbsp;Mainland China Brand Name:&nbsp;VEVOR VEVOR Electric Hoist \u2013 Lift Your Cargo with No Effort Equipped with a reliable air-cooled copper motor, this electric hoist makes lifting<\/p>","protected":false},"featured_media":25337,"comment_status":"open","ping_status":"closed","template":"","meta":{"_acf_changed":false},"product_brand":[],"product_cat":[517],"product_tag":[],"class_list":{"0":"post-25336","1":"product","2":"type-product","3":"status-publish","4":"has-post-thumbnail","6":"product_cat-electric-lifting-hoists","8":"first","9":"instock","10":"shipping-taxable","11":"purchasable","12":"product-type-variable"},"acf":[],"_links":{"self":[{"href":"https:\/\/electricstore.eu\/pl\/wp-json\/wp\/v2\/product\/25336","targetHints":{"allow":["GET"]}}],"collection":[{"href":"https:\/\/electricstore.eu\/pl\/wp-json\/wp\/v2\/product"}],"about":[{"href":"https:\/\/electricstore.eu\/pl\/wp-json\/wp\/v2\/types\/product"}],"replies":[{"embeddable":true,"href":"https:\/\/electricstore.eu\/pl\/wp-json\/wp\/v2\/comments?post=25336"}],"wp:featuredmedia":[{"embeddable":true,"href":"https:\/\/electricstore.eu\/pl\/wp-json\/wp\/v2\/media\/25337"}],"wp:attachment":[{"href":"https:\/\/electricstore.eu\/pl\/wp-json\/wp\/v2\/media?parent=25336"}],"wp:term":[{"taxonomy":"product_brand","embeddable":true,"href":"https:\/\/electricstore.eu\/pl\/wp-json\/wp\/v2\/product_brand?post=25336"},{"taxonomy":"product_cat","embeddable":true,"href":"https:\/\/electricstore.eu\/pl\/wp-json\/wp\/v2\/product_cat?post=25336"},{"taxonomy":"product_tag","embeddable":true,"href":"https:\/\/electricstore.eu\/pl\/wp-json\/wp\/v2\/product_tag?post=25336"}],"curies":[{"name":"wp","href":"https:\/\/api.w.org\/{rel}","templated":true}]}}