{"id":25293,"date":"2025-05-20T18:58:30","date_gmt":"2025-05-20T18:58:30","guid":{"rendered":"https:\/\/electricstore.eu\/p\/uncategorized\/vevor-1100lbs-1500w-electric-hoist-winch-3-in-1-portable-power-winch-crane-with-wireless-remote-control-for-overload-protection\/"},"modified":"2025-05-20T18:59:22","modified_gmt":"2025-05-20T18:59:22","slug":"vevor-1100lbs-1500w-electric-hoist-winch-3-in-1-portable-power-winch-crane-with-wireless-remote-control-for-overload-protection","status":"publish","type":"product","link":"https:\/\/electricstore.eu\/pl\/p\/o\/electric-lifting-hoists\/vevor-1100lbs-1500w-electric-hoist-winch-3-in-1-portable-power-winch-crane-with-wireless-remote-control-for-overload-protection\/","title":{"rendered":"Wci\u0105garka elektryczna VEVOR 1100lbs 1500W 3 w 1, przeno\u015bna wci\u0105garka z bezprzewodowym pilotem zdalnego sterowania do ochrony przed przeci\u0105\u017ceniem"},"content":{"rendered":"<div class=\"product-specs-list-container\">\n<ul class=\"product-specs-list util-clearfix\">\n<li class=\"product-prop line-limit-length\"><span\n                                        class=\"property-title\">Substancja chemiczna budz\u0105ca du\u017ce obawy:&nbsp;<\/span><span\n                                        class=\"property-desc line-limit-length\">Nic<\/span>\n                            <\/li>\n<li class=\"product-prop line-limit-length\"><span\n                                        class=\"property-title\">Pochodzenie:&nbsp;<\/span><span\n                                        class=\"property-desc line-limit-length\">Chiny kontynentalne<\/span>\n                            <\/li>\n<li class=\"product-prop line-limit-length\"><span\n                                        class=\"property-title\">Nazwa marki:&nbsp;<\/span><span\n                                        class=\"property-desc line-limit-length\">WI\u0118ZI\u0106<\/span>\n                            <\/li>\n<\/ul><\/div>\n<p><\/p>\n<div class=\"detailmodule_html\">\n<div class=\"detail-desc-decorate-richtext\">\n<div style=\"font-family:&quot;Open sans&quot;, Arial, Helvetica, sans-serif\">\n<div style=\"font-family:&quot;Open sans&quot;, Arial, Helvetica, sans-serif\"><img decoding=\"async\" style=\"width:100%\" width=\"100%\" src=\"https:\/\/d2qc09rl1gfuof.cloudfront.net\/vevor\/boutique-banner\/pc\/banner-en.jpg\" slate-data-type=\"image\"\/><\/div>\n<div style=\"font-family:&quot;Open sans&quot;, Arial, Helvetica, sans-serif\">\n<div style=\"font-size:16px;font-weight:bold;text-align:center;color:rgb(34, 34, 34);margin:24px 0px;margin-bottom:24px;margin-top:24px;margin-left:0px;margin-right:0px\" align=\"center\">VEVOR Przeno\u015bna wci\u0105garka elektryczna<\/div>\n<div><img decoding=\"async\" style=\"width:100%\" width=\"100%\" src=\"https:\/\/d2qc09rl1gfuof.cloudfront.net\/product\/BXSDDHL1100BE27PC\/electric-hoist-a100-1.4.jpg\" slate-data-type=\"image\"\/><\/div>\n<div style=\"font-size:14px;text-align:center;color:rgb(34, 34, 34);margin:16px 0px 24px;margin-bottom:24px;margin-top:16px;margin-left:0px;margin-right:0px\" align=\"center\">Nasza elektryczna wci\u0105garka to kwintesencja wygody. Chwy\u0107 j\u0105, pod\u0142\u0105cz i gotowe! Niezale\u017cnie od tego, czy jeste\u015b w domu, czy na zewn\u0105trz, z \u0142atwo\u015bci\u0105 poradzi sobie z \u0142adunkami o wadze do 500 kg.<\/div>\n<\/div>\n<div style=\"font-family:&quot;Open sans&quot;, Arial, Helvetica, sans-serif\">\n<div>\u00a0<\/div>\n<div style=\"margin:8px 0px;margin-bottom:8px;margin-top:8px;margin-left:0px;margin-right:0px\"><img decoding=\"async\" style=\"width:100%\" width=\"100%\" src=\"https:\/\/d2qc09rl1gfuof.cloudfront.net\/product\/BXSDDHL1100BE27PC\/electric-hoist-a100-2.2.jpg\" slate-data-type=\"image\"\/><\/div>\n<div style=\"font-size:14px;text-align:center;color:rgb(34, 34, 34);margin:16px 0px 24px;margin-bottom:24px;margin-top:16px;margin-left:0px;margin-right:0px\" align=\"center\">Wybierz jedn\u0105 z 3 opcji sterowania nasz\u0105 przeno\u015bn\u0105 wci\u0105gark\u0105 elektryczn\u0105. Wybierz sterowanie r\u0119czne do szybkich zada\u0144 w pobli\u017cu, prze\u0142\u0105cz si\u0119 na 5,9-metrowy przewodowy pilot do zada\u0144 o \u015brednim zasi\u0119gu lub ciesz si\u0119 swobod\u0105 sterowania bezprzewodowego o zasi\u0119gu 60 metr\u00f3w.<\/div>\n<\/div>\n<div style=\"font-family:&quot;Open sans&quot;, Arial, Helvetica, sans-serif\">\n<div>\u00a0<\/div>\n<div style=\"margin:8px 0px;margin-bottom:8px;margin-top:8px;margin-left:0px;margin-right:0px\"><img decoding=\"async\" style=\"width:100%\" width=\"100%\" src=\"https:\/\/d2qc09rl1gfuof.cloudfront.net\/product\/BXSDDHL1100BE27PC\/electric-hoist-a100-2.3.jpg\" slate-data-type=\"image\"\/><\/div>\n<div style=\"font-size:14px;text-align:center;color:rgb(34, 34, 34);margin:16px 0px 24px;margin-bottom:24px;margin-top:16px;margin-left:0px;margin-right:0px\" align=\"center\">Zwi\u0119ksz wydajno\u015b\u0107 dzi\u0119ki naszemu d\u017awigowi z wci\u0105gark\u0105 elektryczn\u0105, wyposa\u017conemu w wysokiej jako\u015bci miedziany silnik i aluminiow\u0105 przek\u0142adni\u0119. Nie chodzi tylko o moc \u2013 to oko\u0142o 1500 W p\u0142ynnej, ch\u0142odnej pracy, idealnej do d\u0142ugich sesji podnoszenia.<\/div>\n<\/div>\n<div style=\"font-family:&quot;Open sans&quot;, Arial, Helvetica, sans-serif\">\n<div>\u00a0<\/div>\n<div style=\"margin:8px 0px;margin-bottom:8px;margin-top:8px;margin-left:0px;margin-right:0px\"><img decoding=\"async\" style=\"width:100%\" width=\"100%\" src=\"https:\/\/d2qc09rl1gfuof.cloudfront.net\/product\/BXSDDHL1100BE27PC\/electric-hoist-a100-2.4.jpg\" slate-data-type=\"image\"\/><\/div>\n<div style=\"font-size:14px;text-align:center;color:rgb(34, 34, 34);margin:16px 0px 24px;margin-bottom:24px;margin-top:16px;margin-left:0px;margin-right:0px\" align=\"center\">Z nasz\u0105 lin\u0105 do wci\u0105gnik\u00f3w elektrycznych zrobili\u015bmy o wiele wi\u0119cej. \u017badnych sztywnych zakr\u0119t\u00f3w \u2013 nasza gruba, ocynkowana lina stalowa zosta\u0142a zaprojektowana z my\u015bl\u0105 o stabilno\u015bci i bezpiecze\u0144stwie, gwarantuj\u0105c bezproblemowe podnoszenie \u0142adunk\u00f3w.<\/div>\n<\/div>\n<div style=\"font-family:&quot;Open sans&quot;, Arial, Helvetica, sans-serif\">\n<div>\u00a0<\/div>\n<div style=\"margin:8px 0px;margin-bottom:8px;margin-top:8px;margin-left:0px;margin-right:0px\"><img decoding=\"async\" style=\"width:100%\" width=\"100%\" src=\"https:\/\/d2qc09rl1gfuof.cloudfront.net\/product\/BXSDDHL1100BE27PC\/electric-hoist-a100-2.5.jpg\" slate-data-type=\"image\"\/><\/div>\n<div style=\"font-size:14px;text-align:center;color:rgb(34, 34, 34);margin:16px 0px 24px;margin-bottom:24px;margin-top:16px;margin-left:0px;margin-right:0px\" align=\"center\">W pomieszczeniach, na zewn\u0105trz, wysoko lub w poprzek \u2013 nasza przeno\u015bna wci\u0105garka to idealne rozwi\u0105zanie, kt\u00f3re bez wysi\u0142ku przeniesie wszystko, gdziekolwiek zechcesz. Po\u017cegnaj si\u0119 z \u017cmudn\u0105 prac\u0105 i powitaj bezproblemowe podnoszenie.<\/div>\n<\/div>\n<div style=\"margin:16px 0px 24px;margin-bottom:24px;margin-top:16px;margin-left:0px;margin-right:0px\"><\/div>\n<div style=\"margin:24px 0px;margin-bottom:24px;margin-top:24px;margin-left:0px;margin-right:0px\">\n<div style=\"font-size:16px;font-weight:bold;color:rgb(34, 34, 34);margin:24px 0px 16px;margin-bottom:16px;margin-top:24px;margin-left:0px;margin-right:0px\">Funkcje i szczeg\u00f3\u0142y<\/div>\n<ul style=\"margin:16px 0px 24px;margin-bottom:24px;margin-top:16px;margin-left:0px;margin-right:0px\">\n<li style=\"font-size:14px;color:rgb(34, 34, 34)\">\n<p>Metody sterowania 3 w 1: Poznaj nasz\u0105 wszechstronn\u0105 wci\u0105gark\u0119 elektryczn\u0105 z 3 trybami sterowania. Przekonaj si\u0119 sam, steruj\u0105c r\u0119cznie, aby szybko i na kr\u00f3tkim dystansie podnosi\u0107 ci\u0119\u017cary. Przewodowy pilot o d\u0142ugo\u015bci 5,9 m to Tw\u00f3j niezawodny pomocnik do podnoszenia ci\u0119\u017ckich \u0142adunk\u00f3w. Mo\u017cesz te\u017c skorzysta\u0107 z naszego bezprzewodowego pilota o d\u0142ugo\u015bci 60 m \u2013 idealnego do zada\u0144 wymagaj\u0105cych du\u017cej wysoko\u015bci. UWAGA: Nie uruchamiaj wci\u0105garki bez obci\u0105\u017cenia przy pierwszym u\u017cyciu!<\/p>\n<\/li>\n<li style=\"font-size:14px;color:rgb(34, 34, 34)\">\n<p>Bezprzewodowy pilot zdalnego sterowania o zasi\u0119gu 60 metr\u00f3w: Bezprzewodowy pilot zdalnego sterowania naszej elektrycznej wci\u0105garki osi\u0105ga imponuj\u0105cy zasi\u0119g 60 metr\u00f3w. Dzi\u0119ki dw\u00f3m kontrolerom w zestawie (z mo\u017cliwo\u015bci\u0105 dodania trzech kolejnych) podnoszenie zespo\u0142owe nigdy nie by\u0142o \u0142atwiejsze. Niezale\u017cnie od tego, czy chodzi o podnoszenie silnik\u00f3w, czy podnoszenie towar\u00f3w w magazynach, zapewniamy kompleksow\u0105 obs\u0142ug\u0119 zada\u0144 na du\u017cych wysoko\u015bciach i w du\u017cej odleg\u0142o\u015bci.<\/p>\n<\/li>\n<li style=\"font-size:14px;color:rgb(34, 34, 34)\">\n<p>Wysoka moc 1500 W: Zwi\u0119ksz moc dzi\u0119ki silnikowi o mocy 1500 W naszej przeno\u015bnej wci\u0105garki elektrycznej \u2013 to po\u0142\u0105czenie mocy i szybko\u015bci. Podnosz\u0105c z pr\u0119dko\u015bci\u0105 do 4 m\/min i osi\u0105gaj\u0105c wysoko\u015b\u0107 6,9 m, ta wci\u0105garka charakteryzuje si\u0119 wydajn\u0105 moc\u0105. Co wi\u0119cej, nasza niskotemperaturowa skrzynia bieg\u00f3w gwarantuje d\u0142ug\u0105 i wytrzyma\u0142\u0105 prac\u0119.<\/p>\n<\/li>\n<li style=\"font-size:14px;color:rgb(34, 34, 34)\">\n<p>Materia\u0142 klasy lotniczej: Wytrzyma\u0142o\u015b\u0107 \u0142\u0105czy si\u0119 z wyrafinowaniem dzi\u0119ki linom stalowym ocynkowanym klasy lotniczej, z kt\u00f3rych zbudowano nasz d\u017awig z wci\u0105gark\u0105. Po\u017cegnaj si\u0119 ze skr\u0119ceniami i spl\u0105taniami, a powitaj trwa\u0142o\u015b\u0107, kt\u00f3ra wytrzymuje rozci\u0105ganie do 1520 MPa. Chodzi o podnoszenie z pewno\u015bci\u0105 siebie i spokojem ducha.<\/p>\n<\/li>\n<li style=\"font-size:14px;color:rgb(34, 34, 34)\">\n<p>Wytrzyma\u0142y hak podnosz\u0105cy: Wytrzyma\u0142y hak podnosz\u0105cy naszej przeno\u015bnej wci\u0105garki to prawdziwy prze\u0142om. Zdolny do ud\u017awigu do 500 kg, jest niezwykle wytrzyma\u0142y. Dzi\u0119ki obrotowi o 360\u00b0 i solidnemu zatrzaskowi zabezpieczaj\u0105cemu, Twoje \u0142adunki pozostaj\u0105 bezpieczne i \u0142atwe w manewrowaniu. Wi\u0119c \u015bmia\u0142o, podnie\u015b krow\u0119 (lub cokolwiek innego) z \u0142atwo\u015bci\u0105!<\/p>\n<\/li>\n<\/ul>\n<\/div>\n<div>\n<div>\u00a0<\/div>\n<div>\n<div>\u00a0<\/div>\n<div style=\"margin:16px 0px 24px;margin-bottom:24px;margin-top:16px;margin-left:0px;margin-right:0px\"><strong>500-A Manualny\/Przewodowy\/Bezprzewodowy<\/strong><\/div>\n<div style=\"margin:16px 0px 24px;margin-bottom:24px;margin-top:16px;margin-left:0px;margin-right:0px\"><img decoding=\"async\" style=\"width:100%\" width=\"100%\" src=\"https:\/\/d2qc09rl1gfuof.cloudfront.net\/product\/BXSDDHL1100BE27PC\/electric-hoist-a100-1.11.jpg\" slate-data-type=\"image\"\/><\/div>\n<\/div>\n<\/div>\n<div style=\"font-family:&quot;Open sans&quot;, Arial, Helvetica, sans-serif\">\n<div>\u00a0<\/div>\n<div>\n<div style=\"margin:16px 0px 24px;margin-bottom:24px;margin-top:16px;margin-left:0px;margin-right:0px\"><span style=\"font-family:&quot;Microsoft YaHei&quot;\"><span style=\"font-family:&quot;Open sans&quot;, Arial, Helvetica, sans-serif\"><strong>500-B <\/strong><\/span><\/span><span style=\"font-family:&quot;Microsoft YaHei&quot;\"><strong>Manualny\/Bezprzewodowy<\/strong><\/span><\/div>\n<div style=\"margin:16px 0px 24px;margin-bottom:24px;margin-top:16px;margin-left:0px;margin-right:0px\"><img decoding=\"async\" style=\"width:100%\" width=\"100%\" src=\"https:\/\/d2qc09rl1gfuof.cloudfront.net\/product\/BXSDDHL1100BF7XB2\/electric-hoist-a100-1.11.jpg\" slate-data-type=\"image\"\/><\/div>\n<\/div>\n<\/div>\n<div style=\"font-family:&quot;Open sans&quot;, Arial, Helvetica, sans-serif\">\n<div>\u00a0<\/div>\n<div>\n<div style=\"margin:16px 0px 24px;margin-bottom:24px;margin-top:16px;margin-left:0px;margin-right:0px\"><span style=\"font-family:&quot;Microsoft YaHei&quot;\"><span style=\"font-family:&quot;Open sans&quot;, Arial, Helvetica, sans-serif\"><strong>500-C <\/strong><\/span><\/span><span style=\"font-family:&quot;Microsoft YaHei&quot;\"><strong>Manualny\/Przewodowy<\/strong><\/span><\/div>\n<div style=\"margin:16px 0px 24px;margin-bottom:24px;margin-top:16px;margin-left:0px;margin-right:0px\"><img decoding=\"async\" style=\"width:100%\" width=\"100%\" src=\"https:\/\/d2qc09rl1gfuof.cloudfront.net\/product\/BXSDDHL1100BSJQDB\/electric-hoist-a100-1.11.jpg\" slate-data-type=\"image\"\/><\/div>\n<\/div>\n<\/div>\n<\/div>\n<p><\/div>\n<\/div>\n<p><\/p>","protected":false},"excerpt":{"rendered":"<p>Hign-concerned Chemical:&nbsp;None Origin:&nbsp;Mainland China Brand Name:&nbsp;VEVOR VEVOR Portable Electric Hoist Winch Our electric hoist winch is all about convenience. Grab it, plug it, and you&#x27;re set to lift! Whether you&#x27;re<\/p>","protected":false},"featured_media":25294,"comment_status":"open","ping_status":"closed","template":"","meta":{"_acf_changed":false},"product_brand":[],"product_cat":[517],"product_tag":[],"class_list":{"0":"post-25293","1":"product","2":"type-product","3":"status-publish","4":"has-post-thumbnail","6":"product_cat-electric-lifting-hoists","8":"first","9":"instock","10":"shipping-taxable","11":"purchasable","12":"product-type-variable"},"acf":[],"_links":{"self":[{"href":"https:\/\/electricstore.eu\/pl\/wp-json\/wp\/v2\/product\/25293","targetHints":{"allow":["GET"]}}],"collection":[{"href":"https:\/\/electricstore.eu\/pl\/wp-json\/wp\/v2\/product"}],"about":[{"href":"https:\/\/electricstore.eu\/pl\/wp-json\/wp\/v2\/types\/product"}],"replies":[{"embeddable":true,"href":"https:\/\/electricstore.eu\/pl\/wp-json\/wp\/v2\/comments?post=25293"}],"wp:featuredmedia":[{"embeddable":true,"href":"https:\/\/electricstore.eu\/pl\/wp-json\/wp\/v2\/media\/25294"}],"wp:attachment":[{"href":"https:\/\/electricstore.eu\/pl\/wp-json\/wp\/v2\/media?parent=25293"}],"wp:term":[{"taxonomy":"product_brand","embeddable":true,"href":"https:\/\/electricstore.eu\/pl\/wp-json\/wp\/v2\/product_brand?post=25293"},{"taxonomy":"product_cat","embeddable":true,"href":"https:\/\/electricstore.eu\/pl\/wp-json\/wp\/v2\/product_cat?post=25293"},{"taxonomy":"product_tag","embeddable":true,"href":"https:\/\/electricstore.eu\/pl\/wp-json\/wp\/v2\/product_tag?post=25293"}],"curies":[{"name":"wp","href":"https:\/\/api.w.org\/{rel}","templated":true}]}}