{"id":25075,"date":"2025-05-20T18:44:14","date_gmt":"2025-05-20T18:44:14","guid":{"rendered":"https:\/\/electricstore.eu\/p\/uncategorized\/vevor-400-1000kg-electric-hoist-lifting-crane-cable-hoist-winch-for-boat-car-garage-elevator-with-wired-remote-control-lifter\/"},"modified":"2025-05-20T18:48:23","modified_gmt":"2025-05-20T18:48:23","slug":"vevor-400-1000kg-electric-hoist-lifting-crane-cable-hoist-winch-for-boat-car-garage-elevator-with-wired-remote-control-lifter","status":"publish","type":"product","link":"https:\/\/electricstore.eu\/pl\/p\/o\/electric-lifting-hoists\/vevor-400-1000kg-electric-hoist-lifting-crane-cable-hoist-winch-for-boat-car-garage-elevator-with-wired-remote-control-lifter\/","title":{"rendered":"VEVOR 400-1000 kg Elektryczny podno\u015bnik linowy do \u0142odzi, samochod\u00f3w, wind gara\u017cowych z przewodowym pilotem zdalnego sterowania"},"content":{"rendered":"<div class=\"product-specs-list-container\">\n<ul class=\"product-specs-list util-clearfix\">\n<li class=\"product-prop line-limit-length\"><span\n                                        class=\"property-title\">Substancja chemiczna budz\u0105ca du\u017ce obawy:&nbsp;<\/span><span\n                                        class=\"property-desc line-limit-length\">Nic<\/span>\n                            <\/li>\n<li class=\"product-prop line-limit-length\"><span\n                                        class=\"property-title\">Pochodzenie:&nbsp;<\/span><span\n                                        class=\"property-desc line-limit-length\">Chiny kontynentalne<\/span>\n                            <\/li>\n<li class=\"product-prop line-limit-length\"><span\n                                        class=\"property-title\">Nazwa marki:&nbsp;<\/span><span\n                                        class=\"property-desc line-limit-length\">WI\u0118ZI\u0106<\/span>\n                            <\/li>\n<\/ul><\/div>\n<div class=\"detailmodule_html\">\n<div class=\"detail-desc-decorate-richtext\">\n<div><\/div>\n<div style=\"font-family:&quot;Open sans&quot;, Arial, Helvetica, sans-serif\">\n<div><img decoding=\"async\" style=\"width:100%\" width=\"100%\" src=\"https:\/\/d2qc09rl1gfuof.cloudfront.net\/vevor\/boutique-banner\/pc\/banner-en.jpg\" slate-data-type=\"image\"\/><\/div>\n<div>\n<div style=\"font-size:16px;font-weight:bold;text-align:center;color:rgb(34, 34, 34);margin:24px 0px;margin-bottom:24px;margin-top:24px;margin-left:0px;margin-right:0px\" align=\"center\">Wci\u0105gnik elektryczny VEVOR \u2013 podnie\u015b sw\u00f3j \u0142adunek bez wysi\u0142ku<\/div>\n<div><img decoding=\"async\" style=\"width:100%\" width=\"100%\" src=\"https:\/\/d2qc09rl1gfuof.cloudfront.net\/product\/DD2200LBS21FT8V69\/electric-hoist-a100-1.4.jpg\" slate-data-type=\"image\"\/><\/div>\n<div style=\"font-size:14px;text-align:center;color:rgb(34, 34, 34);margin:16px 0px 24px;margin-bottom:24px;margin-top:16px;margin-left:0px;margin-right:0px\" align=\"center\">VEVOR, Tw\u00f3j ekskluzywny ekspert od narz\u0119dzi. Ten elektryczny wci\u0105gnik linowy ze stalow\u0105 lin\u0105 wyposa\u017cony jest w silnik z czystej miedzi, zapewniaj\u0105cy du\u017cy ud\u017awig do podnoszenia ci\u0119\u017ckich przedmiot\u00f3w. Bezprzewodowy pilot zdalnego sterowania umo\u017cliwia sterowanie wci\u0105gnikiem z bezpiecznego miejsca.<\/div>\n<\/div>\n<div>\n<div>\u00a0<\/div>\n<div style=\"margin:8px 0px;margin-bottom:8px;margin-top:8px;margin-left:0px;margin-right:0px\"><img decoding=\"async\" style=\"width:100%\" width=\"100%\" src=\"https:\/\/d2qc09rl1gfuof.cloudfront.net\/product\/DD2200LBS21FT8V69\/electric-hoist-a100-1.12.jpg\" slate-data-type=\"image\"\/><\/div>\n<\/div>\n<div>\n<div>\u00a0<\/div>\n<div style=\"margin:8px 0px;margin-bottom:8px;margin-top:8px;margin-left:0px;margin-right:0px\"><img decoding=\"async\" style=\"width:100%\" width=\"100%\" src=\"https:\/\/d2qc09rl1gfuof.cloudfront.net\/product\/DD2200LBS21FT8V69\/electric-hoist-a100-1.13.jpg\" slate-data-type=\"image\"\/><\/div>\n<\/div>\n<div>\n<div>\u00a0<\/div>\n<div style=\"margin:8px 0px;margin-bottom:8px;margin-top:8px;margin-left:0px;margin-right:0px\"><img decoding=\"async\" style=\"width:100%\" width=\"100%\" src=\"https:\/\/d2qc09rl1gfuof.cloudfront.net\/product\/DD2200LBS21FT8V69\/electric-hoist-a100-1.14.jpg\" slate-data-type=\"image\"\/><\/div>\n<\/div>\n<div>\n<div>\u00a0<\/div>\n<div style=\"margin:8px 0px;margin-bottom:8px;margin-top:8px;margin-left:0px;margin-right:0px\"><img decoding=\"async\" style=\"width:100%\" width=\"100%\" src=\"https:\/\/d2qc09rl1gfuof.cloudfront.net\/product\/DD2200LBS21FT8V69\/electric-hoist-a100-1.16.jpg\" slate-data-type=\"image\"\/><\/div>\n<\/div>\n<div>\n<div>\u00a0<\/div>\n<div style=\"margin:8px 0px;margin-bottom:8px;margin-top:8px;margin-left:0px;margin-right:0px\"><img decoding=\"async\" style=\"width:100%\" width=\"100%\" src=\"https:\/\/d2qc09rl1gfuof.cloudfront.net\/product\/DD2200LBS21FT8V69\/electric-hoist-a100-1.17.jpg\" slate-data-type=\"image\"\/><\/div>\n<\/div>\n<div>\n<div>\u00a0<\/div>\n<div style=\"margin:8px 0px;margin-bottom:8px;margin-top:8px;margin-left:0px;margin-right:0px\"><img decoding=\"async\" style=\"width:100%\" width=\"100%\" src=\"https:\/\/d2qc09rl1gfuof.cloudfront.net\/product\/DD2200LBS21FT8V69\/electric-hoist-a100-1.18.jpg\" slate-data-type=\"image\"\/><\/div>\n<\/div>\n<div>\n<div>\u00a0<\/div>\n<div style=\"margin:8px 0px;margin-bottom:8px;margin-top:8px;margin-left:0px;margin-right:0px\"><img decoding=\"async\" style=\"width:100%\" width=\"100%\" src=\"https:\/\/d2qc09rl1gfuof.cloudfront.net\/product\/DD2200LBS21FT8V69\/electric-hoist-a100-1.20.jpg\" slate-data-type=\"image\"\/><\/div>\n<\/div>\n<div>\n<div>\u00a0<\/div>\n<div style=\"margin:8px 0px;margin-bottom:8px;margin-top:8px;margin-left:0px;margin-right:0px\"><img decoding=\"async\" style=\"width:100%\" width=\"100%\" src=\"https:\/\/d2qc09rl1gfuof.cloudfront.net\/product\/DD2200LBS21FT8V69\/electric-hoist-a100-1.21.jpg\" slate-data-type=\"image\"\/><\/div>\n<\/div>\n<div>\n<div>\u00a0<\/div>\n<div style=\"margin:8px 0px;margin-bottom:8px;margin-top:8px;margin-left:0px;margin-right:0px\"><img decoding=\"async\" style=\"width:100%\" width=\"100%\" src=\"https:\/\/d2qc09rl1gfuof.cloudfront.net\/product\/DD2200LBS21FT8V69\/electric-hoist-a100-1.22.jpg\" slate-data-type=\"image\"\/><\/div>\n<\/div>\n<div style=\"margin:16px 0px 24px;margin-bottom:24px;margin-top:16px;margin-left:0px;margin-right:0px\"><\/div>\n<div style=\"margin:24px 0px;margin-bottom:24px;margin-top:24px;margin-left:0px;margin-right:0px\">\n<div style=\"font-size:16px;font-weight:bold;color:rgb(34, 34, 34);margin:24px 0px 16px;margin-bottom:16px;margin-top:24px;margin-left:0px;margin-right:0px\">Funkcje i szczeg\u00f3\u0142y<\/div>\n<ul style=\"margin:16px 0px 24px;margin-bottom:24px;margin-top:16px;margin-left:0px;margin-right:0px\">\n<li style=\"font-size:14px;color:rgb(34, 34, 34)\">\n<p>Ud\u017awig 880\/1320\/1760\/2200 funt\u00f3w: Ten podno\u015bnik gara\u017cowy z \u0142atwo\u015bci\u0105 podnosi ma\u0142e silniki, skrzynie bieg\u00f3w, du\u017ce narz\u0119dzia warsztatowe lub materia\u0142y budowlane. Ud\u017awig: 440\/660\/880\/1100 funt\u00f3w (pojedyncza lina), 880\/1320\/1760\/2200 funt\u00f3w (podw\u00f3jna lina).<\/p>\n<\/li>\n<li style=\"font-size:14px;color:rgb(34, 34, 34)\">\n<p>Mocny silnik: Wysokiej jako\u015bci silnik miedziany zapewnia moc 850\/1150\/1600 W, co pozwala mu wytrzyma\u0107 du\u017ce si\u0142y bez odkszta\u0142cania si\u0119 wci\u0105garki elektrycznej. Dodatkowo, du\u017cy wentylator ch\u0142odz\u0105cy szybko ch\u0142odzi maszyn\u0119, zapobiegaj\u0105c przegrzaniu. Dzi\u0119ki temu ten mocny silnik zapewnia wydajn\u0105 prac\u0119 i oszcz\u0119dza czas oraz energi\u0119.<\/p>\n<\/li>\n<li style=\"font-size:14px;color:rgb(34, 34, 34)\">\n<p>Wygodny monta\u017c: Mo\u017cna go zawiesi\u0107 bezpo\u015brednio na suficie za pomoc\u0105 metalowych lub drewnianych listew. Ponadto jest wyposa\u017cony w wy\u0142\u0105cznik awaryjny i elektromagnetyczny system hamowania, aby zapobiec nadmiernemu przesuwaniu si\u0119.<\/p>\n<\/li>\n<li style=\"font-size:14px;color:rgb(34, 34, 34)\">\n<p>Bezprzewodowy pilot zdalnego sterowania: Nasz wci\u0105gnik elektryczny jest wyposa\u017cony w bezprzewodowy pilot zdalnego sterowania. Maksymalny zasi\u0119g sterowania wynosi 100 m (328 st\u00f3p). Zapewnia on doskona\u0142\u0105 funkcj\u0119 prze\u0142\u0105czania, umo\u017cliwiaj\u0105c\u0105 obs\u0142ug\u0119 wci\u0105gnika elektrycznego jedn\u0105 r\u0119k\u0105 w celu podnoszenia, opuszczania i ustawiania sprz\u0119tu.<\/p>\n<\/li>\n<li style=\"font-size:14px;color:rgb(34, 34, 34)\">\n<p>Wszechstronne zastosowanie: Jest szeroko stosowany w gara\u017cach, fabrykach, magazynach i rodzinach, a tak\u017ce przez profesjonalist\u00f3w i amator\u00f3w; nadaje si\u0119 do naprawy statk\u00f3w, samochod\u00f3w, kosiarek do trawy, w\u00f3zk\u00f3w golfowych, dekoracji domowych, silnik\u00f3w, g\u0142az\u00f3w, drzew itp.<\/p>\n<\/li>\n<\/ul>\n<\/div>\n<div>\n<div>\u00a0<\/div>\n<div>\n<div>\u00a0<\/div>\n<div style=\"margin:16px 0px 24px;margin-bottom:24px;margin-top:16px;margin-left:0px;margin-right:0px\"><img decoding=\"async\" style=\"width:100%\" width=\"100%\" src=\"https:\/\/d2qc09rl1gfuof.cloudfront.net\/product\/DD2200LBS21FT8V69\/electric-hoist-a100-1.11.jpg\" slate-data-type=\"image\"\/><\/div>\n<\/div>\n<\/div>\n<div>\n<div>\u00a0<\/div>\n<div>\n<div style=\"font-size:16px;font-weight:bold;color:rgb(34, 34, 34);margin:24px 0px 16px;margin-bottom:16px;margin-top:24px;margin-left:0px;margin-right:0px\">Bezprzewodowy 400 kg<\/div>\n<div style=\"margin:16px 0px 24px;margin-bottom:24px;margin-top:16px;margin-left:0px;margin-right:0px\"><img decoding=\"async\" style=\"width:100%\" width=\"100%\" src=\"https:\/\/d2qc09rl1gfuof.cloudfront.net\/product\/DDG880LBS52FTW0V1\/electric-hoist-a100-1.11.jpg\" slate-data-type=\"image\"\/><\/div>\n<\/div>\n<\/div>\n<div>\n<div>\u00a0<\/div>\n<div>\n<div style=\"font-size:16px;font-weight:bold;color:rgb(34, 34, 34);margin:24px 0px 16px;margin-bottom:16px;margin-top:24px;margin-left:0px;margin-right:0px\">Bezprzewodowy 600 kg<\/div>\n<div style=\"margin:16px 0px 24px;margin-bottom:24px;margin-top:16px;margin-left:0px;margin-right:0px\"><img decoding=\"async\" style=\"width:100%\" width=\"100%\" src=\"https:\/\/d2qc09rl1gfuof.cloudfront.net\/product\/DD1320LBS52FTNHNX\/electric-hoist-a100-1.11.jpg\" slate-data-type=\"image\"\/><\/div>\n<\/div>\n<\/div>\n<div>\n<div>\u00a0<\/div>\n<div>\n<div style=\"font-size:16px;font-weight:bold;color:rgb(34, 34, 34);margin:24px 0px 16px;margin-bottom:16px;margin-top:24px;margin-left:0px;margin-right:0px\">Przewodowy 1000 kg<\/div>\n<div style=\"margin:16px 0px 24px;margin-bottom:24px;margin-top:16px;margin-left:0px;margin-right:0px\"><img decoding=\"async\" style=\"width:100%\" width=\"100%\" src=\"https:\/\/d2qc09rl1gfuof.cloudfront.net\/product\/DDGSSHLYXYKKYOD1M\/electric-hoist-a100-1.11.jpg\" slate-data-type=\"image\"\/><\/div>\n<\/div>\n<\/div>\n<\/div>\n<\/div>\n<\/div>\n<p><\/p>","protected":false},"excerpt":{"rendered":"<p>Hign-concerned Chemical:&nbsp;None Origin:&nbsp;Mainland China Brand Name:&nbsp;VEVOR VEVOR Electric Hoist-Lift Your Cargo with No Effort VEVOR, your exclusive tool expert. This electric steel wire hoist adopts a pure copper motor, providing<\/p>","protected":false},"featured_media":25076,"comment_status":"open","ping_status":"closed","template":"","meta":{"_acf_changed":false},"product_brand":[],"product_cat":[517],"product_tag":[],"class_list":{"0":"post-25075","1":"product","2":"type-product","3":"status-publish","4":"has-post-thumbnail","6":"product_cat-electric-lifting-hoists","8":"first","9":"instock","10":"shipping-taxable","11":"purchasable","12":"product-type-variable"},"acf":[],"_links":{"self":[{"href":"https:\/\/electricstore.eu\/pl\/wp-json\/wp\/v2\/product\/25075","targetHints":{"allow":["GET"]}}],"collection":[{"href":"https:\/\/electricstore.eu\/pl\/wp-json\/wp\/v2\/product"}],"about":[{"href":"https:\/\/electricstore.eu\/pl\/wp-json\/wp\/v2\/types\/product"}],"replies":[{"embeddable":true,"href":"https:\/\/electricstore.eu\/pl\/wp-json\/wp\/v2\/comments?post=25075"}],"wp:featuredmedia":[{"embeddable":true,"href":"https:\/\/electricstore.eu\/pl\/wp-json\/wp\/v2\/media\/25076"}],"wp:attachment":[{"href":"https:\/\/electricstore.eu\/pl\/wp-json\/wp\/v2\/media?parent=25075"}],"wp:term":[{"taxonomy":"product_brand","embeddable":true,"href":"https:\/\/electricstore.eu\/pl\/wp-json\/wp\/v2\/product_brand?post=25075"},{"taxonomy":"product_cat","embeddable":true,"href":"https:\/\/electricstore.eu\/pl\/wp-json\/wp\/v2\/product_cat?post=25075"},{"taxonomy":"product_tag","embeddable":true,"href":"https:\/\/electricstore.eu\/pl\/wp-json\/wp\/v2\/product_tag?post=25075"}],"curies":[{"name":"wp","href":"https:\/\/api.w.org\/{rel}","templated":true}]}}