{"id":24992,"date":"2025-05-20T18:43:48","date_gmt":"2025-05-20T18:43:48","guid":{"rendered":"https:\/\/electricstore.eu\/p\/uncategorized\/vevor-2640lbs-electric-hoist-winch-230v-with-14ft-wired-remote-control-40ft-single-cable-lifting-height-lift-hoist-for-garage\/"},"modified":"2025-05-20T18:47:24","modified_gmt":"2025-05-20T18:47:24","slug":"vevor-2640lbs-electric-hoist-winch-230v-with-14ft-wired-remote-control-40ft-single-cable-lifting-height-lift-hoist-for-garage","status":"publish","type":"product","link":"https:\/\/electricstore.eu\/pl\/p\/o\/electric-lifting-hoists\/vevor-2640lbs-electric-hoist-winch-230v-with-14ft-wired-remote-control-40ft-single-cable-lifting-height-lift-hoist-for-garage\/","title":{"rendered":"Wci\u0105garka elektryczna VEVOR 2640Lbs 230V z 14-stopowym przewodowym pilotem zdalnego sterowania, 40-stopowa, pojedyncza linka, wysoko\u015b\u0107 podnoszenia, podno\u015bnik do gara\u017cu"},"content":{"rendered":"<div class=\"product-specs-list-container\">\n<ul class=\"product-specs-list util-clearfix\">\n<li class=\"product-prop line-limit-length\"><span\n                                        class=\"property-title\">Substancja chemiczna budz\u0105ca du\u017ce obawy:&nbsp;<\/span><span\n                                        class=\"property-desc line-limit-length\">Nic<\/span>\n                            <\/li>\n<li class=\"product-prop line-limit-length\"><span\n                                        class=\"property-title\">Numer modelu:&nbsp;<\/span><span\n                                        class=\"property-desc line-limit-length\">PA1200<\/span>\n                            <\/li>\n<li class=\"product-prop line-limit-length\"><span\n                                        class=\"property-title\">Pochodzenie:&nbsp;<\/span><span\n                                        class=\"property-desc line-limit-length\">Chiny kontynentalne<\/span>\n                            <\/li>\n<li class=\"product-prop line-limit-length\"><span\n                                        class=\"property-title\">Nazwa marki:&nbsp;<\/span><span\n                                        class=\"property-desc line-limit-length\">WI\u0118ZI\u0106<\/span>\n                            <\/li>\n<\/ul><\/div>\n<div class=\"detailmodule_html\">\n<div class=\"detail-desc-decorate-richtext\">\n<div style=\"font-family:&quot;Open sans&quot;, Arial, Helvetica, sans-serif\">\n<div><img decoding=\"async\" style=\"width:100%\" width=\"100%\" src=\"https:\/\/d2qc09rl1gfuof.cloudfront.net\/vevor\/boutique-banner\/pc\/banner-en.jpg\" slate-data-type=\"image\"\/><\/div>\n<div>\n<div style=\"font-size:16px;font-weight:bold;text-align:center;color:rgb(34, 34, 34);margin:24px 0px;margin-bottom:24px;margin-top:24px;margin-left:0px;margin-right:0px\" align=\"center\">Wci\u0105gnik elektryczny VEVOR \u2013 podnie\u015b sw\u00f3j \u0142adunek bez wysi\u0142ku<\/div>\n<div><img decoding=\"async\" style=\"width:100%\" width=\"100%\" src=\"https:\/\/d2qc09rl1gfuof.cloudfront.net\/product\/DDGSSHLYXYKKENXQQ\/electric-hoist-a100-1.4.jpg\" slate-data-type=\"image\"\/><\/div>\n<div style=\"font-size:14px;text-align:center;color:rgb(34, 34, 34);margin:16px 0px 24px;margin-bottom:24px;margin-top:16px;margin-left:0px;margin-right:0px\" align=\"center\">VEVOR, Tw\u00f3j ekskluzywny ekspert od narz\u0119dzi. Ten elektryczny wci\u0105gnik ma silnik z czystej miedzi, zapewniaj\u0105c du\u017c\u0105 \u0142adowno\u015b\u0107 do podnoszenia ci\u0119\u017ckich przedmiot\u00f3w. Wyd\u0142u\u017cony 14-stopowy kabel pozwala na sterowanie wci\u0105gnikiem w bezpiecznym miejscu.<\/div>\n<\/div>\n<div>\n<div style=\"margin:8px 0px;margin-bottom:8px;margin-top:8px;margin-left:0px;margin-right:0px\"><img decoding=\"async\" style=\"width:100%\" width=\"100%\" src=\"https:\/\/d2qc09rl1gfuof.cloudfront.net\/product\/DDGSSHLYXYKKENXQQ\/electric-hoist-a100-2.2.jpg\" slate-data-type=\"image\"\/><\/div>\n<div style=\"font-size:14px;text-align:center;color:rgb(34, 34, 34);margin:16px 0px 24px;margin-bottom:24px;margin-top:16px;margin-left:0px;margin-right:0px\" align=\"center\">Potrzebujesz pr\u0119dko\u015bci lub si\u0142y? Prze\u0142\u0105czaj si\u0119 mi\u0119dzy trybem pojedynczego kabla, aby szybciej podnosi\u0107 l\u017cejsze \u0142adunki, a trybem podw\u00f3jnego kabla, aby wykonywa\u0107 ci\u0119\u017csze prace. Nasza elektryczna wci\u0105garka jest zbudowana tak, aby poradzi\u0107 sobie z tym, co na ni\u0105 rzucisz.<\/div>\n<\/div>\n<div>\n<div style=\"margin:8px 0px;margin-bottom:8px;margin-top:8px;margin-left:0px;margin-right:0px\"><img decoding=\"async\" style=\"width:100%\" width=\"100%\" src=\"https:\/\/d2qc09rl1gfuof.cloudfront.net\/product\/DDGSSHLYXYKKENXQQ\/electric-hoist-a100-2.3.jpg\" slate-data-type=\"image\"\/><\/div>\n<div style=\"font-size:14px;text-align:center;color:rgb(34, 34, 34);margin:16px 0px 24px;margin-bottom:24px;margin-top:16px;margin-left:0px;margin-right:0px\" align=\"center\">Niezale\u017cnie od tego, czy jeste\u015b blisko, czy daleko, ten podno\u015bnik sufitowy ma Ci\u0119 pod kontrol\u0105 dzi\u0119ki przewodowemu pilotowi. Dzi\u0119ki zasi\u0119gowi do 14 st\u00f3p i wy\u0142\u0105cznikowi awaryjnemu masz spok\u00f3j ducha i elastyczno\u015b\u0107, aby wykona\u0107 zadanie w\u0142a\u015bciwie.<\/div>\n<\/div>\n<div>\n<div style=\"margin:8px 0px;margin-bottom:8px;margin-top:8px;margin-left:0px;margin-right:0px\"><img decoding=\"async\" style=\"width:100%\" width=\"100%\" src=\"https:\/\/d2qc09rl1gfuof.cloudfront.net\/product\/DDGSSHLYXYKKENXQQ\/electric-hoist-a100-2.4.jpg\" slate-data-type=\"image\"\/><\/div>\n<div style=\"font-size:14px;text-align:center;color:rgb(34, 34, 34);margin:16px 0px 24px;margin-bottom:24px;margin-top:16px;margin-left:0px;margin-right:0px\" align=\"center\">Wyposa\u017cony w niezawodny, ch\u0142odzony powietrzem silnik miedziany, ten podno\u015bnik gara\u017cowy sprawia, \u017ce podnoszenie jest \u0142atwe i sp\u00f3jne. Jego uk\u0142ad ch\u0142odzenia i wentylator pomagaj\u0105 zapobiega\u0107 przegrzaniu, dzi\u0119ki czemu mo\u017cesz pracowa\u0107 d\u0142u\u017cej bez \u017cadnych problem\u00f3w.<\/div>\n<\/div>\n<div>\n<div style=\"margin:8px 0px;margin-bottom:8px;margin-top:8px;margin-left:0px;margin-right:0px\"><img decoding=\"async\" style=\"width:100%\" width=\"100%\" src=\"https:\/\/d2qc09rl1gfuof.cloudfront.net\/product\/DDGSSHLYXYKKENXQQ\/electric-hoist-a100-2.5.jpg\" slate-data-type=\"image\"\/><\/div>\n<div style=\"font-size:14px;text-align:center;color:rgb(34, 34, 34);margin:16px 0px 24px;margin-bottom:24px;margin-top:16px;margin-left:0px;margin-right:0px\" align=\"center\">Niezale\u017cnie od tego, czy pracujesz w gara\u017cu, magazynie czy warsztacie, ta elektryczna wci\u0105garka linowa przystosowuje si\u0119 do wielu zada\u0144, dzi\u0119ki czemu jest idealnym narz\u0119dziem do ka\u017cdego projektu.<\/div>\n<\/div>\n<div style=\"margin:16px 0px 24px;margin-bottom:24px;margin-top:16px;margin-left:0px;margin-right:0px\"><\/div>\n<div style=\"margin:24px 0px;margin-bottom:24px;margin-top:24px;margin-left:0px;margin-right:0px\">\n<div style=\"font-size:16px;font-weight:bold;color:rgb(34, 34, 34);margin:24px 0px 16px;margin-bottom:16px;margin-top:24px;margin-left:0px;margin-right:0px\">Funkcje i szczeg\u00f3\u0142y<\/div>\n<ul style=\"margin:16px 0px 24px;margin-bottom:24px;margin-top:16px;margin-left:0px;margin-right:0px\">\n<li style=\"font-size:14px;color:rgb(34, 34, 34)\">\n<p>No\u015bno\u015b\u0107 2640 funt\u00f3w: Ten elektryczny podno\u015bnik mo\u017ce \u0142atwo podnosi\u0107 ma\u0142e silniki, skrzynie bieg\u00f3w, du\u017ce narz\u0119dzia warsztatowe lub materia\u0142y budowlane. No\u015bno\u015b\u0107: 1320 funt\u00f3w\/600 kg (pojedyncza lina), 2640 funt\u00f3w\/1200 kg (podw\u00f3jna lina).<\/p>\n<\/li>\n<li style=\"font-size:14px;color:rgb(34, 34, 34)\">\n<p>Mocny silnik: Wysokiej jako\u015bci silnik miedziany zapewnia moc, kt\u00f3ra mo\u017ce wytrzyma\u0107 du\u017ce si\u0142y bez powodowania deformacji wyci\u0105garki elektrycznej. Ponadto du\u017cy wentylator ch\u0142odz\u0105cy mo\u017ce szybko sch\u0142odzi\u0107 maszyn\u0119, aby unikn\u0105\u0107 przegrzania. Dlatego ten mocny silnik zapewnia wydajn\u0105 prac\u0119 i oszcz\u0119dza wi\u0119cej czasu i energii.<\/p>\n<\/li>\n<li style=\"font-size:14px;color:rgb(34, 34, 34)\">\n<p>Wygodny monta\u017c: Nasz podno\u015bnik gara\u017cowy mo\u017cna zawiesi\u0107 bezpo\u015brednio na suficie za pomoc\u0105 metalowych lub solidnych drewnianych pas\u00f3w. Ponadto jest wyposa\u017cony w wy\u0142\u0105cznik awaryjny i elektromagnetyczny system hamowania, aby unikn\u0105\u0107 nienormalnego po\u015blizgu.<\/p>\n<\/li>\n<li style=\"font-size:14px;color:rgb(34, 34, 34)\">\n<p>Zdalne sterowanie: Przewodowe zdalne sterowanie odbywa si\u0119 za pomoc\u0105 prze\u0142\u0105cznika kontrolera na kablu zainstalowanym na podno\u015bniku sufitowym. D\u0142ugo\u015b\u0107 przed\u0142u\u017conego kabla wynosi oko\u0142o 14 st\u00f3p, co pozwala na obs\u0142ug\u0119 w bezpiecznej odleg\u0142o\u015bci.<\/p>\n<\/li>\n<li style=\"font-size:14px;color:rgb(34, 34, 34)\">\n<p>Wiele zastosowa\u0144: Ten elektryczny podno\u015bnik kablowy jest szeroko stosowany w gara\u017cach, fabrykach, magazynach i rodzinach, a tak\u017ce przez profesjonalist\u00f3w i amator\u00f3w. Nadaje si\u0119 do naprawy statk\u00f3w, samochod\u00f3w, kosiarek do trawy, w\u00f3zk\u00f3w golfowych, dekoracji domowych, silnik\u00f3w, g\u0142az\u00f3w, drzew itp.<\/p>\n<\/li>\n<\/ul>\n<\/div>\n<div>\n<div>\n<div style=\"margin:16px 0px 24px;margin-bottom:24px;margin-top:16px;margin-left:0px;margin-right:0px\"><img decoding=\"async\" style=\"width:100%\" width=\"100%\" src=\"https:\/\/d2qc09rl1gfuof.cloudfront.net\/product\/DDGSSHLYXYKKENXQQ\/electric-hoist-a100-1.11.jpg\" slate-data-type=\"image\"\/><\/div>\n<\/div>\n<\/div>\n<\/div>\n<div><\/div>\n<\/div>\n<\/div>\n<p><\/p>","protected":false},"excerpt":{"rendered":"<p>Hign-concerned Chemical:&nbsp;None Model Number:&nbsp;PA1200 Origin:&nbsp;Mainland China Brand Name:&nbsp;VEVOR VEVOR Electric Hoist \u2013 Lift Your Cargo with No Effort VEVOR, your exclusive tool expert. This electric hoist features a pure copper<\/p>","protected":false},"featured_media":24993,"comment_status":"open","ping_status":"closed","template":"","meta":{"_acf_changed":false},"product_brand":[],"product_cat":[517],"product_tag":[],"class_list":{"0":"post-24992","1":"product","2":"type-product","3":"status-publish","4":"has-post-thumbnail","6":"product_cat-electric-lifting-hoists","8":"first","9":"instock","10":"shipping-taxable","11":"purchasable","12":"product-type-variable"},"acf":[],"_links":{"self":[{"href":"https:\/\/electricstore.eu\/pl\/wp-json\/wp\/v2\/product\/24992","targetHints":{"allow":["GET"]}}],"collection":[{"href":"https:\/\/electricstore.eu\/pl\/wp-json\/wp\/v2\/product"}],"about":[{"href":"https:\/\/electricstore.eu\/pl\/wp-json\/wp\/v2\/types\/product"}],"replies":[{"embeddable":true,"href":"https:\/\/electricstore.eu\/pl\/wp-json\/wp\/v2\/comments?post=24992"}],"wp:featuredmedia":[{"embeddable":true,"href":"https:\/\/electricstore.eu\/pl\/wp-json\/wp\/v2\/media\/24993"}],"wp:attachment":[{"href":"https:\/\/electricstore.eu\/pl\/wp-json\/wp\/v2\/media?parent=24992"}],"wp:term":[{"taxonomy":"product_brand","embeddable":true,"href":"https:\/\/electricstore.eu\/pl\/wp-json\/wp\/v2\/product_brand?post=24992"},{"taxonomy":"product_cat","embeddable":true,"href":"https:\/\/electricstore.eu\/pl\/wp-json\/wp\/v2\/product_cat?post=24992"},{"taxonomy":"product_tag","embeddable":true,"href":"https:\/\/electricstore.eu\/pl\/wp-json\/wp\/v2\/product_tag?post=24992"}],"curies":[{"name":"wp","href":"https:\/\/api.w.org\/{rel}","templated":true}]}}