{"id":24985,"date":"2025-05-20T18:43:43","date_gmt":"2025-05-20T18:43:43","guid":{"rendered":"https:\/\/electricstore.eu\/p\/uncategorized\/vevor-8000-lbs-electric-winch-atv-nylon-rope-winch-with-wireless-handheld-remote-for-towing-car-trailer-clearance-sale\/"},"modified":"2025-05-20T18:47:03","modified_gmt":"2025-05-20T18:47:03","slug":"vevor-8000-lbs-electric-winch-atv-nylon-rope-winch-with-wireless-handheld-remote-for-towing-car-trailer-clearance-sale","status":"publish","type":"product","link":"https:\/\/electricstore.eu\/pl\/p\/o\/electric-winches\/vevor-8000-lbs-electric-winch-atv-nylon-rope-winch-with-wireless-handheld-remote-for-towing-car-trailer-clearance-sale\/","title":{"rendered":"Wyci\u0105garka elektryczna VEVOR 8000 lbs do quad\u00f3w, nylonowa, z bezprzewodowym pilotem r\u0119cznym do holowania przyczepy samochodowej, wyprzeda\u017c"},"content":{"rendered":"<div class=\"product-specs-list-container\">\n<ul class=\"product-specs-list util-clearfix\">\n<li class=\"product-prop line-limit-length\"><span\n                                        class=\"property-title\">Substancja chemiczna budz\u0105ca du\u017ce obawy:&nbsp;<\/span><span\n                                        class=\"property-desc line-limit-length\">Nic<\/span>\n                            <\/li>\n<li class=\"product-prop line-limit-length\"><span\n                                        class=\"property-title\">Numer modelu:&nbsp;<\/span><span\n                                        class=\"property-desc line-limit-length\">S8000<\/span>\n                            <\/li>\n<li class=\"product-prop line-limit-length\"><span\n                                        class=\"property-title\">Pochodzenie:&nbsp;<\/span><span\n                                        class=\"property-desc line-limit-length\">Chiny kontynentalne<\/span>\n                            <\/li>\n<li class=\"product-prop line-limit-length\"><span\n                                        class=\"property-title\">Nazwa marki:&nbsp;<\/span><span\n                                        class=\"property-desc line-limit-length\">WI\u0118ZI\u0106<\/span>\n                            <\/li>\n<\/ul><\/div>\n<div class=\"detailmodule_html\">\n<div class=\"detail-desc-decorate-richtext\">\n<div style=\"font-family:&quot;Open sans&quot;, Arial, Helvetica, sans-serif\">\n<div><img decoding=\"async\" style=\"width:100%\" width=\"100%\" src=\"https:\/\/d2qc09rl1gfuof.cloudfront.net\/vevor\/boutique-banner\/pc\/banner-en.jpg\" slate-data-type=\"image\"\/><\/div>\n<div>\n<div style=\"font-size:16px;font-weight:bold;text-align:center;color:rgb(34, 34, 34);margin:24px 0px;margin-bottom:24px;margin-top:24px;margin-left:0px;margin-right:0px\" align=\"center\">Nie daj si\u0119 z\u0142apa\u0107 w pu\u0142apk\u0119, zaopatrz si\u0119 w elektryczn\u0105 wyci\u0105gark\u0119 VEVOR!<\/div>\n<div><img decoding=\"async\" style=\"width:100%\" width=\"100%\" src=\"https:\/\/d2qc09rl1gfuof.cloudfront.net\/product\/DDHCSJPHCSYCY7YP5\/electric-winch-a100-1.4.jpg\" slate-data-type=\"image\"\/><\/div>\n<div style=\"font-size:14px;text-align:center;color:rgb(34, 34, 34);margin:16px 0px 24px;margin-bottom:24px;margin-top:16px;margin-left:0px;margin-right:0px\" align=\"center\">Nasza wyci\u0105garka elektryczna jest wyposa\u017cona w miedziany silnik o du\u017cej mocy, zapewniaj\u0105cy niezawodn\u0105 prac\u0119. Dzi\u0119ki bezprzewodowemu pilotowi 2 w 1 mo\u017cesz \u0142atwo obs\u0142ugiwa\u0107 wyci\u0105gark\u0119 z odleg\u0142o\u015bci. Wyci\u0105garka jest ca\u0142kowicie wodoodporna, co pozwala na bezproblemowe u\u017cytkowanie na zewn\u0105trz, a wysokiej jako\u015bci kabel gwarantuje, \u017ce nie ulegnie \u0142atwemu uszkodzeniu.<\/div>\n<\/div>\n<div>\n<div style=\"margin:8px 0px;margin-bottom:8px;margin-top:8px;margin-left:0px;margin-right:0px\"><img decoding=\"async\" style=\"width:100%\" width=\"100%\" src=\"https:\/\/d2qc09rl1gfuof.cloudfront.net\/product\/DDHCSJPHCSYCY7YP5\/electric-winch-a100-2.2.jpg\" slate-data-type=\"image\"\/><\/div>\n<div style=\"font-size:14px;text-align:center;color:rgb(34, 34, 34);margin:16px 0px 24px;margin-bottom:24px;margin-top:16px;margin-left:0px;margin-right:0px\" align=\"center\">Wyposa\u017cona jest w wysokowydajny silnik z czystej miedzi o napi\u0119ciu 12 V i superwysokiej mocy, kt\u00f3ry na co dzie\u0144 towarzyszy ratownictwu terenowemu. Precyzyjna, 3-stopniowa przek\u0142adnia planetarna zapewnia stabiln\u0105 prac\u0119 wyci\u0105garki przez d\u0142ugi czas i jest wyposa\u017cona w sprz\u0119g\u0142o z wolnym naci\u0105giem.<\/div>\n<\/div>\n<div>\n<div style=\"margin:8px 0px;margin-bottom:8px;margin-top:8px;margin-left:0px;margin-right:0px\"><img decoding=\"async\" style=\"width:100%\" width=\"100%\" src=\"https:\/\/d2qc09rl1gfuof.cloudfront.net\/product\/DDHCSJPHCSYCY7YP5\/electric-winch-a100-2.3.jpg\" slate-data-type=\"image\"\/><\/div>\n<div style=\"font-size:14px;text-align:center;color:rgb(34, 34, 34);margin:16px 0px 24px;margin-bottom:24px;margin-top:16px;margin-left:0px;margin-right:0px\" align=\"center\">Ta elektryczna wyci\u0105garka jest wodoodporna i z \u0142atwo\u015bci\u0105 radzi sobie w trudnych warunkach zewn\u0119trznych. Niestraszne jej b\u0142oto, ulewa i \u015bnieg.<\/div>\n<\/div>\n<div>\n<div style=\"margin:8px 0px;margin-bottom:8px;margin-top:8px;margin-left:0px;margin-right:0px\"><img decoding=\"async\" style=\"width:100%\" width=\"100%\" src=\"https:\/\/d2qc09rl1gfuof.cloudfront.net\/product\/DDHCSJPHCSYCY7YP5\/electric-winch-a100-2.4.jpg\" slate-data-type=\"image\"\/><\/div>\n<div style=\"font-size:14px;text-align:center;color:rgb(34, 34, 34);margin:16px 0px 24px;margin-bottom:24px;margin-top:16px;margin-left:0px;margin-right:0px\" align=\"center\">Lina nylonowa: wykonana z materia\u0142u UHMWPE, 12 splot\u00f3w, lekka, nie tonie w wodzie i nie uszkadza d\u0142oni. Na ostatnich 5 okr\u0105\u017ceniach znajduj\u0105 si\u0119 czerwone oznaczenia, kt\u00f3re mo\u017cna \u0142atwo rozpozna\u0107 z du\u017cej odleg\u0142o\u015bci.<\/div>\n<\/div>\n<div>\n<div style=\"margin:8px 0px;margin-bottom:8px;margin-top:8px;margin-left:0px;margin-right:0px\"><img decoding=\"async\" style=\"width:100%\" width=\"100%\" src=\"https:\/\/d2qc09rl1gfuof.cloudfront.net\/product\/DDHCSJPHCSYCY7YP5\/electric-winch-a100-2.5.jpg\" slate-data-type=\"image\"\/><\/div>\n<div style=\"font-size:14px;text-align:center;color:rgb(34, 34, 34);margin:16px 0px 24px;margin-bottom:24px;margin-top:16px;margin-left:0px;margin-right:0px\" align=\"center\">Nadaje si\u0119 do quad\u00f3w, \u015brednich i du\u017cych SUV-\u00f3w, ci\u0119\u017car\u00f3wek, a nawet jacht\u00f3w. Du\u017ca si\u0142a uci\u0105gu zapewni bezpiecze\u0144stwo podczas ka\u017cdej podr\u00f3\u017cy.<\/div>\n<\/div>\n<div style=\"margin:16px 0px 24px;margin-bottom:24px;margin-top:16px;margin-left:0px;margin-right:0px\"><\/div>\n<div style=\"margin:24px 0px;margin-bottom:24px;margin-top:24px;margin-left:0px;margin-right:0px\">\n<div style=\"font-size:16px;font-weight:bold;color:rgb(34, 34, 34);margin:24px 0px 16px;margin-bottom:16px;margin-top:24px;margin-left:0px;margin-right:0px\">Funkcje i szczeg\u00f3\u0142y<\/div>\n<ul style=\"margin:16px 0px 24px;margin-bottom:24px;margin-top:16px;margin-left:0px;margin-right:0px\">\n<li style=\"font-size:14px;color:rgb(34, 34, 34)\">\n<p>Silnik z czystej miedzi: Nasza wyci\u0105garka elektryczna wyposa\u017cona jest w wysokowydajny silnik z czystej miedzi o napi\u0119ciu 12 V i superwysokiej mocy, kt\u00f3ry towarzyszy ratownictwu terenowemu ka\u017cdego dnia. Dodatkowo, precyzyjna, 3-stopniowa przek\u0142adnia planetarna zapewnia stabiln\u0105 prac\u0119 wyci\u0105garki przez d\u0142ugi czas.<\/p>\n<\/li>\n<li style=\"font-size:14px;color:rgb(34, 34, 34)\">\n<p>Wodoodporno\u015b\u0107 IP67: Ta wyci\u0105garka jest wodoodporna zgodnie ze standardem IP67, co pozwala jej bez problemu radzi\u0107 sobie w trudnych warunkach zewn\u0119trznych. Dzi\u0119ki tej funkcji niestraszne jej b\u0142oto, ulewa i \u015bnieg.<\/p>\n<\/li>\n<li style=\"font-size:14px;color:rgb(34, 34, 34)\">\n<p>Zastosowanie w r\u00f3\u017cnych typach pojazd\u00f3w: Nadaje si\u0119 do quad\u00f3w, \u015brednich i du\u017cych SUV-\u00f3w, ci\u0119\u017car\u00f3wek, a nawet jacht\u00f3w. Du\u017ca si\u0142a uci\u0105gu zapewni bezpiecze\u0144stwo podczas ka\u017cdej podr\u00f3\u017cy.<\/p>\n<\/li>\n<li style=\"font-size:14px;color:rgb(34, 34, 34)\">\n<p>Kabel Premium: Elektryczna wci\u0105garka VEVOR jest wyposa\u017cona w 12-\u017cy\u0142owy kabel nylonowy o wysokiej wytrzyma\u0142o\u015bci, kt\u00f3ry poradzi sobie z wszelkiego rodzaju pracami na l\u0105dzie i pod wod\u0105, przy zachowaniu jego nominalnej si\u0142y. Ostatnie 5 rolek kabla oznaczono na czerwono ze wzgl\u0119d\u00f3w bezpiecze\u0144stwa.<\/p>\n<\/li>\n<li style=\"font-size:14px;color:rgb(34, 34, 34)\">\n<p>Bezprzewodowe sterowanie: Wyci\u0105garka jest sterowana za pomoc\u0105 bezprzewodowego pilota r\u0119cznego o zasi\u0119gu 66 st\u00f3p (ok. 20 m). Dzi\u0119ki niemu operator pozostaje w bezpiecznej pozycji podczas pracy, a konfiguracja urz\u0105dzenia jest prosta podczas gry w pojedynk\u0119.<\/p>\n<\/li>\n<\/ul>\n<\/div>\n<div>\n<div>\n<div style=\"margin:16px 0px 24px;margin-bottom:24px;margin-top:16px;margin-left:0px;margin-right:0px\"><img decoding=\"async\" style=\"width:100%\" width=\"100%\" src=\"https:\/\/d2qc09rl1gfuof.cloudfront.net\/product\/DDHCSJPHCSYCY7YP5\/electric-winch-a100-1.11.jpg\" slate-data-type=\"image\"\/><\/div>\n<\/div>\n<\/div>\n<\/div>\n<div><\/div>\n<\/div>\n<\/div>\n<p><\/p>","protected":false},"excerpt":{"rendered":"<p>Hign-concerned Chemical:&nbsp;None Model Number:&nbsp;S8000 Origin:&nbsp;Mainland China Brand Name:&nbsp;VEVOR Don&#x27;t get stuck, get a VEVOR electric winch! Our electric winch features a high-power copper motor for reliable performance. With the 2-in-1<\/p>","protected":false},"featured_media":24986,"comment_status":"open","ping_status":"closed","template":"","meta":{"_acf_changed":false},"product_brand":[],"product_cat":[522],"product_tag":[],"class_list":{"0":"post-24985","1":"product","2":"type-product","3":"status-publish","4":"has-post-thumbnail","6":"product_cat-electric-winches","8":"first","9":"instock","10":"shipping-taxable","11":"purchasable","12":"product-type-variable"},"acf":[],"_links":{"self":[{"href":"https:\/\/electricstore.eu\/pl\/wp-json\/wp\/v2\/product\/24985","targetHints":{"allow":["GET"]}}],"collection":[{"href":"https:\/\/electricstore.eu\/pl\/wp-json\/wp\/v2\/product"}],"about":[{"href":"https:\/\/electricstore.eu\/pl\/wp-json\/wp\/v2\/types\/product"}],"replies":[{"embeddable":true,"href":"https:\/\/electricstore.eu\/pl\/wp-json\/wp\/v2\/comments?post=24985"}],"wp:featuredmedia":[{"embeddable":true,"href":"https:\/\/electricstore.eu\/pl\/wp-json\/wp\/v2\/media\/24986"}],"wp:attachment":[{"href":"https:\/\/electricstore.eu\/pl\/wp-json\/wp\/v2\/media?parent=24985"}],"wp:term":[{"taxonomy":"product_brand","embeddable":true,"href":"https:\/\/electricstore.eu\/pl\/wp-json\/wp\/v2\/product_brand?post=24985"},{"taxonomy":"product_cat","embeddable":true,"href":"https:\/\/electricstore.eu\/pl\/wp-json\/wp\/v2\/product_cat?post=24985"},{"taxonomy":"product_tag","embeddable":true,"href":"https:\/\/electricstore.eu\/pl\/wp-json\/wp\/v2\/product_tag?post=24985"}],"curies":[{"name":"wp","href":"https:\/\/api.w.org\/{rel}","templated":true}]}}