{"id":24974,"date":"2025-05-20T18:43:39","date_gmt":"2025-05-20T18:43:39","guid":{"rendered":"https:\/\/electricstore.eu\/p\/uncategorized\/vevor-2200-lbs-electric-chain-hoist-single-phase-overhead-lifting-crane-with-chain-10-ft-wired-remote-control-for-garage\/"},"modified":"2025-05-20T18:46:42","modified_gmt":"2025-05-20T18:46:42","slug":"vevor-2200-lbs-electric-chain-hoist-single-phase-overhead-lifting-crane-with-chain-10-ft-wired-remote-control-for-garage","status":"publish","type":"product","link":"https:\/\/electricstore.eu\/pl\/p\/o\/electric-lifting-hoists\/vevor-2200-lbs-electric-chain-hoist-single-phase-overhead-lifting-crane-with-chain-10-ft-wired-remote-control-for-garage\/","title":{"rendered":"VEVOR 2200 lbs Elektryczny wci\u0105gnik \u0142a\u0144cuchowy Jednofazowy suwnica podwieszana z \u0142a\u0144cuchem 10 st\u00f3p Przewodowy pilot zdalnego sterowania do gara\u017cu"},"content":{"rendered":"<div class=\"product-specs-list-container\">\n<ul class=\"product-specs-list util-clearfix\">\n<li class=\"product-prop line-limit-length\"><span\n                                        class=\"property-title\">Substancja chemiczna budz\u0105ca du\u017ce obawy:&nbsp;<\/span><span\n                                        class=\"property-desc line-limit-length\">Nic<\/span>\n                            <\/li>\n<li class=\"product-prop line-limit-length\"><span\n                                        class=\"property-title\">Numer modelu:&nbsp;<\/span><span\n                                        class=\"property-desc line-limit-length\">H10<\/span>\n                            <\/li>\n<li class=\"product-prop line-limit-length\"><span\n                                        class=\"property-title\">Pochodzenie:&nbsp;<\/span><span\n                                        class=\"property-desc line-limit-length\">Chiny kontynentalne<\/span>\n                            <\/li>\n<li class=\"product-prop line-limit-length\"><span\n                                        class=\"property-title\">Nazwa marki:&nbsp;<\/span><span\n                                        class=\"property-desc line-limit-length\">WI\u0118ZI\u0106<\/span>\n                            <\/li>\n<\/ul><\/div>\n<div class=\"detailmodule_html\">\n<div class=\"detail-desc-decorate-richtext\">\n<div style=\"font-family:&quot;Open sans&quot;, Arial, Helvetica, sans-serif\">\n<div><img decoding=\"async\" style=\"width:100%\" width=\"100%\" src=\"https:\/\/d2qc09rl1gfuof.cloudfront.net\/vevor\/boutique-banner\/pc\/banner-en.jpg\" slate-data-type=\"image\"\/><\/div>\n<div>\n<div style=\"font-size:16px;font-weight:bold;text-align:center;color:rgb(34, 34, 34);margin:24px 0px;margin-bottom:24px;margin-top:24px;margin-left:0px;margin-right:0px\" align=\"center\">Elektryczny wci\u0105gnik \u0142a\u0144cuchowy VEVOR \u2013 zmie\u0144 swoje spojrzenie na podnoszenie<\/div>\n<div><img decoding=\"async\" style=\"width:100%\" width=\"100%\" src=\"https:\/\/d2qc09rl1gfuof.cloudfront.net\/product\/DDSHLHLDXD11P0U2T\/chain-hoist-a100-1.4-pt.jpg\" slate-data-type=\"image\"\/><\/div>\n<div style=\"font-size:14px;text-align:center;color:rgb(34, 34, 34);margin:16px 0px 24px;margin-bottom:24px;margin-top:16px;margin-left:0px;margin-right:0px\" align=\"center\">Poradzisz sobie z ka\u017cdym ci\u0119\u017carem dzi\u0119ki sile 1000 kg! Nasz elektryczny wci\u0105gnik \u0142a\u0144cuchowy to Tw\u00f3j pewny wyb\u00f3r do zada\u0144 w gara\u017cu i warsztacie. Stopie\u0144 ochrony IP54 pozwala na prac\u0119 w ka\u017cdych warunkach pogodowych i \u015brodowiskowych, zapewniaj\u0105c niezawodn\u0105 wydajno\u015b\u0107.<\/div>\n<\/div>\n<div>\n<div style=\"margin:8px 0px;margin-bottom:8px;margin-top:8px;margin-left:0px;margin-right:0px\"><img decoding=\"async\" style=\"width:100%\" width=\"100%\" src=\"https:\/\/d2qc09rl1gfuof.cloudfront.net\/product\/DDSHLHLDXD11P0U2T\/chain-hoist-a100-2.2-pt.jpg\" slate-data-type=\"image\"\/><\/div>\n<div style=\"font-size:14px;text-align:center;color:rgb(34, 34, 34);margin:16px 0px 24px;margin-bottom:24px;margin-top:16px;margin-left:0px;margin-right:0px\" align=\"center\">Poznaj \u0142a\u0144cuch wci\u0105gnika elektrycznego z w\u0119glikami spiekanymi klasy DT, kt\u00f3ry jest wytrzyma\u0142y jak ska\u0142a. Dzi\u0119ki maksymalnemu wyd\u0142u\u017ceniu ponad 5%, jest trwa\u0142y i Ci\u0119 nie zawiedzie. Bez p\u0119kni\u0119\u0107, bez wygi\u0119\u0107, po prostu czysta si\u0142a podnoszenia!<\/div>\n<\/div>\n<div>\n<div style=\"margin:8px 0px;margin-bottom:8px;margin-top:8px;margin-left:0px;margin-right:0px\"><img decoding=\"async\" style=\"width:100%\" width=\"100%\" src=\"https:\/\/d2qc09rl1gfuof.cloudfront.net\/product\/DDSHLHLDXD11P0U2T\/chain-hoist-a100-2.3-pt.jpg\" slate-data-type=\"image\"\/><\/div>\n<div style=\"font-size:14px;text-align:center;color:rgb(34, 34, 34);margin:16px 0px 24px;margin-bottom:24px;margin-top:16px;margin-left:0px;margin-right:0px\" align=\"center\">Po\u017cegnaj si\u0119 z k\u0142opotami! Nasz elektryczny wci\u0105gnik \u0142a\u0144cuchowy jest wyposa\u017cony w zawiesie i superczu\u0142y pilot, kt\u00f3ry pozwala na \u0142atwe podnoszenie i opuszczanie. Bezpieczny, wygodny i przyjemny w u\u017cyciu \u2013 czego chcie\u0107 wi\u0119cej?<\/div>\n<\/div>\n<div>\n<div style=\"margin:8px 0px;margin-bottom:8px;margin-top:8px;margin-left:0px;margin-right:0px\"><img decoding=\"async\" style=\"width:100%\" width=\"100%\" src=\"https:\/\/d2qc09rl1gfuof.cloudfront.net\/product\/DDSHLHLDXD11P0U2T\/chain-hoist-a100-2.4-pt.jpg\" slate-data-type=\"image\"\/><\/div>\n<div style=\"font-size:14px;text-align:center;color:rgb(34, 34, 34);margin:16px 0px 24px;margin-bottom:24px;margin-top:16px;margin-left:0px;margin-right:0px\" align=\"center\">Nap\u0119dzany miedzianym silnikiem z izolacj\u0105 klasy F, ten elektryczny wci\u0105gnik \u0142a\u0144cuchowy wytrzymuje temperatury do 155\u00b0C. Obracaj\u0105c si\u0119 z pr\u0119dko\u015bci\u0105 11500 obr.\/min, ma moc wystarczaj\u0105c\u0105 do wykonania zadania, niezale\u017cnie od warunk\u00f3w.<\/div>\n<\/div>\n<div>\n<div style=\"margin:8px 0px;margin-bottom:8px;margin-top:8px;margin-left:0px;margin-right:0px\"><img decoding=\"async\" style=\"width:100%\" width=\"100%\" src=\"https:\/\/d2qc09rl1gfuof.cloudfront.net\/product\/DDSHLHLDXD11P0U2T\/chain-hoist-a100-2.5-pt.jpg\" slate-data-type=\"image\"\/><\/div>\n<div style=\"font-size:14px;text-align:center;color:rgb(34, 34, 34);margin:16px 0px 24px;margin-bottom:24px;margin-top:16px;margin-left:0px;margin-right:0px\" align=\"center\">Jedna osoba, jeden podno\u015bnik, nieograniczone mo\u017cliwo\u015bci. Nasz elektryczny podno\u015bnik \u0142a\u0144cuchowy zosta\u0142 zaprojektowany z my\u015bl\u0105 o szybkim i \u0142atwym monta\u017cu, dzi\u0119ki czemu mo\u017cesz zacz\u0105\u0107 podnosi\u0107 i przenosi\u0107 w mgnieniu oka. Zwi\u0119ksz swoj\u0105 produktywno\u015b\u0107 ju\u017c dzi\u015b!<\/div>\n<\/div>\n<div style=\"margin:16px 0px 24px;margin-bottom:24px;margin-top:16px;margin-left:0px;margin-right:0px\"><\/div>\n<div style=\"margin:24px 0px;margin-bottom:24px;margin-top:24px;margin-left:0px;margin-right:0px\">\n<div style=\"font-size:16px;font-weight:bold;color:rgb(34, 34, 34);margin:24px 0px 16px;margin-bottom:16px;margin-top:24px;margin-left:0px;margin-right:0px\">Funkcje i szczeg\u00f3\u0142y<\/div>\n<ul style=\"margin:16px 0px 24px;margin-bottom:24px;margin-top:16px;margin-left:0px;margin-right:0px\">\n<li style=\"font-size:14px;color:rgb(34, 34, 34)\">\n<p>Ud\u017awig 2200 funt\u00f3w: Powitaj ud\u017awig 2200 funt\u00f3w! Nasz elektryczny wci\u0105gnik \u0142a\u0144cuchowy jest wyposa\u017cony w najwy\u017cszej jako\u015bci naw\u0119glany \u0142a\u0144cuch DT, zapewniaj\u0105cy trwa\u0142o\u015b\u0107 i wytrzyma\u0142o\u015b\u0107. Dodatkowo, dzi\u0119ki wysoko\u015bci podnoszenia 10 st\u00f3p (3 m), jest wystarczaj\u0105co elastyczny, aby zmie\u015bci\u0107 si\u0119 w ka\u017cdej przestrzeni.<\/p>\n<\/li>\n<li style=\"font-size:14px;color:rgb(34, 34, 34)\">\n<p>Mocny silnik: Poczuj moc! Miedziany silnik naszego elektrycznego wci\u0105gnika \u0142a\u0144cuchowego jest trwa\u0142y i wyposa\u017cony w izolacj\u0119 klasy F, co zapewnia niezawodn\u0105 prac\u0119 nawet w wysokich temperaturach do 155\u00b0C. Osi\u0105ga pr\u0119dko\u015b\u0107 obrotow\u0105 do 11500 obr.\/min, gotow\u0105 z \u0142atwo\u015bci\u0105 poradzi\u0107 sobie z ka\u017cdym ci\u0119\u017ckim zadaniem. Niezale\u017cnie od tego, czy pracujesz w pomieszczeniach, czy na zewn\u0105trz, masz go pod kontrol\u0105.<\/p>\n<\/li>\n<li style=\"font-size:14px;color:rgb(34, 34, 34)\">\n<p>Bezproblemowy monta\u017c: Instalacja jest banalnie prosta! Wystarczy przymocowa\u0107 nasz elektryczny wci\u0105gnik \u0142a\u0144cuchowy do sufitu za pomoc\u0105 metalowych lub drewnianych pas\u00f3w. Wci\u0105gnik jest wyposa\u017cony w wy\u0142\u0105cznik awaryjny i hamulec elektromagnetyczny, dzi\u0119ki czemu masz pewno\u015b\u0107, \u017ce jest bezpieczny.<\/p>\n<\/li>\n<li style=\"font-size:14px;color:rgb(34, 34, 34)\">\n<p>Przed\u0142u\u017cony kabel steruj\u0105cy: Zachowaj bezpiecze\u0144stwo i kontrol\u0119 dzi\u0119ki naszemu przed\u0142u\u017conemu kablowi o d\u0142ugo\u015bci 10 st\u00f3p. Steruj wci\u0105gnikiem elektrycznym z \u0142a\u0144cuchem z wygodnej odleg\u0142o\u015bci za pomoc\u0105 \u0142atwego w obs\u0142udze prze\u0142\u0105cznika r\u0119cznego.<\/p>\n<\/li>\n<li style=\"font-size:14px;color:rgb(34, 34, 34)\">\n<p>Jeden podno\u015bnik do wszystkich zada\u0144: Idealny do gara\u017cy, sklep\u00f3w, hoteli i dom\u00f3w, nasz elektryczny wci\u0105gnik \u0142a\u0144cuchowy to narz\u0119dzie dla profesjonalist\u00f3w i hobbyst\u00f3w. Podno\u015b \u0142odzie, samochody, kosiarki, w\u00f3zki golfowe, elementy wystroju wn\u0119trz, silniki, g\u0142azy, drzewa, ci\u0119\u017cki sprz\u0119t, a nawet wieszaj trofea my\u015bliwskie z \u0142atwo\u015bci\u0105. To wszechstronny pomocnik, kt\u00f3rego szuka\u0142e\u015b!<\/p>\n<\/li>\n<\/ul>\n<\/div>\n<div>\n<div>\n<div style=\"margin:16px 0px 24px;margin-bottom:24px;margin-top:16px;margin-left:0px;margin-right:0px\"><img decoding=\"async\" style=\"width:100%\" width=\"100%\" src=\"https:\/\/d2qc09rl1gfuof.cloudfront.net\/product\/DDSHLHLDXD11P0U2T\/chain-hoist-a100-1.11-pt.jpg\" slate-data-type=\"image\"\/><\/div>\n<\/div>\n<\/div>\n<\/div>\n<\/div>\n<\/div>\n<p><\/p>","protected":false},"excerpt":{"rendered":"<p>Hign-concerned Chemical:&nbsp;None Model Number:&nbsp;H10 Origin:&nbsp;Mainland China Brand Name:&nbsp;VEVOR VEVOR Electric Chain Hoist \u2013 Change the Way You Look at Lifting Tackle any heavy lifter with 2200 lbs of strength! Our<\/p>","protected":false},"featured_media":24975,"comment_status":"open","ping_status":"closed","template":"","meta":{"_acf_changed":false},"product_brand":[],"product_cat":[517],"product_tag":[],"class_list":{"0":"post-24974","1":"product","2":"type-product","3":"status-publish","4":"has-post-thumbnail","6":"product_cat-electric-lifting-hoists","8":"first","9":"instock","10":"shipping-taxable","11":"purchasable","12":"product-type-variable"},"acf":[],"_links":{"self":[{"href":"https:\/\/electricstore.eu\/pl\/wp-json\/wp\/v2\/product\/24974","targetHints":{"allow":["GET"]}}],"collection":[{"href":"https:\/\/electricstore.eu\/pl\/wp-json\/wp\/v2\/product"}],"about":[{"href":"https:\/\/electricstore.eu\/pl\/wp-json\/wp\/v2\/types\/product"}],"replies":[{"embeddable":true,"href":"https:\/\/electricstore.eu\/pl\/wp-json\/wp\/v2\/comments?post=24974"}],"wp:featuredmedia":[{"embeddable":true,"href":"https:\/\/electricstore.eu\/pl\/wp-json\/wp\/v2\/media\/24975"}],"wp:attachment":[{"href":"https:\/\/electricstore.eu\/pl\/wp-json\/wp\/v2\/media?parent=24974"}],"wp:term":[{"taxonomy":"product_brand","embeddable":true,"href":"https:\/\/electricstore.eu\/pl\/wp-json\/wp\/v2\/product_brand?post=24974"},{"taxonomy":"product_cat","embeddable":true,"href":"https:\/\/electricstore.eu\/pl\/wp-json\/wp\/v2\/product_cat?post=24974"},{"taxonomy":"product_tag","embeddable":true,"href":"https:\/\/electricstore.eu\/pl\/wp-json\/wp\/v2\/product_tag?post=24974"}],"curies":[{"name":"wp","href":"https:\/\/api.w.org\/{rel}","templated":true}]}}