{"id":24907,"date":"2025-05-20T18:43:23","date_gmt":"2025-05-20T18:43:23","guid":{"rendered":"https:\/\/electricstore.eu\/p\/uncategorized\/vevor-lifting-chain-sling-lifts-5-tonne-1-5m-3m-4m-x-5-16-inch-heavy-duty-with-4-legs-grade-hooks-and-adjuster-g80-alloy-steel\/"},"modified":"2025-05-20T18:45:47","modified_gmt":"2025-05-20T18:45:47","slug":"vevor-lifting-chain-sling-lifts-5-tonne-1-5m-3m-4m-x-5-16-inch-heavy-duty-with-4-legs-grade-hooks-and-adjuster-g80-alloy-steel","status":"publish","type":"product","link":"https:\/\/electricstore.eu\/pl\/p\/o\/electric-lifting-hoists\/vevor-lifting-chain-sling-lifts-5-tonne-1-5m-3m-4m-x-5-16-inch-heavy-duty-with-4-legs-grade-hooks-and-adjuster-g80-alloy-steel\/","title":{"rendered":"\u0141a\u0144cuch podnosz\u0105cy VEVOR, ud\u017awig 5 ton, 1,5 m, 3 m, 4 m x 5\/16 cala, wytrzyma\u0142y, z 4 nogami, haki i regulator, stal stopowa G80"},"content":{"rendered":"<div class=\"product-specs-list-container\">\n<ul class=\"product-specs-list util-clearfix\">\n<li class=\"product-prop line-limit-length\"><span\n                                        class=\"property-title\">Substancja chemiczna budz\u0105ca du\u017ce obawy:&nbsp;<\/span><span\n                                        class=\"property-desc line-limit-length\">Nic<\/span>\n                            <\/li>\n<li class=\"product-prop line-limit-length\"><span\n                                        class=\"property-title\">Pochodzenie:&nbsp;<\/span><span\n                                        class=\"property-desc line-limit-length\">Chiny kontynentalne<\/span>\n                            <\/li>\n<li class=\"product-prop line-limit-length\"><span\n                                        class=\"property-title\">Nazwa marki:&nbsp;<\/span><span\n                                        class=\"property-desc line-limit-length\">WI\u0118ZI\u0106<\/span>\n                            <\/li>\n<\/ul><\/div>\n<p><\/p>\n<div class=\"detailmodule_html\">\n<div class=\"detail-desc-decorate-richtext\">\n<div>\n<\/div>\n<div style=\"padding:20px;padding-bottom:20px;padding-top:20px;padding-left:20px;padding-right:20px\">\n<div style=\"text-align:center;width:100%\" align=\"center\"><img decoding=\"async\" src=\"https:\/\/vevor-bmp-prm.s3.ap-east-1.amazonaws.com\/default\/vevor-1.png\" slate-data-type=\"image\"\/><\/div>\n<div style=\"font-size:16px;font-weight:bold;line-height:36px\">Opis produktu<\/div>\n<div style=\"width:100%\"><img decoding=\"async\" src=\"https:\/\/d2qc09rl1gfuof.cloudfront.net\/product\/4MSGLT00000000001\/chain-slings-a100-1.4.jpg\" slate-data-type=\"image\"\/><\/div>\n<div style=\"margin-top:15px;display:flex\">\n<div style=\"width:33%\"><img decoding=\"async\" style=\"width:100%\" width=\"100%\" src=\"https:\/\/d2qc09rl1gfuof.cloudfront.net\/product\/4MSGLT00000000001\/four-leg-Lifting-Chain-x1.jpg\" slate-data-type=\"image\"\/><\/div>\n<div style=\"padding:0px 15px;padding-bottom:0px;padding-top:0px;padding-left:15px;padding-right:15px;width:33%\">\n<div style=\"font-size:16px;font-weight:bold;line-height:36px\">Zawiesie \u0142a\u0144cuchowe 5\/16&#039;&#039;x13&#039;<\/div>\n<div style=\"font-size:14px\"><\/div>\n<div style=\"font-size:14px\">Ta czteroci\u0119gnowa zawiesia \u0142a\u0144cuchowa wykonana jest z \u0142a\u0144cucha ze stali manganowej G80 i haka ze stali stopowej z pow\u0142ok\u0105 proszkow\u0105, kt\u00f3ry nie rozci\u0105ga si\u0119 pod wp\u0142ywem napr\u0119\u017ce\u0144. Jest odporna na zu\u017cycie i wysokie temperatury, co zapewnia d\u0142ug\u0105 \u017cywotno\u015b\u0107, co jest przydatnym narz\u0119dziem zwi\u0119kszaj\u0105cym wydajno\u015b\u0107 pracy.<\/div>\n<ul style=\"font-size:14px;background-color:rgb(243, 243, 243);border:1px solid rgb(204, 204, 204);margin-top:8px;padding:10px 40px;padding-bottom:10px;padding-top:10px;padding-left:40px;padding-right:40px\">\n<li>\n<p>No\u015bno\u015b\u0107 11 000 funt\u00f3w<\/p>\n<\/li>\n<li>\n<p>Trwa\u0142a konstrukcja stalowa<\/p>\n<\/li>\n<li>\n<p>Wytrzyma\u0142e \u0142a\u0144cuchy i haki<\/p>\n<\/li>\n<li>\n<p>\u015arodki ostro\u017cno\u015bci dotycz\u0105ce stosowania<\/p>\n<\/li>\n<\/ul>\n<\/div>\n<div style=\"border-left:1px solid rgb(204, 204, 204);padding:0px 15px;padding-bottom:0px;padding-top:0px;padding-left:15px;padding-right:15px;width:33%\">\n<div>\u00a0<\/div>\n<div style=\"padding:0px 15px;padding-bottom:0px;padding-top:0px;padding-left:15px;padding-right:15px\">\n<div><img decoding=\"async\" style=\"width:100%\" width=\"100%\" src=\"https:\/\/www.jinlantrade.com\/ebay\/VEVOR\/vevor-2.png\" slate-data-type=\"image\"\/><\/div>\n<div style=\"font-size:14px;font-weight:bold;line-height:24px\">Wytrzyma\u0142y sprz\u0119t i narz\u0119dzia, zap\u0142a\u0107 mniej<\/div>\n<div style=\"font-size:12px;margin:8px 0px;margin-bottom:8px;margin-top:8px;margin-left:0px;margin-right:0px\">VEVOR to wiod\u0105ca marka specjalizuj\u0105ca si\u0119 w sprz\u0119cie i narz\u0119dziach. Dzi\u0119ki tysi\u0105com zmotywowanych pracownik\u00f3w, VEVOR dok\u0142ada wszelkich stara\u0144, aby dostarcza\u0107 klientom wytrzyma\u0142y sprz\u0119t i narz\u0119dzia w niewiarygodnie niskich cenach. Obecnie produkty VEVOR s\u0105 sprzedawane w ponad 200 krajach i regionach, a liczba cz\u0142onk\u00f3w na ca\u0142ym \u015bwiecie przekracza 10 milion\u00f3w.<\/div>\n<div style=\"font-size:14px;font-weight:bold;line-height:24px\">Dlaczego warto wybra\u0107 VEVOR?<\/div>\n<ul style=\"font-size:14px;background-color:rgb(243, 243, 243);border:1px solid rgb(204, 204, 204);margin-top:8px;padding:10px 40px;padding-bottom:10px;padding-top:10px;padding-left:40px;padding-right:40px\">\n<li>\n<p>Wytrzyma\u0142a jako\u015b\u0107 premium<\/p>\n<\/li>\n<li>\n<p>Niesamowicie niskie ceny<\/p>\n<\/li>\n<li>\n<p>Szybka i bezpieczna dostawa<\/p>\n<\/li>\n<li>\n<p>30-dniowy bezp\u0142atny zwrot<\/p>\n<\/li>\n<li>\n<p>Ca\u0142odobowa, 7-godzinna, uwa\u017cna obs\u0142uga<\/p>\n<\/li>\n<\/ul>\n<\/div>\n<\/div>\n<\/div>\n<div style=\"margin-top:30px\">\n<div style=\"font-size:16px;font-weight:bold;line-height:36px\">G\u0142\u00f3wne cechy<\/div>\n<div style=\"padding:30px;padding-bottom:30px;padding-top:30px;padding-left:30px;padding-right:30px\">\n<div>\n<div style=\"margin-top:15px;padding:0px 15px;padding-bottom:0px;padding-top:0px;padding-left:15px;padding-right:15px;display:inline-block;width:33%;box-sizing:border-box\">\n<div><img decoding=\"async\" style=\"width:100%\" width=\"100%\" src=\"https:\/\/d2qc09rl1gfuof.cloudfront.net\/product\/4MSGLT00000000001\/chain-slings-m100-2.jpg\" slate-data-type=\"image\"\/><\/div>\n<div style=\"font-size:16px;font-weight:bold;line-height:36px\">Du\u017ca \u0142adowno\u015b\u0107<\/div>\n<div style=\"font-size:14px\">Jego ud\u017awig nominalny wynosi 11 000 funt\u00f3w, a wytrzyma\u0142o\u015b\u0107 na zerwanie przekracza 800 mPa. Nale\u017cy go u\u017cywa\u0107 w zakresie obci\u0105\u017cenia nominalnego.<\/div>\n<\/div>\n<div style=\"margin-top:15px;padding:0px 15px;padding-bottom:0px;padding-top:0px;padding-left:15px;padding-right:15px;display:inline-block;width:33%;box-sizing:border-box\">\n<div><img decoding=\"async\" style=\"width:100%\" width=\"100%\" src=\"https:\/\/d2qc09rl1gfuof.cloudfront.net\/product\/4MSGLT00000000001\/chain-slings-m100-3.jpg\" slate-data-type=\"image\"\/><\/div>\n<div style=\"font-size:16px;font-weight:bold;line-height:36px\">Solidna konstrukcja<\/div>\n<div style=\"font-size:14px\">Ca\u0142a konstrukcja wykonana jest z najwy\u017cszej jako\u015bci stali, kt\u00f3ra charakteryzuje si\u0119 lepsz\u0105 odporno\u015bci\u0105 na korozj\u0119, rdz\u0119 i \u015bcieranie.<\/div>\n<\/div>\n<div style=\"margin-top:15px;padding:0px 15px;padding-bottom:0px;padding-top:0px;padding-left:15px;padding-right:15px;display:inline-block;width:33%;box-sizing:border-box\">\n<div><img decoding=\"async\" style=\"width:100%\" width=\"100%\" src=\"https:\/\/d2qc09rl1gfuof.cloudfront.net\/product\/4MSGLT00000000001\/chain-slings-m100-4.jpg\" slate-data-type=\"image\"\/><\/div>\n<div style=\"font-size:16px;font-weight:bold;line-height:36px\">\u0141a\u0144cuch o du\u017cej wytrzyma\u0142o\u015bci<\/div>\n<div style=\"font-size:14px\">\u0141a\u0144cuch o d\u0142ugo\u015bci 5\/16&#039;&#039;x13&#039; wykonany jest ze stali manganowej. Jest odporny na zu\u017cycie i nie wyd\u0142u\u017ca si\u0119 pod wp\u0142ywem napr\u0119\u017ce\u0144.<\/div>\n<\/div>\n<div style=\"margin-top:15px;padding:0px 15px;padding-bottom:0px;padding-top:0px;padding-left:15px;padding-right:15px;display:inline-block;width:33%;box-sizing:border-box\">\n<div><img decoding=\"async\" style=\"width:100%\" width=\"100%\" src=\"https:\/\/d2qc09rl1gfuof.cloudfront.net\/product\/4MSGLT00000000001\/chain-slings-m100-5.jpg\" slate-data-type=\"image\"\/><\/div>\n<div style=\"font-size:16px;font-weight:bold;line-height:36px\">Haki samoblokuj\u0105ce<\/div>\n<div style=\"font-size:14px\">Hak wykonany jest ze stali stopowej, aby sprosta\u0107 wymaganiom dotycz\u0105cym wytrzyma\u0142o\u015bci i twardo\u015bci oraz zapobiec ze\u015blizgiwaniu si\u0119.<\/div>\n<\/div>\n<div style=\"margin-top:15px;padding:0px 15px;padding-bottom:0px;padding-top:0px;padding-left:15px;padding-right:15px;display:inline-block;width:33%;box-sizing:border-box\">\n<div><img decoding=\"async\" style=\"width:100%\" width=\"100%\" src=\"https:\/\/d2qc09rl1gfuof.cloudfront.net\/product\/4MSGLT00000000001\/chain-slings-m100-6.jpg\" slate-data-type=\"image\"\/><\/div>\n<div style=\"font-size:16px;font-weight:bold;line-height:36px\">\u0141atwy w u\u017cyciu<\/div>\n<div style=\"font-size:14px\">Pod\u0142\u0105cz pier\u015bcie\u0144 do podno\u015bnika, zahacz o niego \u0142adunek i gotowe \u2013 mo\u017cesz zacz\u0105\u0107 podnosi\u0107.<\/div>\n<\/div>\n<div style=\"margin-top:15px;padding:0px 15px;padding-bottom:0px;padding-top:0px;padding-left:15px;padding-right:15px;display:inline-block;width:33%;box-sizing:border-box\">\n<div><img decoding=\"async\" style=\"width:100%\" width=\"100%\" src=\"https:\/\/d2qc09rl1gfuof.cloudfront.net\/product\/4MSGLT00000000001\/chain-slings-m100-7.jpg\" slate-data-type=\"image\"\/><\/div>\n<div style=\"font-size:16px;font-weight:bold;line-height:36px\">Szeroko stosowany<\/div>\n<div style=\"font-size:14px\">Nadaje si\u0119 do podnoszenia i przenoszenia \u0142adunk\u00f3w w r\u00f3\u017cnych ga\u0142\u0119ziach przemys\u0142u, takich jak zak\u0142ady maszynowe, fabryki, magazyny, gara\u017ce itp.<\/div>\n<\/div>\n<\/div>\n<\/div>\n<\/div>\n<div style=\"margin-top:15px;display:flex\">\n<div style=\"width:33%\"><img decoding=\"async\" style=\"width:100%\" width=\"100%\" src=\"https:\/\/d2qc09rl1gfuof.cloudfront.net\/product\/4MSGLT00000000001\/chain-slings-a100-2.jpg\" slate-data-type=\"image\"\/><\/div>\n<div style=\"padding:0px 15px;padding-bottom:0px;padding-top:0px;padding-left:15px;padding-right:15px;width:33%\">\n<div style=\"font-size:16px;font-weight:bold;line-height:36px\">Specyfikacje<\/div>\n<ul style=\"font-size:14px;border:1px solid rgb(204, 204, 204);margin-top:8px;padding:10px 40px;padding-bottom:10px;padding-top:10px;padding-left:40px;padding-right:40px\">\n<li>\n<p>Materia\u0142: G80, stal stopowa<\/p>\n<\/li>\n<li>\n<p>Korze\u0144 \u0142a\u0144cuchowy: 4<\/p>\n<\/li>\n<li>\n<p>\u015arednica \u0142a\u0144cucha: 5\/16&quot;\/8 mm<\/p>\n<\/li>\n<li>\n<p>D\u0142ugo\u015b\u0107 robocza: 13&#039;\/4 m<\/p>\n<\/li>\n<li>\n<p>No\u015bno\u015b\u0107: 11 000 funt\u00f3w\/5 ton<\/p>\n<\/li>\n<li>\n<p>Wsp\u00f3\u0142czynnik bezpiecze\u0144stwa: 4:1<\/p>\n<\/li>\n<\/ul>\n<\/div>\n<div style=\"border-left:1px solid rgb(204, 204, 204);padding:0px 15px;padding-bottom:0px;padding-top:0px;padding-left:15px;padding-right:15px;width:33%\">\n<div style=\"width:100%\"><img decoding=\"async\" style=\"width:100%\" width=\"100%\" src=\"https:\/\/d2qc09rl1gfuof.cloudfront.net\/product\/4MSGLT00000000001\/chain-slings-a100-3.jpg\" slate-data-type=\"image\"\/><\/div>\n<div style=\"font-size:14px;font-weight:bold;line-height:24px\">Zawarto\u015b\u0107 opakowania<\/div>\n<ul style=\"font-size:14px;background-color:rgb(243, 243, 243);border:1px solid rgb(204, 204, 204);margin-top:8px;padding:10px 40px;padding-bottom:10px;padding-top:10px;padding-left:40px;padding-right:40px\">\n<li>\n<p>1 x zawiesie \u0142a\u0144cuchowe<\/p>\n<\/li>\n<\/ul>\n<\/div>\n<\/div>\n<div>\u00a0<\/div>\n<div>\n<div style=\"font-size:16px;font-weight:bold;line-height:36px\">Funkcje i szczeg\u00f3\u0142y<\/div>\n<ul style=\"font-size:14px;padding-left:40px\">\n<li>\n<p>\u3010\u0141ADOWNO\u015a\u0106 11 000 FUNT\u00d3W\u3011- D\u0142ugo\u015b\u0107 \u0142a\u0144cucha: 13&#039;. \u015arednica \u0142a\u0144cucha: 5\/16&#039;&#039;. Wytrzyma\u0142o\u015b\u0107 na zerwanie ponad 800 mPa. No\u015bno\u015b\u0107 robocza: 11 000 funt\u00f3w. Mo\u017cesz swobodnie korzysta\u0107 z tego produktu dzi\u0119ki wysokiemu wsp\u00f3\u0142czynnikowi bezpiecze\u0144stwa.<\/p>\n<\/li>\n<li>\n<p>\u3010TRWA\u0141A KONSTRUKCJA STALOWA\u3011- Nasza zawiesia \u0142a\u0144cuchowa wykonana z \u0142a\u0144cucha ze stali manganowej G80 i haka ze stali stopowej charakteryzuje si\u0119 w pe\u0142ni automatyczn\u0105 technologi\u0105 spawania, zaprojektowan\u0105 z my\u015bl\u0105 o d\u0142ugotrwa\u0142ym u\u017cytkowaniu.<\/p>\n<\/li>\n<li>\n<p>\u3010WYTRZYMA\u0141Y \u0141A\u0143CUCH I HAKI\u3011- \u0141a\u0144cuch tego zawiesia \u0142a\u0144cuchowego wykonany jest ze stali manganowej G80. Ogniwo wci\u0105gnika i hak wykonane s\u0105 ze stali stopowej z pow\u0142ok\u0105 proszkow\u0105. Jest odporny na zu\u017cycie i wysokie temperatury.<\/p>\n<\/li>\n<li>\n<p>\u3010\u015aRODKI OSTRO\u017bNO\u015aCI PODCZAS U\u017bYTKOWANIA\u3011- Przedmioty musz\u0105 wisie\u0107 na \u015brodku haka. Kraw\u0119d\u017a haka nie mo\u017ce by\u0107 zawieszona. \u0141a\u0144cuch w stanie zniekszta\u0142conym, odwr\u00f3conym lub spl\u0105tanym jest niedopuszczalny.<\/p>\n<\/li>\n<li>\n<p>\u3010SZEROKIE ZASTOSOWANIE\u3011- Doskonale nadaje si\u0119 do r\u00f3\u017cnych prac zwi\u0105zanych z podnoszeniem i przenoszeniem w fabrykach, na placach budowy, w g\u00f3rnictwie, portach, budynkach itp. Wytrzyma\u0142y \u0142a\u0144cuch zawiesiowy przeznaczony jest do holowania i przenoszenia \u0142adunk\u00f3w.<\/p>\n<\/li>\n<li>\n<p>Zastosowanie \u0142a\u0144cucha<\/p>\n<\/li>\n<li>\n<p>W przypadku wyst\u0105pienia kt\u00f3rejkolwiek z poni\u017cszych sytuacji nale\u017cy natychmiast przerwa\u0107 u\u017cywanie zawiesi \u0142a\u0144cuchowych<\/p>\n<\/li>\n<li>\n<p>A. Uszkodzona \u015brednica 10% orygina\u0142u;<\/p>\n<\/li>\n<li>\n<p>B. W \u0142a\u0144cuchu pojawiaj\u0105 si\u0119 p\u0119kni\u0119cia, wygi\u0119cia, odkszta\u0142cenia lub uszkodzenia powierzchni (zjawisko);<\/p>\n<\/li>\n<li>\n<p>C. Trwa\u0142e wyd\u0142u\u017cenie \u0142a\u0144cucha przekracza 5% rzeczywistej d\u0142ugo\u015bci.<\/p>\n<\/li>\n<li>\n<p>Uwaga<\/p>\n<\/li>\n<li>\n<p>Podczas podnoszenia ci\u0119\u017ckich przedmiot\u00f3w u\u017cytkownicy powinni unika\u0107 stania pod nimi lub w ich pobli\u017cu;<\/p>\n<\/li>\n<li>\n<p>U\u017cytkownicy powinni regularnie sprawdza\u0107 liny pod k\u0105tem widocznych uszkodze\u0144, w tym ukrytych plam pod obra\u017ceniami, kt\u00f3re mog\u0142yby zagrozi\u0107 bezpiecze\u0144stwu u\u017cytkowania olinowania.<\/p>\n<\/li>\n<\/ul>\n<\/div>\n<\/div>\n<\/div>\n<\/div>\n<p><\/p>","protected":false},"excerpt":{"rendered":"<p>Hign-concerned Chemical:&nbsp;None Origin:&nbsp;Mainland China Brand Name:&nbsp;VEVOR Product Description 5\/16&#x27;&#x27;x13&#x27; Chain Sling This Chain Sling of four legs is constructed of a G80 Mn-steel chain and alloy steel hook with powder<\/p>","protected":false},"featured_media":24908,"comment_status":"open","ping_status":"closed","template":"","meta":{"_acf_changed":false},"product_brand":[],"product_cat":[517],"product_tag":[],"class_list":{"0":"post-24907","1":"product","2":"type-product","3":"status-publish","4":"has-post-thumbnail","6":"product_cat-electric-lifting-hoists","8":"first","9":"instock","10":"shipping-taxable","11":"purchasable","12":"product-type-variable"},"acf":[],"_links":{"self":[{"href":"https:\/\/electricstore.eu\/pl\/wp-json\/wp\/v2\/product\/24907","targetHints":{"allow":["GET"]}}],"collection":[{"href":"https:\/\/electricstore.eu\/pl\/wp-json\/wp\/v2\/product"}],"about":[{"href":"https:\/\/electricstore.eu\/pl\/wp-json\/wp\/v2\/types\/product"}],"replies":[{"embeddable":true,"href":"https:\/\/electricstore.eu\/pl\/wp-json\/wp\/v2\/comments?post=24907"}],"wp:featuredmedia":[{"embeddable":true,"href":"https:\/\/electricstore.eu\/pl\/wp-json\/wp\/v2\/media\/24908"}],"wp:attachment":[{"href":"https:\/\/electricstore.eu\/pl\/wp-json\/wp\/v2\/media?parent=24907"}],"wp:term":[{"taxonomy":"product_brand","embeddable":true,"href":"https:\/\/electricstore.eu\/pl\/wp-json\/wp\/v2\/product_brand?post=24907"},{"taxonomy":"product_cat","embeddable":true,"href":"https:\/\/electricstore.eu\/pl\/wp-json\/wp\/v2\/product_cat?post=24907"},{"taxonomy":"product_tag","embeddable":true,"href":"https:\/\/electricstore.eu\/pl\/wp-json\/wp\/v2\/product_tag?post=24907"}],"curies":[{"name":"wp","href":"https:\/\/api.w.org\/{rel}","templated":true}]}}