{"id":24881,"date":"2025-05-20T18:43:16","date_gmt":"2025-05-20T18:43:16","guid":{"rendered":"https:\/\/electricstore.eu\/p\/uncategorized\/vevor-hand-winch-heavy-duty-rope-crank-with-33-ft-steel-wire-cable-and-two-way-ratchet-for-trailer-boat-or-atv-towing\/"},"modified":"2025-05-20T18:45:37","modified_gmt":"2025-05-20T18:45:37","slug":"vevor-hand-winch-heavy-duty-rope-crank-with-33-ft-steel-wire-cable-and-two-way-ratchet-for-trailer-boat-or-atv-towing","status":"publish","type":"product","link":"https:\/\/electricstore.eu\/pl\/p\/o\/electric-winches\/vevor-hand-winch-heavy-duty-rope-crank-with-33-ft-steel-wire-cable-and-two-way-ratchet-for-trailer-boat-or-atv-towing\/","title":{"rendered":"Wyci\u0105garka r\u0119czna VEVOR z korb\u0105 linow\u0105 o du\u017cej wytrzyma\u0142o\u015bci, z 33-stopow\u0105 lin\u0105 stalow\u0105 i dwukierunkow\u0105 zapadk\u0105 do holowania przyczepy, \u0142odzi lub quada"},"content":{"rendered":"<div class=\"product-specs-list-container\">\n<ul class=\"product-specs-list util-clearfix\">\n<li class=\"product-prop line-limit-length\"><span\n                                        class=\"property-title\">Substancja chemiczna budz\u0105ca du\u017ce obawy:&nbsp;<\/span><span\n                                        class=\"property-desc line-limit-length\">Nic<\/span>\n                            <\/li>\n<li class=\"product-prop line-limit-length\"><span\n                                        class=\"property-title\">Pochodzenie:&nbsp;<\/span><span\n                                        class=\"property-desc line-limit-length\">Chiny kontynentalne<\/span>\n                            <\/li>\n<li class=\"product-prop line-limit-length\"><span\n                                        class=\"property-title\">Nazwa marki:&nbsp;<\/span><span\n                                        class=\"property-desc line-limit-length\">WI\u0118ZI\u0106<\/span>\n                            <\/li>\n<li class=\"product-prop line-limit-length\"><span\n                                        class=\"property-title\">Typ:&nbsp;<\/span><span\n                                        class=\"property-desc line-limit-length\">Podr\u0119cznik<\/span>\n                            <\/li>\n<li class=\"product-prop line-limit-length\"><span\n                                        class=\"property-title\">Marka:&nbsp;<\/span><span\n                                        class=\"property-desc line-limit-length\">WI\u0118ZI\u0106<\/span>\n                            <\/li>\n<li class=\"product-prop line-limit-length\"><span\n                                        class=\"property-title\">Dopuszczalna masa holowanego \u0142adunku:&nbsp;<\/span><span\n                                        class=\"property-desc line-limit-length\">800\/3500 funt\u00f3w<\/span>\n                            <\/li>\n<li class=\"product-prop line-limit-length\"><span\n                                        class=\"property-title\">Tryb\/Pr\u0119dko\u015b\u0107:&nbsp;<\/span><span\n                                        class=\"property-desc line-limit-length\">Grzechotka 2-kierunkowa\/2-biegowa<\/span>\n                            <\/li>\n<li class=\"product-prop line-limit-length\"><span\n                                        class=\"property-title\">Typ:&nbsp;<\/span><span\n                                        class=\"property-desc line-limit-length\">Wci\u0105garka r\u0119czna<\/span>\n                            <\/li>\n<li class=\"product-prop line-limit-length\"><span\n                                        class=\"property-title\">Waga produktu:&nbsp;<\/span><span\n                                        class=\"property-desc line-limit-length\">12,34 funta \/ 5,6 kg<\/span>\n                            <\/li>\n<\/ul><\/div>\n<div class=\"detailmodule_html\">\n<div class=\"detail-desc-decorate-richtext\">\n<div><\/div>\n<div style=\"font-family:&quot;Open sans&quot;, Arial, Helvetica, sans-serif\">\n<div style=\"font-family:&quot;Open sans&quot;, Arial, Helvetica, sans-serif\"><img decoding=\"async\" style=\"width:100%\" width=\"100%\" src=\"https:\/\/d2qc09rl1gfuof.cloudfront.net\/vevor\/boutique-banner\/pc\/banner-en.jpg\" slate-data-type=\"image\"\/><\/div>\n<div style=\"font-family:&quot;Open sans&quot;, Arial, Helvetica, sans-serif\">\n<div style=\"font-size:16px;font-weight:bold;text-align:center;color:rgb(34, 34, 34);margin:24px 0px;margin-bottom:24px;margin-top:24px;margin-left:0px;margin-right:0px\" align=\"center\">Wyci\u0105garka r\u0119czna VEVOR \u2013 wszystko o sile i \u0142atwo\u015bci ci\u0105gni\u0119cia<\/div>\n<div><img decoding=\"async\" style=\"width:100%\" width=\"100%\" src=\"https:\/\/d2qc09rl1gfuof.cloudfront.net\/product\/CYSDJP3500BG5Z1ZX\/hand-winch-a100-1.4.jpg\" slate-data-type=\"image\"\/><\/div>\n<div style=\"font-size:14px;text-align:center;color:rgb(34, 34, 34);margin:16px 0px 24px;margin-bottom:24px;margin-top:16px;margin-left:0px;margin-right:0px\" align=\"center\">Tw\u00f3j nowy pomocnik w trudnych sytuacjach \u2013 nasza wyci\u0105garka r\u0119czna. Kabel o d\u0142ugo\u015bci 33 st\u00f3p, dwubiegowa grzechotka 4:1\/8:1 z dwoma pr\u0119dko\u015bciami i dwoma sposobami ci\u0105gni\u0119cia oraz 10-calowy, \u0142atwy w uchwycie uchwyt \u2013 to wszystko sprawia, \u017ce jest ona gotowa, aby sta\u0107 si\u0119 Twoim profesjonalist\u0105 w zakresie trakcji w podr\u00f3\u017cy.<\/div>\n<\/div>\n<div style=\"font-family:&quot;Open sans&quot;, Arial, Helvetica, sans-serif\">\n<div>\u00a0<\/div>\n<div style=\"margin:8px 0px;margin-bottom:8px;margin-top:8px;margin-left:0px;margin-right:0px\"><img decoding=\"async\" style=\"width:100%\" width=\"100%\" src=\"https:\/\/d2qc09rl1gfuof.cloudfront.net\/product\/CYSDJP3500BG5Z1ZX\/hand-winch-a100-2.2.jpg\" slate-data-type=\"image\"\/><\/div>\n<div style=\"font-size:14px;text-align:center;color:rgb(34, 34, 34);margin:16px 0px 24px;margin-bottom:24px;margin-top:16px;margin-left:0px;margin-right:0px\" align=\"center\">Masz problem z utkni\u0119tym pojazdem lub \u0142odzi\u0105, kt\u00f3ra po prostu nie chce ruszy\u0107? Nasza wci\u0105garka do \u0142odzi uratuje Ci sytuacj\u0119! Zosta\u0142a zaprojektowana, aby z \u0142atwo\u015bci\u0105 poradzi\u0107 sobie z najtrudniejszymi zadaniami, oferuj\u0105c moc uci\u0105gu, kt\u00f3ra sprosta wszystkim Twoim codziennym wyzwaniom.<\/div>\n<\/div>\n<div style=\"font-family:&quot;Open sans&quot;, Arial, Helvetica, sans-serif\">\n<div>\u00a0<\/div>\n<div style=\"margin:8px 0px;margin-bottom:8px;margin-top:8px;margin-left:0px;margin-right:0px\"><img decoding=\"async\" style=\"width:100%\" width=\"100%\" src=\"https:\/\/d2qc09rl1gfuof.cloudfront.net\/product\/CYSDJP3500BG5Z1ZX\/hand-winch-a100-2.3.jpg\" slate-data-type=\"image\"\/><\/div>\n<div style=\"font-size:14px;text-align:center;color:rgb(34, 34, 34);margin:16px 0px 24px;margin-bottom:24px;margin-top:16px;margin-left:0px;margin-right:0px\" align=\"center\">Zapomnij o przek\u0142adniach, kt\u00f3re psuj\u0105 si\u0119 przy pierwszych oznakach z\u0142ej pogody. Przek\u0142adnie naszych korb linowych s\u0105 poddawane obr\u00f3bce cieplnej, aby sprosta\u0107 wszelkim wyzwaniom \u2013 czy to \u015bnie\u017cycy, czy s\u0142onecznego dnia. Odporne na rdz\u0119 i p\u0142ynnie dzia\u0142aj\u0105ce, te przek\u0142adnie to kwintesencja niezawodno\u015bci.<\/div>\n<\/div>\n<div style=\"font-family:&quot;Open sans&quot;, Arial, Helvetica, sans-serif\">\n<div>\u00a0<\/div>\n<div style=\"margin:8px 0px;margin-bottom:8px;margin-top:8px;margin-left:0px;margin-right:0px\"><img decoding=\"async\" style=\"width:100%\" width=\"100%\" src=\"https:\/\/d2qc09rl1gfuof.cloudfront.net\/product\/CYSDJP3500BG5Z1ZX\/hand-winch-a100-2.4.jpg\" slate-data-type=\"image\"\/><\/div>\n<div style=\"font-size:14px;text-align:center;color:rgb(34, 34, 34);margin:16px 0px 24px;margin-bottom:24px;margin-top:16px;margin-left:0px;margin-right:0px\" align=\"center\">Nasza wyci\u0105garka z korb\u0105 r\u0119czn\u0105 jest wyposa\u017cona w solidny, jednocz\u0119\u015bciowy kuty hak, kt\u00f3ry jest wystarczaj\u0105co wytrzyma\u0142y, by ud\u017awign\u0105\u0107 najci\u0119\u017csze \u0142adunki. Jej szeroki otw\u00f3r jest gotowy na nawet najgrubsze liny lub haki przyczepy, a dzi\u0119ki samoblokuj\u0105cemu zatrzaskowi Tw\u00f3j \u0142adunek pozostaje bezpieczny.<\/div>\n<\/div>\n<div style=\"font-family:&quot;Open sans&quot;, Arial, Helvetica, sans-serif\">\n<div>\u00a0<\/div>\n<div style=\"margin:8px 0px;margin-bottom:8px;margin-top:8px;margin-left:0px;margin-right:0px\"><img decoding=\"async\" style=\"width:100%\" width=\"100%\" src=\"https:\/\/d2qc09rl1gfuof.cloudfront.net\/product\/CYSDJP3500BG5Z1ZX\/hand-winch-a100-2.5.jpg\" slate-data-type=\"image\"\/><\/div>\n<div style=\"font-size:14px;text-align:center;color:rgb(34, 34, 34);margin:16px 0px 24px;margin-bottom:24px;margin-top:16px;margin-left:0px;margin-right:0px\" align=\"center\">Nie musisz by\u0107 mistrzem narz\u0119dzi, aby zainstalowa\u0107 t\u0119 wytrzyma\u0142\u0105 wyci\u0105gark\u0119 r\u0119czn\u0105. Wystarczy j\u0105 zamontowa\u0107, ustawi\u0107 uchwyt, wyregulowa\u0107 zapadk\u0119 i gotowe. Szybko, \u0142atwo i bezproblemowo \u2013 to takie proste.<\/div>\n<\/div>\n<div style=\"margin:16px 0px 24px;margin-bottom:24px;margin-top:16px;margin-left:0px;margin-right:0px\"><\/div>\n<div style=\"margin:24px 0px;margin-bottom:24px;margin-top:24px;margin-left:0px;margin-right:0px\">\n<div style=\"font-size:16px;font-weight:bold;color:rgb(34, 34, 34);margin:24px 0px 16px;margin-bottom:16px;margin-top:24px;margin-left:0px;margin-right:0px\">Funkcje i szczeg\u00f3\u0142y<\/div>\n<ul style=\"margin:16px 0px 24px;margin-bottom:24px;margin-top:16px;margin-left:0px;margin-right:0px\">\n<li style=\"font-size:14px;color:rgb(34, 34, 34)\">\n<p>Wytrzyma\u0142a lina, jeszcze wi\u0119ksza wydajno\u015b\u0107: Nasza wyci\u0105garka r\u0119czna jest wyposa\u017cona w 10-metrow\u0105, ocynkowan\u0105 lin\u0119 stalow\u0105 o wysokiej wytrzyma\u0142o\u015bci i du\u017cej sile uci\u0105gu. Zapomnij o delikatnych, podatnych na zerwanie linach. Ta wyci\u0105garka jest gotowa na d\u0142ugie podr\u00f3\u017ce, gotowa do ud\u017awigni\u0119cia nawet najci\u0119\u017cszych pojazd\u00f3w i \u0142odzi.<\/p>\n<\/li>\n<li style=\"font-size:14px;color:rgb(34, 34, 34)\">\n<p>Dwukierunkowa grzechotka: Ta korba do liny \u0142odzi jest wyposa\u017cona w najwy\u017cszej jako\u015bci dwukierunkow\u0105 grzechotk\u0119 ze stali w\u0119glowej. Dzi\u0119ki dwubiegowej regulacji 4:1\/8:1, kt\u00f3ra umo\u017cliwia regulacj\u0119 po\u0142o\u017cenia korbki, wszystko zale\u017cy od kontroli \u2013 zwijaj, rozwijaj, wyb\u00f3r nale\u017cy do Ciebie. Dzi\u0119ki procesowi hartowania w wysokiej temperaturze, te przek\u0142adnie s\u0105 wytrzyma\u0142e i gotowe na trudy u\u017cytkowania na \u015bwie\u017cym powietrzu.<\/p>\n<\/li>\n<li style=\"font-size:14px;color:rgb(34, 34, 34)\">\n<p>Kuty hak: Nie chodzi tylko o pasek do wci\u0105garki \u0142odzi. Hak r\u00f3wnie\u017c ma znaczenie. M\u00f3wimy o otworze o szeroko\u015bci 26 mm, kutym dla zapewnienia wytrzyma\u0142o\u015bci i gotowym do przenoszenia du\u017cych obci\u0105\u017ce\u0144 bez wysi\u0142ku. Jego antykorozyjna i odporna na p\u0119kni\u0119cia konstrukcja sprawia, \u017ce zachowuje sw\u00f3j kszta\u0142t nawet po wielu u\u017cyciach. Dodatkowo, zatrzask bezpiecze\u0144stwa zapewnia spok\u00f3j ducha.<\/p>\n<\/li>\n<li style=\"font-size:14px;color:rgb(34, 34, 34)\">\n<p>Wygodna obs\u0142uga: Nasza wyci\u0105garka z korb\u0105 r\u0119czn\u0105 charakteryzuje si\u0119 ergonomicznym uchwytem o idealnej d\u0142ugo\u015bci 10 cali. To gwarancja pewnego chwytu i komfortu, w po\u0142\u0105czeniu z solidn\u0105 ocynkowan\u0105 ram\u0105. Szybki monta\u017c i jeszcze szybsza obs\u0142uga \u2013 ta ma\u0142a, pot\u0119\u017cna maszyna z \u0142atwo\u015bci\u0105 poradzi sobie z ci\u0105gni\u0119ciem ci\u0119\u017ckich pojazd\u00f3w i \u0142odzi.<\/p>\n<\/li>\n<li style=\"font-size:14px;color:rgb(34, 34, 34)\">\n<p>Gotowa na wszystko i wsz\u0119dzie: Prosta w monta\u017cu, bezproblemowa w obs\u0142udze \u2013 nasza wytrzyma\u0142a wyci\u0105garka r\u0119czna to idealne rozwi\u0105zanie do poziomego ci\u0105gni\u0119cia, gdziekolwiek jeste\u015b. W pomieszczeniach, na zewn\u0105trz, na wodzie lub l\u0105dzie \u2013 zamontuj j\u0105 na \u0142odziach motorowych, przyczepach lub pojazdach terenowych i zobacz, jak dzia\u0142a.<\/p>\n<\/li>\n<\/ul>\n<\/div>\n<div>\n<div>\u00a0<\/div>\n<div>\n<div>\u00a0<\/div>\n<div style=\"margin:16px 0px 24px;margin-bottom:24px;margin-top:16px;margin-left:0px;margin-right:0px\"><strong>3500 funt\u00f3w<\/strong><\/div>\n<div style=\"margin:16px 0px 24px;margin-bottom:24px;margin-top:16px;margin-left:0px;margin-right:0px\"><img decoding=\"async\" style=\"width:100%\" width=\"100%\" src=\"https:\/\/d2qc09rl1gfuof.cloudfront.net\/product\/CYSDJP3500BG5Z1ZX\/hand-winch-a100-1.11.jpg\" slate-data-type=\"image\"\/><\/div>\n<\/div>\n<\/div>\n<div style=\"font-family:&quot;Open sans&quot;, Arial, Helvetica, sans-serif\">\n<div>\u00a0<\/div>\n<div>\n<div>\u00a0<\/div>\n<div style=\"margin:16px 0px 24px;margin-bottom:24px;margin-top:16px;margin-left:0px;margin-right:0px\"><span style=\"font-family:&quot;Microsoft YaHei&quot;\"><strong>800 funt\u00f3w<\/strong><\/span><\/div>\n<div style=\"margin:16px 0px 24px;margin-bottom:24px;margin-top:16px;margin-left:0px;margin-right:0px\"><img decoding=\"async\" style=\"width:100%\" width=\"100%\" src=\"https:\/\/d2qc09rl1gfuof.cloudfront.net\/product\/CYSDJP800BG0IYPD8\/hand-winch-a100-1.11.jpg\" slate-data-type=\"image\"\/><\/div>\n<\/div>\n<\/div>\n<\/div>\n<\/div>\n<\/div>\n<p><\/p>","protected":false},"excerpt":{"rendered":"<p>Hign-concerned Chemical:&nbsp;None Origin:&nbsp;Mainland China Brand Name:&nbsp;VEVOR Type:&nbsp;Manual Brand:&nbsp;VEVOR Tow Weight Capacity:&nbsp;800\/3500 lbs Mode\/Speed:&nbsp;2-Way Ratchet\/2-Speed Type:&nbsp;Hand Winch Product Weight:&nbsp;12.34 lbs \/ 5.6 kg VEVOR Hand Winch \u2013 All about Pulling Power<\/p>","protected":false},"featured_media":24882,"comment_status":"open","ping_status":"closed","template":"","meta":{"_acf_changed":false},"product_brand":[],"product_cat":[522],"product_tag":[],"class_list":{"0":"post-24881","1":"product","2":"type-product","3":"status-publish","4":"has-post-thumbnail","6":"product_cat-electric-winches","8":"first","9":"instock","10":"shipping-taxable","11":"purchasable","12":"product-type-variable"},"acf":[],"_links":{"self":[{"href":"https:\/\/electricstore.eu\/pl\/wp-json\/wp\/v2\/product\/24881","targetHints":{"allow":["GET"]}}],"collection":[{"href":"https:\/\/electricstore.eu\/pl\/wp-json\/wp\/v2\/product"}],"about":[{"href":"https:\/\/electricstore.eu\/pl\/wp-json\/wp\/v2\/types\/product"}],"replies":[{"embeddable":true,"href":"https:\/\/electricstore.eu\/pl\/wp-json\/wp\/v2\/comments?post=24881"}],"wp:featuredmedia":[{"embeddable":true,"href":"https:\/\/electricstore.eu\/pl\/wp-json\/wp\/v2\/media\/24882"}],"wp:attachment":[{"href":"https:\/\/electricstore.eu\/pl\/wp-json\/wp\/v2\/media?parent=24881"}],"wp:term":[{"taxonomy":"product_brand","embeddable":true,"href":"https:\/\/electricstore.eu\/pl\/wp-json\/wp\/v2\/product_brand?post=24881"},{"taxonomy":"product_cat","embeddable":true,"href":"https:\/\/electricstore.eu\/pl\/wp-json\/wp\/v2\/product_cat?post=24881"},{"taxonomy":"product_tag","embeddable":true,"href":"https:\/\/electricstore.eu\/pl\/wp-json\/wp\/v2\/product_tag?post=24881"}],"curies":[{"name":"wp","href":"https:\/\/api.w.org\/{rel}","templated":true}]}}