{"id":24836,"date":"2025-05-20T18:43:08","date_gmt":"2025-05-20T18:43:08","guid":{"rendered":"https:\/\/electricstore.eu\/p\/uncategorized\/vevor-3000lbs-atv-utv-electric-winch-12v-dc-steel-rope-winch-with-39-ft-cable-roller-wired-remote-control-for-towing-off-road\/"},"modified":"2025-05-20T18:45:15","modified_gmt":"2025-05-20T18:45:15","slug":"vevor-3000lbs-atv-utv-electric-winch-12v-dc-steel-rope-winch-with-39-ft-cable-roller-wired-remote-control-for-towing-off-road","status":"publish","type":"product","link":"https:\/\/electricstore.eu\/pl\/p\/o\/electric-winches\/vevor-3000lbs-atv-utv-electric-winch-12v-dc-steel-rope-winch-with-39-ft-cable-roller-wired-remote-control-for-towing-off-road\/","title":{"rendered":"VEVOR 3000lbs ATV\/UTV Elektryczna wyci\u0105garka 12V DC z lin\u0105 stalow\u0105 i 39-stopow\u0105 rolk\u0105 kablow\u0105, przewodowym pilotem do holowania w terenie"},"content":{"rendered":"<div class=\"product-specs-list-container\">\n<ul class=\"product-specs-list util-clearfix\">\n<li class=\"product-prop line-limit-length\"><span\n                                        class=\"property-title\">Substancja chemiczna budz\u0105ca du\u017ce obawy:&nbsp;<\/span><span\n                                        class=\"property-desc line-limit-length\">Nic<\/span>\n                            <\/li>\n<li class=\"product-prop line-limit-length\"><span\n                                        class=\"property-title\">Pochodzenie:&nbsp;<\/span><span\n                                        class=\"property-desc line-limit-length\">Chiny kontynentalne<\/span>\n                            <\/li>\n<li class=\"product-prop line-limit-length\"><span\n                                        class=\"property-title\">Nazwa marki:&nbsp;<\/span><span\n                                        class=\"property-desc line-limit-length\">WI\u0118ZI\u0106<\/span>\n                            <\/li>\n<li class=\"product-prop line-limit-length\"><span\n                                        class=\"property-title\">Marka:&nbsp;<\/span><span\n                                        class=\"property-desc line-limit-length\">WI\u0118ZI\u0106<\/span>\n                            <\/li>\n<li class=\"product-prop line-limit-length\"><span\n                                        class=\"property-title\">Nominalna si\u0142a naci\u0105gu liny:&nbsp;<\/span><span\n                                        class=\"property-desc line-limit-length\">3000 funt\u00f3w\/1361 kg<\/span>\n                            <\/li>\n<li class=\"product-prop line-limit-length\"><span\n                                        class=\"property-title\">Tryb zdalnego sterowania:&nbsp;<\/span><span\n                                        class=\"property-desc line-limit-length\">Przewodowy pilot zdalnego sterowania<\/span>\n                            <\/li>\n<li class=\"product-prop line-limit-length\"><span\n                                        class=\"property-title\">Napi\u0119cie\/Moc:&nbsp;<\/span><span\n                                        class=\"property-desc line-limit-length\">12 V DC\/1,3 KM<\/span>\n                            <\/li>\n<li class=\"product-prop line-limit-length\"><span\n                                        class=\"property-title\">Stopie\u0144 wodoodporno\u015bci:&nbsp;<\/span><span\n                                        class=\"property-desc line-limit-length\">IP55<\/span>\n                            <\/li>\n<li class=\"product-prop line-limit-length\"><span\n                                        class=\"property-title\">Materia\u0142 kabla:&nbsp;<\/span><span\n                                        class=\"property-desc line-limit-length\">Stal, 7 splot\u00f3w<\/span>\n                            <\/li>\n<li class=\"product-prop line-limit-length\"><span\n                                        class=\"property-title\">Tworzywo:&nbsp;<\/span><span\n                                        class=\"property-desc line-limit-length\">Stop aluminium, stal, mied\u017a, plastik (PPS i PA itp.)<\/span>\n                            <\/li>\n<li class=\"product-prop line-limit-length\"><span\n                                        class=\"property-title\">Typ:&nbsp;<\/span><span\n                                        class=\"property-desc line-limit-length\">Wyci\u0105garka elektryczna<\/span>\n                            <\/li>\n<\/ul><\/div>\n<div class=\"detailmodule_html\">\n<div class=\"detail-desc-decorate-richtext\">\n<div style=\"font-family:&quot;Open sans&quot;, Arial, Helvetica, sans-serif\">\n<div><img decoding=\"async\" style=\"width:100%\" width=\"100%\" src=\"https:\/\/d2qc09rl1gfuof.cloudfront.net\/vevor\/boutique-banner\/pc\/banner-en.jpg\" slate-data-type=\"image\"\/><\/div>\n<div>\n<div style=\"font-size:16px;font-weight:bold;text-align:center;color:rgb(34, 34, 34);margin:24px 0px;margin-bottom:24px;margin-top:24px;margin-left:0px;margin-right:0px\" align=\"center\">Wyci\u0105garka elektryczna do quad\u00f3w o ud\u017awigu 3000 funt\u00f3w. Pewne pokonywanie ka\u017cdego terenu.<\/div>\n<div><img decoding=\"async\" style=\"width:100%\" width=\"100%\" src=\"https:\/\/d2qc09rl1gfuof.cloudfront.net\/product\/ATVGSSJPYXYK43JX7\/electric-winch-a100-1.4-pt.jpg\" slate-data-type=\"image\"\/><\/div>\n<div style=\"font-size:14px;text-align:center;color:rgb(34, 34, 34);margin:16px 0px 24px;margin-bottom:24px;margin-top:16px;margin-left:0px;margin-right:0px\" align=\"center\">Nasza wytrzyma\u0142a wci\u0105garka elektryczna charakteryzuje si\u0119 uci\u0105giem liny o sile 1360 kg (3000 funt\u00f3w) i stopniem wodoodporno\u015bci IP55, co czyni j\u0105 idealn\u0105 do wyci\u0105gania quada lub UTV z lepkiego b\u0142ota. Dzi\u0119ki miedzianemu silnikowi z magnesami trwa\u0142ymi o napi\u0119ciu 12 V DC i mocy 1,3 KM, prze\u0142o\u017ceniu 153:1 i stalowej lince, nie utkniesz na d\u0142ugo.<\/div>\n<\/div>\n<div>\n<div style=\"margin:8px 0px;margin-bottom:8px;margin-top:8px;margin-left:0px;margin-right:0px\"><img decoding=\"async\" style=\"width:100%\" width=\"100%\" src=\"https:\/\/d2qc09rl1gfuof.cloudfront.net\/product\/ATVGSSJPYXYK43JX7\/electric-winch-a100-2.2-pt.jpg\" slate-data-type=\"image\"\/><\/div>\n<div style=\"font-size:14px;text-align:center;color:rgb(34, 34, 34);margin:16px 0px 24px;margin-bottom:24px;margin-top:16px;margin-left:0px;margin-right:0px\" align=\"center\">Nasza wyci\u0105garka elektryczna jest nap\u0119dzana solidnym miedzianym silnikiem 12 V DC\/1,3 KM, kt\u00f3ry zapewnia sta\u0142\u0105 i wydajn\u0105 moc za ka\u017cdym razem. Dzi\u0119ki zaawansowanej przek\u0142adni planetarnej i prze\u0142o\u017ceniu 153:1, mo\u017cesz cieszy\u0107 si\u0119 p\u0142ynnym i niezawodnym naci\u0105giem liny nawet w trudnych warunkach pogodowych lub g\u0142\u0119bokim b\u0142ocie.<\/div>\n<\/div>\n<div>\n<div style=\"margin:8px 0px;margin-bottom:8px;margin-top:8px;margin-left:0px;margin-right:0px\"><img decoding=\"async\" style=\"width:100%\" width=\"100%\" src=\"https:\/\/d2qc09rl1gfuof.cloudfront.net\/product\/ATVGSSJPYXYK43JX7\/electric-winch-a100-2.3-pt.jpg\" slate-data-type=\"image\"\/><\/div>\n<div style=\"font-size:14px;text-align:center;color:rgb(34, 34, 34);margin:16px 0px 24px;margin-bottom:24px;margin-top:16px;margin-left:0px;margin-right:0px\" align=\"center\">Nasza wyci\u0105garka do quad\u00f3w zosta\u0142a wyposa\u017cona w wysokiej jako\u015bci link\u0119 z czerwonymi oznaczeniami na ostatnich 5 rolkach dla dodatkowego bezpiecze\u0144stwa. Posiada klas\u0119 wodoodporno\u015bci IP55 i solidne, czarne, matowe wyko\u0144czenie, dzi\u0119ki czemu bez problemu poradzi sobie z ulewnym deszczem i trudnymi warunkami.<\/div>\n<\/div>\n<div>\n<div style=\"margin:8px 0px;margin-bottom:8px;margin-top:8px;margin-left:0px;margin-right:0px\"><img decoding=\"async\" style=\"width:100%\" width=\"100%\" src=\"https:\/\/d2qc09rl1gfuof.cloudfront.net\/product\/ATVGSSJPYXYK43JX7\/electric-winch-a100-2.4-pt.jpg\" slate-data-type=\"image\"\/><\/div>\n<div style=\"font-size:14px;text-align:center;color:rgb(34, 34, 34);margin:16px 0px 24px;margin-bottom:24px;margin-top:16px;margin-left:0px;margin-right:0px\" align=\"center\">Zaprojektowana z my\u015bl\u0105 o trudnych wyzwaniach, nasza lina do wyci\u0105garek UTV jest odporna na trudne warunki atmosferyczne i ekstremalne temperatury, umo\u017cliwiaj\u0105c wykonywanie r\u00f3\u017cnorodnych zada\u0144 z nominaln\u0105 si\u0142\u0105 uci\u0105gu bez zerwania. Dodatkowo, dzi\u0119ki wyra\u017anym oznaczeniom obci\u0105\u017cenia na ka\u017cdej warstwie, zyskujesz zar\u00f3wno doskona\u0142\u0105 integralno\u015b\u0107 materia\u0142u, jak i bezpiecze\u0144stwo ci\u0105gni\u0119cia.<\/div>\n<\/div>\n<div>\n<div style=\"margin:8px 0px;margin-bottom:8px;margin-top:8px;margin-left:0px;margin-right:0px\"><img decoding=\"async\" style=\"width:100%\" width=\"100%\" src=\"https:\/\/d2qc09rl1gfuof.cloudfront.net\/product\/ATVGSSJPYXYK43JX7\/electric-winch-a100-2.5-pt.jpg\" slate-data-type=\"image\"\/><\/div>\n<div style=\"font-size:14px;text-align:center;color:rgb(34, 34, 34);margin:16px 0px 24px;margin-bottom:24px;margin-top:16px;margin-left:0px;margin-right:0px\" align=\"center\">Po\u017cegnaj si\u0119 z zamieszaniem zwi\u0105zanym z okablowaniem! Nasza 12-woltowa wyci\u0105garka jest wyposa\u017cona w kolorowe kable zasilaj\u0105ce, co zapewnia szybk\u0105 i bezb\u0142\u0119dn\u0105 konfiguracj\u0119. Za pomoc\u0105 przewodowego pilota wystarczy pod\u0142\u0105czy\u0107 przewody zasilaj\u0105ce, a holowanie pojazdu b\u0119dzie p\u0142ynne i efektywne.<\/div>\n<\/div>\n<div style=\"margin:16px 0px 24px;margin-bottom:24px;margin-top:16px;margin-left:0px;margin-right:0px\"><\/div>\n<div style=\"margin:24px 0px;margin-bottom:24px;margin-top:24px;margin-left:0px;margin-right:0px\">\n<div style=\"font-size:16px;font-weight:bold;color:rgb(34, 34, 34);margin:24px 0px 16px;margin-bottom:16px;margin-top:24px;margin-left:0px;margin-right:0px\">Funkcje i szczeg\u00f3\u0142y<\/div>\n<ul style=\"margin:16px 0px 24px;margin-bottom:24px;margin-top:16px;margin-left:0px;margin-right:0px\">\n<li style=\"font-size:14px;color:rgb(34, 34, 34)\">\n<p>Zapasowe zasilanie Twojego pojazdu: Zaprojektowana specjalnie do holowania w terenie, nasza wytrzyma\u0142a wyci\u0105garka elektryczna oferuje uci\u0105g liny o sile 1360 kg (3000 funt\u00f3w). Gdy Tw\u00f3j pojazd ugrz\u0119\u017anie w b\u0142ocie lub z\u0142apie go ulewa, ta wyci\u0105garka zapewni Ci dodatkow\u0105 moc potrzebn\u0105 do szybkiego powrotu na w\u0142a\u015bciwe tory. Idealna do holowania ma\u0142ych pojazd\u00f3w, takich jak quady i UTV, dzi\u0119ki czemu Twoje przygody nigdy si\u0119 nie sko\u0144cz\u0105.<\/p>\n<\/li>\n<li style=\"font-size:14px;color:rgb(34, 34, 34)\">\n<p>Moc, kt\u00f3ra wyci\u0105gnie Ci\u0119 z ka\u017cdej opresji: Nasza wyci\u0105garka ATV jest nap\u0119dzana solidnym miedzianym silnikiem 12 V DC\/1,3 KM z magnesami trwa\u0142ymi, kt\u00f3ry zapewnia ci\u0105g\u0142\u0105 i wydajn\u0105 moc, gdy jej najbardziej potrzebujesz. Zaawansowany uk\u0142ad przek\u0142adni planetarnej i prze\u0142o\u017cenie 153:1 zapewniaj\u0105 niezawodn\u0105 i mocn\u0105 si\u0142\u0119 uci\u0105gu. Niezale\u017cnie od tego, czy zmagasz si\u0119 z niesprzyjaj\u0105c\u0105 pogod\u0105, czy g\u0142\u0119bokim b\u0142otem, ta wyci\u0105garka Ci pomo\u017ce, dzi\u0119ki czemu wyci\u0105ganie pojazdu b\u0119dzie \u0142atwe i niezawodne.<\/p>\n<\/li>\n<li style=\"font-size:14px;color:rgb(34, 34, 34)\">\n<p>Wytrzyma\u0142a stalowa linka: Przygotuj si\u0119 na solidn\u0105 prac\u0119 z nasz\u0105 7-\u017cy\u0142ow\u0105, wytrzyma\u0142\u0105 stalow\u0105 link\u0105. Zaprojektowana z my\u015bl\u0105 o trudnych warunkach i ekstremalnych temperaturach, ta stalowa linka jest wytrzyma\u0142a i wytrzyma ka\u017cde wyzwanie. Dodatkowo, jaskrawoczerwone oznaczenia na ostatnich 5 rolkach zapewniaj\u0105 dobr\u0105 widoczno\u015b\u0107, gwarantuj\u0105c bezpiecze\u0144stwo i trwa\u0142o\u015b\u0107 niezale\u017cnie od tego, jak trudne jest zadanie.<\/p>\n<\/li>\n<li style=\"font-size:14px;color:rgb(34, 34, 34)\">\n<p>\u0141atwo\u015b\u0107 obs\u0142ugi, bezproblemowa eksploatacja: Nasza ma\u0142a wyci\u0105garka jest wyposa\u017cona w przewodowy pilot zdalnego sterowania z wodoodporn\u0105 i odporn\u0105 na korozj\u0119 obudow\u0105, co zapewnia niezawodne dzia\u0142anie w ka\u017cdych warunkach pogodowych. Wystarczy pod\u0142\u0105czy\u0107 przew\u00f3d zasilaj\u0105cy i mo\u017cna rozpocz\u0105\u0107 samodzielne ratowanie, aby zapewni\u0107 pojazdowi bez przeszk\u00f3d. W przeciwie\u0144stwie do pilot\u00f3w bezprzewodowych, nie musisz martwi\u0107 si\u0119 o utrat\u0119 baterii, co czyni j\u0105 bardziej niezawodnym wyborem do ratownictwa na \u015bwie\u017cym powietrzu.<\/p>\n<\/li>\n<li style=\"font-size:14px;color:rgb(34, 34, 34)\">\n<p>Spok\u00f3j ducha i wydajno\u015b\u0107 holowania: Trudna pogoda? \u017baden problem! Nasza wyci\u0105garka elektryczna posiada klas\u0119 wodoodporno\u015bci IP55 i eleganckie, czarne, matowe wyko\u0144czenie, kt\u00f3re zwi\u0119ksza odporno\u015b\u0107 na rdz\u0119 i izolacj\u0119. Jest gotowa na ulewny deszcz, b\u0142oto i inne trudne warunki. Kolorowe kable zasilaj\u0105ce i proste instrukcje oznaczaj\u0105, \u017ce bez problemu j\u0105 roz\u0142o\u017cysz i b\u0119dziesz m\u00f3g\u0142 wr\u00f3ci\u0107 do przyjemno\u015bci z jazdy.<\/p>\n<\/li>\n<\/ul>\n<\/div>\n<div>\n<div>\n<div style=\"margin:16px 0px 24px;margin-bottom:24px;margin-top:16px;margin-left:0px;margin-right:0px\"><img decoding=\"async\" style=\"width:100%\" width=\"100%\" src=\"https:\/\/d2qc09rl1gfuof.cloudfront.net\/product\/ATVGSSJPYXYK43JX7\/electric-winch-a100-1.11-pt.jpg\" slate-data-type=\"image\"\/><\/div>\n<\/div>\n<\/div>\n<\/div>\n<\/div>\n<\/div>\n<p><\/p>","protected":false},"excerpt":{"rendered":"<p>Hign-concerned Chemical:&nbsp;None Origin:&nbsp;Mainland China Brand Name:&nbsp;VEVOR Brand:&nbsp;VEVOR Rated Line Pull Capacity:&nbsp;3000 lbs\/1361 kg Remote Control Mode:&nbsp;Wired Remote Control Voltage\/Horsepower:&nbsp;12V DC\/1.3 HP Waterproof Rating:&nbsp;IP55 Cable Material:&nbsp;Steel, 7 Strands Material:&nbsp;Alloy Aluminum, Steel,<\/p>","protected":false},"featured_media":24838,"comment_status":"open","ping_status":"closed","template":"","meta":{"_acf_changed":false},"product_brand":[],"product_cat":[522],"product_tag":[],"class_list":{"0":"post-24836","1":"product","2":"type-product","3":"status-publish","4":"has-post-thumbnail","6":"product_cat-electric-winches","8":"first","9":"instock","10":"shipping-taxable","11":"purchasable","12":"product-type-variable"},"acf":[],"_links":{"self":[{"href":"https:\/\/electricstore.eu\/pl\/wp-json\/wp\/v2\/product\/24836","targetHints":{"allow":["GET"]}}],"collection":[{"href":"https:\/\/electricstore.eu\/pl\/wp-json\/wp\/v2\/product"}],"about":[{"href":"https:\/\/electricstore.eu\/pl\/wp-json\/wp\/v2\/types\/product"}],"replies":[{"embeddable":true,"href":"https:\/\/electricstore.eu\/pl\/wp-json\/wp\/v2\/comments?post=24836"}],"wp:featuredmedia":[{"embeddable":true,"href":"https:\/\/electricstore.eu\/pl\/wp-json\/wp\/v2\/media\/24838"}],"wp:attachment":[{"href":"https:\/\/electricstore.eu\/pl\/wp-json\/wp\/v2\/media?parent=24836"}],"wp:term":[{"taxonomy":"product_brand","embeddable":true,"href":"https:\/\/electricstore.eu\/pl\/wp-json\/wp\/v2\/product_brand?post=24836"},{"taxonomy":"product_cat","embeddable":true,"href":"https:\/\/electricstore.eu\/pl\/wp-json\/wp\/v2\/product_cat?post=24836"},{"taxonomy":"product_tag","embeddable":true,"href":"https:\/\/electricstore.eu\/pl\/wp-json\/wp\/v2\/product_tag?post=24836"}],"curies":[{"name":"wp","href":"https:\/\/api.w.org\/{rel}","templated":true}]}}