{"id":24808,"date":"2025-05-20T18:42:57","date_gmt":"2025-05-20T18:42:57","guid":{"rendered":"https:\/\/electricstore.eu\/p\/uncategorized\/vevor-hj819-rc-boat-2-4ghz-12-km-h-high-speed-remote-control-racing-ship-water-speed-boat-children-model-toy-for-kids-adults\/"},"modified":"2025-05-20T18:44:32","modified_gmt":"2025-05-20T18:44:32","slug":"vevor-hj819-rc-boat-2-4ghz-12-km-h-high-speed-remote-control-racing-ship-water-speed-boat-children-model-toy-for-kids-adults","status":"publish","type":"product","link":"https:\/\/electricstore.eu\/pl\/p\/rc\/rc-cars\/vevor-hj819-rc-boat-2-4ghz-12-km-h-high-speed-remote-control-racing-ship-water-speed-boat-children-model-toy-for-kids-adults\/","title":{"rendered":"VEVOR HJ819 RC Boat 2.4GHz 12 km\/h Szybki zdalnie sterowany statek wy\u015bcigowy Wodna \u0142\u00f3d\u017a motorowa Model zabawka dla dzieci i doros\u0142ych"},"content":{"rendered":"<div class=\"product-specs-list-container\">\n<ul class=\"product-specs-list util-clearfix\">\n<li class=\"product-prop line-limit-length\"><span\n                                        class=\"property-title\">Substancja chemiczna budz\u0105ca du\u017ce obawy:&nbsp;<\/span><span\n                                        class=\"property-desc line-limit-length\">Nic<\/span>\n                            <\/li>\n<li class=\"product-prop line-limit-length\"><span\n                                        class=\"property-title\">Czy jest elektryczny:&nbsp;<\/span><span\n                                        class=\"property-desc line-limit-length\">bateria litowa<\/span>\n                            <\/li>\n<li class=\"product-prop line-limit-length\"><span\n                                        class=\"property-title\">Kod kreskowy:&nbsp;<\/span><span\n                                        class=\"property-desc line-limit-length\">NIE<\/span>\n                            <\/li>\n<li class=\"product-prop line-limit-length\"><span\n                                        class=\"property-title\">\u0179r\u00f3d\u0142o zasilania:&nbsp;<\/span><span\n                                        class=\"property-desc line-limit-length\">Elektryczny<\/span>\n                            <\/li>\n<li class=\"product-prop line-limit-length\"><span\n                                        class=\"property-title\">Numer modelu:&nbsp;<\/span><span\n                                        class=\"property-desc line-limit-length\">HJ819<\/span>\n                            <\/li>\n<li class=\"product-prop line-limit-length\"><span\n                                        class=\"property-title\">Maksymalna pr\u0119dko\u015b\u0107:&nbsp;<\/span><span\n                                        class=\"property-desc line-limit-length\">12 kilometr\u00f3w na godzin\u0119<\/span>\n                            <\/li>\n<li class=\"product-prop line-limit-length\"><span\n                                        class=\"property-title\">Cz\u0119stotliwo\u015b\u0107:&nbsp;<\/span><span\n                                        class=\"property-desc line-limit-length\">2,4 GHz<\/span>\n                            <\/li>\n<li class=\"product-prop line-limit-length\"><span\n                                        class=\"property-title\">Stan Zgromadzenia:&nbsp;<\/span><span\n                                        class=\"property-desc line-limit-length\">Zestaw niezmontowany<\/span>\n                            <\/li>\n<li class=\"product-prop line-limit-length\"><span\n                                        class=\"property-title\">Zdalne sterowanie:&nbsp;<\/span><span\n                                        class=\"property-desc line-limit-length\">Tak<\/span>\n                            <\/li>\n<li class=\"product-prop line-limit-length\"><span\n                                        class=\"property-title\">Tworzywo:&nbsp;<\/span><span\n                                        class=\"property-desc line-limit-length\">Plastikowy<\/span>\n                            <\/li>\n<li class=\"product-prop line-limit-length\"><span\n                                        class=\"property-title\">Zalecany wiek:&nbsp;<\/span><span\n                                        class=\"property-desc line-limit-length\">6-12 lat<\/span>\n                            <\/li>\n<li class=\"product-prop line-limit-length\"><span\n                                        class=\"property-title\">Pochodzenie:&nbsp;<\/span><span\n                                        class=\"property-desc line-limit-length\">Chiny kontynentalne<\/span>\n                            <\/li>\n<li class=\"product-prop line-limit-length\"><span\n                                        class=\"property-title\">Projekt:&nbsp;<\/span><span\n                                        class=\"property-desc line-limit-length\">\u0141\u00f3d\u017a motorowa<\/span>\n                            <\/li>\n<li class=\"product-prop line-limit-length\"><span\n                                        class=\"property-title\">Typ:&nbsp;<\/span><span\n                                        class=\"property-desc line-limit-length\">\u0141\u00f3d\u017a i statek<\/span>\n                            <\/li>\n<li class=\"product-prop line-limit-length\"><span\n                                        class=\"property-title\">Cechy:&nbsp;<\/span><span\n                                        class=\"property-desc line-limit-length\">ZDALNE STEROWANIE<\/span>\n                            <\/li>\n<li class=\"product-prop line-limit-length\"><span\n                                        class=\"property-title\">Marka:&nbsp;<\/span><span\n                                        class=\"property-desc line-limit-length\">WI\u0118ZI\u0106<\/span>\n                            <\/li>\n<li class=\"product-prop line-limit-length\"><span\n                                        class=\"property-title\">Waga produktu:&nbsp;<\/span><span\n                                        class=\"property-desc line-limit-length\">0,92 funta\/0,42 kg<\/span>\n                            <\/li>\n<li class=\"product-prop line-limit-length\"><span\n                                        class=\"property-title\">Rozmiar produktu:&nbsp;<\/span><span\n                                        class=\"property-desc line-limit-length\">9,84 x 3,14 x 2,75 cala<\/span>\n                            <\/li>\n<li class=\"product-prop line-limit-length\"><span\n                                        class=\"property-title\">Typ:&nbsp;<\/span><span\n                                        class=\"property-desc line-limit-length\">Zabawka do zabawy w wodzie<\/span>\n                            <\/li>\n<li class=\"product-prop line-limit-length\"><span\n                                        class=\"property-title\">Funkcja:&nbsp;<\/span><span\n                                        class=\"property-desc line-limit-length\">\u0141atwe \u0142adowanie<\/span>\n                            <\/li>\n<\/ul><\/div>\n<div class=\"detailmodule_html\">\n<div class=\"detail-desc-decorate-richtext\">\n<div style=\"font-family:&quot;Open sans&quot;, Arial, Helvetica, sans-serif\">\n<div><img decoding=\"async\" style=\"width:100%\" width=\"100%\" src=\"https:\/\/d2qc09rl1gfuof.cloudfront.net\/vevor\/boutique-banner\/pc\/banner-en.jpg\" slate-data-type=\"image\"\/><\/div>\n<div>\n<div style=\"font-size:16px;font-weight:bold;text-align:center;color:rgb(34, 34, 34);margin:24px 0px;margin-bottom:24px;margin-top:24px;margin-left:0px;margin-right:0px\" align=\"center\">Jazda na falach \u2014 najlepsza zabawa z \u0142odzi\u0105 zdalnie sterowan\u0105 VEVOR<\/div>\n<div><img decoding=\"async\" style=\"width:100%\" width=\"100%\" src=\"https:\/\/d2qc09rl1gfuof.cloudfront.net\/product\/SSYKCCJ30KMHMVT8A\/rc-boat-a100-1.4-pt.jpg\" slate-data-type=\"image\"\/><\/div>\n<div style=\"font-size:14px;text-align:center;color:rgb(34, 34, 34);margin:16px 0px 24px;margin-bottom:24px;margin-top:16px;margin-left:0px;margin-right:0px\" align=\"center\">Smuk\u0142a i stylowa, ta \u0142\u00f3d\u017a RC ma inspirowany wy\u015bcigami design. Dzi\u0119ki systemowi wy\u0142\u0105czania zasilania z wyrzutem wody i ca\u0142kowicie wodoodpornej konstrukcji jest bezpieczna i sprawia dzieciom przyjemno\u015b\u0107 bez obaw.<\/div>\n<\/div>\n<div>\n<div style=\"margin:8px 0px;margin-bottom:8px;margin-top:8px;margin-left:0px;margin-right:0px\"><img decoding=\"async\" style=\"width:100%\" width=\"100%\" src=\"https:\/\/d2qc09rl1gfuof.cloudfront.net\/product\/SSYKCCJ30KMHMVT8A\/rc-boat-a100-2.2-pt.jpg\" slate-data-type=\"image\"\/><\/div>\n<div style=\"font-size:14px;text-align:center;color:rgb(34, 34, 34);margin:16px 0px 24px;margin-bottom:24px;margin-top:16px;margin-left:0px;margin-right:0px\" align=\"center\">Dzi\u0119ki dw\u00f3m silnikom i \u015bmig\u0142om ta zdalnie sterowana \u0142\u00f3d\u017a zapewnia mocn\u0105, stabiln\u0105 prac\u0119, osi\u0105gaj\u0105c pr\u0119dko\u015b\u0107 do 12 km\/h. Idealnie nadaje si\u0119 do dodawania emocji i zabawy do ka\u017cdej aktywno\u015bci wodnej.<\/div>\n<\/div>\n<div>\n<div style=\"margin:8px 0px;margin-bottom:8px;margin-top:8px;margin-left:0px;margin-right:0px\"><img decoding=\"async\" style=\"width:100%\" width=\"100%\" src=\"https:\/\/d2qc09rl1gfuof.cloudfront.net\/product\/SSYKCCJ30KMHMVT8A\/rc-boat-a100-2.3-pt.jpg\" slate-data-type=\"image\"\/><\/div>\n<div style=\"font-size:14px;text-align:center;color:rgb(34, 34, 34);margin:16px 0px 24px;margin-bottom:24px;margin-top:16px;margin-left:0px;margin-right:0px\" align=\"center\">Wykonana z wytrzyma\u0142ego ABS i ca\u0142kowicie wodoodporna, ta \u0142\u00f3d\u017a motorowa RC zosta\u0142a zaprojektowana tak, aby radzi\u0107 sobie w trudnych warunkach i by\u0107 odporna na uderzenia. Jest niezawodna zar\u00f3wno podczas przyg\u00f3d na podw\u00f3rku, jak i na \u015bwie\u017cym powietrzu.<\/div>\n<\/div>\n<div>\n<div style=\"margin:8px 0px;margin-bottom:8px;margin-top:8px;margin-left:0px;margin-right:0px\"><img decoding=\"async\" style=\"width:100%\" width=\"100%\" src=\"https:\/\/d2qc09rl1gfuof.cloudfront.net\/product\/SSYKCCJ30KMHMVT8A\/rc-boat-a100-2.4-pt.jpg\" slate-data-type=\"image\"\/><\/div>\n<div style=\"font-size:14px;text-align:center;color:rgb(34, 34, 34);margin:16px 0px 24px;margin-bottom:24px;margin-top:16px;margin-left:0px;margin-right:0px\" align=\"center\">\u0141\u00f3d\u017a zdalna jest wyposa\u017cona w technologi\u0119 2.4G, kt\u00f3ra umo\u017cliwia p\u0142ynne sterowanie z odleg\u0142o\u015bci do 164 st\u00f3p\/50 m. \u015awietnie nadaje si\u0119 do wy\u015bcig\u00f3w \u0142odziami i obejmuje alert zasi\u0119gu, aby \u0142\u00f3d\u017a by\u0142a bezpiecznie w zasi\u0119gu r\u0119ki.<\/div>\n<\/div>\n<div>\n<div style=\"margin:8px 0px;margin-bottom:8px;margin-top:8px;margin-left:0px;margin-right:0px\"><img decoding=\"async\" style=\"width:100%\" width=\"100%\" src=\"https:\/\/d2qc09rl1gfuof.cloudfront.net\/product\/SSYKCCJ30KMHMVT8A\/rc-boat-a100-2.5-pt.jpg\" slate-data-type=\"image\"\/><\/div>\n<div style=\"font-size:14px;text-align:center;color:rgb(34, 34, 34);margin:16px 0px 24px;margin-bottom:24px;margin-top:16px;margin-left:0px;margin-right:0px\" align=\"center\">Dzi\u0119ki \u0142adowaniu przez USB i systemowi podw\u00f3jnej baterii ta zdalnie sterowana \u0142\u00f3d\u017a zapewnia ponad 90 minut zabawy. Zabierz ze sob\u0105 power bank, aby mie\u0107 nieko\u0144cz\u0105c\u0105 si\u0119 zabaw\u0119 podczas przyg\u00f3d na \u015bwie\u017cym powietrzu.<\/div>\n<\/div>\n<div style=\"margin:16px 0px 24px;margin-bottom:24px;margin-top:16px;margin-left:0px;margin-right:0px\"><\/div>\n<div style=\"margin:24px 0px;margin-bottom:24px;margin-top:24px;margin-left:0px;margin-right:0px\">\n<div style=\"font-size:16px;font-weight:bold;color:rgb(34, 34, 34);margin:24px 0px 16px;margin-bottom:16px;margin-top:24px;margin-left:0px;margin-right:0px\">Funkcje i szczeg\u00f3\u0142y<\/div>\n<ul style=\"margin:16px 0px 24px;margin-bottom:24px;margin-top:16px;margin-left:0px;margin-right:0px\">\n<li style=\"font-size:14px;color:rgb(34, 34, 34)\">\n<p>Osza\u0142amiaj\u0105ca \u0142\u00f3d\u017a zdalnie sterowana: Prze\u017cyj nocn\u0105 zabaw\u0119 \u017ceglarsk\u0105 z t\u0105 eleganck\u0105, stylow\u0105 \u0142odzi\u0105 zdalnie sterowan\u0105! Zaprojektowana tak, aby by\u0142a ca\u0142kowicie wodoodporna i trwa\u0142a, idealnie nadaje si\u0119 na bezpieczne letnie przygody. Specjalna funkcja automatycznego wy\u0142\u0105czania zasilania po wyj\u015bciu z wody zapewnia bezpiecze\u0144stwo i ochron\u0119. Pozw\u00f3l swoim dzieciom cieszy\u0107 si\u0119 ekscytuj\u0105c\u0105 zabaw\u0105 w wodzie przez ca\u0142\u0105 noc!<\/p>\n<\/li>\n<li style=\"font-size:14px;color:rgb(34, 34, 34)\">\n<p>Szybka zabawa: Ta zdalnie sterowana \u0142\u00f3d\u017a mknie po wodzie z pr\u0119dko\u015bci\u0105 do 12 km\/h dzi\u0119ki dw\u00f3m silnikom i \u015bmig\u0142om. Niezale\u017cnie od tego, czy \u015bcigasz si\u0119, czy eksplorujesz, jest stabilna i mocna, dodaj\u0105c emocji ka\u017cdej wodnej przygodzie.<\/p>\n<\/li>\n<li style=\"font-size:14px;color:rgb(34, 34, 34)\">\n<p>Wszechstronne \u017ceglarstwo: Od basen\u00f3w przydomowych po t\u0119tni\u0105ce \u017cyciem parki wodne i malownicze jeziora, ta zdalnie sterowana \u0142\u00f3d\u017a jest gotowa na ka\u017cde warunki. Jej wodoodporna i odporna na uderzenia konstrukcja zapewnia beztrosk\u0105 zabaw\u0119, bez wzgl\u0119du na to, gdzie si\u0119 bawisz.<\/p>\n<\/li>\n<li style=\"font-size:14px;color:rgb(34, 34, 34)\">\n<p>Sterowanie dalekiego zasi\u0119gu: Dzi\u0119ki technologii 2.4G, \u0142\u00f3d\u017a motorowa RC mo\u017ce by\u0107 sterowana z odleg\u0142o\u015bci do 164 st\u00f3p\/50 m. Dobrze radzi sobie z zak\u0142\u00f3ceniami i umo\u017cliwia wy\u015bcigi wielu \u0142odzi. Ponadto pilot ma alert zasi\u0119gu, kt\u00f3ry informuje, gdy \u0142\u00f3d\u017a znajdzie si\u0119 poza zasi\u0119giem, zapewniaj\u0105c bezpiecze\u0144stwo zabawy.<\/p>\n<\/li>\n<li style=\"font-size:14px;color:rgb(34, 34, 34)\">\n<p>\u0141atwe \u0142adowanie i d\u0142ugi czas zabawy: Dzi\u0119ki \u0142adowaniu przez USB i systemowi podw\u00f3jnej baterii 1200 mAh ta zdalnie sterowana \u0142\u00f3d\u017a dla dzieci zapewnia do 90 minut zabawy. Idealna do zabawy na \u015bwie\u017cym powietrzu \u2014 wystarczy zabra\u0107 power bank, aby przygoda trwa\u0142a ca\u0142y dzie\u0144!<\/p>\n<\/li>\n<\/ul>\n<\/div>\n<div>\n<div>\n<div style=\"margin:16px 0px 24px;margin-bottom:24px;margin-top:16px;margin-left:0px;margin-right:0px\"><img decoding=\"async\" style=\"width:100%\" width=\"100%\" src=\"https:\/\/d2qc09rl1gfuof.cloudfront.net\/product\/SSYKCCJ30KMHMVT8A\/rc-boat-a100-1.11-pt.jpg\" slate-data-type=\"image\"\/><\/div>\n<\/div>\n<\/div>\n<\/div>\n<div><\/div>\n<\/div>\n<\/div>\n<p><\/p>","protected":false},"excerpt":{"rendered":"<p>Hign-concerned Chemical:&nbsp;None Is Electric:&nbsp;lithium battery Barcode:&nbsp;No Power Source:&nbsp;Electric Model Number:&nbsp;HJ819 Max Speed:&nbsp;12 km\/h Frequency:&nbsp;2.4GHz State of Assembly:&nbsp;Unassembled Kit Remote Control:&nbsp;Yes Material:&nbsp;Plastic Recommend Age:&nbsp;6-12Y Origin:&nbsp;Mainland China Design:&nbsp;Speedboat Type:&nbsp;Boat &amp; Ship Features:&nbsp;REMOTE<\/p>","protected":false},"featured_media":24810,"comment_status":"open","ping_status":"closed","template":"","meta":{"_acf_changed":false},"product_brand":[],"product_cat":[519],"product_tag":[],"class_list":{"0":"post-24808","1":"product","2":"type-product","3":"status-publish","4":"has-post-thumbnail","6":"product_cat-rc-cars","8":"first","9":"instock","10":"shipping-taxable","11":"purchasable","12":"product-type-variable"},"acf":[],"_links":{"self":[{"href":"https:\/\/electricstore.eu\/pl\/wp-json\/wp\/v2\/product\/24808","targetHints":{"allow":["GET"]}}],"collection":[{"href":"https:\/\/electricstore.eu\/pl\/wp-json\/wp\/v2\/product"}],"about":[{"href":"https:\/\/electricstore.eu\/pl\/wp-json\/wp\/v2\/types\/product"}],"replies":[{"embeddable":true,"href":"https:\/\/electricstore.eu\/pl\/wp-json\/wp\/v2\/comments?post=24808"}],"wp:featuredmedia":[{"embeddable":true,"href":"https:\/\/electricstore.eu\/pl\/wp-json\/wp\/v2\/media\/24810"}],"wp:attachment":[{"href":"https:\/\/electricstore.eu\/pl\/wp-json\/wp\/v2\/media?parent=24808"}],"wp:term":[{"taxonomy":"product_brand","embeddable":true,"href":"https:\/\/electricstore.eu\/pl\/wp-json\/wp\/v2\/product_brand?post=24808"},{"taxonomy":"product_cat","embeddable":true,"href":"https:\/\/electricstore.eu\/pl\/wp-json\/wp\/v2\/product_cat?post=24808"},{"taxonomy":"product_tag","embeddable":true,"href":"https:\/\/electricstore.eu\/pl\/wp-json\/wp\/v2\/product_tag?post=24808"}],"curies":[{"name":"wp","href":"https:\/\/api.w.org\/{rel}","templated":true}]}}