{"id":24772,"date":"2025-05-20T18:42:41","date_gmt":"2025-05-20T18:42:41","guid":{"rendered":"https:\/\/electricstore.eu\/p\/uncategorized\/vevor-4400-lbs-wireless-electric-chain-hoist-with-g100-chain-20-ft-lifting-height-ip54-protection-three-phase-overhead-crane\/"},"modified":"2025-05-20T18:44:11","modified_gmt":"2025-05-20T18:44:11","slug":"vevor-4400-lbs-wireless-electric-chain-hoist-with-g100-chain-20-ft-lifting-height-ip54-protection-three-phase-overhead-crane","status":"publish","type":"product","link":"https:\/\/electricstore.eu\/pl\/p\/o\/electric-lifting-hoists\/vevor-4400-lbs-wireless-electric-chain-hoist-with-g100-chain-20-ft-lifting-height-ip54-protection-three-phase-overhead-crane\/","title":{"rendered":"VEVOR 4400 LBS Bezprzewodowy elektryczny wci\u0105gnik \u0142a\u0144cuchowy z \u0142a\u0144cuchem G100, wysoko\u015b\u0107 podnoszenia 20 st\u00f3p, ochrona IP54, suwnica tr\u00f3jfazowa"},"content":{"rendered":"<div class=\"product-specs-list-container\">\n<ul class=\"product-specs-list util-clearfix\">\n<li class=\"product-prop line-limit-length\"><span\n                                        class=\"property-title\">Substancja chemiczna budz\u0105ca du\u017ce obawy:&nbsp;<\/span><span\n                                        class=\"property-desc line-limit-length\">Nic<\/span>\n                            <\/li>\n<li class=\"product-prop line-limit-length\"><span\n                                        class=\"property-title\">Pochodzenie:&nbsp;<\/span><span\n                                        class=\"property-desc line-limit-length\">Chiny kontynentalne<\/span>\n                            <\/li>\n<li class=\"product-prop line-limit-length\"><span\n                                        class=\"property-title\">Nazwa marki:&nbsp;<\/span><span\n                                        class=\"property-desc line-limit-length\">WI\u0118ZI\u0106<\/span>\n                            <\/li>\n<\/ul><\/div>\n<div class=\"detailmodule_html\">\n<div class=\"detail-desc-decorate-richtext\">\n<div><\/div>\n<div style=\"font-family:&quot;Open sans&quot;, Arial, Helvetica, sans-serif\">\n<div><img decoding=\"async\" style=\"width:100%\" width=\"100%\" src=\"https:\/\/d2qc09rl1gfuof.cloudfront.net\/vevor\/boutique-banner\/pc\/banner-en.jpg\" slate-data-type=\"image\"\/><\/div>\n<div>\n<div style=\"font-size:16px;font-weight:bold;text-align:center;color:rgb(34, 34, 34);margin:24px 0px;margin-bottom:24px;margin-top:24px;margin-left:0px;margin-right:0px\" align=\"center\">Elektryczny wci\u0105gnik \u0142a\u0144cuchowy VEVOR \u2013 zmie\u0144 swoje spojrzenie na podnoszenie<\/div>\n<div><img decoding=\"async\" style=\"width:100%\" width=\"100%\" src=\"https:\/\/d2qc09rl1gfuof.cloudfront.net\/product\/DDHLHLSXDDLCS5G71\/electric-hoist-a100-1.4.jpg\" slate-data-type=\"image\"\/><\/div>\n<div style=\"font-size:14px;text-align:center;color:rgb(34, 34, 34);margin:16px 0px 24px;margin-bottom:24px;margin-top:16px;margin-left:0px;margin-right:0px\" align=\"center\">Nasz elektryczny wci\u0105gnik \u0142a\u0144cuchowy ma ud\u017awig 4400 funt\u00f3w (2000 kg), co czyni go idealnym do podnoszenia ci\u0119\u017ckich przedmiot\u00f3w w gara\u017cach. Jego du\u017ca pr\u0119dko\u015b\u0107 podnoszenia gwarantuje wydajn\u0105 prac\u0119 bez d\u0142ugiego czasu oczekiwania.<\/div>\n<\/div>\n<div>\n<div>\u00a0<\/div>\n<div style=\"margin:8px 0px;margin-bottom:8px;margin-top:8px;margin-left:0px;margin-right:0px\"><img decoding=\"async\" style=\"width:100%\" width=\"100%\" src=\"https:\/\/d2qc09rl1gfuof.cloudfront.net\/product\/DDHLHLSXDDLCS5G71\/electric-hoist-a100-2.2.jpg\" slate-data-type=\"image\"\/><\/div>\n<div style=\"font-size:14px;text-align:center;color:rgb(34, 34, 34);margin:16px 0px 24px;margin-bottom:24px;margin-top:16px;margin-left:0px;margin-right:0px\" align=\"center\">\u0141a\u0144cuch G100 zapewnia mniejsz\u0105 mas\u0119 ca\u0142kowit\u0105 i wi\u0119ksz\u0105 wytrzyma\u0142o\u015b\u0107 wci\u0105gnika elektrycznego. Umo\u017cliwia on przenoszenie du\u017cych obci\u0105\u017ce\u0144, zachowuj\u0105c jednocze\u015bnie wygod\u0119.<\/div>\n<\/div>\n<div>\n<div>\u00a0<\/div>\n<div style=\"margin:8px 0px;margin-bottom:8px;margin-top:8px;margin-left:0px;margin-right:0px\"><img decoding=\"async\" style=\"width:100%\" width=\"100%\" src=\"https:\/\/d2qc09rl1gfuof.cloudfront.net\/product\/DDHLHLSXDDLCS5G71\/electric-hoist-a100-2.3.jpg\" slate-data-type=\"image\"\/><\/div>\n<div style=\"font-size:14px;text-align:center;color:rgb(34, 34, 34);margin:16px 0px 24px;margin-bottom:24px;margin-top:16px;margin-left:0px;margin-right:0px\" align=\"center\">Ten elektryczny podno\u015bnik charakteryzuje si\u0119 wygodn\u0105 i praktyczn\u0105 konstrukcj\u0105, a tak\u017ce wyposa\u017cony jest w pas do podnoszenia r\u00f3\u017cnych ci\u0119\u017ckich przedmiot\u00f3w. Czu\u0142y pilot zdalnego sterowania umo\u017cliwia precyzyjne i wygodne podnoszenie.<\/div>\n<\/div>\n<div>\n<div>\u00a0<\/div>\n<div style=\"margin:8px 0px;margin-bottom:8px;margin-top:8px;margin-left:0px;margin-right:0px\"><img decoding=\"async\" style=\"width:100%\" width=\"100%\" src=\"https:\/\/d2qc09rl1gfuof.cloudfront.net\/product\/DDHLHLSXDDLCS5G71\/electric-hoist-a100-2.4.jpg\" slate-data-type=\"image\"\/><\/div>\n<div style=\"font-size:14px;text-align:center;color:rgb(34, 34, 34);margin:16px 0px 24px;margin-bottom:24px;margin-top:16px;margin-left:0px;margin-right:0px\" align=\"center\">Wydajny silnik miedziany zapewnia stabilne i bezpieczne podnoszenie ci\u0119\u017ckich przedmiot\u00f3w. Dzi\u0119ki systemowi hamowania awaryjnego i uk\u0142adowi ch\u0142odzenia powietrzem suwnica jest niezawodna i bezpieczna w u\u017cytkowaniu.<\/div>\n<\/div>\n<div>\n<div>\u00a0<\/div>\n<div style=\"margin:8px 0px;margin-bottom:8px;margin-top:8px;margin-left:0px;margin-right:0px\"><img decoding=\"async\" style=\"width:100%\" width=\"100%\" src=\"https:\/\/d2qc09rl1gfuof.cloudfront.net\/product\/DDHLHLSXDDLCS5G71\/electric-hoist-a100-2.5.jpg\" slate-data-type=\"image\"\/><\/div>\n<div style=\"font-size:14px;text-align:center;color:rgb(34, 34, 34);margin:16px 0px 24px;margin-bottom:24px;margin-top:16px;margin-left:0px;margin-right:0px\" align=\"center\">Nasz ma\u0142y podno\u015bnik elektryczny charakteryzuje si\u0119 zwi\u0119kszon\u0105 wytrzyma\u0142o\u015bci\u0105 i ud\u017awigiem, co pozwala na obs\u0142ug\u0119 wi\u0119kszych \u0142adunk\u00f3w. Wytrzyma\u0142e i solidniejsze materia\u0142y, z kt\u00f3rych jest wykonany, wyd\u0142u\u017caj\u0105 \u017cywotno\u015b\u0107 i poprawiaj\u0105 stabilno\u015b\u0107.<\/div>\n<\/div>\n<div style=\"margin:16px 0px 24px;margin-bottom:24px;margin-top:16px;margin-left:0px;margin-right:0px\"><\/div>\n<div style=\"margin:24px 0px;margin-bottom:24px;margin-top:24px;margin-left:0px;margin-right:0px\">\n<div style=\"font-size:16px;font-weight:bold;color:rgb(34, 34, 34);margin:24px 0px 16px;margin-bottom:16px;margin-top:24px;margin-left:0px;margin-right:0px\">Funkcje i szczeg\u00f3\u0142y<\/div>\n<ul style=\"margin:16px 0px 24px;margin-bottom:24px;margin-top:16px;margin-left:0px;margin-right:0px\">\n<li style=\"font-size:14px;color:rgb(34, 34, 34)\">\n<p>Ud\u017awig 4400 funt\u00f3w: Nasz elektryczny wci\u0105gnik \u0142a\u0144cuchowy jest wyposa\u017cony w \u0142a\u0144cuch G100, kt\u00f3ry zapewnia bezpieczny ud\u017awig 4400 funt\u00f3w\/2 tony. Mo\u017ce podnosi\u0107 wszelkiego rodzaju ci\u0119\u017ckie przedmioty z pr\u0119dko\u015bci\u0105 26 st\u00f3p\/min (7,9 m\/min) i maksymaln\u0105 wysoko\u015bci\u0105 podnoszenia 20 st\u00f3p\/6,1 m.<\/p>\n<\/li>\n<li style=\"font-size:14px;color:rgb(34, 34, 34)\">\n<p>Mocny silnik: Miedziany silnik o mocy 3000 W umo\u017cliwia obs\u0142ug\u0119 du\u017cych obci\u0105\u017ce\u0144 bez odkszta\u0142ce\u0144. Du\u017cy wentylator ch\u0142odnicy utrzymuje nisk\u0105 temperatur\u0119 elektrycznego wci\u0105gnika \u0142a\u0144cuchowego, zapobiegaj\u0105c przegrzaniu. Wszystkie te funkcje zapewniaj\u0105 wydajn\u0105 prac\u0119 i oszcz\u0119dzaj\u0105 czas i energi\u0119.<\/p>\n<\/li>\n<li style=\"font-size:14px;color:rgb(34, 34, 34)\">\n<p>Monta\u017c w mgnieniu oka: Nasz podno\u015bnik elektryczny jest \u0142atwy w monta\u017cu i mo\u017cna go zawiesi\u0107 bezpo\u015brednio na suficie za pomoc\u0105 metalowych lub drewnianych listew. Posiada wy\u0142\u0105cznik awaryjny i elektromagnetyczny hamulec, kt\u00f3ry zapobiega nadmiernemu po\u015blizgowi.<\/p>\n<\/li>\n<li style=\"font-size:14px;color:rgb(34, 34, 34)\">\n<p>Bezprzewodowe sterowanie zdalne: Wci\u0105gnik elektryczny jest wyposa\u017cony w bezprzewodowe sterowanie zdalne o maksymalnym zasi\u0119gu 100 m\/328 st\u00f3p. Pilot posiada czu\u0142\u0105 funkcj\u0119 prze\u0142\u0105czania i umo\u017cliwia obs\u0142ug\u0119 wci\u0105gnika elektrycznego jedn\u0105 r\u0119k\u0105 w celu podnoszenia, umieszczania i opuszczania sprz\u0119tu.<\/p>\n<\/li>\n<li style=\"font-size:14px;color:rgb(34, 34, 34)\">\n<p>U\u017cywaj wsz\u0119dzie: Nasza suwnica nadaje si\u0119 do gara\u017cy, sklep\u00f3w, hoteli i dom\u00f3w, idealna zar\u00f3wno dla profesjonalist\u00f3w, jak i hobbyst\u00f3w. Doskonale nadaje si\u0119 do naprawy \u0142odzi, samochod\u00f3w, kosiarek, w\u00f3zk\u00f3w golfowych, dekoracji wn\u0119trz, silnik\u00f3w, g\u0142az\u00f3w, drzew itp. Jest idealnym pomocnikiem do podnoszenia maszyn, a tak\u017ce wygodnym narz\u0119dziem dla my\u015bliwych do wieszania zwierzyny.<\/p>\n<\/li>\n<\/ul>\n<\/div>\n<div>\n<div>\u00a0<\/div>\n<div>\n<div>\u00a0<\/div>\n<div style=\"margin:16px 0px 24px;margin-bottom:24px;margin-top:16px;margin-left:0px;margin-right:0px\"><img decoding=\"async\" style=\"width:100%\" width=\"100%\" src=\"https:\/\/d2qc09rl1gfuof.cloudfront.net\/product\/DDHLHLSXDDLCS5G71\/electric-hoist-a100-1.11.jpg\" slate-data-type=\"image\"\/><\/div>\n<\/div>\n<\/div>\n<\/div>\n<\/div>\n<\/div>\n<p><\/p>","protected":false},"excerpt":{"rendered":"<p>Hign-concerned Chemical:&nbsp;None Origin:&nbsp;Mainland China Brand Name:&nbsp;VEVOR VEVOR Electric Chain Hoist\u2013Change the Way You Look at Lifting Our electric chain fall hoist has a lifting capacity of 4400 lbs, making it<\/p>","protected":false},"featured_media":24774,"comment_status":"open","ping_status":"closed","template":"","meta":{"_acf_changed":false},"product_brand":[],"product_cat":[517],"product_tag":[],"class_list":{"0":"post-24772","1":"product","2":"type-product","3":"status-publish","4":"has-post-thumbnail","6":"product_cat-electric-lifting-hoists","8":"first","9":"instock","10":"shipping-taxable","11":"purchasable","12":"product-type-variable"},"acf":[],"_links":{"self":[{"href":"https:\/\/electricstore.eu\/pl\/wp-json\/wp\/v2\/product\/24772","targetHints":{"allow":["GET"]}}],"collection":[{"href":"https:\/\/electricstore.eu\/pl\/wp-json\/wp\/v2\/product"}],"about":[{"href":"https:\/\/electricstore.eu\/pl\/wp-json\/wp\/v2\/types\/product"}],"replies":[{"embeddable":true,"href":"https:\/\/electricstore.eu\/pl\/wp-json\/wp\/v2\/comments?post=24772"}],"wp:featuredmedia":[{"embeddable":true,"href":"https:\/\/electricstore.eu\/pl\/wp-json\/wp\/v2\/media\/24774"}],"wp:attachment":[{"href":"https:\/\/electricstore.eu\/pl\/wp-json\/wp\/v2\/media?parent=24772"}],"wp:term":[{"taxonomy":"product_brand","embeddable":true,"href":"https:\/\/electricstore.eu\/pl\/wp-json\/wp\/v2\/product_brand?post=24772"},{"taxonomy":"product_cat","embeddable":true,"href":"https:\/\/electricstore.eu\/pl\/wp-json\/wp\/v2\/product_cat?post=24772"},{"taxonomy":"product_tag","embeddable":true,"href":"https:\/\/electricstore.eu\/pl\/wp-json\/wp\/v2\/product_tag?post=24772"}],"curies":[{"name":"wp","href":"https:\/\/api.w.org\/{rel}","templated":true}]}}