{"id":24729,"date":"2025-05-20T18:42:14","date_gmt":"2025-05-20T18:42:14","guid":{"rendered":"https:\/\/electricstore.eu\/p\/uncategorized\/bike-rack-holder-storage-bicycle-repair-stand-aluminum-alloy-cycle-peer-heights-adjustable-fold-cycle-professional-repair-tools\/"},"modified":"2025-05-20T18:43:29","modified_gmt":"2025-05-20T18:43:29","slug":"bike-rack-holder-storage-bicycle-repair-stand-aluminum-alloy-cycle-peer-heights-adjustable-fold-cycle-professional-repair-tools","status":"publish","type":"product","link":"https:\/\/electricstore.eu\/pl\/p\/a\/bike-rack-holder-storage-bicycle-repair-stand-aluminum-alloy-cycle-peer-heights-adjustable-fold-cycle-professional-repair-tools\/","title":{"rendered":"Uchwyt na rowery, stojak do naprawy rower\u00f3w, aluminiowy stojak na rowery, regulowany, sk\u0142adany, profesjonalne narz\u0119dzia do naprawy rower\u00f3w"},"content":{"rendered":"<div class=\"product-specs-list-container\">\n<ul class=\"product-specs-list util-clearfix\">\n<li class=\"product-prop line-limit-length\"><span\n                                        class=\"property-title\">Pochodzenie:&nbsp;<\/span><span\n                                        class=\"property-desc line-limit-length\">Chiny kontynentalne<\/span>\n                            <\/li>\n<\/ul><\/div>\n<div class=\"detailmodule_html\">\n<div class=\"detail-desc-decorate-richtext\">\n<p>Funkcja:\n<\/p>\n<p>Wytrzyma\u0142y i trwa\u0142y: Ten baga\u017cnik rowerowy wykonany jest z wytrzyma\u0142ego stopu aluminium i mo\u017ce przewozi\u0107 ci\u0119\u017ckie rowery o wadze do 45 kg, w tym rowery elektryczne, rowery z oponami fat i rowery szosowe. Rowery g\u00f3rskie. Nadaje si\u0119 do naprawy rower\u00f3w w domu lub w warsztacie.\n<\/p>\n<p>Wytrzyma\u0142a i stabilna rama: Uchwyt rowerowy ma solidn\u0105, wytrzyma\u0142\u0105 ram\u0119 i nieruchom\u0105 nog\u0119, co zapewnia maksymaln\u0105 stabilno\u015b\u0107. Szczypce maj\u0105 regulowane gumowe szcz\u0119ki na g\u0142owicy, kt\u00f3re pozwalaj\u0105 pewnie zamocowa\u0107 rower, nie rysuj\u0105c lakieru.\n<\/p>\n<p>Wygodna regulacja wysoko\u015bci: dostosuj uchwyt do swoich ergonomicznych potrzeb; wysoko\u015b\u0107 mo\u017cna regulowa\u0107, aby zminimalizowa\u0107 potrzeb\u0119 schylania si\u0119 lub kucania, co poprawia wydajno\u015b\u0107 podczas konserwacji roweru.\n<\/p>\n<p>Wygodna tacka na narz\u0119dzia: Utrzymuj porz\u0105dek i dost\u0119p do narz\u0119dzi dzi\u0119ki dodatkowym tacom na narz\u0119dzia, idealnym do przechowywania \u015brub, wkr\u0119tak\u00f3w, nasadek i innych. Dzi\u0119ki temu masz pod r\u0119k\u0105 wszystkie niezb\u0119dne narz\u0119dzia, co eliminuje przerwy w pracy.\n<\/p>\n<p>Sk\u0142adana konstrukcja: Ten stojak rowerowy jest sk\u0142adany, dzi\u0119ki czemu mo\u017cna go \u0142atwo zmontowa\u0107, zdemontowa\u0107 i przechowywa\u0107. Doskonale nadaje si\u0119 dla mobilnych mechanik\u00f3w lub warsztat\u00f3w. P\u0142ynnie dzia\u0142aj\u0105cy podn\u00f3\u017cek umo\u017cliwia szybkie podci\u0105gni\u0119cie obu n\u00f3g.\n<\/p>\n<\/p>\n<p>Specyfikacja:\n<\/p>\n<p>Nazwa: Stojak do naprawy rower\u00f3w\n<\/p>\n<p>Kolor: szampa\u0144ski\n<\/p>\n<p>Materia\u0142 produktu: stop aluminium\n<\/p>\n<p>Zakres podnoszenia: 98-159 cm\n<\/p>\n<p>Maksymalne obci\u0105\u017cenie: ok. 45 kg\n<\/p>\n<\/p>\n<p>Akcesoria do pakowania:\n<\/p>\n<p>1 sztuka stojaka do naprawy rower\u00f3w\n<\/p>\n<p><img decoding=\"async\" src=\"https:\/\/ae01.alicdn.com\/kf\/Aeaf00512807945f3bfd5626e71854eeb9.jpg\" slate-data-type=\"image\"\/><img decoding=\"async\" src=\"https:\/\/ae01.alicdn.com\/kf\/A03c411091bd642b7973a680f3ba9fb459.jpg\" slate-data-type=\"image\"\/><img decoding=\"async\" src=\"https:\/\/ae01.alicdn.com\/kf\/Ac206a81c61864c8eae037a1ed9b54fe0K.jpg\" slate-data-type=\"image\"\/><img decoding=\"async\" src=\"https:\/\/ae01.alicdn.com\/kf\/A1900d7edc1a645e495ba5a26ba411bd7n.jpg\" slate-data-type=\"image\"\/><img decoding=\"async\" src=\"https:\/\/ae01.alicdn.com\/kf\/Adabe93e4fc2a40a0b8d20f4285eace09O.jpg\" slate-data-type=\"image\"\/><img decoding=\"async\" src=\"https:\/\/ae01.alicdn.com\/kf\/Af5b39cc10e154395a0c2ee45bc46e13cr.jpg\" slate-data-type=\"image\"\/><img decoding=\"async\" src=\"https:\/\/ae01.alicdn.com\/kf\/A04f7da18105c43269c5bc64a096af83dj.jpg\" slate-data-type=\"image\"\/><img decoding=\"async\" src=\"https:\/\/ae01.alicdn.com\/kf\/A65a8c2da09804400af05e4f0048eed413.jpg\" slate-data-type=\"image\"\/><img decoding=\"async\" src=\"https:\/\/ae01.alicdn.com\/kf\/Aa3977084e85046c686598bf6e4026b27p.jpg\" slate-data-type=\"image\"\/><img decoding=\"async\" src=\"https:\/\/ae01.alicdn.com\/kf\/A1b6da4e2270e403880d2a68ae99c90b3i.jpg\" slate-data-type=\"image\"\/><\/p>\n<\/div>\n<\/div>","protected":false},"excerpt":{"rendered":"<p>Origin:&nbsp;Mainland China Feature\uff1a Sturdy and durable: This bicycle repair rack is made of sturdy aluminum alloy and can carry heavy bicycles weighing up to 45 kg, including electric bicycles, fat<\/p>","protected":false},"featured_media":24730,"comment_status":"open","ping_status":"closed","template":"","meta":{"_acf_changed":false},"product_brand":[],"product_cat":[525],"product_tag":[],"class_list":{"0":"post-24729","1":"product","2":"type-product","3":"status-publish","4":"has-post-thumbnail","6":"product_cat-a","8":"first","9":"instock","10":"shipping-taxable","11":"purchasable","12":"product-type-simple"},"acf":[],"_links":{"self":[{"href":"https:\/\/electricstore.eu\/pl\/wp-json\/wp\/v2\/product\/24729","targetHints":{"allow":["GET"]}}],"collection":[{"href":"https:\/\/electricstore.eu\/pl\/wp-json\/wp\/v2\/product"}],"about":[{"href":"https:\/\/electricstore.eu\/pl\/wp-json\/wp\/v2\/types\/product"}],"replies":[{"embeddable":true,"href":"https:\/\/electricstore.eu\/pl\/wp-json\/wp\/v2\/comments?post=24729"}],"wp:featuredmedia":[{"embeddable":true,"href":"https:\/\/electricstore.eu\/pl\/wp-json\/wp\/v2\/media\/24730"}],"wp:attachment":[{"href":"https:\/\/electricstore.eu\/pl\/wp-json\/wp\/v2\/media?parent=24729"}],"wp:term":[{"taxonomy":"product_brand","embeddable":true,"href":"https:\/\/electricstore.eu\/pl\/wp-json\/wp\/v2\/product_brand?post=24729"},{"taxonomy":"product_cat","embeddable":true,"href":"https:\/\/electricstore.eu\/pl\/wp-json\/wp\/v2\/product_cat?post=24729"},{"taxonomy":"product_tag","embeddable":true,"href":"https:\/\/electricstore.eu\/pl\/wp-json\/wp\/v2\/product_tag?post=24729"}],"curies":[{"name":"wp","href":"https:\/\/api.w.org\/{rel}","templated":true}]}}