{"id":24714,"date":"2025-05-20T18:42:05","date_gmt":"2025-05-20T18:42:05","guid":{"rendered":"https:\/\/electricstore.eu\/p\/uncategorized\/homcom-bicycle-roller-with-adjustable-resistance-8-levels-77x56x475\/"},"modified":"2025-05-20T18:43:08","modified_gmt":"2025-05-20T18:43:08","slug":"homcom-bicycle-roller-with-adjustable-resistance-8-levels-77x56x475","status":"publish","type":"product","link":"https:\/\/electricstore.eu\/pl\/p\/a\/homcom-bicycle-roller-with-adjustable-resistance-8-levels-77x56x475\/","title":{"rendered":"Rolka rowerowa HOMCOM z regulacj\u0105 oporu 8 poziom\u00f3w 77x56x47,5"},"content":{"rendered":"<div class=\"product-specs-list-container\">\n<ul class=\"product-specs-list util-clearfix\">\n<li class=\"product-prop line-limit-length\"><span\n                                        class=\"property-title\">Nazwa marki:&nbsp;<\/span><span\n                                        class=\"property-desc line-limit-length\">HOMCOM<\/span>\n                            <\/li>\n<li class=\"product-prop line-limit-length\"><span\n                                        class=\"property-title\">Pochodzenie:&nbsp;<\/span><span\n                                        class=\"property-desc line-limit-length\">Chiny kontynentalne<\/span>\n                            <\/li>\n<\/ul><\/div>\n<div class=\"detailmodule_html\">\n<div class=\"detail-desc-decorate-richtext\">\n<p><\/p>\n<div style=\"overflow:visible;height:auto\" class=\"lc-1\">\n<div class=\"f-line\">\n<div class=\"fts\">\n<div>\nChcesz pozby\u0107 si\u0119 nadmiaru tkanki t\u0142uszczowej fat w dowolnym czasie i miejscu? Chcesz trenowa\u0107 na rowerze niezale\u017cnie od pogody? Ten roller do treningu w pomieszczeniach HOMCOM to idealne rozwi\u0105zanie. Jest \u0142atwy w u\u017cyciu i chroni tali\u0119 i kolana podczas \u0107wicze\u0144. Posiada 8 poziom\u00f3w oporu magnetycznego, aby dostosowa\u0107 si\u0119 do r\u00f3\u017cnych trening\u00f3w. Jakby tego by\u0142o ma\u0142o, ten roller do treningu w pomieszczeniach jest sk\u0142adany, co u\u0142atwia jego przechowywanie i transport.<\/p><\/div><\/div><\/div>\n<\/div>\n<div class=\"lc-1\">\n<div class=\"f-line\">\n<div class=\"fts\">\n<div>\n    <strong>Cechy:<\/strong><br \/>\n    <br \/>\u2022 Idealna alternatywa dla jazdy na \u015bwie\u017cym powietrzu, gdy pada deszcz lub panuje du\u017cy ruch, pomagaj\u0105ca w doskonaleniu umiej\u0119tno\u015bci jazdy na rowerze<br \/>\n<br \/>\u2022 Sk\u0142adana konstrukcja u\u0142atwia przechowywanie i transport<br \/>\n<br \/>\u2022 8-stopniowy op\u00f3r odpowiada r\u00f3\u017cnym potrzebom treningowym, dzi\u0119ki czemu mo\u017cesz go dostosowa\u0107 w stopniu, w jakim poprawiasz swoj\u0105 kondycj\u0119 fizyczn\u0105<br \/>\n<br \/>\u2022 Wykonane z wysokiej jako\u015bci metalu i PP<br \/>\n<br \/>\u2022 Pasuje do rower\u00f3w szosowych i g\u00f3rskich z ko\u0142ami 650C, 700C lub 26\u201d \u2013 29\u201d.<\/p><\/div><\/div><\/div>\n<\/div>\n<div class=\"lc-1\">\n<div class=\"f-line\">\n<div class=\"fts\">\n<div>\n    <strong>Dane techniczne:<\/strong><br \/>\n    <br \/>\u2022 Kolor: niebieski<br \/>\n<br \/>\u2022 Materia\u0142: metal, PP, nylon<br \/>\n<br \/>\u2022 Wymiary ca\u0142kowite: 77x56x47,5 cm (DxSxG)<br \/>\n<br \/>\u2022 Akcesoria w zestawie: amortyzator przedniego ko\u0142a, dr\u0105\u017cek szybkiego demonta\u017cu, du\u017cy prze\u0142\u0105cznik rowerowy, klucz<br \/>\n<br \/>\u2022 Numer referencyjny: AA0-066<\/p>\n<p>\n   <\/div><\/div><\/div>\n<\/div>\n<div>\n <img decoding=\"async\" width=\"1000    \" height=\"35\" src=\"https:\/\/ae01.alicdn.com\/kf\/HTB1KhgjkfiSBuNkSnhJq6zDcpXaR.jpg\" slate-data-type=\"image\" \/>\n<\/div>\n<div class=\"content01\">\n<div class=\"content_img\">\n  <img decoding=\"async\" width=\"1000\" src=\"https:\/\/ae01.alicdn.com\/kf\/H581840f366d847e8a1e9800a41f8627ab.jpg\" slate-data-type=\"image\" \/>\n <\/div>\n<div class=\"content_img\">\n  <img decoding=\"async\" width=\"1000\" src=\"https:\/\/ae01.alicdn.com\/kf\/Hfe82448c70444edf895f8366e6d2f523E.jpg\" slate-data-type=\"image\" \/>\n <\/div>\n<div class=\"content_img\">\n  <img decoding=\"async\" width=\"1000\" src=\"https:\/\/ae01.alicdn.com\/kf\/H29217f1e606b46e7b19677af60c8421aO.jpg\" slate-data-type=\"image\" \/>\n <\/div>\n<div class=\"content_img\">\n  <img decoding=\"async\" width=\"1000\" src=\"https:\/\/ae01.alicdn.com\/kf\/H60d510e4d7644883b61a6c189f69a4a0O.jpg\" slate-data-type=\"image\" \/>\n <\/div>\n<div class=\"content_img\">\n  <img decoding=\"async\" width=\"1000\" src=\"https:\/\/ae01.alicdn.com\/kf\/H5cdaba8cc5104284bba1bd81df5a3b7ft.jpg\" slate-data-type=\"image\" \/>\n <\/div>\n<div class=\"content_img\">\n  <img decoding=\"async\" width=\"1000\" src=\"https:\/\/ae01.alicdn.com\/kf\/H28cb1b05e5f841958e9d2299742b6b01T.jpg\" slate-data-type=\"image\" \/>\n <\/div>\n<div class=\"content_img\">\n  <img decoding=\"async\" width=\"1000\" src=\"https:\/\/gsp.aliexpress.com\/apps\/product\/publish?spm=5261.ProductManageOnline.0.0.d2a64edfSJ3idI&amp;productId=4001283700647\" slate-data-type=\"image\" \/>\n <\/div>\n<div class=\"content_img\">\n  <img decoding=\"async\" width=\"1000\" src=\"https:\/\/gsp.aliexpress.com\/apps\/product\/publish?spm=5261.ProductManageOnline.0.0.d2a64edfSJ3idI&amp;productId=4001283700647\" slate-data-type=\"image\" \/>\n <\/div>\n<\/div>\n<div>\n <img fetchpriority=\"high\" decoding=\"async\" width=\"1000\" height=\"1881\" src=\"https:\/\/ae01.alicdn.com\/kf\/HTB1i.OtVMHqK1RjSZFkq6x.WFXaT.jpg\" slate-data-type=\"image\" \/>\n<\/div>\n<p><\/p>\n<\/div>\n<\/div>","protected":false},"excerpt":{"rendered":"<p>Brand Name:&nbsp;HOMCOM Origin:&nbsp;Mainland China &amp; Iquest; You want to get rid of your excess body fat anytime, anywhere? &amp; Iquest; You want to train on your bike regardless of the<\/p>","protected":false},"featured_media":24716,"comment_status":"open","ping_status":"closed","template":"","meta":{"_acf_changed":false},"product_brand":[],"product_cat":[525],"product_tag":[],"class_list":{"0":"post-24714","1":"product","2":"type-product","3":"status-publish","4":"has-post-thumbnail","6":"product_cat-a","8":"first","9":"instock","10":"shipping-taxable","11":"purchasable","12":"product-type-variable"},"acf":[],"_links":{"self":[{"href":"https:\/\/electricstore.eu\/pl\/wp-json\/wp\/v2\/product\/24714","targetHints":{"allow":["GET"]}}],"collection":[{"href":"https:\/\/electricstore.eu\/pl\/wp-json\/wp\/v2\/product"}],"about":[{"href":"https:\/\/electricstore.eu\/pl\/wp-json\/wp\/v2\/types\/product"}],"replies":[{"embeddable":true,"href":"https:\/\/electricstore.eu\/pl\/wp-json\/wp\/v2\/comments?post=24714"}],"wp:featuredmedia":[{"embeddable":true,"href":"https:\/\/electricstore.eu\/pl\/wp-json\/wp\/v2\/media\/24716"}],"wp:attachment":[{"href":"https:\/\/electricstore.eu\/pl\/wp-json\/wp\/v2\/media?parent=24714"}],"wp:term":[{"taxonomy":"product_brand","embeddable":true,"href":"https:\/\/electricstore.eu\/pl\/wp-json\/wp\/v2\/product_brand?post=24714"},{"taxonomy":"product_cat","embeddable":true,"href":"https:\/\/electricstore.eu\/pl\/wp-json\/wp\/v2\/product_cat?post=24714"},{"taxonomy":"product_tag","embeddable":true,"href":"https:\/\/electricstore.eu\/pl\/wp-json\/wp\/v2\/product_tag?post=24714"}],"curies":[{"name":"wp","href":"https:\/\/api.w.org\/{rel}","templated":true}]}}