{"id":24708,"date":"2025-05-20T18:42:00","date_gmt":"2025-05-20T18:42:00","guid":{"rendered":"https:\/\/electricstore.eu\/p\/uncategorized\/homcom-parking-for-4-bicycles-steel-bracket-110x33x27-cm-black\/"},"modified":"2025-05-20T18:43:07","modified_gmt":"2025-05-20T18:43:07","slug":"homcom-parking-for-4-bicycles-steel-bracket-110x33x27-cm-black","status":"publish","type":"product","link":"https:\/\/electricstore.eu\/pl\/p\/a\/homcom-parking-for-4-bicycles-steel-bracket-110x33x27-cm-black\/","title":{"rendered":"HOMCOM parking na 4 rowery uchwyt stalowy 110x33x27 cm czarny"},"content":{"rendered":"<div class=\"product-specs-list-container\">\n<ul class=\"product-specs-list util-clearfix\">\n<li class=\"product-prop line-limit-length\"><span\n                                        class=\"property-title\">Typ:&nbsp;<\/span><span\n                                        class=\"property-desc line-limit-length\">Podp\u00f3rka rowerowa<\/span>\n                            <\/li>\n<li class=\"product-prop line-limit-length\"><span\n                                        class=\"property-title\">Nazwa marki:&nbsp;<\/span><span\n                                        class=\"property-desc line-limit-length\">HOMCOM<\/span>\n                            <\/li>\n<li class=\"product-prop line-limit-length\"><span\n                                        class=\"property-title\">Pochodzenie:&nbsp;<\/span><span\n                                        class=\"property-desc line-limit-length\">Chiny kontynentalne<\/span>\n                            <\/li>\n<\/ul><\/div>\n<div class=\"detailmodule_html\">\n<div class=\"detail-desc-decorate-richtext\">\n<p><\/p>\n<div style=\"overflow:visible;height:auto\" class=\"lc-1\">\n<div class=\"f-line\">\n<div class=\"fts\">\n<div>\nJe\u015bli brakuje Ci miejsca w domu lub nie wiesz, jak zaparkowa\u0107 rowery w uporz\u0105dkowany spos\u00f3b, parking rowerowy HOMCOM jest rozwi\u0105zaniem. Mo\u017cna go zamontowa\u0107 zar\u00f3wno na pod\u0142odze wewn\u0105trz, jak i na zewn\u0105trz budynku. W zestawie znajduj\u0105 si\u0119 \u015bruby monta\u017cowe. Wykonany z demontowalnej stalowej konstrukcji, mo\u017cesz u\u017cywa\u0107 wspornik\u00f3w pojedynczo lub montowa\u0107 je w zale\u017cno\u015bci od potrzeb. Od teraz Twoje rowery b\u0119d\u0105 zawsze bezpiecznie zaparkowane.\n<\/div><\/div><\/div>\n<\/div>\n<div class=\"lc-1\">\n<div class=\"f-line\">\n<div class=\"fts\">\n<div>\n<\/div>\n<div>\n    <strong>Cechy:<\/strong>\n   <\/div>\n<div>\n-Wykonany ze stali malowanej proszkowo, odporny na warunki atmosferyczne<br \/>\n<br \/>- Wykonany z wyjmowan\u0105 konstrukcj\u0105, mo\u017cna regulowa\u0107 za pomoc\u0105 wi\u0119kszej lub mniejszej liczby podp\u00f3r<br \/>\n<br \/>- Jest lekki i zajmuje ma\u0142o miejsca, \u0142atwy do przenoszenia<br \/>\n<br \/>-\u0141atwy monta\u017c dzi\u0119ki wst\u0119pnie wywierconym otworom i do\u0142\u0105czonym \u015brubom<br \/>\n<br \/>-Idealny do bezpiecznego przechowywania rower\u00f3w w gara\u017cach, piwnicach, na tarasach, w warsztatach itp.<br \/>\n<br \/>-Mo\u017cna u\u017cywa\u0107 zar\u00f3wno wewn\u0105trz jak i na zewn\u0105trz<br \/>\n<br \/>-Wymaga szybkiego i \u0142atwego monta\u017cu<br \/>\n\n   <\/div><\/div><\/div>\n<\/div>\n<div class=\"lc-1\">\n<div class=\"f-line\">\n<div class=\"fts\">\n<div>\n<\/div>\n<div>\n    <strong>Dane techniczne:<\/strong>\n   <\/div>\n<div>\n-Kolor: czarny<br \/>\n<br \/>-Materia\u0142: Stal<br \/>\n<br \/>-Wymiary ca\u0142kowite: 110x33x27 cm (D\u0142. x szer. x wys.)<br \/>\n<br \/>-Sta\u0142y rozstaw d\u0119tek: 6,5 cm<br \/>\n<br \/>-Odleg\u0142o\u015b\u0107 mi\u0119dzy podporami: 25,5 cm<br \/>\n<br \/>-Numer referencyjny: AA0-024V01BK<br \/>\n\n   <\/div><\/div><\/div>\n<\/div>\n<div>\n <img decoding=\"async\" width=\"1000    \" height=\"35\" src=\"https:\/\/ae01.alicdn.com\/kf\/HTB1KhgjkfiSBuNkSnhJq6zDcpXaR.jpg\" slate-data-type=\"image\" \/>\n<\/div>\n<div class=\"content01\">\n<div class=\"content_img\">\n  <img decoding=\"async\" width=\"1000\" src=\"https:\/\/ae04.alicdn.com\/kf\/S962ad7ad93094a5b974f06e6be25c007B.jpg\" slate-data-type=\"image\" \/>\n <\/div>\n<div class=\"content_img\">\n  <img decoding=\"async\" width=\"1000\" src=\"https:\/\/ae04.alicdn.com\/kf\/S6264841dab4b4ff0a73336d78a7ab4fa4.jpg\" slate-data-type=\"image\" \/>\n <\/div>\n<div class=\"content_img\">\n  <img decoding=\"async\" width=\"1000\" src=\"https:\/\/ae04.alicdn.com\/kf\/Sd57bed020de2415b90c7635d2fabfe44K.jpg\" slate-data-type=\"image\" \/>\n <\/div>\n<div class=\"content_img\">\n  <img decoding=\"async\" width=\"1000\" src=\"https:\/\/ae04.alicdn.com\/kf\/S9435c55c5eb544fca8890bf47109913aS.jpg\" slate-data-type=\"image\" \/>\n <\/div>\n<div class=\"content_img\">\n  <img decoding=\"async\" width=\"1000\" src=\"https:\/\/ae04.alicdn.com\/kf\/Sdfdc24e1131c466c8624e79b74ef24c6x.jpg\" slate-data-type=\"image\" \/>\n <\/div>\n<div class=\"content_img\">\n  <img decoding=\"async\" width=\"1000\" src=\"https:\/\/ae04.alicdn.com\/kf\/Sd6326293311c406c8b518cd3fd24f285T.jpg\" slate-data-type=\"image\" \/>\n <\/div>\n<\/div>\n<div>\n <img fetchpriority=\"high\" decoding=\"async\" width=\"1000\" height=\"1881\" src=\"https:\/\/ae01.alicdn.com\/kf\/Ua8ece3e103ed470793ec3cb15da8a01fz.jpg\" slate-data-type=\"image\" \/>\n<\/div>\n<p><\/p>\n<\/div>\n<\/div>","protected":false},"excerpt":{"rendered":"<p>Type:&nbsp;Bicycle Kickstand Brand Name:&nbsp;HOMCOM Origin:&nbsp;Mainland China If you don&#8217;t have enough space at home or you don&#8217;t know how to park your bikes in an orderly manner, HOMCOM bike parking<\/p>","protected":false},"featured_media":24709,"comment_status":"open","ping_status":"closed","template":"","meta":{"_acf_changed":false},"product_brand":[],"product_cat":[525],"product_tag":[],"class_list":{"0":"post-24708","1":"product","2":"type-product","3":"status-publish","4":"has-post-thumbnail","6":"product_cat-a","8":"first","9":"instock","10":"shipping-taxable","11":"purchasable","12":"product-type-variable"},"acf":[],"_links":{"self":[{"href":"https:\/\/electricstore.eu\/pl\/wp-json\/wp\/v2\/product\/24708","targetHints":{"allow":["GET"]}}],"collection":[{"href":"https:\/\/electricstore.eu\/pl\/wp-json\/wp\/v2\/product"}],"about":[{"href":"https:\/\/electricstore.eu\/pl\/wp-json\/wp\/v2\/types\/product"}],"replies":[{"embeddable":true,"href":"https:\/\/electricstore.eu\/pl\/wp-json\/wp\/v2\/comments?post=24708"}],"wp:featuredmedia":[{"embeddable":true,"href":"https:\/\/electricstore.eu\/pl\/wp-json\/wp\/v2\/media\/24709"}],"wp:attachment":[{"href":"https:\/\/electricstore.eu\/pl\/wp-json\/wp\/v2\/media?parent=24708"}],"wp:term":[{"taxonomy":"product_brand","embeddable":true,"href":"https:\/\/electricstore.eu\/pl\/wp-json\/wp\/v2\/product_brand?post=24708"},{"taxonomy":"product_cat","embeddable":true,"href":"https:\/\/electricstore.eu\/pl\/wp-json\/wp\/v2\/product_cat?post=24708"},{"taxonomy":"product_tag","embeddable":true,"href":"https:\/\/electricstore.eu\/pl\/wp-json\/wp\/v2\/product_tag?post=24708"}],"curies":[{"name":"wp","href":"https:\/\/api.w.org\/{rel}","templated":true}]}}