{"id":24689,"date":"2025-05-20T18:41:47","date_gmt":"2025-05-20T18:41:47","guid":{"rendered":"https:\/\/electricstore.eu\/p\/uncategorized\/homcom-electric-car-for-kids-3-years-audi-rs-e-tron-gt-103x58x41-cm-white\/"},"modified":"2025-05-20T18:42:33","modified_gmt":"2025-05-20T18:42:33","slug":"homcom-electric-car-for-kids-3-years-audi-rs-e-tron-gt-103x58x41-cm-white","status":"publish","type":"product","link":"https:\/\/electricstore.eu\/pl\/p\/o\/homcom-electric-car-for-kids-3-years-audi-rs-e-tron-gt-103x58x41-cm-white\/","title":{"rendered":"Samoch\u00f3d elektryczny HOMCOM dla dzieci + 3 lata AUDI RS e-tron GT 103x58x41 cm Bia\u0142y"},"content":{"rendered":"<div class=\"product-specs-list-container\">\n<ul class=\"product-specs-list util-clearfix\">\n<li class=\"product-prop line-limit-length\"><span\n                                        class=\"property-title\">Nazwa marki:&nbsp;<\/span><span\n                                        class=\"property-desc line-limit-length\">HOMCOM<\/span>\n                            <\/li>\n<li class=\"product-prop line-limit-length\"><span\n                                        class=\"property-title\">Cechy:&nbsp;<\/span><span\n                                        class=\"property-desc line-limit-length\">Jecha\u0107 dalej<\/span>\n                            <\/li>\n<\/ul><\/div>\n<div class=\"detailmodule_html\">\n<div class=\"detail-desc-decorate-richtext\">\n<p>Je\u015bli szukasz elektrycznego samochodu dla swoich dzieci, zwr\u00f3\u0107 uwag\u0119 na ten elektryczny samoch\u00f3d dzieci\u0119cy HOMCOM. Posiada elementy, kt\u00f3re czyni\u0105 go naprawd\u0119 bezpiecznym i wyj\u0105tkowym. Posiada klakson, \u015bwiat\u0142a przednie, pas bezpiecze\u0144stwa, fabrycznie zainstalowany system nag\u0142o\u015bnienia oraz bardzo szerokie opony z amortyzacj\u0105. Mo\u017ce by\u0107 prowadzony przez dzieci za pomoc\u0105 kierownicy lub przez osob\u0119 doros\u0142\u0105 za pomoc\u0105 do\u0142\u0105czonego pilota.<\/p>\n<div class=\"detailmodule_html\">\n<div class=\"detail-desc-decorate-richtext\">\n<div style=\"overflow:visible;height:auto\" class=\"lc-1\">\n<div class=\"f-line\">\n<div class=\"fts\">\n<div>\u00a0<\/div>\n<\/div>\n<\/div>\n<\/div>\n<div class=\"lc-1\">\n<div class=\"f-line\">\n<div class=\"fts\">\n<div><strong>Cechy:<\/strong><\/div>\n<div>\u25cf Dzieci\u0119cy samoch\u00f3d elektryczny z nisko po\u0142o\u017conym \u015brodkiem ci\u0119\u017cko\u015bci i zawieszeniem na czterech ko\u0142ach zapewniaj\u0105cym p\u0142ynn\u0105 jazd\u0119;<\/div>\n<div>\u25cf Osobne przyciski klaksonu i muzyki;<\/div>\n<div>\u25cf Mechanizm powolnego startu zapewnia Twojemu dziecku maksymaln\u0105 ochron\u0119;<\/div>\n<div>\u25cf Elektryczny samoch\u00f3d dzieci\u0119cy ze wska\u017anikiem poziomu na\u0142adowania akumulatora;<\/div>\n<div>\u25cf Zawiera port AUX, USB i gniazdo na kart\u0119 TF;<\/div>\n<div>\u25cf Zawiera k\u00f3\u0142ka pomocnicze, kt\u00f3re umo\u017cliwiaj\u0105 \u0142atwe przesuwanie urz\u0105dzenia w przypadku roz\u0142adowania baterii lub gdy urz\u0105dzenie nie jest w\u0142\u0105czone;<\/div>\n<div>\u25cf Po pe\u0142nym na\u0142adowaniu akumulator 12 V pozwala na korzystanie z pojazdu przez maksymalnie 45 minut (w zale\u017cno\u015bci od sposobu u\u017cytkowania);<\/div>\n<div>\u25cf Wymagany jest monta\u017c;<\/div>\n<div><\/div>\n<\/div>\n<\/div>\n<\/div>\n<div class=\"lc-1\">\n<div class=\"f-line\">\n<div class=\"fts\">\n<div><strong>Dane techniczne:<\/strong><\/div>\n<\/div>\n<\/div>\n<\/div>\n<\/div>\n<\/div>\n<p>-Kolor: bia\u0142y, czarny;<\/p>\n<p>-Materia\u0142: polipropylen (PP), metal;<\/p>\n<p>-Wymiary ca\u0142kowite: 103x58x41 cm (DxSxG);<\/p>\n<p>-Wymiary siedziska: 34\u00d719,5\u00d713 cm (od pod\u0142o\u017ca);<\/p>\n<p>-Akumulator: 12V 4,5ah;<\/p>\n<p>- Pierwsze \u0142adowanie: 8-10 godzin, \u0142adowanie regularne: 10-12 godzin;<\/p>\n<p>-Pr\u0119dko\u015b\u0107: 3-5 km\/h;<\/p>\n<p>- Odleg\u0142o\u015b\u0107 zdalna: 25 m;<\/p>\n<p>-ko\u0142a PP: \u00d8 19\u00d77,5 cm (DxAL);<\/p>\n<p>- Czas pracy na baterii: 45 minut (w zale\u017cno\u015bci od sposobu u\u017cytkowania);<\/p>\n<p>-Maksymalne obci\u0105\u017cenie: 25 kg;<\/p>\n<p>-Baterie: 2 x AAA (brak w zestawie);<\/p>\n<p>- Zalecany wiek: 37-60 miesi\u0119cy;<\/p>\n<p>-Numer referencyjny: 370-220V90WT;<\/p>\n<p>Uwaga: Zawsze stosuj pod nadzorem osoby doros\u0142ej;<\/p>\n<div class=\"detailmodule_html\">\n<div class=\"detail-desc-decorate-richtext\">\n<div class=\"lc-1\">\n<div class=\"f-line\">\n<div class=\"fts\">\n<div><img decoding=\"async\" width=\"1000    \" height=\"35\" src=\"https:\/\/ae01.alicdn.com\/kf\/HTB1KhgjkfiSBuNkSnhJq6zDcpXaR.jpg\" slate-data-type=\"image\"\/><\/div>\n<\/div>\n<\/div>\n<\/div>\n<\/div>\n<\/div>\n<p><img decoding=\"async\" src=\"https:\/\/ae01.alicdn.com\/kf\/Sd488e7685245477a9190fe80382909ed3.jpg\" slate-data-type=\"image\"\/><img decoding=\"async\" src=\"https:\/\/ae01.alicdn.com\/kf\/S1d8210f644914a1084b6b350e0d6ff5fB.jpg\" slate-data-type=\"image\"\/><img decoding=\"async\" src=\"https:\/\/ae01.alicdn.com\/kf\/Sde1d5f5e5fde44868d096a0249e13145K.jpg\" slate-data-type=\"image\"\/><img decoding=\"async\" src=\"https:\/\/ae01.alicdn.com\/kf\/S99a8c65feda54a79a50b8d18731b8b1cJ.jpg\" slate-data-type=\"image\"\/><\/p>\n<div class=\"detailmodule_html\">\n<div class=\"detail-desc-decorate-richtext\">\n<div><img fetchpriority=\"high\" decoding=\"async\" width=\"1000\" height=\"1881\" src=\"https:\/\/ae01.alicdn.com\/kf\/Ua8ece3e103ed470793ec3cb15da8a01fz.jpg\" slate-data-type=\"image\"\/><\/div>\n<\/div>\n<\/div>\n<p><\/p>\n<\/div>\n<\/div>","protected":false},"excerpt":{"rendered":"<p>Brand Name:&nbsp;HOMCOM Features:&nbsp;Ride On If you are looking for an electric car for your children, look at this HOMCOM Electric children&#8217;s car. Features elements that make it really safe and<\/p>","protected":false},"featured_media":24690,"comment_status":"open","ping_status":"closed","template":"","meta":{"_acf_changed":false},"product_brand":[],"product_cat":[15],"product_tag":[],"class_list":{"0":"post-24689","1":"product","2":"type-product","3":"status-publish","4":"has-post-thumbnail","6":"product_cat-o","8":"first","9":"instock","10":"shipping-taxable","11":"purchasable","12":"product-type-variable"},"acf":[],"_links":{"self":[{"href":"https:\/\/electricstore.eu\/pl\/wp-json\/wp\/v2\/product\/24689","targetHints":{"allow":["GET"]}}],"collection":[{"href":"https:\/\/electricstore.eu\/pl\/wp-json\/wp\/v2\/product"}],"about":[{"href":"https:\/\/electricstore.eu\/pl\/wp-json\/wp\/v2\/types\/product"}],"replies":[{"embeddable":true,"href":"https:\/\/electricstore.eu\/pl\/wp-json\/wp\/v2\/comments?post=24689"}],"wp:featuredmedia":[{"embeddable":true,"href":"https:\/\/electricstore.eu\/pl\/wp-json\/wp\/v2\/media\/24690"}],"wp:attachment":[{"href":"https:\/\/electricstore.eu\/pl\/wp-json\/wp\/v2\/media?parent=24689"}],"wp:term":[{"taxonomy":"product_brand","embeddable":true,"href":"https:\/\/electricstore.eu\/pl\/wp-json\/wp\/v2\/product_brand?post=24689"},{"taxonomy":"product_cat","embeddable":true,"href":"https:\/\/electricstore.eu\/pl\/wp-json\/wp\/v2\/product_cat?post=24689"},{"taxonomy":"product_tag","embeddable":true,"href":"https:\/\/electricstore.eu\/pl\/wp-json\/wp\/v2\/product_tag?post=24689"}],"curies":[{"name":"wp","href":"https:\/\/api.w.org\/{rel}","templated":true}]}}