{"id":24676,"date":"2025-05-20T18:41:38","date_gmt":"2025-05-20T18:41:38","guid":{"rendered":"https:\/\/electricstore.eu\/p\/uncategorized\/homcom-3-6-year-old-kids-electric-car-with-2-motors-and-remote-control-12v-110x68x52-cm-black\/"},"modified":"2025-05-20T18:42:20","modified_gmt":"2025-05-20T18:42:20","slug":"homcom-3-6-year-old-kids-electric-car-with-2-motors-and-remote-control-12v-110x68x52-cm-black","status":"publish","type":"product","link":"https:\/\/electricstore.eu\/pl\/p\/o\/homcom-3-6-year-old-kids-electric-car-with-2-motors-and-remote-control-12v-110x68x52-cm-black\/","title":{"rendered":"HOMCOM Samoch\u00f3d elektryczny dla dzieci 3-6 lat z 2 silnikami i pilotem 12V 110x68x52 cm czarny"},"content":{"rendered":"<div class=\"product-specs-list-container\">\n<ul class=\"product-specs-list util-clearfix\">\n<li class=\"product-prop line-limit-length\"><span\n                                        class=\"property-title\">Nazwa marki:&nbsp;<\/span><span\n                                        class=\"property-desc line-limit-length\">HOMCOM<\/span>\n                            <\/li>\n<li class=\"product-prop line-limit-length\"><span\n                                        class=\"property-title\">Cechy:&nbsp;<\/span><span\n                                        class=\"property-desc line-limit-length\">Jecha\u0107 dalej<\/span>\n                            <\/li>\n<\/ul><\/div>\n<div class=\"detailmodule_html\">\n<div class=\"detail-desc-decorate-richtext\">\n<p><\/p>\n<div style=\"overflow:visible;height:auto\" class=\"lc-1\">\n<div class=\"f-line\">\n<div class=\"fts\">\n<div>\nJe\u015bli szukasz elektrycznego samochodu dla swoich pociech, sprawd\u017a ten samoch\u00f3d dzieci\u0119cy HOMCOM. Posiada gniazdo USB, kart\u0119 TF i wej\u015bcie AUX do pod\u0142\u0105czenia odtwarzacza MP3, reflektory z o\u015bwietleniem, pas bezpiecze\u0144stwa, wgran\u0105 muzyk\u0119 i bardzo szerokie opony. Mo\u017ce by\u0107 prowadzony przez dzieci za pomoc\u0105 kierownicy lub przez osob\u0119 doros\u0142\u0105 za pomoc\u0105 do\u0142\u0105czonego pilota.\n<\/div><\/div><\/div>\n<\/div>\n<div class=\"lc-1\">\n<div class=\"f-line\">\n<div class=\"fts\">\n<div>\n    <strong>Cechy:<\/strong>\n   <\/div>\n<div>\n\u25cf Oba silniki zapewniaj\u0105 lepsz\u0105 przyczepno\u015b\u0107 i jazd\u0119 po trawie lub glebach o nier\u00f3wnych nawierzchniach<br \/>\n<br \/>\u25cf \u0141atwe przemieszczanie dzi\u0119ki r\u0105czce do pchania i k\u00f3\u0142kom wspomagaj\u0105cym<br \/>\n<br \/>\u25cf Wska\u017anik zasilania monitoruj\u0105cy poziom na\u0142adowania baterii<br \/>\n<br \/>\u25cf \u015awiat\u0142a przednie i tylne LED oraz klakson<br \/>\n<br \/>\u25cf Mechanizm wolnego startu zapewnia Twojemu dziecku maksymaln\u0105 ochron\u0119<br \/>\n<br \/>\u25cf Regulacja dwubiegowa (manualna) lub trzybiegowa (pilot) z maksymaln\u0105 pr\u0119dko\u015bci\u0105 5 km\/h<br \/>\n<br \/>\u25cf Z 2 trybami jazdy: manualnym za pomoc\u0105 kierownicy lub pilotem 2,4G<br \/>\n<br \/>\u25cf Funkcja muzyczna, centrum multimedialne i wej\u015bcie USB, interfejs AUX (z kablem)<br \/>\n<br \/>\u25cf Wymagany monta\u017c<br \/>\n\n   <\/div><\/div><\/div>\n<\/div>\n<div class=\"lc-1\">\n<div class=\"f-line\">\n<div class=\"fts\">\n<div>\n    <strong>Dane techniczne:<\/strong>\n   <\/div>\n<div>\n-Kolor: czarny<br \/>\n<br \/>-Materia\u0142: PP, metal<br \/>\n<br \/>-Wymiary ca\u0142kowite: 110x68x52 cm (DxSxG)<br \/>\n<br \/>-Wymiary siedziska: 39\u00d721,5\u00d714 cm (od siedziska do pod\u0142ogi)<br \/>\n<br \/>-Wymiary ko\u0142a: \u00d8 23,5 cm<br \/>\n<br \/>-Pr\u0119dko\u015b\u0107: 3-5 km\/h<br \/>\n<br \/>-Akumulator: 12V 4,5ah x 1<br \/>\n<br \/>-Silnik: 30W x 2<br \/>\n<br \/>-Zasi\u0119g dowodzenia: 25 m<br \/>\n<br \/>-Czas \u0142adowania: 8-12 godzin<br \/>\n<br \/>- Autonomia: 1 godzina (przy pe\u0142nym obci\u0105\u017ceniu)<br \/>\n<br \/>- Zalecany wiek: 37-72 miesi\u0105ce<br \/>\n<br \/>-Certyfikaty: w 71-1-2-3, w 62115, EMC, ROHS, ERP, MSDS<br \/>\n<br \/>-Maksymalne obci\u0105\u017cenie: 30 kg<br \/>\n<br \/>-Baterie: 2 x AA (brak w zestawie)<br \/>\n<br \/>-Numer referencyjny: 370-217V90BK<br \/>\n<br \/>Uwaga: Zawsze stosowa\u0107 pod nadzorem osoby doros\u0142ej.<br \/>\n\n   <\/div><\/div><\/div>\n<\/div>\n<div>\n <img decoding=\"async\" width=\"1000    \" height=\"35\" src=\"https:\/\/ae01.alicdn.com\/kf\/HTB1KhgjkfiSBuNkSnhJq6zDcpXaR.jpg\" slate-data-type=\"image\" \/>\n<\/div>\n<div class=\"content01\">\n<div class=\"content_img\">\n  <img decoding=\"async\" width=\"1000\" src=\"https:\/\/ae04.alicdn.com\/kf\/S6f3232904d2d430eb1080880defcc687L.jpg\" slate-data-type=\"image\" \/>\n <\/div>\n<div class=\"content_img\">\n  <img decoding=\"async\" width=\"1000\" src=\"https:\/\/ae04.alicdn.com\/kf\/S98e47e773a424676a86e44a825a1172ax.jpg\" slate-data-type=\"image\" \/>\n <\/div>\n<div class=\"content_img\">\n  <img decoding=\"async\" width=\"1000\" src=\"https:\/\/ae04.alicdn.com\/kf\/S78adacce884e4e2d8251152be20733aaS.jpg\" slate-data-type=\"image\" \/>\n <\/div>\n<div class=\"content_img\">\n  <img decoding=\"async\" width=\"1000\" src=\"https:\/\/ae04.alicdn.com\/kf\/Sd1e4a1047ce1470bb1f19770adab455cM.jpg\" slate-data-type=\"image\" \/>\n <\/div>\n<div class=\"content_img\">\n  <img decoding=\"async\" width=\"1000\" src=\"https:\/\/ae04.alicdn.com\/kf\/S8ab3209f2944438c9bfc6e4e87a79226e.jpg\" slate-data-type=\"image\" \/>\n <\/div>\n<div class=\"content_img\">\n  <img decoding=\"async\" width=\"1000\" src=\"https:\/\/ae04.alicdn.com\/kf\/S7b1ac00abd2942d2904710caea873118f.jpg\" slate-data-type=\"image\" \/>\n <\/div>\n<\/div>\n<div>\n <img fetchpriority=\"high\" decoding=\"async\" width=\"1000\" height=\"1881\" src=\"https:\/\/ae01.alicdn.com\/kf\/Ua8ece3e103ed470793ec3cb15da8a01fz.jpg\" slate-data-type=\"image\" \/>\n<\/div>\n<p><\/p>\n<\/div>\n<\/div>","protected":false},"excerpt":{"rendered":"<p>Brand Name:&nbsp;HOMCOM Features:&nbsp;Ride On If you are looking for a children&#8217;s electric vehicle for your children, check out This HOMCOM children&#8217;s car. It has USB slot, TF and an auxiliary<\/p>","protected":false},"featured_media":24677,"comment_status":"open","ping_status":"closed","template":"","meta":{"_acf_changed":false},"product_brand":[],"product_cat":[15],"product_tag":[],"class_list":{"0":"post-24676","1":"product","2":"type-product","3":"status-publish","4":"has-post-thumbnail","6":"product_cat-o","8":"first","9":"instock","10":"shipping-taxable","11":"purchasable","12":"product-type-variable"},"acf":[],"_links":{"self":[{"href":"https:\/\/electricstore.eu\/pl\/wp-json\/wp\/v2\/product\/24676","targetHints":{"allow":["GET"]}}],"collection":[{"href":"https:\/\/electricstore.eu\/pl\/wp-json\/wp\/v2\/product"}],"about":[{"href":"https:\/\/electricstore.eu\/pl\/wp-json\/wp\/v2\/types\/product"}],"replies":[{"embeddable":true,"href":"https:\/\/electricstore.eu\/pl\/wp-json\/wp\/v2\/comments?post=24676"}],"wp:featuredmedia":[{"embeddable":true,"href":"https:\/\/electricstore.eu\/pl\/wp-json\/wp\/v2\/media\/24677"}],"wp:attachment":[{"href":"https:\/\/electricstore.eu\/pl\/wp-json\/wp\/v2\/media?parent=24676"}],"wp:term":[{"taxonomy":"product_brand","embeddable":true,"href":"https:\/\/electricstore.eu\/pl\/wp-json\/wp\/v2\/product_brand?post=24676"},{"taxonomy":"product_cat","embeddable":true,"href":"https:\/\/electricstore.eu\/pl\/wp-json\/wp\/v2\/product_cat?post=24676"},{"taxonomy":"product_tag","embeddable":true,"href":"https:\/\/electricstore.eu\/pl\/wp-json\/wp\/v2\/product_tag?post=24676"}],"curies":[{"name":"wp","href":"https:\/\/api.w.org\/{rel}","templated":true}]}}