{"id":24669,"date":"2025-05-20T18:41:34","date_gmt":"2025-05-20T18:41:34","guid":{"rendered":"https:\/\/electricstore.eu\/p\/uncategorized\/homcom-moto-electrica-para-ninos-de-18-36-meses-66x37x44-cm-rojo\/"},"modified":"2025-05-20T18:42:23","modified_gmt":"2025-05-20T18:42:23","slug":"homcom-moto-electrica-para-ninos-de-18-36-meses-66x37x44-cm-rojo","status":"publish","type":"product","link":"https:\/\/electricstore.eu\/pl\/p\/motorbikes\/electric-children-motorbikes\/homcom-moto-electrica-para-ninos-de-18-36-meses-66x37x44-cm-rojo\/","title":{"rendered":"HOMCOM Moto El\u00e9ctrica dla Ni\u00f1os de 18-36 Meses 66x37x44 cm Rojo"},"content":{"rendered":"<div class=\"product-specs-list-container\">\n<ul class=\"product-specs-list util-clearfix\">\n<li class=\"product-prop line-limit-length\"><span\n                                        class=\"property-title\">Czy jest elektryczny:&nbsp;<\/span><span\n                                        class=\"property-desc line-limit-length\">Inna bateria<\/span>\n                            <\/li>\n<li class=\"product-prop line-limit-length\"><span\n                                        class=\"property-title\">Nazwa marki:&nbsp;<\/span><span\n                                        class=\"property-desc line-limit-length\">HOMCOM<\/span>\n                            <\/li>\n<li class=\"product-prop line-limit-length\"><span\n                                        class=\"property-title\">Cechy:&nbsp;<\/span><span\n                                        class=\"property-desc line-limit-length\">Odlew ci\u015bnieniowy<\/span>\n                            <\/li>\n<\/ul><\/div>\n<div class=\"detailmodule_html\">\n<div class=\"detail-desc-decorate-richtext\">\n<div style=\"overflow:visible;height:auto\">\n<div>\n<div>\n<div>Z prawem jazdy na motocykl BMW dla dzieci. Pr\u0119dko\u015b\u0107 maksymalna 2,5 km\/h, ubezpieczenie dla dzieci w wieku od 18 do 36 miesi\u0119cy. Wygodne siedzenie i wbudowana muzyka BUTTON zapewniaj\u0105 przyjemne otoczenie dla dzieci w drodze. Zabierz ten zabawkowy motocykl do domu, aby zach\u0119ci\u0107 swoich syn\u00f3w do zabawy na \u015bwie\u017cym powietrzu. Jego pi\u0119kne \u015bwiat\u0142a robocze Royal Auto daj\u0105 poczucie...<\/p>\n<\/div>\n<\/div>\n<\/div>\n<\/div>\n<div>\n<div>\n<div>\n<div><strong>Cechy:<\/strong><br \/>Robot BMW z licencj\u0105, wyj\u0105tkowym wygl\u0105dem, op\u0142ywowym designem i wyj\u0105tkowym<br \/>Robot sterowany peda\u0142em i falbankami. Zam\u00f3w dla dzieci w wieku od 18 do 36 miesi\u0119cy.<br \/>Robot Super stabilny z konstrukcj\u0105 na 3 ko\u0142ach<br \/>Latarnie morskie robot\u00f3w dzia\u0142aj\u0105, muzyka jest wbudowana, a funkcje zaawansowane, sterowanie peda\u0142ami s\u0105 bardziej realistyczne<br \/>Robot Rozwijaj naturaln\u0105 koordynacj\u0119 wzrokowo-ruchow\u0105 w grze i \u015bmiech<br \/>Siedzisko do suszenia PIKOWANE Dodatkowa szeroko\u015b\u0107 i amortyzator spr\u0119\u017cynowy do materaca One Direction mi\u0119kkiego i toaletowego<br \/>Silnik robota 6 V zapewniaj\u0105cy mocny nap\u0119d TY\u0141 i pe\u0142ne obci\u0105\u017cenie umo\u017cliwiaj\u0105ce 45 min ci\u0105g\u0142ego odtwarzania<br \/>Robot Super proste siod\u0142o<\/p>\n<p><\/div>\n<\/div>\n<\/div>\n<\/div>\n<div>\n<div>\n<div>\n<div>Kolor robota: czerwony\/czarny<br \/>Materia\u0142 robota: metal i PP<br \/>Wymiary robota: 66x37x44 cm (d\u0142. x szer. x wys.)<br \/>Wymiary siedziska robota: 22\u00d714 cm (d\u0142. x szer.)<br \/>Rozmiar robota Ko\u0142o: \u042418\u00d77,5 cm (DxAN)<br \/>Czas schni\u0119cia Pierwsze za\u0142adowanie pe\u0142ne: 10-12 godz.<br \/>Czas suszenia (obci\u0105\u017cenie konwencjonalne): 10 godz.<br \/>Czas schni\u0119cia U\u017cywaj nadal z pe\u0142nym obci\u0105\u017ceniem: 45 min<br \/>Baterie do robota 1: 6 V, 4AH<br \/>\u0141adowarka robota: 6 V, 500MA<br \/>Silnik robota: 390 #<br \/>Masa netto po wysuszeniu: 4 kg<br \/>Maksymalna pojemno\u015b\u0107 suszenia (\u0142adowanie od g\u00f3ry): 20 kg<br \/>Numer referencyjny robota: 370-064RD\/370-064BK<\/div>\n<\/div>\n<\/div>\n<\/div>\n<div><img decoding=\"async\" width=\"1000    \" height=\"35\" src=\"https:\/\/ae01.alicdn.com\/kf\/HTB1KhgjkfiSBuNkSnhJq6zDcpXaR.jpg\" slate-data-type=\"image\"\/><\/div>\n<div>\n<div><img width=\"1000\" slate-data-type=\"image\"\/><\/div>\n<div><img width=\"1000\" slate-data-type=\"image\"\/><\/div>\n<div><img width=\"1000\" slate-data-type=\"image\"\/><\/div>\n<div><img width=\"1000\" slate-data-type=\"image\"\/><\/div>\n<div><img width=\"1000\" slate-data-type=\"image\"\/><\/div>\n<div><img width=\"1000\" slate-data-type=\"image\"\/><\/div>\n<div><img width=\"1000\" slate-data-type=\"image\"\/><\/div>\n<div><img width=\"1000\" slate-data-type=\"image\"\/><\/div>\n<\/div>\n<div><img fetchpriority=\"high\" decoding=\"async\" width=\"1000\" height=\"1881\" src=\"https:\/\/ae01.alicdn.com\/kf\/HTB1Pe4ZKAOWBuNjSsppq6xPgpXay.jpg\" slate-data-type=\"image\"\/><\/div>\n<\/div>\n<\/div>\n<p><\/p>","protected":false},"excerpt":{"rendered":"<p>Is Electric:&nbsp;Other Battery Brand Name:&nbsp;HOMCOM Features:&nbsp;Diecast With a license for BMW motorcycle child. With a top speed 2.5 km\/h, order child is insurance from 18 to 36 months old. The<\/p>","protected":false},"featured_media":24670,"comment_status":"open","ping_status":"closed","template":"","meta":{"_acf_changed":false},"product_brand":[],"product_cat":[313],"product_tag":[],"class_list":{"0":"post-24669","1":"product","2":"type-product","3":"status-publish","4":"has-post-thumbnail","6":"product_cat-electric-children-motorbikes","8":"first","9":"instock","10":"shipping-taxable","11":"purchasable","12":"product-type-variable"},"acf":[],"_links":{"self":[{"href":"https:\/\/electricstore.eu\/pl\/wp-json\/wp\/v2\/product\/24669","targetHints":{"allow":["GET"]}}],"collection":[{"href":"https:\/\/electricstore.eu\/pl\/wp-json\/wp\/v2\/product"}],"about":[{"href":"https:\/\/electricstore.eu\/pl\/wp-json\/wp\/v2\/types\/product"}],"replies":[{"embeddable":true,"href":"https:\/\/electricstore.eu\/pl\/wp-json\/wp\/v2\/comments?post=24669"}],"wp:featuredmedia":[{"embeddable":true,"href":"https:\/\/electricstore.eu\/pl\/wp-json\/wp\/v2\/media\/24670"}],"wp:attachment":[{"href":"https:\/\/electricstore.eu\/pl\/wp-json\/wp\/v2\/media?parent=24669"}],"wp:term":[{"taxonomy":"product_brand","embeddable":true,"href":"https:\/\/electricstore.eu\/pl\/wp-json\/wp\/v2\/product_brand?post=24669"},{"taxonomy":"product_cat","embeddable":true,"href":"https:\/\/electricstore.eu\/pl\/wp-json\/wp\/v2\/product_cat?post=24669"},{"taxonomy":"product_tag","embeddable":true,"href":"https:\/\/electricstore.eu\/pl\/wp-json\/wp\/v2\/product_tag?post=24669"}],"curies":[{"name":"wp","href":"https:\/\/api.w.org\/{rel}","templated":true}]}}