{"id":24654,"date":"2025-05-20T18:41:24","date_gmt":"2025-05-20T18:41:24","guid":{"rendered":"https:\/\/electricstore.eu\/p\/uncategorized\/homcom-electric-car-for-kids-audi-e-tron-speed-3-5-km-h-black\/"},"modified":"2025-05-20T18:41:45","modified_gmt":"2025-05-20T18:41:45","slug":"homcom-electric-car-for-kids-audi-e-tron-speed-3-5-km-h-black","status":"publish","type":"product","link":"https:\/\/electricstore.eu\/pl\/p\/o\/homcom-electric-car-for-kids-audi-e-tron-speed-3-5-km-h-black\/","title":{"rendered":"Samoch\u00f3d elektryczny HOMCOM dla dzieci Audi e-tron Pr\u0119dko\u015b\u0107 3-5 km\/h Czarny"},"content":{"rendered":"<div class=\"product-specs-list-container\">\n<ul class=\"product-specs-list util-clearfix\">\n<li class=\"product-prop line-limit-length\"><span\n                                        class=\"property-title\">Elektroniczny:&nbsp;<\/span><span\n                                        class=\"property-desc line-limit-length\">TAK<\/span>\n                            <\/li>\n<li class=\"product-prop line-limit-length\"><span\n                                        class=\"property-title\">P\u0142e\u0107:&nbsp;<\/span><span\n                                        class=\"property-desc line-limit-length\">Dla obu p\u0142ci<\/span>\n                            <\/li>\n<li class=\"product-prop line-limit-length\"><span\n                                        class=\"property-title\">\u0179r\u00f3d\u0142o zasilania:&nbsp;<\/span><span\n                                        class=\"property-desc line-limit-length\">Elektryczny<\/span>\n                            <\/li>\n<li class=\"product-prop line-limit-length\"><span\n                                        class=\"property-title\">Rozmiar:&nbsp;<\/span><span\n                                        class=\"property-desc line-limit-length\">108x60x47 cm<\/span>\n                            <\/li>\n<li class=\"product-prop line-limit-length\"><span\n                                        class=\"property-title\">Cechy:&nbsp;<\/span><span\n                                        class=\"property-desc line-limit-length\">Jecha\u0107 dalej<\/span>\n                            <\/li>\n<li class=\"product-prop line-limit-length\"><span\n                                        class=\"property-title\">Tworzywo:&nbsp;<\/span><span\n                                        class=\"property-desc line-limit-length\">Metal<\/span>\n                            <\/li>\n<li class=\"product-prop line-limit-length\"><span\n                                        class=\"property-title\">Styl:&nbsp;<\/span><span\n                                        class=\"property-desc line-limit-length\">SAMOCH\u00d3D<\/span>\n                            <\/li>\n<li class=\"product-prop line-limit-length\"><span\n                                        class=\"property-title\">Wymiary:&nbsp;<\/span><span\n                                        class=\"property-desc line-limit-length\">108x60x47 cm<\/span>\n                            <\/li>\n<li class=\"product-prop line-limit-length\"><span\n                                        class=\"property-title\">Numer ko\u0142a:&nbsp;<\/span><span\n                                        class=\"property-desc line-limit-length\">Cztery<\/span>\n                            <\/li>\n<li class=\"product-prop line-limit-length\"><span\n                                        class=\"property-title\">Nazwa marki:&nbsp;<\/span><span\n                                        class=\"property-desc line-limit-length\">HOMCOM<\/span>\n                            <\/li>\n<li class=\"product-prop line-limit-length\"><span\n                                        class=\"property-title\">Pochodzenie:&nbsp;<\/span><span\n                                        class=\"property-desc line-limit-length\">Chiny kontynentalne<\/span>\n                            <\/li>\n<li class=\"product-prop line-limit-length\"><span\n                                        class=\"property-title\">Zalecany wiek:&nbsp;<\/span><span\n                                        class=\"property-desc line-limit-length\">3-6 lat<\/span>\n                            <\/li>\n<\/ul><\/div>\n<div class=\"detailmodule_html\">\n<div class=\"detail-desc-decorate-richtext\">\n<p><\/p>\n<div style=\"overflow:visible;height:auto\" class=\"lc-1\">\n<div class=\"f-line\">\n<div class=\"fts\">\n<div>\nJe\u015bli szukasz elektrycznego samochodu dla swoich pociech, sprawd\u017a to Audi od HOMCOM. Charakteryzuje si\u0119 elementami, kt\u00f3re czyni\u0105 go naprawd\u0119 bezpiecznym i wyj\u0105tkowym. Posiada USB, wej\u015bcie na kart\u0119 TF i MP3, pod\u015bwietlane \u015bwiat\u0142a przednie i tylne, otwierane drzwi, pas bezpiecze\u0144stwa i bardzo szerokie opony. Mo\u017ce by\u0107 prowadzony przez dzieci za pomoc\u0105 kierownicy lub przez osob\u0119 doros\u0142\u0105 za pomoc\u0105 do\u0142\u0105czonego pilota. Dzieci b\u0119d\u0105 si\u0119 \u015bwietnie bawi\u0107 tym samochodem elektrycznym z oficjaln\u0105 licencj\u0105 Audi.\n<\/div><\/div><\/div>\n<\/div>\n<div class=\"lc-1\">\n<div class=\"f-line\">\n<div class=\"fts\">\n<div>\n    <strong>Cechy:<\/strong>\n   <\/div>\n<div>\n\u25cf Bardzo realistycznie wygl\u0105daj\u0105cy elektryczny samoch\u00f3d dla dzieci z klaksonem, pasem bezpiecze\u0144stwa, muzyk\u0105, \u015bwiat\u0142ami LED, pilotem i op\u0142ywowym kszta\u0142tem<br \/>\n<br \/>\u25cf Samoch\u00f3d dzieci\u0119cy z funkcj\u0105 regulacji pr\u0119dko\u015bci od 3 do 5 km\/h<br \/>\n<br \/>\u25cf Podw\u00f3jny silnik 12 V zapewniaj\u0105cy wydajn\u0105 jazd\u0119 z zasi\u0119giem do 45 minut na jednym \u0142adowaniu<br \/>\n<br \/>\u25cf 2 tryby jazdy: manualny za pomoc\u0105 kierownicy lub za pomoc\u0105 pilota<br \/>\n<br \/>\u25cf Do dzia\u0142ania kontrolera wymagane s\u0105 2 baterie AAA (brak w zestawie)<br \/>\n<br \/>\u25cf Odpowiedni dla dzieci od 3 lat i o wadze do 25 kg<br \/>\n<br \/>\u25cf Samoch\u00f3d elektryczny ze sterowaniem i wska\u017anikiem poziomu na\u0142adowania baterii<br \/>\n\n   <\/div><\/div><\/div>\n<\/div>\n<div class=\"lc-1\">\n<div class=\"f-line\">\n<div class=\"fts\">\n<div>\n    <strong>Dane techniczne:<\/strong>\n   <\/div>\n<div>\n\u25cf Kolor: czarny<br \/>\n<br \/>\u25cf Materia\u0142: PP i metal<br \/>\n<br \/>\u25cf Wymiary ca\u0142kowite: 108x60x47 cm (d\u0142. x szer. x wys.)<br \/>\n<br \/>\u25cf Wymiary siedziska: 32x19x25 cm (d\u0142. x szer. x wys.)<br \/>\n<br \/>\u25cf Wymiary ko\u0142a: \u00d8 22\u00d78 cm (DxAL)<br \/>\n<br \/>\u25cf Czas dzia\u0142ania: 45 minut (w zale\u017cno\u015bci od sposobu u\u017cytkowania)<br \/>\n<br \/>\u25cf Czas \u0142adowania: 8-12 godzin<br \/>\n<br \/>\u25cf Akumulator: 12V 4,5ah x 1<br \/>\n<br \/>\u25cf Maksymalne obci\u0105\u017cenie: 25 kg<br \/>\n<br \/>\u25cf Wymaga baterii: Tak, 2 baterie AAA (brak w zestawie)<br \/>\n<br \/>\u25cf Zalecany wiek: 3-5 lat<br \/>\n<br \/>\u25cf Numer referencyjny: 370-172V90BK<br \/>\n\n   <\/div><\/div><\/div>\n<\/div>\n<div>\n <img decoding=\"async\" width=\"1000    \" height=\"35\" src=\"https:\/\/ae01.alicdn.com\/kf\/HTB1KhgjkfiSBuNkSnhJq6zDcpXaR.jpg\" slate-data-type=\"image\" \/>\n<\/div>\n<div class=\"content01\">\n<div class=\"content_img\">\n  <img decoding=\"async\" width=\"1000\" src=\"https:\/\/ae-pic-a1.aliexpress-media.com\/kf\/S112309e1f4124cfd8b71b50a811b2f30l.jpg\" slate-data-type=\"image\" \/>\n <\/div>\n<div class=\"content_img\">\n  <img decoding=\"async\" width=\"1000\" src=\"https:\/\/ae-pic-a1.aliexpress-media.com\/kf\/Sd2f1266e5438498da6319e17551b935fX.jpg\" slate-data-type=\"image\" \/>\n <\/div>\n<div class=\"content_img\">\n  <img decoding=\"async\" width=\"1000\" src=\"https:\/\/ae-pic-a1.aliexpress-media.com\/kf\/S4cc16f0703c24afaa0f22ebd5cdc9b57e.jpg\" slate-data-type=\"image\" \/>\n <\/div>\n<div class=\"content_img\">\n  <img decoding=\"async\" width=\"1000\" src=\"https:\/\/ae-pic-a1.aliexpress-media.com\/kf\/S6a97a44e7c26401ab6fb33b0632c0806m.jpg\" slate-data-type=\"image\" \/>\n <\/div>\n<div class=\"content_img\">\n  <img decoding=\"async\" width=\"1000\" src=\"https:\/\/ae-pic-a1.aliexpress-media.com\/kf\/Sf6d90a62eac94c5d909bd405518bc6a1F.jpg\" slate-data-type=\"image\" \/>\n <\/div>\n<div class=\"content_img\">\n  <img decoding=\"async\" width=\"1000\" src=\"https:\/\/ae-pic-a1.aliexpress-media.com\/kf\/Sb188c3da1c524b49802690c43902ecc0q.jpg\" slate-data-type=\"image\" \/>\n <\/div>\n<\/div>\n<div>\n <img fetchpriority=\"high\" decoding=\"async\" width=\"1000\" height=\"1881\" src=\"https:\/\/ae01.alicdn.com\/kf\/Ua8ece3e103ed470793ec3cb15da8a01fz.jpg\" slate-data-type=\"image\" \/>\n<\/div>\n<p><\/p>\n<\/div>\n<\/div>","protected":false},"excerpt":{"rendered":"<p>Electronic:&nbsp;YES Gender:&nbsp;Unisex Power Source:&nbsp;Electric Size:&nbsp;108x60x47 cm Features:&nbsp;Ride On Material:&nbsp;Metal Style:&nbsp;CAR Dimensions:&nbsp;108x60x47 cm Wheel Number:&nbsp;Four Brand Name:&nbsp;HOMCOM Origin:&nbsp;Mainland China Recommend Age:&nbsp;3-6Y If you are looking for a children&#8217;s electric vehicle for<\/p>","protected":false},"featured_media":24655,"comment_status":"open","ping_status":"closed","template":"","meta":{"_acf_changed":false},"product_brand":[],"product_cat":[15],"product_tag":[],"class_list":{"0":"post-24654","1":"product","2":"type-product","3":"status-publish","4":"has-post-thumbnail","6":"product_cat-o","8":"first","9":"instock","10":"shipping-taxable","11":"purchasable","12":"product-type-variable"},"acf":[],"_links":{"self":[{"href":"https:\/\/electricstore.eu\/pl\/wp-json\/wp\/v2\/product\/24654","targetHints":{"allow":["GET"]}}],"collection":[{"href":"https:\/\/electricstore.eu\/pl\/wp-json\/wp\/v2\/product"}],"about":[{"href":"https:\/\/electricstore.eu\/pl\/wp-json\/wp\/v2\/types\/product"}],"replies":[{"embeddable":true,"href":"https:\/\/electricstore.eu\/pl\/wp-json\/wp\/v2\/comments?post=24654"}],"wp:featuredmedia":[{"embeddable":true,"href":"https:\/\/electricstore.eu\/pl\/wp-json\/wp\/v2\/media\/24655"}],"wp:attachment":[{"href":"https:\/\/electricstore.eu\/pl\/wp-json\/wp\/v2\/media?parent=24654"}],"wp:term":[{"taxonomy":"product_brand","embeddable":true,"href":"https:\/\/electricstore.eu\/pl\/wp-json\/wp\/v2\/product_brand?post=24654"},{"taxonomy":"product_cat","embeddable":true,"href":"https:\/\/electricstore.eu\/pl\/wp-json\/wp\/v2\/product_cat?post=24654"},{"taxonomy":"product_tag","embeddable":true,"href":"https:\/\/electricstore.eu\/pl\/wp-json\/wp\/v2\/product_tag?post=24654"}],"curies":[{"name":"wp","href":"https:\/\/api.w.org\/{rel}","templated":true}]}}