{"id":24626,"date":"2025-05-20T18:41:10","date_gmt":"2025-05-20T18:41:10","guid":{"rendered":"https:\/\/electricstore.eu\/p\/uncategorized\/homcom-electric-quad-for-children-18-36-months-6v-advance-reverse-72x40x455cm\/"},"modified":"2025-05-20T18:41:22","modified_gmt":"2025-05-20T18:41:22","slug":"homcom-electric-quad-for-children-18-36-months-6v-advance-reverse-72x40x455cm","status":"publish","type":"product","link":"https:\/\/electricstore.eu\/pl\/p\/o\/homcom-electric-quad-for-children-18-36-months-6v-advance-reverse-72x40x455cm\/","title":{"rendered":"HOMCOM Elektryczny Quad dla Dzieci 18-36 Miesi\u0119cy 6V Advance Reverse 72x40x45,5cm"},"content":{"rendered":"<div class=\"product-specs-list-container\">\n<ul class=\"product-specs-list util-clearfix\">\n<li class=\"product-prop line-limit-length\"><span\n                                        class=\"property-title\">Nazwa marki:&nbsp;<\/span><span\n                                        class=\"property-desc line-limit-length\">HOMCOM<\/span>\n                            <\/li>\n<li class=\"product-prop line-limit-length\"><span\n                                        class=\"property-title\">Cechy:&nbsp;<\/span><span\n                                        class=\"property-desc line-limit-length\">Jecha\u0107 dalej<\/span>\n                            <\/li>\n<\/ul><\/div>\n<div class=\"detailmodule_html\">\n<div class=\"detail-desc-decorate-richtext\">\n<p>Widzia\u0142e\u015b ju\u017c tego elektrycznego quada HOMCOM? To \u015bwietny spos\u00f3b na zabaw\u0119 na \u015bwie\u017cym powietrzu dla maluch\u00f3w. Dzi\u0119ki zasi\u0119gowi do 50 minut po pe\u0142nym na\u0142adowaniu, b\u0119d\u0105 mog\u0142y przemierza\u0107 swoje ulubione miejsca jak prawdziwi kierowcy. Dzi\u0119ki 4 du\u017cym ko\u0142om, wygodnej kierownicy i przyciskom jazdy do przodu i do ty\u0142u, ten zasilany akumulatorem pojazd oferuje najbardziej realistyczne wra\u017cenia z jazdy, gwarantuj\u0105c dzieciom \u015bwietn\u0105 zabaw\u0119.<\/p>\n<div class=\"detailmodule_html\">\n<div class=\"detail-desc-decorate-richtext\">\n<div style=\"overflow:visible;height:auto\" class=\"lc-1\">\n<div class=\"f-line\">\n<div class=\"fts\">\n<div>\u00a0<\/div>\n<\/div>\n<\/div>\n<\/div>\n<div class=\"lc-1\">\n<div class=\"f-line\">\n<div class=\"fts\">\n<div><strong>Cechy:<\/strong><\/div>\n<div>\u25cf Elektryczny pojazd dzieci\u0119cy o bardzo realistycznym designie i bezpiecznej pr\u0119dko\u015bci 2,8-4,6 km\/h;<\/div>\n<div>\u25cf \u0141atwy w u\u017cyciu, posiada przyciski do jazdy do przodu i do ty\u0142u przy kierownicy;<\/div>\n<div>\u25cf 4 wyj\u0105tkowo szerokie opony zapewniaj\u0105ce bezpieczn\u0105 i p\u0142ynn\u0105 jazd\u0119;<\/div>\n<div>\u25cf Po pe\u0142nym na\u0142adowaniu, czas pracy na baterii wynosi do 50 minut;<\/div>\n<div>\u25cf Z przodu samochodu znajduje si\u0119 hak, dzi\u0119ki czemu, je\u015bli roz\u0142aduje si\u0119 akumulator lub dziecko znudzi si\u0119 jazd\u0105 quadem, mo\u017cna go poci\u0105gn\u0105\u0107;<\/div>\n<div>\u25cf Wymagany jest monta\u017c;<\/div>\n<div>\u25cf Wa\u017cne: Zawsze u\u017cywaj pod nadzorem osoby doros\u0142ej;<\/div>\n<div><\/div>\n<\/div>\n<\/div>\n<\/div>\n<div class=\"lc-1\">\n<div class=\"f-line\">\n<div class=\"fts\">\n<div><strong>Dane techniczne:<\/strong><\/div>\n<\/div>\n<\/div>\n<\/div>\n<\/div>\n<\/div>\n<p>\u25cf Kolor: R\u00f3\u017cowy;<\/p>\n<p>\u25cf Materia\u0142: PP i metal;<\/p>\n<p>\u25cf Wymiary ca\u0142kowite: 72x40x45,5 cm (DxSxG);<\/p>\n<p>\u25cf Wymiary siedziska: 31,5x15x30 cm (DxSxG);<\/p>\n<p>\u25cf \u015arednica ko\u0142a: \u00d8 19,5 cm;<\/p>\n<p>\u25cf Bateria: 6 V, 4,5 A;<\/p>\n<p>\u25cf \u0141adowarka: 6 V, 500 mA;<\/p>\n<p>\u25cf Czas \u0142adowania: 8-12 godzin;<\/p>\n<p>\u25cf Autonomia: 50 minut;<\/p>\n<p>\u25cf Pr\u0119dko\u015b\u0107 maksymalna: 2,8-4,6 km\/h;<\/p>\n<p>\u25cf Zalecany wiek: od 18 do 36 miesi\u0119cy;<\/p>\n<p>\u25cf Maksymalne obci\u0105\u017cenie: 20 kg;<\/p>\n<p>\u25cf Certyfikaty: EN71-1.2.3 i EN62115;<\/p>\n<p>\u25cf Numer referencyjny: 370-166V90PK;<\/p>\n<div class=\"detailmodule_html\">\n<div class=\"detail-desc-decorate-richtext\">\n<div class=\"lc-1\">\n<div class=\"f-line\">\n<div class=\"fts\">\n<div><img decoding=\"async\" width=\"1000    \" height=\"35\" src=\"https:\/\/ae01.alicdn.com\/kf\/HTB1KhgjkfiSBuNkSnhJq6zDcpXaR.jpg\" slate-data-type=\"image\"\/><\/div>\n<\/div>\n<\/div>\n<\/div>\n<\/div>\n<\/div>\n<p><img decoding=\"async\" src=\"https:\/\/ae01.alicdn.com\/kf\/S2695d8ea214049228bd1bd8d40b65a45t.jpg\" slate-data-type=\"image\"\/><img decoding=\"async\" src=\"https:\/\/ae01.alicdn.com\/kf\/Se9cba31ec7404a47ac5c51a54c1d3b19p.jpg\" slate-data-type=\"image\"\/><img decoding=\"async\" src=\"https:\/\/ae01.alicdn.com\/kf\/S220f86688bdc47d78e070fcef5e64ce09.jpg\" slate-data-type=\"image\"\/><img decoding=\"async\" src=\"https:\/\/ae01.alicdn.com\/kf\/S2c4775c9cb9d4583acacc67115bead4bs.jpg\" slate-data-type=\"image\"\/><\/p>\n<div class=\"detailmodule_html\">\n<div class=\"detail-desc-decorate-richtext\">\n<div><img fetchpriority=\"high\" decoding=\"async\" width=\"1000\" height=\"1881\" src=\"https:\/\/ae01.alicdn.com\/kf\/Ua8ece3e103ed470793ec3cb15da8a01fz.jpg\" slate-data-type=\"image\"\/><\/div>\n<\/div>\n<\/div>\n<p><\/p>\n<\/div>\n<\/div>","protected":false},"excerpt":{"rendered":"<p>Brand Name:&nbsp;HOMCOM Features:&nbsp;Ride On Have You Seen This HOMCOM electric quad? It is a good way for the little ones to enjoy outdoors. With a range of up to 50<\/p>","protected":false},"featured_media":24628,"comment_status":"open","ping_status":"closed","template":"","meta":{"_acf_changed":false},"product_brand":[],"product_cat":[15],"product_tag":[],"class_list":{"0":"post-24626","1":"product","2":"type-product","3":"status-publish","4":"has-post-thumbnail","6":"product_cat-o","8":"first","9":"instock","10":"shipping-taxable","11":"purchasable","12":"product-type-variable"},"acf":[],"_links":{"self":[{"href":"https:\/\/electricstore.eu\/pl\/wp-json\/wp\/v2\/product\/24626","targetHints":{"allow":["GET"]}}],"collection":[{"href":"https:\/\/electricstore.eu\/pl\/wp-json\/wp\/v2\/product"}],"about":[{"href":"https:\/\/electricstore.eu\/pl\/wp-json\/wp\/v2\/types\/product"}],"replies":[{"embeddable":true,"href":"https:\/\/electricstore.eu\/pl\/wp-json\/wp\/v2\/comments?post=24626"}],"wp:featuredmedia":[{"embeddable":true,"href":"https:\/\/electricstore.eu\/pl\/wp-json\/wp\/v2\/media\/24628"}],"wp:attachment":[{"href":"https:\/\/electricstore.eu\/pl\/wp-json\/wp\/v2\/media?parent=24626"}],"wp:term":[{"taxonomy":"product_brand","embeddable":true,"href":"https:\/\/electricstore.eu\/pl\/wp-json\/wp\/v2\/product_brand?post=24626"},{"taxonomy":"product_cat","embeddable":true,"href":"https:\/\/electricstore.eu\/pl\/wp-json\/wp\/v2\/product_cat?post=24626"},{"taxonomy":"product_tag","embeddable":true,"href":"https:\/\/electricstore.eu\/pl\/wp-json\/wp\/v2\/product_tag?post=24626"}],"curies":[{"name":"wp","href":"https:\/\/api.w.org\/{rel}","templated":true}]}}