{"id":24321,"date":"2025-05-20T18:35:33","date_gmt":"2025-05-20T18:35:33","guid":{"rendered":"https:\/\/electricstore.eu\/p\/uncategorized\/hyper-gogo-pioneer-12-electric-chopper-motorcycle-for-kids-24v-5-2ah-160w-with-12x3-tires-8-12-16-km-h-speed-12-km-max-range\/"},"modified":"2025-05-20T18:35:56","modified_gmt":"2025-05-20T18:35:56","slug":"hyper-gogo-pioneer-12-electric-chopper-motorcycle-for-kids-24v-5-2ah-160w-with-12x3-tires-8-12-16-km-h-speed-12-km-max-range","status":"publish","type":"product","link":"https:\/\/electricstore.eu\/pl\/p\/motorbikes\/electric-children-motorbikes\/hyper-gogo-pioneer-12-electric-chopper-motorcycle-for-kids-24v-5-2ah-160w-with-12x3-tires-8-12-16-km-h-speed-12-km-max-range\/","title":{"rendered":"HYPER GOGO Pioneer 12 Elektryczny motocykl chopper dla dzieci 24 V 5,2 Ah 160 W z oponami 12&#039;x3&#039;, pr\u0119dko\u015b\u0107 8\/12\/16 km\/h, maks. zasi\u0119g 12 km"},"content":{"rendered":"<div class=\"product-specs-list-container\">\n<ul class=\"product-specs-list util-clearfix\">\n<li class=\"product-prop line-limit-length\"><span\n                                        class=\"property-title\">Numer modelu:&nbsp;<\/span><span\n                                        class=\"property-desc line-limit-length\">Pionier 12<\/span>\n                            <\/li>\n<li class=\"product-prop line-limit-length\"><span\n                                        class=\"property-title\">Numer ko\u0142a:&nbsp;<\/span><span\n                                        class=\"property-desc line-limit-length\">Dwa<\/span>\n                            <\/li>\n<li class=\"product-prop line-limit-length\"><span\n                                        class=\"property-title\">Zalecany wiek:&nbsp;<\/span><span\n                                        class=\"property-desc line-limit-length\">6-12 lat, 14+ lat<\/span>\n                            <\/li>\n<li class=\"product-prop line-limit-length\"><span\n                                        class=\"property-title\">Cechy:&nbsp;<\/span><span\n                                        class=\"property-desc line-limit-length\">Jecha\u0107 dalej<\/span>\n                            <\/li>\n<li class=\"product-prop line-limit-length\"><span\n                                        class=\"property-title\">Maksymalne obci\u0105\u017cenie:&nbsp;<\/span><span\n                                        class=\"property-desc line-limit-length\">65 kg<\/span>\n                            <\/li>\n<li class=\"product-prop line-limit-length\"><span\n                                        class=\"property-title\">Pod g\u00f3r\u0119:&nbsp;<\/span><span\n                                        class=\"property-desc line-limit-length\">10\u00b0 (17.6%)<\/span>\n                            <\/li>\n<li class=\"product-prop line-limit-length\"><span\n                                        class=\"property-title\">Maksymalna pr\u0119dko\u015b\u0107:&nbsp;<\/span><span\n                                        class=\"property-desc line-limit-length\">16 kilometr\u00f3w na godzin\u0119 (10 mil na godzin\u0119)<\/span>\n                            <\/li>\n<li class=\"product-prop line-limit-length\"><span\n                                        class=\"property-title\">Maksymalny zasi\u0119g:&nbsp;<\/span><span\n                                        class=\"property-desc line-limit-length\">12 kilometr\u00f3w<\/span>\n                            <\/li>\n<li class=\"product-prop line-limit-length\"><span\n                                        class=\"property-title\">Poziomy pr\u0119dko\u015bci:&nbsp;<\/span><span\n                                        class=\"property-desc line-limit-length\">8\/12\/16 km\/h (5\/8\/10 mph)<\/span>\n                            <\/li>\n<li class=\"product-prop line-limit-length\"><span\n                                        class=\"property-title\">Poziom wodoodporno\u015bci:&nbsp;<\/span><span\n                                        class=\"property-desc line-limit-length\">IP6<\/span>\n                            <\/li>\n<li class=\"product-prop line-limit-length\"><span\n                                        class=\"property-title\">Materia\u0142 ramy:&nbsp;<\/span><span\n                                        class=\"property-desc line-limit-length\">Stal<\/span>\n                            <\/li>\n<li class=\"product-prop line-limit-length\"><span\n                                        class=\"property-title\">Uk\u0142ad hamulcowy:&nbsp;<\/span><span\n                                        class=\"property-desc line-limit-length\">Hamulec piasty tylnej<\/span>\n                            <\/li>\n<li class=\"product-prop line-limit-length\"><span\n                                        class=\"property-title\">Zalecany wzrost je\u017ad\u017aca:&nbsp;<\/span><span\n                                        class=\"property-desc line-limit-length\">90-160 cm (2&#039;11,5\u201d-5&#039;3\u201d)<\/span>\n                            <\/li>\n<li class=\"product-prop line-limit-length\"><span\n                                        class=\"property-title\">Moc znamionowa i napi\u0119cie:&nbsp;<\/span><span\n                                        class=\"property-desc line-limit-length\">160 W, 24 V<\/span>\n                            <\/li>\n<li class=\"product-prop line-limit-length\"><span\n                                        class=\"property-title\">Maksymalny moment obrotowy wyj\u015bciowy:&nbsp;<\/span><span\n                                        class=\"property-desc line-limit-length\">11 Nm<\/span>\n                            <\/li>\n<li class=\"product-prop line-limit-length\"><span\n                                        class=\"property-title\">Pojemno\u015b\u0107:&nbsp;<\/span><span\n                                        class=\"property-desc line-limit-length\">5,2 Ah<\/span>\n                            <\/li>\n<li class=\"product-prop line-limit-length\"><span\n                                        class=\"property-title\">Wolta\u017c:&nbsp;<\/span><span\n                                        class=\"property-desc line-limit-length\">21,9 V<\/span>\n                            <\/li>\n<li class=\"product-prop line-limit-length\"><span\n                                        class=\"property-title\">Czas \u0142adowania:&nbsp;<\/span><span\n                                        class=\"property-desc line-limit-length\">4 godziny<\/span>\n                            <\/li>\n<li class=\"product-prop line-limit-length\"><span\n                                        class=\"property-title\">Moc znamionowa:&nbsp;<\/span><span\n                                        class=\"property-desc line-limit-length\">113,88 Wh<\/span>\n                            <\/li>\n<li class=\"product-prop line-limit-length\"><span\n                                        class=\"property-title\">Wej\u015bcie:&nbsp;<\/span><span\n                                        class=\"property-desc line-limit-length\">DC24V 1,5A<\/span>\n                            <\/li>\n<li class=\"product-prop line-limit-length\"><span\n                                        class=\"property-title\">Rozmiar:&nbsp;<\/span><span\n                                        class=\"property-desc line-limit-length\">12&quot;x3&quot;<\/span>\n                            <\/li>\n<li class=\"product-prop line-limit-length\"><span\n                                        class=\"property-title\">Typ:&nbsp;<\/span><span\n                                        class=\"property-desc line-limit-length\">Opony pneumatyczne<\/span>\n                            <\/li>\n<li class=\"product-prop line-limit-length\"><span\n                                        class=\"property-title\">Ci\u015bnienie w oponach:&nbsp;<\/span><span\n                                        class=\"property-desc line-limit-length\">100-200 kPa<\/span>\n                            <\/li>\n<\/ul><\/div>\n<div class=\"detailmodule_dynamic\"><kse:widget data-widget-type=\"relatedProduct\" id=\"1005000009406803\" title=\"\" type=\"relation\"><\/kse:widget><\/div>\n<div class=\"detailmodule_html\">\n<div class=\"detail-desc-decorate-richtext\">\n<p><\/p>\n<div style=\"background-color:rgb(240, 234, 255);margin:20px 0px 10px;margin-bottom:10px;margin-top:20px;margin-left:0px;margin-right:0px;width:100%;height:34px\">\n <span style=\"background-color:rgb(55, 139, 238);color:rgb(255, 255, 255);font-size:24px;font-family:Verdana, Arial\">Przegl\u0105d najwa\u017cniejszych wydarze\u0144<\/span><\/p>\n<\/div>\n<div class=\"detailmodule_text\">\n<div class=\"detailmodule_html\">\n<div class=\"detail-desc-decorate-richtext\">\n<div class=\"detailmodule_text-image\">\n<div class=\"detailmodule_text-image\">\n<div class=\"detailmodule_html\">\n<div class=\"detail-desc-decorate-richtext\">\n<div class=\"detailmodule_text-image\">\n<div class=\"detailmodule_html\">\n<div class=\"detail-desc-decorate-richtext\">\n<div style=\"font-family:&quot;Open Sans&quot;, Arial, Helvetica, sans-serif, Heiti;font-size:14px;color:rgb(0, 0, 0);box-sizing:content-box\" class=\"detailmodule_html\">\n<div style=\"box-sizing:content-box\" class=\"detail-desc-decorate-richtext\">\n<div style=\"width:944px;height:auto;box-sizing:content-box\">\n<div style=\"box-sizing:content-box\">\n<div class=\"detailmodule_html\">\n<div class=\"detail-desc-decorate-richtext\">\n<div style=\"font-family:&quot;Open Sans&quot;, Arial, Helvetica, sans-serif, Heiti;font-size:14px;color:rgb(0, 0, 0);box-sizing:content-box\" class=\"detailmodule_html\">\n<div style=\"box-sizing:content-box\" class=\"detail-desc-decorate-richtext\">\n<div style=\"width:944px;height:auto;box-sizing:content-box\">\n<div style=\"box-sizing:content-box\">\n<div class=\"detailmodule_html\">\n<div class=\"detail-desc-decorate-richtext\">\n<div class=\"detailmodule_text-image\">\n<div class=\"detailmodule_text-image\">\n<div class=\"detailmodule_html\">\n<div class=\"detail-desc-decorate-richtext\">\n<div style=\"width:944px;height:auto;box-sizing:content-box\">\n<div style=\"box-sizing:content-box\">\n<div class=\"detailmodule_html\">\n<div class=\"detail-desc-decorate-richtext\">\n<div style=\"font-family:&quot;Open Sans&quot;, Arial, Helvetica, sans-serif, Heiti;font-size:14px;color:rgb(0, 0, 0);box-sizing:content-box\" class=\"detailmodule_html\">\n<div style=\"box-sizing:content-box\" class=\"detail-desc-decorate-richtext\">\n<div style=\"width:944px;height:auto;box-sizing:content-box\">\n<div style=\"box-sizing:content-box\">\n<div class=\"detailmodule_html\">\n<div class=\"detail-desc-decorate-richtext\">\n<div class=\"detailmodule_text-image\">\n<div class=\"detailmodule_text\">\n<p><span style=\"color:rgb(0, 0, 0);font-size:16px;font-family:arial, helvetica, sans-serif\">1. Realistyczny i atrakcyjny motocykl typu chopper;<\/span><\/p>\n<p><span style=\"color:rgb(0, 0, 0);font-size:16px;font-family:arial, helvetica, sans-serif\">2. Ulepszona konstrukcja zapewniaj\u0105ca bezpiecze\u0144stwo;<\/span><\/p>\n<p><span style=\"color:rgb(0, 0, 0);font-size:16px;font-family:arial, helvetica, sans-serif\">3. Du\u017cy zasi\u0119g i zmienna pr\u0119dko\u015b\u0107 dla wi\u0119kszej zabawy;<\/span><\/p>\n<p><span style=\"color:rgb(0, 0, 0);font-size:16px;font-family:arial, helvetica, sans-serif\">4. Regulowana kierownica;<\/span><\/p>\n<p><span style=\"color:rgb(0, 0, 0);font-size:16px;font-family:arial, helvetica, sans-serif\">5. Idealny prezent dla Twoich dzieci;<\/span><\/p>\n<p><span style=\"color:rgb(0, 0, 0);font-size:16px;font-family:arial, helvetica, sans-serif\">6. Przyjemna jazda w pomieszczeniach i na \u015bwie\u017cym powietrzu.<\/span><\/p>\n<\/p><\/div><\/div><\/div><\/div><\/div><\/div><\/div><\/div><\/div><\/div><\/div><\/div><\/div><\/div><\/div><\/div><\/div><\/div><\/div><\/div><\/div><\/div><\/div><\/div><\/div><\/div><\/div><\/div><\/div><\/div><\/div><\/div><\/div><\/div><\/div><\/div><\/div>\n<\/div>\n<div style=\"background-color:rgb(240, 234, 255);margin:20px 0px 10px;margin-bottom:10px;margin-top:20px;margin-left:0px;margin-right:0px;width:100%;height:34px\">\n <span style=\"background-color:rgb(55, 139, 238);color:rgb(255, 255, 255);font-size:24px;font-family:Verdana, Arial\">Szczeg\u00f3\u0142y produktu<\/span>\n<\/div>\n<p><img decoding=\"async\" src=\"https:\/\/ae01.alicdn.com\/kf\/Scd2b8949ca5243228837a4fe3e291824h.jpg\" slate-data-type=\"image\" \/><img decoding=\"async\" src=\"https:\/\/ae01.alicdn.com\/kf\/Sa2ff22d4a45440409571d9e211d7cf16B.jpg\" slate-data-type=\"image\" \/><img decoding=\"async\" src=\"https:\/\/ae01.alicdn.com\/kf\/S8f78c4d1bcd7433f87f274d3519ee1ddv.jpg\" slate-data-type=\"image\" \/><img decoding=\"async\" src=\"https:\/\/ae01.alicdn.com\/kf\/S742ea07a35454d4fafa673fbd0b8f195G.jpg\" slate-data-type=\"image\" \/><img decoding=\"async\" src=\"https:\/\/ae01.alicdn.com\/kf\/Sf1c4da4348c045c6ae5a912f41829e38o.jpg\" slate-data-type=\"image\" \/><img decoding=\"async\" src=\"https:\/\/ae01.alicdn.com\/kf\/Sdc8ed884178f4a9eab490d6e747e6bdfG.jpg\" slate-data-type=\"image\" \/><img decoding=\"async\" src=\"https:\/\/ae01.alicdn.com\/kf\/Sbb0f300d29ac443a966ba007e3bfce92p.jpg\" slate-data-type=\"image\" \/><img decoding=\"async\" src=\"https:\/\/ae01.alicdn.com\/kf\/S9567ab35b46d492583bfc18e8c3f829cQ.jpg\" slate-data-type=\"image\" \/><img decoding=\"async\" src=\"https:\/\/ae01.alicdn.com\/kf\/S3253076b78cc4cf2b8dd67eeb6aaa2few.jpg\" slate-data-type=\"image\" \/><\/p>\n<div style=\"background-color:rgb(240, 234, 255);margin:20px 0px 10px;margin-bottom:10px;margin-top:20px;margin-left:0px;margin-right:0px;width:100%;height:34px\">\n <span style=\"background-color:rgb(55, 139, 238);color:rgb(255, 255, 255);font-size:24px;font-family:Verdana, Arial\">Specyfikacja <\/span>\n<\/div>\n<p><\/p>\n<table style=\"border-collapse:collapse;font-family:&quot;Microsoft YaHei&quot;\" border=\"1\" cellspacing=\"8\">\n<tbody>\n<tr>\n<td width=\"130\" style=\"width:130\">\n<p><span style=\"font-size:16px;font-family:arial, helvetica, sans-serif\">Og\u00f3lny<\/span><\/p>\n<\/td>\n<td width=\"426\" style=\"width:426\">\n<p><span style=\"font-size:16px;font-family:arial, helvetica, sans-serif\">Marka: HYPER GOGO<\/span><span style=\"font-size:16px;font-family:arial, helvetica, sans-serif\"><strong><br \/><\/strong><\/span><span style=\"font-size:16px;font-family:arial, helvetica, sans-serif\">Produkt: Motocykl elektryczny dla dzieci<\/span><span style=\"font-size:16px;font-family:arial, helvetica, sans-serif\"><strong><br \/><\/strong><\/span><span style=\"font-size:16px;font-family:arial, helvetica, sans-serif\">Model: Pioneer 12<\/span><span style=\"font-size:16px;font-family:arial, helvetica, sans-serif\"><strong><br \/><\/strong><\/span><span style=\"font-size:16px;font-family:arial, helvetica, sans-serif\">Kolor: zielony<\/span><\/p>\n<\/td>\n<\/tr>\n<tr>\n<td width=\"130\" style=\"width:130\">\n<p><span style=\"font-size:16px;font-family:arial, helvetica, sans-serif\">Podstawowa specyfikacja<\/span><\/p>\n<\/td>\n<td width=\"426\" style=\"width:426\">\n<p><span style=\"font-size:16px;font-family:arial, helvetica, sans-serif\">Maksymalne obci\u0105\u017cenie: 65 kg<\/span><span style=\"font-size:16px;font-family:arial, helvetica, sans-serif\"><strong><br \/><\/strong><\/span><span style=\"font-size:16px;font-family:arial, helvetica, sans-serif\">Pod g\u00f3r\u0119: 10\u00b0 (17.6%)<\/span><span style=\"font-size:16px;font-family:arial, helvetica, sans-serif\"><strong><br \/><\/strong><\/span><span style=\"font-size:16px;font-family:arial, helvetica, sans-serif\">Maksymalna pr\u0119dko\u015b\u0107: 16 km\/h (10 mph)<\/span><span style=\"font-size:16px;font-family:arial, helvetica, sans-serif\"><strong><br \/><\/strong><\/span><span style=\"font-size:16px;font-family:arial, helvetica, sans-serif\">Maksymalny zasi\u0119g: 12 km<\/span><span style=\"font-size:16px;font-family:arial, helvetica, sans-serif\"><strong><br \/><\/strong><\/span><span style=\"font-size:16px;font-family:arial, helvetica, sans-serif\">Poziomy pr\u0119dko\u015bci: 8\/12\/16 km\/h (5\/8\/10 mph)<\/span><span style=\"font-size:16px;font-family:arial, helvetica, sans-serif\"><strong><br \/><\/strong><\/span><span style=\"font-size:16px;font-family:arial, helvetica, sans-serif\">Stopie\u0144 wodoodporno\u015bci: IP6<\/span><span style=\"font-size:16px;font-family:arial, helvetica, sans-serif\"><strong><br \/><\/strong><\/span><span style=\"font-size:16px;font-family:arial, helvetica, sans-serif\">Materia\u0142 ramy: stal<\/span><span style=\"font-size:16px;font-family:arial, helvetica, sans-serif\"><strong><br \/><\/strong><\/span><span style=\"font-size:16px;font-family:arial, helvetica, sans-serif\">Uk\u0142ad hamulcowy: Hamulec w pia\u015bcie tylnej<\/span><span style=\"font-size:16px;font-family:arial, helvetica, sans-serif\"><strong><br \/><\/strong><\/span><span style=\"font-size:16px;font-family:arial, helvetica, sans-serif\">Zalecany wzrost je\u017ad\u017aca: 90\u2013160 cm (2&#039;11.5\u201d\u20135&#039;3\u201d)<\/span><\/p>\n<\/td>\n<\/tr>\n<tr>\n<td width=\"130\" style=\"width:130\">\n<p><span style=\"font-size:16px;font-family:arial, helvetica, sans-serif\">Silnik<\/span><\/p>\n<\/td>\n<td width=\"426\" style=\"width:426\">\n<p><span style=\"font-size:16px;font-family:arial, helvetica, sans-serif\">Moc znamionowa i napi\u0119cie: 160 W, 24 V<\/span><span style=\"font-size:16px;font-family:arial, helvetica, sans-serif\"><strong><br \/><\/strong><\/span><span style=\"font-size:16px;font-family:arial, helvetica, sans-serif\">Maksymalny moment obrotowy wyj\u015bciowy: 11 Nm<\/span><\/p>\n<\/td>\n<\/tr>\n<tr>\n<td width=\"130\" style=\"width:130\">\n<p><span style=\"font-size:16px;font-family:arial, helvetica, sans-serif\">Bateria<\/span><\/p>\n<\/td>\n<td width=\"426\" style=\"width:426\">\n<p><span style=\"font-size:16px;font-family:arial, helvetica, sans-serif\">Pojemno\u015b\u0107: 5,2 Ah<\/span><span style=\"font-size:16px;font-family:arial, helvetica, sans-serif\"><strong><br \/><\/strong><\/span><span style=\"font-size:16px;font-family:arial, helvetica, sans-serif\">Napi\u0119cie: 21,9 V<\/span><span style=\"font-size:16px;font-family:arial, helvetica, sans-serif\"><strong><br \/><\/strong><\/span><span style=\"font-size:16px;font-family:arial, helvetica, sans-serif\">Czas \u0142adowania: 4 godz.<\/span><span style=\"font-size:16px;font-family:arial, helvetica, sans-serif\"><strong><br \/><\/strong><\/span><span style=\"font-size:16px;font-family:arial, helvetica, sans-serif\">Pojemno\u015b\u0107 baterii: 113,88 Wh<\/span><\/p>\n<\/td>\n<\/tr>\n<tr>\n<td width=\"130\" style=\"width:130\">\n<p><span style=\"font-size:16px;font-family:arial, helvetica, sans-serif\">Rumak<\/span><\/p>\n<\/td>\n<td width=\"426\" style=\"width:426\">\n<p><span style=\"font-size:16px;font-family:arial, helvetica, sans-serif\">Wej\u015bcie: DC24V 1,5A<\/span><\/p>\n<\/td>\n<\/tr>\n<tr>\n<td width=\"130\" style=\"width:130\">\n<p><span style=\"font-size:16px;font-family:arial, helvetica, sans-serif\">Opona<\/span><\/p>\n<\/td>\n<td width=\"426\" style=\"width:426\">\n<p><span style=\"font-size:16px;font-family:arial, helvetica, sans-serif\">Rozmiar: 12&quot;x3&quot;<\/span><span style=\"font-size:16px;font-family:arial, helvetica, sans-serif\"><strong><br \/><\/strong><\/span><span style=\"font-size:16px;font-family:arial, helvetica, sans-serif\">Typ: Opony pneumatyczne gumowe<\/span><span style=\"font-size:16px;font-family:arial, helvetica, sans-serif\"><strong><br \/><\/strong><\/span><span style=\"font-size:16px;font-family:arial, helvetica, sans-serif\">Ci\u015bnienie w oponach: 100-200 kPa<\/span><\/p>\n<\/td>\n<\/tr>\n<tr>\n<td width=\"130\" style=\"width:130\">\n<p><span style=\"font-size:16px;font-family:arial, helvetica, sans-serif\">Waga i rozmiar<\/span><\/p>\n<\/td>\n<td width=\"426\" style=\"width:426\">\n<p><span style=\"font-size:16px;font-family:arial, helvetica, sans-serif\">Waga produktu: 15 kg<\/span><span style=\"font-size:16px;font-family:arial, helvetica, sans-serif\"><strong><br \/><\/strong><\/span><span style=\"font-size:16px;font-family:arial, helvetica, sans-serif\">Waga opakowania: 17,96 kg<\/span><span style=\"font-size:16px;font-family:arial, helvetica, sans-serif\"><strong><br \/><\/strong><\/span><span style=\"font-size:16px;font-family:arial, helvetica, sans-serif\">Wymiary produktu: 1189\u00d7612,3\u00d7685,7 mm<\/span><span style=\"font-size:16px;font-family:arial, helvetica, sans-serif\"><strong><br \/><\/strong><\/span><span style=\"font-size:16px;font-family:arial, helvetica, sans-serif\">Wymiary opakowania (d\u0142. x szer. x wys.): 1050 x 245 x 530 mm<\/span><\/p>\n<\/td>\n<\/tr>\n<tr>\n<td width=\"130\" style=\"width:130\">\n<p><span style=\"font-size:16px;font-family:arial, helvetica, sans-serif\">Lista pakiet\u00f3w<\/span><\/p>\n<\/td>\n<td width=\"426\" style=\"width:426\">\n<p><span style=\"font-size:16px;font-family:arial, helvetica, sans-serif\">1 x cz\u0119\u015bciowo zmontowany motocykl dla dzieci<\/span><span style=\"font-size:16px;font-family:arial, helvetica, sans-serif\"><strong><br \/><\/strong><\/span><span style=\"font-size:16px;font-family:arial, helvetica, sans-serif\">1 x Instrukcja obs\u0142ugi<\/span><span style=\"font-size:16px;font-family:arial, helvetica, sans-serif\"><strong><br \/><\/strong><\/span><span style=\"font-size:16px;font-family:arial, helvetica, sans-serif\">1 x \u0142adowarka<\/span><span style=\"font-size:16px;font-family:arial, helvetica, sans-serif\"><strong><br \/><\/strong><\/span><span style=\"font-size:16px;font-family:arial, helvetica, sans-serif\">1 x ko\u0142o przednie<\/span><span style=\"font-size:16px;font-family:arial, helvetica, sans-serif\"><strong><br \/><\/strong><\/span><span style=\"font-size:16px;font-family:arial, helvetica, sans-serif\">2 x peda\u0142<\/span><span style=\"font-size:16px;font-family:arial, helvetica, sans-serif\"><strong><br \/><\/strong><\/span><span style=\"font-size:16px;font-family:arial, helvetica, sans-serif\">1 x Pude\u0142ko do przechowywania<\/span><span style=\"font-size:16px;font-family:arial, helvetica, sans-serif\"><strong><br \/><\/strong><\/span><span style=\"font-size:16px;font-family:arial, helvetica, sans-serif\">1 x Podp\u00f3rka<\/span><span style=\"font-size:16px;font-family:arial, helvetica, sans-serif\"><strong><br \/><\/strong><\/span><span style=\"font-size:16px;font-family:arial, helvetica, sans-serif\">4 x zacisk kierownicy<\/span><span style=\"font-size:16px;font-family:arial, helvetica, sans-serif\"><strong><br \/><\/strong><\/span><span style=\"font-size:16px;font-family:arial, helvetica, sans-serif\">1 x O\u015b z nakr\u0119tkami do ko\u0142a przedniego<\/span><span style=\"font-size:16px;font-family:arial, helvetica, sans-serif\"><strong><br \/><\/strong><\/span><span style=\"font-size:16px;font-family:arial, helvetica, sans-serif\">2 x \u015bruba do podp\u00f3rki<\/span><span style=\"font-size:16px;font-family:arial, helvetica, sans-serif\"><strong><br \/><\/strong><\/span><span style=\"font-size:16px;font-family:arial, helvetica, sans-serif\">4 x \u015aruba do kierownicy<\/span><span style=\"font-size:16px;font-family:arial, helvetica, sans-serif\"><strong><br \/><\/strong><\/span><span style=\"font-size:16px;font-family:arial, helvetica, sans-serif\">1 x klucz imbusowy 4 mm<\/span><span style=\"font-size:16px;font-family:arial, helvetica, sans-serif\"><strong><br \/><\/strong><\/span><span style=\"font-size:16px;font-family:arial, helvetica, sans-serif\">1 x klucz imbusowy 6 mm<\/span><span style=\"font-size:16px;font-family:arial, helvetica, sans-serif\"><strong><br \/><\/strong><\/span><span style=\"font-size:16px;font-family:arial, helvetica, sans-serif\">2 klucze 16 mm<\/span><\/p>\n<\/td>\n<\/tr>\n<tr>\n<td width=\"556\" colspan=\"2\" style=\"width:556\">\n<p><span style=\"font-size:16px;font-family:arial, helvetica, sans-serif\">Nale\u017cy pami\u0119ta\u0107, \u017ce maksymalny zasi\u0119g uzyskano przy obci\u0105\u017ceniu 60 kg i je\u017adzie z pr\u0119dko\u015bci\u0105 16 km\/h po p\u0142askich drogach, bez silnego wiatru i przy temperaturze 26\u00b0C.<\/span><\/p>\n<\/td>\n<\/tr>\n<\/tbody>\n<\/table>\n<p><\/div>\n<\/div>","protected":false},"excerpt":{"rendered":"<p>Model Number:&nbsp;Pioneer 12 Wheel Number:&nbsp;Two Recommend Age:&nbsp;6-12Y,14+y Features:&nbsp;Ride On Max Load:&nbsp;65 kg Uphill:&nbsp;10\u00b0 (17.6%) Max Speed:&nbsp;16 km\/h (10 mph) Max Range:&nbsp;12 km Speed Levels:&nbsp;8\/12\/16 km\/h (5\/8\/10 mph) Waterproof Level:&nbsp;IP6 Material<\/p>","protected":false},"featured_media":24322,"comment_status":"open","ping_status":"closed","template":"","meta":{"_acf_changed":false},"product_brand":[],"product_cat":[313],"product_tag":[],"class_list":{"0":"post-24321","1":"product","2":"type-product","3":"status-publish","4":"has-post-thumbnail","6":"product_cat-electric-children-motorbikes","8":"first","9":"instock","10":"shipping-taxable","11":"purchasable","12":"product-type-variable"},"acf":[],"_links":{"self":[{"href":"https:\/\/electricstore.eu\/pl\/wp-json\/wp\/v2\/product\/24321","targetHints":{"allow":["GET"]}}],"collection":[{"href":"https:\/\/electricstore.eu\/pl\/wp-json\/wp\/v2\/product"}],"about":[{"href":"https:\/\/electricstore.eu\/pl\/wp-json\/wp\/v2\/types\/product"}],"replies":[{"embeddable":true,"href":"https:\/\/electricstore.eu\/pl\/wp-json\/wp\/v2\/comments?post=24321"}],"wp:featuredmedia":[{"embeddable":true,"href":"https:\/\/electricstore.eu\/pl\/wp-json\/wp\/v2\/media\/24322"}],"wp:attachment":[{"href":"https:\/\/electricstore.eu\/pl\/wp-json\/wp\/v2\/media?parent=24321"}],"wp:term":[{"taxonomy":"product_brand","embeddable":true,"href":"https:\/\/electricstore.eu\/pl\/wp-json\/wp\/v2\/product_brand?post=24321"},{"taxonomy":"product_cat","embeddable":true,"href":"https:\/\/electricstore.eu\/pl\/wp-json\/wp\/v2\/product_cat?post=24321"},{"taxonomy":"product_tag","embeddable":true,"href":"https:\/\/electricstore.eu\/pl\/wp-json\/wp\/v2\/product_tag?post=24321"}],"curies":[{"name":"wp","href":"https:\/\/api.w.org\/{rel}","templated":true}]}}