{"id":24002,"date":"2025-05-20T18:34:56","date_gmt":"2025-05-20T18:34:56","guid":{"rendered":"https:\/\/electricstore.eu\/p\/uncategorized\/csc-electric-bicycle-conversion-kit-48v-1000w-1500w-brushless-hub-motor-36v-350w-ebike-conversion-kit-48v-18ah-hailong-battery-2\/"},"modified":"2025-05-20T18:35:16","modified_gmt":"2025-05-20T18:35:16","slug":"csc-electric-bicycle-conversion-kit-48v-1000w-1500w-brushless-hub-motor-36v-350w-ebike-conversion-kit-48v-18ah-hailong-battery-2","status":"publish","type":"product","link":"https:\/\/electricstore.eu\/pl\/p\/p\/kits\/electric-hub-motor-kits\/csc-electric-bicycle-conversion-kit-48v-1000w-1500w-brushless-hub-motor-36v-350w-ebike-conversion-kit-48v-18ah-hailong-battery-2\/","title":{"rendered":"Zestaw do konwersji roweru elektrycznego CSC 48 V 1000 W 1500 W Silnik bezszczotkowy w pia\u015bcie 36 V 350 W Zestaw do konwersji roweru elektrycznego 48 V 18 Ah akumulator Hailong"},"content":{"rendered":"<div class=\"product-specs-list-container\">\n<ul class=\"product-specs-list util-clearfix\">\n<li class=\"product-prop line-limit-length\"><span\n                                        class=\"property-title\">Typ silnika:&nbsp;<\/span><span\n                                        class=\"property-desc line-limit-length\">Silnik bezszczotkowy w pia\u015bcie bez przek\u0142adni<\/span>\n                            <\/li>\n<li class=\"product-prop line-limit-length\"><span\n                                        class=\"property-title\">Moc:&nbsp;<\/span><span\n                                        class=\"property-desc line-limit-length\">&gt; 400W<\/span>\n                            <\/li>\n<li class=\"product-prop line-limit-length\"><span\n                                        class=\"property-title\">Projekt:&nbsp;<\/span><span\n                                        class=\"property-desc line-limit-length\">Bezszczotkowy<\/span>\n                            <\/li>\n<li class=\"product-prop line-limit-length\"><span\n                                        class=\"property-title\">Wolta\u017c:&nbsp;<\/span><span\n                                        class=\"property-desc line-limit-length\">48V<\/span>\n                            <\/li>\n<li class=\"product-prop line-limit-length\"><span\n                                        class=\"property-title\">Nazwa marki:&nbsp;<\/span><span\n                                        class=\"property-desc line-limit-length\">CSC<\/span>\n                            <\/li>\n<li class=\"product-prop line-limit-length\"><span\n                                        class=\"property-title\">Pochodzenie:&nbsp;<\/span><span\n                                        class=\"property-desc line-limit-length\">Chiny kontynentalne<\/span>\n                            <\/li>\n<li class=\"product-prop line-limit-length\"><span\n                                        class=\"property-title\">Wolta\u017c:&nbsp;<\/span><span\n                                        class=\"property-desc line-limit-length\">36V<\/span>\n                            <\/li>\n<li class=\"product-prop line-limit-length\"><span\n                                        class=\"property-title\">Motor type:&nbsp;<\/span><span\n                                        class=\"property-desc line-limit-length\">Silnik przek\u0142adniowy bezszczotkowy<\/span>\n                            <\/li>\n<li class=\"product-prop line-limit-length\"><span\n                                        class=\"property-title\">Odpowiedni rozmiar opon:&nbsp;<\/span><span\n                                        class=\"property-desc line-limit-length\">26 in 27.5 in 28 in 29 in 700C<\/span>\n                            <\/li>\n<li class=\"product-prop line-limit-length\"><span\n                                        class=\"property-title\">Pojemno\u015b\u0107:&nbsp;<\/span><span\n                                        class=\"property-desc line-limit-length\">36V 15AH, 48V 15AH 18AH 24AH<\/span>\n                            <\/li>\n<li class=\"product-prop line-limit-length\"><span\n                                        class=\"property-title\">\u015arednica wa\u0142u silnika:&nbsp;<\/span><span\n                                        class=\"property-desc line-limit-length\">36V M12 (12MM*10MM), 48V M14 (14MM*10MM),<\/span>\n                            <\/li>\n<li class=\"product-prop line-limit-length\"><span\n                                        class=\"property-title\">Typ hamulca:&nbsp;<\/span><span\n                                        class=\"property-desc line-limit-length\">kompatybilny z hamulcami V-brake i tarczowymi<\/span>\n                            <\/li>\n<li class=\"product-prop line-limit-length\"><span\n                                        class=\"property-title\">Typ zawieszenia:&nbsp;<\/span><span\n                                        class=\"property-desc line-limit-length\">Front or Rear<\/span>\n                            <\/li>\n<li class=\"product-prop line-limit-length\"><span\n                                        class=\"property-title\">Notatka:&nbsp;<\/span><span\n                                        class=\"property-desc line-limit-length\">Przed z\u0142o\u017ceniem zam\u00f3wienia sprawd\u017a wymiary wyt\u0142oczone na oponie<\/span>\n                            <\/li>\n<li class=\"product-prop line-limit-length\"><span\n                                        class=\"property-title\">BMS:&nbsp;<\/span><span\n                                        class=\"property-desc line-limit-length\">36V 10.4AH(20 Amp),48V 18AH(30Amp).24AH(40Amp)<\/span>\n                            <\/li>\n<li class=\"product-prop line-limit-length\"><span\n                                        class=\"property-title\">Moc silnika:&nbsp;<\/span><span\n                                        class=\"property-desc line-limit-length\">250 W 350 W 500 W 1000 W 1500 W<\/span>\n                            <\/li>\n<\/ul><\/div>\n<p><\/p>\n<p><\/p>\n<p><\/p>\n<p><kse:widget data-widget-type=\"customText\" id=\"1005000011616010\" type=\"custom\"><\/kse:widget><\/p>\n<div class=\"detailmodule_html\">\n<div class=\"detail-desc-decorate-richtext\">\n<div class=\"detailmodule_text\">\n<p style=\"font-family:OpenSans;font-size:20px;font-weight:900;line-height:28px;white-space:pre-wrap;color:rgb(0, 0, 0);margin-bottom:12px\" class=\"detail-desc-decorate-title\">Lista rzeczy do spakowania<\/p>\n<p style=\"font-family:OpenSans;font-size:14px;text-align:left;color:rgb(0, 0, 0);background-color:rgb(255, 255, 255);display:block;width:100%\" align=\"left\">Uwaga: Zestaw konwersyjny nie obejmuje opony, wolnobiegu ani hamulca tarczowego. (Je\u015bli potrzebujesz akumulatora, opony, wolnobiegu lub hamulca tarczowego, skontaktuj si\u0119 z nami w celu uzyskania dodatkowej op\u0142aty)<br \/>1 * battery and charger \uff08If you order &quot;NO battery&quot;, the battery and charger is not included\uff09<br \/>1 * Tylne ko\u0142o silnika<br \/>1 * Kontroler pr\u0105du sta\u0142ego <br \/>1 * Torba na kontroler<br \/>1 para * D\u017awignia hamulca z odci\u0119ciem zasilania<br \/>1 * Wy\u015bwietlacz SW900<br \/>1 * 8 Czujnik asystenta peda\u0142u magnetycznego<br \/>1 zestaw * Przepustnica skr\u0119tna<\/p>\n<\/div>\n<div class=\"detailmodule_image\"><img decoding=\"async\" class=\"detail-desc-decorate-image\" src=\"https:\/\/ae04.alicdn.com\/kf\/H7fef7aef407745faabf15817e0fca9fbj.jpg\" slate-data-type=\"image\"\/><\/div>\n<div class=\"detailmodule_text\">\n<p style=\"font-family:OpenSans;font-size:20px;font-weight:900;line-height:28px;white-space:pre-wrap;color:rgb(0, 0, 0);margin-bottom:12px\" class=\"detail-desc-decorate-title\">Ko\u0142o silnikowe<\/p>\n<p style=\"font-family:OpenSans;font-size:14px;font-weight:300;line-height:20px;white-space:pre-wrap;color:rgb(0, 0, 0);margin-bottom:12px\" class=\"detail-desc-decorate-content\">1. Pe\u0142na pr\u0119dko\u015b\u0107: 36 V 250\/350\/500 W oko\u0142o 20-35 km\/godz.,<br \/>48V 1000W oko\u0142o 45-55km\/h, <br \/>48V 1500W oko\u0142o 50-60km\/h, <br \/> (r\u00f3\u017cne rozmiary k\u00f3\u0142, warunki drogowe i pogodowe oraz waga rowerzysty mog\u0105 powodowa\u0107 r\u00f3\u017cn\u0105 pr\u0119dko\u015b\u0107)<br \/>2. Silnik piasty: bezszczotkowy silnik piasty z przek\u0142adni\u0105 do 36 V <br \/>Silnik bezszczotkowy bez przek\u0142adni w pia\u015bcie do 48 V <br \/>3. Obr\u0119cz: Obr\u0119cz aluminiowa ze stopu aluminium o podw\u00f3jnych \u015bciankach<br \/>4. Ko\u0142o Suport: Ty\u0142 135mm-142mm<br \/>5. Moment obrotowy: 25-35 NM dla 36 V 250 W 350 W 500 W<br \/>30-40NM dla 500W 1000W<br \/>35-45NM dla 1500W<br \/>6. RPM: 320 dla 36 V 250 W 350 W<br \/>350 dla 36V 500W<br \/>470 dla 48V 500W 1000W<br \/>540 dla 48V 1500W<br \/>7. Silnik nadaje si\u0119 do wolnobiegu gwintowanego, nie nadaje si\u0119 do kasety. Je\u015bli potrzebujesz silnika odpowiedniego do kasety, skontaktuj si\u0119 z nami<\/p>\n<\/div>\n<div class=\"detailmodule_image\"><img decoding=\"async\" class=\"detail-desc-decorate-image\" src=\"https:\/\/ae01.alicdn.com\/kf\/H7bc9f84c75704df78fd5fb271f27f1d3c.jpg\" slate-data-type=\"image\"\/><img decoding=\"async\" class=\"detail-desc-decorate-image\" src=\"https:\/\/ae01.alicdn.com\/kf\/H406141f49450451f823fc314a1c6ea900.jpg\" slate-data-type=\"image\"\/><img decoding=\"async\" style=\"margin-bottom:10px\" class=\"detail-desc-decorate-image\" src=\"https:\/\/ae01.alicdn.com\/kf\/S9dc1cb71554746f39dc1078dea02b7bff.jpg\" slate-data-type=\"image\"\/><\/div>\n<div class=\"detailmodule_text\">\n<p style=\"font-family:OpenSans;font-size:14px;text-align:left;color:rgb(0, 0, 0);background-color:rgb(255, 255, 255);display:block;width:100%\" align=\"left\">36V<\/p>\n<\/div>\n<div class=\"detailmodule_image\"><img decoding=\"async\" class=\"detail-desc-decorate-image\" src=\"https:\/\/ae01.alicdn.com\/kf\/H7add78d689ad4c839b04ae6a669449e3p.jpg\" slate-data-type=\"image\"\/><\/div>\n<div class=\"detailmodule_text\">\n<p style=\"font-family:OpenSans;font-size:14px;text-align:left;color:rgb(0, 0, 0);background-color:rgb(255, 255, 255);display:block;width:100%\" align=\"left\">48V<\/p>\n<\/div>\n<div class=\"detailmodule_image\"><img decoding=\"async\" class=\"detail-desc-decorate-image\" src=\"https:\/\/ae01.alicdn.com\/kf\/Hf784f9dcfd9349b0ac9a2935009c8311q.jpg\" slate-data-type=\"image\"\/><\/div>\n<div class=\"detailmodule_text\">\n<p style=\"font-family:OpenSans;font-size:20px;font-weight:900;line-height:28px;white-space:pre-wrap;color:rgb(0, 0, 0);margin-bottom:12px\" class=\"detail-desc-decorate-title\">display<\/p>\n<p style=\"font-family:OpenSans;font-size:14px;font-weight:300;line-height:20px;white-space:pre-wrap;color:rgb(0, 0, 0);margin-bottom:12px\" class=\"detail-desc-decorate-content\">Wy\u015bwietlacz SW900 z funkcj\u0105 tempomatu<\/p>\n<\/div>\n<div class=\"detailmodule_image\"><img decoding=\"async\" class=\"detail-desc-decorate-image\" src=\"https:\/\/ae04.alicdn.com\/kf\/H2f740dbf099f4e75aecfea87ee7c29a2m.jpg\" slate-data-type=\"image\"\/><\/div>\n<div class=\"detailmodule_text\">\n<p style=\"font-family:OpenSans;font-size:20px;font-weight:900;line-height:28px;white-space:pre-wrap;color:rgb(0, 0, 0);margin-bottom:12px\" class=\"detail-desc-decorate-title\">kontroler<\/p>\n<p style=\"font-family:OpenSans;font-size:14px;font-weight:300;line-height:20px;white-space:pre-wrap;color:rgb(0, 0, 0);margin-bottom:12px\" class=\"detail-desc-decorate-content\">Kontroler MOSFET CSC 6<br \/>Pasuje do: ko\u0142a silnika 36 V 250 W\/350 W\/500 W, wy\u015bwietlacz SW900<br \/>Pr\u0105d znamionowy: 15A, pr\u0105d maksymalny: 30\u00b11A<br \/>Rozmiar: 100*64*32mm<\/p>\n<p>Kontroler MOSFET CSC 12 <br \/>Pasuje do: ko\u0142a silnika 48 V 1000 W, wy\u015bwietlacz SW900<br \/>Pr\u0105d znamionowy: 22A, Pr\u0105d maksymalny: 44\u00b11A<br \/>Rozmiar: 149*83,3*42mm<\/p>\n<p>Kontroler MOSFET CSC 15 <br \/>Pasuje do: ko\u0142a silnika 48 V 1500 W, wy\u015bwietlacz SW900<br \/>Pr\u0105d znamionowy: 35A, Pr\u0105d maksymalny: 70\u00b11A<br \/>Rozmiar: 118,2*82,33*41 mm<\/p>\n<\/div>\n<div class=\"detailmodule_image\"><img decoding=\"async\" class=\"detail-desc-decorate-image\" src=\"https:\/\/ae01.alicdn.com\/kf\/H91b578cda72b4fe3bcd7881269329105N.jpg\" slate-data-type=\"image\"\/><\/div>\n<div class=\"detailmodule_text-image\">\n<p style=\"font-family:OpenSans;font-size:20px;font-weight:900;line-height:28px;white-space:pre-wrap;color:rgb(0, 0, 0);margin-bottom:12px\" class=\"detail-desc-decorate-title\">Torba na kontroler<\/p>\n<\/div>\n<div class=\"detailmodule_image\"><img decoding=\"async\" class=\"detail-desc-decorate-image\" src=\"https:\/\/ae01.alicdn.com\/kf\/Hfb0c0e235e9d410f815ccbb3e9f9291as.jpg\" slate-data-type=\"image\"\/><\/div>\n<div class=\"detailmodule_text\">\n<p style=\"font-family:OpenSans;font-size:20px;font-weight:900;line-height:28px;white-space:pre-wrap;color:rgb(0, 0, 0);margin-bottom:12px\" class=\"detail-desc-decorate-title\">PIERWSZE\u0143STWO<\/p>\n<\/div>\n<div class=\"detailmodule_image\"><a href=\"https:\/\/www.aliexpress.com\/store\/product\/Electric-Bicycle-Pedal-BZ-4-8-8-Magnet-or-KT-V12L-12-Magnets-E-bike-PAS\/502344_32947529138.html?spm=2114.12010612.8148356.5.19f8628fiwlFMT\" target=\"_self\" class=\"\"><img decoding=\"async\" class=\"detail-desc-decorate-image\" src=\"https:\/\/ae01.alicdn.com\/kf\/H088209dd4faa4eca81369d582b8c1418x.jpg\" slate-data-type=\"image\"\/><\/a><\/div>\n<div class=\"detailmodule_text\">\n<p style=\"font-family:OpenSans;font-size:20px;font-weight:900;line-height:28px;white-space:pre-wrap;color:rgb(0, 0, 0);margin-bottom:12px\" class=\"detail-desc-decorate-title\">Przepustnica<\/p>\n<\/div>\n<div class=\"detailmodule_image\"><img decoding=\"async\" style=\"margin-bottom:10px\" class=\"detail-desc-decorate-image\" src=\"https:\/\/ae01.alicdn.com\/kf\/S9ec2b138586f4c92bd46e650dd6cab1aO.jpg\" slate-data-type=\"image\"\/><\/div>\n<div class=\"detailmodule_text\">\n<p style=\"font-family:OpenSans;font-size:20px;font-weight:900;line-height:28px;white-space:pre-wrap;color:rgb(0, 0, 0);margin-bottom:12px\" class=\"detail-desc-decorate-title\">D\u017awignia hamulca odcinaj\u0105cego zasilanie<\/p>\n<\/div>\n<div class=\"detailmodule_image\"><a href=\"https:\/\/www.aliexpress.com\/store\/product\/Ebike-Aluminum-Brake-Lever-with-Cut-Off-Electricity-Power-Parking-Function-Electric-Bicycle-Accessories\/502344_32965382287.html?spm=2114.12010612.8148356.31.19f8628fzogu7o\" target=\"_self\" class=\"\"><img decoding=\"async\" class=\"detail-desc-decorate-image\" src=\"https:\/\/ae01.alicdn.com\/kf\/Hd706089279f9482eb3a73aa6ede2c220x.jpg\" slate-data-type=\"image\"\/><\/a><\/div>\n<div class=\"detailmodule_text\">\n<p style=\"font-family:OpenSans;font-size:20px;font-weight:900;line-height:28px;white-space:pre-wrap;color:rgb(0, 0, 0);margin-bottom:12px\" class=\"detail-desc-decorate-title\">bateria<\/p>\n<p style=\"font-family:OpenSans;font-size:14px;font-weight:300;line-height:20px;white-space:pre-wrap;color:rgb(0, 0, 0);margin-bottom:12px\" class=\"detail-desc-decorate-content\">Akumulator 36 V 15 Ah<br \/>Z\u0142\u0105cze do kontrolera: XT60<br \/>Napi\u0119cie nominalne: 36 V<br \/>Pojemno\u015b\u0107 nominalna: 15Ah<br \/>Typ z\u0142o\u017cony: 10Series 6Paralles 10S6P<br \/>Ogniwa: Mocne ogniwa 18650 3,7 V 2500 mAh 10 A 5 C<br \/>BMS: ci\u0105g\u0142y 20 A, maksymalny 50 \u00b1 10 A<br \/>Moc silnika Fit: 36 V 250 W 350 W 500 W<br \/>Pr\u0105d \u0142adowania: 2-5A<br \/>Napi\u0119cie odci\u0119cia \u0142adowania: 42 V<br \/>Napi\u0119cie odci\u0119cia roz\u0142adowania: 30 V<br \/>Temperatura roz\u0142adowania: od -20 do 65\u00b0C<br \/>Temperatura \u0142adowania: od 0 do 45\u00b0C<br \/>Wymiary: 90*110*360mm<br \/>Waga akumulatora: 3,8 kg<br \/>Cykl \u017cycia: \u2265pojemno\u015b\u0107 80% po 800 cyklach.<br \/>&#8212;&#8212;&#8212;&#8212;&#8212;&#8212;&#8212;&#8212;&#8212;&#8212;&#8212;&#8212;&#8212;&#8212;&#8212;&#8212;&#8212;&#8212;&#8212;&#8212;&#8212;&#8212;<\/p>\n<p>Akumulator 48 V 12,5 Ah<br \/>Z\u0142\u0105cze do kontrolera: XT60<br \/>Napi\u0119cie nominalne: 48 V<br \/>Pojemno\u015b\u0107 nominalna: 12,5 Ah<br \/>Typ z\u0142o\u017cony: 13Series 5Paralles 13S5P<br \/>Ogniwa: Mocne ogniwa 18650 3,7 V 2500 mAh 10 A 5 C<br \/>BMS: 30 A ci\u0105g\u0142y, 100 \u00b1 10 A maksymalny<br \/>Moc silnika Fit: 48 V, 500 W, 750 W, 1000 W<br \/>Pr\u0105d \u0142adowania: 2-5A<br \/>Napi\u0119cie odci\u0119cia \u0142adowania: 54,6 V<br \/>Napi\u0119cie odci\u0119cia roz\u0142adowania: 39 V<br \/>Temperatura roz\u0142adowania: od -20 do 65\u00b0C<br \/>Temperatura \u0142adowania: od 0 do 45\u00b0C<br \/>Wymiary: 90*110*360mm<br \/>Waga akumulatora: 4,1 kg<br \/>Cykl \u017cycia: \u2265pojemno\u015b\u0107 80% po 800 cyklach.<br \/>&#8212;&#8212;&#8212;&#8212;&#8212;&#8212;&#8212;&#8212;&#8212;&#8212;&#8212;&#8212;&#8212;&#8212;&#8212;&#8212;&#8212;&#8212;&#8212;&#8212;&#8212;&#8212;<\/p>\n<p>Akumulator 48 V 18 Ah<br \/>Napi\u0119cie nominalne: 48 V<br \/>Pojemno\u015b\u0107 nominalna: 18Ah<br \/>Typ z\u0142o\u017cony: 13Series 4Paralles 13S4P<br \/>Ogniwa: Mocne ogniwa 21700 3,7 V 4500 mAh<br \/>BMS: ci\u0105g\u0142y 40 A, maksymalny 100 \u00b1 10 A<br \/>Moc silnika Fit: 48 V 250 W-1500 W<br \/>Pr\u0105d \u0142adowania: 2-5A<br \/>Napi\u0119cie odci\u0119cia \u0142adowania: 54,6 V<br \/>Napi\u0119cie odci\u0119cia roz\u0142adowania: 39 V<br \/>Temperatura roz\u0142adowania: od -20 do 65\u00b0C<br \/>Temperatura \u0142adowania: od 0 do 45\u00b0C<br \/>Wymiary: 90*110*360mm<br \/>Waga akumulatora: 4,77 kg<br \/>Cykl \u017cycia: \u2265pojemno\u015b\u0107 80% po 800 cyklach.<br \/>&#8212;&#8212;&#8212;&#8212;&#8212;&#8212;&#8212;&#8212;&#8212;&#8212;&#8212;&#8212;&#8212;&#8212;&#8212;&#8212;&#8212;&#8212;&#8212;&#8212;&#8212;&#8212;<\/p>\n<p>Akumulator 48 V 24 Ah<br \/>Napi\u0119cie nominalne: 48 V<br \/>Pojemno\u015b\u0107 nominalna: 24Ah<br \/>Typ z\u0142o\u017cony: 13Series 5Paralles 13S5P<br \/>Ogniwa: Mocne ogniwa 21700 3,7 V 4800 mAh<br \/>BMS: ci\u0105g\u0142y 40 A, maksymalny 100 \u00b1 10 A<br \/>Moc silnika Fit: 48 V 250 W-1500 W<br \/>Pr\u0105d \u0142adowania: 2-5A<br \/>Napi\u0119cie odci\u0119cia \u0142adowania: 54,6 V<br \/>Napi\u0119cie odci\u0119cia roz\u0142adowania: 39 V<br \/>Temperatura roz\u0142adowania: od -20 do 65\u00b0C<br \/>Temperatura \u0142adowania: od 0 do 45\u00b0C<br \/>Wymiary: 90*110*360mm<br \/>Waga akumulatora: 5,73 kg<br \/>Cykl \u017cycia: \u2265pojemno\u015b\u0107 80% po 800 cyklach.<br \/>&#8212;&#8212;&#8212;&#8212;&#8212;&#8212;&#8212;&#8212;&#8212;&#8212;&#8212;&#8212;&#8212;&#8212;&#8212;&#8212;&#8212;&#8212;&#8212;&#8212;&#8212;&#8212;<\/p>\n<p>Akumulator 52 V 13,5 Ah<br \/>Napi\u0119cie nominalne: 52 V<br \/>Pojemno\u015b\u0107 nominalna: 13,5 Ah<br \/>Typ z\u0142o\u017cony: 14Series 3Paralles 14S3P<br \/>Ogniwa: Mocne ogniwa 21700 3,7 V 4500 mAh<br \/>BMS: 30 A ci\u0105g\u0142y, 100 \u00b1 10 A maksymalny<br \/>Moc silnika Fit: 52V 250W-750W<br \/>Pr\u0105d \u0142adowania: 2-5A<br \/>Napi\u0119cie odci\u0119cia \u0142adowania: 60 V<br \/>Napi\u0119cie odci\u0119cia roz\u0142adowania: 39 V<br \/>Temperatura roz\u0142adowania: od -20 do 65\u00b0C<br \/>Temperatura \u0142adowania: od 0 do 45\u00b0C<br \/>Wymiary: 90*110*360mm<br \/>Waga akumulatora: 4,15 kg<br \/>Cykl \u017cycia: \u2265pojemno\u015b\u0107 80% po 800 cyklach.<br \/>&#8212;&#8212;&#8212;&#8212;&#8212;&#8212;&#8212;&#8212;&#8212;&#8212;&#8212;&#8212;&#8212;&#8212;&#8212;&#8212;&#8212;&#8212;&#8212;&#8212;&#8212;&#8212;<\/p>\n<p>Akumulator 52 V 18 Ah<br \/>Napi\u0119cie nominalne: 52 V<br \/>Pojemno\u015b\u0107 nominalna: 18Ah<br \/>Typ z\u0142o\u017cony: 14Series 4Paralles 14S4P<br \/>Ogniwa: Mocne ogniwa 21700 3,7 V 4500 mAh<br \/>BMS: ci\u0105g\u0142y 40 A, maksymalny 100 \u00b1 10 A<br \/>Moc silnika Fit: 52V 250W-1500W<br \/>Pr\u0105d \u0142adowania: 2-5A<br \/>Napi\u0119cie odci\u0119cia \u0142adowania: 60 V<br \/>Napi\u0119cie odci\u0119cia roz\u0142adowania: 39-42 V<br \/>Temperatura roz\u0142adowania: od -20 do 65\u00b0C<br \/>Temperatura \u0142adowania: od 0 do 45\u00b0C<br \/>Wymiary: 90*110*360mm<br \/>Waga akumulatora: 4,99 kg<br \/>Cykl \u017cycia: \u2265pojemno\u015b\u0107 80% po 800 cyklach.<br \/>&#8212;&#8212;&#8212;&#8212;&#8212;&#8212;&#8212;&#8212;&#8212;&#8212;&#8212;&#8212;&#8212;&#8212;&#8212;&#8212;&#8212;&#8212;&#8212;&#8212;&#8212;&#8212;<\/p>\n<\/div>\n<div class=\"detailmodule_image\"><img decoding=\"async\" class=\"detail-desc-decorate-image\" src=\"https:\/\/ae01.alicdn.com\/kf\/H73dd922a6dd0414f90bee11960a200df2.png\" slate-data-type=\"image\"\/><img decoding=\"async\" class=\"detail-desc-decorate-image\" src=\"https:\/\/ae01.alicdn.com\/kf\/H2f40eb453ff042d19f4edd32f21b3176U.jpg\" slate-data-type=\"image\"\/><\/div>\n<div class=\"detailmodule_image\"><img decoding=\"async\" class=\"detail-desc-decorate-image\" src=\"https:\/\/ae01.alicdn.com\/kf\/H8b810db2ab8b4d8eb427b8a220c721431.jpg\" slate-data-type=\"image\"\/><\/div>\n<div class=\"detailmodule_image\"><img decoding=\"async\" class=\"detail-desc-decorate-image\" src=\"https:\/\/ae01.alicdn.com\/kf\/Hf9f37f875a884c5f9a1fa1d70020da65l.jpg\" slate-data-type=\"image\"\/><\/div>\n<p><\/p>\n<p><\/p>\n<p><\/p>\n<p><\/p>\n<p><\/p>\n<p><\/p>\n<p><\/p>\n<p><\/p>\n<p><\/p>\n<p><\/p>\n<p><\/p>\n<p><\/p>\n<p><\/p>\n<p><\/p>\n<p><\/p>\n<p><\/p>\n<p><\/p>\n<p><\/p>\n<p><\/p>\n<p><\/p>\n<p><\/p>\n<div><\/div>\n<\/div>\n<\/div>\n<p><\/p>\n<p><\/p>\n<p><\/p>\n<p><\/p>\n<p><\/p>\n<p><\/p>\n<p><\/p>\n<p><\/p>\n<p><\/p>\n<p><\/p>\n<p><\/p>\n<p><\/p>\n<p><\/p>\n<p><\/p>\n<p><\/p>\n<p><\/p>\n<p><\/p>\n<p><\/p>","protected":false},"excerpt":{"rendered":"<p>Motor Type:&nbsp;Brushless Non-gear Hub Motor Wattage:&nbsp;&gt; 400w Design:&nbsp;Brushless Voltage:&nbsp;48V Brand Name:&nbsp;CSC Origin:&nbsp;Mainland China Voltage:&nbsp;36V Motor type:&nbsp;Brushless gear motor Suitable tire size:&nbsp;26 in 27.5 in 28 in 29 in 700C Capacity:&nbsp;36V<\/p>","protected":false},"featured_media":22948,"comment_status":"open","ping_status":"closed","template":"","meta":{"_acf_changed":false},"product_brand":[],"product_cat":[528],"product_tag":[],"class_list":{"0":"post-24002","1":"product","2":"type-product","3":"status-publish","4":"has-post-thumbnail","6":"product_cat-electric-hub-motor-kits","8":"first","9":"instock","10":"shipping-taxable","11":"purchasable","12":"product-type-variable"},"acf":[],"_links":{"self":[{"href":"https:\/\/electricstore.eu\/pl\/wp-json\/wp\/v2\/product\/24002","targetHints":{"allow":["GET"]}}],"collection":[{"href":"https:\/\/electricstore.eu\/pl\/wp-json\/wp\/v2\/product"}],"about":[{"href":"https:\/\/electricstore.eu\/pl\/wp-json\/wp\/v2\/types\/product"}],"replies":[{"embeddable":true,"href":"https:\/\/electricstore.eu\/pl\/wp-json\/wp\/v2\/comments?post=24002"}],"wp:featuredmedia":[{"embeddable":true,"href":"https:\/\/electricstore.eu\/pl\/wp-json\/wp\/v2\/media\/22948"}],"wp:attachment":[{"href":"https:\/\/electricstore.eu\/pl\/wp-json\/wp\/v2\/media?parent=24002"}],"wp:term":[{"taxonomy":"product_brand","embeddable":true,"href":"https:\/\/electricstore.eu\/pl\/wp-json\/wp\/v2\/product_brand?post=24002"},{"taxonomy":"product_cat","embeddable":true,"href":"https:\/\/electricstore.eu\/pl\/wp-json\/wp\/v2\/product_cat?post=24002"},{"taxonomy":"product_tag","embeddable":true,"href":"https:\/\/electricstore.eu\/pl\/wp-json\/wp\/v2\/product_tag?post=24002"}],"curies":[{"name":"wp","href":"https:\/\/api.w.org\/{rel}","templated":true}]}}