{"id":21967,"date":"2025-05-20T18:28:28","date_gmt":"2025-05-20T18:28:28","guid":{"rendered":"https:\/\/electricstore.eu\/p\/uncategorized\/bk15-electric-bike-for-adults-250w-48v-15ah-ebike-264-0-fat-tire-e-mountain-bike-7-speed-all-terrain-electric-bicycle\/"},"modified":"2025-05-20T18:28:47","modified_gmt":"2025-05-20T18:28:47","slug":"bk15-electric-bike-for-adults-250w-48v-15ah-ebike-264-0-fat-tire-e-mountain-bike-7-speed-all-terrain-electric-bicycle","status":"publish","type":"product","link":"https:\/\/electricstore.eu\/pl\/p\/bikes\/bk15-electric-bike-for-adults-250w-48v-15ah-ebike-264-0-fat-tire-e-mountain-bike-7-speed-all-terrain-electric-bicycle\/","title":{"rendered":"Rower elektryczny BK15 dla doros\u0142ych 250 W 48 V 15 Ah, 26*4,0, opona Fat, rower g\u00f3rski, 7-biegowy, terenowy rower elektryczny"},"content":{"rendered":"<div class=\"product-specs-list-container\">\n<ul class=\"product-specs-list util-clearfix\">\n<li class=\"product-prop line-limit-length\"><span\n                                        class=\"property-title\">Numer modelu:&nbsp;<\/span><span\n                                        class=\"property-desc line-limit-length\">BK15<\/span>\n                            <\/li>\n<li class=\"product-prop line-limit-length\"><span\n                                        class=\"property-title\">Styl:&nbsp;<\/span><span\n                                        class=\"property-desc line-limit-length\">Typ luksusowy<\/span>\n                            <\/li>\n<li class=\"product-prop line-limit-length\"><span\n                                        class=\"property-title\">Moc:&nbsp;<\/span><span\n                                        class=\"property-desc line-limit-length\">200 \u2013 250 W<\/span>\n                            <\/li>\n<li class=\"product-prop line-limit-length\"><span\n                                        class=\"property-title\">Zasilanie:&nbsp;<\/span><span\n                                        class=\"property-desc line-limit-length\">bateria litowa<\/span>\n                            <\/li>\n<li class=\"product-prop line-limit-length\"><span\n                                        class=\"property-title\">Wolta\u017c:&nbsp;<\/span><span\n                                        class=\"property-desc line-limit-length\">48V<\/span>\n                            <\/li>\n<li class=\"product-prop line-limit-length\"><span\n                                        class=\"property-title\">\u0179r\u00f3d\u0142o zasilania:&nbsp;<\/span><span\n                                        class=\"property-desc line-limit-length\">bateria litowa<\/span>\n                            <\/li>\n<li class=\"product-prop line-limit-length\"><span\n                                        class=\"property-title\">Silnik:&nbsp;<\/span><span\n                                        class=\"property-desc line-limit-length\">Bezszczotkowy<\/span>\n                            <\/li>\n<li class=\"product-prop line-limit-length\"><span\n                                        class=\"property-title\">Pochodzenie:&nbsp;<\/span><span\n                                        class=\"property-desc line-limit-length\">Chiny kontynentalne<\/span>\n                            <\/li>\n<li class=\"product-prop line-limit-length\"><span\n                                        class=\"property-title\">Fa\u0142dowy:&nbsp;<\/span><span\n                                        class=\"property-desc line-limit-length\">NIE<\/span>\n                            <\/li>\n<li class=\"product-prop line-limit-length\"><span\n                                        class=\"property-title\">Rozmiar ko\u0142a:&nbsp;<\/span><span\n                                        class=\"property-desc line-limit-length\">26 cali<\/span>\n                            <\/li>\n<li class=\"product-prop line-limit-length\"><span\n                                        class=\"property-title\">Materia\u0142 ramy:&nbsp;<\/span><span\n                                        class=\"property-desc line-limit-length\">STAL<\/span>\n                            <\/li>\n<\/ul><\/div>\n<p><strong><span style=\"font-size:20px\">Rower elektryczny BK15 dla doros\u0142ych 250 W 48 V 15 Ah, 26*4,0, opona Fat, rower g\u00f3rski, 7-biegowy, terenowy rower elektryczny<\/span><\/strong><\/p>\n<p><\/p>\n<p><span style=\"font-size:18px\"><strong>Akumulator wymienny 48 V 15 Ah z blokad\u0105 antykradzie\u017cow\u0105<\/strong><\/span><\/p>\n<p>Ten wydajny akumulator 48 V 15 Ah zapewnia d\u0142ugotrwa\u0142\u0105 wydajno\u015b\u0107 podczas d\u0142u\u017cszych przeja\u017cd\u017cek. Wyposa\u017cony w bezpieczn\u0105 blokad\u0119 na klucz, akumulator jest zabezpieczony przed kradzie\u017c\u0105, co pozwala na \u0142atwe wyj\u0119cie go do \u0142adowania, a jednocze\u015bnie zapewnia bezpiecze\u0144stwo roweru elektrycznego podczas parkowania.<\/p>\n<p><\/p>\n<p><span style=\"font-size:18px\"><strong>Ulepszone opony odporne na przebicie o wymiarach 26\u00d74,0 cali, zapewniaj\u0105ce wi\u0119ksz\u0105 trwa\u0142o\u015b\u0107<\/strong><\/span><\/p>\n<p>Rower elektryczny BK15 4.0 jest wyposa\u017cony w wytrzyma\u0142e opony 26\u00d74,0 cala, udoskonalone o technologi\u0119 antyprzebiciow\u0105. Ciesz si\u0119 wi\u0119kszym spokojem podczas jazdy, wiedz\u0105c, \u017ce opony te s\u0105 odporne na ostre przedmioty i zapewniaj\u0105 p\u0142ynniejsz\u0105 i bardziej niezawodn\u0105 jazd\u0119 w ka\u017cdym terenie.<\/p>\n<p><\/p>\n<p><span style=\"font-size:18px\"><strong>P\u0142ynna jazda dzi\u0119ki zawieszeniu przedniego widelca<\/strong><\/span><\/p>\n<p>Zawieszenie przedniego widelca poch\u0142ania wstrz\u0105sy i wibracje, zapewniaj\u0105c p\u0142ynniejsz\u0105 jazd\u0119 na nier\u00f3wnych nawierzchniach. Zar\u00f3wno na ulicach miasta, jak i na wyboistych \u015bcie\u017ckach, do\u015bwiadczysz wi\u0119kszego komfortu i kontroli.<\/p>\n<p><\/p>\n<p><span style=\"font-size:18px\"><strong>Ulepszony wy\u015bwietlacz LCD z funkcj\u0105 aplikacji dla pe\u0142nej kontroli jazdy<\/strong><\/span><\/p>\n<p>Monitoruj swoj\u0105 jazd\u0119 bez wysi\u0142ku dzi\u0119ki wy\u015bwietlaczowi, kt\u00f3ry pokazuje wiele parametr\u00f3w, takich jak pr\u0119dko\u015b\u0107, stan na\u0142adowania baterii i przebieg. Ten wielofunkcyjny wy\u015bwietlacz zapewnia pe\u0142n\u0105 kontrol\u0119 nad osi\u0105gami Twojego motocykla BK15 4.0 podczas ka\u017cdej podr\u00f3\u017cy.<\/p>\n<p><\/p>\n<p>Pojemno\u015b\u0107 akumulatora: 48 V 15 Ah<\/p>\n<p>Silnik: silnik bezszczotkowy 250 W<\/p>\n<p>Maksymalna pr\u0119dko\u015b\u0107: 25 km\/h<\/p>\n<p>Maksymalny k\u0105t wspinaczki: 25 stopni<\/p>\n<p>Przebieg: 45\u201380 km (w zale\u017cno\u015bci od obci\u0105\u017cenia, temperatury, warunk\u00f3w drogowych, trybu jazdy itp.)<\/p>\n<p>Maksymalne obci\u0105\u017cenie: 120 kg<\/p>\n<p>Opona: Opona 26*4,0 cali<\/p>\n<p>Metoda hamowania: hamulec tarczowy<\/p>\n<p>Czas \u0142adowania: 6-7 godzin<\/p>\n<p>Rozmiar produktu: 188*60*103 cm<\/p>\n<p>Rozmiar opakowania: 155*31*80 cm<\/p>\n<p>Brutto\/netto: 35,4 kg\/28,9 kg<\/p>\n<p><img decoding=\"async\" src=\"https:\/\/ae01.alicdn.com\/kf\/Seaf9081fa5ee447da5c42b72ecf41fa7x.jpg\" slate-data-type=\"image\"\/><img decoding=\"async\" src=\"https:\/\/ae01.alicdn.com\/kf\/Sba947f26e320426db9de37be87954e6fV.jpg\" slate-data-type=\"image\"\/><\/p>\n<p><img decoding=\"async\" src=\"https:\/\/ae01.alicdn.com\/kf\/S7971904279a541d19084b7dcca3aaaaeI.jpg\" slate-data-type=\"image\"\/><\/p>\n<p><img decoding=\"async\" src=\"https:\/\/ae01.alicdn.com\/kf\/Se814f7fafcd34f608fa8ea2c3ee2124dx.jpg\" slate-data-type=\"image\"\/><\/p>\n<p><img decoding=\"async\" src=\"https:\/\/ae01.alicdn.com\/kf\/Sc605fee69a2843b09e338630b67b3428e.jpg\" slate-data-type=\"image\"\/><\/p>","protected":false},"excerpt":{"rendered":"<p>Model Number:&nbsp;BK15 Style:&nbsp;Luxury Type Wattage:&nbsp;200 &#8211; 250w Power Supply:&nbsp;lithium battery Voltage:&nbsp;48V Power Source:&nbsp;lithium battery Motor:&nbsp;Brushless Origin:&nbsp;Mainland China Folded:&nbsp;No Wheel Size:&nbsp;26\u201c Frame Material:&nbsp;STEEL BK15 Electric Bike for Adults 250W 48V 15AH<\/p>","protected":false},"featured_media":21968,"comment_status":"open","ping_status":"closed","template":"","meta":{"_acf_changed":false},"product_brand":[],"product_cat":[230],"product_tag":[],"class_list":{"0":"post-21967","1":"product","2":"type-product","3":"status-publish","4":"has-post-thumbnail","6":"product_cat-bikes","8":"first","9":"instock","10":"shipping-taxable","11":"purchasable","12":"product-type-variable"},"acf":[],"_links":{"self":[{"href":"https:\/\/electricstore.eu\/pl\/wp-json\/wp\/v2\/product\/21967","targetHints":{"allow":["GET"]}}],"collection":[{"href":"https:\/\/electricstore.eu\/pl\/wp-json\/wp\/v2\/product"}],"about":[{"href":"https:\/\/electricstore.eu\/pl\/wp-json\/wp\/v2\/types\/product"}],"replies":[{"embeddable":true,"href":"https:\/\/electricstore.eu\/pl\/wp-json\/wp\/v2\/comments?post=21967"}],"wp:featuredmedia":[{"embeddable":true,"href":"https:\/\/electricstore.eu\/pl\/wp-json\/wp\/v2\/media\/21968"}],"wp:attachment":[{"href":"https:\/\/electricstore.eu\/pl\/wp-json\/wp\/v2\/media?parent=21967"}],"wp:term":[{"taxonomy":"product_brand","embeddable":true,"href":"https:\/\/electricstore.eu\/pl\/wp-json\/wp\/v2\/product_brand?post=21967"},{"taxonomy":"product_cat","embeddable":true,"href":"https:\/\/electricstore.eu\/pl\/wp-json\/wp\/v2\/product_cat?post=21967"},{"taxonomy":"product_tag","embeddable":true,"href":"https:\/\/electricstore.eu\/pl\/wp-json\/wp\/v2\/product_tag?post=21967"}],"curies":[{"name":"wp","href":"https:\/\/api.w.org\/{rel}","templated":true}]}}