{"id":21884,"date":"2025-05-20T18:27:55","date_gmt":"2025-05-20T18:27:55","guid":{"rendered":"https:\/\/electricstore.eu\/p\/uncategorized\/hyper-gogo-pioneer-12-plus-kids-electric-motorbike-160w-24v-5-2ah-12-inch-tire-childrens-electric-motorcycles-electric-scooter\/"},"modified":"2025-05-20T18:28:27","modified_gmt":"2025-05-20T18:28:27","slug":"hyper-gogo-pioneer-12-plus-kids-electric-motorbike-160w-24v-5-2ah-12-inch-tire-childrens-electric-motorcycles-electric-scooter","status":"publish","type":"product","link":"https:\/\/electricstore.eu\/pl\/p\/p\/kits\/electric-hub-motor-kits\/hyper-gogo-pioneer-12-plus-kids-electric-motorbike-160w-24v-5-2ah-12-inch-tire-childrens-electric-motorcycles-electric-scooter\/","title":{"rendered":"HYPER GOGO Pioneer 12 Plus Dzieci\u0119cy Elektryczny Motocykl 160 W 24 V 5,2 Ah 12-calowe Opony Dzieci\u0119ce Elektryczne Motocykle Elektryczny Skuter"},"content":{"rendered":"<div class=\"product-specs-list-container\">\n<ul class=\"product-specs-list util-clearfix\">\n<li class=\"product-prop line-limit-length\"><span\n                                        class=\"property-title\">Nazwa modelu:&nbsp;<\/span><span\n                                        class=\"property-desc line-limit-length\">Pioneer 12 Plus<\/span>\n                            <\/li>\n<li class=\"product-prop line-limit-length\"><span\n                                        class=\"property-title\">Marka:&nbsp;<\/span><span\n                                        class=\"property-desc line-limit-length\">HYPER GOGO<\/span>\n                            <\/li>\n<li class=\"product-prop line-limit-length\"><span\n                                        class=\"property-title\">Bateria:&nbsp;<\/span><span\n                                        class=\"property-desc line-limit-length\">Litowo-jonowy 21,9 V 5,2 A<\/span>\n                            <\/li>\n<li class=\"product-prop line-limit-length\"><span\n                                        class=\"property-title\">Silnik:&nbsp;<\/span><span\n                                        class=\"property-desc line-limit-length\">24V 160W<\/span>\n                            <\/li>\n<li class=\"product-prop line-limit-length\"><span\n                                        class=\"property-title\">Maksymalne obci\u0105\u017cenie:&nbsp;<\/span><span\n                                        class=\"property-desc line-limit-length\">65kg<\/span>\n                            <\/li>\n<li class=\"product-prop line-limit-length\"><span\n                                        class=\"property-title\">Maksymalna pr\u0119dko\u015b\u0107:&nbsp;<\/span><span\n                                        class=\"property-desc line-limit-length\">16 km\/h<\/span>\n                            <\/li>\n<li class=\"product-prop line-limit-length\"><span\n                                        class=\"property-title\">Maksymalny zasi\u0119g:&nbsp;<\/span><span\n                                        class=\"property-desc line-limit-length\">12 km<\/span>\n                            <\/li>\n<li class=\"product-prop line-limit-length\"><span\n                                        class=\"property-title\">Tryb pr\u0119dko\u015bci:&nbsp;<\/span><span\n                                        class=\"property-desc line-limit-length\">3 poziomy (8 km\/h, 12 km\/h i 16 km\/h)<\/span>\n                            <\/li>\n<li class=\"product-prop line-limit-length\"><span\n                                        class=\"property-title\">Rozmiar opony:&nbsp;<\/span><span\n                                        class=\"property-desc line-limit-length\">12 x 3&quot;<\/span>\n                            <\/li>\n<li class=\"product-prop line-limit-length\"><span\n                                        class=\"property-title\">Waga produktu:&nbsp;<\/span><span\n                                        class=\"property-desc line-limit-length\">15.6kg<\/span>\n                            <\/li>\n<li class=\"product-prop line-limit-length\"><span\n                                        class=\"property-title\">Waga paczki:&nbsp;<\/span><span\n                                        class=\"property-desc line-limit-length\">18.8kg<\/span>\n                            <\/li>\n<li class=\"product-prop line-limit-length\"><span\n                                        class=\"property-title\">Package Size(L x W x H):&nbsp;<\/span><span\n                                        class=\"property-desc line-limit-length\">1075 x 245 x 525mm<\/span>\n                            <\/li>\n<\/ul><\/div>\n<p style=\"font-family:&quot;Open Sans&quot;, Roboto, Arial, Helvetica, sans-serif, SimSun;font-size:14px;font-weight:400;letter-spacing:normal;line-height:inherit;text-align:start;white-space:normal;color:rgb(34, 34, 34);margin:0px;margin-bottom:0px;margin-top:0px;margin-left:0px;margin-right:0px;padding:0px;padding-bottom:0px;padding-top:0px;padding-left:0px;padding-right:0px;box-sizing:border-box\" align=\"start\"><span style=\"color:rgb(0, 0, 0);font-size:medium;font-family:&quot;Microsoft YaHei&quot;\"><strong><span style=\"font-size:24px\"><span style=\"font-family:&quot;times new roman&quot;, times, serif\">&gt;&gt;Najwa\u017cniejsze informacje<\/span><\/span><\/strong><\/span><\/p>\n<p style=\"font-family:&quot;Open Sans&quot;, Roboto, Arial, Helvetica, sans-serif, SimSun;font-size:14px;font-weight:400;letter-spacing:normal;line-height:inherit;text-align:start;white-space:normal;color:rgb(34, 34, 34);margin:0px;margin-bottom:0px;margin-top:0px;margin-left:0px;margin-right:0px;padding:0px;padding-bottom:0px;padding-top:0px;padding-left:0px;padding-right:0px;box-sizing:border-box\" align=\"start\"><\/p>\n<h3 style=\"font-family:&quot;Open Sans&quot;, Roboto, Arial, Helvetica, sans-serif, SimSun;letter-spacing:normal;text-align:start;white-space:normal;color:rgb(34, 34, 34);box-sizing:border-box\" align=\"start\"><strong><span style=\"font-size:18px;font-family:&quot;times new roman&quot;, times, serif\">Crafted for Endless Fun<\/span><\/strong><\/h3>\n<p style=\"font-family:&quot;Open Sans&quot;, Roboto, Arial, Helvetica, sans-serif, SimSun;font-size:14px;font-weight:400;letter-spacing:normal;line-height:inherit;text-align:start;white-space:normal;color:rgb(34, 34, 34);margin:0px;margin-bottom:0px;margin-top:0px;margin-left:0px;margin-right:0px;padding:0px;padding-bottom:0px;padding-top:0px;padding-left:0px;padding-right:0px;box-sizing:border-box\" align=\"start\"><span style=\"font-size:18px;font-family:&quot;times new roman&quot;, times, serif\">Embracing the stunning Chopper style, a mesmerizing array of colorful lights, a lifelike smoke effect, and a thrilling engine roar, this electric motorcycle for kids promises an exceptional joyride. As the kids happily cruise along, their imagination is set free, allowing them to dream up incredible stories and scenarios.<\/span><\/p>\n<h3 style=\"font-family:&quot;Open Sans&quot;, Roboto, Arial, Helvetica, sans-serif, SimSun;letter-spacing:normal;text-align:start;white-space:normal;color:rgb(34, 34, 34);box-sizing:border-box\" align=\"start\"><strong><span style=\"font-size:18px;font-family:&quot;times new roman&quot;, times, serif\">Unique Chopper Vintage Style<\/span><\/strong><\/h3>\n<p style=\"font-family:&quot;Open Sans&quot;, Roboto, Arial, Helvetica, sans-serif, SimSun;font-size:14px;font-weight:400;letter-spacing:normal;line-height:inherit;text-align:start;white-space:normal;color:rgb(34, 34, 34);margin:0px;margin-bottom:0px;margin-top:0px;margin-left:0px;margin-right:0px;padding:0px;padding-bottom:0px;padding-top:0px;padding-left:0px;padding-right:0px;box-sizing:border-box\" align=\"start\"><span style=\"font-size:18px;font-family:&quot;times new roman&quot;, times, serif\">This kids&#x27; electric motorcycle is inspired by the Chopper vintage style to offer a cool and confident look that lets your children embark on a journey of supreme thrill and fascination as they embrace the exhilarating world of HYPER GOGO.<\/span><\/p>\n<h3 style=\"font-family:&quot;Open Sans&quot;, Roboto, Arial, Helvetica, sans-serif, SimSun;letter-spacing:normal;text-align:start;white-space:normal;color:rgb(34, 34, 34);box-sizing:border-box\" align=\"start\"><strong><span style=\"font-size:18px;font-family:&quot;times new roman&quot;, times, serif\">Build with Safety in Mind<\/span><\/strong><\/h3>\n<p style=\"font-family:&quot;Open Sans&quot;, Roboto, Arial, Helvetica, sans-serif, SimSun;font-size:14px;font-weight:400;letter-spacing:normal;line-height:inherit;text-align:start;white-space:normal;color:rgb(34, 34, 34);margin:0px;margin-bottom:0px;margin-top:0px;margin-left:0px;margin-right:0px;padding:0px;padding-bottom:0px;padding-top:0px;padding-left:0px;padding-right:0px;box-sizing:border-box\" align=\"start\"><span style=\"font-size:18px;font-family:&quot;times new roman&quot;, times, serif\">Safety remains at the forefront of our children&#x27;s electric motorcycle design. Our commitment to safety resonates in the choice of materials, motorcycle configuration, and tire engineering, allowing your child to revel in the joy of riding without any worries. You can confidently let them explore the world of endless fun.<\/span><\/p>\n<h3 style=\"font-family:&quot;Open Sans&quot;, Roboto, Arial, Helvetica, sans-serif, SimSun;letter-spacing:normal;text-align:start;white-space:normal;color:rgb(34, 34, 34);box-sizing:border-box\" align=\"start\"><strong><span style=\"font-size:18px;font-family:&quot;times new roman&quot;, times, serif\">Excellent Choice for Kids<\/span><\/strong><\/h3>\n<p style=\"font-family:&quot;Open Sans&quot;, Roboto, Arial, Helvetica, sans-serif, SimSun;font-size:14px;font-weight:400;letter-spacing:normal;line-height:inherit;text-align:start;white-space:normal;color:rgb(34, 34, 34);margin:0px;margin-bottom:0px;margin-top:0px;margin-left:0px;margin-right:0px;padding:0px;padding-bottom:0px;padding-top:0px;padding-left:0px;padding-right:0px;box-sizing:border-box\" align=\"start\"><span style=\"font-size:18px;font-family:&quot;times new roman&quot;, times, serif\">Designed for kids above 6 years of age, with a recommended height between 90cm to 160cm, and a maximum load of 65 kilograms, this kids&#x27; electric motorcycle offers the perfect opportunity to discover the thrill of riding. Watch your child roam freely in the backyard, nearby areas, and trails, all while providing a secure riding experience.<\/span><\/p>\n<h3 style=\"font-family:&quot;Open Sans&quot;, Roboto, Arial, Helvetica, sans-serif, SimSun;letter-spacing:normal;text-align:start;white-space:normal;color:rgb(34, 34, 34);box-sizing:border-box\" align=\"start\"><strong><span style=\"font-size:18px;font-family:&quot;times new roman&quot;, times, serif\">One-Hour Seamless Riding Pleasure<\/span><\/strong><\/h3>\n<p style=\"font-family:&quot;Open Sans&quot;, Roboto, Arial, Helvetica, sans-serif, SimSun;font-size:14px;font-weight:400;letter-spacing:normal;line-height:inherit;text-align:start;white-space:normal;color:rgb(34, 34, 34);margin:0px;margin-bottom:0px;margin-top:0px;margin-left:0px;margin-right:0px;padding:0px;padding-bottom:0px;padding-top:0px;padding-left:0px;padding-right:0px;box-sizing:border-box\" align=\"start\"><span style=\"font-size:18px;font-family:&quot;times new roman&quot;, times, serif\">Powered by a high-efficiency motor and a large 21.9V 5.2Ah\u00a0lithium-ion\u00a0battery, this electric motorcycle for kids delivers up to one hour of non-stop riding pleasure and up to 12 kilometers of range on flat roads. After just 4 hours of charging time, your child can quickly hop back on and continue relishing the excitement of riding.<\/span><\/p>\n<p style=\"font-family:&quot;Open Sans&quot;, Roboto, Arial, Helvetica, sans-serif, SimSun;font-size:14px;font-weight:400;letter-spacing:normal;line-height:inherit;text-align:start;white-space:normal;color:rgb(34, 34, 34);margin:0px;margin-bottom:0px;margin-top:0px;margin-left:0px;margin-right:0px;padding:0px;padding-bottom:0px;padding-top:0px;padding-left:0px;padding-right:0px;box-sizing:border-box\" align=\"start\"><\/p>\n<p style=\"font-family:&quot;Open Sans&quot;, Roboto, Arial, Helvetica, sans-serif, SimSun;font-size:14px;font-weight:400;letter-spacing:normal;line-height:inherit;text-align:start;white-space:normal;color:rgb(34, 34, 34);margin:0px;margin-bottom:0px;margin-top:0px;margin-left:0px;margin-right:0px;padding:0px;padding-bottom:0px;padding-top:0px;padding-left:0px;padding-right:0px;box-sizing:border-box\" align=\"start\"><span style=\"background-color:rgb(255, 255, 255);color:rgb(0, 0, 0);font-size:medium;font-family:&quot;Microsoft YaHei&quot;\"><strong><span style=\"font-size:24px\"><span style=\"font-family:&quot;times new roman&quot;, times, serif\">&gt;&gt;Specyfikacja<\/span><\/span><\/strong><\/span><\/p>\n<div style=\"font-family:&quot;Open Sans&quot;, Roboto, Arial, Helvetica, sans-serif, SimSun;font-size:14px;font-weight:400;letter-spacing:normal;text-align:start;white-space:normal;color:rgb(34, 34, 34);margin:0px;margin-bottom:0px;margin-top:0px;margin-left:0px;margin-right:0px;padding:0px;padding-bottom:0px;padding-top:0px;padding-left:0px;padding-right:0px;box-sizing:content-box\" align=\"start\"><\/div>\n<p style=\"font-family:&quot;Open Sans&quot;, Roboto, Arial, Helvetica, sans-serif, SimSun;font-size:14px;font-weight:400;letter-spacing:normal;line-height:inherit;text-align:start;white-space:normal;color:rgb(34, 34, 34);margin:0px;margin-bottom:0px;margin-top:0px;margin-left:0px;margin-right:0px;padding:0px;padding-bottom:0px;padding-top:0px;padding-left:0px;padding-right:0px;box-sizing:border-box\" align=\"start\"><\/p>\n<table style=\"border-collapse:collapse;font-family:&quot;Microsoft YaHei&quot;;font-size:14px;text-align:start;color:rgb(34, 34, 34);width:439px\" width=\"436\" border=\"1\" cellpadding=\"0\" cellspacing=\"0\" align=\"start\">\n<tbody>\n<tr>\n<td style=\"font-size:14px;text-align:center;width:82.5pt;height:56.25pt\" class=\"et2\" width=\"110\" height=\"75\" rowspan=\"4\" align=\"center\">\n<p style=\"line-height:inherit;margin:0px;margin-bottom:0px;margin-top:0px;margin-left:0px;margin-right:0px;padding:0px;padding-bottom:0px;padding-top:0px;padding-left:0px;padding-right:0px;box-sizing:border-box\"><span class=\"font1\" style=\"font-size:18px;font-family:&quot;times new roman&quot;, times, serif\">Og\u00f3lny<\/span><\/p>\n<\/td>\n<td style=\"font-size:14px;text-align:center;width:244.5pt\" class=\"et3\" width=\"326\" rowspan=\"4\" align=\"center\">\n<p style=\"line-height:inherit;margin:0px;margin-bottom:0px;margin-top:0px;margin-left:0px;margin-right:0px;padding:0px;padding-bottom:0px;padding-top:0px;padding-left:0px;padding-right:0px;box-sizing:border-box\"><span style=\"font-size:18px;font-family:&quot;times new roman&quot;, times, serif\">Marka: HYPER GOGO<br \/>Typ: Motocykl elektryczny dla dzieci<br \/>Model: Pioneer 12 Plus<br \/>Kolor: czarny<\/span><\/p>\n<\/td>\n<\/tr>\n<tr><\/tr>\n<tr><\/tr>\n<tr><\/tr>\n<tr>\n<td style=\"font-size:14px;text-align:center;width:82.5pt;height:204.75pt\" class=\"et2\" width=\"110\" height=\"273\" rowspan=\"15\" align=\"center\">\n<p style=\"line-height:inherit;margin:0px;margin-bottom:0px;margin-top:0px;margin-left:0px;margin-right:0px;padding:0px;padding-bottom:0px;padding-top:0px;padding-left:0px;padding-right:0px;box-sizing:border-box\"><span class=\"font1\" style=\"font-size:18px;font-family:&quot;times new roman&quot;, times, serif\">Specyfikacje<\/span><\/p>\n<\/td>\n<td style=\"font-size:14px;text-align:center;width:244.5pt\" class=\"et3\" width=\"326\" rowspan=\"15\" align=\"center\">\n<p style=\"line-height:inherit;margin:0px;margin-bottom:0px;margin-top:0px;margin-left:0px;margin-right:0px;padding:0px;padding-bottom:0px;padding-top:0px;padding-left:0px;padding-right:0px;box-sizing:border-box\"><span style=\"font-size:18px;font-family:&quot;times new roman&quot;, times, serif\">Materia\u0142 ramy: stal<br \/>Akumulator: litowo-jonowy 21,9 V 5,2 A<br \/>\u0141adowarka DC: DC 24 V 1,5 A<br \/>Silnik: 24V 160W<br \/>Moment obrotowy: 11 Nm<br \/>Stopie\u0144 wodoodporno\u015bci: IP4<br \/>Maksymalne nachylenie pod g\u00f3r\u0119: 10\u00b0<br \/>Maksymalne obci\u0105\u017cenie: 65 kg<br \/>Maksymalna pr\u0119dko\u015b\u0107: 16 km\/h<br \/>Maksymalny zasi\u0119g: 12 km<br \/>Tryb pr\u0119dko\u015bci: 3 poziomy (8 km\/h, 12 km\/h i 16 km\/h)<br \/>Hamulec: Piasta tylna<br \/>Opona: Opony gumowe pneumatyczne<br \/>Rozmiar opony: 12 x 3&quot;<br \/>Ci\u015bnienie w oponach: 45-50 PSI<\/span><\/p>\n<\/td>\n<\/tr>\n<tr><\/tr>\n<tr><\/tr>\n<tr><\/tr>\n<tr><\/tr>\n<tr><\/tr>\n<tr><\/tr>\n<tr><\/tr>\n<tr><\/tr>\n<tr><\/tr>\n<tr><\/tr>\n<tr><\/tr>\n<tr><\/tr>\n<tr><\/tr>\n<tr><\/tr>\n<tr>\n<td style=\"font-size:14px;text-align:center;width:82.5pt;height:83.25pt\" class=\"et2\" width=\"110\" height=\"111\" rowspan=\"6\" align=\"center\">\n<p style=\"line-height:inherit;margin:0px;margin-bottom:0px;margin-top:0px;margin-left:0px;margin-right:0px;padding:0px;padding-bottom:0px;padding-top:0px;padding-left:0px;padding-right:0px;box-sizing:border-box\"><span class=\"font1\" style=\"font-size:18px;font-family:&quot;times new roman&quot;, times, serif\">Cechy<\/span><\/p>\n<\/td>\n<td style=\"font-size:14px;text-align:center;width:244.5pt\" class=\"et3\" width=\"326\" rowspan=\"6\" align=\"center\">\n<p style=\"line-height:inherit;margin:0px;margin-bottom:0px;margin-top:0px;margin-left:0px;margin-right:0px;padding:0px;padding-bottom:0px;padding-top:0px;padding-left:0px;padding-right:0px;box-sizing:border-box\"><span style=\"font-size:18px;font-family:&quot;times new roman&quot;, times, serif\">Wy\u015bwietlacz: Tak<br \/>B\u0142otnik: Tak<br \/>App: No<br \/>\u015awiat\u0142o LED: Tak<br \/>Dym: Tak<br \/>G\u0142o\u015bnik Bluetooth: Tak<\/span><\/p>\n<\/td>\n<\/tr>\n<tr><\/tr>\n<tr><\/tr>\n<tr><\/tr>\n<tr><\/tr>\n<tr><\/tr>\n<tr>\n<td style=\"font-size:14px;text-align:center;width:82.5pt;height:56.25pt\" class=\"et2\" width=\"110\" height=\"75\" rowspan=\"4\" align=\"center\">\n<p style=\"line-height:inherit;margin:0px;margin-bottom:0px;margin-top:0px;margin-left:0px;margin-right:0px;padding:0px;padding-bottom:0px;padding-top:0px;padding-left:0px;padding-right:0px;box-sizing:border-box\"><span class=\"font1\" style=\"font-size:18px;font-family:&quot;times new roman&quot;, times, serif\">Waga i rozmiar<\/span><\/p>\n<\/td>\n<td style=\"font-size:14px;text-align:center;width:244.5pt\" class=\"et3\" width=\"326\" rowspan=\"4\" align=\"center\">\n<p style=\"line-height:inherit;margin:0px;margin-bottom:0px;margin-top:0px;margin-left:0px;margin-right:0px;padding:0px;padding-bottom:0px;padding-top:0px;padding-left:0px;padding-right:0px;box-sizing:border-box\"><span style=\"font-size:18px;font-family:&quot;times new roman&quot;, times, serif\">Waga produktu: 15,6 kg<br \/>Waga paczki: 18,8 kg<br \/>Wymiary produktu (d\u0142. x szer. x wys.): 1151 x 499 x 725 mm<br \/>Wymiary opakowania (d\u0142. x szer. x wys.): 1075 x 245 x 525 mm<\/span><\/p>\n<\/td>\n<\/tr>\n<\/tbody>\n<\/table>\n<p style=\"font-family:&quot;Open Sans&quot;, Roboto, Arial, Helvetica, sans-serif, SimSun;font-size:14px;font-weight:400;letter-spacing:normal;line-height:inherit;text-align:start;white-space:normal;color:rgb(34, 34, 34);margin:0px;margin-bottom:0px;margin-top:0px;margin-left:0px;margin-right:0px;padding:0px;padding-bottom:0px;padding-top:0px;padding-left:0px;padding-right:0px;box-sizing:border-box\" align=\"start\"><\/p>\n<p style=\"font-family:&quot;Open Sans&quot;, Roboto, Arial, Helvetica, sans-serif, SimSun;font-size:14px;font-weight:400;letter-spacing:normal;line-height:inherit;text-align:start;white-space:normal;color:rgb(34, 34, 34);margin:0px;margin-bottom:0px;margin-top:0px;margin-left:0px;margin-right:0px;padding:0px;padding-bottom:0px;padding-top:0px;padding-left:0px;padding-right:0px;box-sizing:border-box\" align=\"start\"><span style=\"background-color:rgb(255, 255, 255);color:rgb(0, 0, 0);font-size:medium;font-family:&quot;Microsoft YaHei&quot;\"><strong><span style=\"font-size:24px\"><span style=\"font-family:&quot;times new roman&quot;, times, serif\">&gt;&gt;Zdj\u0119cia i opisy produkt\u00f3w<\/span><\/span><\/strong><\/span><\/p>\n<p style=\"font-family:&quot;Open Sans&quot;, Roboto, Arial, Helvetica, sans-serif, SimSun;font-size:14px;font-weight:400;letter-spacing:normal;line-height:inherit;text-align:start;white-space:normal;color:rgb(34, 34, 34);margin:0px;margin-bottom:0px;margin-top:0px;margin-left:0px;margin-right:0px;padding:0px;padding-bottom:0px;padding-top:0px;padding-left:0px;padding-right:0px;box-sizing:border-box\" align=\"start\"><span style=\"background-color:rgb(255, 255, 255);color:rgb(0, 0, 0);font-size:medium;font-family:&quot;Microsoft YaHei&quot;\"><strong><span style=\"font-size:24px\"><span style=\"font-family:&quot;times new roman&quot;, times, serif\"><\/span><\/span><\/strong><\/span><img decoding=\"async\" src=\"https:\/\/ae01.alicdn.com\/kf\/Sd8b0b006e3de4c5aa88df165daa25736L.png\" slate-data-type=\"image\"\/><span style=\"background-color:rgb(255, 255, 255);color:rgb(0, 0, 0);font-size:medium;font-family:&quot;Microsoft YaHei&quot;\"><strong><span style=\"font-size:24px\"><span style=\"font-family:&quot;times new roman&quot;, times, serif\"><\/span><\/span><\/strong><\/span><img decoding=\"async\" src=\"https:\/\/ae01.alicdn.com\/kf\/Sde2aafeec8f9473795beb7a7cbd33b4bG.png\" slate-data-type=\"image\"\/><span style=\"background-color:rgb(255, 255, 255);color:rgb(0, 0, 0);font-size:medium;font-family:&quot;Microsoft YaHei&quot;\"><strong><span style=\"font-size:24px\"><span style=\"font-family:&quot;times new roman&quot;, times, serif\"><\/span><\/span><\/strong><\/span><img decoding=\"async\" src=\"https:\/\/ae01.alicdn.com\/kf\/S34bd5b5871de49848da4be02e8bf02c2G.png\" slate-data-type=\"image\"\/><span style=\"background-color:rgb(255, 255, 255);color:rgb(0, 0, 0);font-size:medium;font-family:&quot;Microsoft YaHei&quot;\"><strong><span style=\"font-size:24px\"><span style=\"font-family:&quot;times new roman&quot;, times, serif\"><\/span><\/span><\/strong><\/span><img decoding=\"async\" src=\"https:\/\/ae01.alicdn.com\/kf\/S108739219fa84b97a05f8a6e8e6a3a5f7.png\" slate-data-type=\"image\"\/><span style=\"background-color:rgb(255, 255, 255);color:rgb(0, 0, 0);font-size:medium;font-family:&quot;Microsoft YaHei&quot;\"><strong><span style=\"font-size:24px\"><span style=\"font-family:&quot;times new roman&quot;, times, serif\"><\/span><\/span><\/strong><\/span><img decoding=\"async\" src=\"https:\/\/ae01.alicdn.com\/kf\/S4f4469599326442289fc8907abce17693.png\" slate-data-type=\"image\"\/><span style=\"background-color:rgb(255, 255, 255);color:rgb(0, 0, 0);font-size:medium;font-family:&quot;Microsoft YaHei&quot;\"><strong><span style=\"font-size:24px\"><span style=\"font-family:&quot;times new roman&quot;, times, serif\"><\/span><\/span><\/strong><\/span><img decoding=\"async\" src=\"https:\/\/ae01.alicdn.com\/kf\/Sec13f4fe24e1405f8d0b916b4cff084f2.png\" slate-data-type=\"image\"\/><span style=\"background-color:rgb(255, 255, 255);color:rgb(0, 0, 0);font-size:medium;font-family:&quot;Microsoft YaHei&quot;\"><strong><span style=\"font-size:24px\"><span style=\"font-family:&quot;times new roman&quot;, times, serif\"><\/span><\/span><\/strong><\/span><img decoding=\"async\" src=\"https:\/\/ae01.alicdn.com\/kf\/Sbaf882f0d50244139fcbf65dd53e859aH.png\" slate-data-type=\"image\"\/><span style=\"background-color:rgb(255, 255, 255);color:rgb(0, 0, 0);font-size:medium;font-family:&quot;Microsoft YaHei&quot;\"><strong><span style=\"font-size:24px\"><span style=\"font-family:&quot;times new roman&quot;, times, serif\"><\/span><\/span><\/strong><\/span><img decoding=\"async\" src=\"https:\/\/ae01.alicdn.com\/kf\/Sf36a1a15a76d4a22ac6f85d870baeffab.png\" slate-data-type=\"image\"\/><span style=\"background-color:rgb(255, 255, 255);color:rgb(0, 0, 0);font-size:medium;font-family:&quot;Microsoft YaHei&quot;\"><strong><span style=\"font-size:24px\"><span style=\"font-family:&quot;times new roman&quot;, times, serif\"><\/span><\/span><\/strong><\/span><\/p>","protected":false},"excerpt":{"rendered":"<p>Model Name:&nbsp;Pioneer 12 Plus Brand:&nbsp;HYPER GOGO Battery:&nbsp;Li-ion 21.9V 5.2A Motor:&nbsp;24V 160W Max Load:&nbsp;65kg Max Speed:&nbsp;16km\/h Max Range:&nbsp;12km Speed Mode:&nbsp;3 Levels (8km\/h, 12km\/h, and 16km\/h) Tire Size:&nbsp;12 x 3&quot; Product Weight:&nbsp;15.6kg<\/p>","protected":false},"featured_media":21885,"comment_status":"open","ping_status":"closed","template":"","meta":{"_acf_changed":false},"product_brand":[],"product_cat":[528],"product_tag":[],"class_list":{"0":"post-21884","1":"product","2":"type-product","3":"status-publish","4":"has-post-thumbnail","6":"product_cat-electric-hub-motor-kits","8":"first","9":"instock","10":"shipping-taxable","11":"purchasable","12":"product-type-variable"},"acf":[],"_links":{"self":[{"href":"https:\/\/electricstore.eu\/pl\/wp-json\/wp\/v2\/product\/21884","targetHints":{"allow":["GET"]}}],"collection":[{"href":"https:\/\/electricstore.eu\/pl\/wp-json\/wp\/v2\/product"}],"about":[{"href":"https:\/\/electricstore.eu\/pl\/wp-json\/wp\/v2\/types\/product"}],"replies":[{"embeddable":true,"href":"https:\/\/electricstore.eu\/pl\/wp-json\/wp\/v2\/comments?post=21884"}],"wp:featuredmedia":[{"embeddable":true,"href":"https:\/\/electricstore.eu\/pl\/wp-json\/wp\/v2\/media\/21885"}],"wp:attachment":[{"href":"https:\/\/electricstore.eu\/pl\/wp-json\/wp\/v2\/media?parent=21884"}],"wp:term":[{"taxonomy":"product_brand","embeddable":true,"href":"https:\/\/electricstore.eu\/pl\/wp-json\/wp\/v2\/product_brand?post=21884"},{"taxonomy":"product_cat","embeddable":true,"href":"https:\/\/electricstore.eu\/pl\/wp-json\/wp\/v2\/product_cat?post=21884"},{"taxonomy":"product_tag","embeddable":true,"href":"https:\/\/electricstore.eu\/pl\/wp-json\/wp\/v2\/product_tag?post=21884"}],"curies":[{"name":"wp","href":"https:\/\/api.w.org\/{rel}","templated":true}]}}