{"id":21842,"date":"2025-05-20T18:27:30","date_gmt":"2025-05-20T18:27:30","guid":{"rendered":"https:\/\/electricstore.eu\/p\/uncategorized\/motorcycle-lift-hydraulic-motorcycle-jack-680kg-jack-motorbike-lift-portable-motorcycle-lift-table-w-4-wheels\/"},"modified":"2025-05-20T18:27:46","modified_gmt":"2025-05-20T18:27:46","slug":"motorcycle-lift-hydraulic-motorcycle-jack-680kg-jack-motorbike-lift-portable-motorcycle-lift-table-w-4-wheels","status":"publish","type":"product","link":"https:\/\/electricstore.eu\/pl\/p\/a\/motorcycle-lift-hydraulic-motorcycle-jack-680kg-jack-motorbike-lift-portable-motorcycle-lift-table-w-4-wheels\/","title":{"rendered":"Podno\u015bnik motocyklowy hydrauliczny podno\u015bnik motocyklowy 680 kg podno\u015bnik motocyklowy przeno\u015bny st\u00f3\u0142 podnosz\u0105cy motocykl z 4 ko\u0142ami"},"content":{"rendered":"<div class=\"product-specs-list-container\">\n<ul class=\"product-specs-list util-clearfix\">\n<li class=\"product-prop line-limit-length\"><span\n                                        class=\"property-title\">Substancja chemiczna budz\u0105ca du\u017ce obawy:&nbsp;<\/span><span\n                                        class=\"property-desc line-limit-length\">Nic<\/span>\n                            <\/li>\n<li class=\"product-prop line-limit-length\"><span\n                                        class=\"property-title\">Pochodzenie:&nbsp;<\/span><span\n                                        class=\"property-desc line-limit-length\">Chiny kontynentalne<\/span>\n                            <\/li>\n<\/ul><\/div>\n<p><img decoding=\"async\" src=\"https:\/\/ae01.alicdn.com\/kf\/S388cd948c765441eba4b4a790bc20050t.jpg\" slate-data-type=\"image\"\/><img decoding=\"async\" src=\"https:\/\/ae01.alicdn.com\/kf\/S153e5d01bffc4765a00a7b590a16b315j.jpg\" slate-data-type=\"image\"\/><img decoding=\"async\" src=\"https:\/\/ae01.alicdn.com\/kf\/S2826f140a1684c30ab1fba946a65490am.jpg\" slate-data-type=\"image\"\/><img decoding=\"async\" src=\"https:\/\/ae01.alicdn.com\/kf\/Sdde7e85cff54408abaa8395a56cc0e02C.jpg\" slate-data-type=\"image\"\/><img decoding=\"async\" src=\"https:\/\/ae01.alicdn.com\/kf\/S490fcd5f13734c52a813746729e56770W.jpg\" slate-data-type=\"image\"\/><img decoding=\"async\" src=\"https:\/\/ae01.alicdn.com\/kf\/S25f78e25eda24ea9be14785e9edf8168m.jpg\" slate-data-type=\"image\"\/><img decoding=\"async\" src=\"https:\/\/ae01.alicdn.com\/kf\/Sa60a07e5ebaf4635bfd4f08d25a2d998P.jpg\" slate-data-type=\"image\"\/><img decoding=\"async\" src=\"https:\/\/ae01.alicdn.com\/kf\/S10a0a96e5feb418c968d247754594077A.jpg\" slate-data-type=\"image\"\/><img decoding=\"async\" src=\"https:\/\/ae01.alicdn.com\/kf\/S1f5d7508c61447ceb88e64a6eae06a73y.jpg\" slate-data-type=\"image\"\/><img decoding=\"async\" src=\"https:\/\/ae01.alicdn.com\/kf\/S6a357fb28d144b49bbeb53029998fc477.jpg\" slate-data-type=\"image\"\/><img decoding=\"async\" src=\"https:\/\/ae01.alicdn.com\/kf\/Sdfb018ae735746a99062f6c8729794987.jpg\" slate-data-type=\"image\"\/><img decoding=\"async\" src=\"https:\/\/ae01.alicdn.com\/kf\/Sc9004cde1b144c669419972fd78af669G.jpg\" slate-data-type=\"image\"\/><img decoding=\"async\" src=\"https:\/\/ae01.alicdn.com\/kf\/S64506aa2a5e7460184d9ab9ed20676533.jpg\" slate-data-type=\"image\"\/><img decoding=\"async\" src=\"https:\/\/ae01.alicdn.com\/kf\/S8c9290b0f4f34116b90de910bcfc4a32g.jpg\" slate-data-type=\"image\"\/><img decoding=\"async\" src=\"https:\/\/ae01.alicdn.com\/kf\/S17aca4d2079f4cf29117ce53fc6a33d0S.jpg\" slate-data-type=\"image\"\/><img decoding=\"async\" src=\"https:\/\/ae01.alicdn.com\/kf\/Sbd35952685b34e04a813955440de9970C.jpg\" slate-data-type=\"image\"\/><img decoding=\"async\" src=\"https:\/\/ae01.alicdn.com\/kf\/Sbe0cde4b5d3e472c987363e342711eacD.jpg\" slate-data-type=\"image\"\/><img decoding=\"async\" src=\"https:\/\/ae01.alicdn.com\/kf\/S43331f6910c14635b030f08641cfa593H.jpg\" slate-data-type=\"image\"\/><img decoding=\"async\" src=\"https:\/\/ae01.alicdn.com\/kf\/Sfb6e12918b7845118c3677d1551c7466t.jpg\" slate-data-type=\"image\"\/><img decoding=\"async\" src=\"https:\/\/ae01.alicdn.com\/kf\/S2a4b52a547db429d96c926d551166388v.jpg\" slate-data-type=\"image\"\/><img decoding=\"async\" src=\"https:\/\/ae01.alicdn.com\/kf\/S612a1e37351b4caba0b947670d19b803z.jpg\" slate-data-type=\"image\"\/><img decoding=\"async\" src=\"https:\/\/ae01.alicdn.com\/kf\/S3f0a340070fc41b784f5acc25b4564edF.jpg\" slate-data-type=\"image\"\/><img decoding=\"async\" src=\"https:\/\/ae01.alicdn.com\/kf\/S58396ccb3d8e42fbba779b3b9e2c7bbdr.jpg\" slate-data-type=\"image\"\/><img decoding=\"async\" src=\"https:\/\/ae01.alicdn.com\/kf\/S727dc45ae01245a991c9252a525af273P.jpg\" slate-data-type=\"image\"\/><\/p>\n<p><strong><span style=\"color:rgb(0, 0, 0);font-size:15pt;font-family:&quot;Times New Roman&quot;\">Opis<\/span><\/strong><\/p>\n<p><\/p>\n<p class=\"MsoNormal\"><span style=\"color:rgb(0, 0, 0);font-size:12pt;font-family:&quot;Times New Roman&quot;\">Ten hydrauliczny podno\u015bnik motocyklowy to \u015bwietny pomocnik w Twoim gara\u017cu, wykonany z wysokiej jako\u015bci materia\u0142\u00f3w i z dba\u0142o\u015bci\u0105 o szczeg\u00f3\u0142y. Du\u017cy ud\u017awig i wysokiej jako\u015bci pompa oleju hydraulicznego u\u0142atwiaj\u0105 podnoszenie motocykla na odpowiedni\u0105 wysoko\u015b\u0107 robocz\u0105, u\u0142atwiaj\u0105c napraw\u0119 i konserwacj\u0119 motocykla. Posiadanie tego hydraulicznego podno\u015bnika motocyklowego znacznie zwi\u0119kszy wydajno\u015b\u0107 Twojej pracy.<\/span><\/p>\n<p><\/p>\n<p class=\"MsoNormal\"><strong><span style=\"color:rgb(0, 0, 0);font-size:15pt;font-family:&quot;Times New Roman&quot;\">G\u0142\u00f3wne cechy<\/span><\/strong><\/p>\n<p class=\"MsoNormal\"><strong><span style=\"color:rgb(0, 0, 0);font-size:12pt;font-family:&quot;Times New Roman&quot;\">Zbuduj, aby przetrwa\u0107: <\/span><\/strong><span style=\"color:rgb(0, 0, 0);font-size:12pt;font-family:&quot;Times New Roman&quot;\">Wykonany jest g\u0142\u00f3wnie z wysokiej jako\u015bci \u017celaza, a jego powierzchnia jest poddawana procesowi natryskowego nak\u0142adania tworzywa sztucznego, co jest <\/span><span style=\"background-color:rgb(236, 178, 215);color:rgb(0, 0, 0);font-size:12pt;font-family:&quot;Times New Roman&quot;\">odporny na zu\u017cycie<\/span><span style=\"color:rgb(0, 0, 0);font-size:12pt;font-family:&quot;Times New Roman&quot;\">\u00a0I <\/span><span style=\"background-color:rgb(236, 178, 215);color:rgb(0, 0, 0);font-size:12pt;font-family:&quot;Times New Roman&quot;\">odporny na korozj\u0119<\/span><span style=\"color:rgb(0, 0, 0);font-size:12pt;font-family:&quot;Times New Roman&quot;\">\u00a0aby zapewni\u0107 d\u0142ug\u0105 \u017cywotno\u015b\u0107.<\/span><\/p>\n<p><\/p>\n<p class=\"MsoNormal\"><strong><span style=\"color:rgb(17, 17, 17);font-size:12pt;font-family:&quot;Times New Roman&quot;\">Wysoka \u0142adowno\u015b\u0107: <\/span><\/strong><span style=\"color:rgb(17, 17, 17);font-size:12pt;font-family:&quot;Times New Roman&quot;\">Wysokiej jako\u015bci rury \u017celazne zapewniaj\u0105 dobr\u0105 no\u015bno\u015b\u0107 rz\u0119du 1500 funt\u00f3w i umo\u017cliwiaj\u0105 stabilne podnoszenie motocykli o r\u00f3\u017cnej wadze.<\/span><\/p>\n<p><\/p>\n<p class=\"MsoNormal\"><strong><span style=\"color:rgb(17, 17, 17);font-size:12pt;font-family:&quot;Times New Roman&quot;\">Prosta obs\u0142uga:<\/span><\/strong><span style=\"color:rgb(17, 17, 17);font-size:12pt;font-family:&quot;Times New Roman&quot;\">\u00a0D\u0142ugi uchwyt (22,64 cala) pozwala na \u0142atw\u0105 obs\u0142ug\u0119 urz\u0105dzenia nawet w pozycji stoj\u0105cej. <\/span><span style=\"background-color:rgb(236, 178, 215);color:rgb(17, 17, 17);font-size:12pt;font-family:&quot;Times New Roman&quot;\">antypo\u015blizgowy<\/span><span style=\"color:rgb(17, 17, 17);font-size:12pt;font-family:&quot;Times New Roman&quot;\">\u00a0peda\u0142 i wysokiej jako\u015bci pompa hydrauliczna do oleju pomog\u0105 Ci podnie\u015b\u0107 motocykl <\/span><span style=\"color:rgb(0, 0, 0);font-size:12pt;font-family:&quot;Times New Roman&quot;\">4,53-14,37 cala<\/span><span style=\"color:rgb(17, 17, 17);font-size:12pt;font-family:&quot;Times New Roman&quot;\">, co pozwala na rozpocz\u0119cie prac naprawczych bez konieczno\u015bci po\u015bwi\u0119cania im zbyt wiele czasu i wysi\u0142ku. <\/span><\/p>\n<p><\/p>\n<p class=\"MsoNormal\"><strong><span style=\"color:rgb(0, 0, 0);font-size:12pt;font-family:&quot;Times New Roman&quot;\">\u0141atwe do przenoszenia: <\/span><\/strong><span style=\"color:rgb(0, 0, 0);font-size:12pt;font-family:&quot;Times New Roman&quot;\">Dwa ko\u0142a proste i dwa ko\u0142a uniwersalne pozwalaj\u0105 na p\u0142ynne przemieszczanie si\u0119 w dowolne miejsce.<\/span><\/p>\n<p><\/p>\n<p class=\"MsoNormal\"><strong><span style=\"color:rgb(17, 17, 17);font-size:12pt;font-family:&quot;Times New Roman&quot;\">Wysoki poziom bezpiecze\u0144stwa: <\/span><\/strong><span style=\"color:rgb(17, 17, 17);font-size:12pt;font-family:&quot;Times New Roman&quot;\">Wyposa\u017cony jest w 3-pozycyjne ko\u0142ki zabezpieczaj\u0105ce, kt\u00f3re umo\u017cliwiaj\u0105 ustawienie motocykla na \u017c\u0105danej wysoko\u015bci i zwi\u0119kszaj\u0105 stabilno\u015b\u0107. Powierzchnia blatu z warstw\u0105 gumy ma teksturowan\u0105 powierzchni\u0119, kt\u00f3ra skutecznie zapobiega po\u015blizgowi i poprawia bezpiecze\u0144stwo u\u017cytkowania.<\/span><\/p>\n<p><\/p>\n<p class=\"MsoNormal\"><strong><span style=\"color:rgb(0, 0, 0);font-size:12pt;font-family:&quot;Times New Roman&quot;\">Konstrukcja oszcz\u0119dzaj\u0105ca miejsce: <\/span><\/strong><span style=\"color:rgb(0, 0, 0);font-size:12pt;font-family:&quot;Times New Roman&quot;\">Gdy nie jest u\u017cywany, mo\u017cna go opu\u015bci\u0107 prawie do poziomu pod\u0142ogi, oszcz\u0119dzaj\u0105c w ten spos\u00f3b miejsce do przechowywania. Dzi\u0119ki kompaktowym rozmiarom (30,71*13,78*33,27 cala) urz\u0105dzenie nie zajmuje du\u017co miejsca. <\/span><\/p>\n<p><\/p>\n<p class=\"MsoNormal\"><strong><span style=\"color:rgb(0, 0, 0);font-size:12pt;font-family:&quot;Times New Roman&quot;\">Opakowanie ochronne: <\/span><\/strong><span style=\"color:rgb(0, 0, 0);font-size:12pt;font-family:&quot;Times New Roman&quot;\">Aby zapobiec uszkodzeniom i uderzeniom produktu podczas transportu, zapakowali\u015bmy go w plastikow\u0105 torb\u0119 i karton, aby zapewni\u0107 maksymaln\u0105 ochron\u0119 Twoich produkt\u00f3w.<\/span><\/p>\n<p><\/p>\n<p class=\"MsoNormal\"><strong><span style=\"color:rgb(14, 16, 26);font-size:12pt;font-family:&quot;Times New Roman&quot;\">Obs\u0142uga klienta: <\/span><\/strong><span style=\"color:rgb(14, 16, 26);font-size:12pt;font-family:&quot;Times New Roman&quot;\">Komunikacja jest najlepszym sposobem rozwi\u0105zywania problem\u00f3w. <\/span><span style=\"background-color:rgb(236, 178, 215);color:rgb(14, 16, 26);font-size:12pt;font-family:&quot;Times New Roman&quot;\">W razie jakichkolwiek problem\u00f3w prosimy o kontakt. Odpowiemy i rozwi\u0105\u017cemy problem najszybciej, jak to mo\u017cliwe.<\/span><\/p>\n<p><\/p>\n<p class=\"MsoNormal\"><strong><span style=\"color:rgb(0, 0, 0);font-size:15pt;font-family:&quot;Times New Roman&quot;\">Bli\u017csze dane <\/span><\/strong><\/p>\n<p class=\"MsoNormal\"><strong><span style=\"background-color:rgb(236, 178, 215);color:rgb(14, 16, 26);font-size:12pt;font-family:&quot;Times New Roman&quot;\">Antypo\u015blizgowe<\/span><\/strong><strong><span style=\"color:rgb(0, 0, 0);font-size:12pt;font-family:&quot;Times New Roman&quot;\">\u00a0Uchwyt:<\/span><\/strong><span style=\"color:rgb(0, 0, 0);font-size:12pt;font-family:&quot;Times New Roman&quot;\">\u00a0Gumowa os\u0142ona ochronna na r\u0105czce jest wygodna i \u0142atwa do uchwycenia, a faktura zapobiega wy\u015blizgiwaniu si\u0119 narz\u0119dzia podczas u\u017cytkowania, zwi\u0119kszaj\u0105c bezpiecze\u0144stwo.<\/span><\/p>\n<p><\/p>\n<p class=\"MsoNormal\"><strong><span style=\"font-size:12pt;font-family:&quot;Times New Roman&quot;\">Podw\u00f3jne poprzeczki: <\/span><\/strong><span style=\"font-size:12pt;font-family:&quot;Times New Roman&quot;\">Wzmocnione poprzeczki zwi\u0119kszaj\u0105 og\u00f3ln\u0105 stabilno\u015b\u0107 i poprawiaj\u0105 podparcie, dzi\u0119ki czemu proces naprawy jest bezpieczny i wydajny.<\/span><\/p>\n<p><\/p>\n<p class=\"MsoNormal\"><strong><span style=\"font-size:12pt;font-family:&quot;Times New Roman&quot;\">\u015aruba mocuj\u0105ca:<\/span><\/strong><span style=\"font-size:12pt;font-family:&quot;Times New Roman&quot;\">\u00a0Mo\u017cna regulowa\u0107 k\u0105t i wysoko\u015b\u0107 w zale\u017cno\u015bci od warunk\u00f3w gruntowych, aby spe\u0142ni\u0107 r\u00f3\u017cne potrzeby monta\u017cowe.<\/span><\/p>\n<p><\/p>\n<p class=\"MsoNormal\"><strong><span style=\"color:rgb(0, 0, 0);font-size:15pt;font-family:&quot;Times New Roman&quot;\">Aplikacja<\/span><\/strong><\/p>\n<p class=\"MsoNormal\"><span style=\"font-size:12pt;font-family:&quot;Times New Roman&quot;\">Nadaje si\u0119 do stosowania w gara\u017cu, warsztacie lub na torze i nadaje si\u0119 do podnoszenia motocykli, takich jak motocykle drogowe, motocykle pla\u017cowe i motocykle turystyczne.<\/span><\/p>\n<p><\/p>\n<p class=\"MsoNormal\"><strong><span style=\"color:rgb(0, 0, 0);font-size:15pt;font-family:&quot;Times New Roman&quot;\">Specyfikacja<\/span><\/strong><\/p>\n<p class=\"MsoNormal\"><span style=\"color:rgb(0, 0, 0);font-size:12pt;font-family:&quot;Times New Roman&quot;\">Kolor: czarny, czerwony<\/span><\/p>\n<p class=\"MsoNormal\"><span style=\"color:rgb(0, 0, 0);font-size:12pt;font-family:&quot;Times New Roman&quot;\">Martial: \u017celazo, guma, plastik<\/span><\/p>\n<p class=\"MsoNormal\"><span style=\"color:rgb(0, 0, 0);font-size:12pt;font-family:&quot;Times New Roman&quot;\">Proces: natryskiwanie tworzyw sztucznych, formowanie wtryskowe<\/span><\/p>\n<p class=\"MsoNormal\"><span style=\"color:rgb(0, 0, 0);font-size:12pt;font-family:&quot;Times New Roman&quot;\">Maksymalna \u0142adowno\u015b\u0107: 680 kg\/1500 funt\u00f3w<\/span><\/p>\n<p class=\"MsoNormal\"><span style=\"color:rgb(0, 0, 0);font-size:12pt;font-family:&quot;Times New Roman&quot;\">Zakres podnoszenia: 115-365 mm\/4,53-14,37 cala<\/span><\/p>\n<p class=\"MsoNormal\"><span style=\"color:rgb(0, 0, 0);font-size:12pt;font-family:&quot;Times New Roman&quot;\">D\u0142ugo\u015b\u0107 r\u0105czki: 57,5 cm\/22,64 cala<\/span><\/p>\n<p class=\"MsoNormal\"><span style=\"font-size:12pt;font-family:&quot;Times New Roman&quot;\">Blat gumowy<\/span><span style=\"color:rgb(0, 0, 0);font-size:12pt;font-family:&quot;Times New Roman&quot;\">\u00a0D\u0142ugo\u015b\u0107: 30,5 cm\/12 cali<\/span><\/p>\n<p class=\"MsoNormal\"><span style=\"color:rgb(0, 0, 0);font-size:12pt;font-family:&quot;Times New Roman&quot;\">Wymiary produktu: 78*35*84,5 cm\/30,71*13,78*33,27 cala<\/span><\/p>\n<p class=\"MsoNormal\"><span style=\"color:rgb(0, 0, 0);font-size:12pt;font-family:&quot;Times New Roman&quot;\">Rozmiar opakowania: 82*43*14 cm\/32,28*16,93*5,51 cala<\/span><\/p>\n<p class=\"MsoNormal\"><span style=\"color:rgb(0, 0, 0);font-size:12pt;font-family:&quot;Times New Roman&quot;\">Masa ca\u0142kowita: 26,75 kg\/58,97 funta<\/span><\/p>\n<p class=\"MsoNormal\"><span style=\"color:rgb(0, 0, 0);font-size:12pt;font-family:&quot;Times New Roman&quot;\">Waga netto: 25,2 kg\/55,56 funt\u00f3w<\/span><\/p>\n<p><\/p>\n<p class=\"MsoNormal\"><strong><span style=\"color:rgb(0, 0, 0);font-size:15pt;font-family:&quot;Times New Roman&quot;\">W pakiecie<\/span><\/strong><\/p>\n<p class=\"MsoNormal\"><span style=\"color:rgb(0, 0, 0);font-size:12pt;font-family:&quot;Times New Roman&quot;\">1* Podno\u015bnik hydrauliczny do motocykla<\/span><\/p>\n<p class=\"MsoNormal\"><span style=\"color:rgb(0, 0, 0);font-size:12pt;font-family:&quot;Times New Roman&quot;\">1* Instrukcja w j\u0119zyku angielskim<\/span><\/p>\n<p class=\"MsoNormal\"><span style=\"color:rgb(0, 0, 0);font-size:12pt;font-family:&quot;Times New Roman&quot;\">Inne akcesoria do instalacji \u00a0\u00a0<\/span><\/p>\n<p><\/p>\n<p class=\"MsoNormal\"><strong><span style=\"color:rgb(0, 0, 0);font-size:15pt;font-family:&quot;Times New Roman&quot;\">Notatki<\/span><\/strong><\/p>\n<p class=\"MsoNormal\"><span style=\"color:rgb(0, 0, 0);font-size:12pt;font-family:&quot;Times New Roman&quot;\">Prosz\u0119 uwzgl\u0119dni\u0107 niewielk\u0105 r\u00f3\u017cnic\u0119 kolor\u00f3w spowodowan\u0105 \u015bwiat\u0142em fotografowania oraz b\u0142\u0105d pomiaru r\u0119cznego wynosz\u0105cy 1-3 cm. Przed z\u0142o\u017ceniem zam\u00f3wienia upewnij si\u0119, \u017ce nie b\u0119dzie Ci to przeszkadza\u0107.<\/span><\/p>","protected":false},"excerpt":{"rendered":"<p>Hign-concerned Chemical:&nbsp;None Origin:&nbsp;Mainland China Description This motorcycle hydraulic lift is a good helper in your garage, which is made of high-quality materials and fine craftsmanship. The high load capacity and<\/p>","protected":false},"featured_media":21843,"comment_status":"open","ping_status":"closed","template":"","meta":{"_acf_changed":false},"product_brand":[],"product_cat":[525],"product_tag":[],"class_list":{"0":"post-21842","1":"product","2":"type-product","3":"status-publish","4":"has-post-thumbnail","6":"product_cat-a","8":"first","9":"instock","10":"shipping-taxable","11":"purchasable","12":"product-type-variable"},"acf":[],"_links":{"self":[{"href":"https:\/\/electricstore.eu\/pl\/wp-json\/wp\/v2\/product\/21842","targetHints":{"allow":["GET"]}}],"collection":[{"href":"https:\/\/electricstore.eu\/pl\/wp-json\/wp\/v2\/product"}],"about":[{"href":"https:\/\/electricstore.eu\/pl\/wp-json\/wp\/v2\/types\/product"}],"replies":[{"embeddable":true,"href":"https:\/\/electricstore.eu\/pl\/wp-json\/wp\/v2\/comments?post=21842"}],"wp:featuredmedia":[{"embeddable":true,"href":"https:\/\/electricstore.eu\/pl\/wp-json\/wp\/v2\/media\/21843"}],"wp:attachment":[{"href":"https:\/\/electricstore.eu\/pl\/wp-json\/wp\/v2\/media?parent=21842"}],"wp:term":[{"taxonomy":"product_brand","embeddable":true,"href":"https:\/\/electricstore.eu\/pl\/wp-json\/wp\/v2\/product_brand?post=21842"},{"taxonomy":"product_cat","embeddable":true,"href":"https:\/\/electricstore.eu\/pl\/wp-json\/wp\/v2\/product_cat?post=21842"},{"taxonomy":"product_tag","embeddable":true,"href":"https:\/\/electricstore.eu\/pl\/wp-json\/wp\/v2\/product_tag?post=21842"}],"curies":[{"name":"wp","href":"https:\/\/api.w.org\/{rel}","templated":true}]}}