{"id":21829,"date":"2025-05-20T18:27:23","date_gmt":"2025-05-20T18:27:23","guid":{"rendered":"https:\/\/electricstore.eu\/p\/uncategorized\/fossibot-f2400-pure-sine-wave-portable-power-station-2048wh-2400w-output-generator-16-output-ports-solar-portable-folding-trolley\/"},"modified":"2025-05-20T18:27:46","modified_gmt":"2025-05-20T18:27:46","slug":"fossibot-f2400-pure-sine-wave-portable-power-station-2048wh-2400w-output-generator-16-output-ports-solar-portable-folding-trolley","status":"publish","type":"product","link":"https:\/\/electricstore.eu\/pl\/p\/batteries\/portable-power-stations\/fossibot-f2400-pure-sine-wave-portable-power-station-2048wh-2400w-output-generator-16-output-ports-solar-portable-folding-trolley\/","title":{"rendered":"Fossibot F2400 Przeno\u015bna elektrownia sinusoidalna o czystej fali, 2048 Wh, generator o mocy wyj\u015bciowej 2400 W, 16 port\u00f3w wyj\u015bciowych, przeno\u015bny w\u00f3zek sk\u0142adany zasilany energi\u0105 s\u0142oneczn\u0105"},"content":{"rendered":"<div class=\"product-specs-list-container\">\n<ul class=\"product-specs-list util-clearfix\">\n<li class=\"product-prop line-limit-length\"><span\n                                        class=\"property-title\">Aplikacja:&nbsp;<\/span><span\n                                        class=\"property-desc line-limit-length\">Magazynowanie energii s\u0142onecznej<\/span>\n                            <\/li>\n<li class=\"product-prop line-limit-length\"><span\n                                        class=\"property-title\">Pojemno\u015b\u0107 nominalna:&nbsp;<\/span><span\n                                        class=\"property-desc line-limit-length\">2400 W<\/span>\n                            <\/li>\n<li class=\"product-prop line-limit-length\"><span\n                                        class=\"property-title\">Numer modelu:&nbsp;<\/span><span\n                                        class=\"property-desc line-limit-length\">F2400 fossibot<\/span>\n                            <\/li>\n<li class=\"product-prop line-limit-length\"><span\n                                        class=\"property-title\">Typ:&nbsp;<\/span><span\n                                        class=\"property-desc line-limit-length\">LiFePO4<\/span>\n                            <\/li>\n<li class=\"product-prop line-limit-length\"><span\n                                        class=\"property-title\">Sk\u0142ada\u0107 czcionki do druku:&nbsp;<\/span><span\n                                        class=\"property-desc line-limit-length\">Zestawy \u0142aduj\u0105ce<\/span>\n                            <\/li>\n<li class=\"product-prop line-limit-length\"><span\n                                        class=\"property-title\">Nazwa marki:&nbsp;<\/span><span\n                                        class=\"property-desc line-limit-length\">fossibot<\/span>\n                            <\/li>\n<li class=\"product-prop line-limit-length\"><span\n                                        class=\"property-title\">Pojemno\u015b\u0107:&nbsp;<\/span><span\n                                        class=\"property-desc line-limit-length\">2048Wh\/640000mA<\/span>\n                            <\/li>\n<li class=\"product-prop line-limit-length\"><span\n                                        class=\"property-title\">Typ baterii:&nbsp;<\/span><span\n                                        class=\"property-desc line-limit-length\">LiFePO4 battery<\/span>\n                            <\/li>\n<li class=\"product-prop line-limit-length\"><span\n                                        class=\"property-title\">Rated Frequency:&nbsp;<\/span><span\n                                        class=\"property-desc line-limit-length\">50Hz\/60Hz<\/span>\n                            <\/li>\n<li class=\"product-prop line-limit-length\"><span\n                                        class=\"property-title\">Package:&nbsp;<\/span><span\n                                        class=\"property-desc line-limit-length\">With Folding Trolley<\/span>\n                            <\/li>\n<li class=\"product-prop line-limit-length\"><span\n                                        class=\"property-title\">O\u015bwietlenie LED:&nbsp;<\/span><span\n                                        class=\"property-desc line-limit-length\">Moc 1W, ciep\u0142y ton<\/span>\n                            <\/li>\n<li class=\"product-prop line-limit-length\"><span\n                                        class=\"property-title\">Wyj\u015bcie pr\u0105du przemiennego:&nbsp;<\/span><span\n                                        class=\"property-desc line-limit-length\">Moc znamionowa 2400 W, czysta fala sinusoidalna<\/span>\n                            <\/li>\n<li class=\"product-prop line-limit-length\"><span\n                                        class=\"property-title\">Cechy 01:&nbsp;<\/span><span\n                                        class=\"property-desc line-limit-length\">Przeno\u015bna elektrownia<\/span>\n                            <\/li>\n<li class=\"product-prop line-limit-length\"><span\n                                        class=\"property-title\">Cechy 02:&nbsp;<\/span><span\n                                        class=\"property-desc line-limit-length\">Moc Yose<\/span>\n                            <\/li>\n<li class=\"product-prop line-limit-length\"><span\n                                        class=\"property-title\">Cechy 03:&nbsp;<\/span><span\n                                        class=\"property-desc line-limit-length\">Akumulator do przeno\u015bnego kampera<\/span>\n                            <\/li>\n<li class=\"product-prop line-limit-length\"><span\n                                        class=\"property-title\">Cechy 04:&nbsp;<\/span><span\n                                        class=\"property-desc line-limit-length\">Przeno\u015bna elektrownia s\u0142oneczna<\/span>\n                            <\/li>\n<li class=\"product-prop line-limit-length\"><span\n                                        class=\"property-title\">Cechy 05:&nbsp;<\/span><span\n                                        class=\"property-desc line-limit-length\">Przeno\u015bna elektrownia<\/span>\n                            <\/li>\n<li class=\"product-prop line-limit-length\"><span\n                                        class=\"property-title\">Cechy 06:&nbsp;<\/span><span\n                                        class=\"property-desc line-limit-length\">Elektrownia Portalil<\/span>\n                            <\/li>\n<\/ul><\/div>\n<div class=\"detailmodule_html\">\n<div class=\"detail-desc-decorate-richtext\">\n<p><\/p>\n<div id=\"nav-description\" class=\"description--wrap--LscZ0He\">\n<div>\n<div class=\"extend--content--VuIQZia\">\n<div>\n<div id=\"product-description\" class=\"description--product-description--Mjtql28\">\n<div class=\"description--origin-part--rWy05pE\">\n<div class=\"detailmodule_html\">\n<div class=\"detail-desc-decorate-richtext\">\n<p><span style=\"font-size:22px\"><strong>Product Highlights &gt;&gt;&gt;<\/strong><\/span>:<\/p>\n<p><\/p>\n<ul style=\"font-family:&quot;Microsoft YaHei&quot;;font-size:medium;font-weight:400;letter-spacing:normal;text-align:start;white-space:normal;color:rgb(0, 0, 0);margin-bottom:10px;padding-left:0px\" class=\"clearfix\" align=\"start\">\n<li style=\"font-size:14px;margin-right:10px;padding-left:18px;list-style:none;position:relative\">\n<p><strong>2400W Output, 2048Wh LiFePO4 Battery<\/strong><\/p>\n<\/li>\n<li style=\"font-size:14px;margin-right:10px;padding-left:18px;list-style:none;position:relative\">\n<p>Super large capacity 2048Wh\/640000mAh portable power supply has 2400W rated output. Equipped with 6 AC power sockets, 6 USB output ports, and 4 DC output ports, it can be used for most devices like rice cookers, TVs, electric blankets, electric kettles, hair drums, tools, and even higher power appliances (such as electric stoves, electric microwave ovens) and refrigerator.<\/p>\n<\/li>\n<li style=\"font-size:14px;margin-right:10px;padding-left:18px;list-style:none;position:relative\">\n<p><\/p>\n<\/li>\n<li style=\"font-size:14px;margin-right:10px;padding-left:18px;list-style:none;position:relative\">\n<p><strong>Bidirectional Inverter Technology<\/strong><br \/>FOSSiBOT portable power station adopts the latest bidirectional inverter technology and the perfect combination of intelligent input power adjustment knobs. The input power reaches 1100W and can perform 0-80% charge in 80 minutes, fully charged in 1.78 hours.<\/p>\n<\/li>\n<li style=\"font-size:14px;margin-right:10px;padding-left:18px;list-style:none;position:relative\">\n<p><strong>Intelligent Input Power Adjustment Knob<\/strong><\/p>\n<\/li>\n<li style=\"font-size:14px;margin-right:10px;padding-left:18px;list-style:none;position:relative\">\n<p>F2400 solar power station, with 300W, 500W, 700W, 900W and 1100W input power protection power supply, the charging speed is fully controlled freely, the adjustment knob can keep the input voltage constant, greatly extend the service life of FOSSiBOT F2400, protect your equipment.<\/p>\n<\/li>\n<li style=\"font-size:14px;margin-right:10px;padding-left:18px;list-style:none;position:relative\">\n<p><\/p>\n<\/li>\n<li style=\"font-size:14px;margin-right:10px;padding-left:18px;list-style:none;position:relative\">\n<p><strong>3 Charging Methods<\/strong><\/p>\n<\/li>\n<li style=\"font-size:14px;margin-right:10px;padding-left:18px;list-style:none;position:relative\">\n<p>Direct plug-in charging from mains, solar charging, and car charger. If you choose to charge solar energy and mains at the same time, the charging power is up to 1600W input, and you can charge 0-80% in 70 minutes. It can be fully charged in 90 minutes, faster than any other solar generator.<\/p>\n<\/li>\n<\/ul>\n<p><span style=\"font-size:22px\"><strong>Specification &gt;&gt;&gt;:<\/strong><\/span><\/p>\n<p><\/p>\n<table style=\"border-collapse:collapse;font-family:&quot;Microsoft YaHei&quot;;width:651px\" class=\"jbEidtTable\" border=\"1\" cellpadding=\"5\" cellspacing=\"0\">\n<tbody>\n<tr>\n<td style=\"font-size:14px;text-align:left;width:219.938px\" align=\"left\">\n<p><strong>Og\u00f3lny<\/strong><\/p>\n<\/td>\n<td style=\"font-size:14px;text-align:left;width:408.062px\" align=\"left\">\n<p>Brand: FOSSiBOT<br \/>Type: Portable power station<br \/>Model: F2400<br \/>Kolor: zielony<\/p>\n<\/td>\n<\/tr>\n<tr>\n<td style=\"font-size:14px;text-align:left;width:219.938px\" align=\"left\">\n<p><strong>Specyfikacja<\/strong><\/p>\n<\/td>\n<td style=\"font-size:14px;text-align:left;width:408.062px\" align=\"left\">\n<p>Typ baterii: bateria LiFePO4<br \/>Capacity: 2048Wh\/640000mA<br \/>Operating Temperature: 0-40 celsius \/ 32-104 Fahrenheit<br \/>Storage Temperature: -10-40 celsius \/ -4-104 Fahrenheit<br \/>Humidity: 5%-95%<br \/>Cooling Strategy: Fan x 7<br \/>LED Lighting: Power 1W, Warm tone<\/p>\n<p>AC Output: Rated Power 2400W, Pure sine wave, 6-port output, Surge Power 4600W<br \/>Rated Frequency: 50Hz\/60Hz<br \/>Output Voltage: EU 220-240V AC<br \/>Inverter Efficiency: ETH = 90%<br \/>USB-A Output: QC3.0 x 2 (5V3A\/9V2A\/12V1.5A)<br \/>Type-C Output: PD 20W x 3 100W x 1 (5V3A 9V3A 12V3A 15V3A 20V5A)<\/p>\n<p>DC Output<br \/>XT60: 12V\/25A x 1<br \/>DC5521: 12V3A socket x 2<br \/>Cigar Lighter: 12V10A socket x 1<\/p>\n<p>Wej\u015bcie<br \/>AC Super Charge: 1100W, EU(AC 220-240V\/50Hz,10A),US\/JP(AC 100-120V 50Hz\/60Hz,10A)<br \/>Solar Charging: 12V-48V\/15A MAX500W<br \/>Car Charging: 12V\/8A, 24V\/10A<\/p>\n<\/td>\n<\/tr>\n<tr>\n<td style=\"font-size:14px;text-align:left;width:219.938px\" align=\"left\">\n<p><strong>Waga i rozmiar<\/strong><\/p>\n<\/td>\n<td style=\"font-size:14px;text-align:left;width:408.062px\" align=\"left\">\n<p>Product Weight: 22Kg<br \/>Package Weight: 24Kg<br \/>Product Size(L x W x H): 38.6cm x 28.4cm x 32.1cm<br \/>Package Size(L x W x H): 48.4cm x 36.8cm x 44.1cm<\/p>\n<\/td>\n<\/tr>\n<tr>\n<td style=\"font-size:14px;text-align:left;width:219.938px\" align=\"left\">\n<p><strong>Pakiet kontener\u00f3w<\/strong><\/p>\n<\/td>\n<td style=\"font-size:14px;text-align:left;width:408.062px\" align=\"left\">\n<p>1 x F2400 Power station<br \/>1 x Power Cord<br \/>1 x Vehicle Charging Cable<br \/>1 x Solar Charing Cable<br \/>1 x Instrukcja obs\u0142ugi<\/p>\n<p>1 x Folding trolley<\/p>\n<\/td>\n<\/tr>\n<\/tbody>\n<\/table>\n<p><\/p>\n<p><img decoding=\"async\" src=\"https:\/\/ae01.alicdn.com\/kf\/Sb9669de8797747708a9fd8041a53d8993.jpg\" slate-data-type=\"image\"\/><img decoding=\"async\" src=\"https:\/\/ae01.alicdn.com\/kf\/S882ce0fdd47f415098a95bb09c59420fM.jpg\" slate-data-type=\"image\"\/><img decoding=\"async\" src=\"https:\/\/ae01.alicdn.com\/kf\/S6631c68eb4114dd69641cae247b9d421N.jpg\" slate-data-type=\"image\"\/><img decoding=\"async\" src=\"https:\/\/ae01.alicdn.com\/kf\/S369162acd03f45ddafc9cf654617545fz.jpg\" slate-data-type=\"image\"\/><img decoding=\"async\" src=\"https:\/\/ae01.alicdn.com\/kf\/Sc99d8582579b4d8d8953573d6113c28aL.jpg\" slate-data-type=\"image\"\/><img decoding=\"async\" src=\"https:\/\/ae01.alicdn.com\/kf\/S967a3d37f0ae4ec4a8c0afd21019e9244.jpg\" slate-data-type=\"image\"\/><img decoding=\"async\" src=\"https:\/\/ae01.alicdn.com\/kf\/S0272cc35172546608efcc9af9ee1c7dbh.jpg\" slate-data-type=\"image\"\/><img decoding=\"async\" src=\"https:\/\/ae01.alicdn.com\/kf\/Sc323e7f185654aa790149f69c0708067V.jpg\" slate-data-type=\"image\"\/><img decoding=\"async\" src=\"https:\/\/ae01.alicdn.com\/kf\/S44ee694ac58b43b4b789a9d38056a7335.jpg\" slate-data-type=\"image\"\/><img decoding=\"async\" src=\"https:\/\/ae01.alicdn.com\/kf\/S5e528fc8ff774ff19a0f24edb2f54d9d4.jpg\" slate-data-type=\"image\"\/><img decoding=\"async\" src=\"https:\/\/ae01.alicdn.com\/kf\/S819addc4d72a4c24b25dd4b2fa8fb276p.jpg\" slate-data-type=\"image\"\/><\/p>\n<\/div>\n<\/div>\n<\/div>\n<\/div>\n<\/div>\n<\/div>\n<\/div>\n<\/div>\n<div style=\"margin:32px 0px;margin-bottom:32px;margin-top:32px;margin-left:0px;margin-right:0px\" class=\"comet-v2-divider comet-v2-divider-small split-line--wrap--dVhU29K\"><\/div>\n<p><\/p>\n<\/div>\n<\/div>","protected":false},"excerpt":{"rendered":"<p>Application:&nbsp;Solar Power Storage Nominal Capacity:&nbsp;2400W Model Number:&nbsp;F2400 fossibot Type:&nbsp;LiFePO4 Set Type:&nbsp;Charger Sets Brand Name:&nbsp;fossibot Capacity:&nbsp;2048Wh\/640000mA Battery Type:&nbsp;LiFePO4 battery Rated Frequency:&nbsp;50Hz\/60Hz Package:&nbsp;With Folding Trolley LED Lighting:&nbsp;Power 1W, Warm tone AC Output:&nbsp;Rated<\/p>","protected":false},"featured_media":21830,"comment_status":"open","ping_status":"closed","template":"","meta":{"_acf_changed":false},"product_brand":[],"product_cat":[515],"product_tag":[],"class_list":{"0":"post-21829","1":"product","2":"type-product","3":"status-publish","4":"has-post-thumbnail","6":"product_cat-portable-power-stations","8":"first","9":"instock","10":"shipping-taxable","11":"purchasable","12":"product-type-variable"},"acf":[],"_links":{"self":[{"href":"https:\/\/electricstore.eu\/pl\/wp-json\/wp\/v2\/product\/21829","targetHints":{"allow":["GET"]}}],"collection":[{"href":"https:\/\/electricstore.eu\/pl\/wp-json\/wp\/v2\/product"}],"about":[{"href":"https:\/\/electricstore.eu\/pl\/wp-json\/wp\/v2\/types\/product"}],"replies":[{"embeddable":true,"href":"https:\/\/electricstore.eu\/pl\/wp-json\/wp\/v2\/comments?post=21829"}],"wp:featuredmedia":[{"embeddable":true,"href":"https:\/\/electricstore.eu\/pl\/wp-json\/wp\/v2\/media\/21830"}],"wp:attachment":[{"href":"https:\/\/electricstore.eu\/pl\/wp-json\/wp\/v2\/media?parent=21829"}],"wp:term":[{"taxonomy":"product_brand","embeddable":true,"href":"https:\/\/electricstore.eu\/pl\/wp-json\/wp\/v2\/product_brand?post=21829"},{"taxonomy":"product_cat","embeddable":true,"href":"https:\/\/electricstore.eu\/pl\/wp-json\/wp\/v2\/product_cat?post=21829"},{"taxonomy":"product_tag","embeddable":true,"href":"https:\/\/electricstore.eu\/pl\/wp-json\/wp\/v2\/product_tag?post=21829"}],"curies":[{"name":"wp","href":"https:\/\/api.w.org\/{rel}","templated":true}]}}