{"id":21813,"date":"2025-05-20T18:27:15","date_gmt":"2025-05-20T18:27:15","guid":{"rendered":"https:\/\/electricstore.eu\/p\/uncategorized\/blackview-oscal-powermax-3600-eu-plug-rugged-power-station-3600wh-to-57600wh-lifepo4-battery-14-outlet-light-modes-morse-code\/"},"modified":"2025-05-20T18:27:29","modified_gmt":"2025-05-20T18:27:29","slug":"blackview-oscal-powermax-3600-eu-plug-rugged-power-station-3600wh-to-57600wh-lifepo4-battery-14-outlet-light-modes-morse-code","status":"publish","type":"product","link":"https:\/\/electricstore.eu\/pl\/p\/batteries\/portable-power-stations\/blackview-oscal-powermax-3600-eu-plug-rugged-power-station-3600wh-to-57600wh-lifepo4-battery-14-outlet-light-modes-morse-code\/","title":{"rendered":"Blackview Oscal PowerMax 3600 Wytrzyma\u0142a stacja zasilaj\u0105ca z wtyczk\u0105 EU Akumulator LiFePO4 o pojemno\u015bci od 3600 Wh do 57600 Wh 14 gniazd Tryby \u015bwiecenia Kod Morse&#039;a"},"content":{"rendered":"<div class=\"product-specs-list-container\">\n<ul class=\"product-specs-list util-clearfix\">\n<li class=\"product-prop line-limit-length\"><span\n                                        class=\"property-title\">Aplikacja:&nbsp;<\/span><span\n                                        class=\"property-desc line-limit-length\">Magazynowanie energii s\u0142onecznej<\/span>\n                            <\/li>\n<li class=\"product-prop line-limit-length\"><span\n                                        class=\"property-title\">Pojemno\u015b\u0107 nominalna:&nbsp;<\/span><span\n                                        class=\"property-desc line-limit-length\">3600Wh<\/span>\n                            <\/li>\n<li class=\"product-prop line-limit-length\"><span\n                                        class=\"property-title\">Numer modelu:&nbsp;<\/span><span\n                                        class=\"property-desc line-limit-length\">PowerMax 3600<\/span>\n                            <\/li>\n<li class=\"product-prop line-limit-length\"><span\n                                        class=\"property-title\">Typ:&nbsp;<\/span><span\n                                        class=\"property-desc line-limit-length\">LiFePO4<\/span>\n                            <\/li>\n<li class=\"product-prop line-limit-length\"><span\n                                        class=\"property-title\">Sk\u0142ada\u0107 czcionki do druku:&nbsp;<\/span><span\n                                        class=\"property-desc line-limit-length\">Zestawy \u0142aduj\u0105ce<\/span>\n                            <\/li>\n<li class=\"product-prop line-limit-length\"><span\n                                        class=\"property-title\">Marka:&nbsp;<\/span><span\n                                        class=\"property-desc line-limit-length\">Blackview Oscal<\/span>\n                            <\/li>\n<li class=\"product-prop line-limit-length\"><span\n                                        class=\"property-title\">Kolor:&nbsp;<\/span><span\n                                        class=\"property-desc line-limit-length\">Grey + Red<\/span>\n                            <\/li>\n<li class=\"product-prop line-limit-length\"><span\n                                        class=\"property-title\">Model:&nbsp;<\/span><span\n                                        class=\"property-desc line-limit-length\">PowerMax 3600<\/span>\n                            <\/li>\n<li class=\"product-prop line-limit-length\"><span\n                                        class=\"property-title\">Pojemno\u015b\u0107 baterii:&nbsp;<\/span><span\n                                        class=\"property-desc line-limit-length\">3600 Wh<\/span>\n                            <\/li>\n<li class=\"product-prop line-limit-length\"><span\n                                        class=\"property-title\">Typ baterii:&nbsp;<\/span><span\n                                        class=\"property-desc line-limit-length\">LiFePO4 battery<\/span>\n                            <\/li>\n<li class=\"product-prop line-limit-length\"><span\n                                        class=\"property-title\">Power arises:&nbsp;<\/span><span\n                                        class=\"property-desc line-limit-length\">7200W<\/span>\n                            <\/li>\n<li class=\"product-prop line-limit-length\"><span\n                                        class=\"property-title\">Inverter Type:&nbsp;<\/span><span\n                                        class=\"property-desc line-limit-length\">Czysta fala sinusoidalna<\/span>\n                            <\/li>\n<li class=\"product-prop line-limit-length\"><span\n                                        class=\"property-title\">Cechy 01:&nbsp;<\/span><span\n                                        class=\"property-desc line-limit-length\">Przeno\u015bna bateria<\/span>\n                            <\/li>\n<li class=\"product-prop line-limit-length\"><span\n                                        class=\"property-title\">Cechy 02:&nbsp;<\/span><span\n                                        class=\"property-desc line-limit-length\">Przeno\u015bna moc raportowana<\/span>\n                            <\/li>\n<li class=\"product-prop line-limit-length\"><span\n                                        class=\"property-title\">Cechy 03:&nbsp;<\/span><span\n                                        class=\"property-desc line-limit-length\">Elektrownia Bluetti<\/span>\n                            <\/li>\n<li class=\"product-prop line-limit-length\"><span\n                                        class=\"property-title\">Cechy 04:&nbsp;<\/span><span\n                                        class=\"property-desc line-limit-length\">Przeno\u015bny akumulator kempingowy<\/span>\n                            <\/li>\n<li class=\"product-prop line-limit-length\"><span\n                                        class=\"property-title\">Cechy 05:&nbsp;<\/span><span\n                                        class=\"property-desc line-limit-length\">3600w portable power station<\/span>\n                            <\/li>\n<\/ul><\/div>\n<div class=\"detailmodule_html\">\n<div class=\"detail-desc-decorate-richtext\">\n<p><span style=\"font-size:24px\"><strong>Przegl\u0105d najwa\u017cniejszych wydarze\u0144:<\/strong><\/span><\/p>\n<ul style=\"font-family:&quot;Microsoft YaHei&quot;;font-size:medium;font-weight:400;letter-spacing:normal;text-align:start;white-space:normal;color:rgb(0, 0, 0);margin-bottom:10px;padding-left:0px\" class=\"clearfix\" align=\"start\">\n<li style=\"font-size:14px;margin-right:10px;padding-left:18px;list-style:none;position:relative;float:left\">\n<h3><strong>14 uniwersalnych gniazdek<\/strong><\/h3>\n<p>Dzi\u0119ki wysokiej jako\u015bci falownikowi pr\u0105du przemiennego o czystej fali sinusoidalnej o mocy znamionowej 3600 W i 14 \u017ar\u00f3d\u0142om zasilania Blackview Oscal PowerMax 3600 mo\u017cesz zaspokoi\u0107 wszystkie swoje potrzeby w zakresie zasilania, aby zapewni\u0107 zasilanie ca\u0142ej imprezie, kempingowi, a nawet ca\u0142emu domowi w przypadku nieoczekiwanej przerwy w dostawie pr\u0105du.<\/p>\n<h3><strong>Maksymalna pojemno\u015b\u0107 baterii 57600 Wh<\/strong><\/h3>\n<p>Dostosowuj\u0105c si\u0119 do r\u00f3\u017cnych potrzeb energetycznych, od aktywno\u015bci na \u015bwie\u017cym powietrzu po aktywno\u015bci wewn\u0105trz pomieszcze\u0144, Blackview ASCAL PowerMax 3600 oferuje elastyczno\u015b\u0107 dostosowania pojemno\u015bci akumulatora dzi\u0119ki modu\u0142owej konstrukcji 100%, od 3,6 kWh do 57,6 kWh przy maksymalnie 15 pakietach akumulator\u00f3w (3600 Wh\/na pakiet).<\/p>\n<h3><strong>Tryby o\u015bwietlenia LED i sygna\u0142 kodu Morse&#039;a<\/strong><\/h3>\n<p>Opr\u00f3cz 5 standardowych tryb\u00f3w o\u015bwietlenia LED, informacje mo\u017cna przesy\u0142a\u0107 za pomoc\u0105 sygna\u0142\u00f3w \u015bwietlnych, zmieniaj\u0105c jasno\u015b\u0107 i wzory migania \u015bwiate\u0142. Jest to przydatne w nocy, w niesprzyjaj\u0105cej pogodzie lub w sytuacjach s\u0142abej widoczno\u015bci do przekazywania znak\u00f3w, zw\u0142aszcza sygna\u0142\u00f3w wzywania pomocy.<\/p>\n<h3><strong>Obudowa ognioodporna z certyfikatem UL94V-0 i ochron\u0105 UV<\/strong><\/h3>\n<p>Whether it&#8217;s in the midst of yard trimming or desert exploration, the PowerMax 3600&#8217;s Anti-UV feature protection it from fading and getting brought on by prolonged sun exposure, and its UL94V-0 flame-retardant case enures that there is no risk of fires resulting from heat generation.<\/p>\n<h3><strong>Konstrukcja odporna na upadek z wysoko\u015bci 0,8 m w pionie<\/strong><\/h3>\n<p>Zaprojektowany tak, aby sprosta\u0107 trudnemu terenowi Twoich wypraw, PowerMax 3600 zosta\u0142 starannie wykonany, aby wytrzyma\u0107 pionowe upadki z wysoko\u015bci do 0,8 metra, eliminuj\u0105c ryzyko przypadkowego upadku na traw\u0119 podczas od\u0142\u0105czania go od samochodu lub schod\u00f3w.<\/p>\n<h3><strong>Obudowa odporna na zachlapanie i kurz<\/strong><\/h3>\n<p>Od brzeg\u00f3w jezior o poranku, po zakurzon\u0105 pustyni\u0119 o zmierzchu, mo\u017cesz zabra\u0107 go wsz\u0119dzie, bez \u017cadnych problem\u00f3w \u2014 skutecznie chroni przed pionowymi kroplami wody i niekt\u00f3rymi sta\u0142ymi czynnikami zewn\u0119trznymi.<\/p>\n<\/li>\n<\/ul>\n<p><span style=\"font-size:26px\"><strong>Specyfikacja:<\/strong><\/span><\/p>\n<ul style=\"font-family:&quot;Microsoft YaHei&quot;;font-size:medium;font-weight:400;letter-spacing:normal;text-align:start;white-space:normal;color:rgb(0, 0, 0);margin-bottom:10px;padding-left:0px\" class=\"clearfix\" align=\"start\">\n<li style=\"font-size:14px;margin-right:10px;padding-left:18px;list-style:none;position:relative;float:left\">\n<table style=\"border-collapse:collapse;width:1000px\" class=\"jbEidtTable\" border=\"1\" cellpadding=\"5\" cellspacing=\"0\">\n<tbody>\n<tr>\n<td style=\"font-size:14px;text-align:left;width:373px;height:89px\" align=\"left\">\n<p>Og\u00f3lny<\/p>\n<\/td>\n<td style=\"font-size:14px;text-align:left;width:603px;height:89px\" align=\"left\">\n<p>Marka: Blackview Oscal<br \/>Typ: Wytrzyma\u0142a stacja zasilania<br \/>Model: PowerMax 3600 EU<br \/>Kolor: Szary + Czerwony<\/p>\n<\/td>\n<\/tr>\n<tr>\n<td style=\"font-size:14px;text-align:left;width:373px;height:646px\" align=\"left\">\n<p>Specyfikacja<\/p>\n<\/td>\n<td style=\"font-size:14px;text-align:left;width:603px;height:646px\" align=\"left\">\n<div>Bateria<br \/>Pojemno\u015b\u0107 baterii: 3600 Wh<br \/>Typ baterii: bateria LiFePO4<br \/>Cykle \u017cycia baterii: 3500 + cykli do 80% oryginalnej pojemno\u015bci<\/div>\n<p>Wyj\u015bcie<br \/>Wyj\u015bcie pr\u0105du przemiennego:<br \/>Moc wyj\u015bciowa 4x3600W (maks.)<br \/>Typ falownika: czysta fala sinusoidalna<br \/>Moc szczytowa: 7200 W<br \/>Port USB-C: USB-C 100 W x2<br \/>Port USB-A: USB-A 12 W x1, USB-A 18 W x3<br \/>Wyj\u015bcie DC: Anderson 378 W x1, DC 5521 36 W x2<br \/>Port zapalniczki samochodowej: Zapalniczka samochodowa 120 W x1<\/p>\n<p>Wej\u015bcie<br \/>Moc wej\u015bciowa zasilacza sieciowego: 2200 W (maks.), Czas \u0142adowania: 1,96 godz.<br \/>Moc wej\u015bciowa energii s\u0142onecznej: 1600 W (maks.), Czas \u0142adowania: 2,25 godz.<br \/>(Przy doskona\u0142ym nas\u0142onecznieniu, idealnej orientacji i niskiej temperaturze)<br \/>Moc wej\u015bciowa samochodu: 120 W (maks.), Czas \u0142adowania: 30 godz.<br \/>Podw\u00f3jne \u0142adowanie<br \/>-\u0141adowanie pr\u0105dem zmiennym + \u0142adowanie pr\u0105dem sta\u0142ym-s\u0142onecznym 1,2 godz.<br \/>-\u0141adowanie pr\u0105dem zmiennym + \u0142adowanie pr\u0105dem sta\u0142ym 1,86 godz.<\/p>\n<p>Temperatura \u0142adowania: 0\u201350 \u00b0C (32 \u00b0F\u2013122 \u00b0F) Najlepsza w warunkach od 0 \u00b0C do 45 \u00b0C. (32 \u00b0F\u2013113 \u00b0F)<br \/>Temperatura roz\u0142adowania: -20-55 \u00b0(-4 \u00b0F-131 \u00b0F) Najlepsza w warunkach od -10 \u00b0C do 45 \u00b0C. (14 \u00b0F-113 \u00b0F)<br \/>Temperatura przechowywania: -10 \u00b0 C-45 \u00b0 C (14 \u00b0 F-113 \u00b0 F)<br \/>Kontrola aplikacji: Tak, przez WiFi i Bluetooth<\/p>\n<\/td>\n<\/tr>\n<tr>\n<td style=\"font-size:14px;text-align:left;width:373px;height:89px\" align=\"left\">\n<p>Waga i rozmiar<\/p>\n<\/td>\n<td style=\"font-size:14px;text-align:left;width:603px;height:89px\" align=\"left\">\n<p>Waga produktu: 44,5 kg<br \/>Waga paczki: 47,6 kg<br \/>Wymiary produktu (d\u0142. x szer. x wys.): 59x35x44,1 cm<br \/>Wymiary paczki (d\u0142. x szer. x wys.): 66\u00d740,5\u00d752,5 cm<\/p>\n<\/td>\n<\/tr>\n<tr>\n<td style=\"font-size:14px;text-align:left;width:373px;height:44px\" align=\"left\">\n<p>Pakiet kontener\u00f3w<\/p>\n<\/td>\n<td style=\"font-size:14px;text-align:left;width:603px;height:44px\" align=\"left\">\n<p>1 x wytrzyma\u0142a stacja zasilania<br \/>1 x Instrukcja obs\u0142ugi<\/p>\n<\/td>\n<\/tr>\n<\/tbody>\n<\/table>\n<\/li>\n<\/ul>\n<p style=\"font-family:&quot;Open Sans&quot;, Roboto, Arial, Helvetica, sans-serif, SimSun;font-size:14px;font-weight:400;letter-spacing:normal;line-height:inherit;text-align:start;white-space:normal;color:rgb(34, 34, 34);margin:0px;margin-bottom:0px;margin-top:0px;margin-left:0px;margin-right:0px;padding:0px;padding-bottom:0px;padding-top:0px;padding-left:0px;padding-right:0px;box-sizing:border-box\" align=\"start\"><img decoding=\"async\" style=\"border:0px;margin:0px;margin-bottom:0px;margin-top:0px;margin-left:0px;margin-right:0px;padding:0px;padding-bottom:0px;padding-top:0px;padding-left:0px;padding-right:0px;max-width:100%;box-sizing:border-box\" src=\"https:\/\/ae01.alicdn.com\/kf\/S0ce6c6794dcf4f219b9275f4a2600d5dw.jpg\" slate-data-type=\"image\"\/><img decoding=\"async\" style=\"border:0px;margin:0px;margin-bottom:0px;margin-top:0px;margin-left:0px;margin-right:0px;padding:0px;padding-bottom:0px;padding-top:0px;padding-left:0px;padding-right:0px;max-width:100%;box-sizing:border-box\" src=\"https:\/\/ae01.alicdn.com\/kf\/S34093e5c4ac14ddca61be76f4d1894e05.jpg\" slate-data-type=\"image\"\/><img decoding=\"async\" style=\"border:0px;margin:0px;margin-bottom:0px;margin-top:0px;margin-left:0px;margin-right:0px;padding:0px;padding-bottom:0px;padding-top:0px;padding-left:0px;padding-right:0px;max-width:100%;box-sizing:border-box\" src=\"https:\/\/ae01.alicdn.com\/kf\/S670ce43903c04e87819e48904da439890.jpg\" slate-data-type=\"image\"\/><img decoding=\"async\" style=\"border:0px;margin:0px;margin-bottom:0px;margin-top:0px;margin-left:0px;margin-right:0px;padding:0px;padding-bottom:0px;padding-top:0px;padding-left:0px;padding-right:0px;max-width:100%;box-sizing:border-box\" src=\"https:\/\/ae01.alicdn.com\/kf\/Sb20c7746cd904b1b844e4ee0c150488fX.jpg\" slate-data-type=\"image\"\/><img decoding=\"async\" style=\"border:0px;margin:0px;margin-bottom:0px;margin-top:0px;margin-left:0px;margin-right:0px;padding:0px;padding-bottom:0px;padding-top:0px;padding-left:0px;padding-right:0px;max-width:100%;box-sizing:border-box\" src=\"https:\/\/ae01.alicdn.com\/kf\/S82786340e56b44d789e1ee011573f323s.jpg\" slate-data-type=\"image\"\/><img decoding=\"async\" style=\"border:0px;margin:0px;margin-bottom:0px;margin-top:0px;margin-left:0px;margin-right:0px;padding:0px;padding-bottom:0px;padding-top:0px;padding-left:0px;padding-right:0px;max-width:100%;box-sizing:border-box\" src=\"https:\/\/ae01.alicdn.com\/kf\/S611dd1a6874643bf8e632682860a9b338.jpg\" slate-data-type=\"image\"\/><img decoding=\"async\" style=\"border:0px;margin:0px;margin-bottom:0px;margin-top:0px;margin-left:0px;margin-right:0px;padding:0px;padding-bottom:0px;padding-top:0px;padding-left:0px;padding-right:0px;max-width:100%;box-sizing:border-box\" src=\"https:\/\/ae01.alicdn.com\/kf\/S76bf54b7699040239ea08619914ece92o.jpg\" slate-data-type=\"image\"\/><img decoding=\"async\" style=\"border:0px;margin:0px;margin-bottom:0px;margin-top:0px;margin-left:0px;margin-right:0px;padding:0px;padding-bottom:0px;padding-top:0px;padding-left:0px;padding-right:0px;max-width:100%;box-sizing:border-box\" src=\"https:\/\/ae01.alicdn.com\/kf\/S6642edd4b37e4669985c9ec58387f5b18.jpg\" slate-data-type=\"image\"\/><img decoding=\"async\" style=\"border:0px;margin:0px;margin-bottom:0px;margin-top:0px;margin-left:0px;margin-right:0px;padding:0px;padding-bottom:0px;padding-top:0px;padding-left:0px;padding-right:0px;max-width:100%;box-sizing:border-box\" src=\"https:\/\/ae01.alicdn.com\/kf\/S11ccf7a13c0043128be3d23faa955f50Q.jpg\" slate-data-type=\"image\"\/><img decoding=\"async\" style=\"border:0px;margin:0px;margin-bottom:0px;margin-top:0px;margin-left:0px;margin-right:0px;padding:0px;padding-bottom:0px;padding-top:0px;padding-left:0px;padding-right:0px;max-width:100%;box-sizing:border-box\" src=\"https:\/\/ae01.alicdn.com\/kf\/S53b072c2c7bb43a79f5277a9713e939cR.jpg\" slate-data-type=\"image\"\/><img decoding=\"async\" style=\"border:0px;margin:0px;margin-bottom:0px;margin-top:0px;margin-left:0px;margin-right:0px;padding:0px;padding-bottom:0px;padding-top:0px;padding-left:0px;padding-right:0px;max-width:100%;box-sizing:border-box\" src=\"https:\/\/ae01.alicdn.com\/kf\/Sa9781c2f51bd402b9b0f2f2a9a4056cb2.jpg\" slate-data-type=\"image\"\/><\/p>\n<p><\/p>\n<\/div>\n<\/div>","protected":false},"excerpt":{"rendered":"<p>Application:&nbsp;Solar Power Storage Nominal Capacity:&nbsp;3600Wh Model Number:&nbsp;PowerMax 3600 Type:&nbsp;LiFePO4 Set Type:&nbsp;Charger Sets Brand:&nbsp;Blackview Oscal Color:&nbsp;Grey + Red Model:&nbsp;PowerMax 3600 Battery Capacity:&nbsp;3600 Wh Battery Type:&nbsp;LiFePO4 battery Power arises:&nbsp;7200W Inverter Type:&nbsp;Pure Sine<\/p>","protected":false},"featured_media":21814,"comment_status":"open","ping_status":"closed","template":"","meta":{"_acf_changed":false},"product_brand":[],"product_cat":[515],"product_tag":[],"class_list":{"0":"post-21813","1":"product","2":"type-product","3":"status-publish","4":"has-post-thumbnail","6":"product_cat-portable-power-stations","8":"first","9":"instock","10":"shipping-taxable","11":"purchasable","12":"product-type-simple"},"acf":[],"_links":{"self":[{"href":"https:\/\/electricstore.eu\/pl\/wp-json\/wp\/v2\/product\/21813","targetHints":{"allow":["GET"]}}],"collection":[{"href":"https:\/\/electricstore.eu\/pl\/wp-json\/wp\/v2\/product"}],"about":[{"href":"https:\/\/electricstore.eu\/pl\/wp-json\/wp\/v2\/types\/product"}],"replies":[{"embeddable":true,"href":"https:\/\/electricstore.eu\/pl\/wp-json\/wp\/v2\/comments?post=21813"}],"wp:featuredmedia":[{"embeddable":true,"href":"https:\/\/electricstore.eu\/pl\/wp-json\/wp\/v2\/media\/21814"}],"wp:attachment":[{"href":"https:\/\/electricstore.eu\/pl\/wp-json\/wp\/v2\/media?parent=21813"}],"wp:term":[{"taxonomy":"product_brand","embeddable":true,"href":"https:\/\/electricstore.eu\/pl\/wp-json\/wp\/v2\/product_brand?post=21813"},{"taxonomy":"product_cat","embeddable":true,"href":"https:\/\/electricstore.eu\/pl\/wp-json\/wp\/v2\/product_cat?post=21813"},{"taxonomy":"product_tag","embeddable":true,"href":"https:\/\/electricstore.eu\/pl\/wp-json\/wp\/v2\/product_tag?post=21813"}],"curies":[{"name":"wp","href":"https:\/\/api.w.org\/{rel}","templated":true}]}}