{"id":21779,"date":"2025-05-20T18:26:57","date_gmt":"2025-05-20T18:26:57","guid":{"rendered":"https:\/\/electricstore.eu\/p\/uncategorized\/monster-vmay-portable-outdoor-tv-with-tv-tuner-antenna-15-6-1080p-screen-60w-audio-12v-9a-built-in-recharged-battery\/"},"modified":"2025-05-20T18:27:06","modified_gmt":"2025-05-20T18:27:06","slug":"monster-vmay-portable-outdoor-tv-with-tv-tuner-antenna-15-6-1080p-screen-60w-audio-12v-9a-built-in-recharged-battery","status":"publish","type":"product","link":"https:\/\/electricstore.eu\/pl\/p\/batteries\/portable-power-stations\/monster-vmay-portable-outdoor-tv-with-tv-tuner-antenna-15-6-1080p-screen-60w-audio-12v-9a-built-in-recharged-battery\/","title":{"rendered":"Telewizor zewn\u0119trzny Monster VMay przeno\u015bny z tunerem TV i anten\u0105, 15,6 cala, ekran 1080P, d\u017awi\u0119k 60 W, 12 V\/9 A, wbudowana \u0142adowalna bateria"},"content":{"rendered":"<div class=\"product-specs-list-container\">\n<ul class=\"product-specs-list util-clearfix\">\n<li class=\"product-prop line-limit-length\"><span\n                                        class=\"property-title\">Input\/Output:&nbsp;<\/span><span\n                                        class=\"property-desc line-limit-length\">Aux<\/span>\n                            <\/li>\n<li class=\"product-prop line-limit-length\"><span\n                                        class=\"property-title\">Sound Mode:&nbsp;<\/span><span\n                                        class=\"property-desc line-limit-length\">Hi-Res Sound Mode,3D Surround Sound Mode,Immersive Sound Mode,Stereo Sound Mode,Smart Sound Mode,Live Sound Mode,Extra Bass Mode,Transparency Mode,Sleeping Mode,Standard Mode,3EQ Modes<\/span>\n                            <\/li>\n<li class=\"product-prop line-limit-length\"><span\n                                        class=\"property-title\">Kategoria:&nbsp;<\/span><span\n                                        class=\"property-desc line-limit-length\">Speakers<\/span>\n                            <\/li>\n<li class=\"product-prop line-limit-length\"><span\n                                        class=\"property-title\">Use:&nbsp;<\/span><span\n                                        class=\"property-desc line-limit-length\">Camping<\/span>\n                            <\/li>\n<li class=\"product-prop line-limit-length\"><span\n                                        class=\"property-title\">Input Power(W):&nbsp;<\/span><span\n                                        class=\"property-desc line-limit-length\">400-499 W<\/span>\n                            <\/li>\n<li class=\"product-prop line-limit-length\"><span\n                                        class=\"property-title\">Voice Control:&nbsp;<\/span><span\n                                        class=\"property-desc line-limit-length\">Tak<\/span>\n                            <\/li>\n<li class=\"product-prop line-limit-length\"><span\n                                        class=\"property-title\">Wodoodporny:&nbsp;<\/span><span\n                                        class=\"property-desc line-limit-length\">Tak<\/span>\n                            <\/li>\n<li class=\"product-prop line-limit-length\"><span\n                                        class=\"property-title\">Support APP:&nbsp;<\/span><span\n                                        class=\"property-desc line-limit-length\">Tak<\/span>\n                            <\/li>\n<li class=\"product-prop line-limit-length\"><span\n                                        class=\"property-title\">Inbox adaptor:&nbsp;<\/span><span\n                                        class=\"property-desc line-limit-length\">Tak<\/span>\n                            <\/li>\n<li class=\"product-prop line-limit-length\"><span\n                                        class=\"property-title\">Intelligent Personal Assistant:&nbsp;<\/span><span\n                                        class=\"property-desc line-limit-length\">Facebook&#039;s M<\/span>\n                            <\/li>\n<li class=\"product-prop line-limit-length\"><span\n                                        class=\"property-title\">Communication:&nbsp;<\/span><span\n                                        class=\"property-desc line-limit-length\">Induction,Optical Input,Coaxial Input,USB,bluetooth,Audio Line<\/span>\n                            <\/li>\n<li class=\"product-prop line-limit-length\"><span\n                                        class=\"property-title\">Speaker Type:&nbsp;<\/span><span\n                                        class=\"property-desc line-limit-length\">Portable<\/span>\n                            <\/li>\n<li class=\"product-prop line-limit-length\"><span\n                                        class=\"property-title\">\u0179r\u00f3d\u0142o zasilania:&nbsp;<\/span><span\n                                        class=\"property-desc line-limit-length\">AC<\/span>\n                            <\/li>\n<li class=\"product-prop line-limit-length\"><span\n                                        class=\"property-title\">VMay Monster:&nbsp;<\/span><span\n                                        class=\"property-desc line-limit-length\">Marka<\/span>\n                            <\/li>\n<li class=\"product-prop line-limit-length\"><span\n                                        class=\"property-title\">Typ:&nbsp;<\/span><span\n                                        class=\"property-desc line-limit-length\">Outdoor TV<\/span>\n                            <\/li>\n<li class=\"product-prop line-limit-length\"><span\n                                        class=\"property-title\">Model:&nbsp;<\/span><span\n                                        class=\"property-desc line-limit-length\">VMay<\/span>\n                            <\/li>\n<li class=\"product-prop line-limit-length\"><span\n                                        class=\"property-title\">Display Size:&nbsp;<\/span><span\n                                        class=\"property-desc line-limit-length\">15.6 Inches<\/span>\n                            <\/li>\n<li class=\"product-prop line-limit-length\"><span\n                                        class=\"property-title\">Poziom wodoodporno\u015bci:&nbsp;<\/span><span\n                                        class=\"property-desc line-limit-length\">IPX4<\/span>\n                            <\/li>\n<li class=\"product-prop line-limit-length\"><span\n                                        class=\"property-title\">Bluetooth Connection:&nbsp;<\/span><span\n                                        class=\"property-desc line-limit-length\">BT 5.3<\/span>\n                            <\/li>\n<\/ul><\/div>\n<div class=\"detailmodule_html\">\n<div class=\"detail-desc-decorate-richtext\">\n<p><span style=\"color:rgb(0, 0, 0);font-size:medium;font-family:&quot;Microsoft YaHei&quot;\"><strong><span style=\"font-size:24px\"><span style=\"font-family:&quot;times new roman&quot;, times, serif\">&gt;&gt;Najwa\u017cniejsze informacje<\/span><\/span><\/strong><\/span><\/p>\n<p><span style=\"font-size:18px;font-family:&quot;times new roman&quot;, times, serif\"><strong>Outdoor TV with Stunning Visuals &amp; Audio<\/strong><\/span><\/p>\n<p><span style=\"font-size:18px;font-family:&quot;times new roman&quot;, times, serif\"><br \/>The Monster VMay features a 15.6-inch Full HD screen and IPS panel,<br \/>Delivering lifelike images and smooth playback. Enhanced with 60W audio<br \/>Power, you can feel every sound, every whisper, and every explosion all<br \/>Around you. Get immersed in stunning visuals and powerful audio.<br \/>Experience an incredible outdoor viewing experience with the Monster<br \/>VMay TV.<\/p>\n<p><\/span><span style=\"font-size:18px;font-family:&quot;times new roman&quot;, times, serif\"><strong>Long Runtime &amp; IPX4 Waterproof Design for All-Day Fun Outdoors<\/strong><\/span><\/p>\n<p><span style=\"font-size:18px;font-family:&quot;times new roman&quot;, times, serif\"><br \/>With a 12V\/9A battery, the VMay TV supports 25 hours of audio playback or 8<br \/>Hours of video playback on a single charge, letting you experience<br \/>Non-stop entertainment. Its IPX4 water resistance enures that the rain<br \/>Won&#8217;t stop your music. Keep the fun going all day long!<\/p>\n<p><\/span><span style=\"font-size:18px;font-family:&quot;times new roman&quot;, times, serif\"><strong>Seamless Live Watching &amp; Screen Mirroring<\/strong><\/span><\/p>\n<p><span style=\"font-size:18px;font-family:&quot;times new roman&quot;, times, serif\"><br \/>The VMay allows you to watch exciting live sports events, online TV shows,<br \/>Movies, etc through the Fire TV Stick, Android TV Box or TV Tuner<br \/>Antenna. You can also unlock the magic of screen mirroring and<br \/>Experience a larger display on the TV. Don&#8217;t miss out on the action-<br \/>Start streaming today!<\/p>\n<p><\/span><span style=\"font-size:18px;font-family:&quot;times new roman&quot;, times, serif\"><strong>Rich Connectivity<\/strong><\/span><\/p>\n<p><span style=\"font-size:18px;font-family:&quot;times new roman&quot;, times, serif\"><br \/>This outdoor TV boasts Bluetooth 5.3 connection for flawless audio<br \/>Playback. With MIC and AUX 3.5mm inputs for singing and playing the<br \/>Guitar, two HDMI ports for crystal-clear video playback to 5V\/2.1A USB<br \/>Charging output and a USB-A port for USB stick reading and device<br \/>Charging, this TV is the ultimate entertainment hub for all your audio<br \/>And video desires!<\/p>\n<p><\/span><span style=\"font-size:18px;font-family:&quot;times new roman&quot;, times, serif\"><strong>Lightweight &amp; Portable<\/strong><\/span><\/p>\n<p><span style=\"font-size:18px;font-family:&quot;times new roman&quot;, times, serif\"><br \/>The Monster VMay TV is your ideal companion for outdoor entertainment,<br \/>Weighing just 7.912 kg with a secure anti-slip handle. Whether you&#8217;re<br \/>Camping or throwing a party, this portable TV ensures you never miss a<br \/>Moment of fun on the go.<\/span><\/p>\n<\/p>\n<p><span style=\"color:rgb(0, 0, 0);font-size:medium;font-family:&quot;Microsoft YaHei&quot;\"><strong><span style=\"font-size:24px\"><span style=\"font-family:&quot;times new roman&quot;, times, serif\">&gt;&gt;Specyfikacja<\/span><\/span><\/strong><\/span><\/p>\n<table style=\"border-collapse:collapse;font-family:&quot;Microsoft YaHei&quot;\" border=\"1\" cellpadding=\"8\">\n<tbody>\n<tr>\n<td style=\"font-size:14px;text-align:center\" width=\"114\" align=\"center\">\n<p><span style=\"font-size:18px;font-family:&quot;times new roman&quot;, times, serif\">Og\u00f3lny<\/span><\/p>\n<\/td>\n<td style=\"font-size:14px;text-align:center\" width=\"509\" align=\"center\">\n<p><span style=\"font-size:18px;font-family:&quot;times new roman&quot;, times, serif\">Brand: Monster<br \/>Type: Outdoor TV<br \/>Model: VMay<br \/>Color: Black and Army Green<\/span><\/p>\n<\/td>\n<\/tr>\n<tr>\n<td style=\"font-size:14px;text-align:center\" width=\"114\" align=\"center\">\n<p><span style=\"font-size:18px;font-family:&quot;times new roman&quot;, times, serif\">Podstawowa specyfikacja<\/span><\/p>\n<\/td>\n<td style=\"font-size:14px;text-align:center\" width=\"509\" align=\"center\">\n<p><span style=\"font-size:18px;font-family:&quot;times new roman&quot;, times, serif\">Display Size: 15.6 Inches<br \/>Panel Type: IPS<br \/>Aspect Ratio: 16:9<br \/>Maximum Resolution: 1920&#215;1080<br \/>Pixel Pitch: 0.17925(H) x 0.17925(V)<br \/>Pixel Configuration: Vertical RGB Stripe<br \/>Display Surface: Anti-glare<br \/>Materials: Metal and Plastic<br \/>Poziom wodoodporno\u015bci: IPX4<br \/>Bluetooth Connection: BT 5.3<br \/>Speaker Output: 60W<br \/>Speaker Drivers: 3 \u201dFull Range<br \/>Frequency Response: 40Hz-20KHz<\/span><\/p>\n<\/td>\n<\/tr>\n<tr>\n<td style=\"font-size:14px;text-align:center\" width=\"114\" align=\"center\">\n<p><span style=\"font-size:18px;font-family:&quot;times new roman&quot;, times, serif\">Interfaces<\/span><\/p>\n<\/td>\n<td style=\"font-size:14px;text-align:center\" width=\"509\" align=\"center\">\n<p><span style=\"font-size:18px;font-family:&quot;times new roman&quot;, times, serif\">2 x HDMI<br \/>1 x USB Output (5V 2.1A)<br \/>1 x USB-A<br \/>1 x Aux (3.5mm)<br \/>1 x Mic\/Guitar Input (6.35mm)<br \/>1 x TV Antenna Port<br \/>1 x AC Input<br \/>1 x DC Input<\/span><\/p>\n<\/td>\n<\/tr>\n<tr>\n<td style=\"font-size:14px;text-align:center\" width=\"114\" align=\"center\">\n<p><span style=\"font-size:18px;font-family:&quot;times new roman&quot;, times, serif\">Funkcja<\/span><\/p>\n<\/td>\n<td style=\"font-size:14px;text-align:center\" width=\"509\" align=\"center\">\n<p><span style=\"font-size:18px;font-family:&quot;times new roman&quot;, times, serif\">FM Radio: Support<br \/>Microphone: Support<br \/>Guitar: Support<\/span><\/p>\n<\/td>\n<\/tr>\n<tr>\n<td style=\"font-size:14px;text-align:center\" width=\"114\" align=\"center\">\n<p><span style=\"font-size:18px;font-family:&quot;times new roman&quot;, times, serif\">Power &amp; Battery<\/span><\/p>\n<\/td>\n<td style=\"font-size:14px;text-align:center\" width=\"509\" align=\"center\">\n<p><span style=\"font-size:18px;font-family:&quot;times new roman&quot;, times, serif\">Power Input: AC 120V-240V<br \/>Power Consumption: 0.561<br \/>Battery: 12V, 9A<br \/>Charging Time: Approx. 6 Hours<br \/>Runtime: 25 Hours (Audio Only), 8 Hours (Video &amp; Audio)<br \/>Standby Time: 15 Minutes<\/span><\/p>\n<\/td>\n<\/tr>\n<tr>\n<td style=\"font-size:14px;text-align:center\" width=\"114\" align=\"center\">\n<p><span style=\"font-size:18px;font-family:&quot;times new roman&quot;, times, serif\">Waga i rozmiar<\/span><\/p>\n<\/td>\n<td style=\"font-size:14px;text-align:center\" width=\"509\" align=\"center\">\n<p><span style=\"font-size:18px;font-family:&quot;times new roman&quot;, times, serif\">Product Weight: 7.912 kg<br \/>Package Weight: 10.5 kg<br \/>Product Size (L x W x H): 452&#215;230.5x476mm<br \/>Package Size (L x W x H): 505x286x526mm<\/span><\/p>\n<\/td>\n<\/tr>\n<\/tbody>\n<\/table>\n<p style=\"line-height:inherit;margin:0px;margin-bottom:0px;margin-top:0px;margin-left:0px;margin-right:0px;padding:0px;padding-bottom:0px;padding-top:0px;padding-left:0px;padding-right:0px;box-sizing:border-box\"><span style=\"color:rgb(0, 0, 0);font-size:medium;font-family:&quot;Microsoft YaHei&quot;\"><strong><span style=\"font-size:24px\"><span style=\"font-family:&quot;times new roman&quot;, times, serif\">&gt;&gt;Zdj\u0119cia i opisy produkt\u00f3w<\/span><\/span><\/strong><\/span><\/p>\n<p style=\"line-height:inherit;margin:0px;margin-bottom:0px;margin-top:0px;margin-left:0px;margin-right:0px;padding:0px;padding-bottom:0px;padding-top:0px;padding-left:0px;padding-right:0px;box-sizing:border-box\"><img decoding=\"async\" src=\"https:\/\/ae01.alicdn.com\/kf\/Sf56cde8be645441fabf49d6bef37bb36B.jpg\" slate-data-type=\"image\" \/><img decoding=\"async\" src=\"https:\/\/ae01.alicdn.com\/kf\/S72164c2ef8ff4dcea624089af2793152t.jpg\" slate-data-type=\"image\" \/><img decoding=\"async\" src=\"https:\/\/ae01.alicdn.com\/kf\/S8c08e88f4c694b0f88b98f96a6247ac9j.jpg\" slate-data-type=\"image\" \/><br \/><img decoding=\"async\" style=\"font-family:&quot;Open Sans&quot;, sans-serif, Arial, Helvetica;margin:0px;margin-bottom:0px;margin-top:0px;margin-left:0px;margin-right:0px;padding:0px;padding-bottom:0px;padding-top:0px;padding-left:0px;padding-right:0px;display:inherit;width:1000px;height:auto\" class=\"lazy_img\" width=\"1000px\" height=\"auto\" src=\"https:\/\/img.gkbcdn.com\/d\/202406\/20591bb1-0e84-4a75-babe-a6f9cdaa27a2._p1_.jpg\" slate-data-type=\"image\" \/><img decoding=\"async\" src=\"https:\/\/ae01.alicdn.com\/kf\/Sbdf1db4301024348aa2b30bbbaaf8e075.jpg\" slate-data-type=\"image\" \/><\/p>\n<p style=\"font-family:&quot;Open Sans&quot;, sans-serif, Arial, Helvetica;font-size:14px;font-weight:400;letter-spacing:normal;line-height:22px;text-align:start;white-space:normal;color:rgb(46, 47, 50);background-color:rgb(255, 255, 255);margin:0px 0px 10px;margin-bottom:10px;margin-top:0px;margin-left:0px;margin-right:0px;padding:0px;padding-bottom:0px;padding-top:0px;padding-left:0px;padding-right:0px;max-width:1000px\" align=\"start\"><img decoding=\"async\" style=\"font-family:&quot;Open Sans&quot;, sans-serif, Arial, Helvetica;margin:0px;margin-bottom:0px;margin-top:0px;margin-left:0px;margin-right:0px;padding:0px;padding-bottom:0px;padding-top:0px;padding-left:0px;padding-right:0px;display:inherit;width:1000px;height:auto\" class=\"lazy_img\" width=\"1000px\" height=\"auto\" src=\"https:\/\/img.gkbcdn.com\/d\/202406\/36d30518-4b1d-4e12-bf62-f9ca70d45c1e._p1_.jpg\" slate-data-type=\"image\" \/><img decoding=\"async\" style=\"font-family:&quot;Open Sans&quot;, sans-serif, Arial, Helvetica;margin:0px;margin-bottom:0px;margin-top:0px;margin-left:0px;margin-right:0px;padding:0px;padding-bottom:0px;padding-top:0px;padding-left:0px;padding-right:0px;display:inherit;width:1000px;height:auto\" class=\"lazy_img\" width=\"1000px\" height=\"auto\" src=\"https:\/\/img.gkbcdn.com\/d\/202406\/6c488cf2-7fc8-41d8-9160-fdd9277bb7d8._p1_.jpg\" slate-data-type=\"image\" \/><img decoding=\"async\" style=\"font-family:&quot;Open Sans&quot;, sans-serif, Arial, Helvetica;margin:0px;margin-bottom:0px;margin-top:0px;margin-left:0px;margin-right:0px;padding:0px;padding-bottom:0px;padding-top:0px;padding-left:0px;padding-right:0px;display:inherit;width:1000px;height:auto\" class=\"lazy_img\" width=\"1000px\" height=\"auto\" src=\"https:\/\/img.gkbcdn.com\/d\/202406\/7329aa21-36a2-4bf3-8bd3-c685768225e4._p1_.jpg\" slate-data-type=\"image\" \/><img decoding=\"async\" style=\"font-family:&quot;Open Sans&quot;, sans-serif, Arial, Helvetica;margin:0px;margin-bottom:0px;margin-top:0px;margin-left:0px;margin-right:0px;padding:0px;padding-bottom:0px;padding-top:0px;padding-left:0px;padding-right:0px;display:inherit;width:1000px;height:auto\" class=\"lazy_img\" width=\"1000px\" height=\"auto\" src=\"https:\/\/img.gkbcdn.com\/d\/202406\/2ab058b5-c749-4758-b644-24db1fb64a08._p1_.jpg\" slate-data-type=\"image\" \/><img decoding=\"async\" style=\"font-family:&quot;Open Sans&quot;, sans-serif, Arial, Helvetica;margin:0px;margin-bottom:0px;margin-top:0px;margin-left:0px;margin-right:0px;padding:0px;padding-bottom:0px;padding-top:0px;padding-left:0px;padding-right:0px;display:inherit;width:1000px;height:auto\" class=\"lazy_img\" width=\"1000px\" height=\"auto\" src=\"https:\/\/img.gkbcdn.com\/d\/202406\/Monster-Vision156-Bluetooth-Speaker-with-Built-in-LCD-TV-524897-0._p1_.jpg\" slate-data-type=\"image\" \/><img decoding=\"async\" style=\"font-family:&quot;Open Sans&quot;, sans-serif, Arial, Helvetica;margin:0px;margin-bottom:0px;margin-top:0px;margin-left:0px;margin-right:0px;padding:0px;padding-bottom:0px;padding-top:0px;padding-left:0px;padding-right:0px;display:inherit;width:1000px;height:auto\" class=\"lazy_img\" width=\"1000px\" height=\"auto\" src=\"https:\/\/img.gkbcdn.com\/d\/202406\/Monster-Vision156-Bluetooth-Speaker-with-Built-in-LCD-TV-524897-1._p1_.jpg\" slate-data-type=\"image\" \/><img decoding=\"async\" style=\"font-family:&quot;Open Sans&quot;, sans-serif, Arial, Helvetica;margin:0px;margin-bottom:0px;margin-top:0px;margin-left:0px;margin-right:0px;padding:0px;padding-bottom:0px;padding-top:0px;padding-left:0px;padding-right:0px;display:inherit;width:1000px;height:auto\" class=\"lazy_img\" width=\"1000px\" height=\"auto\" src=\"https:\/\/img.gkbcdn.com\/d\/202406\/Monster-Vision156-Bluetooth-Speaker-with-Built-in-LCD-TV-524897-2._p1_.jpg\" slate-data-type=\"image\" \/><\/p>\n<p><\/div>\n<\/div>","protected":false},"excerpt":{"rendered":"<p>Input\/Output:&nbsp;Aux Sound Mode:&nbsp;Hi-Res Sound Mode,3D Surround Sound Mode,Immersive Sound Mode,Stereo Sound Mode,Smart Sound Mode,Live Sound Mode,Extra Bass Mode,Transparency Mode,Sleeping Mode,Standard Mode,3EQ Modes Category:&nbsp;Speakers Use:&nbsp;Camping Input Power(W):&nbsp;400-499 W Voice Control:&nbsp;Yes Waterproof:&nbsp;Yes<\/p>","protected":false},"featured_media":21780,"comment_status":"open","ping_status":"closed","template":"","meta":{"_acf_changed":false},"product_brand":[],"product_cat":[515],"product_tag":[],"class_list":{"0":"post-21779","1":"product","2":"type-product","3":"status-publish","4":"has-post-thumbnail","6":"product_cat-portable-power-stations","8":"first","9":"instock","10":"shipping-taxable","11":"purchasable","12":"product-type-simple"},"acf":[],"_links":{"self":[{"href":"https:\/\/electricstore.eu\/pl\/wp-json\/wp\/v2\/product\/21779","targetHints":{"allow":["GET"]}}],"collection":[{"href":"https:\/\/electricstore.eu\/pl\/wp-json\/wp\/v2\/product"}],"about":[{"href":"https:\/\/electricstore.eu\/pl\/wp-json\/wp\/v2\/types\/product"}],"replies":[{"embeddable":true,"href":"https:\/\/electricstore.eu\/pl\/wp-json\/wp\/v2\/comments?post=21779"}],"wp:featuredmedia":[{"embeddable":true,"href":"https:\/\/electricstore.eu\/pl\/wp-json\/wp\/v2\/media\/21780"}],"wp:attachment":[{"href":"https:\/\/electricstore.eu\/pl\/wp-json\/wp\/v2\/media?parent=21779"}],"wp:term":[{"taxonomy":"product_brand","embeddable":true,"href":"https:\/\/electricstore.eu\/pl\/wp-json\/wp\/v2\/product_brand?post=21779"},{"taxonomy":"product_cat","embeddable":true,"href":"https:\/\/electricstore.eu\/pl\/wp-json\/wp\/v2\/product_cat?post=21779"},{"taxonomy":"product_tag","embeddable":true,"href":"https:\/\/electricstore.eu\/pl\/wp-json\/wp\/v2\/product_tag?post=21779"}],"curies":[{"name":"wp","href":"https:\/\/api.w.org\/{rel}","templated":true}]}}