{"id":21638,"date":"2025-05-20T18:20:36","date_gmt":"2025-05-20T18:20:36","guid":{"rendered":"https:\/\/electricstore.eu\/p\/uncategorized\/touroll-b1-electric-bike-25km-h-250w-45nm-torque-36v-15-6ah-90km-range-7-speed-shimano-gear-electric-bicycles\/"},"modified":"2025-05-20T18:20:42","modified_gmt":"2025-05-20T18:20:42","slug":"touroll-b1-electric-bike-25km-h-250w-45nm-torque-36v-15-6ah-90km-range-7-speed-shimano-gear-electric-bicycles","status":"publish","type":"product","link":"https:\/\/electricstore.eu\/pl\/p\/bikes\/touroll-b1-electric-bike-25km-h-250w-45nm-torque-36v-15-6ah-90km-range-7-speed-shimano-gear-electric-bicycles\/","title":{"rendered":"Rower elektryczny Tourol B1 25 km\/h 250 W, moment obrotowy 45 Nm, 36 V, 15,6 Ah, zasi\u0119g 90 km, 7-biegowa przek\u0142adnia Shimano, rowery elektryczne"},"content":{"rendered":"<div class=\"product-specs-list-container\">\n<ul class=\"product-specs-list util-clearfix\">\n<li class=\"product-prop line-limit-length\"><span\n                                        class=\"property-title\">Rodzaje zawieszenia roweru:&nbsp;<\/span><span\n                                        class=\"property-desc line-limit-length\">Silny<\/span>\n                            <\/li>\n<li class=\"product-prop line-limit-length\"><span\n                                        class=\"property-title\">Uk\u0142ad hamulcowy:&nbsp;<\/span><span\n                                        class=\"property-desc line-limit-length\">Przedni i tylny mechaniczny hamulec tarczowy<\/span>\n                            <\/li>\n<li class=\"product-prop line-limit-length\"><span\n                                        class=\"property-title\">Rozmiar ko\u0142a:&nbsp;<\/span><span\n                                        class=\"property-desc line-limit-length\">26&quot;<\/span>\n                            <\/li>\n<li class=\"product-prop line-limit-length\"><span\n                                        class=\"property-title\">Marka:&nbsp;<\/span><span\n                                        class=\"property-desc line-limit-length\">Turowa<\/span>\n                            <\/li>\n<li class=\"product-prop line-limit-length\"><span\n                                        class=\"property-title\">Nazwa:&nbsp;<\/span><span\n                                        class=\"property-desc line-limit-length\">Breezi<\/span>\n                            <\/li>\n<li class=\"product-prop line-limit-length\"><span\n                                        class=\"property-title\">Model:&nbsp;<\/span><span\n                                        class=\"property-desc line-limit-length\">B1<\/span>\n                            <\/li>\n<li class=\"product-prop line-limit-length\"><span\n                                        class=\"property-title\">Maksymalny zasi\u0119g:&nbsp;<\/span><span\n                                        class=\"property-desc line-limit-length\">90 km (tryb wspomagania)<\/span>\n                            <\/li>\n<li class=\"product-prop line-limit-length\"><span\n                                        class=\"property-title\">Rozmiar po roz\u0142o\u017ceniu:&nbsp;<\/span><span\n                                        class=\"property-desc line-limit-length\">1915x640x1200mm<\/span>\n                            <\/li>\n<li class=\"product-prop line-limit-length\"><span\n                                        class=\"property-title\">Rozmiar ramki:&nbsp;<\/span><span\n                                        class=\"property-desc line-limit-length\">26&quot;x18&quot;<\/span>\n                            <\/li>\n<li class=\"product-prop line-limit-length\"><span\n                                        class=\"property-title\">Maksymalne obci\u0105\u017cenie roweru:&nbsp;<\/span><span\n                                        class=\"property-desc line-limit-length\">120kg<\/span>\n                            <\/li>\n<li class=\"product-prop line-limit-length\"><span\n                                        class=\"property-title\">Pr\u0119dko\u015b\u0107 odci\u0119cia:&nbsp;<\/span><span\n                                        class=\"property-desc line-limit-length\">25 km\/h<\/span>\n                            <\/li>\n<\/ul><\/div>\n<p style=\"font-family:&quot;Noto Sans SC&quot;;font-size:medium;font-weight:400;letter-spacing:normal;text-align:start;white-space:normal;color:rgb(0, 0, 0)\" align=\"start\"><span style=\"font-size:x-large\">Przegl\u0105d najwa\u017cniejszych wydarze\u0144<\/span><\/p>\n<p><\/p>\n<p style=\"font-family:&quot;Noto Sans SC&quot;;font-size:medium;font-weight:400;letter-spacing:normal;text-align:start;white-space:normal;color:rgb(0, 0, 0)\" align=\"start\"><strong>Mocny silnik<br \/><\/strong>Tourol B1 jest wyposa\u017cony w mocny silnik bezszczotkowy o mocy 250 W, kt\u00f3ry generuje moment obrotowy 45 Nm i mo\u017ce osi\u0105gn\u0105\u0107 pr\u0119dko\u015b\u0107 maksymaln\u0105 25 km\/h. Dzi\u0119ki temu mocnemu silnikowi jazda na rowerze staje si\u0119 jeszcze bardziej ekscytuj\u0105ca.<\/p>\n<p><strong>90 KM rozszerzony zasi\u0119g<br \/><\/strong>Dzi\u0119ki wyjmowanemu akumulatorowi o pojemno\u015bci 15,6 Ah i maksymalnemu zasi\u0119gowi 90 km rower elektryczny Tourol B1 zaspokoi wszystkie Twoje potrzeby zwi\u0105zane z jazd\u0105, od codziennych dojazd\u00f3w do pracy po jednodniowe wycieczki.<\/p>\n<p><strong>Stabilna jazda i p\u0142ynna zmiana bieg\u00f3w w 7-biegowej skrzyni bieg\u00f3w<br \/><\/strong>Wyposa\u017cony w wysokiej jako\u015bci pneumatyczne opony gumowe o wymiarach 26&quot; x 1,95&quot; i niezawodne zawieszenie, rower elektryczny B1 oferuje lepsz\u0105 przyczepno\u015b\u0107 i stabilno\u015b\u0107. 7-biegowy system zmiany bieg\u00f3w Shimano zapewnia szeroki wyb\u00f3r prze\u0142o\u017ce\u0144, pozwalaj\u0105cy dostosowa\u0107 si\u0119 do r\u00f3\u017cnych warunk\u00f3w jazdy.<\/p>\n<p><strong>5 poziom\u00f3w wspomagania i sterowanie LED<br \/><\/strong>Rower elektryczny B1 oferuje 5 poziom\u00f3w wspomagania peda\u0142owania, w tym 12, 15, 18, 21 i 25 km\/h, a tak\u017ce tryb chodzenia z pr\u0119dko\u015bci\u0105 6 km\/h, co pozwala na personalizacj\u0119 jazdy. B\u0105d\u017a na bie\u017c\u0105co dzi\u0119ki wska\u017anikom LED wy\u015bwietlaj\u0105cym bieg i poziom mocy, wzbogacaj\u0105c Twoje wra\u017cenia z jazdy.<\/p>\n<p><strong>\u015awiat\u0142a bezpiecze\u0144stwa StVZO i regulowany wspornik<br \/><\/strong>Lampy bezpiecze\u0144stwa z certyfikatem StVZO gwarantuj\u0105 widoczno\u015b\u0107 i bezpiecze\u0144stwo w warunkach s\u0142abego o\u015bwietlenia, a jednocze\u015bnie zapobiegaj\u0105 o\u015blepianiu, zapewniaj\u0105c bezpiecze\u0144stwo innym przechodniom. Te ekologiczne lampy spe\u0142niaj\u0105 rygorystyczne normy niemieckich przepis\u00f3w drogowych. Ergonomiczna konstrukcja ramy i regulowany wspornik kierownicy gwarantuj\u0105 wygodn\u0105 pozycj\u0119 podczas jazdy.<\/p>\n<p><strong>Wygodne przechowywanie i solidne b\u0142otniki<br \/><\/strong>Tylny baga\u017cnik z \u0142atwo\u015bci\u0105 pomie\u015bci plecak i najpotrzebniejsze rzeczy, zwi\u0119kszaj\u0105c wygod\u0119 jazdy. Przednie i tylne b\u0142otniki chroni\u0105 przed wod\u0105 i b\u0142otem, dzi\u0119ki czemu rower elektryczny B1 jest idealnym towarzyszem na co dzie\u0144!<\/p>\n<p><\/p>\n<h2 style=\"font-family:&quot;Noto Sans SC&quot;;font-size:14px;letter-spacing:normal;text-align:start;white-space:normal;color:rgb(0, 0, 0);margin:10px 0px;margin-bottom:10px;margin-top:10px;margin-left:0px;margin-right:0px;padding:0px;padding-bottom:0px;padding-top:0px;padding-left:0px;padding-right:0px\" align=\"start\">Specyfikacja<\/h2>\n<p><\/p>\n<table style=\"border-collapse:collapse;font-family:&quot;Noto Sans SC&quot;;width:2016.8px\" border=\"1\" cellpadding=\"8\">\n<tbody>\n<tr>\n<td style=\"width:552.225px;height:54px\" width=\"28.2200%\">\n<p>Og\u00f3lny<\/p>\n<\/td>\n<td style=\"width:1430.18px;height:54px\" width=\"71.7600%\">\n<p>Marka: Tourol<br \/>Imi\u0119: Breezi<br \/>Model: B1\u00a0<br \/>Kolor: niebieski<\/p>\n<\/td>\n<\/tr>\n<tr>\n<td style=\"width:552.225px;height:54px\" width=\"28.2200%\">\n<p>Podstawowa specyfikacja<\/p>\n<\/td>\n<td style=\"width:1430.18px;height:54px\" width=\"71.7600%\">\n<p>Waga netto: 27,1 kg<br \/>Rozmiar po roz\u0142o\u017ceniu: 1915x640x1200mm<br \/>Rozmiar ramki: 26&quot;x18&quot;<br \/>D\u0142ugo\u015b\u0107 kierownicy: 630 mm (24,8 cala)<br \/>Zalecany wzrost je\u017ad\u017aca: 155-195 cm (oko\u0142o 5&#039; 1&quot;-6&#039; 5&quot;)<br \/>Maksymalne obci\u0105\u017cenie roweru: 120 kg<br \/>Pr\u0119dko\u015b\u0107 graniczna: 25 km\/h<br \/>Maksymalny zasi\u0119g: 90 km (tryb wspomagania)<br \/>Poziomy wspomagania peda\u0142owania: 12\/15\/18\/21\/25 km\/h<br \/>Tryb spacerowy: 6 km\/h<br \/>Poziom wodoodporno\u015bci: IPX4<br \/>Materia\u0142: STL<br \/>Uk\u0142ad hamulcowy: mechaniczny hamulec tarczowy i hamulec r\u0119czny<br \/>Zawieszenie: Amortyzator mechaniczny<br \/>Skok zawieszenia: 80 mm<\/p>\n<\/td>\n<\/tr>\n<tr>\n<td style=\"width:552.225px;height:76px\" width=\"28.2200%\">\n<p>Silnik<\/p>\n<\/td>\n<td style=\"width:1430.18px;height:76px\" width=\"71.7600%\">\n<p>Moc znamionowa\/napi\u0119cie: 250 W \/ 36 V<br \/>Maksymalny moment obrotowy wyj\u015bciowy: 45 Nm<\/p>\n<\/td>\n<\/tr>\n<tr>\n<td style=\"width:552.225px;height:76px\" width=\"28.2200%\">\n<p>Przerzutka<\/p>\n<\/td>\n<td style=\"width:1430.18px;height:76px\" width=\"71.7600%\">\n<p>Marka: Shimano<br \/>Ilo\u015b\u0107 bieg\u00f3w: 7 (ty\u0142)<\/p>\n<\/td>\n<\/tr>\n<tr>\n<td style=\"width:552.225px;height:144px\" width=\"28.2200%\">\n<p>Bateria<\/p>\n<\/td>\n<td style=\"width:1430.18px;height:144px\" width=\"71.7600%\">\n<p>Pojemno\u015b\u0107: 15,6 Ah<br \/>Napi\u0119cie znamionowe: 36V<br \/>Czas \u0142adowania: 6-8 godz.<br \/>Pojemno\u015b\u0107 baterii: 561,6 Wh<br \/>System ochrony: Tak<\/p>\n<\/td>\n<\/tr>\n<tr>\n<td style=\"width:552.225px;height:121px\" width=\"28.2200%\">\n<p>Rumak<\/p>\n<\/td>\n<td style=\"width:1430.18px;height:121px\" width=\"71.7600%\">\n<p>Napi\u0119cie wej\u015bciowe: 100-240 V<br \/>Pr\u0105d wej\u015bciowy: 2,0 A (maks.)<br \/>Napi\u0119cie wyj\u015bciowe: 42 V<br \/>Pr\u0105d wyj\u015bciowy: 2,0 A, 84 W<\/p>\n<\/td>\n<\/tr>\n<tr>\n<td style=\"width:552.225px;height:121px\" width=\"28.2200%\">\n<p>Opony<\/p>\n<\/td>\n<td style=\"width:1430.18px;height:121px\" width=\"71.7600%\">\n<p>Rozmiar: 26&quot; x 1,95<br \/>Typ: Opony pneumatyczne gumowe<br \/>Ci\u015bnienie w oponach: 40~65 PSI<br \/>Najlepsze ci\u015bnienie w oponach: 50~55 PSI<\/p>\n<\/td>\n<\/tr>\n<tr>\n<td style=\"width:552.225px;height:236px\" width=\"28.2200%\">\n<p>Instrument<\/p>\n<\/td>\n<td style=\"width:1430.18px;height:236px\" width=\"71.7600%\">\n<div><\/div>\n<p>Typ: LED<br \/>Informacje: Poziom wspomagania, Poziom na\u0142adowania akumulatora<br \/>Funkcje: W\u0142\u0105czanie\/wy\u0142\u0105czanie zasilania, W\u0142\u0105czanie\/wy\u0142\u0105czanie \u015bwiate\u0142, Poziomy wspomagania zmiany bieg\u00f3w, Aktywacja trybu chodzenia 6 km\/h<\/p>\n<div>\n<\/div>\n<\/td>\n<\/tr>\n<tr>\n<td style=\"width:552.225px;height:76px\" width=\"28.2200%\">\n<p>Pakiet<\/p>\n<\/td>\n<td style=\"width:1430.18px;height:76px\" width=\"71.7600%\">\n<p>Rozmiar: 1570x230x725mm<br \/>Masa brutto: 33 kg<\/p>\n<\/td>\n<\/tr>\n<tr>\n<td style=\"width:552.225px;height:300px\" width=\"28.2200%\">\n<p>Lista pakiet\u00f3w<\/p>\n<\/td>\n<td style=\"width:1430.18px;height:300px\" width=\"71.7600%\">\n<p>Rower elektryczny x 1<br \/>Peda\u0142 x 2 (lewy i prawy)<br \/>Odblask szprychowy x 4<br \/>Instrukcja obs\u0142ugi x 1<br \/>Zestaw narz\u0119dzi x 1<br \/>Odblask tylny x 1<br \/>\u0141adowarka x 1<br \/>Klucz x 2<br \/>Reflektor x 1<br \/>Tylny baga\u017cnik z tylnym \u015bwiat\u0142em x 1<br \/>B\u0142otnik x 2 (prz\u00f3d i ty\u0142)<br \/>Instrument x 1<\/p>\n<\/td>\n<\/tr>\n<tr>\n<td style=\"width:1999.2px;height:76px\" width=\"100.0000%\" colspan=\"2\">\n<p>Uwaga: maksymalny zasi\u0119g osi\u0105gany jest w nast\u0119puj\u0105cych warunkach: obci\u0105\u017cenie 75 kg, temperatura 26\u2103, sta\u0142a pr\u0119dko\u015b\u0107 15 km\/h, p\u0142askie drogi, bez silnego wiatru.<\/p>\n<\/td>\n<\/tr>\n<\/tbody>\n<\/table>\n<p><img decoding=\"async\" src=\"https:\/\/ae01.alicdn.com\/kf\/Sacb221025d5c4bcda86dc94d8f37b324W.jpeg\" slate-data-type=\"image\"\/><img decoding=\"async\" src=\"https:\/\/ae01.alicdn.com\/kf\/S9596e18d960d48479c4f4e9a3ffeb049f.jpeg\" slate-data-type=\"image\"\/><img decoding=\"async\" src=\"https:\/\/ae01.alicdn.com\/kf\/S660009c0ada347988150726edef22ce76.jpeg\" slate-data-type=\"image\"\/><img decoding=\"async\" src=\"https:\/\/ae01.alicdn.com\/kf\/Sb6f534591c2149d5a7638d5e44578a21v.jpeg\" slate-data-type=\"image\"\/><img decoding=\"async\" src=\"https:\/\/ae01.alicdn.com\/kf\/S7dc6c4c1267c4898b77cd157fd8d0990S.jpeg\" slate-data-type=\"image\"\/><img decoding=\"async\" src=\"https:\/\/ae01.alicdn.com\/kf\/Se22bbb4a65eb4dbbabf11095bb76a9d10.jpeg\" slate-data-type=\"image\"\/><img decoding=\"async\" src=\"https:\/\/ae01.alicdn.com\/kf\/Sa26f49ba35234222ba431820aeed971bH.jpeg\" slate-data-type=\"image\"\/><img decoding=\"async\" src=\"https:\/\/ae01.alicdn.com\/kf\/S604cc70ef65c4e48bd2c429c7217d9977.jpeg\" slate-data-type=\"image\"\/><img decoding=\"async\" src=\"https:\/\/ae01.alicdn.com\/kf\/S66fe9259c214459ca5e048ad2d80035a7.jpeg\" slate-data-type=\"image\"\/><img decoding=\"async\" src=\"https:\/\/ae01.alicdn.com\/kf\/S564c658fb4834bfabaac14e85adb3d1dd.jpeg\" slate-data-type=\"image\"\/><img decoding=\"async\" src=\"https:\/\/ae01.alicdn.com\/kf\/S94a42c25af234d628c53bffe33706888R.jpeg\" slate-data-type=\"image\"\/><img decoding=\"async\" src=\"https:\/\/ae01.alicdn.com\/kf\/S99f4e9db87044853bee76be1ec30e7b4w.jpeg\" slate-data-type=\"image\"\/><img decoding=\"async\" src=\"https:\/\/ae01.alicdn.com\/kf\/S701c77a3ae3a467fbd1bc1fe7d9f93f6N.jpeg\" slate-data-type=\"image\"\/><\/p>","protected":false},"excerpt":{"rendered":"<p>Bike Suspension Types:&nbsp;Sturdy Braking System:&nbsp;Front and Rear Mechanical Disc Brake Wheel Size:&nbsp;26&quot; Brand:&nbsp;Touroll Name:&nbsp;Breezi Model:&nbsp;B1 Max Range:&nbsp;90km (Assist Mode) Unfolded Size:&nbsp;1915x640x1200mm Size of Frame:&nbsp;26&quot;x18&quot; Max Load of Bike:&nbsp;120kg Cut-off Speed:&nbsp;25km\/h<\/p>","protected":false},"featured_media":21641,"comment_status":"open","ping_status":"closed","template":"","meta":{"_acf_changed":false},"product_brand":[],"product_cat":[230],"product_tag":[],"class_list":{"0":"post-21638","1":"product","2":"type-product","3":"status-publish","4":"has-post-thumbnail","6":"product_cat-bikes","8":"first","9":"instock","10":"shipping-taxable","11":"purchasable","12":"product-type-simple"},"acf":[],"_links":{"self":[{"href":"https:\/\/electricstore.eu\/pl\/wp-json\/wp\/v2\/product\/21638","targetHints":{"allow":["GET"]}}],"collection":[{"href":"https:\/\/electricstore.eu\/pl\/wp-json\/wp\/v2\/product"}],"about":[{"href":"https:\/\/electricstore.eu\/pl\/wp-json\/wp\/v2\/types\/product"}],"replies":[{"embeddable":true,"href":"https:\/\/electricstore.eu\/pl\/wp-json\/wp\/v2\/comments?post=21638"}],"wp:featuredmedia":[{"embeddable":true,"href":"https:\/\/electricstore.eu\/pl\/wp-json\/wp\/v2\/media\/21641"}],"wp:attachment":[{"href":"https:\/\/electricstore.eu\/pl\/wp-json\/wp\/v2\/media?parent=21638"}],"wp:term":[{"taxonomy":"product_brand","embeddable":true,"href":"https:\/\/electricstore.eu\/pl\/wp-json\/wp\/v2\/product_brand?post=21638"},{"taxonomy":"product_cat","embeddable":true,"href":"https:\/\/electricstore.eu\/pl\/wp-json\/wp\/v2\/product_cat?post=21638"},{"taxonomy":"product_tag","embeddable":true,"href":"https:\/\/electricstore.eu\/pl\/wp-json\/wp\/v2\/product_tag?post=21638"}],"curies":[{"name":"wp","href":"https:\/\/api.w.org\/{rel}","templated":true}]}}