{"id":21621,"date":"2025-05-20T18:20:28","date_gmt":"2025-05-20T18:20:28","guid":{"rendered":"https:\/\/electricstore.eu\/p\/uncategorized\/eleglide-mopride-3-adult-electric-bike-250w-48v-12ah-upgraded-version-29-mountain-urban-bicycle-hydraulic-disc-brake-e-brake\/"},"modified":"2025-05-20T18:20:28","modified_gmt":"2025-05-20T18:20:28","slug":"eleglide-mopride-3-adult-electric-bike-250w-48v-12ah-upgraded-version-29-mountain-urban-bicycle-hydraulic-disc-brake-e-brake","status":"publish","type":"product","link":"https:\/\/electricstore.eu\/pl\/p\/bikes\/eleglide-mopride-3-adult-electric-bike-250w-48v-12ah-upgraded-version-29-mountain-urban-bicycle-hydraulic-disc-brake-e-brake\/","title":{"rendered":"Rower elektryczny dla doros\u0142ych Eleglide Mopride 3 250 W 48 V 12 Ah, ulepszona wersja, 29-calowy rower g\u00f3rski miejski, hydrauliczny hamulec tarczowy i hamulec r\u0119czny"},"content":{"rendered":"<div class=\"product-specs-list-container\">\n<ul class=\"product-specs-list util-clearfix\">\n<li class=\"product-prop line-limit-length\"><span\n                                        class=\"property-title\">Rodzaje zawieszenia roweru:&nbsp;<\/span><span\n                                        class=\"property-desc line-limit-length\">Silny<\/span>\n                            <\/li>\n<li class=\"product-prop line-limit-length\"><span\n                                        class=\"property-title\">Uk\u0142ad hamulcowy:&nbsp;<\/span><span\n                                        class=\"property-desc line-limit-length\">Przedni i tylny mechaniczny hamulec tarczowy<\/span>\n                            <\/li>\n<li class=\"product-prop line-limit-length\"><span\n                                        class=\"property-title\">Rozmiar ko\u0142a:&nbsp;<\/span><span\n                                        class=\"property-desc line-limit-length\">29&#039;&#039;<\/span>\n                            <\/li>\n<li class=\"product-prop line-limit-length\"><span\n                                        class=\"property-title\">Marka:&nbsp;<\/span><span\n                                        class=\"property-desc line-limit-length\">Eleglide<\/span>\n                            <\/li>\n<li class=\"product-prop line-limit-length\"><span\n                                        class=\"property-title\">Model:&nbsp;<\/span><span\n                                        class=\"property-desc line-limit-length\">Mopride 3<\/span>\n                            <\/li>\n<li class=\"product-prop line-limit-length\"><span\n                                        class=\"property-title\">Rozmiar po roz\u0142o\u017ceniu:&nbsp;<\/span><span\n                                        class=\"property-desc line-limit-length\">1900x730x1100mm<\/span>\n                            <\/li>\n<li class=\"product-prop line-limit-length\"><span\n                                        class=\"property-title\">Rozmiar ramki:&nbsp;<\/span><span\n                                        class=\"property-desc line-limit-length\">29&quot; x 19&quot;<\/span>\n                            <\/li>\n<li class=\"product-prop line-limit-length\"><span\n                                        class=\"property-title\">Maksymalne obci\u0105\u017cenie roweru:&nbsp;<\/span><span\n                                        class=\"property-desc line-limit-length\">120kg<\/span>\n                            <\/li>\n<li class=\"product-prop line-limit-length\"><span\n                                        class=\"property-title\">Pr\u0119dko\u015b\u0107 odci\u0119cia:&nbsp;<\/span><span\n                                        class=\"property-desc line-limit-length\">25 km\/h<\/span>\n                            <\/li>\n<li class=\"product-prop line-limit-length\"><span\n                                        class=\"property-title\">Maksymalny zasi\u0119g:&nbsp;<\/span><span\n                                        class=\"property-desc line-limit-length\">120 km (tryb wspomagania)<\/span>\n                            <\/li>\n<li class=\"product-prop line-limit-length\"><span\n                                        class=\"property-title\">Moc znamionowa\/napi\u0119cie:&nbsp;<\/span><span\n                                        class=\"property-desc line-limit-length\">250 W\/48 V<\/span>\n                            <\/li>\n<li class=\"product-prop line-limit-length\"><span\n                                        class=\"property-title\">Rozmiar:&nbsp;<\/span><span\n                                        class=\"property-desc line-limit-length\">29&quot;x2,4&quot;<\/span>\n                            <\/li>\n<li class=\"product-prop line-limit-length\"><span\n                                        class=\"property-title\">Czas \u0142adowania:&nbsp;<\/span><span\n                                        class=\"property-desc line-limit-length\">6 godzin<\/span>\n                            <\/li>\n<\/ul><\/div>\n<p style=\"font-family:&quot;Noto Sans SC&quot;;font-size:medium;font-weight:400;letter-spacing:normal;text-align:start;white-space:normal;color:rgb(0, 0, 0)\" align=\"start\"><span style=\"font-size:x-large\">Przegl\u0105d najwa\u017cniejszych wydarze\u0144<\/span><\/p>\n<p><\/p>\n<p style=\"font-family:&quot;Noto Sans SC&quot;;font-size:medium;font-weight:400;letter-spacing:normal;text-align:start;white-space:normal;color:rgb(0, 0, 0)\" align=\"start\"><strong>Stabilno\u015b\u0107 w ka\u017cdym terenie<br \/><\/strong>Rower elektryczny Mopride 3 zosta\u0142 stworzony z my\u015bl\u0105 o przygodach. Wyposa\u017cony w sportow\u0105 ram\u0119 i opony g\u00f3rskie 29\u201d\u00d72,4\u201d, zaprojektowane specjalnie z my\u015bl\u0105 o g\u00f3rskich szlakach i trudnym terenie, zapewnia dynamiczn\u0105 i ekscytuj\u0105c\u0105 jazd\u0119. Ponadto rower wyposa\u017cony jest w zawieszenie o skoku 80 mm z blokad\u0105, kt\u00f3re amortyzuje wstrz\u0105sy i poprawia stabilno\u015b\u0107 przodu, zapewniaj\u0105c optymaln\u0105 wydajno\u015b\u0107 jazdy w ka\u017cdym terenie. W po\u0142\u0105czeniu z ko\u0142ami 29-calowymi, rower idealnie nadaje si\u0119 dla os\u00f3b o wzro\u015bcie powy\u017cej 175 cm (5&#039;8&quot;), oferuj\u0105c komfortow\u0105 i kontrolowan\u0105 jazd\u0119, kt\u00f3ra idealnie dopasowuje si\u0119 zar\u00f3wno do konstrukcji roweru, jak i potrzeb u\u017cytkownika.<strong><\/p>\n<p>Hydrauliczne hamulce tarczowe dla wi\u0119kszego bezpiecze\u0144stwa<br \/><\/strong>Wyposa\u017cony w hydrauliczne hamulce tarczowe, Mopride 3 zapewnia mocn\u0105 i stabiln\u0105 si\u0142\u0119 hamowania, co przek\u0142ada si\u0119 na p\u0142ynne i efektywne hamowanie. Droga hamowania jest o 30% kr\u00f3tsza ni\u017c w przypadku mechanicznych hamulc\u00f3w tarczowych, co sprawia, \u017ce jazda w terenie jest bezpieczniejsza i bardziej niezawodna.<strong><\/p>\n<p>D\u0142ugotrwa\u0142a bateria na d\u0142u\u017csze przygody<br \/><\/strong>Rower elektryczny jest wyposa\u017cony w akumulator o du\u017cej pojemno\u015bci 576 Wh, zapewniaj\u0105cy imponuj\u0105cy zasi\u0119g ponad 100 km na jednym \u0142adowaniu \u2013 idealny do dalekich wypraw. Od\u0142\u0105czany akumulator zapewnia bezproblemowe \u0142adowanie, dzi\u0119ki czemu jazda jest nieprzerwana i gotowa do dzia\u0142ania. Na jeszcze wi\u0119ksze przygody mo\u017cna dokupi\u0107 dodatkowy akumulator, kt\u00f3ry zwi\u0119kszy zasi\u0119g, pozwalaj\u0105c na dalsze podr\u00f3\u017ce i odkrywanie nowych miejsc bez ogranicze\u0144.<strong><\/p>\n<p>Mocna i p\u0142ynna jazda<br \/><\/strong>Silnik 48 V zapewnia moc szczytow\u0105 250 W i maksymalny moment obrotowy 50 Nm, oferuj\u0105c solidn\u0105 wydajno\u015b\u0107 podczas podjazd\u00f3w i du\u017cych obci\u0105\u017ce\u0144 (do 120 kg). Dzi\u0119ki precyzyjnemu czujnikowi kadencji z 12 magnesami i 5 poziomami wspomagania peda\u0142owania (12\/15\/18\/21\/25 km\/h) oraz 7-biegowej przerzutce Shimano, rower elektryczny Mopride 3 zapewnia p\u0142ynne i responsywne wspomaganie peda\u0142owania, przesy\u0142aj\u0105c sygna\u0142y 12 razy na rund\u0119, dzi\u0119ki czemu ka\u017cda jazda jest bezwysi\u0142kowa i przyjemna.<strong><\/p>\n<p>Ulepszona funkcja SafeNight Riding oraz inteligentny wy\u015bwietlacz LCD i sterowanie aplikacj\u0105<br \/><\/strong>Wyposa\u017cony w przednie \u015bwiat\u0142a przednie i tylne z certyfikatem StVZO, ten rower elektryczny zapewnia doskona\u0142\u0105 widoczno\u015b\u0107 i bezpiecze\u0144stwo w warunkach s\u0142abego o\u015bwietlenia. Ekran LCD wy\u015bwietla wyra\u017ane i \u0142atwe do odczytania informacje, informuj\u0105c Ci\u0119 na bie\u017c\u0105co o przebiegu jazdy. Dodatkowo, mo\u017cesz sterowa\u0107 rowerem za pomoc\u0105 aplikacji Eleglide w telefonie. Ta inteligentna aplikacja umo\u017cliwia aktywacj\u0119 dodatkowych funkcji, takich jak blokowanie roweru, ustawianie has\u0142a i regulacja czasu wygaszania ekranu, pomagaj\u0105c Ci w pe\u0142ni wykorzysta\u0107 jazd\u0119.<\/p>\n<p><\/p>\n<h2 style=\"font-family:&quot;Noto Sans SC&quot;;font-size:14px;letter-spacing:normal;text-align:start;white-space:normal;color:rgb(0, 0, 0);margin:10px 0px;margin-bottom:10px;margin-top:10px;margin-left:0px;margin-right:0px;padding:0px;padding-bottom:0px;padding-top:0px;padding-left:0px;padding-right:0px\" align=\"start\">Specyfikacja<\/h2>\n<p><\/p>\n<table style=\"border-collapse:collapse;font-family:&quot;Noto Sans SC&quot;\" border=\"1\" cellpadding=\"8\">\n<tbody>\n<tr>\n<td style=\"width:101px\" width=\"101\">\n<p>Og\u00f3lny<\/p>\n<\/td>\n<td style=\"width:445px\" width=\"445\">\n<p>Marka: Eleglide<br \/>Model: Mopride 3<br \/>Kolor: ciemnoniebieski<\/p>\n<\/td>\n<\/tr>\n<tr>\n<td style=\"width:101px\" width=\"101\">\n<p>Specyfikacja podstawowa<\/p>\n<\/td>\n<td style=\"width:445px\" width=\"445\">\n<p>Waga netto: 27 kg<br \/>Rozmiar po roz\u0142o\u017ceniu: 1900x730x1100mm<br \/>Rozmiar ramki: 29&quot; x 19&quot;<br \/>Szeroko\u015b\u0107 kierownicy: 720 mm<br \/>Zalecany wzrost je\u017ad\u017aca: 165-200 cm (5&#039; 5&quot;-6&#039; 7&quot;)<br \/>Maksymalne obci\u0105\u017cenie roweru: 120 kg<br \/>Pr\u0119dko\u015b\u0107 graniczna: 25 km\/h<br \/>Maksymalny zasi\u0119g: 120 km (tryb wspomagania)<br \/>Poziomy PAS: 12\/15\/18\/21\/25 km\/h (poziomy 1-5)<br \/>Tryb spacerowy: 6 km\/h<br \/>Poziom wodoodporno\u015bci: IPX4<br \/>Materia\u0142: stop aluminium<br \/>Uk\u0142ad hamulcowy: hydrauliczny hamulec tarczowy i hamulec r\u0119czny<br \/>Zawieszenie: Zawieszenie z blokad\u0105<br \/>Skok zawieszenia: 80 mm<\/p>\n<\/td>\n<\/tr>\n<tr>\n<td style=\"width:101px\" width=\"101\">\n<p>Silnik<\/p>\n<\/td>\n<td style=\"width:445px\" width=\"445\">\n<p>Moc znamionowa\/napi\u0119cie: 250 W\/48 V<br \/>Maksymalny moment obrotowy wyj\u015bciowy: 50 Nm<\/p>\n<\/td>\n<\/tr>\n<tr>\n<td style=\"width:101px\" width=\"101\">\n<p>Przerzutka<\/p>\n<\/td>\n<td style=\"width:445px\" width=\"445\">\n<p>Marka: Shimano<br \/>Ilo\u015b\u0107 bieg\u00f3w: 7 (ty\u0142)<\/p>\n<\/td>\n<\/tr>\n<tr>\n<td style=\"width:101px\" width=\"101\">\n<p>Bateria<\/p>\n<\/td>\n<td style=\"width:445px\" width=\"445\">\n<p>Pojemno\u015b\u0107: 12Ah<br \/>Napi\u0119cie: 48V<br \/>Czas \u0142adowania: 6 godz.<br \/>Pojemno\u015b\u0107 baterii: 576 Wh<br \/>System ochrony: Tak<\/p>\n<\/td>\n<\/tr>\n<tr>\n<td style=\"width:101px\" width=\"101\">\n<p>Opony<\/p>\n<\/td>\n<td style=\"width:445px\" width=\"445\">\n<p>Rozmiar: 29&quot;x2,4&quot;<br \/>Typ, Materia\u0142: Opony pneumatyczne gumowe<br \/>Ci\u015bnienie w oponach: 30-45 PSI<br \/>Najlepsze ci\u015bnienie w oponach: 30\u201340 PSI<\/p>\n<\/td>\n<\/tr>\n<tr>\n<td style=\"width:101px\" width=\"101\">\n<p>Wy\u015bwietlacz<\/p>\n<\/td>\n<td style=\"width:445px\" width=\"445\">\n<p>Rozmiar: 2,6&quot;<br \/>Typ: LCD<br \/>Informacje: pr\u0119dko\u015b\u0107 w czasie rzeczywistym, poziom wspomagania, poziom na\u0142adowania baterii, tryb chodzenia, dystans podr\u00f3\u017cy<br \/>Funkcje: w\u0142\u0105czanie\/wy\u0142\u0105czanie zasilania, w\u0142\u0105czanie\/wy\u0142\u0105czanie \u015bwiate\u0142, zmiana poziom\u00f3w wspomagania zmiany bieg\u00f3w, aktywacja trybu chodzenia itp.<\/p>\n<\/td>\n<\/tr>\n<tr>\n<td style=\"width:101px\" width=\"101\">\n<p>Aplikacja<\/p>\n<\/td>\n<td style=\"width:445px\" width=\"445\">\n<p>Imi\u0119: Eleglide<br \/>Obs\u0142uga systemu: iOS (11.0+), Android (5.0+)<br \/>Funkcje: w\u0142\u0105czanie\/wy\u0142\u0105czanie \u015bwiat\u0142a, zmiana poziom\u00f3w wspomagania, blokowanie\/odblokowywanie roweru, ustawianie has\u0142a, regulacja jasno\u015bci ekranu itp.<\/p>\n<\/td>\n<\/tr>\n<tr>\n<td style=\"width:101px\" width=\"101\">\n<p>Pakiet<\/p>\n<\/td>\n<td style=\"width:445px\" width=\"445\">\n<p>Rozmiar: 160x25x85CM<br \/>Waga brutto: 34 kg<\/p>\n<\/td>\n<\/tr>\n<tr>\n<td style=\"width:101px\" width=\"101\">\n<p>Lista pakiet\u00f3w<\/p>\n<\/td>\n<td style=\"width:445px\" width=\"445\">\n<p>1 x Eleglide Pedelec<br \/>1 x Instrukcja obs\u0142ugi<br \/>1 x \u0142adowarka<br \/>2 x peda\u0142 (lewy i prawy)<br \/>1 x zestaw narz\u0119dzi<br \/>2 x klucz<br \/>2 x Odblask na szprychy<br \/>1 x \u015bwiat\u0142o tylne<br \/>1 x reflektor<\/p>\n<\/td>\n<\/tr>\n<tr>\n<td style=\"width:546px\" width=\"546\" colspan=\"2\">\n<p>Uwaga: maksymalny zasi\u0119g osi\u0105gany jest w nast\u0119puj\u0105cych warunkach: pe\u0142ne na\u0142adowanie, obci\u0105\u017cenie 75 kg, temperatura 26\u2103, sta\u0142a pr\u0119dko\u015b\u0107 15 km\/h, p\u0142askie drogi, bez silnego wiatru.<\/p>\n<\/td>\n<\/tr>\n<\/tbody>\n<\/table>\n<p><img decoding=\"async\" src=\"https:\/\/ae01.alicdn.com\/kf\/S7bc2ed964b234e2fa9ce5453c4dfa6200.jpeg\" slate-data-type=\"image\"\/><img decoding=\"async\" src=\"https:\/\/ae01.alicdn.com\/kf\/Sec283ba7e4ad4a4a8de849c8a8aae46aH.jpeg\" slate-data-type=\"image\"\/><img decoding=\"async\" src=\"https:\/\/ae01.alicdn.com\/kf\/Sadf576ce75c84fc586048eda58bfef30T.jpeg\" slate-data-type=\"image\"\/><img decoding=\"async\" src=\"https:\/\/ae01.alicdn.com\/kf\/S240a102db5fd4dcaa5e30a23e4155834Z.jpeg\" slate-data-type=\"image\"\/><img decoding=\"async\" src=\"https:\/\/ae01.alicdn.com\/kf\/Sa6ca59e260b148aeaef79f8c8859a565y.jpeg\" slate-data-type=\"image\"\/><img decoding=\"async\" src=\"https:\/\/ae01.alicdn.com\/kf\/S4fbe2eec7f41492b94cb5299f46a05b5J.jpeg\" slate-data-type=\"image\"\/><img decoding=\"async\" src=\"https:\/\/ae01.alicdn.com\/kf\/Sce1cc0ff380c490a986e0772c9583694D.jpeg\" slate-data-type=\"image\"\/><img decoding=\"async\" src=\"https:\/\/ae01.alicdn.com\/kf\/Sb4d04d20b79e4f2b9a5add6797b4ed23O.jpeg\" slate-data-type=\"image\"\/><img decoding=\"async\" src=\"https:\/\/ae01.alicdn.com\/kf\/Sddf190946d38475ea785e830a77e0930d.jpeg\" slate-data-type=\"image\"\/><img decoding=\"async\" src=\"https:\/\/ae01.alicdn.com\/kf\/S2d04a6352c424d7ba3ef7ed7d513b095i.jpeg\" slate-data-type=\"image\"\/><img decoding=\"async\" src=\"https:\/\/ae01.alicdn.com\/kf\/S43bc04fd4597488aa1d5dfab66be0c0aA.jpeg\" slate-data-type=\"image\"\/><img decoding=\"async\" src=\"https:\/\/ae01.alicdn.com\/kf\/Sff0847cce8954985af76d5e682a834a03.jpeg\" slate-data-type=\"image\"\/><img decoding=\"async\" src=\"https:\/\/ae01.alicdn.com\/kf\/S970e886ba1064ea4b0a1ffd2845e2e22k.jpeg\" slate-data-type=\"image\"\/><img decoding=\"async\" src=\"https:\/\/ae01.alicdn.com\/kf\/Sfd56423e04aa43d3ac2891b3a2dbbab1h.jpeg\" slate-data-type=\"image\"\/><img decoding=\"async\" src=\"https:\/\/ae01.alicdn.com\/kf\/S67ec5fb6a17e42b288e46af3ce0ca18eW.jpeg\" slate-data-type=\"image\"\/><\/p>","protected":false},"excerpt":{"rendered":"<p>Bike Suspension Types:&nbsp;Sturdy Braking System:&nbsp;Front and Rear Mechanical Disc Brake Wheel Size:&nbsp;29&#039;&#039; Brand:&nbsp;Eleglide Model:&nbsp;Mopride 3 Unfolded Size:&nbsp;1900x730x1100mm Size of Frame:&nbsp;29&quot; x 19&quot; Max Load of Bike:&nbsp;120kg Cut-off Speed:&nbsp;25km\/h Max Range:&nbsp;120km<\/p>","protected":false},"featured_media":21623,"comment_status":"open","ping_status":"closed","template":"","meta":{"_acf_changed":false},"product_brand":[],"product_cat":[230],"product_tag":[],"class_list":{"0":"post-21621","1":"product","2":"type-product","3":"status-publish","4":"has-post-thumbnail","6":"product_cat-bikes","8":"first","9":"instock","10":"shipping-taxable","11":"purchasable","12":"product-type-simple"},"acf":[],"_links":{"self":[{"href":"https:\/\/electricstore.eu\/pl\/wp-json\/wp\/v2\/product\/21621","targetHints":{"allow":["GET"]}}],"collection":[{"href":"https:\/\/electricstore.eu\/pl\/wp-json\/wp\/v2\/product"}],"about":[{"href":"https:\/\/electricstore.eu\/pl\/wp-json\/wp\/v2\/types\/product"}],"replies":[{"embeddable":true,"href":"https:\/\/electricstore.eu\/pl\/wp-json\/wp\/v2\/comments?post=21621"}],"wp:featuredmedia":[{"embeddable":true,"href":"https:\/\/electricstore.eu\/pl\/wp-json\/wp\/v2\/media\/21623"}],"wp:attachment":[{"href":"https:\/\/electricstore.eu\/pl\/wp-json\/wp\/v2\/media?parent=21621"}],"wp:term":[{"taxonomy":"product_brand","embeddable":true,"href":"https:\/\/electricstore.eu\/pl\/wp-json\/wp\/v2\/product_brand?post=21621"},{"taxonomy":"product_cat","embeddable":true,"href":"https:\/\/electricstore.eu\/pl\/wp-json\/wp\/v2\/product_cat?post=21621"},{"taxonomy":"product_tag","embeddable":true,"href":"https:\/\/electricstore.eu\/pl\/wp-json\/wp\/v2\/product_tag?post=21621"}],"curies":[{"name":"wp","href":"https:\/\/api.w.org\/{rel}","templated":true}]}}