{"id":21590,"date":"2025-05-20T18:20:09","date_gmt":"2025-05-20T18:20:09","guid":{"rendered":"https:\/\/electricstore.eu\/p\/uncategorized\/eleglide-c1-27-5-adult-electric-bike-150km-range-250w-mid-drive-motor-16v-14-5ah-battery-electric-road-bikes-electric-bicycle\/"},"modified":"2025-05-20T18:20:14","modified_gmt":"2025-05-20T18:20:14","slug":"eleglide-c1-27-5-adult-electric-bike-150km-range-250w-mid-drive-motor-16v-14-5ah-battery-electric-road-bikes-electric-bicycle","status":"publish","type":"product","link":"https:\/\/electricstore.eu\/pl\/p\/bikes\/eleglide-c1-27-5-adult-electric-bike-150km-range-250w-mid-drive-motor-16v-14-5ah-battery-electric-road-bikes-electric-bicycle\/","title":{"rendered":"Rower elektryczny Eleglide C1 27,5\u2033 dla doros\u0142ych, zasi\u0119g 150 km, silnik 250 W, akumulator 16 V, 14,5 Ah, elektryczny rower szosowy, rower elektryczny"},"content":{"rendered":"<div class=\"product-specs-list-container\">\n<ul class=\"product-specs-list util-clearfix\">\n<li class=\"product-prop line-limit-length\"><span\n                                        class=\"property-title\">Rodzaje zawieszenia roweru:&nbsp;<\/span><span\n                                        class=\"property-desc line-limit-length\">Silny<\/span>\n                            <\/li>\n<li class=\"product-prop line-limit-length\"><span\n                                        class=\"property-title\">Uk\u0142ad hamulcowy:&nbsp;<\/span><span\n                                        class=\"property-desc line-limit-length\">Przedni i tylny mechaniczny hamulec tarczowy<\/span>\n                            <\/li>\n<li class=\"product-prop line-limit-length\"><span\n                                        class=\"property-title\">Rozmiar ko\u0142a:&nbsp;<\/span><span\n                                        class=\"property-desc line-limit-length\">27.5&#039;&#039;<\/span>\n                            <\/li>\n<li class=\"product-prop line-limit-length\"><span\n                                        class=\"property-title\">Marka:&nbsp;<\/span><span\n                                        class=\"property-desc line-limit-length\">Eleglide<\/span>\n                            <\/li>\n<li class=\"product-prop line-limit-length\"><span\n                                        class=\"property-title\">Masa netto:&nbsp;<\/span><span\n                                        class=\"property-desc line-limit-length\">5,5 kg<\/span>\n                            <\/li>\n<li class=\"product-prop line-limit-length\"><span\n                                        class=\"property-title\">Rozmiar ramki:&nbsp;<\/span><span\n                                        class=\"property-desc line-limit-length\">27,5&quot; x 19&quot;<\/span>\n                            <\/li>\n<li class=\"product-prop line-limit-length\"><span\n                                        class=\"property-title\">Maksymalne obci\u0105\u017cenie roweru:&nbsp;<\/span><span\n                                        class=\"property-desc line-limit-length\">120kg<\/span>\n                            <\/li>\n<li class=\"product-prop line-limit-length\"><span\n                                        class=\"property-title\">Pr\u0119dko\u015b\u0107 odci\u0119cia:&nbsp;<\/span><span\n                                        class=\"property-desc line-limit-length\">25 km\/h<\/span>\n                            <\/li>\n<li class=\"product-prop line-limit-length\"><span\n                                        class=\"property-title\">Maksymalny zasi\u0119g:&nbsp;<\/span><span\n                                        class=\"property-desc line-limit-length\">150 km (tryb wspomagania)<\/span>\n                            <\/li>\n<li class=\"product-prop line-limit-length\"><span\n                                        class=\"property-title\">Tryb chodzenia:&nbsp;<\/span><span\n                                        class=\"property-desc line-limit-length\">6 km\/h<\/span>\n                            <\/li>\n<li class=\"product-prop line-limit-length\"><span\n                                        class=\"property-title\">Napi\u0119cie znamionowe:&nbsp;<\/span><span\n                                        class=\"property-desc line-limit-length\">36V<\/span>\n                            <\/li>\n<li class=\"product-prop line-limit-length\"><span\n                                        class=\"property-title\">Cechy 01:&nbsp;<\/span><span\n                                        class=\"property-desc line-limit-length\">Rower elektryczny<\/span>\n                            <\/li>\n<li class=\"product-prop line-limit-length\"><span\n                                        class=\"property-title\">Cechy 02:&nbsp;<\/span><span\n                                        class=\"property-desc line-limit-length\">Rowery elektryczne<\/span>\n                            <\/li>\n<li class=\"product-prop line-limit-length\"><span\n                                        class=\"property-title\">Cechy 03:&nbsp;<\/span><span\n                                        class=\"property-desc line-limit-length\">Oferta Rower\u00f3w Elektrycznych<\/span>\n                            <\/li>\n<li class=\"product-prop line-limit-length\"><span\n                                        class=\"property-title\">Cechy 04:&nbsp;<\/span><span\n                                        class=\"property-desc line-limit-length\">Rowery elektryczne dla doros\u0142ych<\/span>\n                            <\/li>\n<li class=\"product-prop line-limit-length\"><span\n                                        class=\"property-title\">Cechy 05:&nbsp;<\/span><span\n                                        class=\"property-desc line-limit-length\">Rower sk\u0142adany<\/span>\n                            <\/li>\n<li class=\"product-prop line-limit-length\"><span\n                                        class=\"property-title\">Cechy 06:&nbsp;<\/span><span\n                                        class=\"property-desc line-limit-length\">Rowery elektryczne dla doros\u0142ych<\/span>\n                            <\/li>\n<li class=\"product-prop line-limit-length\"><span\n                                        class=\"property-title\">Cechy 07:&nbsp;<\/span><span\n                                        class=\"property-desc line-limit-length\">Rower elektryczny<\/span>\n                            <\/li>\n<li class=\"product-prop line-limit-length\"><span\n                                        class=\"property-title\">Cechy 09:&nbsp;<\/span><span\n                                        class=\"property-desc line-limit-length\">Tanie rowery<\/span>\n                            <\/li>\n<\/ul><\/div>\n<p><\/p>\n<p style=\"font-family:&quot;Microsoft YaHei&quot;;font-size:medium;font-weight:400;letter-spacing:normal;text-align:start;white-space:normal;color:rgb(0, 0, 0)\" align=\"start\"><span style=\"font-size:x-large\">Przegl\u0105d najwa\u017cniejszych wydarze\u0144<\/span><\/p>\n<p><\/p>\n<p style=\"font-family:&quot;Microsoft YaHei&quot;;font-size:medium;font-weight:400;letter-spacing:normal;text-align:start;white-space:normal;color:rgb(0, 0, 0)\" align=\"start\"><strong>Wydajny silnik \u015brodkowy<br \/><\/strong>Rower elektryczny C1 jest wyposa\u017cony w mocny, bezszczotkowy silnik umieszczony centralnie, kt\u00f3ry generuje moment obrotowy 70 Nm, maksymaln\u0105 moc chwilow\u0105 432 W i pr\u0119dko\u015b\u0107 maksymaln\u0105 25 km\/h. Wytrzyma\u0142y silnik umieszczony centralnie charakteryzuje si\u0119 ni\u017cszymi oporami toczenia i zapewnia bardziej efektywny rozk\u0142ad mocy, co przek\u0142ada si\u0119 na wi\u0119kszy zasi\u0119g i lepszy moment obrotowy podczas pokonywania wzniesie\u0144 i pokonywania zr\u00f3\u017cnicowanych teren\u00f3w.\u00a0<strong><\/p>\n<p>Du\u017cy<\/strong><strong><span>\u00a0<\/span><\/strong><strong>Wyjmowana bateria<br \/><\/strong>Dzi\u0119ki wymiennemu akumulatorowi litowo-jonowemu o mocy 522 Wh, rower elektryczny C1 bez problemu pokonuje 150 km (93,2 mil) na jednym \u0142adowaniu w trybie wspomagania, co w zupe\u0142no\u015bci wystarcza na codzienne dojazdy do pracy lub d\u0142ugodystansowe wyprawy rowerowe. Z rowerem C1 mo\u017cesz je\u017adzi\u0107 bez obaw o zasi\u0119g.<strong><br \/><\/strong><br \/><strong>Opony o szeroko\u015bci 27,5&quot; x 2,25&quot; i 7-biegowa przek\u0142adnia Shimano<br \/><\/strong>Dzi\u0119ki 27,5-calowym ko\u0142om rower elektryczny C1 z \u0142atwo\u015bci\u0105 i stabilno\u015bci\u0105 pokonuje przeszkody na szlaku. Szerokie, 2,25-calowe opony pneumatyczne zapewniaj\u0105 lepsz\u0105 amortyzacj\u0119 i lepsz\u0105 przyczepno\u015b\u0107, zapewniaj\u0105c p\u0142ynn\u0105 jazd\u0119 w zr\u00f3\u017cnicowanym terenie. Wyposa\u017cony w 7-biegow\u0105 profesjonaln\u0105 przerzutk\u0119 Shimano, rower pozwala cieszy\u0107 si\u0119 emocjami p\u0142ynnej zmiany pr\u0119dko\u015bci i z \u0142atwo\u015bci\u0105 pokonywa\u0107 drogi. Ciesz si\u0119 szybk\u0105, bezwysi\u0142kow\u0105 i przyjemn\u0105 jazd\u0105 z C1.<strong><br \/><\/strong><br \/><strong>Zawieszenie hydrauliczne<\/strong><strong><span>\u00a0<\/span><\/strong><strong>&amp;<\/strong><strong><span>\u00a0<\/span><\/strong><strong>Hydrauliczne hamulce tarczowe<br \/><\/strong>Zawieszenie hydrauliczne jest bardziej responsywne ni\u017c inne systemy zawieszenia, zapewniaj\u0105c p\u0142ynniejsz\u0105 i sztywniejsz\u0105 jazd\u0119. Dzi\u0119ki blokadzie zawieszenia mo\u017cna je zablokowa\u0107, aby przyspieszy\u0107 na p\u0142askich drogach, i odblokowa\u0107, aby zapewni\u0107 komfortow\u0105 jazd\u0119 na wyboistych drogach. Hydrauliczne hamulce tarczowe zapewniaj\u0105 lepsz\u0105 kontrol\u0119 i wi\u0119ksz\u0105 si\u0142\u0119 hamowania. Rozprowadzaj\u0105 ciep\u0142o bardziej r\u00f3wnomiernie i s\u0105 trwalsze ni\u017c tradycyjne hamulce mechaniczne, co pozwala na bezpieczniejsz\u0105 i bardziej wytrzyma\u0142\u0105 jazd\u0119.<strong><br \/><\/strong><br \/><strong>Inteligentne sterowanie LCD i<\/strong><strong><span>\u00a0<\/span><\/strong><strong>5<\/strong><strong><span>\u00a0<\/span><\/strong><strong>Poziomy pomocy<br \/><\/strong>C1 wyposa\u017cony jest w inteligentny wy\u015bwietlacz LCD, kt\u00f3ry na bie\u017c\u0105co wy\u015bwietla wa\u017cne dane, takie jak aktualna pr\u0119dko\u015b\u0107, przebyty dystans i poziom na\u0142adowania baterii. Umo\u017cliwia on tak\u017ce \u0142atwe prze\u0142\u0105czanie si\u0119 mi\u0119dzy 5 poziomami wspomagania peda\u0142owania, w tym 12, 15, 18, 21 i 25 km\/h, a tak\u017ce aktywacj\u0119 trybu marszu z pr\u0119dko\u015bci\u0105 6 km\/h i inne.<strong><br \/><\/strong><br \/><strong>Regulowany trzonek i lampa z certyfikatem StVZO<br \/><\/strong>Dzi\u0119ki regulowanemu mostkowi mo\u017cesz dostosowa\u0107 k\u0105t i wysoko\u015b\u0107 kierownicy, aby uzyska\u0107 najwygodniejsz\u0105 pozycj\u0119 podczas jazdy. Nasze o\u015bwietlenie rowerowe z certyfikatem StVZO zosta\u0142o zaprojektowane zgodnie z surowymi przepisami niemieckiego kodeksu drogowego (StVZO), a jego wi\u0105zka \u015bwiat\u0142a ma kszta\u0142t zapewniaj\u0105cy lepsz\u0105 widoczno\u015b\u0107 na drodze i zapobiegaj\u0105cy o\u015blepianiu innych u\u017cytkownik\u00f3w, co zwi\u0119ksza bezpiecze\u0144stwo na drogach dla wszystkich. Co wi\u0119cej, to o\u015bwietlenie rowerowe minimalizuje zanieczyszczenie \u015bwiat\u0142em, zapewniaj\u0105c rowerzystom bardziej niezawodne i przyjazne dla \u015brodowiska rozwi\u0105zanie o\u015bwietleniowe.<\/p>\n<p><\/p>\n<h2 style=\"font-family:&quot;Microsoft YaHei&quot;;font-size:14px;letter-spacing:normal;text-align:start;white-space:normal;color:rgb(0, 0, 0);margin:10px 0px;margin-bottom:10px;margin-top:10px;margin-left:0px;margin-right:0px;padding:0px;padding-bottom:0px;padding-top:0px;padding-left:0px;padding-right:0px\" align=\"start\">Specyfikacja<\/h2>\n<p><\/p>\n<table style=\"border-collapse:collapse;font-family:&quot;Microsoft YaHei&quot;\" border=\"1\" cellpadding=\"8\">\n<tbody>\n<tr>\n<td style=\"width:98px\" width=\"98\">\n<p>Og\u00f3lny<\/p>\n<\/td>\n<td style=\"width:458px\" width=\"458\">\n<p>Marka: Eleglide<br \/>Model: C1,C1 ST<br \/>Kolor: niebieski<\/p>\n<\/td>\n<\/tr>\n<tr>\n<td style=\"width:98px\" width=\"98\">\n<p>Podstawowa specyfikacja<\/p>\n<\/td>\n<td style=\"width:458px\" width=\"458\">\n<p>Waga netto: 25,5 kg<br \/>Rozmiar po roz\u0142o\u017ceniu: 1840x660x1170mm<br \/>Rozmiar ramki: 27,5&quot; x 19&quot;<br \/>D\u0142ugo\u015b\u0107 kierownicy: 660 mm (26 cali bez os\u0142on chwyt\u00f3w), 680 mm (26,8 cala z os\u0142onami chwyt\u00f3w)<br \/>Wysoko\u015b\u0107 siod\u0142a (od pod\u0142o\u017ca): 34,2&quot;-40,6&quot;<br \/>Zalecany wzrost je\u017ad\u017aca: 170-200 cm (oko\u0142o 5&#039; 7&quot;-6&#039; 7&quot;)<br \/>Maksymalne obci\u0105\u017cenie roweru: 120 kg<br \/>Pr\u0119dko\u015b\u0107 graniczna: 25 km\/h<br \/>Maksymalny zasi\u0119g: 150 km (tryb wspomagania)<br \/>Poziomy wspomagania peda\u0142owania: 12\/15\/18\/21\/25 km\/h<br \/>Tryb spacerowy: 6 km\/h<br \/>Stopie\u0144 wodoodporno\u015bci: IPX5<br \/>Materia\u0142: Stop aluminium (AL6061)<br \/>Uk\u0142ad hamulcowy: hydrauliczne hamulce tarczowe i konstrukcja z wy\u0142\u0105cznikiem zasilania<br \/>Zawieszenie: Zawieszenie hydrauliczne z blokad\u0105<\/p>\n<\/td>\n<\/tr>\n<tr>\n<td style=\"width:98px\" width=\"98\">\n<p>Silnik<\/p>\n<\/td>\n<td style=\"width:458px\" width=\"458\">\n<p>Typ: Silnik z nap\u0119dem \u015brodkowym<br \/>Napi\u0119cie znamionowe: 36V<br \/>Maksymalna moc chwilowa: 432 W<br \/>Maksymalne obroty: 114<br \/>Maksymalny moment obrotowy wyj\u015bciowy: 70 Nm<\/p>\n<\/td>\n<\/tr>\n<tr>\n<td style=\"width:98px\" width=\"98\">\n<p>Przerzutka<\/p>\n<\/td>\n<td style=\"width:458px\" width=\"458\">\n<p>Marka: Shimano<br \/>Liczba bieg\u00f3w: 7 (ty\u0142)<\/p>\n<\/td>\n<\/tr>\n<tr>\n<td style=\"width:98px\" width=\"98\">\n<p>Bateria<\/p>\n<\/td>\n<td style=\"width:458px\" width=\"458\">\n<p>Pojemno\u015b\u0107: 14,5 Ah<br \/>Napi\u0119cie: 36V<br \/>Czas \u0142adowania: 7,5 godz.<br \/>Pojemno\u015b\u0107 baterii: 522 Wh<br \/>System ochrony: Tak<\/p>\n<\/td>\n<\/tr>\n<tr>\n<td style=\"width:98px\" width=\"98\">\n<p>Rumak<\/p>\n<\/td>\n<td style=\"width:458px\" width=\"458\">\n<p>Wej\u015bcie: 100-240 V, \u22641,8 A<br \/>Wyj\u015bcie: 42V, 2A<\/p>\n<\/td>\n<\/tr>\n<tr>\n<td style=\"width:98px\" width=\"98\">\n<p>Opony<\/p>\n<\/td>\n<td style=\"width:458px\" width=\"458\">\n<p>Marka: CST<br \/>Rozmiar: 27,5&quot; x 2,25&quot;<br \/>Typ: Opony pneumatyczne gumowe<br \/>Ci\u015bnienie w oponach: 40-70PSI\u00a0<br \/>Najlepsze ci\u015bnienie w oponach: 55\u201360 PSI<\/p>\n<\/td>\n<\/tr>\n<tr>\n<td style=\"width:98px\" width=\"98\">\n<p>Wy\u015bwietlacz<\/p>\n<\/td>\n<td style=\"width:458px\" width=\"458\">\n<p>Rozmiar: 1,8&quot;<br \/>Typ: LCD<br \/>Informacje: Pr\u0119dko\u015b\u0107, Poziom na\u0142adowania akumulatora, Przebyty dystans\/licznik kilometr\u00f3w, Poziom wspomagania, Tryb chodzenia, \u015alad \u015bwietlny, \u015alad hamowania<br \/>Funkcje: w\u0142\u0105czanie\/wy\u0142\u0105czanie, w\u0142\u0105czanie\/wy\u0142\u0105czanie \u015bwiat\u0142a, zmiana poziom\u00f3w wspomagania, aktywacja trybu pieszego, usuwanie danych podr\u00f3\u017cy, ustawianie czasu wygaszania ekranu itp.<\/p>\n<\/td>\n<\/tr>\n<tr>\n<td style=\"width:98px\" width=\"98\">\n<p>Pakiet<\/p>\n<\/td>\n<td style=\"width:458px\" width=\"458\">\n<p>Rozmiar: 1590x250x800mm<br \/>Masa brutto: 30 kg<\/p>\n<\/td>\n<\/tr>\n<tr>\n<td style=\"width:98px\" width=\"98\">\n<p>Lista pakiet\u00f3w<\/p>\n<\/td>\n<td style=\"width:458px\" width=\"458\">\n<p>1 x rower elektryczny 1 x instrukcja obs\u0142ugi<br \/>1 x \u0142adowarka 2 x peda\u0142 (lewy i prawy)<br \/>1 x \u015bwiat\u0142o tylne 4 x odblask szprychowy<br \/>1 x reflektor 1 x siode\u0142ko<br \/>1 x wy\u015bwietlacz LCD 2 x klucz<br \/>1 x zestaw narz\u0119dzi<\/p>\n<\/td>\n<\/tr>\n<tr>\n<td style=\"width:556px\" width=\"556\" colspan=\"2\">\n<p>Uwaga: maksymalny zasi\u0119g osi\u0105gany jest w nast\u0119puj\u0105cych warunkach: obci\u0105\u017cenie 75 kg, temperatura 26\u2103, sta\u0142a pr\u0119dko\u015b\u0107 15 km\/h, p\u0142askie drogi, bez silnego wiatru.<\/p>\n<\/td>\n<\/tr>\n<\/tbody>\n<\/table>\n<p><img decoding=\"async\" src=\"https:\/\/ae01.alicdn.com\/kf\/Sa72b7df8047a4e3092fb426e8cd7b35bf.jpeg\" slate-data-type=\"image\"\/><img decoding=\"async\" src=\"https:\/\/ae01.alicdn.com\/kf\/Sfc8e54d455e64a12a078ce2bf264128f9.jpeg\" slate-data-type=\"image\"\/><img decoding=\"async\" src=\"https:\/\/ae01.alicdn.com\/kf\/Sccb04e8e7b27411db63c158cc6b6118bQ.jpeg\" slate-data-type=\"image\"\/><img decoding=\"async\" src=\"https:\/\/ae01.alicdn.com\/kf\/S69cfafd31ee140468ae93a0915796541Q.jpeg\" slate-data-type=\"image\"\/><img decoding=\"async\" src=\"https:\/\/ae01.alicdn.com\/kf\/Sefd98842256e4fe0915a9c77a5f8b497G.jpeg\" slate-data-type=\"image\"\/><img decoding=\"async\" src=\"https:\/\/ae01.alicdn.com\/kf\/S2ac5afee914a441eb50da2f224d55354Y.jpeg\" slate-data-type=\"image\"\/><img decoding=\"async\" src=\"https:\/\/ae01.alicdn.com\/kf\/S0f6c2b943b3c4dd283fc0172108dea97k.jpeg\" slate-data-type=\"image\"\/><img decoding=\"async\" src=\"https:\/\/ae01.alicdn.com\/kf\/S9c3e7819ba3f4a528b1a705f08f3b570p.jpeg\" slate-data-type=\"image\"\/><img decoding=\"async\" src=\"https:\/\/ae01.alicdn.com\/kf\/S1ab11ecd6e15417a998be932eb16c65cD.jpeg\" slate-data-type=\"image\"\/><img decoding=\"async\" src=\"https:\/\/ae01.alicdn.com\/kf\/S4fded29516e1435f828a510e1d6ec3e8w.jpeg\" slate-data-type=\"image\"\/><img decoding=\"async\" src=\"https:\/\/ae01.alicdn.com\/kf\/S9087bdc3dc3f4bdea4e8bdec4b011129J.jpeg\" slate-data-type=\"image\"\/><img decoding=\"async\" src=\"https:\/\/ae01.alicdn.com\/kf\/S616c60114d0f4b36bdd5e91bbdc82afex.jpeg\" slate-data-type=\"image\"\/><img decoding=\"async\" src=\"https:\/\/ae01.alicdn.com\/kf\/Sa8d8508ca02446a6bf11510fd5ec417ef.jpeg\" slate-data-type=\"image\"\/><img decoding=\"async\" src=\"https:\/\/ae01.alicdn.com\/kf\/Seb20199599334db68e8816da9a67d402c.jpeg\" slate-data-type=\"image\"\/><img decoding=\"async\" src=\"https:\/\/ae01.alicdn.com\/kf\/Sf21826452b5e4a19bdd8cd5171caa139i.jpeg\" slate-data-type=\"image\"\/><img decoding=\"async\" src=\"https:\/\/ae01.alicdn.com\/kf\/S91b676420049452d855855b3d8a7b3327.jpeg\" slate-data-type=\"image\"\/><\/p>","protected":false},"excerpt":{"rendered":"<p>Bike Suspension Types:&nbsp;Sturdy Braking System:&nbsp;Front and Rear Mechanical Disc Brake Wheel Size:&nbsp;27.5&#039;&#039; Brand:&nbsp;Eleglide Net Weight:&nbsp;5.5kg Size of Frame:&nbsp;27.5&quot; x 19&quot; Max Load of Bike:&nbsp;120kg Cut-off Speed:&nbsp;25km\/h Max Range:&nbsp;150km (Assist Mode)<\/p>","protected":false},"featured_media":21591,"comment_status":"open","ping_status":"closed","template":"","meta":{"_acf_changed":false},"product_brand":[],"product_cat":[230],"product_tag":[],"class_list":{"0":"post-21590","1":"product","2":"type-product","3":"status-publish","4":"has-post-thumbnail","6":"product_cat-bikes","8":"first","9":"instock","10":"shipping-taxable","11":"purchasable","12":"product-type-variable"},"acf":[],"_links":{"self":[{"href":"https:\/\/electricstore.eu\/pl\/wp-json\/wp\/v2\/product\/21590","targetHints":{"allow":["GET"]}}],"collection":[{"href":"https:\/\/electricstore.eu\/pl\/wp-json\/wp\/v2\/product"}],"about":[{"href":"https:\/\/electricstore.eu\/pl\/wp-json\/wp\/v2\/types\/product"}],"replies":[{"embeddable":true,"href":"https:\/\/electricstore.eu\/pl\/wp-json\/wp\/v2\/comments?post=21590"}],"wp:featuredmedia":[{"embeddable":true,"href":"https:\/\/electricstore.eu\/pl\/wp-json\/wp\/v2\/media\/21591"}],"wp:attachment":[{"href":"https:\/\/electricstore.eu\/pl\/wp-json\/wp\/v2\/media?parent=21590"}],"wp:term":[{"taxonomy":"product_brand","embeddable":true,"href":"https:\/\/electricstore.eu\/pl\/wp-json\/wp\/v2\/product_brand?post=21590"},{"taxonomy":"product_cat","embeddable":true,"href":"https:\/\/electricstore.eu\/pl\/wp-json\/wp\/v2\/product_cat?post=21590"},{"taxonomy":"product_tag","embeddable":true,"href":"https:\/\/electricstore.eu\/pl\/wp-json\/wp\/v2\/product_tag?post=21590"}],"curies":[{"name":"wp","href":"https:\/\/api.w.org\/{rel}","templated":true}]}}