{"id":2844,"date":"2016-03-24T12:57:35","date_gmt":"2016-03-24T12:57:35","guid":{"rendered":"https:\/\/electro.madrasthemes.com\/?page_id=2844"},"modified":"2016-03-24T12:57:35","modified_gmt":"2016-03-24T12:57:35","slug":"store-directory","status":"publish","type":"page","link":"https:\/\/electricstore.eu\/pl\/store-directory\/","title":{"rendered":"Store Directory"},"content":{"rendered":"<div class=\"electro-store-directory clearfix\">\n\t\t\t<hr class=\"no-margin\">\n\t\t\t<div class=\"widget woocommerce widget_product_categories\"><h2 class=\"widgettitle\">Kategoria produkt\u00f3w<\/h2><ul class=\"product-categories\"><li class=\"cat-item cat-item-525 cat-parent\"><a href=\"https:\/\/electricstore.eu\/pl\/c\/a\/\">Akcesoria<\/a><ul class='children'>\n<li class=\"cat-item cat-item-526\"><a href=\"https:\/\/electricstore.eu\/pl\/c\/a\/helmets\/\">Kaski<\/a><\/li>\n<\/ul>\n<\/li>\n<li class=\"cat-item cat-item-233 cat-parent\"><a href=\"https:\/\/electricstore.eu\/pl\/c\/batteries\/\">Baterie i \u0142adowanie<\/a><ul class='children'>\n<li class=\"cat-item cat-item-514\"><a href=\"https:\/\/electricstore.eu\/pl\/c\/batteries\/battery-cells\/\">Battery Cells<\/a><\/li>\n<li class=\"cat-item cat-item-516\"><a href=\"https:\/\/electricstore.eu\/pl\/c\/batteries\/battery-chargers\/\">Battery Chargers<\/a><\/li>\n<li class=\"cat-item cat-item-531\"><a href=\"https:\/\/electricstore.eu\/pl\/c\/batteries\/foldable-solar-panels\/\">Sk\u0142adane panele s\u0142oneczne<\/a><\/li>\n<li class=\"cat-item cat-item-527\"><a href=\"https:\/\/electricstore.eu\/pl\/c\/batteries\/jump-starter-compressor-power-banks\/\">Banki energii do rozruchu\/kompresora<\/a><\/li>\n<li class=\"cat-item cat-item-234 cat-parent\"><a href=\"https:\/\/electricstore.eu\/pl\/c\/batteries\/lifepo4-batteries\/\">Akumulatory LiFePO4<\/a>\t<ul class='children'>\n<li class=\"cat-item cat-item-236\"><a href=\"https:\/\/electricstore.eu\/pl\/c\/batteries\/lifepo4-batteries\/100ah\/\">-Akumulatory LiFePO4 100Ah<\/a><\/li>\n<li class=\"cat-item cat-item-237\"><a href=\"https:\/\/electricstore.eu\/pl\/c\/batteries\/lifepo4-batteries\/100-200ah-lifepo4-batteries\/\">Akumulatory LiFePO4 100-200Ah<\/a><\/li>\n<li class=\"cat-item cat-item-238\"><a href=\"https:\/\/electricstore.eu\/pl\/c\/batteries\/lifepo4-batteries\/200ah-lifepo4-batteries\/\">Akumulatory LiFePO4 o pojemno\u015bci 200+Ah<\/a><\/li>\n<li class=\"cat-item cat-item-235\"><a href=\"https:\/\/electricstore.eu\/pl\/c\/batteries\/lifepo4-batteries\/lifepo4-battery-cells\/\">Ogniwa baterii LiFePO4<\/a><\/li>\n\t<\/ul>\n<\/li>\n<li class=\"cat-item cat-item-515\"><a href=\"https:\/\/electricstore.eu\/pl\/c\/batteries\/portable-power-stations\/\">Przeno\u015bne elektrownie<\/a><\/li>\n<\/ul>\n<\/li>\n<li class=\"cat-item cat-item-230 cat-parent\"><a href=\"https:\/\/electricstore.eu\/pl\/c\/bikes\/\">Rowery elektryczne<\/a><ul class='children'>\n<li class=\"cat-item cat-item-312\"><a href=\"https:\/\/electricstore.eu\/pl\/c\/bikes\/electric-children-bikes\/\">Rowery elektryczne dla dzieci<\/a><\/li>\n<li class=\"cat-item cat-item-298\"><a href=\"https:\/\/electricstore.eu\/pl\/c\/bikes\/electric-city-bikes\/\">Rowery miejskie elektryczne<\/a><\/li>\n<li class=\"cat-item cat-item-300\"><a href=\"https:\/\/electricstore.eu\/pl\/c\/bikes\/electric-fat-bikes\/\">Elektryczne fat bikes<\/a><\/li>\n<li class=\"cat-item cat-item-296\"><a href=\"https:\/\/electricstore.eu\/pl\/c\/bikes\/folding-bikes\/\">Rowery sk\u0142adane elektryczne<\/a><\/li>\n<li class=\"cat-item cat-item-299\"><a href=\"https:\/\/electricstore.eu\/pl\/c\/bikes\/electric-mountain-bikes\/\">Rowery g\u00f3rskie elektryczne<\/a><\/li>\n<li class=\"cat-item cat-item-470\"><a href=\"https:\/\/electricstore.eu\/pl\/c\/bikes\/electric-pedal-motorcycle\/\">Elektryczny motocykl na peda\u0142y<\/a><\/li>\n<\/ul>\n<\/li>\n<li class=\"cat-item cat-item-301\"><a href=\"https:\/\/electricstore.eu\/pl\/c\/electric-mobility-scooters\/\">Skutery elektryczne<\/a><\/li>\n<li class=\"cat-item cat-item-232 cat-parent\"><a href=\"https:\/\/electricstore.eu\/pl\/c\/motorbikes\/\">Motocykle elektryczne<\/a><ul class='children'>\n<li class=\"cat-item cat-item-313\"><a href=\"https:\/\/electricstore.eu\/pl\/c\/motorbikes\/electric-children-motorbikes\/\">Elektryczne motocykle dzieci\u0119ce<\/a><\/li>\n<li class=\"cat-item cat-item-231\"><a href=\"https:\/\/electricstore.eu\/pl\/c\/motorbikes\/electric-dirt-bikes\/\">Elektryczne motocykle terenowe<\/a><\/li>\n<li class=\"cat-item cat-item-311\"><a href=\"https:\/\/electricstore.eu\/pl\/c\/motorbikes\/electric-minibikes\/\">Minibike elektryczne<\/a><\/li>\n<\/ul>\n<\/li>\n<li class=\"cat-item cat-item-239 cat-parent\"><a href=\"https:\/\/electricstore.eu\/pl\/c\/p\/\">Cz\u0119\u015bci elektryczne<\/a><ul class='children'>\n<li class=\"cat-item cat-item-532\"><a href=\"https:\/\/electricstore.eu\/pl\/c\/p\/displays\/\">E-bike Screens and Displays<\/a><\/li>\n<li class=\"cat-item cat-item-529 cat-parent\"><a href=\"https:\/\/electricstore.eu\/pl\/c\/p\/ebike-batteries\/\">Akumulatory do rower\u00f3w elektrycznych<\/a>\t<ul class='children'>\n<li class=\"cat-item cat-item-533\"><a href=\"https:\/\/electricstore.eu\/pl\/c\/p\/ebike-batteries\/downtube-e-bike-batteries\/\">Akumulatory do rower\u00f3w elektrycznych Downtube<\/a><\/li>\n<li class=\"cat-item cat-item-534\"><a href=\"https:\/\/electricstore.eu\/pl\/c\/p\/ebike-batteries\/rear-rack-e-bike-batteries\/\">Akumulatory tylnego baga\u017cnika do rower\u00f3w elektrycznych<\/a><\/li>\n\t<\/ul>\n<\/li>\n<li class=\"cat-item cat-item-242 cat-parent\"><a href=\"https:\/\/electricstore.eu\/pl\/c\/p\/kits\/\">Zestawy do konwersji elektrycznej<\/a>\t<ul class='children'>\n<li class=\"cat-item cat-item-539\"><a href=\"https:\/\/electricstore.eu\/pl\/c\/p\/kits\/1000w-electric-bike-conversion-kit\/\">1000W Electric Bike Conversion Kit<\/a><\/li>\n<li class=\"cat-item cat-item-535\"><a href=\"https:\/\/electricstore.eu\/pl\/c\/p\/kits\/250w-electric-bike-conversion-kit\/\">250W Electric Bike Conversion Kit<\/a><\/li>\n<li class=\"cat-item cat-item-536\"><a href=\"https:\/\/electricstore.eu\/pl\/c\/p\/kits\/350w-electric-bike-conversion-kit\/\">350W Electric Bike Conversion Kit<\/a><\/li>\n<li class=\"cat-item cat-item-537\"><a href=\"https:\/\/electricstore.eu\/pl\/c\/p\/kits\/500w-electric-bike-conversion-kit\/\">500W Electric Bike Conversion Kit<\/a><\/li>\n<li class=\"cat-item cat-item-538\"><a href=\"https:\/\/electricstore.eu\/pl\/c\/p\/kits\/750w-electric-bike-conversion-kit\/\">750W Electric Bike Conversion Kit<\/a><\/li>\n<li class=\"cat-item cat-item-528\"><a href=\"https:\/\/electricstore.eu\/pl\/c\/p\/kits\/electric-hub-motor-kits\/\">Zestawy silnik\u00f3w elektrycznych w pia\u015bcie<\/a><\/li>\n<li class=\"cat-item cat-item-530\"><a href=\"https:\/\/electricstore.eu\/pl\/c\/p\/kits\/electric-mid-drive-motor-kits\/\">Zestawy silnik\u00f3w elektrycznych z nap\u0119dem \u015brodkowym<\/a><\/li>\n\t<\/ul>\n<\/li>\n<li class=\"cat-item cat-item-241\"><a href=\"https:\/\/electricstore.eu\/pl\/c\/p\/motors\/\">Silniki elektryczne<\/a><\/li>\n<li class=\"cat-item cat-item-524\"><a href=\"https:\/\/electricstore.eu\/pl\/c\/p\/wheels\/\">Ko\u0142a<\/a><\/li>\n<\/ul>\n<\/li>\n<li class=\"cat-item cat-item-518 cat-parent\"><a href=\"https:\/\/electricstore.eu\/pl\/c\/rc\/\">Elektryczne zabawki zdalnie sterowane<\/a><ul class='children'>\n<li class=\"cat-item cat-item-520\"><a href=\"https:\/\/electricstore.eu\/pl\/c\/rc\/rc-boats\/\">RC Boats<\/a><\/li>\n<li class=\"cat-item cat-item-519\"><a href=\"https:\/\/electricstore.eu\/pl\/c\/rc\/rc-cars\/\">Samochody zdalnie sterowane<\/a><\/li>\n<li class=\"cat-item cat-item-521\"><a href=\"https:\/\/electricstore.eu\/pl\/c\/rc\/rc-flying\/\">RC Flying<\/a><\/li>\n<\/ul>\n<\/li>\n<li class=\"cat-item cat-item-297 cat-parent\"><a href=\"https:\/\/electricstore.eu\/pl\/c\/scooters\/\">Skutery elektryczne<\/a><ul class='children'>\n<li class=\"cat-item cat-item-302\"><a href=\"https:\/\/electricstore.eu\/pl\/c\/scooters\/electric-children-scooters\/\">Elektryczne hulajnogi dla dzieci<\/a><\/li>\n<li class=\"cat-item cat-item-469\"><a href=\"https:\/\/electricstore.eu\/pl\/c\/scooters\/electric-city-scooters\/\">Elektryczne skutery miejskie<\/a><\/li>\n<li class=\"cat-item cat-item-468\"><a href=\"https:\/\/electricstore.eu\/pl\/c\/scooters\/electric-off-road-scooter\/\">Elektryczny skuter terenowy<\/a><\/li>\n<li class=\"cat-item cat-item-471\"><a href=\"https:\/\/electricstore.eu\/pl\/c\/scooters\/electric-scooters-with-seat\/\">Skutery elektryczne z siedziskiem<\/a><\/li>\n<\/ul>\n<\/li>\n<li class=\"cat-item cat-item-15 cat-parent\"><a href=\"https:\/\/electricstore.eu\/pl\/c\/o\/\">Inne produkty<\/a><ul class='children'>\n<li class=\"cat-item cat-item-523\"><a href=\"https:\/\/electricstore.eu\/pl\/c\/o\/bike-trailers-and-wagons\/\">Przyczepy rowerowe i wagony<\/a><\/li>\n<li class=\"cat-item cat-item-517\"><a href=\"https:\/\/electricstore.eu\/pl\/c\/o\/electric-lifting-hoists\/\">Podno\u015bniki elektryczne<\/a><\/li>\n<li class=\"cat-item cat-item-522\"><a href=\"https:\/\/electricstore.eu\/pl\/c\/o\/electric-winches\/\">Wyci\u0105garki elektryczne<\/a><\/li>\n<\/ul>\n<\/li>\n<\/ul><\/div>\t\t<\/div>","protected":false},"excerpt":{"rendered":"Kategorie produkt\u00f3wAccessories Helmets Batteries &amp; Charging Battery Cells Battery Chargers Foldable Solar Panels Jump Starter\/Compressor Power Banks LiFePO4 Batteries -100Ah LiFePO4 batteries 100-200Ah LiFePO4 batteries 200+Ah LiFePO4 batteries LiFePO4 battery","protected":false},"author":1,"featured_media":0,"parent":0,"menu_order":0,"comment_status":"closed","ping_status":"closed","template":"","meta":{"_acf_changed":false,"footnotes":""},"class_list":["post-2844","page","type-page","status-publish","hentry"],"acf":[],"_links":{"self":[{"href":"https:\/\/electricstore.eu\/pl\/wp-json\/wp\/v2\/pages\/2844","targetHints":{"allow":["GET"]}}],"collection":[{"href":"https:\/\/electricstore.eu\/pl\/wp-json\/wp\/v2\/pages"}],"about":[{"href":"https:\/\/electricstore.eu\/pl\/wp-json\/wp\/v2\/types\/page"}],"author":[{"embeddable":true,"href":"https:\/\/electricstore.eu\/pl\/wp-json\/wp\/v2\/users\/1"}],"replies":[{"embeddable":true,"href":"https:\/\/electricstore.eu\/pl\/wp-json\/wp\/v2\/comments?post=2844"}],"version-history":[{"count":0,"href":"https:\/\/electricstore.eu\/pl\/wp-json\/wp\/v2\/pages\/2844\/revisions"}],"wp:attachment":[{"href":"https:\/\/electricstore.eu\/pl\/wp-json\/wp\/v2\/media?parent=2844"}],"curies":[{"name":"wp","href":"https:\/\/api.w.org\/{rel}","templated":true}]}}